{"id":281132,"date":"2025-02-20T00:00:00","date_gmt":"2025-02-19T23:00:00","guid":{"rendered":"https:\/\/wpguerssen-test.odoo.rgbconsulting.com\/product\/rainy-day-beer\/"},"modified":"2025-04-29T13:37:21","modified_gmt":"2025-04-29T11:37:21","slug":"rainy-day-beer","status":"publish","type":"product","link":"https:\/\/wpguerssen-test.odoo.rgbconsulting.com\/es\/producto\/rainy-day-beer\/","title":{"rendered":"Rainy Day (Beer)"},"content":{"rendered":"<p>Rainy Day fue un \u00e1lbum lanzado en 1984 por el sello indie Enigma, ahora desaparecido. Consist\u00eda en versiones de canciones interpretadas por varios m\u00fasicos de la llamada escena \u00abPaisley Underground\u00bb de California. Este colectivo informal fue formado por David Roback, que entonces era miembro de Rain Parade y m\u00e1s tarde de Opal y Mazzy Star. Otros participantes fueron los compa\u00f1eros de Roback en Rain Parade (su hermano Stephen Roback, Matthew Piucci, Will Glenn) y miembros de los entonces poco conocidos Bangles (Susanna Hoffs y Vicki Peterson), Dream Syndicate (Kendra Smith, Dennis Duck, Karl Precoda) y Three O&#8217;Clock (Michael Quercio).<br \/>Las canciones que se eligieron indicaban las influencias que generalmente compart\u00edan las bandas de esa escena; no solo hay una versi\u00f3n de una canci\u00f3n de Velvet Underground, sino tambi\u00e9n una de Big Star y dos de Buffalo Springfield, que resultan ser composiciones de Neil Young. Otras selecciones son canciones populares antiguas que se recuerdan mejor como grabaciones de los Byrds y los Beach Boys. Hendrix y The Who tambi\u00e9n figuran en la lista.<\/p>\n","protected":false},"excerpt":{"rendered":"<p>Rainy Day fue un \u00e1lbum lanzado en 1984 por el sello indie Enigma, ahora desaparecido. Consist\u00eda en versiones de canciones interpretadas por varios m\u00fasicos de la<a class=\"read\" href=\"https:\/\/wpguerssen-test.odoo.rgbconsulting.com\/es\/producto\/rainy-day-beer\/\"> (...)<\/a>","protected":false},"featured_media":281108,"template":"","meta":{"_acf_changed":false},"product_brand":[],"product_cat":[24508,23217],"product_tag":[29140,24189],"class_list":{"0":"post-281132","1":"product","2":"type-product","3":"status-publish","4":"has-post-thumbnail","6":"product_cat-uncategorized","7":"product_cat-folk-rock-80s-90s-es","8":"product_tag-color-vinyl-es","9":"product_tag-recien-llegadas","10":"pa_artist-rainy-day","11":"pa_format-lp-es","12":"pa_gender-folk-rock-80s-90s","13":"pa_label-klimt","14":"pa_location-north-america-es","15":"pa_other-filters-vinyl-only-es","17":"first","18":"instock","19":"taxable","20":"shipping-taxable","21":"purchasable","22":"product-type-simple"},"acf":[],"yoast_head":"<!-- This site is optimized with the Yoast SEO plugin v24.9 - https:\/\/yoast.com\/wordpress\/plugins\/seo\/ -->\n<title>RAINY DAY - Rainy Day (Beer) -  (LP) | Guerssen<\/title>\n<meta name=\"description\" content=\"Rainy Day was an album released in 1984 on the now-defunct indie label Enigma. It consisted of cover songs performed by various musicians from California&#039;s so-called &quot;Paisley Underground&quot; scene. This loose collective was assembled by David Roback, who was then a member of Rain Parade and later of Opal and Mazzy Star. Other participants included Roback&#039;s Rain Parade mates (brother Stephen Roback, Matthew Piucci, Will Glenn) and members of the then-little-known Bangles (Susanna Hoffs and Vicki Peterson), the Dream Syndicate (Kendra Smith, Dennis Duck, Karl Precoda), and the Three O&#039;Clock (Michael Quercio).The songs that were chosen indicated the influences that were generally shared by bands from that scene; not only is a Velvet Underground song covered, but also one by Big Star, and two by the Buffalo Springfield which both happen to be Neil Young compositions. Some other selections are old folk songs which are best remembered as Byrds and Beach Boys recordings. Hendrix and the Who also made the list.\" \/>\n<meta name=\"robots\" content=\"index, follow, max-snippet:-1, max-image-preview:large, max-video-preview:-1\" \/>\n<link rel=\"canonical\" href=\"https:\/\/wpguerssen-test.odoo.rgbconsulting.com\/es\/producto\/rainy-day-beer\/\" \/>\n<meta property=\"og:locale\" content=\"es_ES\" \/>\n<meta property=\"og:type\" content=\"article\" \/>\n<meta property=\"og:title\" content=\"RAINY DAY - Rainy Day (Beer) -  (LP) | Guerssen\" \/>\n<meta property=\"og:description\" content=\"Rainy Day was an album released in 1984 on the now-defunct indie label Enigma. It consisted of cover songs performed by various musicians from California&#039;s so-called &quot;Paisley Underground&quot; scene. This loose collective was assembled by David Roback, who was then a member of Rain Parade and later of Opal and Mazzy Star. Other participants included Roback&#039;s Rain Parade mates (brother Stephen Roback, Matthew Piucci, Will Glenn) and members of the then-little-known Bangles (Susanna Hoffs and Vicki Peterson), the Dream Syndicate (Kendra Smith, Dennis Duck, Karl Precoda), and the Three O&#039;Clock (Michael Quercio).The songs that were chosen indicated the influences that were generally shared by bands from that scene; not only is a Velvet Underground song covered, but also one by Big Star, and two by the Buffalo Springfield which both happen to be Neil Young compositions. Some other selections are old folk songs which are best remembered as Byrds and Beach Boys recordings. Hendrix and the Who also made the list.\" \/>\n<meta property=\"og:url\" content=\"https:\/\/wpguerssen-test.odoo.rgbconsulting.com\/es\/producto\/rainy-day-beer\/\" \/>\n<meta property=\"og:site_name\" content=\"Guerssen records\" \/>\n<meta property=\"article:modified_time\" content=\"2025-04-29T11:37:21+00:00\" \/>\n<meta property=\"og:image\" content=\"https:\/\/wpguerssen-test.odoo.rgbconsulting.com\/wp-content\/uploads\/2025\/01\/49549.jpg\" \/>\n\t<meta property=\"og:image:width\" content=\"945\" \/>\n\t<meta property=\"og:image:height\" content=\"945\" \/>\n\t<meta property=\"og:image:type\" content=\"image\/jpeg\" \/>\n<meta name=\"twitter:card\" content=\"summary_large_image\" \/>\n<meta name=\"twitter:title\" content=\"RAINY DAY - Rainy Day (Beer) -  (LP) | Guerssen\" \/>\n<meta name=\"twitter:label1\" content=\"Tiempo de lectura\" \/>\n\t<meta name=\"twitter:data1\" content=\"1 minuto\" \/>\n<script type=\"application\/ld+json\" class=\"yoast-schema-graph\">{\"@context\":\"https:\/\/schema.org\",\"@graph\":[{\"@type\":\"WebPage\",\"@id\":\"https:\/\/wpguerssen-test.odoo.rgbconsulting.com\/es\/producto\/rainy-day-beer\/\",\"url\":\"https:\/\/wpguerssen-test.odoo.rgbconsulting.com\/es\/producto\/rainy-day-beer\/\",\"name\":\"RAINY DAY - Rainy Day (Beer) - (LP) | Guerssen\",\"isPartOf\":{\"@id\":\"https:\/\/wpguerssen-test.odoo.rgbconsulting.com\/es\/#website\"},\"primaryImageOfPage\":{\"@id\":\"https:\/\/wpguerssen-test.odoo.rgbconsulting.com\/es\/producto\/rainy-day-beer\/#primaryimage\"},\"image\":{\"@id\":\"https:\/\/wpguerssen-test.odoo.rgbconsulting.com\/es\/producto\/rainy-day-beer\/#primaryimage\"},\"thumbnailUrl\":\"https:\/\/wpguerssen-test.odoo.rgbconsulting.com\/wp-content\/uploads\/2025\/01\/49549.jpg\",\"datePublished\":\"2025-02-19T23:00:00+00:00\",\"dateModified\":\"2025-04-29T11:37:21+00:00\",\"description\":\"Rainy Day was an album released in 1984 on the now-defunct indie label Enigma. It consisted of cover songs performed by various musicians from California's so-called \\\"Paisley Underground\\\" scene. This loose collective was assembled by David Roback, who was then a member of Rain Parade and later of Opal and Mazzy Star. Other participants included Roback's Rain Parade mates (brother Stephen Roback, Matthew Piucci, Will Glenn) and members of the then-little-known Bangles (Susanna Hoffs and Vicki Peterson), the Dream Syndicate (Kendra Smith, Dennis Duck, Karl Precoda), and the Three O'Clock (Michael Quercio).The songs that were chosen indicated the influences that were generally shared by bands from that scene; not only is a Velvet Underground song covered, but also one by Big Star, and two by the Buffalo Springfield which both happen to be Neil Young compositions. Some other selections are old folk songs which are best remembered as Byrds and Beach Boys recordings. Hendrix and the Who also made the list.\",\"breadcrumb\":{\"@id\":\"https:\/\/wpguerssen-test.odoo.rgbconsulting.com\/es\/producto\/rainy-day-beer\/#breadcrumb\"},\"inLanguage\":\"es\",\"potentialAction\":[{\"@type\":\"ReadAction\",\"target\":[\"https:\/\/wpguerssen-test.odoo.rgbconsulting.com\/es\/producto\/rainy-day-beer\/\"]}]},{\"@type\":\"ImageObject\",\"inLanguage\":\"es\",\"@id\":\"https:\/\/wpguerssen-test.odoo.rgbconsulting.com\/es\/producto\/rainy-day-beer\/#primaryimage\",\"url\":\"https:\/\/wpguerssen-test.odoo.rgbconsulting.com\/wp-content\/uploads\/2025\/01\/49549.jpg\",\"contentUrl\":\"https:\/\/wpguerssen-test.odoo.rgbconsulting.com\/wp-content\/uploads\/2025\/01\/49549.jpg\",\"width\":945,\"height\":945},{\"@type\":\"BreadcrumbList\",\"@id\":\"https:\/\/wpguerssen-test.odoo.rgbconsulting.com\/es\/producto\/rainy-day-beer\/#breadcrumb\",\"itemListElement\":[{\"@type\":\"ListItem\",\"position\":1,\"name\":\"Inicio\",\"item\":\"https:\/\/wpguerssen-test.odoo.rgbconsulting.com\/es\/\"},{\"@type\":\"ListItem\",\"position\":2,\"name\":\"Shop\",\"item\":\"https:\/\/wpguerssen-test.odoo.rgbconsulting.com\/shop\/\"},{\"@type\":\"ListItem\",\"position\":3,\"name\":\"Rainy Day (Beer)\"}]},{\"@type\":\"WebSite\",\"@id\":\"https:\/\/wpguerssen-test.odoo.rgbconsulting.com\/es\/#website\",\"url\":\"https:\/\/wpguerssen-test.odoo.rgbconsulting.com\/es\/\",\"name\":\"Guerssen records\",\"description\":\"psychedelia - progressive - folk - garage \",\"publisher\":{\"@id\":\"https:\/\/wpguerssen-test.odoo.rgbconsulting.com\/es\/#organization\"},\"potentialAction\":[{\"@type\":\"SearchAction\",\"target\":{\"@type\":\"EntryPoint\",\"urlTemplate\":\"https:\/\/wpguerssen-test.odoo.rgbconsulting.com\/es\/?s={search_term_string}\"},\"query-input\":{\"@type\":\"PropertyValueSpecification\",\"valueRequired\":true,\"valueName\":\"search_term_string\"}}],\"inLanguage\":\"es\"},{\"@type\":\"Organization\",\"@id\":\"https:\/\/wpguerssen-test.odoo.rgbconsulting.com\/es\/#organization\",\"name\":\"Guerssen records\",\"url\":\"https:\/\/wpguerssen-test.odoo.rgbconsulting.com\/es\/\",\"logo\":{\"@type\":\"ImageObject\",\"inLanguage\":\"es\",\"@id\":\"https:\/\/wpguerssen-test.odoo.rgbconsulting.com\/es\/#\/schema\/logo\/image\/\",\"url\":\"https:\/\/wpguerssen-test.odoo.rgbconsulting.com\/wp-content\/uploads\/2022\/04\/Logo_Guerssen_trans_100.png\",\"contentUrl\":\"https:\/\/wpguerssen-test.odoo.rgbconsulting.com\/wp-content\/uploads\/2022\/04\/Logo_Guerssen_trans_100.png\",\"width\":122,\"height\":100,\"caption\":\"Guerssen records\"},\"image\":{\"@id\":\"https:\/\/wpguerssen-test.odoo.rgbconsulting.com\/es\/#\/schema\/logo\/image\/\"}}]}<\/script>\n<!-- \/ Yoast SEO plugin. -->","yoast_head_json":{"title":"RAINY DAY - Rainy Day (Beer) -  (LP) | Guerssen","description":"Rainy Day was an album released in 1984 on the now-defunct indie label Enigma. It consisted of cover songs performed by various musicians from California's so-called \"Paisley Underground\" scene. This loose collective was assembled by David Roback, who was then a member of Rain Parade and later of Opal and Mazzy Star. Other participants included Roback's Rain Parade mates (brother Stephen Roback, Matthew Piucci, Will Glenn) and members of the then-little-known Bangles (Susanna Hoffs and Vicki Peterson), the Dream Syndicate (Kendra Smith, Dennis Duck, Karl Precoda), and the Three O'Clock (Michael Quercio).The songs that were chosen indicated the influences that were generally shared by bands from that scene; not only is a Velvet Underground song covered, but also one by Big Star, and two by the Buffalo Springfield which both happen to be Neil Young compositions. Some other selections are old folk songs which are best remembered as Byrds and Beach Boys recordings. Hendrix and the Who also made the list.","robots":{"index":"index","follow":"follow","max-snippet":"max-snippet:-1","max-image-preview":"max-image-preview:large","max-video-preview":"max-video-preview:-1"},"canonical":"https:\/\/wpguerssen-test.odoo.rgbconsulting.com\/es\/producto\/rainy-day-beer\/","og_locale":"es_ES","og_type":"article","og_title":"RAINY DAY - Rainy Day (Beer) -  (LP) | Guerssen","og_description":"Rainy Day was an album released in 1984 on the now-defunct indie label Enigma. It consisted of cover songs performed by various musicians from California's so-called \"Paisley Underground\" scene. This loose collective was assembled by David Roback, who was then a member of Rain Parade and later of Opal and Mazzy Star. Other participants included Roback's Rain Parade mates (brother Stephen Roback, Matthew Piucci, Will Glenn) and members of the then-little-known Bangles (Susanna Hoffs and Vicki Peterson), the Dream Syndicate (Kendra Smith, Dennis Duck, Karl Precoda), and the Three O'Clock (Michael Quercio).The songs that were chosen indicated the influences that were generally shared by bands from that scene; not only is a Velvet Underground song covered, but also one by Big Star, and two by the Buffalo Springfield which both happen to be Neil Young compositions. Some other selections are old folk songs which are best remembered as Byrds and Beach Boys recordings. Hendrix and the Who also made the list.","og_url":"https:\/\/wpguerssen-test.odoo.rgbconsulting.com\/es\/producto\/rainy-day-beer\/","og_site_name":"Guerssen records","article_modified_time":"2025-04-29T11:37:21+00:00","og_image":[{"width":945,"height":945,"url":"https:\/\/wpguerssen-test.odoo.rgbconsulting.com\/wp-content\/uploads\/2025\/01\/49549.jpg","type":"image\/jpeg"}],"twitter_card":"summary_large_image","twitter_title":"RAINY DAY - Rainy Day (Beer) -  (LP) | Guerssen","twitter_misc":{"Tiempo de lectura":"1 minuto"},"schema":{"@context":"https:\/\/schema.org","@graph":[{"@type":"WebPage","@id":"https:\/\/wpguerssen-test.odoo.rgbconsulting.com\/es\/producto\/rainy-day-beer\/","url":"https:\/\/wpguerssen-test.odoo.rgbconsulting.com\/es\/producto\/rainy-day-beer\/","name":"RAINY DAY - Rainy Day (Beer) - (LP) | Guerssen","isPartOf":{"@id":"https:\/\/wpguerssen-test.odoo.rgbconsulting.com\/es\/#website"},"primaryImageOfPage":{"@id":"https:\/\/wpguerssen-test.odoo.rgbconsulting.com\/es\/producto\/rainy-day-beer\/#primaryimage"},"image":{"@id":"https:\/\/wpguerssen-test.odoo.rgbconsulting.com\/es\/producto\/rainy-day-beer\/#primaryimage"},"thumbnailUrl":"https:\/\/wpguerssen-test.odoo.rgbconsulting.com\/wp-content\/uploads\/2025\/01\/49549.jpg","datePublished":"2025-02-19T23:00:00+00:00","dateModified":"2025-04-29T11:37:21+00:00","description":"Rainy Day was an album released in 1984 on the now-defunct indie label Enigma. It consisted of cover songs performed by various musicians from California's so-called \"Paisley Underground\" scene. This loose collective was assembled by David Roback, who was then a member of Rain Parade and later of Opal and Mazzy Star. Other participants included Roback's Rain Parade mates (brother Stephen Roback, Matthew Piucci, Will Glenn) and members of the then-little-known Bangles (Susanna Hoffs and Vicki Peterson), the Dream Syndicate (Kendra Smith, Dennis Duck, Karl Precoda), and the Three O'Clock (Michael Quercio).The songs that were chosen indicated the influences that were generally shared by bands from that scene; not only is a Velvet Underground song covered, but also one by Big Star, and two by the Buffalo Springfield which both happen to be Neil Young compositions. Some other selections are old folk songs which are best remembered as Byrds and Beach Boys recordings. Hendrix and the Who also made the list.","breadcrumb":{"@id":"https:\/\/wpguerssen-test.odoo.rgbconsulting.com\/es\/producto\/rainy-day-beer\/#breadcrumb"},"inLanguage":"es","potentialAction":[{"@type":"ReadAction","target":["https:\/\/wpguerssen-test.odoo.rgbconsulting.com\/es\/producto\/rainy-day-beer\/"]}]},{"@type":"ImageObject","inLanguage":"es","@id":"https:\/\/wpguerssen-test.odoo.rgbconsulting.com\/es\/producto\/rainy-day-beer\/#primaryimage","url":"https:\/\/wpguerssen-test.odoo.rgbconsulting.com\/wp-content\/uploads\/2025\/01\/49549.jpg","contentUrl":"https:\/\/wpguerssen-test.odoo.rgbconsulting.com\/wp-content\/uploads\/2025\/01\/49549.jpg","width":945,"height":945},{"@type":"BreadcrumbList","@id":"https:\/\/wpguerssen-test.odoo.rgbconsulting.com\/es\/producto\/rainy-day-beer\/#breadcrumb","itemListElement":[{"@type":"ListItem","position":1,"name":"Inicio","item":"https:\/\/wpguerssen-test.odoo.rgbconsulting.com\/es\/"},{"@type":"ListItem","position":2,"name":"Shop","item":"https:\/\/wpguerssen-test.odoo.rgbconsulting.com\/shop\/"},{"@type":"ListItem","position":3,"name":"Rainy Day (Beer)"}]},{"@type":"WebSite","@id":"https:\/\/wpguerssen-test.odoo.rgbconsulting.com\/es\/#website","url":"https:\/\/wpguerssen-test.odoo.rgbconsulting.com\/es\/","name":"Guerssen records","description":"psychedelia - progressive - folk - garage ","publisher":{"@id":"https:\/\/wpguerssen-test.odoo.rgbconsulting.com\/es\/#organization"},"potentialAction":[{"@type":"SearchAction","target":{"@type":"EntryPoint","urlTemplate":"https:\/\/wpguerssen-test.odoo.rgbconsulting.com\/es\/?s={search_term_string}"},"query-input":{"@type":"PropertyValueSpecification","valueRequired":true,"valueName":"search_term_string"}}],"inLanguage":"es"},{"@type":"Organization","@id":"https:\/\/wpguerssen-test.odoo.rgbconsulting.com\/es\/#organization","name":"Guerssen records","url":"https:\/\/wpguerssen-test.odoo.rgbconsulting.com\/es\/","logo":{"@type":"ImageObject","inLanguage":"es","@id":"https:\/\/wpguerssen-test.odoo.rgbconsulting.com\/es\/#\/schema\/logo\/image\/","url":"https:\/\/wpguerssen-test.odoo.rgbconsulting.com\/wp-content\/uploads\/2022\/04\/Logo_Guerssen_trans_100.png","contentUrl":"https:\/\/wpguerssen-test.odoo.rgbconsulting.com\/wp-content\/uploads\/2022\/04\/Logo_Guerssen_trans_100.png","width":122,"height":100,"caption":"Guerssen records"},"image":{"@id":"https:\/\/wpguerssen-test.odoo.rgbconsulting.com\/es\/#\/schema\/logo\/image\/"}}]}},"_links":{"self":[{"href":"https:\/\/wpguerssen-test.odoo.rgbconsulting.com\/es\/wp-json\/wp\/v2\/product\/281132","targetHints":{"allow":["GET"]}}],"collection":[{"href":"https:\/\/wpguerssen-test.odoo.rgbconsulting.com\/es\/wp-json\/wp\/v2\/product"}],"about":[{"href":"https:\/\/wpguerssen-test.odoo.rgbconsulting.com\/es\/wp-json\/wp\/v2\/types\/product"}],"wp:featuredmedia":[{"embeddable":true,"href":"https:\/\/wpguerssen-test.odoo.rgbconsulting.com\/es\/wp-json\/wp\/v2\/media\/281108"}],"wp:attachment":[{"href":"https:\/\/wpguerssen-test.odoo.rgbconsulting.com\/es\/wp-json\/wp\/v2\/media?parent=281132"}],"wp:term":[{"taxonomy":"product_brand","embeddable":true,"href":"https:\/\/wpguerssen-test.odoo.rgbconsulting.com\/es\/wp-json\/wp\/v2\/product_brand?post=281132"},{"taxonomy":"product_cat","embeddable":true,"href":"https:\/\/wpguerssen-test.odoo.rgbconsulting.com\/es\/wp-json\/wp\/v2\/product_cat?post=281132"},{"taxonomy":"product_tag","embeddable":true,"href":"https:\/\/wpguerssen-test.odoo.rgbconsulting.com\/es\/wp-json\/wp\/v2\/product_tag?post=281132"}],"curies":[{"name":"wp","href":"https:\/\/api.w.org\/{rel}","templated":true}]}}