{"id":281133,"date":"2025-02-20T00:00:00","date_gmt":"2025-02-19T23:00:00","guid":{"rendered":"https:\/\/wpguerssen-test.odoo.rgbconsulting.com\/product\/crazy-world-of-arthur-brown-pink\/"},"modified":"2025-04-29T13:37:25","modified_gmt":"2025-04-29T11:37:25","slug":"crazy-world-of-arthur-brown-pink","status":"publish","type":"product","link":"https:\/\/wpguerssen-test.odoo.rgbconsulting.com\/es\/producto\/crazy-world-of-arthur-brown-pink\/","title":{"rendered":"Crazy World Of Arthur Brown (Pink)"},"content":{"rendered":"<p>The Crazy World of Arthur Brown es el \u00e1lbum de estudio debut de la banda de rock inglesa Crazy World of Arthur Brown. Lanzado en el Reino Unido en junio de 1968 por Track Records y en los Estados Unidos en septiembre de 1968 por Atlantic, el \u00e1lbum fue un \u00e9xito internacional, impulsado por el sencillo de \u00e9xito transatl\u00e1ntico \u00abFire\u00bb. Fue el \u00fanico \u00e1lbum lanzado durante la encarnaci\u00f3n original de Crazy World.<br \/>Un \u00e1lbum de soul psicod\u00e9lico, su estilo est\u00e1 definido por la voz teatral de amplio alcance del l\u00edder Arthur Brown y las letras m\u00edsticas, con la primera cara del LP original que comprende un ciclo de canciones conceptuales conocido como \u00abthe Fire Suite\u00bb. El sonido del \u00e1lbum y la actuaci\u00f3n de Brown en el escenario influyeron en m\u00fasicos posteriores como David Bowie, Peter Gabriel, Alice Cooper e incluso George Clinton.<\/p>\n","protected":false},"excerpt":{"rendered":"<p>The Crazy World of Arthur Brown es el \u00e1lbum de estudio debut de la banda de rock inglesa Crazy World of Arthur Brown. Lanzado en el Reino Unido en junio de 1968 por<a class=\"read\" href=\"https:\/\/wpguerssen-test.odoo.rgbconsulting.com\/es\/producto\/crazy-world-of-arthur-brown-pink\/\"> (...)<\/a>","protected":false},"featured_media":281111,"template":"","meta":{"_acf_changed":false},"product_brand":[],"product_cat":[21639,21649],"product_tag":[29140,24189],"class_list":{"0":"post-281133","1":"product","2":"type-product","3":"status-publish","4":"has-post-thumbnail","6":"product_cat-psychedelic60s-70s-es","7":"product_cat-soul-rnb-es","8":"product_tag-color-vinyl-es","9":"product_tag-recien-llegadas","10":"pa_artist-crazy-world-of-arthur-brown","11":"pa_format-lp-es","12":"pa_gender-psychedelic60s-70s-soul-rnb","13":"pa_label-klimt","14":"pa_location-uk-ireland-es","15":"pa_other-filters-vinyl-only-es","17":"first","18":"instock","19":"taxable","20":"shipping-taxable","21":"purchasable","22":"product-type-simple"},"acf":[],"yoast_head":"<!-- This site is optimized with the Yoast SEO plugin v24.9 - https:\/\/yoast.com\/wordpress\/plugins\/seo\/ -->\n<title>CRAZY WORLD OF ARTHUR BROWN - Crazy World Of Arthur Brown (Pink) -  (LP) | Guerssen<\/title>\n<meta name=\"description\" content=\"The Crazy World of Arthur Brown is the debut studio album by the English rock band the Crazy World of Arthur Brown. Released in the United Kingdom in June 1968 by Track Records and in the United States in September 1968 through Atlantic, the album was an international success, propelled by the transatlantic hit single &quot;Fire&quot;. It was the only album released during the Crazy World&#039;s original incarnation.A psychedelic soul album, its style is defined by frontman Arthur Brown&#039;s wide-ranging theatrical vocals and mystical lyrics, with the first side of the original LP comprising a conceptual song cycle known as &quot;the Fire Suite&quot;. The album&#039;s sound and Brown&#039;s stage act influenced subsequent musicians such as David Bowie, Peter Gabriel, Alice Cooper, and even George Clinton.\" \/>\n<meta name=\"robots\" content=\"index, follow, max-snippet:-1, max-image-preview:large, max-video-preview:-1\" \/>\n<link rel=\"canonical\" href=\"https:\/\/wpguerssen-test.odoo.rgbconsulting.com\/es\/producto\/crazy-world-of-arthur-brown-pink\/\" \/>\n<meta property=\"og:locale\" content=\"es_ES\" \/>\n<meta property=\"og:type\" content=\"article\" \/>\n<meta property=\"og:title\" content=\"CRAZY WORLD OF ARTHUR BROWN - Crazy World Of Arthur Brown (Pink) -  (LP) | Guerssen\" \/>\n<meta property=\"og:description\" content=\"The Crazy World of Arthur Brown is the debut studio album by the English rock band the Crazy World of Arthur Brown. Released in the United Kingdom in June 1968 by Track Records and in the United States in September 1968 through Atlantic, the album was an international success, propelled by the transatlantic hit single &quot;Fire&quot;. It was the only album released during the Crazy World&#039;s original incarnation.A psychedelic soul album, its style is defined by frontman Arthur Brown&#039;s wide-ranging theatrical vocals and mystical lyrics, with the first side of the original LP comprising a conceptual song cycle known as &quot;the Fire Suite&quot;. The album&#039;s sound and Brown&#039;s stage act influenced subsequent musicians such as David Bowie, Peter Gabriel, Alice Cooper, and even George Clinton.\" \/>\n<meta property=\"og:url\" content=\"https:\/\/wpguerssen-test.odoo.rgbconsulting.com\/es\/producto\/crazy-world-of-arthur-brown-pink\/\" \/>\n<meta property=\"og:site_name\" content=\"Guerssen records\" \/>\n<meta property=\"article:modified_time\" content=\"2025-04-29T11:37:25+00:00\" \/>\n<meta property=\"og:image\" content=\"https:\/\/wpguerssen-test.odoo.rgbconsulting.com\/wp-content\/uploads\/2025\/01\/49550.jpg\" \/>\n\t<meta property=\"og:image:width\" content=\"945\" \/>\n\t<meta property=\"og:image:height\" content=\"945\" \/>\n\t<meta property=\"og:image:type\" content=\"image\/jpeg\" \/>\n<meta name=\"twitter:card\" content=\"summary_large_image\" \/>\n<meta name=\"twitter:title\" content=\"CRAZY WORLD OF ARTHUR BROWN - Crazy World Of Arthur Brown (Pink) -  (LP) | Guerssen\" \/>\n<meta name=\"twitter:label1\" content=\"Tiempo de lectura\" \/>\n\t<meta name=\"twitter:data1\" content=\"1 minuto\" \/>\n<script type=\"application\/ld+json\" class=\"yoast-schema-graph\">{\"@context\":\"https:\/\/schema.org\",\"@graph\":[{\"@type\":\"WebPage\",\"@id\":\"https:\/\/wpguerssen-test.odoo.rgbconsulting.com\/es\/producto\/crazy-world-of-arthur-brown-pink\/\",\"url\":\"https:\/\/wpguerssen-test.odoo.rgbconsulting.com\/es\/producto\/crazy-world-of-arthur-brown-pink\/\",\"name\":\"CRAZY WORLD OF ARTHUR BROWN - Crazy World Of Arthur Brown (Pink) - (LP) | Guerssen\",\"isPartOf\":{\"@id\":\"https:\/\/wpguerssen-test.odoo.rgbconsulting.com\/es\/#website\"},\"primaryImageOfPage\":{\"@id\":\"https:\/\/wpguerssen-test.odoo.rgbconsulting.com\/es\/producto\/crazy-world-of-arthur-brown-pink\/#primaryimage\"},\"image\":{\"@id\":\"https:\/\/wpguerssen-test.odoo.rgbconsulting.com\/es\/producto\/crazy-world-of-arthur-brown-pink\/#primaryimage\"},\"thumbnailUrl\":\"https:\/\/wpguerssen-test.odoo.rgbconsulting.com\/wp-content\/uploads\/2025\/01\/49550.jpg\",\"datePublished\":\"2025-02-19T23:00:00+00:00\",\"dateModified\":\"2025-04-29T11:37:25+00:00\",\"description\":\"The Crazy World of Arthur Brown is the debut studio album by the English rock band the Crazy World of Arthur Brown. Released in the United Kingdom in June 1968 by Track Records and in the United States in September 1968 through Atlantic, the album was an international success, propelled by the transatlantic hit single \\\"Fire\\\". It was the only album released during the Crazy World's original incarnation.A psychedelic soul album, its style is defined by frontman Arthur Brown's wide-ranging theatrical vocals and mystical lyrics, with the first side of the original LP comprising a conceptual song cycle known as \\\"the Fire Suite\\\". The album's sound and Brown's stage act influenced subsequent musicians such as David Bowie, Peter Gabriel, Alice Cooper, and even George Clinton.\",\"breadcrumb\":{\"@id\":\"https:\/\/wpguerssen-test.odoo.rgbconsulting.com\/es\/producto\/crazy-world-of-arthur-brown-pink\/#breadcrumb\"},\"inLanguage\":\"es\",\"potentialAction\":[{\"@type\":\"ReadAction\",\"target\":[\"https:\/\/wpguerssen-test.odoo.rgbconsulting.com\/es\/producto\/crazy-world-of-arthur-brown-pink\/\"]}]},{\"@type\":\"ImageObject\",\"inLanguage\":\"es\",\"@id\":\"https:\/\/wpguerssen-test.odoo.rgbconsulting.com\/es\/producto\/crazy-world-of-arthur-brown-pink\/#primaryimage\",\"url\":\"https:\/\/wpguerssen-test.odoo.rgbconsulting.com\/wp-content\/uploads\/2025\/01\/49550.jpg\",\"contentUrl\":\"https:\/\/wpguerssen-test.odoo.rgbconsulting.com\/wp-content\/uploads\/2025\/01\/49550.jpg\",\"width\":945,\"height\":945},{\"@type\":\"BreadcrumbList\",\"@id\":\"https:\/\/wpguerssen-test.odoo.rgbconsulting.com\/es\/producto\/crazy-world-of-arthur-brown-pink\/#breadcrumb\",\"itemListElement\":[{\"@type\":\"ListItem\",\"position\":1,\"name\":\"Inicio\",\"item\":\"https:\/\/wpguerssen-test.odoo.rgbconsulting.com\/es\/\"},{\"@type\":\"ListItem\",\"position\":2,\"name\":\"Shop\",\"item\":\"https:\/\/wpguerssen-test.odoo.rgbconsulting.com\/shop\/\"},{\"@type\":\"ListItem\",\"position\":3,\"name\":\"Crazy World Of Arthur Brown (Pink)\"}]},{\"@type\":\"WebSite\",\"@id\":\"https:\/\/wpguerssen-test.odoo.rgbconsulting.com\/es\/#website\",\"url\":\"https:\/\/wpguerssen-test.odoo.rgbconsulting.com\/es\/\",\"name\":\"Guerssen records\",\"description\":\"psychedelia - progressive - folk - garage \",\"publisher\":{\"@id\":\"https:\/\/wpguerssen-test.odoo.rgbconsulting.com\/es\/#organization\"},\"potentialAction\":[{\"@type\":\"SearchAction\",\"target\":{\"@type\":\"EntryPoint\",\"urlTemplate\":\"https:\/\/wpguerssen-test.odoo.rgbconsulting.com\/es\/?s={search_term_string}\"},\"query-input\":{\"@type\":\"PropertyValueSpecification\",\"valueRequired\":true,\"valueName\":\"search_term_string\"}}],\"inLanguage\":\"es\"},{\"@type\":\"Organization\",\"@id\":\"https:\/\/wpguerssen-test.odoo.rgbconsulting.com\/es\/#organization\",\"name\":\"Guerssen records\",\"url\":\"https:\/\/wpguerssen-test.odoo.rgbconsulting.com\/es\/\",\"logo\":{\"@type\":\"ImageObject\",\"inLanguage\":\"es\",\"@id\":\"https:\/\/wpguerssen-test.odoo.rgbconsulting.com\/es\/#\/schema\/logo\/image\/\",\"url\":\"https:\/\/wpguerssen-test.odoo.rgbconsulting.com\/wp-content\/uploads\/2022\/04\/Logo_Guerssen_trans_100.png\",\"contentUrl\":\"https:\/\/wpguerssen-test.odoo.rgbconsulting.com\/wp-content\/uploads\/2022\/04\/Logo_Guerssen_trans_100.png\",\"width\":122,\"height\":100,\"caption\":\"Guerssen records\"},\"image\":{\"@id\":\"https:\/\/wpguerssen-test.odoo.rgbconsulting.com\/es\/#\/schema\/logo\/image\/\"}}]}<\/script>\n<!-- \/ Yoast SEO plugin. -->","yoast_head_json":{"title":"CRAZY WORLD OF ARTHUR BROWN - Crazy World Of Arthur Brown (Pink) -  (LP) | Guerssen","description":"The Crazy World of Arthur Brown is the debut studio album by the English rock band the Crazy World of Arthur Brown. Released in the United Kingdom in June 1968 by Track Records and in the United States in September 1968 through Atlantic, the album was an international success, propelled by the transatlantic hit single \"Fire\". It was the only album released during the Crazy World's original incarnation.A psychedelic soul album, its style is defined by frontman Arthur Brown's wide-ranging theatrical vocals and mystical lyrics, with the first side of the original LP comprising a conceptual song cycle known as \"the Fire Suite\". The album's sound and Brown's stage act influenced subsequent musicians such as David Bowie, Peter Gabriel, Alice Cooper, and even George Clinton.","robots":{"index":"index","follow":"follow","max-snippet":"max-snippet:-1","max-image-preview":"max-image-preview:large","max-video-preview":"max-video-preview:-1"},"canonical":"https:\/\/wpguerssen-test.odoo.rgbconsulting.com\/es\/producto\/crazy-world-of-arthur-brown-pink\/","og_locale":"es_ES","og_type":"article","og_title":"CRAZY WORLD OF ARTHUR BROWN - Crazy World Of Arthur Brown (Pink) -  (LP) | Guerssen","og_description":"The Crazy World of Arthur Brown is the debut studio album by the English rock band the Crazy World of Arthur Brown. Released in the United Kingdom in June 1968 by Track Records and in the United States in September 1968 through Atlantic, the album was an international success, propelled by the transatlantic hit single \"Fire\". It was the only album released during the Crazy World's original incarnation.A psychedelic soul album, its style is defined by frontman Arthur Brown's wide-ranging theatrical vocals and mystical lyrics, with the first side of the original LP comprising a conceptual song cycle known as \"the Fire Suite\". The album's sound and Brown's stage act influenced subsequent musicians such as David Bowie, Peter Gabriel, Alice Cooper, and even George Clinton.","og_url":"https:\/\/wpguerssen-test.odoo.rgbconsulting.com\/es\/producto\/crazy-world-of-arthur-brown-pink\/","og_site_name":"Guerssen records","article_modified_time":"2025-04-29T11:37:25+00:00","og_image":[{"width":945,"height":945,"url":"https:\/\/wpguerssen-test.odoo.rgbconsulting.com\/wp-content\/uploads\/2025\/01\/49550.jpg","type":"image\/jpeg"}],"twitter_card":"summary_large_image","twitter_title":"CRAZY WORLD OF ARTHUR BROWN - Crazy World Of Arthur Brown (Pink) -  (LP) | Guerssen","twitter_misc":{"Tiempo de lectura":"1 minuto"},"schema":{"@context":"https:\/\/schema.org","@graph":[{"@type":"WebPage","@id":"https:\/\/wpguerssen-test.odoo.rgbconsulting.com\/es\/producto\/crazy-world-of-arthur-brown-pink\/","url":"https:\/\/wpguerssen-test.odoo.rgbconsulting.com\/es\/producto\/crazy-world-of-arthur-brown-pink\/","name":"CRAZY WORLD OF ARTHUR BROWN - Crazy World Of Arthur Brown (Pink) - (LP) | Guerssen","isPartOf":{"@id":"https:\/\/wpguerssen-test.odoo.rgbconsulting.com\/es\/#website"},"primaryImageOfPage":{"@id":"https:\/\/wpguerssen-test.odoo.rgbconsulting.com\/es\/producto\/crazy-world-of-arthur-brown-pink\/#primaryimage"},"image":{"@id":"https:\/\/wpguerssen-test.odoo.rgbconsulting.com\/es\/producto\/crazy-world-of-arthur-brown-pink\/#primaryimage"},"thumbnailUrl":"https:\/\/wpguerssen-test.odoo.rgbconsulting.com\/wp-content\/uploads\/2025\/01\/49550.jpg","datePublished":"2025-02-19T23:00:00+00:00","dateModified":"2025-04-29T11:37:25+00:00","description":"The Crazy World of Arthur Brown is the debut studio album by the English rock band the Crazy World of Arthur Brown. Released in the United Kingdom in June 1968 by Track Records and in the United States in September 1968 through Atlantic, the album was an international success, propelled by the transatlantic hit single \"Fire\". It was the only album released during the Crazy World's original incarnation.A psychedelic soul album, its style is defined by frontman Arthur Brown's wide-ranging theatrical vocals and mystical lyrics, with the first side of the original LP comprising a conceptual song cycle known as \"the Fire Suite\". The album's sound and Brown's stage act influenced subsequent musicians such as David Bowie, Peter Gabriel, Alice Cooper, and even George Clinton.","breadcrumb":{"@id":"https:\/\/wpguerssen-test.odoo.rgbconsulting.com\/es\/producto\/crazy-world-of-arthur-brown-pink\/#breadcrumb"},"inLanguage":"es","potentialAction":[{"@type":"ReadAction","target":["https:\/\/wpguerssen-test.odoo.rgbconsulting.com\/es\/producto\/crazy-world-of-arthur-brown-pink\/"]}]},{"@type":"ImageObject","inLanguage":"es","@id":"https:\/\/wpguerssen-test.odoo.rgbconsulting.com\/es\/producto\/crazy-world-of-arthur-brown-pink\/#primaryimage","url":"https:\/\/wpguerssen-test.odoo.rgbconsulting.com\/wp-content\/uploads\/2025\/01\/49550.jpg","contentUrl":"https:\/\/wpguerssen-test.odoo.rgbconsulting.com\/wp-content\/uploads\/2025\/01\/49550.jpg","width":945,"height":945},{"@type":"BreadcrumbList","@id":"https:\/\/wpguerssen-test.odoo.rgbconsulting.com\/es\/producto\/crazy-world-of-arthur-brown-pink\/#breadcrumb","itemListElement":[{"@type":"ListItem","position":1,"name":"Inicio","item":"https:\/\/wpguerssen-test.odoo.rgbconsulting.com\/es\/"},{"@type":"ListItem","position":2,"name":"Shop","item":"https:\/\/wpguerssen-test.odoo.rgbconsulting.com\/shop\/"},{"@type":"ListItem","position":3,"name":"Crazy World Of Arthur Brown (Pink)"}]},{"@type":"WebSite","@id":"https:\/\/wpguerssen-test.odoo.rgbconsulting.com\/es\/#website","url":"https:\/\/wpguerssen-test.odoo.rgbconsulting.com\/es\/","name":"Guerssen records","description":"psychedelia - progressive - folk - garage ","publisher":{"@id":"https:\/\/wpguerssen-test.odoo.rgbconsulting.com\/es\/#organization"},"potentialAction":[{"@type":"SearchAction","target":{"@type":"EntryPoint","urlTemplate":"https:\/\/wpguerssen-test.odoo.rgbconsulting.com\/es\/?s={search_term_string}"},"query-input":{"@type":"PropertyValueSpecification","valueRequired":true,"valueName":"search_term_string"}}],"inLanguage":"es"},{"@type":"Organization","@id":"https:\/\/wpguerssen-test.odoo.rgbconsulting.com\/es\/#organization","name":"Guerssen records","url":"https:\/\/wpguerssen-test.odoo.rgbconsulting.com\/es\/","logo":{"@type":"ImageObject","inLanguage":"es","@id":"https:\/\/wpguerssen-test.odoo.rgbconsulting.com\/es\/#\/schema\/logo\/image\/","url":"https:\/\/wpguerssen-test.odoo.rgbconsulting.com\/wp-content\/uploads\/2022\/04\/Logo_Guerssen_trans_100.png","contentUrl":"https:\/\/wpguerssen-test.odoo.rgbconsulting.com\/wp-content\/uploads\/2022\/04\/Logo_Guerssen_trans_100.png","width":122,"height":100,"caption":"Guerssen records"},"image":{"@id":"https:\/\/wpguerssen-test.odoo.rgbconsulting.com\/es\/#\/schema\/logo\/image\/"}}]}},"_links":{"self":[{"href":"https:\/\/wpguerssen-test.odoo.rgbconsulting.com\/es\/wp-json\/wp\/v2\/product\/281133","targetHints":{"allow":["GET"]}}],"collection":[{"href":"https:\/\/wpguerssen-test.odoo.rgbconsulting.com\/es\/wp-json\/wp\/v2\/product"}],"about":[{"href":"https:\/\/wpguerssen-test.odoo.rgbconsulting.com\/es\/wp-json\/wp\/v2\/types\/product"}],"wp:featuredmedia":[{"embeddable":true,"href":"https:\/\/wpguerssen-test.odoo.rgbconsulting.com\/es\/wp-json\/wp\/v2\/media\/281111"}],"wp:attachment":[{"href":"https:\/\/wpguerssen-test.odoo.rgbconsulting.com\/es\/wp-json\/wp\/v2\/media?parent=281133"}],"wp:term":[{"taxonomy":"product_brand","embeddable":true,"href":"https:\/\/wpguerssen-test.odoo.rgbconsulting.com\/es\/wp-json\/wp\/v2\/product_brand?post=281133"},{"taxonomy":"product_cat","embeddable":true,"href":"https:\/\/wpguerssen-test.odoo.rgbconsulting.com\/es\/wp-json\/wp\/v2\/product_cat?post=281133"},{"taxonomy":"product_tag","embeddable":true,"href":"https:\/\/wpguerssen-test.odoo.rgbconsulting.com\/es\/wp-json\/wp\/v2\/product_tag?post=281133"}],"curies":[{"name":"wp","href":"https:\/\/api.w.org\/{rel}","templated":true}]}}