{"id":281232,"date":"2025-02-03T00:00:00","date_gmt":"2025-02-02T23:00:00","guid":{"rendered":"https:\/\/wpguerssen-test.odoo.rgbconsulting.com\/product\/1971-1972\/"},"modified":"2025-03-13T17:26:22","modified_gmt":"2025-03-13T16:26:22","slug":"1971-1972","status":"publish","type":"product","link":"https:\/\/wpguerssen-test.odoo.rgbconsulting.com\/es\/producto\/1971-1972\/","title":{"rendered":"1971-1972"},"content":{"rendered":"<p>Por primera vez en vinilo, una recopilaci\u00f3n obligatoria con rarezas y temas in\u00e9ditos, que muestra su segunda formaci\u00f3n. A finales de enero de 1971, la vocalista principal Linda Hoyle y el organista Lynton Naiff dejaron Affinity. En lugar de seguir caminos separados, los otros tres miembros reclutaron a la vocalista Vivienne McAuliffe (directora del Edwards Magic Theatre) y al ex tecladista de Tornados Dave Watts. La voz de Vivienne, que a veces recordaba a Sandy Denny, era una adicci\u00f3n natural a la nueva encarnaci\u00f3n de la banda, que se centraba en una direcci\u00f3n m\u00e1s folkl\u00f3rica.<\/p>\n","protected":false},"excerpt":{"rendered":"<p>Por primera vez en vinilo, una recopilaci\u00f3n obligatoria con rarezas y temas in\u00e9ditos, que muestra su segunda formaci\u00f3n. A finales de enero de 1971, la vocalista<a class=\"read\" href=\"https:\/\/wpguerssen-test.odoo.rgbconsulting.com\/es\/producto\/1971-1972\/\"> (...)<\/a>","protected":false},"featured_media":281301,"template":"","meta":{"_acf_changed":false},"product_brand":[],"product_cat":[23215,23229],"product_tag":[24189],"class_list":{"0":"post-281232","1":"product","2":"type-product","3":"status-publish","4":"has-post-thumbnail","6":"product_cat-progressive60s-70s-es","7":"product_cat-jazz-rock-es","8":"product_tag-recien-llegadas","9":"pa_artist-affinity","10":"pa_format-lp-es","11":"pa_gender-progressive60s-70s-jazz-rock","12":"pa_label-wiseraven","13":"pa_location-uk-ireland-es","14":"pa_other-filters-vinyl-only-es","16":"first","17":"instock","18":"taxable","19":"shipping-taxable","20":"purchasable","21":"product-type-simple"},"acf":[],"yoast_head":"<!-- This site is optimized with the Yoast SEO plugin v24.9 - https:\/\/yoast.com\/wordpress\/plugins\/seo\/ -->\n<title>AFFINITY - 1971-1972 -  (LP) | Guerssen<\/title>\n<meta name=\"description\" content=\"For the very first time on vinyl a mandatory compilation with both rarities and unreleased tracks, showcasing their second line up ! At the end of January 1971 lead vocalist Linda Hoyle and organist Lynton Naiff left Affinity, instead of going separate ways, the other three members recruited vocalist Vivienne McAuliffe (Principal Edwards Magic Theatre) and ex-Tornados keyboardist Dave Watts. Reminiscent at times of Sandy Denny, Vivienne voice was a natural addiction to the new incarnation of the band, focusing on a more folksy direction.\" \/>\n<meta name=\"robots\" content=\"index, follow, max-snippet:-1, max-image-preview:large, max-video-preview:-1\" \/>\n<link rel=\"canonical\" href=\"https:\/\/wpguerssen-test.odoo.rgbconsulting.com\/es\/producto\/1971-1972\/\" \/>\n<meta property=\"og:locale\" content=\"es_ES\" \/>\n<meta property=\"og:type\" content=\"article\" \/>\n<meta property=\"og:title\" content=\"AFFINITY - 1971-1972 -  (LP) | Guerssen\" \/>\n<meta property=\"og:description\" content=\"For the very first time on vinyl a mandatory compilation with both rarities and unreleased tracks, showcasing their second line up ! At the end of January 1971 lead vocalist Linda Hoyle and organist Lynton Naiff left Affinity, instead of going separate ways, the other three members recruited vocalist Vivienne McAuliffe (Principal Edwards Magic Theatre) and ex-Tornados keyboardist Dave Watts. Reminiscent at times of Sandy Denny, Vivienne voice was a natural addiction to the new incarnation of the band, focusing on a more folksy direction.\" \/>\n<meta property=\"og:url\" content=\"https:\/\/wpguerssen-test.odoo.rgbconsulting.com\/es\/producto\/1971-1972\/\" \/>\n<meta property=\"og:site_name\" content=\"Guerssen records\" \/>\n<meta property=\"article:modified_time\" content=\"2025-03-13T16:26:22+00:00\" \/>\n<meta property=\"og:image\" content=\"https:\/\/wpguerssen-test.odoo.rgbconsulting.com\/wp-content\/uploads\/2025\/01\/49560.jpg\" \/>\n\t<meta property=\"og:image:width\" content=\"1440\" \/>\n\t<meta property=\"og:image:height\" content=\"1441\" \/>\n\t<meta property=\"og:image:type\" content=\"image\/jpeg\" \/>\n<meta name=\"twitter:card\" content=\"summary_large_image\" \/>\n<meta name=\"twitter:title\" content=\"AFFINITY - 1971-1972 -  (LP) | Guerssen\" \/>\n<meta name=\"twitter:label1\" content=\"Tiempo de lectura\" \/>\n\t<meta name=\"twitter:data1\" content=\"1 minuto\" \/>\n<script type=\"application\/ld+json\" class=\"yoast-schema-graph\">{\"@context\":\"https:\/\/schema.org\",\"@graph\":[{\"@type\":\"WebPage\",\"@id\":\"https:\/\/wpguerssen-test.odoo.rgbconsulting.com\/es\/producto\/1971-1972\/\",\"url\":\"https:\/\/wpguerssen-test.odoo.rgbconsulting.com\/es\/producto\/1971-1972\/\",\"name\":\"AFFINITY - 1971-1972 - (LP) | Guerssen\",\"isPartOf\":{\"@id\":\"https:\/\/wpguerssen-test.odoo.rgbconsulting.com\/es\/#website\"},\"primaryImageOfPage\":{\"@id\":\"https:\/\/wpguerssen-test.odoo.rgbconsulting.com\/es\/producto\/1971-1972\/#primaryimage\"},\"image\":{\"@id\":\"https:\/\/wpguerssen-test.odoo.rgbconsulting.com\/es\/producto\/1971-1972\/#primaryimage\"},\"thumbnailUrl\":\"https:\/\/wpguerssen-test.odoo.rgbconsulting.com\/wp-content\/uploads\/2025\/01\/49560.jpg\",\"datePublished\":\"2025-02-02T23:00:00+00:00\",\"dateModified\":\"2025-03-13T16:26:22+00:00\",\"description\":\"For the very first time on vinyl a mandatory compilation with both rarities and unreleased tracks, showcasing their second line up ! At the end of January 1971 lead vocalist Linda Hoyle and organist Lynton Naiff left Affinity, instead of going separate ways, the other three members recruited vocalist Vivienne McAuliffe (Principal Edwards Magic Theatre) and ex-Tornados keyboardist Dave Watts. Reminiscent at times of Sandy Denny, Vivienne voice was a natural addiction to the new incarnation of the band, focusing on a more folksy direction.\",\"breadcrumb\":{\"@id\":\"https:\/\/wpguerssen-test.odoo.rgbconsulting.com\/es\/producto\/1971-1972\/#breadcrumb\"},\"inLanguage\":\"es\",\"potentialAction\":[{\"@type\":\"ReadAction\",\"target\":[\"https:\/\/wpguerssen-test.odoo.rgbconsulting.com\/es\/producto\/1971-1972\/\"]}]},{\"@type\":\"ImageObject\",\"inLanguage\":\"es\",\"@id\":\"https:\/\/wpguerssen-test.odoo.rgbconsulting.com\/es\/producto\/1971-1972\/#primaryimage\",\"url\":\"https:\/\/wpguerssen-test.odoo.rgbconsulting.com\/wp-content\/uploads\/2025\/01\/49560.jpg\",\"contentUrl\":\"https:\/\/wpguerssen-test.odoo.rgbconsulting.com\/wp-content\/uploads\/2025\/01\/49560.jpg\",\"width\":1440,\"height\":1441},{\"@type\":\"BreadcrumbList\",\"@id\":\"https:\/\/wpguerssen-test.odoo.rgbconsulting.com\/es\/producto\/1971-1972\/#breadcrumb\",\"itemListElement\":[{\"@type\":\"ListItem\",\"position\":1,\"name\":\"Inicio\",\"item\":\"https:\/\/wpguerssen-test.odoo.rgbconsulting.com\/es\/\"},{\"@type\":\"ListItem\",\"position\":2,\"name\":\"Shop\",\"item\":\"https:\/\/wpguerssen-test.odoo.rgbconsulting.com\/shop\/\"},{\"@type\":\"ListItem\",\"position\":3,\"name\":\"1971-1972\"}]},{\"@type\":\"WebSite\",\"@id\":\"https:\/\/wpguerssen-test.odoo.rgbconsulting.com\/es\/#website\",\"url\":\"https:\/\/wpguerssen-test.odoo.rgbconsulting.com\/es\/\",\"name\":\"Guerssen records\",\"description\":\"psychedelia - progressive - folk - garage \",\"publisher\":{\"@id\":\"https:\/\/wpguerssen-test.odoo.rgbconsulting.com\/es\/#organization\"},\"potentialAction\":[{\"@type\":\"SearchAction\",\"target\":{\"@type\":\"EntryPoint\",\"urlTemplate\":\"https:\/\/wpguerssen-test.odoo.rgbconsulting.com\/es\/?s={search_term_string}\"},\"query-input\":{\"@type\":\"PropertyValueSpecification\",\"valueRequired\":true,\"valueName\":\"search_term_string\"}}],\"inLanguage\":\"es\"},{\"@type\":\"Organization\",\"@id\":\"https:\/\/wpguerssen-test.odoo.rgbconsulting.com\/es\/#organization\",\"name\":\"Guerssen records\",\"url\":\"https:\/\/wpguerssen-test.odoo.rgbconsulting.com\/es\/\",\"logo\":{\"@type\":\"ImageObject\",\"inLanguage\":\"es\",\"@id\":\"https:\/\/wpguerssen-test.odoo.rgbconsulting.com\/es\/#\/schema\/logo\/image\/\",\"url\":\"https:\/\/wpguerssen-test.odoo.rgbconsulting.com\/wp-content\/uploads\/2022\/04\/Logo_Guerssen_trans_100.png\",\"contentUrl\":\"https:\/\/wpguerssen-test.odoo.rgbconsulting.com\/wp-content\/uploads\/2022\/04\/Logo_Guerssen_trans_100.png\",\"width\":122,\"height\":100,\"caption\":\"Guerssen records\"},\"image\":{\"@id\":\"https:\/\/wpguerssen-test.odoo.rgbconsulting.com\/es\/#\/schema\/logo\/image\/\"}}]}<\/script>\n<!-- \/ Yoast SEO plugin. -->","yoast_head_json":{"title":"AFFINITY - 1971-1972 -  (LP) | Guerssen","description":"For the very first time on vinyl a mandatory compilation with both rarities and unreleased tracks, showcasing their second line up ! At the end of January 1971 lead vocalist Linda Hoyle and organist Lynton Naiff left Affinity, instead of going separate ways, the other three members recruited vocalist Vivienne McAuliffe (Principal Edwards Magic Theatre) and ex-Tornados keyboardist Dave Watts. Reminiscent at times of Sandy Denny, Vivienne voice was a natural addiction to the new incarnation of the band, focusing on a more folksy direction.","robots":{"index":"index","follow":"follow","max-snippet":"max-snippet:-1","max-image-preview":"max-image-preview:large","max-video-preview":"max-video-preview:-1"},"canonical":"https:\/\/wpguerssen-test.odoo.rgbconsulting.com\/es\/producto\/1971-1972\/","og_locale":"es_ES","og_type":"article","og_title":"AFFINITY - 1971-1972 -  (LP) | Guerssen","og_description":"For the very first time on vinyl a mandatory compilation with both rarities and unreleased tracks, showcasing their second line up ! At the end of January 1971 lead vocalist Linda Hoyle and organist Lynton Naiff left Affinity, instead of going separate ways, the other three members recruited vocalist Vivienne McAuliffe (Principal Edwards Magic Theatre) and ex-Tornados keyboardist Dave Watts. Reminiscent at times of Sandy Denny, Vivienne voice was a natural addiction to the new incarnation of the band, focusing on a more folksy direction.","og_url":"https:\/\/wpguerssen-test.odoo.rgbconsulting.com\/es\/producto\/1971-1972\/","og_site_name":"Guerssen records","article_modified_time":"2025-03-13T16:26:22+00:00","og_image":[{"width":1440,"height":1441,"url":"https:\/\/wpguerssen-test.odoo.rgbconsulting.com\/wp-content\/uploads\/2025\/01\/49560.jpg","type":"image\/jpeg"}],"twitter_card":"summary_large_image","twitter_title":"AFFINITY - 1971-1972 -  (LP) | Guerssen","twitter_misc":{"Tiempo de lectura":"1 minuto"},"schema":{"@context":"https:\/\/schema.org","@graph":[{"@type":"WebPage","@id":"https:\/\/wpguerssen-test.odoo.rgbconsulting.com\/es\/producto\/1971-1972\/","url":"https:\/\/wpguerssen-test.odoo.rgbconsulting.com\/es\/producto\/1971-1972\/","name":"AFFINITY - 1971-1972 - (LP) | Guerssen","isPartOf":{"@id":"https:\/\/wpguerssen-test.odoo.rgbconsulting.com\/es\/#website"},"primaryImageOfPage":{"@id":"https:\/\/wpguerssen-test.odoo.rgbconsulting.com\/es\/producto\/1971-1972\/#primaryimage"},"image":{"@id":"https:\/\/wpguerssen-test.odoo.rgbconsulting.com\/es\/producto\/1971-1972\/#primaryimage"},"thumbnailUrl":"https:\/\/wpguerssen-test.odoo.rgbconsulting.com\/wp-content\/uploads\/2025\/01\/49560.jpg","datePublished":"2025-02-02T23:00:00+00:00","dateModified":"2025-03-13T16:26:22+00:00","description":"For the very first time on vinyl a mandatory compilation with both rarities and unreleased tracks, showcasing their second line up ! At the end of January 1971 lead vocalist Linda Hoyle and organist Lynton Naiff left Affinity, instead of going separate ways, the other three members recruited vocalist Vivienne McAuliffe (Principal Edwards Magic Theatre) and ex-Tornados keyboardist Dave Watts. Reminiscent at times of Sandy Denny, Vivienne voice was a natural addiction to the new incarnation of the band, focusing on a more folksy direction.","breadcrumb":{"@id":"https:\/\/wpguerssen-test.odoo.rgbconsulting.com\/es\/producto\/1971-1972\/#breadcrumb"},"inLanguage":"es","potentialAction":[{"@type":"ReadAction","target":["https:\/\/wpguerssen-test.odoo.rgbconsulting.com\/es\/producto\/1971-1972\/"]}]},{"@type":"ImageObject","inLanguage":"es","@id":"https:\/\/wpguerssen-test.odoo.rgbconsulting.com\/es\/producto\/1971-1972\/#primaryimage","url":"https:\/\/wpguerssen-test.odoo.rgbconsulting.com\/wp-content\/uploads\/2025\/01\/49560.jpg","contentUrl":"https:\/\/wpguerssen-test.odoo.rgbconsulting.com\/wp-content\/uploads\/2025\/01\/49560.jpg","width":1440,"height":1441},{"@type":"BreadcrumbList","@id":"https:\/\/wpguerssen-test.odoo.rgbconsulting.com\/es\/producto\/1971-1972\/#breadcrumb","itemListElement":[{"@type":"ListItem","position":1,"name":"Inicio","item":"https:\/\/wpguerssen-test.odoo.rgbconsulting.com\/es\/"},{"@type":"ListItem","position":2,"name":"Shop","item":"https:\/\/wpguerssen-test.odoo.rgbconsulting.com\/shop\/"},{"@type":"ListItem","position":3,"name":"1971-1972"}]},{"@type":"WebSite","@id":"https:\/\/wpguerssen-test.odoo.rgbconsulting.com\/es\/#website","url":"https:\/\/wpguerssen-test.odoo.rgbconsulting.com\/es\/","name":"Guerssen records","description":"psychedelia - progressive - folk - garage ","publisher":{"@id":"https:\/\/wpguerssen-test.odoo.rgbconsulting.com\/es\/#organization"},"potentialAction":[{"@type":"SearchAction","target":{"@type":"EntryPoint","urlTemplate":"https:\/\/wpguerssen-test.odoo.rgbconsulting.com\/es\/?s={search_term_string}"},"query-input":{"@type":"PropertyValueSpecification","valueRequired":true,"valueName":"search_term_string"}}],"inLanguage":"es"},{"@type":"Organization","@id":"https:\/\/wpguerssen-test.odoo.rgbconsulting.com\/es\/#organization","name":"Guerssen records","url":"https:\/\/wpguerssen-test.odoo.rgbconsulting.com\/es\/","logo":{"@type":"ImageObject","inLanguage":"es","@id":"https:\/\/wpguerssen-test.odoo.rgbconsulting.com\/es\/#\/schema\/logo\/image\/","url":"https:\/\/wpguerssen-test.odoo.rgbconsulting.com\/wp-content\/uploads\/2022\/04\/Logo_Guerssen_trans_100.png","contentUrl":"https:\/\/wpguerssen-test.odoo.rgbconsulting.com\/wp-content\/uploads\/2022\/04\/Logo_Guerssen_trans_100.png","width":122,"height":100,"caption":"Guerssen records"},"image":{"@id":"https:\/\/wpguerssen-test.odoo.rgbconsulting.com\/es\/#\/schema\/logo\/image\/"}}]}},"_links":{"self":[{"href":"https:\/\/wpguerssen-test.odoo.rgbconsulting.com\/es\/wp-json\/wp\/v2\/product\/281232","targetHints":{"allow":["GET"]}}],"collection":[{"href":"https:\/\/wpguerssen-test.odoo.rgbconsulting.com\/es\/wp-json\/wp\/v2\/product"}],"about":[{"href":"https:\/\/wpguerssen-test.odoo.rgbconsulting.com\/es\/wp-json\/wp\/v2\/types\/product"}],"wp:featuredmedia":[{"embeddable":true,"href":"https:\/\/wpguerssen-test.odoo.rgbconsulting.com\/es\/wp-json\/wp\/v2\/media\/281301"}],"wp:attachment":[{"href":"https:\/\/wpguerssen-test.odoo.rgbconsulting.com\/es\/wp-json\/wp\/v2\/media?parent=281232"}],"wp:term":[{"taxonomy":"product_brand","embeddable":true,"href":"https:\/\/wpguerssen-test.odoo.rgbconsulting.com\/es\/wp-json\/wp\/v2\/product_brand?post=281232"},{"taxonomy":"product_cat","embeddable":true,"href":"https:\/\/wpguerssen-test.odoo.rgbconsulting.com\/es\/wp-json\/wp\/v2\/product_cat?post=281232"},{"taxonomy":"product_tag","embeddable":true,"href":"https:\/\/wpguerssen-test.odoo.rgbconsulting.com\/es\/wp-json\/wp\/v2\/product_tag?post=281232"}],"curies":[{"name":"wp","href":"https:\/\/api.w.org\/{rel}","templated":true}]}}