{"id":281235,"date":"2025-02-21T00:00:00","date_gmt":"2025-02-20T23:00:00","guid":{"rendered":"https:\/\/wpguerssen-test.odoo.rgbconsulting.com\/product\/barretto-para-bailar\/"},"modified":"2025-03-13T17:26:26","modified_gmt":"2025-03-13T16:26:26","slug":"barretto-para-bailar","status":"publish","type":"product","link":"https:\/\/wpguerssen-test.odoo.rgbconsulting.com\/es\/producto\/barretto-para-bailar\/","title":{"rendered":"Barretto Para Bailar"},"content":{"rendered":"<p>Edici\u00f3n limitada en vinilo de 180 gm. Incluye pista extra. Este lanzamiento presenta el LP original completo Barretto para bailar, que fue el \u00e1lbum debut de Ray Barretto como l\u00edder. Durante 40 a\u00f1os, el conguero y director de banda Ray Barretto fue una de las principales fuerzas del jazz latino. Su estilo de interpretaci\u00f3n duro y convincente adorn\u00f3 las grabaciones de los saxofonistas Gene Ammons, Lou Donaldson y Sonny Stitt, el pianista Red Garland y los guitarristas Wes Montgomery y Kenny Burrell. Se le atribuye ser el primer percusionista nacido en EE. UU. en integrar la conga de origen africano en el jazz. Este hecho lo ha designado como uno de los primeros artistas \u00abcrossover\u00bb del jazz, equilibrando h\u00e1bilmente sus inclinaciones latinas y su amor por el bebop a lo largo de una carrera larga y exitosa.<\/p>\n","protected":false},"excerpt":{"rendered":"<p>Edici\u00f3n limitada en vinilo de 180 gm. Incluye pista extra. Este lanzamiento presenta el LP original completo Barretto para bailar, que fue el \u00e1lbum debut de Ray<a class=\"read\" href=\"https:\/\/wpguerssen-test.odoo.rgbconsulting.com\/es\/producto\/barretto-para-bailar\/\"> (...)<\/a>","protected":false},"featured_media":281307,"template":"","meta":{"_acf_changed":false},"product_brand":[],"product_cat":[23231],"product_tag":[24189],"class_list":{"0":"post-281235","1":"product","2":"type-product","3":"status-publish","4":"has-post-thumbnail","6":"product_cat-latin-brazilian-es","7":"product_tag-recien-llegadas","8":"pa_artist-barretto-ray","9":"pa_format-lp-es","10":"pa_gender-latin-brazilian","11":"pa_label-descarga","12":"pa_location-south-america-caribbean-es","13":"pa_other-filters-vinyl-only-es","15":"first","16":"instock","17":"taxable","18":"shipping-taxable","19":"purchasable","20":"product-type-simple"},"acf":[],"yoast_head":"<!-- This site is optimized with the Yoast SEO plugin v24.9 - https:\/\/yoast.com\/wordpress\/plugins\/seo\/ -->\n<title>BARRETTO, Ray - Barretto Para Bailar -  (LP) | Guerssen<\/title>\n<meta name=\"description\" content=\"Limited 180gm vinyl LP pressing. Includes bonus track. This release presents the complete original LP Barretto para bailar, which was Ray Barretto&#039;s debut album as a leader. For 40 years, conguero and bandleader Ray Barretto was one of the leading forces in Latin jazz. His hard, compelling playing style graced the recordings of saxophonists Gene Ammons, Lou Donaldson, and Sonny Stitt, pianist Red Garland, and guitarists Wes Montgomery and Kenny Burrell. He is credited for being the first U.S.A.-born percussionist to integrate the African-based conga drum into jazz. This fact has designated him as one of the early &quot;crossover&quot; artists in jazz, skilfully balancing his Latin leanings and his love for bebop throughout a long and successful career.\" \/>\n<meta name=\"robots\" content=\"index, follow, max-snippet:-1, max-image-preview:large, max-video-preview:-1\" \/>\n<link rel=\"canonical\" href=\"https:\/\/wpguerssen-test.odoo.rgbconsulting.com\/es\/producto\/barretto-para-bailar\/\" \/>\n<meta property=\"og:locale\" content=\"es_ES\" \/>\n<meta property=\"og:type\" content=\"article\" \/>\n<meta property=\"og:title\" content=\"BARRETTO, Ray - Barretto Para Bailar -  (LP) | Guerssen\" \/>\n<meta property=\"og:description\" content=\"Limited 180gm vinyl LP pressing. Includes bonus track. This release presents the complete original LP Barretto para bailar, which was Ray Barretto&#039;s debut album as a leader. For 40 years, conguero and bandleader Ray Barretto was one of the leading forces in Latin jazz. His hard, compelling playing style graced the recordings of saxophonists Gene Ammons, Lou Donaldson, and Sonny Stitt, pianist Red Garland, and guitarists Wes Montgomery and Kenny Burrell. He is credited for being the first U.S.A.-born percussionist to integrate the African-based conga drum into jazz. This fact has designated him as one of the early &quot;crossover&quot; artists in jazz, skilfully balancing his Latin leanings and his love for bebop throughout a long and successful career.\" \/>\n<meta property=\"og:url\" content=\"https:\/\/wpguerssen-test.odoo.rgbconsulting.com\/es\/producto\/barretto-para-bailar\/\" \/>\n<meta property=\"og:site_name\" content=\"Guerssen records\" \/>\n<meta property=\"article:modified_time\" content=\"2025-03-13T16:26:26+00:00\" \/>\n<meta property=\"og:image\" content=\"https:\/\/wpguerssen-test.odoo.rgbconsulting.com\/wp-content\/uploads\/2025\/01\/49563.jpg\" \/>\n\t<meta property=\"og:image:width\" content=\"300\" \/>\n\t<meta property=\"og:image:height\" content=\"300\" \/>\n\t<meta property=\"og:image:type\" content=\"image\/jpeg\" \/>\n<meta name=\"twitter:card\" content=\"summary_large_image\" \/>\n<meta name=\"twitter:title\" content=\"BARRETTO, Ray - Barretto Para Bailar -  (LP) | Guerssen\" \/>\n<meta name=\"twitter:label1\" content=\"Tiempo de lectura\" \/>\n\t<meta name=\"twitter:data1\" content=\"1 minuto\" \/>\n<script type=\"application\/ld+json\" class=\"yoast-schema-graph\">{\"@context\":\"https:\/\/schema.org\",\"@graph\":[{\"@type\":\"WebPage\",\"@id\":\"https:\/\/wpguerssen-test.odoo.rgbconsulting.com\/es\/producto\/barretto-para-bailar\/\",\"url\":\"https:\/\/wpguerssen-test.odoo.rgbconsulting.com\/es\/producto\/barretto-para-bailar\/\",\"name\":\"BARRETTO, Ray - Barretto Para Bailar - (LP) | Guerssen\",\"isPartOf\":{\"@id\":\"https:\/\/wpguerssen-test.odoo.rgbconsulting.com\/es\/#website\"},\"primaryImageOfPage\":{\"@id\":\"https:\/\/wpguerssen-test.odoo.rgbconsulting.com\/es\/producto\/barretto-para-bailar\/#primaryimage\"},\"image\":{\"@id\":\"https:\/\/wpguerssen-test.odoo.rgbconsulting.com\/es\/producto\/barretto-para-bailar\/#primaryimage\"},\"thumbnailUrl\":\"https:\/\/wpguerssen-test.odoo.rgbconsulting.com\/wp-content\/uploads\/2025\/01\/49563.jpg\",\"datePublished\":\"2025-02-20T23:00:00+00:00\",\"dateModified\":\"2025-03-13T16:26:26+00:00\",\"description\":\"Limited 180gm vinyl LP pressing. Includes bonus track. This release presents the complete original LP Barretto para bailar, which was Ray Barretto's debut album as a leader. For 40 years, conguero and bandleader Ray Barretto was one of the leading forces in Latin jazz. His hard, compelling playing style graced the recordings of saxophonists Gene Ammons, Lou Donaldson, and Sonny Stitt, pianist Red Garland, and guitarists Wes Montgomery and Kenny Burrell. He is credited for being the first U.S.A.-born percussionist to integrate the African-based conga drum into jazz. This fact has designated him as one of the early \\\"crossover\\\" artists in jazz, skilfully balancing his Latin leanings and his love for bebop throughout a long and successful career.\",\"breadcrumb\":{\"@id\":\"https:\/\/wpguerssen-test.odoo.rgbconsulting.com\/es\/producto\/barretto-para-bailar\/#breadcrumb\"},\"inLanguage\":\"es\",\"potentialAction\":[{\"@type\":\"ReadAction\",\"target\":[\"https:\/\/wpguerssen-test.odoo.rgbconsulting.com\/es\/producto\/barretto-para-bailar\/\"]}]},{\"@type\":\"ImageObject\",\"inLanguage\":\"es\",\"@id\":\"https:\/\/wpguerssen-test.odoo.rgbconsulting.com\/es\/producto\/barretto-para-bailar\/#primaryimage\",\"url\":\"https:\/\/wpguerssen-test.odoo.rgbconsulting.com\/wp-content\/uploads\/2025\/01\/49563.jpg\",\"contentUrl\":\"https:\/\/wpguerssen-test.odoo.rgbconsulting.com\/wp-content\/uploads\/2025\/01\/49563.jpg\",\"width\":300,\"height\":300,\"caption\":\"Ray - Barretto Para Bailar - DESCARGA! (LP) | Guerssen\"},{\"@type\":\"BreadcrumbList\",\"@id\":\"https:\/\/wpguerssen-test.odoo.rgbconsulting.com\/es\/producto\/barretto-para-bailar\/#breadcrumb\",\"itemListElement\":[{\"@type\":\"ListItem\",\"position\":1,\"name\":\"Inicio\",\"item\":\"https:\/\/wpguerssen-test.odoo.rgbconsulting.com\/es\/\"},{\"@type\":\"ListItem\",\"position\":2,\"name\":\"Shop\",\"item\":\"https:\/\/wpguerssen-test.odoo.rgbconsulting.com\/shop\/\"},{\"@type\":\"ListItem\",\"position\":3,\"name\":\"Barretto Para Bailar\"}]},{\"@type\":\"WebSite\",\"@id\":\"https:\/\/wpguerssen-test.odoo.rgbconsulting.com\/es\/#website\",\"url\":\"https:\/\/wpguerssen-test.odoo.rgbconsulting.com\/es\/\",\"name\":\"Guerssen records\",\"description\":\"psychedelia - progressive - folk - garage \",\"publisher\":{\"@id\":\"https:\/\/wpguerssen-test.odoo.rgbconsulting.com\/es\/#organization\"},\"potentialAction\":[{\"@type\":\"SearchAction\",\"target\":{\"@type\":\"EntryPoint\",\"urlTemplate\":\"https:\/\/wpguerssen-test.odoo.rgbconsulting.com\/es\/?s={search_term_string}\"},\"query-input\":{\"@type\":\"PropertyValueSpecification\",\"valueRequired\":true,\"valueName\":\"search_term_string\"}}],\"inLanguage\":\"es\"},{\"@type\":\"Organization\",\"@id\":\"https:\/\/wpguerssen-test.odoo.rgbconsulting.com\/es\/#organization\",\"name\":\"Guerssen records\",\"url\":\"https:\/\/wpguerssen-test.odoo.rgbconsulting.com\/es\/\",\"logo\":{\"@type\":\"ImageObject\",\"inLanguage\":\"es\",\"@id\":\"https:\/\/wpguerssen-test.odoo.rgbconsulting.com\/es\/#\/schema\/logo\/image\/\",\"url\":\"https:\/\/wpguerssen-test.odoo.rgbconsulting.com\/wp-content\/uploads\/2022\/04\/Logo_Guerssen_trans_100.png\",\"contentUrl\":\"https:\/\/wpguerssen-test.odoo.rgbconsulting.com\/wp-content\/uploads\/2022\/04\/Logo_Guerssen_trans_100.png\",\"width\":122,\"height\":100,\"caption\":\"Guerssen records\"},\"image\":{\"@id\":\"https:\/\/wpguerssen-test.odoo.rgbconsulting.com\/es\/#\/schema\/logo\/image\/\"}}]}<\/script>\n<!-- \/ Yoast SEO plugin. -->","yoast_head_json":{"title":"BARRETTO, Ray - Barretto Para Bailar -  (LP) | Guerssen","description":"Limited 180gm vinyl LP pressing. Includes bonus track. This release presents the complete original LP Barretto para bailar, which was Ray Barretto's debut album as a leader. For 40 years, conguero and bandleader Ray Barretto was one of the leading forces in Latin jazz. His hard, compelling playing style graced the recordings of saxophonists Gene Ammons, Lou Donaldson, and Sonny Stitt, pianist Red Garland, and guitarists Wes Montgomery and Kenny Burrell. He is credited for being the first U.S.A.-born percussionist to integrate the African-based conga drum into jazz. This fact has designated him as one of the early \"crossover\" artists in jazz, skilfully balancing his Latin leanings and his love for bebop throughout a long and successful career.","robots":{"index":"index","follow":"follow","max-snippet":"max-snippet:-1","max-image-preview":"max-image-preview:large","max-video-preview":"max-video-preview:-1"},"canonical":"https:\/\/wpguerssen-test.odoo.rgbconsulting.com\/es\/producto\/barretto-para-bailar\/","og_locale":"es_ES","og_type":"article","og_title":"BARRETTO, Ray - Barretto Para Bailar -  (LP) | Guerssen","og_description":"Limited 180gm vinyl LP pressing. Includes bonus track. This release presents the complete original LP Barretto para bailar, which was Ray Barretto's debut album as a leader. For 40 years, conguero and bandleader Ray Barretto was one of the leading forces in Latin jazz. His hard, compelling playing style graced the recordings of saxophonists Gene Ammons, Lou Donaldson, and Sonny Stitt, pianist Red Garland, and guitarists Wes Montgomery and Kenny Burrell. He is credited for being the first U.S.A.-born percussionist to integrate the African-based conga drum into jazz. This fact has designated him as one of the early \"crossover\" artists in jazz, skilfully balancing his Latin leanings and his love for bebop throughout a long and successful career.","og_url":"https:\/\/wpguerssen-test.odoo.rgbconsulting.com\/es\/producto\/barretto-para-bailar\/","og_site_name":"Guerssen records","article_modified_time":"2025-03-13T16:26:26+00:00","og_image":[{"width":300,"height":300,"url":"https:\/\/wpguerssen-test.odoo.rgbconsulting.com\/wp-content\/uploads\/2025\/01\/49563.jpg","type":"image\/jpeg"}],"twitter_card":"summary_large_image","twitter_title":"BARRETTO, Ray - Barretto Para Bailar -  (LP) | Guerssen","twitter_misc":{"Tiempo de lectura":"1 minuto"},"schema":{"@context":"https:\/\/schema.org","@graph":[{"@type":"WebPage","@id":"https:\/\/wpguerssen-test.odoo.rgbconsulting.com\/es\/producto\/barretto-para-bailar\/","url":"https:\/\/wpguerssen-test.odoo.rgbconsulting.com\/es\/producto\/barretto-para-bailar\/","name":"BARRETTO, Ray - Barretto Para Bailar - (LP) | Guerssen","isPartOf":{"@id":"https:\/\/wpguerssen-test.odoo.rgbconsulting.com\/es\/#website"},"primaryImageOfPage":{"@id":"https:\/\/wpguerssen-test.odoo.rgbconsulting.com\/es\/producto\/barretto-para-bailar\/#primaryimage"},"image":{"@id":"https:\/\/wpguerssen-test.odoo.rgbconsulting.com\/es\/producto\/barretto-para-bailar\/#primaryimage"},"thumbnailUrl":"https:\/\/wpguerssen-test.odoo.rgbconsulting.com\/wp-content\/uploads\/2025\/01\/49563.jpg","datePublished":"2025-02-20T23:00:00+00:00","dateModified":"2025-03-13T16:26:26+00:00","description":"Limited 180gm vinyl LP pressing. Includes bonus track. This release presents the complete original LP Barretto para bailar, which was Ray Barretto's debut album as a leader. For 40 years, conguero and bandleader Ray Barretto was one of the leading forces in Latin jazz. His hard, compelling playing style graced the recordings of saxophonists Gene Ammons, Lou Donaldson, and Sonny Stitt, pianist Red Garland, and guitarists Wes Montgomery and Kenny Burrell. He is credited for being the first U.S.A.-born percussionist to integrate the African-based conga drum into jazz. This fact has designated him as one of the early \"crossover\" artists in jazz, skilfully balancing his Latin leanings and his love for bebop throughout a long and successful career.","breadcrumb":{"@id":"https:\/\/wpguerssen-test.odoo.rgbconsulting.com\/es\/producto\/barretto-para-bailar\/#breadcrumb"},"inLanguage":"es","potentialAction":[{"@type":"ReadAction","target":["https:\/\/wpguerssen-test.odoo.rgbconsulting.com\/es\/producto\/barretto-para-bailar\/"]}]},{"@type":"ImageObject","inLanguage":"es","@id":"https:\/\/wpguerssen-test.odoo.rgbconsulting.com\/es\/producto\/barretto-para-bailar\/#primaryimage","url":"https:\/\/wpguerssen-test.odoo.rgbconsulting.com\/wp-content\/uploads\/2025\/01\/49563.jpg","contentUrl":"https:\/\/wpguerssen-test.odoo.rgbconsulting.com\/wp-content\/uploads\/2025\/01\/49563.jpg","width":300,"height":300,"caption":"Ray - Barretto Para Bailar - DESCARGA! (LP) | Guerssen"},{"@type":"BreadcrumbList","@id":"https:\/\/wpguerssen-test.odoo.rgbconsulting.com\/es\/producto\/barretto-para-bailar\/#breadcrumb","itemListElement":[{"@type":"ListItem","position":1,"name":"Inicio","item":"https:\/\/wpguerssen-test.odoo.rgbconsulting.com\/es\/"},{"@type":"ListItem","position":2,"name":"Shop","item":"https:\/\/wpguerssen-test.odoo.rgbconsulting.com\/shop\/"},{"@type":"ListItem","position":3,"name":"Barretto Para Bailar"}]},{"@type":"WebSite","@id":"https:\/\/wpguerssen-test.odoo.rgbconsulting.com\/es\/#website","url":"https:\/\/wpguerssen-test.odoo.rgbconsulting.com\/es\/","name":"Guerssen records","description":"psychedelia - progressive - folk - garage ","publisher":{"@id":"https:\/\/wpguerssen-test.odoo.rgbconsulting.com\/es\/#organization"},"potentialAction":[{"@type":"SearchAction","target":{"@type":"EntryPoint","urlTemplate":"https:\/\/wpguerssen-test.odoo.rgbconsulting.com\/es\/?s={search_term_string}"},"query-input":{"@type":"PropertyValueSpecification","valueRequired":true,"valueName":"search_term_string"}}],"inLanguage":"es"},{"@type":"Organization","@id":"https:\/\/wpguerssen-test.odoo.rgbconsulting.com\/es\/#organization","name":"Guerssen records","url":"https:\/\/wpguerssen-test.odoo.rgbconsulting.com\/es\/","logo":{"@type":"ImageObject","inLanguage":"es","@id":"https:\/\/wpguerssen-test.odoo.rgbconsulting.com\/es\/#\/schema\/logo\/image\/","url":"https:\/\/wpguerssen-test.odoo.rgbconsulting.com\/wp-content\/uploads\/2022\/04\/Logo_Guerssen_trans_100.png","contentUrl":"https:\/\/wpguerssen-test.odoo.rgbconsulting.com\/wp-content\/uploads\/2022\/04\/Logo_Guerssen_trans_100.png","width":122,"height":100,"caption":"Guerssen records"},"image":{"@id":"https:\/\/wpguerssen-test.odoo.rgbconsulting.com\/es\/#\/schema\/logo\/image\/"}}]}},"_links":{"self":[{"href":"https:\/\/wpguerssen-test.odoo.rgbconsulting.com\/es\/wp-json\/wp\/v2\/product\/281235","targetHints":{"allow":["GET"]}}],"collection":[{"href":"https:\/\/wpguerssen-test.odoo.rgbconsulting.com\/es\/wp-json\/wp\/v2\/product"}],"about":[{"href":"https:\/\/wpguerssen-test.odoo.rgbconsulting.com\/es\/wp-json\/wp\/v2\/types\/product"}],"wp:featuredmedia":[{"embeddable":true,"href":"https:\/\/wpguerssen-test.odoo.rgbconsulting.com\/es\/wp-json\/wp\/v2\/media\/281307"}],"wp:attachment":[{"href":"https:\/\/wpguerssen-test.odoo.rgbconsulting.com\/es\/wp-json\/wp\/v2\/media?parent=281235"}],"wp:term":[{"taxonomy":"product_brand","embeddable":true,"href":"https:\/\/wpguerssen-test.odoo.rgbconsulting.com\/es\/wp-json\/wp\/v2\/product_brand?post=281235"},{"taxonomy":"product_cat","embeddable":true,"href":"https:\/\/wpguerssen-test.odoo.rgbconsulting.com\/es\/wp-json\/wp\/v2\/product_cat?post=281235"},{"taxonomy":"product_tag","embeddable":true,"href":"https:\/\/wpguerssen-test.odoo.rgbconsulting.com\/es\/wp-json\/wp\/v2\/product_tag?post=281235"}],"curies":[{"name":"wp","href":"https:\/\/api.w.org\/{rel}","templated":true}]}}