{"id":281238,"date":"2025-02-21T00:00:00","date_gmt":"2025-02-20T23:00:00","guid":{"rendered":"https:\/\/wpguerssen-test.odoo.rgbconsulting.com\/product\/descargas-cubanas\/"},"modified":"2025-02-21T14:09:37","modified_gmt":"2025-02-21T13:09:37","slug":"descargas-cubanas","status":"publish","type":"product","link":"https:\/\/wpguerssen-test.odoo.rgbconsulting.com\/es\/producto\/descargas-cubanas\/","title":{"rendered":"Descargas Cubanas"},"content":{"rendered":"<p>El legendario compositor, arreglista, director de orquesta y contrabajista Israel \u00abCachao\u00bb L\u00f3pez (1918-2008) es reconocido universalmente como una de las figuras m\u00e1s prol\u00edficas e influyentes de la historia de la m\u00fasica cubana. Fue cofundador del popular estilo mambo a finales de los a\u00f1os 30 y uno de los principales exponentes del movimiento de la \u00abdescarga\u00bb de los a\u00f1os 50. El reconocimiento de Cachao como uno de los m\u00fasicos cubanos m\u00e1s formidables le ayud\u00f3 a conseguir la oportunidad de grabar como l\u00edder en 1957. \u00c9l y sus acompa\u00f1antes se reun\u00edan para sesiones de improvisaci\u00f3n informales alrededor de las 4 a.m., despu\u00e9s de cumplir con sus obligaciones profesionales. Estas sesiones se conoc\u00edan como \u00abdescargas\u00bb, y combinaban las caracter\u00edsticas improvisadas e informales de una sesi\u00f3n de improvisaci\u00f3n de jazz con progresiones arm\u00f3nicas y ritmos distintivamente cubanos. El \u00e1lbum Descargas Cubanas, presentado aqu\u00ed, marc\u00f3 el primero de una serie de \u00abdescargas\u00bb grabadas e incluye varias leyendas de la m\u00fasica cubana, como Alejandro \u00abEl Negro\u00bb Vivar, Generoso \u00abEl Tojo\u00bb Jim\u00e9nez y Tata G\u00fcines.<\/p>\n","protected":false},"excerpt":{"rendered":"<p>El legendario compositor, arreglista, director de orquesta y contrabajista Israel \u00abCachao\u00bb L\u00f3pez (1918-2008) es reconocido universalmente como una de las figuras<a class=\"read\" href=\"https:\/\/wpguerssen-test.odoo.rgbconsulting.com\/es\/producto\/descargas-cubanas\/\"> (...)<\/a>","protected":false},"featured_media":281313,"template":"","meta":{"_acf_changed":false},"product_brand":[],"product_cat":[23231,23227],"product_tag":[24189],"class_list":{"0":"post-281238","1":"product","2":"type-product","3":"status-publish","4":"has-post-thumbnail","6":"product_cat-latin-brazilian-es","7":"product_cat-jazz-es","8":"product_tag-recien-llegadas","9":"pa_artist-cachao-y-su-combo","10":"pa_format-lp-es","11":"pa_gender-latin-brazilian-jazz","12":"pa_label-descarga","13":"pa_location-south-america-caribbean-es","14":"pa_other-filters-vinyl-only-es","16":"first","17":"instock","18":"taxable","19":"shipping-taxable","20":"purchasable","21":"product-type-simple"},"acf":[],"yoast_head":"<!-- This site is optimized with the Yoast SEO plugin v24.9 - https:\/\/yoast.com\/wordpress\/plugins\/seo\/ -->\n<title>CACHAO Y SU COMBO - Descargas Cubanas -  (LP) | Guerssen<\/title>\n<meta name=\"description\" content=\"Legendary composer, arranger, band leader and double bassist Israel &quot;Cachao&quot; L\u00f3pez (1918-2008) is universally recognized as one of the most prolific and influential figures in the history of Cuban music. He was a co-founder of the widely popular mambo style in the late 1930&#039;s, and a primary exponent of the &quot;descarga&quot; movement of the 1950&#039;s. Cachao&#039;s recognition as one of the most formidable Cuban musicians helped him to get the chance to record as a leader in 1957. He and his sidemen got together for informal jam sessions at around 4 a.m., after fulfilling their professional obligations. These sessions were known as &quot;descargas&quot;, combining the improvisational and informal characteristics of a jazz jam session with harmonic progressions and rhythms distinctly Cuban. The album Descargas Cubanas, presented here, marked the very first in a series of recorded &quot;descargas,&quot; and includes several legends of Cuban music, such as Alejandro &quot;El Negro&quot; Vivar, Generoso &quot;El Tojo&quot; Jim\u00e9nez, and Tata G\u00fcines.\" \/>\n<meta name=\"robots\" content=\"index, follow, max-snippet:-1, max-image-preview:large, max-video-preview:-1\" \/>\n<link rel=\"canonical\" href=\"https:\/\/wpguerssen-test.odoo.rgbconsulting.com\/es\/producto\/descargas-cubanas\/\" \/>\n<meta property=\"og:locale\" content=\"es_ES\" \/>\n<meta property=\"og:type\" content=\"article\" \/>\n<meta property=\"og:title\" content=\"CACHAO Y SU COMBO - Descargas Cubanas -  (LP) | Guerssen\" \/>\n<meta property=\"og:description\" content=\"Legendary composer, arranger, band leader and double bassist Israel &quot;Cachao&quot; L\u00f3pez (1918-2008) is universally recognized as one of the most prolific and influential figures in the history of Cuban music. He was a co-founder of the widely popular mambo style in the late 1930&#039;s, and a primary exponent of the &quot;descarga&quot; movement of the 1950&#039;s. Cachao&#039;s recognition as one of the most formidable Cuban musicians helped him to get the chance to record as a leader in 1957. He and his sidemen got together for informal jam sessions at around 4 a.m., after fulfilling their professional obligations. These sessions were known as &quot;descargas&quot;, combining the improvisational and informal characteristics of a jazz jam session with harmonic progressions and rhythms distinctly Cuban. The album Descargas Cubanas, presented here, marked the very first in a series of recorded &quot;descargas,&quot; and includes several legends of Cuban music, such as Alejandro &quot;El Negro&quot; Vivar, Generoso &quot;El Tojo&quot; Jim\u00e9nez, and Tata G\u00fcines.\" \/>\n<meta property=\"og:url\" content=\"https:\/\/wpguerssen-test.odoo.rgbconsulting.com\/es\/producto\/descargas-cubanas\/\" \/>\n<meta property=\"og:site_name\" content=\"Guerssen records\" \/>\n<meta property=\"article:modified_time\" content=\"2025-02-21T13:09:37+00:00\" \/>\n<meta property=\"og:image\" content=\"https:\/\/wpguerssen-test.odoo.rgbconsulting.com\/wp-content\/uploads\/2025\/01\/49566.jpg\" \/>\n\t<meta property=\"og:image:width\" content=\"489\" \/>\n\t<meta property=\"og:image:height\" content=\"500\" \/>\n\t<meta property=\"og:image:type\" content=\"image\/jpeg\" \/>\n<meta name=\"twitter:card\" content=\"summary_large_image\" \/>\n<meta name=\"twitter:title\" content=\"CACHAO Y SU COMBO - Descargas Cubanas -  (LP) | Guerssen\" \/>\n<meta name=\"twitter:label1\" content=\"Tiempo de lectura\" \/>\n\t<meta name=\"twitter:data1\" content=\"1 minuto\" \/>\n<script type=\"application\/ld+json\" class=\"yoast-schema-graph\">{\"@context\":\"https:\/\/schema.org\",\"@graph\":[{\"@type\":\"WebPage\",\"@id\":\"https:\/\/wpguerssen-test.odoo.rgbconsulting.com\/es\/producto\/descargas-cubanas\/\",\"url\":\"https:\/\/wpguerssen-test.odoo.rgbconsulting.com\/es\/producto\/descargas-cubanas\/\",\"name\":\"CACHAO Y SU COMBO - Descargas Cubanas - (LP) | Guerssen\",\"isPartOf\":{\"@id\":\"https:\/\/wpguerssen-test.odoo.rgbconsulting.com\/es\/#website\"},\"primaryImageOfPage\":{\"@id\":\"https:\/\/wpguerssen-test.odoo.rgbconsulting.com\/es\/producto\/descargas-cubanas\/#primaryimage\"},\"image\":{\"@id\":\"https:\/\/wpguerssen-test.odoo.rgbconsulting.com\/es\/producto\/descargas-cubanas\/#primaryimage\"},\"thumbnailUrl\":\"https:\/\/wpguerssen-test.odoo.rgbconsulting.com\/wp-content\/uploads\/2025\/01\/49566.jpg\",\"datePublished\":\"2025-02-20T23:00:00+00:00\",\"dateModified\":\"2025-02-21T13:09:37+00:00\",\"description\":\"Legendary composer, arranger, band leader and double bassist Israel \\\"Cachao\\\" L\u00f3pez (1918-2008) is universally recognized as one of the most prolific and influential figures in the history of Cuban music. He was a co-founder of the widely popular mambo style in the late 1930's, and a primary exponent of the \\\"descarga\\\" movement of the 1950's. Cachao's recognition as one of the most formidable Cuban musicians helped him to get the chance to record as a leader in 1957. He and his sidemen got together for informal jam sessions at around 4 a.m., after fulfilling their professional obligations. These sessions were known as \\\"descargas\\\", combining the improvisational and informal characteristics of a jazz jam session with harmonic progressions and rhythms distinctly Cuban. The album Descargas Cubanas, presented here, marked the very first in a series of recorded \\\"descargas,\\\" and includes several legends of Cuban music, such as Alejandro \\\"El Negro\\\" Vivar, Generoso \\\"El Tojo\\\" Jim\u00e9nez, and Tata G\u00fcines.\",\"breadcrumb\":{\"@id\":\"https:\/\/wpguerssen-test.odoo.rgbconsulting.com\/es\/producto\/descargas-cubanas\/#breadcrumb\"},\"inLanguage\":\"es\",\"potentialAction\":[{\"@type\":\"ReadAction\",\"target\":[\"https:\/\/wpguerssen-test.odoo.rgbconsulting.com\/es\/producto\/descargas-cubanas\/\"]}]},{\"@type\":\"ImageObject\",\"inLanguage\":\"es\",\"@id\":\"https:\/\/wpguerssen-test.odoo.rgbconsulting.com\/es\/producto\/descargas-cubanas\/#primaryimage\",\"url\":\"https:\/\/wpguerssen-test.odoo.rgbconsulting.com\/wp-content\/uploads\/2025\/01\/49566.jpg\",\"contentUrl\":\"https:\/\/wpguerssen-test.odoo.rgbconsulting.com\/wp-content\/uploads\/2025\/01\/49566.jpg\",\"width\":489,\"height\":500},{\"@type\":\"BreadcrumbList\",\"@id\":\"https:\/\/wpguerssen-test.odoo.rgbconsulting.com\/es\/producto\/descargas-cubanas\/#breadcrumb\",\"itemListElement\":[{\"@type\":\"ListItem\",\"position\":1,\"name\":\"Inicio\",\"item\":\"https:\/\/wpguerssen-test.odoo.rgbconsulting.com\/es\/\"},{\"@type\":\"ListItem\",\"position\":2,\"name\":\"Shop\",\"item\":\"https:\/\/wpguerssen-test.odoo.rgbconsulting.com\/shop\/\"},{\"@type\":\"ListItem\",\"position\":3,\"name\":\"Descargas Cubanas\"}]},{\"@type\":\"WebSite\",\"@id\":\"https:\/\/wpguerssen-test.odoo.rgbconsulting.com\/es\/#website\",\"url\":\"https:\/\/wpguerssen-test.odoo.rgbconsulting.com\/es\/\",\"name\":\"Guerssen records\",\"description\":\"psychedelia - progressive - folk - garage \",\"publisher\":{\"@id\":\"https:\/\/wpguerssen-test.odoo.rgbconsulting.com\/es\/#organization\"},\"potentialAction\":[{\"@type\":\"SearchAction\",\"target\":{\"@type\":\"EntryPoint\",\"urlTemplate\":\"https:\/\/wpguerssen-test.odoo.rgbconsulting.com\/es\/?s={search_term_string}\"},\"query-input\":{\"@type\":\"PropertyValueSpecification\",\"valueRequired\":true,\"valueName\":\"search_term_string\"}}],\"inLanguage\":\"es\"},{\"@type\":\"Organization\",\"@id\":\"https:\/\/wpguerssen-test.odoo.rgbconsulting.com\/es\/#organization\",\"name\":\"Guerssen records\",\"url\":\"https:\/\/wpguerssen-test.odoo.rgbconsulting.com\/es\/\",\"logo\":{\"@type\":\"ImageObject\",\"inLanguage\":\"es\",\"@id\":\"https:\/\/wpguerssen-test.odoo.rgbconsulting.com\/es\/#\/schema\/logo\/image\/\",\"url\":\"https:\/\/wpguerssen-test.odoo.rgbconsulting.com\/wp-content\/uploads\/2022\/04\/Logo_Guerssen_trans_100.png\",\"contentUrl\":\"https:\/\/wpguerssen-test.odoo.rgbconsulting.com\/wp-content\/uploads\/2022\/04\/Logo_Guerssen_trans_100.png\",\"width\":122,\"height\":100,\"caption\":\"Guerssen records\"},\"image\":{\"@id\":\"https:\/\/wpguerssen-test.odoo.rgbconsulting.com\/es\/#\/schema\/logo\/image\/\"}}]}<\/script>\n<!-- \/ Yoast SEO plugin. -->","yoast_head_json":{"title":"CACHAO Y SU COMBO - Descargas Cubanas -  (LP) | Guerssen","description":"Legendary composer, arranger, band leader and double bassist Israel \"Cachao\" L\u00f3pez (1918-2008) is universally recognized as one of the most prolific and influential figures in the history of Cuban music. He was a co-founder of the widely popular mambo style in the late 1930's, and a primary exponent of the \"descarga\" movement of the 1950's. Cachao's recognition as one of the most formidable Cuban musicians helped him to get the chance to record as a leader in 1957. He and his sidemen got together for informal jam sessions at around 4 a.m., after fulfilling their professional obligations. These sessions were known as \"descargas\", combining the improvisational and informal characteristics of a jazz jam session with harmonic progressions and rhythms distinctly Cuban. The album Descargas Cubanas, presented here, marked the very first in a series of recorded \"descargas,\" and includes several legends of Cuban music, such as Alejandro \"El Negro\" Vivar, Generoso \"El Tojo\" Jim\u00e9nez, and Tata G\u00fcines.","robots":{"index":"index","follow":"follow","max-snippet":"max-snippet:-1","max-image-preview":"max-image-preview:large","max-video-preview":"max-video-preview:-1"},"canonical":"https:\/\/wpguerssen-test.odoo.rgbconsulting.com\/es\/producto\/descargas-cubanas\/","og_locale":"es_ES","og_type":"article","og_title":"CACHAO Y SU COMBO - Descargas Cubanas -  (LP) | Guerssen","og_description":"Legendary composer, arranger, band leader and double bassist Israel \"Cachao\" L\u00f3pez (1918-2008) is universally recognized as one of the most prolific and influential figures in the history of Cuban music. He was a co-founder of the widely popular mambo style in the late 1930's, and a primary exponent of the \"descarga\" movement of the 1950's. Cachao's recognition as one of the most formidable Cuban musicians helped him to get the chance to record as a leader in 1957. He and his sidemen got together for informal jam sessions at around 4 a.m., after fulfilling their professional obligations. These sessions were known as \"descargas\", combining the improvisational and informal characteristics of a jazz jam session with harmonic progressions and rhythms distinctly Cuban. The album Descargas Cubanas, presented here, marked the very first in a series of recorded \"descargas,\" and includes several legends of Cuban music, such as Alejandro \"El Negro\" Vivar, Generoso \"El Tojo\" Jim\u00e9nez, and Tata G\u00fcines.","og_url":"https:\/\/wpguerssen-test.odoo.rgbconsulting.com\/es\/producto\/descargas-cubanas\/","og_site_name":"Guerssen records","article_modified_time":"2025-02-21T13:09:37+00:00","og_image":[{"width":489,"height":500,"url":"https:\/\/wpguerssen-test.odoo.rgbconsulting.com\/wp-content\/uploads\/2025\/01\/49566.jpg","type":"image\/jpeg"}],"twitter_card":"summary_large_image","twitter_title":"CACHAO Y SU COMBO - Descargas Cubanas -  (LP) | Guerssen","twitter_misc":{"Tiempo de lectura":"1 minuto"},"schema":{"@context":"https:\/\/schema.org","@graph":[{"@type":"WebPage","@id":"https:\/\/wpguerssen-test.odoo.rgbconsulting.com\/es\/producto\/descargas-cubanas\/","url":"https:\/\/wpguerssen-test.odoo.rgbconsulting.com\/es\/producto\/descargas-cubanas\/","name":"CACHAO Y SU COMBO - Descargas Cubanas - (LP) | Guerssen","isPartOf":{"@id":"https:\/\/wpguerssen-test.odoo.rgbconsulting.com\/es\/#website"},"primaryImageOfPage":{"@id":"https:\/\/wpguerssen-test.odoo.rgbconsulting.com\/es\/producto\/descargas-cubanas\/#primaryimage"},"image":{"@id":"https:\/\/wpguerssen-test.odoo.rgbconsulting.com\/es\/producto\/descargas-cubanas\/#primaryimage"},"thumbnailUrl":"https:\/\/wpguerssen-test.odoo.rgbconsulting.com\/wp-content\/uploads\/2025\/01\/49566.jpg","datePublished":"2025-02-20T23:00:00+00:00","dateModified":"2025-02-21T13:09:37+00:00","description":"Legendary composer, arranger, band leader and double bassist Israel \"Cachao\" L\u00f3pez (1918-2008) is universally recognized as one of the most prolific and influential figures in the history of Cuban music. He was a co-founder of the widely popular mambo style in the late 1930's, and a primary exponent of the \"descarga\" movement of the 1950's. Cachao's recognition as one of the most formidable Cuban musicians helped him to get the chance to record as a leader in 1957. He and his sidemen got together for informal jam sessions at around 4 a.m., after fulfilling their professional obligations. These sessions were known as \"descargas\", combining the improvisational and informal characteristics of a jazz jam session with harmonic progressions and rhythms distinctly Cuban. The album Descargas Cubanas, presented here, marked the very first in a series of recorded \"descargas,\" and includes several legends of Cuban music, such as Alejandro \"El Negro\" Vivar, Generoso \"El Tojo\" Jim\u00e9nez, and Tata G\u00fcines.","breadcrumb":{"@id":"https:\/\/wpguerssen-test.odoo.rgbconsulting.com\/es\/producto\/descargas-cubanas\/#breadcrumb"},"inLanguage":"es","potentialAction":[{"@type":"ReadAction","target":["https:\/\/wpguerssen-test.odoo.rgbconsulting.com\/es\/producto\/descargas-cubanas\/"]}]},{"@type":"ImageObject","inLanguage":"es","@id":"https:\/\/wpguerssen-test.odoo.rgbconsulting.com\/es\/producto\/descargas-cubanas\/#primaryimage","url":"https:\/\/wpguerssen-test.odoo.rgbconsulting.com\/wp-content\/uploads\/2025\/01\/49566.jpg","contentUrl":"https:\/\/wpguerssen-test.odoo.rgbconsulting.com\/wp-content\/uploads\/2025\/01\/49566.jpg","width":489,"height":500},{"@type":"BreadcrumbList","@id":"https:\/\/wpguerssen-test.odoo.rgbconsulting.com\/es\/producto\/descargas-cubanas\/#breadcrumb","itemListElement":[{"@type":"ListItem","position":1,"name":"Inicio","item":"https:\/\/wpguerssen-test.odoo.rgbconsulting.com\/es\/"},{"@type":"ListItem","position":2,"name":"Shop","item":"https:\/\/wpguerssen-test.odoo.rgbconsulting.com\/shop\/"},{"@type":"ListItem","position":3,"name":"Descargas Cubanas"}]},{"@type":"WebSite","@id":"https:\/\/wpguerssen-test.odoo.rgbconsulting.com\/es\/#website","url":"https:\/\/wpguerssen-test.odoo.rgbconsulting.com\/es\/","name":"Guerssen records","description":"psychedelia - progressive - folk - garage ","publisher":{"@id":"https:\/\/wpguerssen-test.odoo.rgbconsulting.com\/es\/#organization"},"potentialAction":[{"@type":"SearchAction","target":{"@type":"EntryPoint","urlTemplate":"https:\/\/wpguerssen-test.odoo.rgbconsulting.com\/es\/?s={search_term_string}"},"query-input":{"@type":"PropertyValueSpecification","valueRequired":true,"valueName":"search_term_string"}}],"inLanguage":"es"},{"@type":"Organization","@id":"https:\/\/wpguerssen-test.odoo.rgbconsulting.com\/es\/#organization","name":"Guerssen records","url":"https:\/\/wpguerssen-test.odoo.rgbconsulting.com\/es\/","logo":{"@type":"ImageObject","inLanguage":"es","@id":"https:\/\/wpguerssen-test.odoo.rgbconsulting.com\/es\/#\/schema\/logo\/image\/","url":"https:\/\/wpguerssen-test.odoo.rgbconsulting.com\/wp-content\/uploads\/2022\/04\/Logo_Guerssen_trans_100.png","contentUrl":"https:\/\/wpguerssen-test.odoo.rgbconsulting.com\/wp-content\/uploads\/2022\/04\/Logo_Guerssen_trans_100.png","width":122,"height":100,"caption":"Guerssen records"},"image":{"@id":"https:\/\/wpguerssen-test.odoo.rgbconsulting.com\/es\/#\/schema\/logo\/image\/"}}]}},"_links":{"self":[{"href":"https:\/\/wpguerssen-test.odoo.rgbconsulting.com\/es\/wp-json\/wp\/v2\/product\/281238","targetHints":{"allow":["GET"]}}],"collection":[{"href":"https:\/\/wpguerssen-test.odoo.rgbconsulting.com\/es\/wp-json\/wp\/v2\/product"}],"about":[{"href":"https:\/\/wpguerssen-test.odoo.rgbconsulting.com\/es\/wp-json\/wp\/v2\/types\/product"}],"wp:featuredmedia":[{"embeddable":true,"href":"https:\/\/wpguerssen-test.odoo.rgbconsulting.com\/es\/wp-json\/wp\/v2\/media\/281313"}],"wp:attachment":[{"href":"https:\/\/wpguerssen-test.odoo.rgbconsulting.com\/es\/wp-json\/wp\/v2\/media?parent=281238"}],"wp:term":[{"taxonomy":"product_brand","embeddable":true,"href":"https:\/\/wpguerssen-test.odoo.rgbconsulting.com\/es\/wp-json\/wp\/v2\/product_brand?post=281238"},{"taxonomy":"product_cat","embeddable":true,"href":"https:\/\/wpguerssen-test.odoo.rgbconsulting.com\/es\/wp-json\/wp\/v2\/product_cat?post=281238"},{"taxonomy":"product_tag","embeddable":true,"href":"https:\/\/wpguerssen-test.odoo.rgbconsulting.com\/es\/wp-json\/wp\/v2\/product_tag?post=281238"}],"curies":[{"name":"wp","href":"https:\/\/api.w.org\/{rel}","templated":true}]}}