{"id":281239,"date":"2025-02-21T00:00:00","date_gmt":"2025-02-20T23:00:00","guid":{"rendered":"https:\/\/wpguerssen-test.odoo.rgbconsulting.com\/product\/the-unissued-japanese-concerts-2lp\/"},"modified":"2025-02-21T14:09:41","modified_gmt":"2025-02-21T13:09:41","slug":"the-unissued-japanese-concerts-2lp","status":"publish","type":"product","link":"https:\/\/wpguerssen-test.odoo.rgbconsulting.com\/es\/producto\/the-unissued-japanese-concerts-2lp\/","title":{"rendered":"The Unissued Japanese Concerts (2LP)"},"content":{"rendered":"<p>Estuche de lujo desplegable, prensado en vinilo de edici\u00f3n limitada de 180 g. Miles Davis realiz\u00f3 su primera gira por Jap\u00f3n en julio de 1964. Aunque se hab\u00edan programado varios conciertos, solo se sabe que se llevaron a cabo tres actuaciones: el conocido espect\u00e1culo del 14 de julio en el Kohseinenkin Hall de Tokio, que se public\u00f3 en LP, y los conciertos menos conocidos del 12 y 15 de julio que se incluyen en este estuche. El saxofonista George Coleman hab\u00eda dejado el Quinteto de Davis antes de esta gira y fue reemplazado por Sam Rivers por recomendaci\u00f3n del baterista del quinteto, Tony Williams. Aparte de las tres fechas de conciertos en Jap\u00f3n, no existen otras colaboraciones entre Miles y Same Rivers. LP1: grabado en vivo en el Hibaya Yagai Ongaku-do Hall de Tokio (Jap\u00f3n), el 12 de julio de 1964. LP2: grabado en vivo en el Maruyama Ongaku-do Hall de Kioto (Jap\u00f3n), el 15 de julio de 1964.<\/p>\n","protected":false},"excerpt":{"rendered":"<p>Estuche de lujo desplegable, prensado en vinilo de edici\u00f3n limitada de 180 g. Miles Davis realiz\u00f3 su primera gira por Jap\u00f3n en julio de 1964. Aunque se hab\u00edan<a class=\"read\" href=\"https:\/\/wpguerssen-test.odoo.rgbconsulting.com\/es\/producto\/the-unissued-japanese-concerts-2lp\/\"> (...)<\/a>","protected":false},"featured_media":281315,"template":"","meta":{"_acf_changed":false},"product_brand":[],"product_cat":[23227],"product_tag":[24189],"class_list":{"0":"post-281239","1":"product","2":"type-product","3":"status-publish","4":"has-post-thumbnail","6":"product_cat-jazz-es","7":"product_tag-recien-llegadas","8":"pa_artist-davis-miles-es-2","9":"pa_format-2lp-es","10":"pa_gender-jazz","11":"pa_label-half-nelson","12":"pa_location-north-america-es","13":"pa_other-filters-vinyl-only-es","15":"first","16":"instock","17":"taxable","18":"shipping-taxable","19":"purchasable","20":"product-type-simple"},"acf":[],"yoast_head":"<!-- This site is optimized with the Yoast SEO plugin v24.9 - https:\/\/yoast.com\/wordpress\/plugins\/seo\/ -->\n<title>DAVIS, Miles - The Unissued Japanese Concerts (2LP) -  (2LP) | Guerssen<\/title>\n<meta name=\"description\" content=\"Deluxe gatefold set - pressed on limited edition 180g vinyl. Miles Davis toured Japan for the first time during July 1964. Although several concerts were booked, only three performances are known to have taken place: the well-known July 14 show at Kohseinenkin Hall, in Tokyo, which was issued on LP, and the lesser-known July 12 &amp; 15 concerts presented on this set.Saxophonist George Coleman had left Davis&#039; Quintet before this tour and replaced by Sam Rivers on recommendation of the quintet&#039;s drummer Tony Williams. Other than the three concert dates in Japan, no other collaborations been Miles and Same Rivers exist.LP1: Recorded live at Hibaya Yagai Ongaku-do Hall, Tokyo, Japan, July 12, 1964.LP2: Recorded live at Maruyama Ongaku-do Hall, Kyoto, Japan, July 15, 1964.\" \/>\n<meta name=\"robots\" content=\"index, follow, max-snippet:-1, max-image-preview:large, max-video-preview:-1\" \/>\n<link rel=\"canonical\" href=\"https:\/\/wpguerssen-test.odoo.rgbconsulting.com\/es\/producto\/the-unissued-japanese-concerts-2lp\/\" \/>\n<meta property=\"og:locale\" content=\"es_ES\" \/>\n<meta property=\"og:type\" content=\"article\" \/>\n<meta property=\"og:title\" content=\"DAVIS, Miles - The Unissued Japanese Concerts (2LP) -  (2LP) | Guerssen\" \/>\n<meta property=\"og:description\" content=\"Deluxe gatefold set - pressed on limited edition 180g vinyl. Miles Davis toured Japan for the first time during July 1964. Although several concerts were booked, only three performances are known to have taken place: the well-known July 14 show at Kohseinenkin Hall, in Tokyo, which was issued on LP, and the lesser-known July 12 &amp; 15 concerts presented on this set.Saxophonist George Coleman had left Davis&#039; Quintet before this tour and replaced by Sam Rivers on recommendation of the quintet&#039;s drummer Tony Williams. Other than the three concert dates in Japan, no other collaborations been Miles and Same Rivers exist.LP1: Recorded live at Hibaya Yagai Ongaku-do Hall, Tokyo, Japan, July 12, 1964.LP2: Recorded live at Maruyama Ongaku-do Hall, Kyoto, Japan, July 15, 1964.\" \/>\n<meta property=\"og:url\" content=\"https:\/\/wpguerssen-test.odoo.rgbconsulting.com\/es\/producto\/the-unissued-japanese-concerts-2lp\/\" \/>\n<meta property=\"og:site_name\" content=\"Guerssen records\" \/>\n<meta property=\"article:modified_time\" content=\"2025-02-21T13:09:41+00:00\" \/>\n<meta property=\"og:image\" content=\"https:\/\/wpguerssen-test.odoo.rgbconsulting.com\/wp-content\/uploads\/2025\/01\/49567.jpg\" \/>\n\t<meta property=\"og:image:width\" content=\"640\" \/>\n\t<meta property=\"og:image:height\" content=\"639\" \/>\n\t<meta property=\"og:image:type\" content=\"image\/jpeg\" \/>\n<meta name=\"twitter:card\" content=\"summary_large_image\" \/>\n<meta name=\"twitter:title\" content=\"DAVIS, Miles - The Unissued Japanese Concerts (2LP) -  (2LP) | Guerssen\" \/>\n<meta name=\"twitter:label1\" content=\"Tiempo de lectura\" \/>\n\t<meta name=\"twitter:data1\" content=\"1 minuto\" \/>\n<script type=\"application\/ld+json\" class=\"yoast-schema-graph\">{\"@context\":\"https:\/\/schema.org\",\"@graph\":[{\"@type\":\"WebPage\",\"@id\":\"https:\/\/wpguerssen-test.odoo.rgbconsulting.com\/es\/producto\/the-unissued-japanese-concerts-2lp\/\",\"url\":\"https:\/\/wpguerssen-test.odoo.rgbconsulting.com\/es\/producto\/the-unissued-japanese-concerts-2lp\/\",\"name\":\"DAVIS, Miles - The Unissued Japanese Concerts (2LP) - (2LP) | Guerssen\",\"isPartOf\":{\"@id\":\"https:\/\/wpguerssen-test.odoo.rgbconsulting.com\/es\/#website\"},\"primaryImageOfPage\":{\"@id\":\"https:\/\/wpguerssen-test.odoo.rgbconsulting.com\/es\/producto\/the-unissued-japanese-concerts-2lp\/#primaryimage\"},\"image\":{\"@id\":\"https:\/\/wpguerssen-test.odoo.rgbconsulting.com\/es\/producto\/the-unissued-japanese-concerts-2lp\/#primaryimage\"},\"thumbnailUrl\":\"https:\/\/wpguerssen-test.odoo.rgbconsulting.com\/wp-content\/uploads\/2025\/01\/49567.jpg\",\"datePublished\":\"2025-02-20T23:00:00+00:00\",\"dateModified\":\"2025-02-21T13:09:41+00:00\",\"description\":\"Deluxe gatefold set - pressed on limited edition 180g vinyl. Miles Davis toured Japan for the first time during July 1964. Although several concerts were booked, only three performances are known to have taken place: the well-known July 14 show at Kohseinenkin Hall, in Tokyo, which was issued on LP, and the lesser-known July 12 & 15 concerts presented on this set.Saxophonist George Coleman had left Davis' Quintet before this tour and replaced by Sam Rivers on recommendation of the quintet's drummer Tony Williams. Other than the three concert dates in Japan, no other collaborations been Miles and Same Rivers exist.LP1: Recorded live at Hibaya Yagai Ongaku-do Hall, Tokyo, Japan, July 12, 1964.LP2: Recorded live at Maruyama Ongaku-do Hall, Kyoto, Japan, July 15, 1964.\",\"breadcrumb\":{\"@id\":\"https:\/\/wpguerssen-test.odoo.rgbconsulting.com\/es\/producto\/the-unissued-japanese-concerts-2lp\/#breadcrumb\"},\"inLanguage\":\"es\",\"potentialAction\":[{\"@type\":\"ReadAction\",\"target\":[\"https:\/\/wpguerssen-test.odoo.rgbconsulting.com\/es\/producto\/the-unissued-japanese-concerts-2lp\/\"]}]},{\"@type\":\"ImageObject\",\"inLanguage\":\"es\",\"@id\":\"https:\/\/wpguerssen-test.odoo.rgbconsulting.com\/es\/producto\/the-unissued-japanese-concerts-2lp\/#primaryimage\",\"url\":\"https:\/\/wpguerssen-test.odoo.rgbconsulting.com\/wp-content\/uploads\/2025\/01\/49567.jpg\",\"contentUrl\":\"https:\/\/wpguerssen-test.odoo.rgbconsulting.com\/wp-content\/uploads\/2025\/01\/49567.jpg\",\"width\":640,\"height\":639,\"caption\":\"Miles - The Unissued Japanese Concerts (2LP) - HALF NELSON (2LP) | Guerssen\"},{\"@type\":\"BreadcrumbList\",\"@id\":\"https:\/\/wpguerssen-test.odoo.rgbconsulting.com\/es\/producto\/the-unissued-japanese-concerts-2lp\/#breadcrumb\",\"itemListElement\":[{\"@type\":\"ListItem\",\"position\":1,\"name\":\"Inicio\",\"item\":\"https:\/\/wpguerssen-test.odoo.rgbconsulting.com\/es\/\"},{\"@type\":\"ListItem\",\"position\":2,\"name\":\"Shop\",\"item\":\"https:\/\/wpguerssen-test.odoo.rgbconsulting.com\/shop\/\"},{\"@type\":\"ListItem\",\"position\":3,\"name\":\"The Unissued Japanese Concerts (2LP)\"}]},{\"@type\":\"WebSite\",\"@id\":\"https:\/\/wpguerssen-test.odoo.rgbconsulting.com\/es\/#website\",\"url\":\"https:\/\/wpguerssen-test.odoo.rgbconsulting.com\/es\/\",\"name\":\"Guerssen records\",\"description\":\"psychedelia - progressive - folk - garage \",\"publisher\":{\"@id\":\"https:\/\/wpguerssen-test.odoo.rgbconsulting.com\/es\/#organization\"},\"potentialAction\":[{\"@type\":\"SearchAction\",\"target\":{\"@type\":\"EntryPoint\",\"urlTemplate\":\"https:\/\/wpguerssen-test.odoo.rgbconsulting.com\/es\/?s={search_term_string}\"},\"query-input\":{\"@type\":\"PropertyValueSpecification\",\"valueRequired\":true,\"valueName\":\"search_term_string\"}}],\"inLanguage\":\"es\"},{\"@type\":\"Organization\",\"@id\":\"https:\/\/wpguerssen-test.odoo.rgbconsulting.com\/es\/#organization\",\"name\":\"Guerssen records\",\"url\":\"https:\/\/wpguerssen-test.odoo.rgbconsulting.com\/es\/\",\"logo\":{\"@type\":\"ImageObject\",\"inLanguage\":\"es\",\"@id\":\"https:\/\/wpguerssen-test.odoo.rgbconsulting.com\/es\/#\/schema\/logo\/image\/\",\"url\":\"https:\/\/wpguerssen-test.odoo.rgbconsulting.com\/wp-content\/uploads\/2022\/04\/Logo_Guerssen_trans_100.png\",\"contentUrl\":\"https:\/\/wpguerssen-test.odoo.rgbconsulting.com\/wp-content\/uploads\/2022\/04\/Logo_Guerssen_trans_100.png\",\"width\":122,\"height\":100,\"caption\":\"Guerssen records\"},\"image\":{\"@id\":\"https:\/\/wpguerssen-test.odoo.rgbconsulting.com\/es\/#\/schema\/logo\/image\/\"}}]}<\/script>\n<!-- \/ Yoast SEO plugin. -->","yoast_head_json":{"title":"DAVIS, Miles - The Unissued Japanese Concerts (2LP) -  (2LP) | Guerssen","description":"Deluxe gatefold set - pressed on limited edition 180g vinyl. Miles Davis toured Japan for the first time during July 1964. Although several concerts were booked, only three performances are known to have taken place: the well-known July 14 show at Kohseinenkin Hall, in Tokyo, which was issued on LP, and the lesser-known July 12 & 15 concerts presented on this set.Saxophonist George Coleman had left Davis' Quintet before this tour and replaced by Sam Rivers on recommendation of the quintet's drummer Tony Williams. Other than the three concert dates in Japan, no other collaborations been Miles and Same Rivers exist.LP1: Recorded live at Hibaya Yagai Ongaku-do Hall, Tokyo, Japan, July 12, 1964.LP2: Recorded live at Maruyama Ongaku-do Hall, Kyoto, Japan, July 15, 1964.","robots":{"index":"index","follow":"follow","max-snippet":"max-snippet:-1","max-image-preview":"max-image-preview:large","max-video-preview":"max-video-preview:-1"},"canonical":"https:\/\/wpguerssen-test.odoo.rgbconsulting.com\/es\/producto\/the-unissued-japanese-concerts-2lp\/","og_locale":"es_ES","og_type":"article","og_title":"DAVIS, Miles - The Unissued Japanese Concerts (2LP) -  (2LP) | Guerssen","og_description":"Deluxe gatefold set - pressed on limited edition 180g vinyl. Miles Davis toured Japan for the first time during July 1964. Although several concerts were booked, only three performances are known to have taken place: the well-known July 14 show at Kohseinenkin Hall, in Tokyo, which was issued on LP, and the lesser-known July 12 & 15 concerts presented on this set.Saxophonist George Coleman had left Davis' Quintet before this tour and replaced by Sam Rivers on recommendation of the quintet's drummer Tony Williams. Other than the three concert dates in Japan, no other collaborations been Miles and Same Rivers exist.LP1: Recorded live at Hibaya Yagai Ongaku-do Hall, Tokyo, Japan, July 12, 1964.LP2: Recorded live at Maruyama Ongaku-do Hall, Kyoto, Japan, July 15, 1964.","og_url":"https:\/\/wpguerssen-test.odoo.rgbconsulting.com\/es\/producto\/the-unissued-japanese-concerts-2lp\/","og_site_name":"Guerssen records","article_modified_time":"2025-02-21T13:09:41+00:00","og_image":[{"width":640,"height":639,"url":"https:\/\/wpguerssen-test.odoo.rgbconsulting.com\/wp-content\/uploads\/2025\/01\/49567.jpg","type":"image\/jpeg"}],"twitter_card":"summary_large_image","twitter_title":"DAVIS, Miles - The Unissued Japanese Concerts (2LP) -  (2LP) | Guerssen","twitter_misc":{"Tiempo de lectura":"1 minuto"},"schema":{"@context":"https:\/\/schema.org","@graph":[{"@type":"WebPage","@id":"https:\/\/wpguerssen-test.odoo.rgbconsulting.com\/es\/producto\/the-unissued-japanese-concerts-2lp\/","url":"https:\/\/wpguerssen-test.odoo.rgbconsulting.com\/es\/producto\/the-unissued-japanese-concerts-2lp\/","name":"DAVIS, Miles - The Unissued Japanese Concerts (2LP) - (2LP) | Guerssen","isPartOf":{"@id":"https:\/\/wpguerssen-test.odoo.rgbconsulting.com\/es\/#website"},"primaryImageOfPage":{"@id":"https:\/\/wpguerssen-test.odoo.rgbconsulting.com\/es\/producto\/the-unissued-japanese-concerts-2lp\/#primaryimage"},"image":{"@id":"https:\/\/wpguerssen-test.odoo.rgbconsulting.com\/es\/producto\/the-unissued-japanese-concerts-2lp\/#primaryimage"},"thumbnailUrl":"https:\/\/wpguerssen-test.odoo.rgbconsulting.com\/wp-content\/uploads\/2025\/01\/49567.jpg","datePublished":"2025-02-20T23:00:00+00:00","dateModified":"2025-02-21T13:09:41+00:00","description":"Deluxe gatefold set - pressed on limited edition 180g vinyl. Miles Davis toured Japan for the first time during July 1964. Although several concerts were booked, only three performances are known to have taken place: the well-known July 14 show at Kohseinenkin Hall, in Tokyo, which was issued on LP, and the lesser-known July 12 & 15 concerts presented on this set.Saxophonist George Coleman had left Davis' Quintet before this tour and replaced by Sam Rivers on recommendation of the quintet's drummer Tony Williams. Other than the three concert dates in Japan, no other collaborations been Miles and Same Rivers exist.LP1: Recorded live at Hibaya Yagai Ongaku-do Hall, Tokyo, Japan, July 12, 1964.LP2: Recorded live at Maruyama Ongaku-do Hall, Kyoto, Japan, July 15, 1964.","breadcrumb":{"@id":"https:\/\/wpguerssen-test.odoo.rgbconsulting.com\/es\/producto\/the-unissued-japanese-concerts-2lp\/#breadcrumb"},"inLanguage":"es","potentialAction":[{"@type":"ReadAction","target":["https:\/\/wpguerssen-test.odoo.rgbconsulting.com\/es\/producto\/the-unissued-japanese-concerts-2lp\/"]}]},{"@type":"ImageObject","inLanguage":"es","@id":"https:\/\/wpguerssen-test.odoo.rgbconsulting.com\/es\/producto\/the-unissued-japanese-concerts-2lp\/#primaryimage","url":"https:\/\/wpguerssen-test.odoo.rgbconsulting.com\/wp-content\/uploads\/2025\/01\/49567.jpg","contentUrl":"https:\/\/wpguerssen-test.odoo.rgbconsulting.com\/wp-content\/uploads\/2025\/01\/49567.jpg","width":640,"height":639,"caption":"Miles - The Unissued Japanese Concerts (2LP) - HALF NELSON (2LP) | Guerssen"},{"@type":"BreadcrumbList","@id":"https:\/\/wpguerssen-test.odoo.rgbconsulting.com\/es\/producto\/the-unissued-japanese-concerts-2lp\/#breadcrumb","itemListElement":[{"@type":"ListItem","position":1,"name":"Inicio","item":"https:\/\/wpguerssen-test.odoo.rgbconsulting.com\/es\/"},{"@type":"ListItem","position":2,"name":"Shop","item":"https:\/\/wpguerssen-test.odoo.rgbconsulting.com\/shop\/"},{"@type":"ListItem","position":3,"name":"The Unissued Japanese Concerts (2LP)"}]},{"@type":"WebSite","@id":"https:\/\/wpguerssen-test.odoo.rgbconsulting.com\/es\/#website","url":"https:\/\/wpguerssen-test.odoo.rgbconsulting.com\/es\/","name":"Guerssen records","description":"psychedelia - progressive - folk - garage ","publisher":{"@id":"https:\/\/wpguerssen-test.odoo.rgbconsulting.com\/es\/#organization"},"potentialAction":[{"@type":"SearchAction","target":{"@type":"EntryPoint","urlTemplate":"https:\/\/wpguerssen-test.odoo.rgbconsulting.com\/es\/?s={search_term_string}"},"query-input":{"@type":"PropertyValueSpecification","valueRequired":true,"valueName":"search_term_string"}}],"inLanguage":"es"},{"@type":"Organization","@id":"https:\/\/wpguerssen-test.odoo.rgbconsulting.com\/es\/#organization","name":"Guerssen records","url":"https:\/\/wpguerssen-test.odoo.rgbconsulting.com\/es\/","logo":{"@type":"ImageObject","inLanguage":"es","@id":"https:\/\/wpguerssen-test.odoo.rgbconsulting.com\/es\/#\/schema\/logo\/image\/","url":"https:\/\/wpguerssen-test.odoo.rgbconsulting.com\/wp-content\/uploads\/2022\/04\/Logo_Guerssen_trans_100.png","contentUrl":"https:\/\/wpguerssen-test.odoo.rgbconsulting.com\/wp-content\/uploads\/2022\/04\/Logo_Guerssen_trans_100.png","width":122,"height":100,"caption":"Guerssen records"},"image":{"@id":"https:\/\/wpguerssen-test.odoo.rgbconsulting.com\/es\/#\/schema\/logo\/image\/"}}]}},"_links":{"self":[{"href":"https:\/\/wpguerssen-test.odoo.rgbconsulting.com\/es\/wp-json\/wp\/v2\/product\/281239","targetHints":{"allow":["GET"]}}],"collection":[{"href":"https:\/\/wpguerssen-test.odoo.rgbconsulting.com\/es\/wp-json\/wp\/v2\/product"}],"about":[{"href":"https:\/\/wpguerssen-test.odoo.rgbconsulting.com\/es\/wp-json\/wp\/v2\/types\/product"}],"wp:featuredmedia":[{"embeddable":true,"href":"https:\/\/wpguerssen-test.odoo.rgbconsulting.com\/es\/wp-json\/wp\/v2\/media\/281315"}],"wp:attachment":[{"href":"https:\/\/wpguerssen-test.odoo.rgbconsulting.com\/es\/wp-json\/wp\/v2\/media?parent=281239"}],"wp:term":[{"taxonomy":"product_brand","embeddable":true,"href":"https:\/\/wpguerssen-test.odoo.rgbconsulting.com\/es\/wp-json\/wp\/v2\/product_brand?post=281239"},{"taxonomy":"product_cat","embeddable":true,"href":"https:\/\/wpguerssen-test.odoo.rgbconsulting.com\/es\/wp-json\/wp\/v2\/product_cat?post=281239"},{"taxonomy":"product_tag","embeddable":true,"href":"https:\/\/wpguerssen-test.odoo.rgbconsulting.com\/es\/wp-json\/wp\/v2\/product_tag?post=281239"}],"curies":[{"name":"wp","href":"https:\/\/api.w.org\/{rel}","templated":true}]}}