{"id":281240,"date":"2025-01-27T00:00:00","date_gmt":"2025-01-26T23:00:00","guid":{"rendered":"https:\/\/wpguerssen-test.odoo.rgbconsulting.com\/product\/a-taste-of-india\/"},"modified":"2025-02-03T15:29:43","modified_gmt":"2025-02-03T14:29:43","slug":"a-taste-of-india","status":"publish","type":"product","link":"https:\/\/wpguerssen-test.odoo.rgbconsulting.com\/es\/producto\/a-taste-of-india\/","title":{"rendered":"A Taste Of India"},"content":{"rendered":"<p>HALLAZGO EN ALMAC\u00c9N. Este es el \u00fanico e inigualable Martin Denny que se adentra en los sonidos sumamente ex\u00f3ticos de la India. Publicado originalmente en 1968 en Liberty Records, \u00abA Taste of India\u00bb se mantiene como uno de los mejores trabajos posteriores de Denny. Aqu\u00ed, el rey de lo ex\u00f3tico inyecta sus magn\u00edficos arreglos instrumentales con toneladas de sitares y tanpuras como los ingredientes principales de otro viaje sonoro estilizado. Los puntos destacados del \u00e1lbum incluyen una versi\u00f3n memorable de \u00abIncense and Peppermints\u00bb de The Strawberry Alarm Clock y la propia obra maestra de Denny, \u00abHypnotique\u00bb.<\/p>\n","protected":false},"excerpt":{"rendered":"<p>HALLAZGO EN ALMAC\u00c9N. Este es el \u00fanico e inigualable Martin Denny que se adentra en los sonidos sumamente ex\u00f3ticos de la India. Publicado originalmente en 1968 en<a class=\"read\" href=\"https:\/\/wpguerssen-test.odoo.rgbconsulting.com\/es\/producto\/a-taste-of-india\/\"> (...)<\/a>","protected":false},"featured_media":281317,"template":"","meta":{"_acf_changed":false},"product_brand":[],"product_cat":[23267,23232],"product_tag":[24189],"class_list":{"0":"post-281240","1":"product","2":"type-product","3":"status-publish","4":"has-post-thumbnail","6":"product_cat-exotica-es","7":"product_cat-library-music-lounge-es","8":"product_tag-recien-llegadas","9":"pa_artist-denny-martin","10":"pa_format-lp-es","11":"pa_gender-exotica-library-music-lounge","12":"pa_label-pleasure-for-music","13":"pa_location-north-america-es","14":"pa_other-filters-vinyl-only-es","16":"first","17":"instock","18":"taxable","19":"shipping-taxable","20":"purchasable","21":"product-type-simple"},"acf":[],"yoast_head":"<!-- This site is optimized with the Yoast SEO plugin v24.9 - https:\/\/yoast.com\/wordpress\/plugins\/seo\/ -->\n<title>DENNY, Martin - A Taste Of India -  (LP) | Guerssen<\/title>\n<meta name=\"description\" content=\"WAREHOUSE FIND. This is the one and only Martin Denny diving into the highly exotic sounds of India. Originally released in 1968 on Liberty Records &quot;A Taste of India&quot; stands as one of the best later Denny&#039;s work. Here the king of Exotica injects his gorgeous instrumental arrangements with tons of sitars and tanpuras as the main ingredients of another stylized sound trip. The album highlights include a memorable version of The Strawberry Alarm Clock&#039;s &quot;Incense and Peppermints&quot; and Denny&#039;s own masterpiece &quot;Hypnotique&quot;.\" \/>\n<meta name=\"robots\" content=\"index, follow, max-snippet:-1, max-image-preview:large, max-video-preview:-1\" \/>\n<link rel=\"canonical\" href=\"https:\/\/wpguerssen-test.odoo.rgbconsulting.com\/es\/producto\/a-taste-of-india\/\" \/>\n<meta property=\"og:locale\" content=\"es_ES\" \/>\n<meta property=\"og:type\" content=\"article\" \/>\n<meta property=\"og:title\" content=\"DENNY, Martin - A Taste Of India -  (LP) | Guerssen\" \/>\n<meta property=\"og:description\" content=\"WAREHOUSE FIND. This is the one and only Martin Denny diving into the highly exotic sounds of India. Originally released in 1968 on Liberty Records &quot;A Taste of India&quot; stands as one of the best later Denny&#039;s work. Here the king of Exotica injects his gorgeous instrumental arrangements with tons of sitars and tanpuras as the main ingredients of another stylized sound trip. The album highlights include a memorable version of The Strawberry Alarm Clock&#039;s &quot;Incense and Peppermints&quot; and Denny&#039;s own masterpiece &quot;Hypnotique&quot;.\" \/>\n<meta property=\"og:url\" content=\"https:\/\/wpguerssen-test.odoo.rgbconsulting.com\/es\/producto\/a-taste-of-india\/\" \/>\n<meta property=\"og:site_name\" content=\"Guerssen records\" \/>\n<meta property=\"article:modified_time\" content=\"2025-02-03T14:29:43+00:00\" \/>\n<meta property=\"og:image\" content=\"https:\/\/wpguerssen-test.odoo.rgbconsulting.com\/wp-content\/uploads\/2025\/01\/49568.jpg\" \/>\n\t<meta property=\"og:image:width\" content=\"768\" \/>\n\t<meta property=\"og:image:height\" content=\"768\" \/>\n\t<meta property=\"og:image:type\" content=\"image\/jpeg\" \/>\n<meta name=\"twitter:card\" content=\"summary_large_image\" \/>\n<meta name=\"twitter:title\" content=\"DENNY, Martin - A Taste Of India -  (LP) | Guerssen\" \/>\n<meta name=\"twitter:label1\" content=\"Tiempo de lectura\" \/>\n\t<meta name=\"twitter:data1\" content=\"1 minuto\" \/>\n<script type=\"application\/ld+json\" class=\"yoast-schema-graph\">{\"@context\":\"https:\/\/schema.org\",\"@graph\":[{\"@type\":\"WebPage\",\"@id\":\"https:\/\/wpguerssen-test.odoo.rgbconsulting.com\/es\/producto\/a-taste-of-india\/\",\"url\":\"https:\/\/wpguerssen-test.odoo.rgbconsulting.com\/es\/producto\/a-taste-of-india\/\",\"name\":\"DENNY, Martin - A Taste Of India - (LP) | Guerssen\",\"isPartOf\":{\"@id\":\"https:\/\/wpguerssen-test.odoo.rgbconsulting.com\/es\/#website\"},\"primaryImageOfPage\":{\"@id\":\"https:\/\/wpguerssen-test.odoo.rgbconsulting.com\/es\/producto\/a-taste-of-india\/#primaryimage\"},\"image\":{\"@id\":\"https:\/\/wpguerssen-test.odoo.rgbconsulting.com\/es\/producto\/a-taste-of-india\/#primaryimage\"},\"thumbnailUrl\":\"https:\/\/wpguerssen-test.odoo.rgbconsulting.com\/wp-content\/uploads\/2025\/01\/49568.jpg\",\"datePublished\":\"2025-01-26T23:00:00+00:00\",\"dateModified\":\"2025-02-03T14:29:43+00:00\",\"description\":\"WAREHOUSE FIND. This is the one and only Martin Denny diving into the highly exotic sounds of India. Originally released in 1968 on Liberty Records \\\"A Taste of India\\\" stands as one of the best later Denny's work. Here the king of Exotica injects his gorgeous instrumental arrangements with tons of sitars and tanpuras as the main ingredients of another stylized sound trip. The album highlights include a memorable version of The Strawberry Alarm Clock's \\\"Incense and Peppermints\\\" and Denny's own masterpiece \\\"Hypnotique\\\".\",\"breadcrumb\":{\"@id\":\"https:\/\/wpguerssen-test.odoo.rgbconsulting.com\/es\/producto\/a-taste-of-india\/#breadcrumb\"},\"inLanguage\":\"es\",\"potentialAction\":[{\"@type\":\"ReadAction\",\"target\":[\"https:\/\/wpguerssen-test.odoo.rgbconsulting.com\/es\/producto\/a-taste-of-india\/\"]}]},{\"@type\":\"ImageObject\",\"inLanguage\":\"es\",\"@id\":\"https:\/\/wpguerssen-test.odoo.rgbconsulting.com\/es\/producto\/a-taste-of-india\/#primaryimage\",\"url\":\"https:\/\/wpguerssen-test.odoo.rgbconsulting.com\/wp-content\/uploads\/2025\/01\/49568.jpg\",\"contentUrl\":\"https:\/\/wpguerssen-test.odoo.rgbconsulting.com\/wp-content\/uploads\/2025\/01\/49568.jpg\",\"width\":768,\"height\":768,\"caption\":\"Martin - A Taste Of India - PLEASURE FOR MUSIC (LP) | Guerssen\"},{\"@type\":\"BreadcrumbList\",\"@id\":\"https:\/\/wpguerssen-test.odoo.rgbconsulting.com\/es\/producto\/a-taste-of-india\/#breadcrumb\",\"itemListElement\":[{\"@type\":\"ListItem\",\"position\":1,\"name\":\"Inicio\",\"item\":\"https:\/\/wpguerssen-test.odoo.rgbconsulting.com\/es\/\"},{\"@type\":\"ListItem\",\"position\":2,\"name\":\"Shop\",\"item\":\"https:\/\/wpguerssen-test.odoo.rgbconsulting.com\/shop\/\"},{\"@type\":\"ListItem\",\"position\":3,\"name\":\"A Taste Of India\"}]},{\"@type\":\"WebSite\",\"@id\":\"https:\/\/wpguerssen-test.odoo.rgbconsulting.com\/es\/#website\",\"url\":\"https:\/\/wpguerssen-test.odoo.rgbconsulting.com\/es\/\",\"name\":\"Guerssen records\",\"description\":\"psychedelia - progressive - folk - garage \",\"publisher\":{\"@id\":\"https:\/\/wpguerssen-test.odoo.rgbconsulting.com\/es\/#organization\"},\"potentialAction\":[{\"@type\":\"SearchAction\",\"target\":{\"@type\":\"EntryPoint\",\"urlTemplate\":\"https:\/\/wpguerssen-test.odoo.rgbconsulting.com\/es\/?s={search_term_string}\"},\"query-input\":{\"@type\":\"PropertyValueSpecification\",\"valueRequired\":true,\"valueName\":\"search_term_string\"}}],\"inLanguage\":\"es\"},{\"@type\":\"Organization\",\"@id\":\"https:\/\/wpguerssen-test.odoo.rgbconsulting.com\/es\/#organization\",\"name\":\"Guerssen records\",\"url\":\"https:\/\/wpguerssen-test.odoo.rgbconsulting.com\/es\/\",\"logo\":{\"@type\":\"ImageObject\",\"inLanguage\":\"es\",\"@id\":\"https:\/\/wpguerssen-test.odoo.rgbconsulting.com\/es\/#\/schema\/logo\/image\/\",\"url\":\"https:\/\/wpguerssen-test.odoo.rgbconsulting.com\/wp-content\/uploads\/2022\/04\/Logo_Guerssen_trans_100.png\",\"contentUrl\":\"https:\/\/wpguerssen-test.odoo.rgbconsulting.com\/wp-content\/uploads\/2022\/04\/Logo_Guerssen_trans_100.png\",\"width\":122,\"height\":100,\"caption\":\"Guerssen records\"},\"image\":{\"@id\":\"https:\/\/wpguerssen-test.odoo.rgbconsulting.com\/es\/#\/schema\/logo\/image\/\"}}]}<\/script>\n<!-- \/ Yoast SEO plugin. -->","yoast_head_json":{"title":"DENNY, Martin - A Taste Of India -  (LP) | Guerssen","description":"WAREHOUSE FIND. This is the one and only Martin Denny diving into the highly exotic sounds of India. Originally released in 1968 on Liberty Records \"A Taste of India\" stands as one of the best later Denny's work. Here the king of Exotica injects his gorgeous instrumental arrangements with tons of sitars and tanpuras as the main ingredients of another stylized sound trip. The album highlights include a memorable version of The Strawberry Alarm Clock's \"Incense and Peppermints\" and Denny's own masterpiece \"Hypnotique\".","robots":{"index":"index","follow":"follow","max-snippet":"max-snippet:-1","max-image-preview":"max-image-preview:large","max-video-preview":"max-video-preview:-1"},"canonical":"https:\/\/wpguerssen-test.odoo.rgbconsulting.com\/es\/producto\/a-taste-of-india\/","og_locale":"es_ES","og_type":"article","og_title":"DENNY, Martin - A Taste Of India -  (LP) | Guerssen","og_description":"WAREHOUSE FIND. This is the one and only Martin Denny diving into the highly exotic sounds of India. Originally released in 1968 on Liberty Records \"A Taste of India\" stands as one of the best later Denny's work. Here the king of Exotica injects his gorgeous instrumental arrangements with tons of sitars and tanpuras as the main ingredients of another stylized sound trip. The album highlights include a memorable version of The Strawberry Alarm Clock's \"Incense and Peppermints\" and Denny's own masterpiece \"Hypnotique\".","og_url":"https:\/\/wpguerssen-test.odoo.rgbconsulting.com\/es\/producto\/a-taste-of-india\/","og_site_name":"Guerssen records","article_modified_time":"2025-02-03T14:29:43+00:00","og_image":[{"width":768,"height":768,"url":"https:\/\/wpguerssen-test.odoo.rgbconsulting.com\/wp-content\/uploads\/2025\/01\/49568.jpg","type":"image\/jpeg"}],"twitter_card":"summary_large_image","twitter_title":"DENNY, Martin - A Taste Of India -  (LP) | Guerssen","twitter_misc":{"Tiempo de lectura":"1 minuto"},"schema":{"@context":"https:\/\/schema.org","@graph":[{"@type":"WebPage","@id":"https:\/\/wpguerssen-test.odoo.rgbconsulting.com\/es\/producto\/a-taste-of-india\/","url":"https:\/\/wpguerssen-test.odoo.rgbconsulting.com\/es\/producto\/a-taste-of-india\/","name":"DENNY, Martin - A Taste Of India - (LP) | Guerssen","isPartOf":{"@id":"https:\/\/wpguerssen-test.odoo.rgbconsulting.com\/es\/#website"},"primaryImageOfPage":{"@id":"https:\/\/wpguerssen-test.odoo.rgbconsulting.com\/es\/producto\/a-taste-of-india\/#primaryimage"},"image":{"@id":"https:\/\/wpguerssen-test.odoo.rgbconsulting.com\/es\/producto\/a-taste-of-india\/#primaryimage"},"thumbnailUrl":"https:\/\/wpguerssen-test.odoo.rgbconsulting.com\/wp-content\/uploads\/2025\/01\/49568.jpg","datePublished":"2025-01-26T23:00:00+00:00","dateModified":"2025-02-03T14:29:43+00:00","description":"WAREHOUSE FIND. This is the one and only Martin Denny diving into the highly exotic sounds of India. Originally released in 1968 on Liberty Records \"A Taste of India\" stands as one of the best later Denny's work. Here the king of Exotica injects his gorgeous instrumental arrangements with tons of sitars and tanpuras as the main ingredients of another stylized sound trip. The album highlights include a memorable version of The Strawberry Alarm Clock's \"Incense and Peppermints\" and Denny's own masterpiece \"Hypnotique\".","breadcrumb":{"@id":"https:\/\/wpguerssen-test.odoo.rgbconsulting.com\/es\/producto\/a-taste-of-india\/#breadcrumb"},"inLanguage":"es","potentialAction":[{"@type":"ReadAction","target":["https:\/\/wpguerssen-test.odoo.rgbconsulting.com\/es\/producto\/a-taste-of-india\/"]}]},{"@type":"ImageObject","inLanguage":"es","@id":"https:\/\/wpguerssen-test.odoo.rgbconsulting.com\/es\/producto\/a-taste-of-india\/#primaryimage","url":"https:\/\/wpguerssen-test.odoo.rgbconsulting.com\/wp-content\/uploads\/2025\/01\/49568.jpg","contentUrl":"https:\/\/wpguerssen-test.odoo.rgbconsulting.com\/wp-content\/uploads\/2025\/01\/49568.jpg","width":768,"height":768,"caption":"Martin - A Taste Of India - PLEASURE FOR MUSIC (LP) | Guerssen"},{"@type":"BreadcrumbList","@id":"https:\/\/wpguerssen-test.odoo.rgbconsulting.com\/es\/producto\/a-taste-of-india\/#breadcrumb","itemListElement":[{"@type":"ListItem","position":1,"name":"Inicio","item":"https:\/\/wpguerssen-test.odoo.rgbconsulting.com\/es\/"},{"@type":"ListItem","position":2,"name":"Shop","item":"https:\/\/wpguerssen-test.odoo.rgbconsulting.com\/shop\/"},{"@type":"ListItem","position":3,"name":"A Taste Of India"}]},{"@type":"WebSite","@id":"https:\/\/wpguerssen-test.odoo.rgbconsulting.com\/es\/#website","url":"https:\/\/wpguerssen-test.odoo.rgbconsulting.com\/es\/","name":"Guerssen records","description":"psychedelia - progressive - folk - garage ","publisher":{"@id":"https:\/\/wpguerssen-test.odoo.rgbconsulting.com\/es\/#organization"},"potentialAction":[{"@type":"SearchAction","target":{"@type":"EntryPoint","urlTemplate":"https:\/\/wpguerssen-test.odoo.rgbconsulting.com\/es\/?s={search_term_string}"},"query-input":{"@type":"PropertyValueSpecification","valueRequired":true,"valueName":"search_term_string"}}],"inLanguage":"es"},{"@type":"Organization","@id":"https:\/\/wpguerssen-test.odoo.rgbconsulting.com\/es\/#organization","name":"Guerssen records","url":"https:\/\/wpguerssen-test.odoo.rgbconsulting.com\/es\/","logo":{"@type":"ImageObject","inLanguage":"es","@id":"https:\/\/wpguerssen-test.odoo.rgbconsulting.com\/es\/#\/schema\/logo\/image\/","url":"https:\/\/wpguerssen-test.odoo.rgbconsulting.com\/wp-content\/uploads\/2022\/04\/Logo_Guerssen_trans_100.png","contentUrl":"https:\/\/wpguerssen-test.odoo.rgbconsulting.com\/wp-content\/uploads\/2022\/04\/Logo_Guerssen_trans_100.png","width":122,"height":100,"caption":"Guerssen records"},"image":{"@id":"https:\/\/wpguerssen-test.odoo.rgbconsulting.com\/es\/#\/schema\/logo\/image\/"}}]}},"_links":{"self":[{"href":"https:\/\/wpguerssen-test.odoo.rgbconsulting.com\/es\/wp-json\/wp\/v2\/product\/281240","targetHints":{"allow":["GET"]}}],"collection":[{"href":"https:\/\/wpguerssen-test.odoo.rgbconsulting.com\/es\/wp-json\/wp\/v2\/product"}],"about":[{"href":"https:\/\/wpguerssen-test.odoo.rgbconsulting.com\/es\/wp-json\/wp\/v2\/types\/product"}],"wp:featuredmedia":[{"embeddable":true,"href":"https:\/\/wpguerssen-test.odoo.rgbconsulting.com\/es\/wp-json\/wp\/v2\/media\/281317"}],"wp:attachment":[{"href":"https:\/\/wpguerssen-test.odoo.rgbconsulting.com\/es\/wp-json\/wp\/v2\/media?parent=281240"}],"wp:term":[{"taxonomy":"product_brand","embeddable":true,"href":"https:\/\/wpguerssen-test.odoo.rgbconsulting.com\/es\/wp-json\/wp\/v2\/product_brand?post=281240"},{"taxonomy":"product_cat","embeddable":true,"href":"https:\/\/wpguerssen-test.odoo.rgbconsulting.com\/es\/wp-json\/wp\/v2\/product_cat?post=281240"},{"taxonomy":"product_tag","embeddable":true,"href":"https:\/\/wpguerssen-test.odoo.rgbconsulting.com\/es\/wp-json\/wp\/v2\/product_tag?post=281240"}],"curies":[{"name":"wp","href":"https:\/\/api.w.org\/{rel}","templated":true}]}}