{"id":281246,"date":"2025-02-21T00:00:00","date_gmt":"2025-02-20T23:00:00","guid":{"rendered":"https:\/\/wpguerssen-test.odoo.rgbconsulting.com\/product\/just-a-feeling\/"},"modified":"2025-02-21T14:09:46","modified_gmt":"2025-02-21T13:09:46","slug":"just-a-feeling","status":"publish","type":"product","link":"https:\/\/wpguerssen-test.odoo.rgbconsulting.com\/es\/producto\/just-a-feeling\/","title":{"rendered":"Just A Feeling"},"content":{"rendered":"<p>Como m\u00fasico acompa\u00f1ante y l\u00edder de banda, Little Walter revolucion\u00f3 el sonido de la arm\u00f3nica de blues a trav\u00e9s de la amplificaci\u00f3n, conectando un micr\u00f3fono a la arm\u00f3nica mientras tocaba. Si bien puede que no haya sido el primer bluesman en tocar la arm\u00f3nica amplificada, explor\u00f3 sus posibilidades al m\u00e1ximo. Este LP re\u00fane 16 temas de estudio remasterizados que Little Walter hizo como l\u00edder para el sello subsidiario de Chess Records, Checker, publicados originalmente entre 1952 y 1962. Con la participaci\u00f3n de Muddy Waters, Robert Lockwood, Jr., Willie Dixon y Otis Spann, entre otros. 16 TEMAS &#8211; VINILO VIRGEN DE 180 GRAMOS &#8211; EDICI\u00d3N LIMITADA<\/p>\n","protected":false},"excerpt":{"rendered":"<p>Como m\u00fasico acompa\u00f1ante y l\u00edder de banda, Little Walter revolucion\u00f3 el sonido de la arm\u00f3nica de blues a trav\u00e9s de la amplificaci\u00f3n, conectando un micr\u00f3fono<a class=\"read\" href=\"https:\/\/wpguerssen-test.odoo.rgbconsulting.com\/es\/producto\/just-a-feeling\/\"> (...)<\/a>","protected":false},"featured_media":281329,"template":"","meta":{"_acf_changed":false},"product_brand":[],"product_cat":[23262],"product_tag":[24189],"class_list":{"0":"post-281246","1":"product","2":"type-product","3":"status-publish","4":"has-post-thumbnail","6":"product_cat-blues-blues-rock-es","7":"product_tag-recien-llegadas","8":"pa_artist-little-walter","9":"pa_format-lp-es","10":"pa_gender-blues-blues-rock","11":"pa_label-blues-joint","12":"pa_location-north-america-es","13":"pa_other-filters-vinyl-only-es","15":"first","16":"instock","17":"taxable","18":"shipping-taxable","19":"purchasable","20":"product-type-simple"},"acf":[],"yoast_head":"<!-- This site is optimized with the Yoast SEO plugin v24.9 - https:\/\/yoast.com\/wordpress\/plugins\/seo\/ -->\n<title>LITTLE WALTER - Just A Feeling -  (LP) | Guerssen<\/title>\n<meta name=\"description\" content=\"Both as a sideman and bandleader, Little Walter revolutionized the sound of blues harmonica through amplification, clasping a mike to the harp as he played. While he may not have been the first bluesman to play amplified harmonica, he explored it&#039;s possibilities most fully. This LP puts together 16 remastered studio tracks Little Walter made as a leader for the Chess Records subsidiary label Checker, originally released between 1952 and 1962. Featuring Muddy Waters, Robert Lockwood, Jr., Willie Dixon, and Otis Spann, among others. 16 TRACKS - 180-GRAM VIRGIN VINYL - LIMITED EDITION\" \/>\n<meta name=\"robots\" content=\"index, follow, max-snippet:-1, max-image-preview:large, max-video-preview:-1\" \/>\n<link rel=\"canonical\" href=\"https:\/\/wpguerssen-test.odoo.rgbconsulting.com\/es\/producto\/just-a-feeling\/\" \/>\n<meta property=\"og:locale\" content=\"es_ES\" \/>\n<meta property=\"og:type\" content=\"article\" \/>\n<meta property=\"og:title\" content=\"LITTLE WALTER - Just A Feeling -  (LP) | Guerssen\" \/>\n<meta property=\"og:description\" content=\"Both as a sideman and bandleader, Little Walter revolutionized the sound of blues harmonica through amplification, clasping a mike to the harp as he played. While he may not have been the first bluesman to play amplified harmonica, he explored it&#039;s possibilities most fully. This LP puts together 16 remastered studio tracks Little Walter made as a leader for the Chess Records subsidiary label Checker, originally released between 1952 and 1962. Featuring Muddy Waters, Robert Lockwood, Jr., Willie Dixon, and Otis Spann, among others. 16 TRACKS - 180-GRAM VIRGIN VINYL - LIMITED EDITION\" \/>\n<meta property=\"og:url\" content=\"https:\/\/wpguerssen-test.odoo.rgbconsulting.com\/es\/producto\/just-a-feeling\/\" \/>\n<meta property=\"og:site_name\" content=\"Guerssen records\" \/>\n<meta property=\"article:modified_time\" content=\"2025-02-21T13:09:46+00:00\" \/>\n<meta property=\"og:image\" content=\"https:\/\/wpguerssen-test.odoo.rgbconsulting.com\/wp-content\/uploads\/2025\/01\/49574.jpg\" \/>\n\t<meta property=\"og:image:width\" content=\"500\" \/>\n\t<meta property=\"og:image:height\" content=\"500\" \/>\n\t<meta property=\"og:image:type\" content=\"image\/jpeg\" \/>\n<meta name=\"twitter:card\" content=\"summary_large_image\" \/>\n<meta name=\"twitter:title\" content=\"LITTLE WALTER - Just A Feeling -  (LP) | Guerssen\" \/>\n<meta name=\"twitter:label1\" content=\"Tiempo de lectura\" \/>\n\t<meta name=\"twitter:data1\" content=\"1 minuto\" \/>\n<script type=\"application\/ld+json\" class=\"yoast-schema-graph\">{\"@context\":\"https:\/\/schema.org\",\"@graph\":[{\"@type\":\"WebPage\",\"@id\":\"https:\/\/wpguerssen-test.odoo.rgbconsulting.com\/es\/producto\/just-a-feeling\/\",\"url\":\"https:\/\/wpguerssen-test.odoo.rgbconsulting.com\/es\/producto\/just-a-feeling\/\",\"name\":\"LITTLE WALTER - Just A Feeling - (LP) | Guerssen\",\"isPartOf\":{\"@id\":\"https:\/\/wpguerssen-test.odoo.rgbconsulting.com\/es\/#website\"},\"primaryImageOfPage\":{\"@id\":\"https:\/\/wpguerssen-test.odoo.rgbconsulting.com\/es\/producto\/just-a-feeling\/#primaryimage\"},\"image\":{\"@id\":\"https:\/\/wpguerssen-test.odoo.rgbconsulting.com\/es\/producto\/just-a-feeling\/#primaryimage\"},\"thumbnailUrl\":\"https:\/\/wpguerssen-test.odoo.rgbconsulting.com\/wp-content\/uploads\/2025\/01\/49574.jpg\",\"datePublished\":\"2025-02-20T23:00:00+00:00\",\"dateModified\":\"2025-02-21T13:09:46+00:00\",\"description\":\"Both as a sideman and bandleader, Little Walter revolutionized the sound of blues harmonica through amplification, clasping a mike to the harp as he played. While he may not have been the first bluesman to play amplified harmonica, he explored it's possibilities most fully. This LP puts together 16 remastered studio tracks Little Walter made as a leader for the Chess Records subsidiary label Checker, originally released between 1952 and 1962. Featuring Muddy Waters, Robert Lockwood, Jr., Willie Dixon, and Otis Spann, among others. 16 TRACKS - 180-GRAM VIRGIN VINYL - LIMITED EDITION\",\"breadcrumb\":{\"@id\":\"https:\/\/wpguerssen-test.odoo.rgbconsulting.com\/es\/producto\/just-a-feeling\/#breadcrumb\"},\"inLanguage\":\"es\",\"potentialAction\":[{\"@type\":\"ReadAction\",\"target\":[\"https:\/\/wpguerssen-test.odoo.rgbconsulting.com\/es\/producto\/just-a-feeling\/\"]}]},{\"@type\":\"ImageObject\",\"inLanguage\":\"es\",\"@id\":\"https:\/\/wpguerssen-test.odoo.rgbconsulting.com\/es\/producto\/just-a-feeling\/#primaryimage\",\"url\":\"https:\/\/wpguerssen-test.odoo.rgbconsulting.com\/wp-content\/uploads\/2025\/01\/49574.jpg\",\"contentUrl\":\"https:\/\/wpguerssen-test.odoo.rgbconsulting.com\/wp-content\/uploads\/2025\/01\/49574.jpg\",\"width\":500,\"height\":500},{\"@type\":\"BreadcrumbList\",\"@id\":\"https:\/\/wpguerssen-test.odoo.rgbconsulting.com\/es\/producto\/just-a-feeling\/#breadcrumb\",\"itemListElement\":[{\"@type\":\"ListItem\",\"position\":1,\"name\":\"Inicio\",\"item\":\"https:\/\/wpguerssen-test.odoo.rgbconsulting.com\/es\/\"},{\"@type\":\"ListItem\",\"position\":2,\"name\":\"Shop\",\"item\":\"https:\/\/wpguerssen-test.odoo.rgbconsulting.com\/shop\/\"},{\"@type\":\"ListItem\",\"position\":3,\"name\":\"Just A Feeling\"}]},{\"@type\":\"WebSite\",\"@id\":\"https:\/\/wpguerssen-test.odoo.rgbconsulting.com\/es\/#website\",\"url\":\"https:\/\/wpguerssen-test.odoo.rgbconsulting.com\/es\/\",\"name\":\"Guerssen records\",\"description\":\"psychedelia - progressive - folk - garage \",\"publisher\":{\"@id\":\"https:\/\/wpguerssen-test.odoo.rgbconsulting.com\/es\/#organization\"},\"potentialAction\":[{\"@type\":\"SearchAction\",\"target\":{\"@type\":\"EntryPoint\",\"urlTemplate\":\"https:\/\/wpguerssen-test.odoo.rgbconsulting.com\/es\/?s={search_term_string}\"},\"query-input\":{\"@type\":\"PropertyValueSpecification\",\"valueRequired\":true,\"valueName\":\"search_term_string\"}}],\"inLanguage\":\"es\"},{\"@type\":\"Organization\",\"@id\":\"https:\/\/wpguerssen-test.odoo.rgbconsulting.com\/es\/#organization\",\"name\":\"Guerssen records\",\"url\":\"https:\/\/wpguerssen-test.odoo.rgbconsulting.com\/es\/\",\"logo\":{\"@type\":\"ImageObject\",\"inLanguage\":\"es\",\"@id\":\"https:\/\/wpguerssen-test.odoo.rgbconsulting.com\/es\/#\/schema\/logo\/image\/\",\"url\":\"https:\/\/wpguerssen-test.odoo.rgbconsulting.com\/wp-content\/uploads\/2022\/04\/Logo_Guerssen_trans_100.png\",\"contentUrl\":\"https:\/\/wpguerssen-test.odoo.rgbconsulting.com\/wp-content\/uploads\/2022\/04\/Logo_Guerssen_trans_100.png\",\"width\":122,\"height\":100,\"caption\":\"Guerssen records\"},\"image\":{\"@id\":\"https:\/\/wpguerssen-test.odoo.rgbconsulting.com\/es\/#\/schema\/logo\/image\/\"}}]}<\/script>\n<!-- \/ Yoast SEO plugin. -->","yoast_head_json":{"title":"LITTLE WALTER - Just A Feeling -  (LP) | Guerssen","description":"Both as a sideman and bandleader, Little Walter revolutionized the sound of blues harmonica through amplification, clasping a mike to the harp as he played. While he may not have been the first bluesman to play amplified harmonica, he explored it's possibilities most fully. This LP puts together 16 remastered studio tracks Little Walter made as a leader for the Chess Records subsidiary label Checker, originally released between 1952 and 1962. Featuring Muddy Waters, Robert Lockwood, Jr., Willie Dixon, and Otis Spann, among others. 16 TRACKS - 180-GRAM VIRGIN VINYL - LIMITED EDITION","robots":{"index":"index","follow":"follow","max-snippet":"max-snippet:-1","max-image-preview":"max-image-preview:large","max-video-preview":"max-video-preview:-1"},"canonical":"https:\/\/wpguerssen-test.odoo.rgbconsulting.com\/es\/producto\/just-a-feeling\/","og_locale":"es_ES","og_type":"article","og_title":"LITTLE WALTER - Just A Feeling -  (LP) | Guerssen","og_description":"Both as a sideman and bandleader, Little Walter revolutionized the sound of blues harmonica through amplification, clasping a mike to the harp as he played. While he may not have been the first bluesman to play amplified harmonica, he explored it's possibilities most fully. This LP puts together 16 remastered studio tracks Little Walter made as a leader for the Chess Records subsidiary label Checker, originally released between 1952 and 1962. Featuring Muddy Waters, Robert Lockwood, Jr., Willie Dixon, and Otis Spann, among others. 16 TRACKS - 180-GRAM VIRGIN VINYL - LIMITED EDITION","og_url":"https:\/\/wpguerssen-test.odoo.rgbconsulting.com\/es\/producto\/just-a-feeling\/","og_site_name":"Guerssen records","article_modified_time":"2025-02-21T13:09:46+00:00","og_image":[{"width":500,"height":500,"url":"https:\/\/wpguerssen-test.odoo.rgbconsulting.com\/wp-content\/uploads\/2025\/01\/49574.jpg","type":"image\/jpeg"}],"twitter_card":"summary_large_image","twitter_title":"LITTLE WALTER - Just A Feeling -  (LP) | Guerssen","twitter_misc":{"Tiempo de lectura":"1 minuto"},"schema":{"@context":"https:\/\/schema.org","@graph":[{"@type":"WebPage","@id":"https:\/\/wpguerssen-test.odoo.rgbconsulting.com\/es\/producto\/just-a-feeling\/","url":"https:\/\/wpguerssen-test.odoo.rgbconsulting.com\/es\/producto\/just-a-feeling\/","name":"LITTLE WALTER - Just A Feeling - (LP) | Guerssen","isPartOf":{"@id":"https:\/\/wpguerssen-test.odoo.rgbconsulting.com\/es\/#website"},"primaryImageOfPage":{"@id":"https:\/\/wpguerssen-test.odoo.rgbconsulting.com\/es\/producto\/just-a-feeling\/#primaryimage"},"image":{"@id":"https:\/\/wpguerssen-test.odoo.rgbconsulting.com\/es\/producto\/just-a-feeling\/#primaryimage"},"thumbnailUrl":"https:\/\/wpguerssen-test.odoo.rgbconsulting.com\/wp-content\/uploads\/2025\/01\/49574.jpg","datePublished":"2025-02-20T23:00:00+00:00","dateModified":"2025-02-21T13:09:46+00:00","description":"Both as a sideman and bandleader, Little Walter revolutionized the sound of blues harmonica through amplification, clasping a mike to the harp as he played. While he may not have been the first bluesman to play amplified harmonica, he explored it's possibilities most fully. This LP puts together 16 remastered studio tracks Little Walter made as a leader for the Chess Records subsidiary label Checker, originally released between 1952 and 1962. Featuring Muddy Waters, Robert Lockwood, Jr., Willie Dixon, and Otis Spann, among others. 16 TRACKS - 180-GRAM VIRGIN VINYL - LIMITED EDITION","breadcrumb":{"@id":"https:\/\/wpguerssen-test.odoo.rgbconsulting.com\/es\/producto\/just-a-feeling\/#breadcrumb"},"inLanguage":"es","potentialAction":[{"@type":"ReadAction","target":["https:\/\/wpguerssen-test.odoo.rgbconsulting.com\/es\/producto\/just-a-feeling\/"]}]},{"@type":"ImageObject","inLanguage":"es","@id":"https:\/\/wpguerssen-test.odoo.rgbconsulting.com\/es\/producto\/just-a-feeling\/#primaryimage","url":"https:\/\/wpguerssen-test.odoo.rgbconsulting.com\/wp-content\/uploads\/2025\/01\/49574.jpg","contentUrl":"https:\/\/wpguerssen-test.odoo.rgbconsulting.com\/wp-content\/uploads\/2025\/01\/49574.jpg","width":500,"height":500},{"@type":"BreadcrumbList","@id":"https:\/\/wpguerssen-test.odoo.rgbconsulting.com\/es\/producto\/just-a-feeling\/#breadcrumb","itemListElement":[{"@type":"ListItem","position":1,"name":"Inicio","item":"https:\/\/wpguerssen-test.odoo.rgbconsulting.com\/es\/"},{"@type":"ListItem","position":2,"name":"Shop","item":"https:\/\/wpguerssen-test.odoo.rgbconsulting.com\/shop\/"},{"@type":"ListItem","position":3,"name":"Just A Feeling"}]},{"@type":"WebSite","@id":"https:\/\/wpguerssen-test.odoo.rgbconsulting.com\/es\/#website","url":"https:\/\/wpguerssen-test.odoo.rgbconsulting.com\/es\/","name":"Guerssen records","description":"psychedelia - progressive - folk - garage ","publisher":{"@id":"https:\/\/wpguerssen-test.odoo.rgbconsulting.com\/es\/#organization"},"potentialAction":[{"@type":"SearchAction","target":{"@type":"EntryPoint","urlTemplate":"https:\/\/wpguerssen-test.odoo.rgbconsulting.com\/es\/?s={search_term_string}"},"query-input":{"@type":"PropertyValueSpecification","valueRequired":true,"valueName":"search_term_string"}}],"inLanguage":"es"},{"@type":"Organization","@id":"https:\/\/wpguerssen-test.odoo.rgbconsulting.com\/es\/#organization","name":"Guerssen records","url":"https:\/\/wpguerssen-test.odoo.rgbconsulting.com\/es\/","logo":{"@type":"ImageObject","inLanguage":"es","@id":"https:\/\/wpguerssen-test.odoo.rgbconsulting.com\/es\/#\/schema\/logo\/image\/","url":"https:\/\/wpguerssen-test.odoo.rgbconsulting.com\/wp-content\/uploads\/2022\/04\/Logo_Guerssen_trans_100.png","contentUrl":"https:\/\/wpguerssen-test.odoo.rgbconsulting.com\/wp-content\/uploads\/2022\/04\/Logo_Guerssen_trans_100.png","width":122,"height":100,"caption":"Guerssen records"},"image":{"@id":"https:\/\/wpguerssen-test.odoo.rgbconsulting.com\/es\/#\/schema\/logo\/image\/"}}]}},"_links":{"self":[{"href":"https:\/\/wpguerssen-test.odoo.rgbconsulting.com\/es\/wp-json\/wp\/v2\/product\/281246","targetHints":{"allow":["GET"]}}],"collection":[{"href":"https:\/\/wpguerssen-test.odoo.rgbconsulting.com\/es\/wp-json\/wp\/v2\/product"}],"about":[{"href":"https:\/\/wpguerssen-test.odoo.rgbconsulting.com\/es\/wp-json\/wp\/v2\/types\/product"}],"wp:featuredmedia":[{"embeddable":true,"href":"https:\/\/wpguerssen-test.odoo.rgbconsulting.com\/es\/wp-json\/wp\/v2\/media\/281329"}],"wp:attachment":[{"href":"https:\/\/wpguerssen-test.odoo.rgbconsulting.com\/es\/wp-json\/wp\/v2\/media?parent=281246"}],"wp:term":[{"taxonomy":"product_brand","embeddable":true,"href":"https:\/\/wpguerssen-test.odoo.rgbconsulting.com\/es\/wp-json\/wp\/v2\/product_brand?post=281246"},{"taxonomy":"product_cat","embeddable":true,"href":"https:\/\/wpguerssen-test.odoo.rgbconsulting.com\/es\/wp-json\/wp\/v2\/product_cat?post=281246"},{"taxonomy":"product_tag","embeddable":true,"href":"https:\/\/wpguerssen-test.odoo.rgbconsulting.com\/es\/wp-json\/wp\/v2\/product_tag?post=281246"}],"curies":[{"name":"wp","href":"https:\/\/api.w.org\/{rel}","templated":true}]}}