{"id":281255,"date":"2025-01-27T00:00:00","date_gmt":"2025-01-26T23:00:00","guid":{"rendered":"https:\/\/wpguerssen-test.odoo.rgbconsulting.com\/product\/bosporus-bridges-a-wide-selection-of-turkish-jazz\/"},"modified":"2025-04-22T15:58:44","modified_gmt":"2025-04-22T13:58:44","slug":"bosporus-bridges-a-wide-selection-of-turkish-jazz","status":"publish","type":"product","link":"https:\/\/wpguerssen-test.odoo.rgbconsulting.com\/es\/producto\/bosporus-bridges-a-wide-selection-of-turkish-jazz\/","title":{"rendered":"Bosporus Bridges. A Wide Selection Of Turkish Jazz"},"content":{"rendered":"<p>Recopilaci\u00f3n excepcional y limitada de rarezas del jazz y el funk turcos. El lanzamiento explora lo que sucedi\u00f3 cuando los estilos musicales occidentales como el jazz modal, la bossa nova, la fusi\u00f3n y el funk se encontraron con la m\u00fasica folcl\u00f3rica \u00e1rabe, las escalas tonales y las estructuras r\u00edtmicas a finales de los a\u00f1os sesenta y setenta en Turqu\u00eda y Egipto.<\/p>\n","protected":false},"excerpt":{"rendered":"<p>Recopilaci\u00f3n excepcional y limitada de rarezas del jazz y el funk turcos. El lanzamiento explora lo que sucedi\u00f3 cuando los estilos musicales occidentales como el<a class=\"read\" href=\"https:\/\/wpguerssen-test.odoo.rgbconsulting.com\/es\/producto\/bosporus-bridges-a-wide-selection-of-turkish-jazz\/\"> (...)<\/a>","protected":false},"featured_media":281347,"template":"","meta":{"_acf_changed":false},"product_brand":[],"product_cat":[23228],"product_tag":[24189],"class_list":{"0":"post-281255","1":"product","2":"type-product","3":"status-publish","4":"has-post-thumbnail","6":"product_cat-jazz-funk-es","7":"product_tag-recien-llegadas","8":"pa_artist-various-artists-es","9":"pa_format-lp-es","10":"pa_gender-jazz-funk","11":"pa_label-life-goes-on-records","12":"pa_location-eastern-es","13":"pa_other-filters-vinyl-only-es","15":"first","16":"instock","17":"taxable","18":"shipping-taxable","19":"purchasable","20":"product-type-simple"},"acf":[],"yoast_head":"<!-- This site is optimized with the Yoast SEO plugin v24.9 - https:\/\/yoast.com\/wordpress\/plugins\/seo\/ -->\n<title>VARIOUS ARTISTS - Bosporus Bridges. A Wide Selection Of Turkish Jazz -  (LP) | Guerssen<\/title>\n<meta name=\"description\" content=\"Outstanding and limited compilation of Turkish Jazz-Funk rarities. The release explores what happened when Western music styles such as modal jazz, bossa nova, fusion and funk met Arabic folk music, tone scales and rhythm structures in the late sixties and seventies in Turkey and Egypt.\" \/>\n<meta name=\"robots\" content=\"index, follow, max-snippet:-1, max-image-preview:large, max-video-preview:-1\" \/>\n<link rel=\"canonical\" href=\"https:\/\/wpguerssen-test.odoo.rgbconsulting.com\/es\/producto\/bosporus-bridges-a-wide-selection-of-turkish-jazz\/\" \/>\n<meta property=\"og:locale\" content=\"es_ES\" \/>\n<meta property=\"og:type\" content=\"article\" \/>\n<meta property=\"og:title\" content=\"VARIOUS ARTISTS - Bosporus Bridges. A Wide Selection Of Turkish Jazz -  (LP) | Guerssen\" \/>\n<meta property=\"og:description\" content=\"Outstanding and limited compilation of Turkish Jazz-Funk rarities. The release explores what happened when Western music styles such as modal jazz, bossa nova, fusion and funk met Arabic folk music, tone scales and rhythm structures in the late sixties and seventies in Turkey and Egypt.\" \/>\n<meta property=\"og:url\" content=\"https:\/\/wpguerssen-test.odoo.rgbconsulting.com\/es\/producto\/bosporus-bridges-a-wide-selection-of-turkish-jazz\/\" \/>\n<meta property=\"og:site_name\" content=\"Guerssen records\" \/>\n<meta property=\"article:modified_time\" content=\"2025-04-22T13:58:44+00:00\" \/>\n<meta property=\"og:image\" content=\"https:\/\/wpguerssen-test.odoo.rgbconsulting.com\/wp-content\/uploads\/2025\/01\/49583.jpg\" \/>\n\t<meta property=\"og:image:width\" content=\"1440\" \/>\n\t<meta property=\"og:image:height\" content=\"1440\" \/>\n\t<meta property=\"og:image:type\" content=\"image\/jpeg\" \/>\n<meta name=\"twitter:card\" content=\"summary_large_image\" \/>\n<meta name=\"twitter:title\" content=\"VARIOUS ARTISTS - Bosporus Bridges. A Wide Selection Of Turkish Jazz -  (LP) | Guerssen\" \/>\n<script type=\"application\/ld+json\" class=\"yoast-schema-graph\">{\"@context\":\"https:\/\/schema.org\",\"@graph\":[{\"@type\":\"WebPage\",\"@id\":\"https:\/\/wpguerssen-test.odoo.rgbconsulting.com\/es\/producto\/bosporus-bridges-a-wide-selection-of-turkish-jazz\/\",\"url\":\"https:\/\/wpguerssen-test.odoo.rgbconsulting.com\/es\/producto\/bosporus-bridges-a-wide-selection-of-turkish-jazz\/\",\"name\":\"VARIOUS ARTISTS - Bosporus Bridges. A Wide Selection Of Turkish Jazz - (LP) | Guerssen\",\"isPartOf\":{\"@id\":\"https:\/\/wpguerssen-test.odoo.rgbconsulting.com\/es\/#website\"},\"primaryImageOfPage\":{\"@id\":\"https:\/\/wpguerssen-test.odoo.rgbconsulting.com\/es\/producto\/bosporus-bridges-a-wide-selection-of-turkish-jazz\/#primaryimage\"},\"image\":{\"@id\":\"https:\/\/wpguerssen-test.odoo.rgbconsulting.com\/es\/producto\/bosporus-bridges-a-wide-selection-of-turkish-jazz\/#primaryimage\"},\"thumbnailUrl\":\"https:\/\/wpguerssen-test.odoo.rgbconsulting.com\/wp-content\/uploads\/2025\/01\/49583.jpg\",\"datePublished\":\"2025-01-26T23:00:00+00:00\",\"dateModified\":\"2025-04-22T13:58:44+00:00\",\"description\":\"Outstanding and limited compilation of Turkish Jazz-Funk rarities. The release explores what happened when Western music styles such as modal jazz, bossa nova, fusion and funk met Arabic folk music, tone scales and rhythm structures in the late sixties and seventies in Turkey and Egypt.\",\"breadcrumb\":{\"@id\":\"https:\/\/wpguerssen-test.odoo.rgbconsulting.com\/es\/producto\/bosporus-bridges-a-wide-selection-of-turkish-jazz\/#breadcrumb\"},\"inLanguage\":\"es\",\"potentialAction\":[{\"@type\":\"ReadAction\",\"target\":[\"https:\/\/wpguerssen-test.odoo.rgbconsulting.com\/es\/producto\/bosporus-bridges-a-wide-selection-of-turkish-jazz\/\"]}]},{\"@type\":\"ImageObject\",\"inLanguage\":\"es\",\"@id\":\"https:\/\/wpguerssen-test.odoo.rgbconsulting.com\/es\/producto\/bosporus-bridges-a-wide-selection-of-turkish-jazz\/#primaryimage\",\"url\":\"https:\/\/wpguerssen-test.odoo.rgbconsulting.com\/wp-content\/uploads\/2025\/01\/49583.jpg\",\"contentUrl\":\"https:\/\/wpguerssen-test.odoo.rgbconsulting.com\/wp-content\/uploads\/2025\/01\/49583.jpg\",\"width\":1440,\"height\":1440},{\"@type\":\"BreadcrumbList\",\"@id\":\"https:\/\/wpguerssen-test.odoo.rgbconsulting.com\/es\/producto\/bosporus-bridges-a-wide-selection-of-turkish-jazz\/#breadcrumb\",\"itemListElement\":[{\"@type\":\"ListItem\",\"position\":1,\"name\":\"Inicio\",\"item\":\"https:\/\/wpguerssen-test.odoo.rgbconsulting.com\/es\/\"},{\"@type\":\"ListItem\",\"position\":2,\"name\":\"Shop\",\"item\":\"https:\/\/wpguerssen-test.odoo.rgbconsulting.com\/shop\/\"},{\"@type\":\"ListItem\",\"position\":3,\"name\":\"Bosporus Bridges. A Wide Selection Of Turkish Jazz\"}]},{\"@type\":\"WebSite\",\"@id\":\"https:\/\/wpguerssen-test.odoo.rgbconsulting.com\/es\/#website\",\"url\":\"https:\/\/wpguerssen-test.odoo.rgbconsulting.com\/es\/\",\"name\":\"Guerssen records\",\"description\":\"psychedelia - progressive - folk - garage \",\"publisher\":{\"@id\":\"https:\/\/wpguerssen-test.odoo.rgbconsulting.com\/es\/#organization\"},\"potentialAction\":[{\"@type\":\"SearchAction\",\"target\":{\"@type\":\"EntryPoint\",\"urlTemplate\":\"https:\/\/wpguerssen-test.odoo.rgbconsulting.com\/es\/?s={search_term_string}\"},\"query-input\":{\"@type\":\"PropertyValueSpecification\",\"valueRequired\":true,\"valueName\":\"search_term_string\"}}],\"inLanguage\":\"es\"},{\"@type\":\"Organization\",\"@id\":\"https:\/\/wpguerssen-test.odoo.rgbconsulting.com\/es\/#organization\",\"name\":\"Guerssen records\",\"url\":\"https:\/\/wpguerssen-test.odoo.rgbconsulting.com\/es\/\",\"logo\":{\"@type\":\"ImageObject\",\"inLanguage\":\"es\",\"@id\":\"https:\/\/wpguerssen-test.odoo.rgbconsulting.com\/es\/#\/schema\/logo\/image\/\",\"url\":\"https:\/\/wpguerssen-test.odoo.rgbconsulting.com\/wp-content\/uploads\/2022\/04\/Logo_Guerssen_trans_100.png\",\"contentUrl\":\"https:\/\/wpguerssen-test.odoo.rgbconsulting.com\/wp-content\/uploads\/2022\/04\/Logo_Guerssen_trans_100.png\",\"width\":122,\"height\":100,\"caption\":\"Guerssen records\"},\"image\":{\"@id\":\"https:\/\/wpguerssen-test.odoo.rgbconsulting.com\/es\/#\/schema\/logo\/image\/\"}}]}<\/script>\n<!-- \/ Yoast SEO plugin. -->","yoast_head_json":{"title":"VARIOUS ARTISTS - Bosporus Bridges. A Wide Selection Of Turkish Jazz -  (LP) | Guerssen","description":"Outstanding and limited compilation of Turkish Jazz-Funk rarities. The release explores what happened when Western music styles such as modal jazz, bossa nova, fusion and funk met Arabic folk music, tone scales and rhythm structures in the late sixties and seventies in Turkey and Egypt.","robots":{"index":"index","follow":"follow","max-snippet":"max-snippet:-1","max-image-preview":"max-image-preview:large","max-video-preview":"max-video-preview:-1"},"canonical":"https:\/\/wpguerssen-test.odoo.rgbconsulting.com\/es\/producto\/bosporus-bridges-a-wide-selection-of-turkish-jazz\/","og_locale":"es_ES","og_type":"article","og_title":"VARIOUS ARTISTS - Bosporus Bridges. A Wide Selection Of Turkish Jazz -  (LP) | Guerssen","og_description":"Outstanding and limited compilation of Turkish Jazz-Funk rarities. The release explores what happened when Western music styles such as modal jazz, bossa nova, fusion and funk met Arabic folk music, tone scales and rhythm structures in the late sixties and seventies in Turkey and Egypt.","og_url":"https:\/\/wpguerssen-test.odoo.rgbconsulting.com\/es\/producto\/bosporus-bridges-a-wide-selection-of-turkish-jazz\/","og_site_name":"Guerssen records","article_modified_time":"2025-04-22T13:58:44+00:00","og_image":[{"width":1440,"height":1440,"url":"https:\/\/wpguerssen-test.odoo.rgbconsulting.com\/wp-content\/uploads\/2025\/01\/49583.jpg","type":"image\/jpeg"}],"twitter_card":"summary_large_image","twitter_title":"VARIOUS ARTISTS - Bosporus Bridges. A Wide Selection Of Turkish Jazz -  (LP) | Guerssen","schema":{"@context":"https:\/\/schema.org","@graph":[{"@type":"WebPage","@id":"https:\/\/wpguerssen-test.odoo.rgbconsulting.com\/es\/producto\/bosporus-bridges-a-wide-selection-of-turkish-jazz\/","url":"https:\/\/wpguerssen-test.odoo.rgbconsulting.com\/es\/producto\/bosporus-bridges-a-wide-selection-of-turkish-jazz\/","name":"VARIOUS ARTISTS - Bosporus Bridges. A Wide Selection Of Turkish Jazz - (LP) | Guerssen","isPartOf":{"@id":"https:\/\/wpguerssen-test.odoo.rgbconsulting.com\/es\/#website"},"primaryImageOfPage":{"@id":"https:\/\/wpguerssen-test.odoo.rgbconsulting.com\/es\/producto\/bosporus-bridges-a-wide-selection-of-turkish-jazz\/#primaryimage"},"image":{"@id":"https:\/\/wpguerssen-test.odoo.rgbconsulting.com\/es\/producto\/bosporus-bridges-a-wide-selection-of-turkish-jazz\/#primaryimage"},"thumbnailUrl":"https:\/\/wpguerssen-test.odoo.rgbconsulting.com\/wp-content\/uploads\/2025\/01\/49583.jpg","datePublished":"2025-01-26T23:00:00+00:00","dateModified":"2025-04-22T13:58:44+00:00","description":"Outstanding and limited compilation of Turkish Jazz-Funk rarities. The release explores what happened when Western music styles such as modal jazz, bossa nova, fusion and funk met Arabic folk music, tone scales and rhythm structures in the late sixties and seventies in Turkey and Egypt.","breadcrumb":{"@id":"https:\/\/wpguerssen-test.odoo.rgbconsulting.com\/es\/producto\/bosporus-bridges-a-wide-selection-of-turkish-jazz\/#breadcrumb"},"inLanguage":"es","potentialAction":[{"@type":"ReadAction","target":["https:\/\/wpguerssen-test.odoo.rgbconsulting.com\/es\/producto\/bosporus-bridges-a-wide-selection-of-turkish-jazz\/"]}]},{"@type":"ImageObject","inLanguage":"es","@id":"https:\/\/wpguerssen-test.odoo.rgbconsulting.com\/es\/producto\/bosporus-bridges-a-wide-selection-of-turkish-jazz\/#primaryimage","url":"https:\/\/wpguerssen-test.odoo.rgbconsulting.com\/wp-content\/uploads\/2025\/01\/49583.jpg","contentUrl":"https:\/\/wpguerssen-test.odoo.rgbconsulting.com\/wp-content\/uploads\/2025\/01\/49583.jpg","width":1440,"height":1440},{"@type":"BreadcrumbList","@id":"https:\/\/wpguerssen-test.odoo.rgbconsulting.com\/es\/producto\/bosporus-bridges-a-wide-selection-of-turkish-jazz\/#breadcrumb","itemListElement":[{"@type":"ListItem","position":1,"name":"Inicio","item":"https:\/\/wpguerssen-test.odoo.rgbconsulting.com\/es\/"},{"@type":"ListItem","position":2,"name":"Shop","item":"https:\/\/wpguerssen-test.odoo.rgbconsulting.com\/shop\/"},{"@type":"ListItem","position":3,"name":"Bosporus Bridges. A Wide Selection Of Turkish Jazz"}]},{"@type":"WebSite","@id":"https:\/\/wpguerssen-test.odoo.rgbconsulting.com\/es\/#website","url":"https:\/\/wpguerssen-test.odoo.rgbconsulting.com\/es\/","name":"Guerssen records","description":"psychedelia - progressive - folk - garage ","publisher":{"@id":"https:\/\/wpguerssen-test.odoo.rgbconsulting.com\/es\/#organization"},"potentialAction":[{"@type":"SearchAction","target":{"@type":"EntryPoint","urlTemplate":"https:\/\/wpguerssen-test.odoo.rgbconsulting.com\/es\/?s={search_term_string}"},"query-input":{"@type":"PropertyValueSpecification","valueRequired":true,"valueName":"search_term_string"}}],"inLanguage":"es"},{"@type":"Organization","@id":"https:\/\/wpguerssen-test.odoo.rgbconsulting.com\/es\/#organization","name":"Guerssen records","url":"https:\/\/wpguerssen-test.odoo.rgbconsulting.com\/es\/","logo":{"@type":"ImageObject","inLanguage":"es","@id":"https:\/\/wpguerssen-test.odoo.rgbconsulting.com\/es\/#\/schema\/logo\/image\/","url":"https:\/\/wpguerssen-test.odoo.rgbconsulting.com\/wp-content\/uploads\/2022\/04\/Logo_Guerssen_trans_100.png","contentUrl":"https:\/\/wpguerssen-test.odoo.rgbconsulting.com\/wp-content\/uploads\/2022\/04\/Logo_Guerssen_trans_100.png","width":122,"height":100,"caption":"Guerssen records"},"image":{"@id":"https:\/\/wpguerssen-test.odoo.rgbconsulting.com\/es\/#\/schema\/logo\/image\/"}}]}},"_links":{"self":[{"href":"https:\/\/wpguerssen-test.odoo.rgbconsulting.com\/es\/wp-json\/wp\/v2\/product\/281255","targetHints":{"allow":["GET"]}}],"collection":[{"href":"https:\/\/wpguerssen-test.odoo.rgbconsulting.com\/es\/wp-json\/wp\/v2\/product"}],"about":[{"href":"https:\/\/wpguerssen-test.odoo.rgbconsulting.com\/es\/wp-json\/wp\/v2\/types\/product"}],"wp:featuredmedia":[{"embeddable":true,"href":"https:\/\/wpguerssen-test.odoo.rgbconsulting.com\/es\/wp-json\/wp\/v2\/media\/281347"}],"wp:attachment":[{"href":"https:\/\/wpguerssen-test.odoo.rgbconsulting.com\/es\/wp-json\/wp\/v2\/media?parent=281255"}],"wp:term":[{"taxonomy":"product_brand","embeddable":true,"href":"https:\/\/wpguerssen-test.odoo.rgbconsulting.com\/es\/wp-json\/wp\/v2\/product_brand?post=281255"},{"taxonomy":"product_cat","embeddable":true,"href":"https:\/\/wpguerssen-test.odoo.rgbconsulting.com\/es\/wp-json\/wp\/v2\/product_cat?post=281255"},{"taxonomy":"product_tag","embeddable":true,"href":"https:\/\/wpguerssen-test.odoo.rgbconsulting.com\/es\/wp-json\/wp\/v2\/product_tag?post=281255"}],"curies":[{"name":"wp","href":"https:\/\/api.w.org\/{rel}","templated":true}]}}