{"id":281256,"date":"2025-01-30T00:00:00","date_gmt":"2025-01-29T23:00:00","guid":{"rendered":"https:\/\/wpguerssen-test.odoo.rgbconsulting.com\/product\/the-ayahuasca-fuzz-14-protocumbian-garage-rockers\/"},"modified":"2025-04-16T18:27:57","modified_gmt":"2025-04-16T16:27:57","slug":"the-ayahuasca-fuzz-14-protocumbian-garage-rockers","status":"publish","type":"product","link":"https:\/\/wpguerssen-test.odoo.rgbconsulting.com\/es\/producto\/the-ayahuasca-fuzz-14-protocumbian-garage-rockers\/","title":{"rendered":"The Ayahuasca Fuzz! 14 Protocumbian Garage Rockers"},"content":{"rendered":"<p>Los Beatles difundieron el uso de la guitarra el\u00e9ctrica por todo el mundo y Bolivia no fue la excepci\u00f3n. La &#8216;Invasi\u00f3n Brit\u00e1nica&#8217; golpe\u00f3 a un pa\u00eds pol\u00edticamente convulsionado y cay\u00f3 sobre una rica escena multicultural que se expandi\u00f3 a\u00fan m\u00e1s cuando los movimientos juveniles de contracultura psicod\u00e9lica provenientes de San Francisco tambi\u00e9n conquistaron los corazones de los j\u00f3venes del pa\u00eds. Fue una gran mezcla de influencias arrojadas en un caldero que vio un v\u00ednculo entre la generaci\u00f3n hippie empapada de LSD y los ancestros nativos del pa\u00eds. Los bolivianos no eran nuevos en las experiencias que expand\u00edan la mente; las experiencias con \u00e1cido promovidas en los EE. UU. por Ken Kesey y Timothy Leary encontraron su contraparte local en las antiguas tradiciones ind\u00edgenas de usar plantas como la ayahuasca para abrir las puertas de la percepci\u00f3n.En esta recopilaci\u00f3n encontrar\u00e1 algunas de las bandas j\u00f3venes m\u00e1s interesantes de la Bolivia de los a\u00f1os 60 que trajeron los sonidos de una nueva generaci\u00f3n y los combina ron con el rico trasfondo musical del pa\u00eds. El ritmo psicod\u00e9lico con sonido garage creado por estos j\u00f3venes m\u00fasicos pronto abrir\u00eda nuevos horizontes, y Bolivia pronto ver\u00eda c\u00f3mo los sonidos tradicionales, como su versi\u00f3n local de la cumbia, evolucionar\u00eda n de manera similar a como lo har\u00eda en el pa\u00eds vecino de Per\u00fa.<br \/>TRACKLIST<br \/>A1 Los Dalton&#8217;s-Alto Y Seco A2 Los Dhag-Dhags-Trata De Comprender A3 Los Ecos-La Gran Pelea A4 The Blackstones-Pena A5 Los Tennyson- Un Mundo Para Mi A6 Grupo 606-Rompe, Cruza O Ay\u00fadame A7 Los Dhag-Dhags-Tipo Sicod\u00e9lico B1 Grupo 606-Busco Un Camino B2 The Donkeys (2)- El Pobre B3 Los Burros-Es Mejor Que Corras B4 Los Bonny Boy&#8217;s Hot&#8217;s- Virgenes Del Sol B5 The Loving Darks-Compilado B6 Los Grillos (2)- La Tarara B7 Los Dhag-Dhags-Bohemia<\/p>\n","protected":false},"excerpt":{"rendered":"<p>Los Beatles difundieron el uso de la guitarra el\u00e9ctrica por todo el mundo y Bolivia no fue la excepci\u00f3n. La &#8216;Invasi\u00f3n Brit\u00e1nica&#8217; golpe\u00f3 a un pa\u00eds<a class=\"read\" href=\"https:\/\/wpguerssen-test.odoo.rgbconsulting.com\/es\/producto\/the-ayahuasca-fuzz-14-protocumbian-garage-rockers\/\"> (...)<\/a>","protected":false},"featured_media":281349,"template":"","meta":{"_acf_changed":false},"product_brand":[],"product_cat":[23281],"product_tag":[24189],"class_list":{"0":"post-281256","1":"product","2":"type-product","3":"status-publish","4":"has-post-thumbnail","6":"product_cat-garagebeatrnb60-70-es","7":"product_tag-recien-llegadas","8":"pa_artist-various-artists-es","9":"pa_format-lp-es","10":"pa_gender-garage-beat-rnb60-70-garagebeatrnb60-70","11":"pa_label-shellac-disc","12":"pa_location-south-america-caribbean-es","13":"pa_other-filters-vinyl-only-es","15":"first","16":"instock","17":"taxable","18":"shipping-taxable","19":"purchasable","20":"product-type-simple"},"acf":[],"yoast_head":"<!-- This site is optimized with the Yoast SEO plugin v24.9 - https:\/\/yoast.com\/wordpress\/plugins\/seo\/ -->\n<title>VARIOUS ARTISTS - The Ayahuasca Fuzz! 14 Protocumbian Garage Rockers -  (LP) | Guerssen<\/title>\n<meta name=\"description\" content=\"The Beatles spread the use of the electric guitar across the world and Bolivia was no exception. The &quot;British Invasion&quot; hit a politically convulsed country and fell upon a rich multicultural scene that expanded even further when psychedelic counterculture youth movements coming from San Francisco also conquered the hearts of the country&#039;s young people. It was a great mix of influences thrown into a cauldron that saw a link between the LSD-soaked hippie generation and the country&#039;s native ancestors. Bolivians were not new to mind-expanding experiences; the acid experiences pioneered in the US by Ken Kesey and Timothy Leary found their local counterpart in ancient indigenous traditions of using plants such as ayahuasca to open the doors of perception. In this compilation you will find some of the most interesting young bands from 1960s Bolivia who brought the sounds of a new generation and combined them with the country&#039;s rich musical background. The psychedelic, garage-sounding beat created by these young musicians would soon open up new horizons, and Bolivia would soon see traditional sounds, such as its local version of cumbia, evolve in a similar way to how it would in neighboring Peru.TRACKLISTA1 Los Dalton&#039;s-Alto Y Seco A2 Los Dhag-Dhags-Trata De Comprender A3 Los Ecos-La Gran Pelea A4 The Blackstones-Pena A5 Los Tennyson- Un Mundo Para Mi A6 Grupo 606-Rompe, Cruza O Ay\u00fadame A7 Los Dhag-Dhags-Tipo Sicod\u00e9lico B1 Grupo 606-Busco Un Camino B2 The Donkeys (2)- El Pobre B3 Los Burros-Es Mejor Que Corras B4 Los Bonny Boy&#039;s Hot&#039;s- Virgenes Del Sol B5 The Loving Darks-Compilado B6 Los Grillos (2)- La Tarara B7 Los Dhag-Dhags-Bohemia\" \/>\n<meta name=\"robots\" content=\"index, follow, max-snippet:-1, max-image-preview:large, max-video-preview:-1\" \/>\n<link rel=\"canonical\" href=\"https:\/\/wpguerssen-test.odoo.rgbconsulting.com\/es\/producto\/the-ayahuasca-fuzz-14-protocumbian-garage-rockers\/\" \/>\n<meta property=\"og:locale\" content=\"es_ES\" \/>\n<meta property=\"og:type\" content=\"article\" \/>\n<meta property=\"og:title\" content=\"VARIOUS ARTISTS - The Ayahuasca Fuzz! 14 Protocumbian Garage Rockers -  (LP) | Guerssen\" \/>\n<meta property=\"og:description\" content=\"The Beatles spread the use of the electric guitar across the world and Bolivia was no exception. The &quot;British Invasion&quot; hit a politically convulsed country and fell upon a rich multicultural scene that expanded even further when psychedelic counterculture youth movements coming from San Francisco also conquered the hearts of the country&#039;s young people. It was a great mix of influences thrown into a cauldron that saw a link between the LSD-soaked hippie generation and the country&#039;s native ancestors. Bolivians were not new to mind-expanding experiences; the acid experiences pioneered in the US by Ken Kesey and Timothy Leary found their local counterpart in ancient indigenous traditions of using plants such as ayahuasca to open the doors of perception. In this compilation you will find some of the most interesting young bands from 1960s Bolivia who brought the sounds of a new generation and combined them with the country&#039;s rich musical background. The psychedelic, garage-sounding beat created by these young musicians would soon open up new horizons, and Bolivia would soon see traditional sounds, such as its local version of cumbia, evolve in a similar way to how it would in neighboring Peru.TRACKLISTA1 Los Dalton&#039;s-Alto Y Seco A2 Los Dhag-Dhags-Trata De Comprender A3 Los Ecos-La Gran Pelea A4 The Blackstones-Pena A5 Los Tennyson- Un Mundo Para Mi A6 Grupo 606-Rompe, Cruza O Ay\u00fadame A7 Los Dhag-Dhags-Tipo Sicod\u00e9lico B1 Grupo 606-Busco Un Camino B2 The Donkeys (2)- El Pobre B3 Los Burros-Es Mejor Que Corras B4 Los Bonny Boy&#039;s Hot&#039;s- Virgenes Del Sol B5 The Loving Darks-Compilado B6 Los Grillos (2)- La Tarara B7 Los Dhag-Dhags-Bohemia\" \/>\n<meta property=\"og:url\" content=\"https:\/\/wpguerssen-test.odoo.rgbconsulting.com\/es\/producto\/the-ayahuasca-fuzz-14-protocumbian-garage-rockers\/\" \/>\n<meta property=\"og:site_name\" content=\"Guerssen records\" \/>\n<meta property=\"article:modified_time\" content=\"2025-04-16T16:27:57+00:00\" \/>\n<meta property=\"og:image\" content=\"https:\/\/wpguerssen-test.odoo.rgbconsulting.com\/wp-content\/uploads\/2025\/01\/49584.jpg\" \/>\n\t<meta property=\"og:image:width\" content=\"800\" \/>\n\t<meta property=\"og:image:height\" content=\"800\" \/>\n\t<meta property=\"og:image:type\" content=\"image\/jpeg\" \/>\n<meta name=\"twitter:card\" content=\"summary_large_image\" \/>\n<meta name=\"twitter:title\" content=\"VARIOUS ARTISTS - The Ayahuasca Fuzz! 14 Protocumbian Garage Rockers -  (LP) | Guerssen\" \/>\n<meta name=\"twitter:label1\" content=\"Tiempo de lectura\" \/>\n\t<meta name=\"twitter:data1\" content=\"2 minutos\" \/>\n<script type=\"application\/ld+json\" class=\"yoast-schema-graph\">{\"@context\":\"https:\/\/schema.org\",\"@graph\":[{\"@type\":\"WebPage\",\"@id\":\"https:\/\/wpguerssen-test.odoo.rgbconsulting.com\/es\/producto\/the-ayahuasca-fuzz-14-protocumbian-garage-rockers\/\",\"url\":\"https:\/\/wpguerssen-test.odoo.rgbconsulting.com\/es\/producto\/the-ayahuasca-fuzz-14-protocumbian-garage-rockers\/\",\"name\":\"VARIOUS ARTISTS - The Ayahuasca Fuzz! 14 Protocumbian Garage Rockers - (LP) | Guerssen\",\"isPartOf\":{\"@id\":\"https:\/\/wpguerssen-test.odoo.rgbconsulting.com\/es\/#website\"},\"primaryImageOfPage\":{\"@id\":\"https:\/\/wpguerssen-test.odoo.rgbconsulting.com\/es\/producto\/the-ayahuasca-fuzz-14-protocumbian-garage-rockers\/#primaryimage\"},\"image\":{\"@id\":\"https:\/\/wpguerssen-test.odoo.rgbconsulting.com\/es\/producto\/the-ayahuasca-fuzz-14-protocumbian-garage-rockers\/#primaryimage\"},\"thumbnailUrl\":\"https:\/\/wpguerssen-test.odoo.rgbconsulting.com\/wp-content\/uploads\/2025\/01\/49584.jpg\",\"datePublished\":\"2025-01-29T23:00:00+00:00\",\"dateModified\":\"2025-04-16T16:27:57+00:00\",\"description\":\"The Beatles spread the use of the electric guitar across the world and Bolivia was no exception. The \\\"British Invasion\\\" hit a politically convulsed country and fell upon a rich multicultural scene that expanded even further when psychedelic counterculture youth movements coming from San Francisco also conquered the hearts of the country's young people. It was a great mix of influences thrown into a cauldron that saw a link between the LSD-soaked hippie generation and the country's native ancestors. Bolivians were not new to mind-expanding experiences; the acid experiences pioneered in the US by Ken Kesey and Timothy Leary found their local counterpart in ancient indigenous traditions of using plants such as ayahuasca to open the doors of perception. In this compilation you will find some of the most interesting young bands from 1960s Bolivia who brought the sounds of a new generation and combined them with the country's rich musical background. The psychedelic, garage-sounding beat created by these young musicians would soon open up new horizons, and Bolivia would soon see traditional sounds, such as its local version of cumbia, evolve in a similar way to how it would in neighboring Peru.TRACKLISTA1 Los Dalton's-Alto Y Seco A2 Los Dhag-Dhags-Trata De Comprender A3 Los Ecos-La Gran Pelea A4 The Blackstones-Pena A5 Los Tennyson- Un Mundo Para Mi A6 Grupo 606-Rompe, Cruza O Ay\u00fadame A7 Los Dhag-Dhags-Tipo Sicod\u00e9lico B1 Grupo 606-Busco Un Camino B2 The Donkeys (2)- El Pobre B3 Los Burros-Es Mejor Que Corras B4 Los Bonny Boy's Hot's- Virgenes Del Sol B5 The Loving Darks-Compilado B6 Los Grillos (2)- La Tarara B7 Los Dhag-Dhags-Bohemia\",\"breadcrumb\":{\"@id\":\"https:\/\/wpguerssen-test.odoo.rgbconsulting.com\/es\/producto\/the-ayahuasca-fuzz-14-protocumbian-garage-rockers\/#breadcrumb\"},\"inLanguage\":\"es\",\"potentialAction\":[{\"@type\":\"ReadAction\",\"target\":[\"https:\/\/wpguerssen-test.odoo.rgbconsulting.com\/es\/producto\/the-ayahuasca-fuzz-14-protocumbian-garage-rockers\/\"]}]},{\"@type\":\"ImageObject\",\"inLanguage\":\"es\",\"@id\":\"https:\/\/wpguerssen-test.odoo.rgbconsulting.com\/es\/producto\/the-ayahuasca-fuzz-14-protocumbian-garage-rockers\/#primaryimage\",\"url\":\"https:\/\/wpguerssen-test.odoo.rgbconsulting.com\/wp-content\/uploads\/2025\/01\/49584.jpg\",\"contentUrl\":\"https:\/\/wpguerssen-test.odoo.rgbconsulting.com\/wp-content\/uploads\/2025\/01\/49584.jpg\",\"width\":800,\"height\":800},{\"@type\":\"BreadcrumbList\",\"@id\":\"https:\/\/wpguerssen-test.odoo.rgbconsulting.com\/es\/producto\/the-ayahuasca-fuzz-14-protocumbian-garage-rockers\/#breadcrumb\",\"itemListElement\":[{\"@type\":\"ListItem\",\"position\":1,\"name\":\"Inicio\",\"item\":\"https:\/\/wpguerssen-test.odoo.rgbconsulting.com\/es\/\"},{\"@type\":\"ListItem\",\"position\":2,\"name\":\"Shop\",\"item\":\"https:\/\/wpguerssen-test.odoo.rgbconsulting.com\/shop\/\"},{\"@type\":\"ListItem\",\"position\":3,\"name\":\"The Ayahuasca Fuzz! 14 Protocumbian Garage Rockers\"}]},{\"@type\":\"WebSite\",\"@id\":\"https:\/\/wpguerssen-test.odoo.rgbconsulting.com\/es\/#website\",\"url\":\"https:\/\/wpguerssen-test.odoo.rgbconsulting.com\/es\/\",\"name\":\"Guerssen records\",\"description\":\"psychedelia - progressive - folk - garage \",\"publisher\":{\"@id\":\"https:\/\/wpguerssen-test.odoo.rgbconsulting.com\/es\/#organization\"},\"potentialAction\":[{\"@type\":\"SearchAction\",\"target\":{\"@type\":\"EntryPoint\",\"urlTemplate\":\"https:\/\/wpguerssen-test.odoo.rgbconsulting.com\/es\/?s={search_term_string}\"},\"query-input\":{\"@type\":\"PropertyValueSpecification\",\"valueRequired\":true,\"valueName\":\"search_term_string\"}}],\"inLanguage\":\"es\"},{\"@type\":\"Organization\",\"@id\":\"https:\/\/wpguerssen-test.odoo.rgbconsulting.com\/es\/#organization\",\"name\":\"Guerssen records\",\"url\":\"https:\/\/wpguerssen-test.odoo.rgbconsulting.com\/es\/\",\"logo\":{\"@type\":\"ImageObject\",\"inLanguage\":\"es\",\"@id\":\"https:\/\/wpguerssen-test.odoo.rgbconsulting.com\/es\/#\/schema\/logo\/image\/\",\"url\":\"https:\/\/wpguerssen-test.odoo.rgbconsulting.com\/wp-content\/uploads\/2022\/04\/Logo_Guerssen_trans_100.png\",\"contentUrl\":\"https:\/\/wpguerssen-test.odoo.rgbconsulting.com\/wp-content\/uploads\/2022\/04\/Logo_Guerssen_trans_100.png\",\"width\":122,\"height\":100,\"caption\":\"Guerssen records\"},\"image\":{\"@id\":\"https:\/\/wpguerssen-test.odoo.rgbconsulting.com\/es\/#\/schema\/logo\/image\/\"}}]}<\/script>\n<!-- \/ Yoast SEO plugin. -->","yoast_head_json":{"title":"VARIOUS ARTISTS - The Ayahuasca Fuzz! 14 Protocumbian Garage Rockers -  (LP) | Guerssen","description":"The Beatles spread the use of the electric guitar across the world and Bolivia was no exception. The \"British Invasion\" hit a politically convulsed country and fell upon a rich multicultural scene that expanded even further when psychedelic counterculture youth movements coming from San Francisco also conquered the hearts of the country's young people. It was a great mix of influences thrown into a cauldron that saw a link between the LSD-soaked hippie generation and the country's native ancestors. Bolivians were not new to mind-expanding experiences; the acid experiences pioneered in the US by Ken Kesey and Timothy Leary found their local counterpart in ancient indigenous traditions of using plants such as ayahuasca to open the doors of perception. In this compilation you will find some of the most interesting young bands from 1960s Bolivia who brought the sounds of a new generation and combined them with the country's rich musical background. The psychedelic, garage-sounding beat created by these young musicians would soon open up new horizons, and Bolivia would soon see traditional sounds, such as its local version of cumbia, evolve in a similar way to how it would in neighboring Peru.TRACKLISTA1 Los Dalton's-Alto Y Seco A2 Los Dhag-Dhags-Trata De Comprender A3 Los Ecos-La Gran Pelea A4 The Blackstones-Pena A5 Los Tennyson- Un Mundo Para Mi A6 Grupo 606-Rompe, Cruza O Ay\u00fadame A7 Los Dhag-Dhags-Tipo Sicod\u00e9lico B1 Grupo 606-Busco Un Camino B2 The Donkeys (2)- El Pobre B3 Los Burros-Es Mejor Que Corras B4 Los Bonny Boy's Hot's- Virgenes Del Sol B5 The Loving Darks-Compilado B6 Los Grillos (2)- La Tarara B7 Los Dhag-Dhags-Bohemia","robots":{"index":"index","follow":"follow","max-snippet":"max-snippet:-1","max-image-preview":"max-image-preview:large","max-video-preview":"max-video-preview:-1"},"canonical":"https:\/\/wpguerssen-test.odoo.rgbconsulting.com\/es\/producto\/the-ayahuasca-fuzz-14-protocumbian-garage-rockers\/","og_locale":"es_ES","og_type":"article","og_title":"VARIOUS ARTISTS - The Ayahuasca Fuzz! 14 Protocumbian Garage Rockers -  (LP) | Guerssen","og_description":"The Beatles spread the use of the electric guitar across the world and Bolivia was no exception. The \"British Invasion\" hit a politically convulsed country and fell upon a rich multicultural scene that expanded even further when psychedelic counterculture youth movements coming from San Francisco also conquered the hearts of the country's young people. It was a great mix of influences thrown into a cauldron that saw a link between the LSD-soaked hippie generation and the country's native ancestors. Bolivians were not new to mind-expanding experiences; the acid experiences pioneered in the US by Ken Kesey and Timothy Leary found their local counterpart in ancient indigenous traditions of using plants such as ayahuasca to open the doors of perception. In this compilation you will find some of the most interesting young bands from 1960s Bolivia who brought the sounds of a new generation and combined them with the country's rich musical background. The psychedelic, garage-sounding beat created by these young musicians would soon open up new horizons, and Bolivia would soon see traditional sounds, such as its local version of cumbia, evolve in a similar way to how it would in neighboring Peru.TRACKLISTA1 Los Dalton's-Alto Y Seco A2 Los Dhag-Dhags-Trata De Comprender A3 Los Ecos-La Gran Pelea A4 The Blackstones-Pena A5 Los Tennyson- Un Mundo Para Mi A6 Grupo 606-Rompe, Cruza O Ay\u00fadame A7 Los Dhag-Dhags-Tipo Sicod\u00e9lico B1 Grupo 606-Busco Un Camino B2 The Donkeys (2)- El Pobre B3 Los Burros-Es Mejor Que Corras B4 Los Bonny Boy's Hot's- Virgenes Del Sol B5 The Loving Darks-Compilado B6 Los Grillos (2)- La Tarara B7 Los Dhag-Dhags-Bohemia","og_url":"https:\/\/wpguerssen-test.odoo.rgbconsulting.com\/es\/producto\/the-ayahuasca-fuzz-14-protocumbian-garage-rockers\/","og_site_name":"Guerssen records","article_modified_time":"2025-04-16T16:27:57+00:00","og_image":[{"width":800,"height":800,"url":"https:\/\/wpguerssen-test.odoo.rgbconsulting.com\/wp-content\/uploads\/2025\/01\/49584.jpg","type":"image\/jpeg"}],"twitter_card":"summary_large_image","twitter_title":"VARIOUS ARTISTS - The Ayahuasca Fuzz! 14 Protocumbian Garage Rockers -  (LP) | Guerssen","twitter_misc":{"Tiempo de lectura":"2 minutos"},"schema":{"@context":"https:\/\/schema.org","@graph":[{"@type":"WebPage","@id":"https:\/\/wpguerssen-test.odoo.rgbconsulting.com\/es\/producto\/the-ayahuasca-fuzz-14-protocumbian-garage-rockers\/","url":"https:\/\/wpguerssen-test.odoo.rgbconsulting.com\/es\/producto\/the-ayahuasca-fuzz-14-protocumbian-garage-rockers\/","name":"VARIOUS ARTISTS - The Ayahuasca Fuzz! 14 Protocumbian Garage Rockers - (LP) | Guerssen","isPartOf":{"@id":"https:\/\/wpguerssen-test.odoo.rgbconsulting.com\/es\/#website"},"primaryImageOfPage":{"@id":"https:\/\/wpguerssen-test.odoo.rgbconsulting.com\/es\/producto\/the-ayahuasca-fuzz-14-protocumbian-garage-rockers\/#primaryimage"},"image":{"@id":"https:\/\/wpguerssen-test.odoo.rgbconsulting.com\/es\/producto\/the-ayahuasca-fuzz-14-protocumbian-garage-rockers\/#primaryimage"},"thumbnailUrl":"https:\/\/wpguerssen-test.odoo.rgbconsulting.com\/wp-content\/uploads\/2025\/01\/49584.jpg","datePublished":"2025-01-29T23:00:00+00:00","dateModified":"2025-04-16T16:27:57+00:00","description":"The Beatles spread the use of the electric guitar across the world and Bolivia was no exception. The \"British Invasion\" hit a politically convulsed country and fell upon a rich multicultural scene that expanded even further when psychedelic counterculture youth movements coming from San Francisco also conquered the hearts of the country's young people. It was a great mix of influences thrown into a cauldron that saw a link between the LSD-soaked hippie generation and the country's native ancestors. Bolivians were not new to mind-expanding experiences; the acid experiences pioneered in the US by Ken Kesey and Timothy Leary found their local counterpart in ancient indigenous traditions of using plants such as ayahuasca to open the doors of perception. In this compilation you will find some of the most interesting young bands from 1960s Bolivia who brought the sounds of a new generation and combined them with the country's rich musical background. The psychedelic, garage-sounding beat created by these young musicians would soon open up new horizons, and Bolivia would soon see traditional sounds, such as its local version of cumbia, evolve in a similar way to how it would in neighboring Peru.TRACKLISTA1 Los Dalton's-Alto Y Seco A2 Los Dhag-Dhags-Trata De Comprender A3 Los Ecos-La Gran Pelea A4 The Blackstones-Pena A5 Los Tennyson- Un Mundo Para Mi A6 Grupo 606-Rompe, Cruza O Ay\u00fadame A7 Los Dhag-Dhags-Tipo Sicod\u00e9lico B1 Grupo 606-Busco Un Camino B2 The Donkeys (2)- El Pobre B3 Los Burros-Es Mejor Que Corras B4 Los Bonny Boy's Hot's- Virgenes Del Sol B5 The Loving Darks-Compilado B6 Los Grillos (2)- La Tarara B7 Los Dhag-Dhags-Bohemia","breadcrumb":{"@id":"https:\/\/wpguerssen-test.odoo.rgbconsulting.com\/es\/producto\/the-ayahuasca-fuzz-14-protocumbian-garage-rockers\/#breadcrumb"},"inLanguage":"es","potentialAction":[{"@type":"ReadAction","target":["https:\/\/wpguerssen-test.odoo.rgbconsulting.com\/es\/producto\/the-ayahuasca-fuzz-14-protocumbian-garage-rockers\/"]}]},{"@type":"ImageObject","inLanguage":"es","@id":"https:\/\/wpguerssen-test.odoo.rgbconsulting.com\/es\/producto\/the-ayahuasca-fuzz-14-protocumbian-garage-rockers\/#primaryimage","url":"https:\/\/wpguerssen-test.odoo.rgbconsulting.com\/wp-content\/uploads\/2025\/01\/49584.jpg","contentUrl":"https:\/\/wpguerssen-test.odoo.rgbconsulting.com\/wp-content\/uploads\/2025\/01\/49584.jpg","width":800,"height":800},{"@type":"BreadcrumbList","@id":"https:\/\/wpguerssen-test.odoo.rgbconsulting.com\/es\/producto\/the-ayahuasca-fuzz-14-protocumbian-garage-rockers\/#breadcrumb","itemListElement":[{"@type":"ListItem","position":1,"name":"Inicio","item":"https:\/\/wpguerssen-test.odoo.rgbconsulting.com\/es\/"},{"@type":"ListItem","position":2,"name":"Shop","item":"https:\/\/wpguerssen-test.odoo.rgbconsulting.com\/shop\/"},{"@type":"ListItem","position":3,"name":"The Ayahuasca Fuzz! 14 Protocumbian Garage Rockers"}]},{"@type":"WebSite","@id":"https:\/\/wpguerssen-test.odoo.rgbconsulting.com\/es\/#website","url":"https:\/\/wpguerssen-test.odoo.rgbconsulting.com\/es\/","name":"Guerssen records","description":"psychedelia - progressive - folk - garage ","publisher":{"@id":"https:\/\/wpguerssen-test.odoo.rgbconsulting.com\/es\/#organization"},"potentialAction":[{"@type":"SearchAction","target":{"@type":"EntryPoint","urlTemplate":"https:\/\/wpguerssen-test.odoo.rgbconsulting.com\/es\/?s={search_term_string}"},"query-input":{"@type":"PropertyValueSpecification","valueRequired":true,"valueName":"search_term_string"}}],"inLanguage":"es"},{"@type":"Organization","@id":"https:\/\/wpguerssen-test.odoo.rgbconsulting.com\/es\/#organization","name":"Guerssen records","url":"https:\/\/wpguerssen-test.odoo.rgbconsulting.com\/es\/","logo":{"@type":"ImageObject","inLanguage":"es","@id":"https:\/\/wpguerssen-test.odoo.rgbconsulting.com\/es\/#\/schema\/logo\/image\/","url":"https:\/\/wpguerssen-test.odoo.rgbconsulting.com\/wp-content\/uploads\/2022\/04\/Logo_Guerssen_trans_100.png","contentUrl":"https:\/\/wpguerssen-test.odoo.rgbconsulting.com\/wp-content\/uploads\/2022\/04\/Logo_Guerssen_trans_100.png","width":122,"height":100,"caption":"Guerssen records"},"image":{"@id":"https:\/\/wpguerssen-test.odoo.rgbconsulting.com\/es\/#\/schema\/logo\/image\/"}}]}},"_links":{"self":[{"href":"https:\/\/wpguerssen-test.odoo.rgbconsulting.com\/es\/wp-json\/wp\/v2\/product\/281256","targetHints":{"allow":["GET"]}}],"collection":[{"href":"https:\/\/wpguerssen-test.odoo.rgbconsulting.com\/es\/wp-json\/wp\/v2\/product"}],"about":[{"href":"https:\/\/wpguerssen-test.odoo.rgbconsulting.com\/es\/wp-json\/wp\/v2\/types\/product"}],"wp:featuredmedia":[{"embeddable":true,"href":"https:\/\/wpguerssen-test.odoo.rgbconsulting.com\/es\/wp-json\/wp\/v2\/media\/281349"}],"wp:attachment":[{"href":"https:\/\/wpguerssen-test.odoo.rgbconsulting.com\/es\/wp-json\/wp\/v2\/media?parent=281256"}],"wp:term":[{"taxonomy":"product_brand","embeddable":true,"href":"https:\/\/wpguerssen-test.odoo.rgbconsulting.com\/es\/wp-json\/wp\/v2\/product_brand?post=281256"},{"taxonomy":"product_cat","embeddable":true,"href":"https:\/\/wpguerssen-test.odoo.rgbconsulting.com\/es\/wp-json\/wp\/v2\/product_cat?post=281256"},{"taxonomy":"product_tag","embeddable":true,"href":"https:\/\/wpguerssen-test.odoo.rgbconsulting.com\/es\/wp-json\/wp\/v2\/product_tag?post=281256"}],"curies":[{"name":"wp","href":"https:\/\/api.w.org\/{rel}","templated":true}]}}