{"id":281285,"date":"2025-02-11T00:00:00","date_gmt":"2025-02-10T23:00:00","guid":{"rendered":"https:\/\/wpguerssen-test.odoo.rgbconsulting.com\/product\/children-of-the-mushroom\/"},"modified":"2025-04-24T17:19:12","modified_gmt":"2025-04-24T15:19:12","slug":"children-of-the-mushroom","status":"publish","type":"product","link":"https:\/\/wpguerssen-test.odoo.rgbconsulting.com\/es\/producto\/children-of-the-mushroom\/","title":{"rendered":"Children Of The Mushroom"},"content":{"rendered":"<p>Con un \u00fanico single editado en 1968, Children Of The Mushroom personifican como nadie el sonido psicod\u00e9lico Californiano de finales de los 60. <\/p>\n<p> Jerry McMillen y Dennis Swanson formaron The Captives, grupo de teen-beat, a mediados de los 60 en Thousand Oaks, California. En 1967, cambian el nombre a Children Of The Mushroon, ya totalmente influidos por la corriente psicod\u00e9lica. Al a\u00f1o siguiente son fichados por un d\u00fao de productores que les ofrecen grabar un single para el sello Soho Records. El resultado fueron dos impresionantes temas de garage psicod\u00e9lico: \u00abAugust Mademoiselle\u00bb y \u00abYou Can&#8217;t Erase a Mirror\u00bb, repletas de armon\u00edas vocales, fuzz, feedback, \u00f3rgano y ambiente misterioso. <\/p>\n<p> Poco tiempo despu\u00e9s, se incorpora al grupo un nuevo guitarra solista, acortan su nombre a The Mushroom y cambian su sonido hacia una psicodelia m\u00e1s dura, influenciados por grupos como Iron Butterfly. <\/p>\n<p> En este \u00e1lbum retrospectivo, encontrar\u00e1s las dos caras del single de Children Of The Mushroom con sonido de m\u00e1sters junto a grabaciones caseras hechas por The Mushroom en 1968 (algunas de ellas grabadas en un aut\u00e9ntico garage!) con crudo sonido lo-fi y cantidad de \u00f3rgano y guitarra fuzz.  <\/p>\n<p> Sonido remasterizado, insert de 4 p\u00e1ginas con entrevista al grupo y cantidad de fotos. <\/p>\n<p> El CD incluye dos nuevos bonus tracks, incre\u00edbles versiones en directo de las dos canciones de su single grabadas en una reuni\u00f3n del grupo en 2006, nunca antes publicadas hasta ahora. <\/p>\n<p> Tracklist:<br \/>Side 1: 1. August Mademoiselle &#8211; 2. You Can&#8217;t Erase a Mirror &#8211; 3. Blade &#8211; 4. It Won&#8217;t Be Enough<br \/>Side 2: 1. Vortex &#8211; 2. Care for Me &#8211; 3. Exordium (The Mushroom Theme)<\/p>\n","protected":false},"excerpt":{"rendered":"<p>Con un \u00fanico single editado en 1968, Children Of The Mushroom personifican como nadie el sonido psicod\u00e9lico Californiano de finales de los 60. <\/p>\n<p>\u00a0<\/p>\n<p><a class=\"read\" href=\"https:\/\/wpguerssen-test.odoo.rgbconsulting.com\/es\/producto\/children-of-the-mushroom\/\"> (...)<\/a>","protected":false},"featured_media":281260,"template":"","meta":{"_acf_changed":false},"product_brand":[],"product_cat":[21639],"product_tag":[24189],"class_list":{"0":"post-281285","1":"product","2":"type-product","3":"status-publish","4":"has-post-thumbnail","6":"product_cat-psychedelic60s-70s-es","7":"product_tag-recien-llegadas","8":"pa_artist-children-of-the-mushroom-es","9":"pa_format-lp-es","10":"pa_gender-psychedelic60s-70s","11":"pa_label-out-sider-music-es","12":"pa_location-north-america-es","13":"pa_other-filters-vinyl-only-es","15":"first","16":"instock","17":"taxable","18":"shipping-taxable","19":"purchasable","20":"product-type-simple"},"acf":[],"yoast_head":"<!-- This site is optimized with the Yoast SEO plugin v24.9 - https:\/\/yoast.com\/wordpress\/plugins\/seo\/ -->\n<title>CHILDREN OF THE MUSHROOM - Children Of The Mushroom -  (LP) | Guerssen<\/title>\n<meta name=\"description\" content=\"With only one 45 released back at the time, Children Of The Mushroom epitomized the psychedelic-garage sound coming out from California in the late 60s. Formed in Thousand Oaks by Jerry McMillen and Dennis Swanson, they evolved from a mid-60s teen-beat band called The Captives. In 1967, they became Children Of The Mushroom, a name which reflected their new psychedelic sound and image. The following year, they caught the attention of a couple of young producers, who signed the band for a 45 release. Recorded in 1968 for Soho Records, &quot;August Mademoiselle&quot; \/ &quot;You can&#039;t erase a Mirror&quot;, is one of the masterpieces from the first psychedelic era: feedback, fuzz, organ, mysterious vocals... #nl# Soon after, the band incorporated a new guitar player, shortened their name to The Mushroom and started playing in a more heavy-psych vein, in a similar style to Iron Butterfly. #nl# This retrospective album includes both tracks from their monster 45 with sound taken from the masters plus previously unreleased tracks by The Mushroom, recorded in 1968. These are raw, lo-fi home recordings (some of the tracks were recorded in a real garage!) with lot of fuzz guitar and organ. It&#039;s the sound of a psychedelic band in 1968 playing free and wild, without any producer or record label executive telling them what to do. An incredible document. #nl# CD version includes two newly discovered bonus tracks: fantastic live renditions of the two songs from their 45 recorded at a band reunion in 2006. #nl# *Hard cardboard sleeve*Remastered sound* Fold-out colour insert with liner notes \/ interview with the band members and rare photos \/ memorabilia #nl# Tracklist:Side 1: 1. August Mademoiselle - 2. You Can&#039;t Erase a Mirror - 3. Blade - 4. It Won&#039;t Be EnoughSide 2: 1. Vortex - 2. Care for Me - 3. Exordium (The Mushroom Theme)\" \/>\n<meta name=\"robots\" content=\"index, follow, max-snippet:-1, max-image-preview:large, max-video-preview:-1\" \/>\n<link rel=\"canonical\" href=\"https:\/\/wpguerssen-test.odoo.rgbconsulting.com\/es\/producto\/children-of-the-mushroom\/\" \/>\n<meta property=\"og:locale\" content=\"es_ES\" \/>\n<meta property=\"og:type\" content=\"article\" \/>\n<meta property=\"og:title\" content=\"CHILDREN OF THE MUSHROOM - Children Of The Mushroom -  (LP) | Guerssen\" \/>\n<meta property=\"og:description\" content=\"With only one 45 released back at the time, Children Of The Mushroom epitomized the psychedelic-garage sound coming out from California in the late 60s. Formed in Thousand Oaks by Jerry McMillen and Dennis Swanson, they evolved from a mid-60s teen-beat band called The Captives. In 1967, they became Children Of The Mushroom, a name which reflected their new psychedelic sound and image. The following year, they caught the attention of a couple of young producers, who signed the band for a 45 release. Recorded in 1968 for Soho Records, &quot;August Mademoiselle&quot; \/ &quot;You can&#039;t erase a Mirror&quot;, is one of the masterpieces from the first psychedelic era: feedback, fuzz, organ, mysterious vocals... #nl# Soon after, the band incorporated a new guitar player, shortened their name to The Mushroom and started playing in a more heavy-psych vein, in a similar style to Iron Butterfly. #nl# This retrospective album includes both tracks from their monster 45 with sound taken from the masters plus previously unreleased tracks by The Mushroom, recorded in 1968. These are raw, lo-fi home recordings (some of the tracks were recorded in a real garage!) with lot of fuzz guitar and organ. It&#039;s the sound of a psychedelic band in 1968 playing free and wild, without any producer or record label executive telling them what to do. An incredible document. #nl# CD version includes two newly discovered bonus tracks: fantastic live renditions of the two songs from their 45 recorded at a band reunion in 2006. #nl# *Hard cardboard sleeve*Remastered sound* Fold-out colour insert with liner notes \/ interview with the band members and rare photos \/ memorabilia #nl# Tracklist:Side 1: 1. August Mademoiselle - 2. You Can&#039;t Erase a Mirror - 3. Blade - 4. It Won&#039;t Be EnoughSide 2: 1. Vortex - 2. Care for Me - 3. Exordium (The Mushroom Theme)\" \/>\n<meta property=\"og:url\" content=\"https:\/\/wpguerssen-test.odoo.rgbconsulting.com\/es\/producto\/children-of-the-mushroom\/\" \/>\n<meta property=\"og:site_name\" content=\"Guerssen records\" \/>\n<meta property=\"article:modified_time\" content=\"2025-04-24T15:19:12+00:00\" \/>\n<meta property=\"og:image\" content=\"https:\/\/wpguerssen-test.odoo.rgbconsulting.com\/wp-content\/uploads\/2025\/01\/47954.jpg\" \/>\n\t<meta property=\"og:image:width\" content=\"1400\" \/>\n\t<meta property=\"og:image:height\" content=\"1400\" \/>\n\t<meta property=\"og:image:type\" content=\"image\/jpeg\" \/>\n<meta name=\"twitter:card\" content=\"summary_large_image\" \/>\n<meta name=\"twitter:title\" content=\"CHILDREN OF THE MUSHROOM - Children Of The Mushroom -  (LP) | Guerssen\" \/>\n<meta name=\"twitter:label1\" content=\"Tiempo de lectura\" \/>\n\t<meta name=\"twitter:data1\" content=\"1 minuto\" \/>\n<script type=\"application\/ld+json\" class=\"yoast-schema-graph\">{\"@context\":\"https:\/\/schema.org\",\"@graph\":[{\"@type\":\"WebPage\",\"@id\":\"https:\/\/wpguerssen-test.odoo.rgbconsulting.com\/es\/producto\/children-of-the-mushroom\/\",\"url\":\"https:\/\/wpguerssen-test.odoo.rgbconsulting.com\/es\/producto\/children-of-the-mushroom\/\",\"name\":\"CHILDREN OF THE MUSHROOM - Children Of The Mushroom - (LP) | Guerssen\",\"isPartOf\":{\"@id\":\"https:\/\/wpguerssen-test.odoo.rgbconsulting.com\/es\/#website\"},\"primaryImageOfPage\":{\"@id\":\"https:\/\/wpguerssen-test.odoo.rgbconsulting.com\/es\/producto\/children-of-the-mushroom\/#primaryimage\"},\"image\":{\"@id\":\"https:\/\/wpguerssen-test.odoo.rgbconsulting.com\/es\/producto\/children-of-the-mushroom\/#primaryimage\"},\"thumbnailUrl\":\"https:\/\/wpguerssen-test.odoo.rgbconsulting.com\/wp-content\/uploads\/2025\/01\/47954.jpg\",\"datePublished\":\"2025-02-10T23:00:00+00:00\",\"dateModified\":\"2025-04-24T15:19:12+00:00\",\"description\":\"With only one 45 released back at the time, Children Of The Mushroom epitomized the psychedelic-garage sound coming out from California in the late 60s. Formed in Thousand Oaks by Jerry McMillen and Dennis Swanson, they evolved from a mid-60s teen-beat band called The Captives. In 1967, they became Children Of The Mushroom, a name which reflected their new psychedelic sound and image. The following year, they caught the attention of a couple of young producers, who signed the band for a 45 release. Recorded in 1968 for Soho Records, \\\"August Mademoiselle\\\" \/ \\\"You can't erase a Mirror\\\", is one of the masterpieces from the first psychedelic era: feedback, fuzz, organ, mysterious vocals... #nl# Soon after, the band incorporated a new guitar player, shortened their name to The Mushroom and started playing in a more heavy-psych vein, in a similar style to Iron Butterfly. #nl# This retrospective album includes both tracks from their monster 45 with sound taken from the masters plus previously unreleased tracks by The Mushroom, recorded in 1968. These are raw, lo-fi home recordings (some of the tracks were recorded in a real garage!) with lot of fuzz guitar and organ. It's the sound of a psychedelic band in 1968 playing free and wild, without any producer or record label executive telling them what to do. An incredible document. #nl# CD version includes two newly discovered bonus tracks: fantastic live renditions of the two songs from their 45 recorded at a band reunion in 2006. #nl# *Hard cardboard sleeve*Remastered sound* Fold-out colour insert with liner notes \/ interview with the band members and rare photos \/ memorabilia #nl# Tracklist:Side 1: 1. August Mademoiselle - 2. You Can't Erase a Mirror - 3. Blade - 4. It Won't Be EnoughSide 2: 1. Vortex - 2. Care for Me - 3. Exordium (The Mushroom Theme)\",\"breadcrumb\":{\"@id\":\"https:\/\/wpguerssen-test.odoo.rgbconsulting.com\/es\/producto\/children-of-the-mushroom\/#breadcrumb\"},\"inLanguage\":\"es\",\"potentialAction\":[{\"@type\":\"ReadAction\",\"target\":[\"https:\/\/wpguerssen-test.odoo.rgbconsulting.com\/es\/producto\/children-of-the-mushroom\/\"]}]},{\"@type\":\"ImageObject\",\"inLanguage\":\"es\",\"@id\":\"https:\/\/wpguerssen-test.odoo.rgbconsulting.com\/es\/producto\/children-of-the-mushroom\/#primaryimage\",\"url\":\"https:\/\/wpguerssen-test.odoo.rgbconsulting.com\/wp-content\/uploads\/2025\/01\/47954.jpg\",\"contentUrl\":\"https:\/\/wpguerssen-test.odoo.rgbconsulting.com\/wp-content\/uploads\/2025\/01\/47954.jpg\",\"width\":1400,\"height\":1400},{\"@type\":\"BreadcrumbList\",\"@id\":\"https:\/\/wpguerssen-test.odoo.rgbconsulting.com\/es\/producto\/children-of-the-mushroom\/#breadcrumb\",\"itemListElement\":[{\"@type\":\"ListItem\",\"position\":1,\"name\":\"Inicio\",\"item\":\"https:\/\/wpguerssen-test.odoo.rgbconsulting.com\/es\/\"},{\"@type\":\"ListItem\",\"position\":2,\"name\":\"Shop\",\"item\":\"https:\/\/wpguerssen-test.odoo.rgbconsulting.com\/shop\/\"},{\"@type\":\"ListItem\",\"position\":3,\"name\":\"Children Of The Mushroom\"}]},{\"@type\":\"WebSite\",\"@id\":\"https:\/\/wpguerssen-test.odoo.rgbconsulting.com\/es\/#website\",\"url\":\"https:\/\/wpguerssen-test.odoo.rgbconsulting.com\/es\/\",\"name\":\"Guerssen records\",\"description\":\"psychedelia - progressive - folk - garage \",\"publisher\":{\"@id\":\"https:\/\/wpguerssen-test.odoo.rgbconsulting.com\/es\/#organization\"},\"potentialAction\":[{\"@type\":\"SearchAction\",\"target\":{\"@type\":\"EntryPoint\",\"urlTemplate\":\"https:\/\/wpguerssen-test.odoo.rgbconsulting.com\/es\/?s={search_term_string}\"},\"query-input\":{\"@type\":\"PropertyValueSpecification\",\"valueRequired\":true,\"valueName\":\"search_term_string\"}}],\"inLanguage\":\"es\"},{\"@type\":\"Organization\",\"@id\":\"https:\/\/wpguerssen-test.odoo.rgbconsulting.com\/es\/#organization\",\"name\":\"Guerssen records\",\"url\":\"https:\/\/wpguerssen-test.odoo.rgbconsulting.com\/es\/\",\"logo\":{\"@type\":\"ImageObject\",\"inLanguage\":\"es\",\"@id\":\"https:\/\/wpguerssen-test.odoo.rgbconsulting.com\/es\/#\/schema\/logo\/image\/\",\"url\":\"https:\/\/wpguerssen-test.odoo.rgbconsulting.com\/wp-content\/uploads\/2022\/04\/Logo_Guerssen_trans_100.png\",\"contentUrl\":\"https:\/\/wpguerssen-test.odoo.rgbconsulting.com\/wp-content\/uploads\/2022\/04\/Logo_Guerssen_trans_100.png\",\"width\":122,\"height\":100,\"caption\":\"Guerssen records\"},\"image\":{\"@id\":\"https:\/\/wpguerssen-test.odoo.rgbconsulting.com\/es\/#\/schema\/logo\/image\/\"}}]}<\/script>\n<!-- \/ Yoast SEO plugin. -->","yoast_head_json":{"title":"CHILDREN OF THE MUSHROOM - Children Of The Mushroom -  (LP) | Guerssen","description":"With only one 45 released back at the time, Children Of The Mushroom epitomized the psychedelic-garage sound coming out from California in the late 60s. Formed in Thousand Oaks by Jerry McMillen and Dennis Swanson, they evolved from a mid-60s teen-beat band called The Captives. In 1967, they became Children Of The Mushroom, a name which reflected their new psychedelic sound and image. The following year, they caught the attention of a couple of young producers, who signed the band for a 45 release. Recorded in 1968 for Soho Records, \"August Mademoiselle\" \/ \"You can't erase a Mirror\", is one of the masterpieces from the first psychedelic era: feedback, fuzz, organ, mysterious vocals... #nl# Soon after, the band incorporated a new guitar player, shortened their name to The Mushroom and started playing in a more heavy-psych vein, in a similar style to Iron Butterfly. #nl# This retrospective album includes both tracks from their monster 45 with sound taken from the masters plus previously unreleased tracks by The Mushroom, recorded in 1968. These are raw, lo-fi home recordings (some of the tracks were recorded in a real garage!) with lot of fuzz guitar and organ. It's the sound of a psychedelic band in 1968 playing free and wild, without any producer or record label executive telling them what to do. An incredible document. #nl# CD version includes two newly discovered bonus tracks: fantastic live renditions of the two songs from their 45 recorded at a band reunion in 2006. #nl# *Hard cardboard sleeve*Remastered sound* Fold-out colour insert with liner notes \/ interview with the band members and rare photos \/ memorabilia #nl# Tracklist:Side 1: 1. August Mademoiselle - 2. You Can't Erase a Mirror - 3. Blade - 4. It Won't Be EnoughSide 2: 1. Vortex - 2. Care for Me - 3. Exordium (The Mushroom Theme)","robots":{"index":"index","follow":"follow","max-snippet":"max-snippet:-1","max-image-preview":"max-image-preview:large","max-video-preview":"max-video-preview:-1"},"canonical":"https:\/\/wpguerssen-test.odoo.rgbconsulting.com\/es\/producto\/children-of-the-mushroom\/","og_locale":"es_ES","og_type":"article","og_title":"CHILDREN OF THE MUSHROOM - Children Of The Mushroom -  (LP) | Guerssen","og_description":"With only one 45 released back at the time, Children Of The Mushroom epitomized the psychedelic-garage sound coming out from California in the late 60s. Formed in Thousand Oaks by Jerry McMillen and Dennis Swanson, they evolved from a mid-60s teen-beat band called The Captives. In 1967, they became Children Of The Mushroom, a name which reflected their new psychedelic sound and image. The following year, they caught the attention of a couple of young producers, who signed the band for a 45 release. Recorded in 1968 for Soho Records, \"August Mademoiselle\" \/ \"You can't erase a Mirror\", is one of the masterpieces from the first psychedelic era: feedback, fuzz, organ, mysterious vocals... #nl# Soon after, the band incorporated a new guitar player, shortened their name to The Mushroom and started playing in a more heavy-psych vein, in a similar style to Iron Butterfly. #nl# This retrospective album includes both tracks from their monster 45 with sound taken from the masters plus previously unreleased tracks by The Mushroom, recorded in 1968. These are raw, lo-fi home recordings (some of the tracks were recorded in a real garage!) with lot of fuzz guitar and organ. It's the sound of a psychedelic band in 1968 playing free and wild, without any producer or record label executive telling them what to do. An incredible document. #nl# CD version includes two newly discovered bonus tracks: fantastic live renditions of the two songs from their 45 recorded at a band reunion in 2006. #nl# *Hard cardboard sleeve*Remastered sound* Fold-out colour insert with liner notes \/ interview with the band members and rare photos \/ memorabilia #nl# Tracklist:Side 1: 1. August Mademoiselle - 2. You Can't Erase a Mirror - 3. Blade - 4. It Won't Be EnoughSide 2: 1. Vortex - 2. Care for Me - 3. Exordium (The Mushroom Theme)","og_url":"https:\/\/wpguerssen-test.odoo.rgbconsulting.com\/es\/producto\/children-of-the-mushroom\/","og_site_name":"Guerssen records","article_modified_time":"2025-04-24T15:19:12+00:00","og_image":[{"width":1400,"height":1400,"url":"https:\/\/wpguerssen-test.odoo.rgbconsulting.com\/wp-content\/uploads\/2025\/01\/47954.jpg","type":"image\/jpeg"}],"twitter_card":"summary_large_image","twitter_title":"CHILDREN OF THE MUSHROOM - Children Of The Mushroom -  (LP) | Guerssen","twitter_misc":{"Tiempo de lectura":"1 minuto"},"schema":{"@context":"https:\/\/schema.org","@graph":[{"@type":"WebPage","@id":"https:\/\/wpguerssen-test.odoo.rgbconsulting.com\/es\/producto\/children-of-the-mushroom\/","url":"https:\/\/wpguerssen-test.odoo.rgbconsulting.com\/es\/producto\/children-of-the-mushroom\/","name":"CHILDREN OF THE MUSHROOM - Children Of The Mushroom - (LP) | Guerssen","isPartOf":{"@id":"https:\/\/wpguerssen-test.odoo.rgbconsulting.com\/es\/#website"},"primaryImageOfPage":{"@id":"https:\/\/wpguerssen-test.odoo.rgbconsulting.com\/es\/producto\/children-of-the-mushroom\/#primaryimage"},"image":{"@id":"https:\/\/wpguerssen-test.odoo.rgbconsulting.com\/es\/producto\/children-of-the-mushroom\/#primaryimage"},"thumbnailUrl":"https:\/\/wpguerssen-test.odoo.rgbconsulting.com\/wp-content\/uploads\/2025\/01\/47954.jpg","datePublished":"2025-02-10T23:00:00+00:00","dateModified":"2025-04-24T15:19:12+00:00","description":"With only one 45 released back at the time, Children Of The Mushroom epitomized the psychedelic-garage sound coming out from California in the late 60s. Formed in Thousand Oaks by Jerry McMillen and Dennis Swanson, they evolved from a mid-60s teen-beat band called The Captives. In 1967, they became Children Of The Mushroom, a name which reflected their new psychedelic sound and image. The following year, they caught the attention of a couple of young producers, who signed the band for a 45 release. Recorded in 1968 for Soho Records, \"August Mademoiselle\" \/ \"You can't erase a Mirror\", is one of the masterpieces from the first psychedelic era: feedback, fuzz, organ, mysterious vocals... #nl# Soon after, the band incorporated a new guitar player, shortened their name to The Mushroom and started playing in a more heavy-psych vein, in a similar style to Iron Butterfly. #nl# This retrospective album includes both tracks from their monster 45 with sound taken from the masters plus previously unreleased tracks by The Mushroom, recorded in 1968. These are raw, lo-fi home recordings (some of the tracks were recorded in a real garage!) with lot of fuzz guitar and organ. It's the sound of a psychedelic band in 1968 playing free and wild, without any producer or record label executive telling them what to do. An incredible document. #nl# CD version includes two newly discovered bonus tracks: fantastic live renditions of the two songs from their 45 recorded at a band reunion in 2006. #nl# *Hard cardboard sleeve*Remastered sound* Fold-out colour insert with liner notes \/ interview with the band members and rare photos \/ memorabilia #nl# Tracklist:Side 1: 1. August Mademoiselle - 2. You Can't Erase a Mirror - 3. Blade - 4. It Won't Be EnoughSide 2: 1. Vortex - 2. Care for Me - 3. Exordium (The Mushroom Theme)","breadcrumb":{"@id":"https:\/\/wpguerssen-test.odoo.rgbconsulting.com\/es\/producto\/children-of-the-mushroom\/#breadcrumb"},"inLanguage":"es","potentialAction":[{"@type":"ReadAction","target":["https:\/\/wpguerssen-test.odoo.rgbconsulting.com\/es\/producto\/children-of-the-mushroom\/"]}]},{"@type":"ImageObject","inLanguage":"es","@id":"https:\/\/wpguerssen-test.odoo.rgbconsulting.com\/es\/producto\/children-of-the-mushroom\/#primaryimage","url":"https:\/\/wpguerssen-test.odoo.rgbconsulting.com\/wp-content\/uploads\/2025\/01\/47954.jpg","contentUrl":"https:\/\/wpguerssen-test.odoo.rgbconsulting.com\/wp-content\/uploads\/2025\/01\/47954.jpg","width":1400,"height":1400},{"@type":"BreadcrumbList","@id":"https:\/\/wpguerssen-test.odoo.rgbconsulting.com\/es\/producto\/children-of-the-mushroom\/#breadcrumb","itemListElement":[{"@type":"ListItem","position":1,"name":"Inicio","item":"https:\/\/wpguerssen-test.odoo.rgbconsulting.com\/es\/"},{"@type":"ListItem","position":2,"name":"Shop","item":"https:\/\/wpguerssen-test.odoo.rgbconsulting.com\/shop\/"},{"@type":"ListItem","position":3,"name":"Children Of The Mushroom"}]},{"@type":"WebSite","@id":"https:\/\/wpguerssen-test.odoo.rgbconsulting.com\/es\/#website","url":"https:\/\/wpguerssen-test.odoo.rgbconsulting.com\/es\/","name":"Guerssen records","description":"psychedelia - progressive - folk - garage ","publisher":{"@id":"https:\/\/wpguerssen-test.odoo.rgbconsulting.com\/es\/#organization"},"potentialAction":[{"@type":"SearchAction","target":{"@type":"EntryPoint","urlTemplate":"https:\/\/wpguerssen-test.odoo.rgbconsulting.com\/es\/?s={search_term_string}"},"query-input":{"@type":"PropertyValueSpecification","valueRequired":true,"valueName":"search_term_string"}}],"inLanguage":"es"},{"@type":"Organization","@id":"https:\/\/wpguerssen-test.odoo.rgbconsulting.com\/es\/#organization","name":"Guerssen records","url":"https:\/\/wpguerssen-test.odoo.rgbconsulting.com\/es\/","logo":{"@type":"ImageObject","inLanguage":"es","@id":"https:\/\/wpguerssen-test.odoo.rgbconsulting.com\/es\/#\/schema\/logo\/image\/","url":"https:\/\/wpguerssen-test.odoo.rgbconsulting.com\/wp-content\/uploads\/2022\/04\/Logo_Guerssen_trans_100.png","contentUrl":"https:\/\/wpguerssen-test.odoo.rgbconsulting.com\/wp-content\/uploads\/2022\/04\/Logo_Guerssen_trans_100.png","width":122,"height":100,"caption":"Guerssen records"},"image":{"@id":"https:\/\/wpguerssen-test.odoo.rgbconsulting.com\/es\/#\/schema\/logo\/image\/"}}]}},"_links":{"self":[{"href":"https:\/\/wpguerssen-test.odoo.rgbconsulting.com\/es\/wp-json\/wp\/v2\/product\/281285","targetHints":{"allow":["GET"]}}],"collection":[{"href":"https:\/\/wpguerssen-test.odoo.rgbconsulting.com\/es\/wp-json\/wp\/v2\/product"}],"about":[{"href":"https:\/\/wpguerssen-test.odoo.rgbconsulting.com\/es\/wp-json\/wp\/v2\/types\/product"}],"wp:featuredmedia":[{"embeddable":true,"href":"https:\/\/wpguerssen-test.odoo.rgbconsulting.com\/es\/wp-json\/wp\/v2\/media\/281260"}],"wp:attachment":[{"href":"https:\/\/wpguerssen-test.odoo.rgbconsulting.com\/es\/wp-json\/wp\/v2\/media?parent=281285"}],"wp:term":[{"taxonomy":"product_brand","embeddable":true,"href":"https:\/\/wpguerssen-test.odoo.rgbconsulting.com\/es\/wp-json\/wp\/v2\/product_brand?post=281285"},{"taxonomy":"product_cat","embeddable":true,"href":"https:\/\/wpguerssen-test.odoo.rgbconsulting.com\/es\/wp-json\/wp\/v2\/product_cat?post=281285"},{"taxonomy":"product_tag","embeddable":true,"href":"https:\/\/wpguerssen-test.odoo.rgbconsulting.com\/es\/wp-json\/wp\/v2\/product_tag?post=281285"}],"curies":[{"name":"wp","href":"https:\/\/api.w.org\/{rel}","templated":true}]}}