{"id":281289,"date":"2025-02-11T00:00:00","date_gmt":"2025-02-10T23:00:00","guid":{"rendered":"https:\/\/wpguerssen-test.odoo.rgbconsulting.com\/product\/rain\/"},"modified":"2025-04-25T14:01:56","modified_gmt":"2025-04-25T12:01:56","slug":"rain","status":"publish","type":"product","link":"https:\/\/wpguerssen-test.odoo.rgbconsulting.com\/es\/producto\/rain\/","title":{"rendered":"Rain"},"content":{"rendered":"<p>Por primera vez editado en vinilo el disco in\u00e9dito que en 1969 grab\u00f3 el tr\u00edo brit\u00e1nico hard-progresivo y psicod\u00e9lico Hard Meat, originalmente grabado para Island Records pero archivado. <\/p>\n<p> Con los hermanos Mick y Steve Dolan a la guitarra \/ bajo respectivamente y el bater\u00eda Mick Carless. Potentes versiones de Beatles, Dylan o Billie Holiday junto a buenas composiciones propias como \u00abBurning Up Years\u00bb, que fue versioneada por los neozelandeses Human Instinct. <\/p>\n<p> *Artwork estilo vintage en portada de cart\u00f3n duro laminada<br \/>*Sonido de los m\u00e1sters originales<br \/>*Insert con detalladas notas por Nigel Cross (Shagrat) y fotos \/ memorabilia <\/p>\n<p> \u00ab&#8230;el disco que tienes en tus manos sirve como testamento de tres talentosos m\u00fasicos en su punto \u00e1lgido&#8230;\u00bb<br \/>&#8211; Nigel Cross <\/p>\n<p> Tracklist:<br \/>Side 1: 1. Rain &#8211; 2. Most Likely You&#8217;ll Go Your Way, I&#8217;ll Go Mine &#8211; 3. Liquid Boats &#8211; 4. Walking Down Up Street &#8211; 5. Strange Fruit<br \/>Side 2: 1. Run Shaker Life &#8211; 2. Erection &#8211; 3. Burning Up Years &#8211; 4. Don&#8217;t Chase Your Tail<\/p>\n","protected":false},"excerpt":{"rendered":"<p>Por primera vez editado en vinilo el disco in\u00e9dito que en 1969 grab\u00f3 el tr\u00edo brit\u00e1nico hard-progresivo y psicod\u00e9lico Hard Meat, originalmente grabado para Island<a class=\"read\" href=\"https:\/\/wpguerssen-test.odoo.rgbconsulting.com\/es\/producto\/rain\/\"> (...)<\/a>","protected":false},"featured_media":283229,"template":"","meta":{"_acf_changed":false},"product_brand":[],"product_cat":[21639,23215],"product_tag":[24189],"class_list":{"0":"post-281289","1":"product","2":"type-product","3":"status-publish","4":"has-post-thumbnail","6":"product_cat-psychedelic60s-70s-es","7":"product_cat-progressive60s-70s-es","8":"product_tag-recien-llegadas","9":"pa_artist-hard-meat-es","10":"pa_format-lp-es","11":"pa_gender-psychedelic60s-70s-progressive60s-70s","12":"pa_label-sommor-es","13":"pa_location-uk-ireland-es","14":"pa_other-filters-vinyl-only-es","16":"first","17":"instock","18":"taxable","19":"shipping-taxable","20":"purchasable","21":"product-type-simple"},"acf":[],"yoast_head":"<!-- This site is optimized with the Yoast SEO plugin v24.9 - https:\/\/yoast.com\/wordpress\/plugins\/seo\/ -->\n<title>HARD MEAT - Rain -  (LP) | Guerssen<\/title>\n<meta name=\"description\" content=\"First ever vinyl edition of the unissued album recorded in 1969 by British heavy-progressive \/ hard-psychedelic trio HARD MEAT, originally intended for release on Island Records. #nl# Featuring brothers Mick Dolan (guitars, vocals), Steve Dolan (bass, vocals) and Mick Carless (drums). #nl# Powerful &amp; surprising cover versions (Beatles, Billie Holiday, Dylan...) mixed with ace original compositions, including the original version of &quot;Burning Up Years&quot;, famously covered by the Human Instinct. #nl# *Vintage styled hard cardboard laminated sleeve*Sourced from the original master tapes*Insert with detailed liner notes by Nigel Cross (Shagrat) and rare photos \/ memorabilia #nl# &quot;...The album you are holding serves as a testament to three highly talented players at the peak of their powers...&quot; - Nigel Cross #nl# Tracklist:Side 1: 1. Rain - 2. Most Likely You&#039;ll Go Your Way, I&#039;ll Go Mine - 3. Liquid Boats - 4. Walking Down Up Street - 5. Strange FruitSide 2: 1. Run Shaker Life - 2. Erection - 3. Burning Up Years - 4. Don&#039;t Chase Your Tail\" \/>\n<meta name=\"robots\" content=\"index, follow, max-snippet:-1, max-image-preview:large, max-video-preview:-1\" \/>\n<link rel=\"canonical\" href=\"https:\/\/wpguerssen-test.odoo.rgbconsulting.com\/es\/producto\/rain\/\" \/>\n<meta property=\"og:locale\" content=\"es_ES\" \/>\n<meta property=\"og:type\" content=\"article\" \/>\n<meta property=\"og:title\" content=\"HARD MEAT - Rain -  (LP) | Guerssen\" \/>\n<meta property=\"og:description\" content=\"First ever vinyl edition of the unissued album recorded in 1969 by British heavy-progressive \/ hard-psychedelic trio HARD MEAT, originally intended for release on Island Records. #nl# Featuring brothers Mick Dolan (guitars, vocals), Steve Dolan (bass, vocals) and Mick Carless (drums). #nl# Powerful &amp; surprising cover versions (Beatles, Billie Holiday, Dylan...) mixed with ace original compositions, including the original version of &quot;Burning Up Years&quot;, famously covered by the Human Instinct. #nl# *Vintage styled hard cardboard laminated sleeve*Sourced from the original master tapes*Insert with detailed liner notes by Nigel Cross (Shagrat) and rare photos \/ memorabilia #nl# &quot;...The album you are holding serves as a testament to three highly talented players at the peak of their powers...&quot; - Nigel Cross #nl# Tracklist:Side 1: 1. Rain - 2. Most Likely You&#039;ll Go Your Way, I&#039;ll Go Mine - 3. Liquid Boats - 4. Walking Down Up Street - 5. Strange FruitSide 2: 1. Run Shaker Life - 2. Erection - 3. Burning Up Years - 4. Don&#039;t Chase Your Tail\" \/>\n<meta property=\"og:url\" content=\"https:\/\/wpguerssen-test.odoo.rgbconsulting.com\/es\/producto\/rain\/\" \/>\n<meta property=\"og:site_name\" content=\"Guerssen records\" \/>\n<meta property=\"article:modified_time\" content=\"2025-04-25T12:01:56+00:00\" \/>\n<meta property=\"og:image\" content=\"https:\/\/wpguerssen-test.odoo.rgbconsulting.com\/wp-content\/uploads\/2025\/02\/49128.jpg\" \/>\n\t<meta property=\"og:image:width\" content=\"1400\" \/>\n\t<meta property=\"og:image:height\" content=\"1400\" \/>\n\t<meta property=\"og:image:type\" content=\"image\/jpeg\" \/>\n<meta name=\"twitter:card\" content=\"summary_large_image\" \/>\n<meta name=\"twitter:title\" content=\"HARD MEAT - Rain -  (LP) | Guerssen\" \/>\n<meta name=\"twitter:label1\" content=\"Tiempo de lectura\" \/>\n\t<meta name=\"twitter:data1\" content=\"1 minuto\" \/>\n<script type=\"application\/ld+json\" class=\"yoast-schema-graph\">{\"@context\":\"https:\/\/schema.org\",\"@graph\":[{\"@type\":\"WebPage\",\"@id\":\"https:\/\/wpguerssen-test.odoo.rgbconsulting.com\/es\/producto\/rain\/\",\"url\":\"https:\/\/wpguerssen-test.odoo.rgbconsulting.com\/es\/producto\/rain\/\",\"name\":\"HARD MEAT - Rain - (LP) | Guerssen\",\"isPartOf\":{\"@id\":\"https:\/\/wpguerssen-test.odoo.rgbconsulting.com\/es\/#website\"},\"primaryImageOfPage\":{\"@id\":\"https:\/\/wpguerssen-test.odoo.rgbconsulting.com\/es\/producto\/rain\/#primaryimage\"},\"image\":{\"@id\":\"https:\/\/wpguerssen-test.odoo.rgbconsulting.com\/es\/producto\/rain\/#primaryimage\"},\"thumbnailUrl\":\"https:\/\/wpguerssen-test.odoo.rgbconsulting.com\/wp-content\/uploads\/2025\/02\/49128.jpg\",\"datePublished\":\"2025-02-10T23:00:00+00:00\",\"dateModified\":\"2025-04-25T12:01:56+00:00\",\"description\":\"First ever vinyl edition of the unissued album recorded in 1969 by British heavy-progressive \/ hard-psychedelic trio HARD MEAT, originally intended for release on Island Records. #nl# Featuring brothers Mick Dolan (guitars, vocals), Steve Dolan (bass, vocals) and Mick Carless (drums). #nl# Powerful & surprising cover versions (Beatles, Billie Holiday, Dylan...) mixed with ace original compositions, including the original version of \\\"Burning Up Years\\\", famously covered by the Human Instinct. #nl# *Vintage styled hard cardboard laminated sleeve*Sourced from the original master tapes*Insert with detailed liner notes by Nigel Cross (Shagrat) and rare photos \/ memorabilia #nl# \\\"...The album you are holding serves as a testament to three highly talented players at the peak of their powers...\\\" - Nigel Cross #nl# Tracklist:Side 1: 1. Rain - 2. Most Likely You'll Go Your Way, I'll Go Mine - 3. Liquid Boats - 4. Walking Down Up Street - 5. Strange FruitSide 2: 1. Run Shaker Life - 2. Erection - 3. Burning Up Years - 4. Don't Chase Your Tail\",\"breadcrumb\":{\"@id\":\"https:\/\/wpguerssen-test.odoo.rgbconsulting.com\/es\/producto\/rain\/#breadcrumb\"},\"inLanguage\":\"es\",\"potentialAction\":[{\"@type\":\"ReadAction\",\"target\":[\"https:\/\/wpguerssen-test.odoo.rgbconsulting.com\/es\/producto\/rain\/\"]}]},{\"@type\":\"ImageObject\",\"inLanguage\":\"es\",\"@id\":\"https:\/\/wpguerssen-test.odoo.rgbconsulting.com\/es\/producto\/rain\/#primaryimage\",\"url\":\"https:\/\/wpguerssen-test.odoo.rgbconsulting.com\/wp-content\/uploads\/2025\/02\/49128.jpg\",\"contentUrl\":\"https:\/\/wpguerssen-test.odoo.rgbconsulting.com\/wp-content\/uploads\/2025\/02\/49128.jpg\",\"width\":1400,\"height\":1400},{\"@type\":\"BreadcrumbList\",\"@id\":\"https:\/\/wpguerssen-test.odoo.rgbconsulting.com\/es\/producto\/rain\/#breadcrumb\",\"itemListElement\":[{\"@type\":\"ListItem\",\"position\":1,\"name\":\"Inicio\",\"item\":\"https:\/\/wpguerssen-test.odoo.rgbconsulting.com\/es\/\"},{\"@type\":\"ListItem\",\"position\":2,\"name\":\"Shop\",\"item\":\"https:\/\/wpguerssen-test.odoo.rgbconsulting.com\/shop\/\"},{\"@type\":\"ListItem\",\"position\":3,\"name\":\"Rain\"}]},{\"@type\":\"WebSite\",\"@id\":\"https:\/\/wpguerssen-test.odoo.rgbconsulting.com\/es\/#website\",\"url\":\"https:\/\/wpguerssen-test.odoo.rgbconsulting.com\/es\/\",\"name\":\"Guerssen records\",\"description\":\"psychedelia - progressive - folk - garage \",\"publisher\":{\"@id\":\"https:\/\/wpguerssen-test.odoo.rgbconsulting.com\/es\/#organization\"},\"potentialAction\":[{\"@type\":\"SearchAction\",\"target\":{\"@type\":\"EntryPoint\",\"urlTemplate\":\"https:\/\/wpguerssen-test.odoo.rgbconsulting.com\/es\/?s={search_term_string}\"},\"query-input\":{\"@type\":\"PropertyValueSpecification\",\"valueRequired\":true,\"valueName\":\"search_term_string\"}}],\"inLanguage\":\"es\"},{\"@type\":\"Organization\",\"@id\":\"https:\/\/wpguerssen-test.odoo.rgbconsulting.com\/es\/#organization\",\"name\":\"Guerssen records\",\"url\":\"https:\/\/wpguerssen-test.odoo.rgbconsulting.com\/es\/\",\"logo\":{\"@type\":\"ImageObject\",\"inLanguage\":\"es\",\"@id\":\"https:\/\/wpguerssen-test.odoo.rgbconsulting.com\/es\/#\/schema\/logo\/image\/\",\"url\":\"https:\/\/wpguerssen-test.odoo.rgbconsulting.com\/wp-content\/uploads\/2022\/04\/Logo_Guerssen_trans_100.png\",\"contentUrl\":\"https:\/\/wpguerssen-test.odoo.rgbconsulting.com\/wp-content\/uploads\/2022\/04\/Logo_Guerssen_trans_100.png\",\"width\":122,\"height\":100,\"caption\":\"Guerssen records\"},\"image\":{\"@id\":\"https:\/\/wpguerssen-test.odoo.rgbconsulting.com\/es\/#\/schema\/logo\/image\/\"}}]}<\/script>\n<!-- \/ Yoast SEO plugin. -->","yoast_head_json":{"title":"HARD MEAT - Rain -  (LP) | Guerssen","description":"First ever vinyl edition of the unissued album recorded in 1969 by British heavy-progressive \/ hard-psychedelic trio HARD MEAT, originally intended for release on Island Records. #nl# Featuring brothers Mick Dolan (guitars, vocals), Steve Dolan (bass, vocals) and Mick Carless (drums). #nl# Powerful & surprising cover versions (Beatles, Billie Holiday, Dylan...) mixed with ace original compositions, including the original version of \"Burning Up Years\", famously covered by the Human Instinct. #nl# *Vintage styled hard cardboard laminated sleeve*Sourced from the original master tapes*Insert with detailed liner notes by Nigel Cross (Shagrat) and rare photos \/ memorabilia #nl# \"...The album you are holding serves as a testament to three highly talented players at the peak of their powers...\" - Nigel Cross #nl# Tracklist:Side 1: 1. Rain - 2. Most Likely You'll Go Your Way, I'll Go Mine - 3. Liquid Boats - 4. Walking Down Up Street - 5. Strange FruitSide 2: 1. Run Shaker Life - 2. Erection - 3. Burning Up Years - 4. Don't Chase Your Tail","robots":{"index":"index","follow":"follow","max-snippet":"max-snippet:-1","max-image-preview":"max-image-preview:large","max-video-preview":"max-video-preview:-1"},"canonical":"https:\/\/wpguerssen-test.odoo.rgbconsulting.com\/es\/producto\/rain\/","og_locale":"es_ES","og_type":"article","og_title":"HARD MEAT - Rain -  (LP) | Guerssen","og_description":"First ever vinyl edition of the unissued album recorded in 1969 by British heavy-progressive \/ hard-psychedelic trio HARD MEAT, originally intended for release on Island Records. #nl# Featuring brothers Mick Dolan (guitars, vocals), Steve Dolan (bass, vocals) and Mick Carless (drums). #nl# Powerful & surprising cover versions (Beatles, Billie Holiday, Dylan...) mixed with ace original compositions, including the original version of \"Burning Up Years\", famously covered by the Human Instinct. #nl# *Vintage styled hard cardboard laminated sleeve*Sourced from the original master tapes*Insert with detailed liner notes by Nigel Cross (Shagrat) and rare photos \/ memorabilia #nl# \"...The album you are holding serves as a testament to three highly talented players at the peak of their powers...\" - Nigel Cross #nl# Tracklist:Side 1: 1. Rain - 2. Most Likely You'll Go Your Way, I'll Go Mine - 3. Liquid Boats - 4. Walking Down Up Street - 5. Strange FruitSide 2: 1. Run Shaker Life - 2. Erection - 3. Burning Up Years - 4. Don't Chase Your Tail","og_url":"https:\/\/wpguerssen-test.odoo.rgbconsulting.com\/es\/producto\/rain\/","og_site_name":"Guerssen records","article_modified_time":"2025-04-25T12:01:56+00:00","og_image":[{"width":1400,"height":1400,"url":"https:\/\/wpguerssen-test.odoo.rgbconsulting.com\/wp-content\/uploads\/2025\/02\/49128.jpg","type":"image\/jpeg"}],"twitter_card":"summary_large_image","twitter_title":"HARD MEAT - Rain -  (LP) | Guerssen","twitter_misc":{"Tiempo de lectura":"1 minuto"},"schema":{"@context":"https:\/\/schema.org","@graph":[{"@type":"WebPage","@id":"https:\/\/wpguerssen-test.odoo.rgbconsulting.com\/es\/producto\/rain\/","url":"https:\/\/wpguerssen-test.odoo.rgbconsulting.com\/es\/producto\/rain\/","name":"HARD MEAT - Rain - (LP) | Guerssen","isPartOf":{"@id":"https:\/\/wpguerssen-test.odoo.rgbconsulting.com\/es\/#website"},"primaryImageOfPage":{"@id":"https:\/\/wpguerssen-test.odoo.rgbconsulting.com\/es\/producto\/rain\/#primaryimage"},"image":{"@id":"https:\/\/wpguerssen-test.odoo.rgbconsulting.com\/es\/producto\/rain\/#primaryimage"},"thumbnailUrl":"https:\/\/wpguerssen-test.odoo.rgbconsulting.com\/wp-content\/uploads\/2025\/02\/49128.jpg","datePublished":"2025-02-10T23:00:00+00:00","dateModified":"2025-04-25T12:01:56+00:00","description":"First ever vinyl edition of the unissued album recorded in 1969 by British heavy-progressive \/ hard-psychedelic trio HARD MEAT, originally intended for release on Island Records. #nl# Featuring brothers Mick Dolan (guitars, vocals), Steve Dolan (bass, vocals) and Mick Carless (drums). #nl# Powerful & surprising cover versions (Beatles, Billie Holiday, Dylan...) mixed with ace original compositions, including the original version of \"Burning Up Years\", famously covered by the Human Instinct. #nl# *Vintage styled hard cardboard laminated sleeve*Sourced from the original master tapes*Insert with detailed liner notes by Nigel Cross (Shagrat) and rare photos \/ memorabilia #nl# \"...The album you are holding serves as a testament to three highly talented players at the peak of their powers...\" - Nigel Cross #nl# Tracklist:Side 1: 1. Rain - 2. Most Likely You'll Go Your Way, I'll Go Mine - 3. Liquid Boats - 4. Walking Down Up Street - 5. Strange FruitSide 2: 1. Run Shaker Life - 2. Erection - 3. Burning Up Years - 4. Don't Chase Your Tail","breadcrumb":{"@id":"https:\/\/wpguerssen-test.odoo.rgbconsulting.com\/es\/producto\/rain\/#breadcrumb"},"inLanguage":"es","potentialAction":[{"@type":"ReadAction","target":["https:\/\/wpguerssen-test.odoo.rgbconsulting.com\/es\/producto\/rain\/"]}]},{"@type":"ImageObject","inLanguage":"es","@id":"https:\/\/wpguerssen-test.odoo.rgbconsulting.com\/es\/producto\/rain\/#primaryimage","url":"https:\/\/wpguerssen-test.odoo.rgbconsulting.com\/wp-content\/uploads\/2025\/02\/49128.jpg","contentUrl":"https:\/\/wpguerssen-test.odoo.rgbconsulting.com\/wp-content\/uploads\/2025\/02\/49128.jpg","width":1400,"height":1400},{"@type":"BreadcrumbList","@id":"https:\/\/wpguerssen-test.odoo.rgbconsulting.com\/es\/producto\/rain\/#breadcrumb","itemListElement":[{"@type":"ListItem","position":1,"name":"Inicio","item":"https:\/\/wpguerssen-test.odoo.rgbconsulting.com\/es\/"},{"@type":"ListItem","position":2,"name":"Shop","item":"https:\/\/wpguerssen-test.odoo.rgbconsulting.com\/shop\/"},{"@type":"ListItem","position":3,"name":"Rain"}]},{"@type":"WebSite","@id":"https:\/\/wpguerssen-test.odoo.rgbconsulting.com\/es\/#website","url":"https:\/\/wpguerssen-test.odoo.rgbconsulting.com\/es\/","name":"Guerssen records","description":"psychedelia - progressive - folk - garage ","publisher":{"@id":"https:\/\/wpguerssen-test.odoo.rgbconsulting.com\/es\/#organization"},"potentialAction":[{"@type":"SearchAction","target":{"@type":"EntryPoint","urlTemplate":"https:\/\/wpguerssen-test.odoo.rgbconsulting.com\/es\/?s={search_term_string}"},"query-input":{"@type":"PropertyValueSpecification","valueRequired":true,"valueName":"search_term_string"}}],"inLanguage":"es"},{"@type":"Organization","@id":"https:\/\/wpguerssen-test.odoo.rgbconsulting.com\/es\/#organization","name":"Guerssen records","url":"https:\/\/wpguerssen-test.odoo.rgbconsulting.com\/es\/","logo":{"@type":"ImageObject","inLanguage":"es","@id":"https:\/\/wpguerssen-test.odoo.rgbconsulting.com\/es\/#\/schema\/logo\/image\/","url":"https:\/\/wpguerssen-test.odoo.rgbconsulting.com\/wp-content\/uploads\/2022\/04\/Logo_Guerssen_trans_100.png","contentUrl":"https:\/\/wpguerssen-test.odoo.rgbconsulting.com\/wp-content\/uploads\/2022\/04\/Logo_Guerssen_trans_100.png","width":122,"height":100,"caption":"Guerssen records"},"image":{"@id":"https:\/\/wpguerssen-test.odoo.rgbconsulting.com\/es\/#\/schema\/logo\/image\/"}}]}},"_links":{"self":[{"href":"https:\/\/wpguerssen-test.odoo.rgbconsulting.com\/es\/wp-json\/wp\/v2\/product\/281289","targetHints":{"allow":["GET"]}}],"collection":[{"href":"https:\/\/wpguerssen-test.odoo.rgbconsulting.com\/es\/wp-json\/wp\/v2\/product"}],"about":[{"href":"https:\/\/wpguerssen-test.odoo.rgbconsulting.com\/es\/wp-json\/wp\/v2\/types\/product"}],"wp:featuredmedia":[{"embeddable":true,"href":"https:\/\/wpguerssen-test.odoo.rgbconsulting.com\/es\/wp-json\/wp\/v2\/media\/283229"}],"wp:attachment":[{"href":"https:\/\/wpguerssen-test.odoo.rgbconsulting.com\/es\/wp-json\/wp\/v2\/media?parent=281289"}],"wp:term":[{"taxonomy":"product_brand","embeddable":true,"href":"https:\/\/wpguerssen-test.odoo.rgbconsulting.com\/es\/wp-json\/wp\/v2\/product_brand?post=281289"},{"taxonomy":"product_cat","embeddable":true,"href":"https:\/\/wpguerssen-test.odoo.rgbconsulting.com\/es\/wp-json\/wp\/v2\/product_cat?post=281289"},{"taxonomy":"product_tag","embeddable":true,"href":"https:\/\/wpguerssen-test.odoo.rgbconsulting.com\/es\/wp-json\/wp\/v2\/product_tag?post=281289"}],"curies":[{"name":"wp","href":"https:\/\/api.w.org\/{rel}","templated":true}]}}