{"id":281368,"date":"2025-02-10T00:00:00","date_gmt":"2025-02-09T23:00:00","guid":{"rendered":"https:\/\/wpguerssen-test.odoo.rgbconsulting.com\/product\/so-far\/"},"modified":"2025-03-19T16:33:38","modified_gmt":"2025-03-19T15:33:38","slug":"so-far","status":"publish","type":"product","link":"https:\/\/wpguerssen-test.odoo.rgbconsulting.com\/es\/producto\/so-far\/","title":{"rendered":"So Far"},"content":{"rendered":"<p>Tras las escasas ventas de su \u00e1lbum de debut, \u00abSo Far\u00bb (1972) de Faust presenta el lado m\u00e1s comercial y accesible de la legendaria banda alemana de krautrock sin renunciar a su personalidad avanzada y experimental. Es un \u00e1lbum perfecto para empezar a explorar la discograf\u00eda del grupo, en el que destaca una de sus canciones m\u00e1s conocidas, &#8216;It&#8217;s a Rainy Day, Sunshine Girl&#8217;, y se considera un trabajo llamativo a la altura del primer \u00e1lbum de Neu! o \u00abTago Mago\u00bb de Can. Precediendo a otros artistas como Throbbing Gristle o Nurse with Wound, Faust fueron pioneros en crear atm\u00f3sferas industriales y futuristas utilizando ritmos procesados, como en el tema &#8216;Amie Is Blue&#8217;. Una obra maestra imprescindible del krautrock. Remasterizado a partir de las cintas originales. Vinilo de 180g. Libreto incluido.<br \/>TRACKLIST Side A 1.IT&#8217;S A RAINY DAY, SUNSHINE GIRL 2.ON THE WAY TO ABAMAE 3.NO HARM Side B 1.SO FAR 2.MAMIE IS BLUE 3.CAR AND TV 4.PICNIC ON A FROZEN RIVER 5.ME LACK SPACE 6&#8230;.IN THE SPIRIT<\/p>\n","protected":false},"excerpt":{"rendered":"<p>Tras las escasas ventas de su \u00e1lbum de debut, \u00abSo Far\u00bb (1972) de Faust presenta el lado m\u00e1s comercial y accesible de la legendaria banda alemana de krautrock sin<a class=\"read\" href=\"https:\/\/wpguerssen-test.odoo.rgbconsulting.com\/es\/producto\/so-far\/\"> (...)<\/a>","protected":false},"featured_media":281519,"template":"","meta":{"_acf_changed":false},"product_brand":[],"product_cat":[21639,23230],"product_tag":[24189],"class_list":{"0":"post-281368","1":"product","2":"type-product","3":"status-publish","4":"has-post-thumbnail","6":"product_cat-psychedelic60s-70s-es","7":"product_cat-krautrock-es-2","8":"product_tag-recien-llegadas","9":"pa_artist-faust-es","10":"pa_format-lp-es","11":"pa_gender-krautrock-psychedelic60s-70s","12":"pa_label-munster-umg","13":"pa_location-europe-es","14":"pa_other-filters-vinyl-only-es","16":"first","17":"instock","18":"taxable","19":"shipping-taxable","20":"purchasable","21":"product-type-simple"},"acf":[],"yoast_head":"<!-- This site is optimized with the Yoast SEO plugin v24.9 - https:\/\/yoast.com\/wordpress\/plugins\/seo\/ -->\n<title>FAUST - So Far -  (LP) | Guerssen<\/title>\n<meta name=\"description\" content=\"After the poor sales of their debut album, Faust&#039;s &quot;So Far&quot; (1972) presents the more commercial and accessible side of the legendary German krautrock band without giving up their advanced and experimental personality. It is a perfect album to begin exploring the group&#039;sdiscography, featuring one of their most well-known songs, &#039;It&#039;s a Rainy Day, Sunshine Girl,&#039; and is considered a striking work on par with Neu!&#039;s first album or Can&#039;s &quot;Tago Mago&quot;. Preceding other artists like Throbbing Gristle and Nurse with Wound, Faust were pioneers in creating industrial and futuristic atmospheres using processed rhythms, as on the track amie is Blue.&#039; An essential krautrock masterpiece. Remastered from the original tapes. 180g vinyl. Booklet included.TRACKLIST Side A 1.IT&#039;S A RAINY DAY, SUNSHINE GIRL 2.ON THE WAY TO ABAMAE 3.NO HARM Side B 1.SO FAR 2.MAMIE IS BLUE 3.CAR AND TV 4.PICNIC ON A FROZEN RIVER 5.ME LACK SPACE 6....IN THE SPIRIT\" \/>\n<meta name=\"robots\" content=\"index, follow, max-snippet:-1, max-image-preview:large, max-video-preview:-1\" \/>\n<link rel=\"canonical\" href=\"https:\/\/wpguerssen-test.odoo.rgbconsulting.com\/es\/producto\/so-far\/\" \/>\n<meta property=\"og:locale\" content=\"es_ES\" \/>\n<meta property=\"og:type\" content=\"article\" \/>\n<meta property=\"og:title\" content=\"FAUST - So Far -  (LP) | Guerssen\" \/>\n<meta property=\"og:description\" content=\"After the poor sales of their debut album, Faust&#039;s &quot;So Far&quot; (1972) presents the more commercial and accessible side of the legendary German krautrock band without giving up their advanced and experimental personality. It is a perfect album to begin exploring the group&#039;sdiscography, featuring one of their most well-known songs, &#039;It&#039;s a Rainy Day, Sunshine Girl,&#039; and is considered a striking work on par with Neu!&#039;s first album or Can&#039;s &quot;Tago Mago&quot;. Preceding other artists like Throbbing Gristle and Nurse with Wound, Faust were pioneers in creating industrial and futuristic atmospheres using processed rhythms, as on the track amie is Blue.&#039; An essential krautrock masterpiece. Remastered from the original tapes. 180g vinyl. Booklet included.TRACKLIST Side A 1.IT&#039;S A RAINY DAY, SUNSHINE GIRL 2.ON THE WAY TO ABAMAE 3.NO HARM Side B 1.SO FAR 2.MAMIE IS BLUE 3.CAR AND TV 4.PICNIC ON A FROZEN RIVER 5.ME LACK SPACE 6....IN THE SPIRIT\" \/>\n<meta property=\"og:url\" content=\"https:\/\/wpguerssen-test.odoo.rgbconsulting.com\/es\/producto\/so-far\/\" \/>\n<meta property=\"og:site_name\" content=\"Guerssen records\" \/>\n<meta property=\"article:modified_time\" content=\"2025-03-19T15:33:38+00:00\" \/>\n<meta property=\"og:image\" content=\"https:\/\/wpguerssen-test.odoo.rgbconsulting.com\/wp-content\/uploads\/2025\/01\/49589.jpg\" \/>\n\t<meta property=\"og:image:width\" content=\"1200\" \/>\n\t<meta property=\"og:image:height\" content=\"1200\" \/>\n\t<meta property=\"og:image:type\" content=\"image\/jpeg\" \/>\n<meta name=\"twitter:card\" content=\"summary_large_image\" \/>\n<meta name=\"twitter:title\" content=\"FAUST - So Far -  (LP) | Guerssen\" \/>\n<meta name=\"twitter:label1\" content=\"Tiempo de lectura\" \/>\n\t<meta name=\"twitter:data1\" content=\"1 minuto\" \/>\n<script type=\"application\/ld+json\" class=\"yoast-schema-graph\">{\"@context\":\"https:\/\/schema.org\",\"@graph\":[{\"@type\":\"WebPage\",\"@id\":\"https:\/\/wpguerssen-test.odoo.rgbconsulting.com\/es\/producto\/so-far\/\",\"url\":\"https:\/\/wpguerssen-test.odoo.rgbconsulting.com\/es\/producto\/so-far\/\",\"name\":\"FAUST - So Far - (LP) | Guerssen\",\"isPartOf\":{\"@id\":\"https:\/\/wpguerssen-test.odoo.rgbconsulting.com\/es\/#website\"},\"primaryImageOfPage\":{\"@id\":\"https:\/\/wpguerssen-test.odoo.rgbconsulting.com\/es\/producto\/so-far\/#primaryimage\"},\"image\":{\"@id\":\"https:\/\/wpguerssen-test.odoo.rgbconsulting.com\/es\/producto\/so-far\/#primaryimage\"},\"thumbnailUrl\":\"https:\/\/wpguerssen-test.odoo.rgbconsulting.com\/wp-content\/uploads\/2025\/01\/49589.jpg\",\"datePublished\":\"2025-02-09T23:00:00+00:00\",\"dateModified\":\"2025-03-19T15:33:38+00:00\",\"description\":\"After the poor sales of their debut album, Faust's \\\"So Far\\\" (1972) presents the more commercial and accessible side of the legendary German krautrock band without giving up their advanced and experimental personality. It is a perfect album to begin exploring the group'sdiscography, featuring one of their most well-known songs, 'It's a Rainy Day, Sunshine Girl,' and is considered a striking work on par with Neu!'s first album or Can's \\\"Tago Mago\\\". Preceding other artists like Throbbing Gristle and Nurse with Wound, Faust were pioneers in creating industrial and futuristic atmospheres using processed rhythms, as on the track amie is Blue.' An essential krautrock masterpiece. Remastered from the original tapes. 180g vinyl. Booklet included.TRACKLIST Side A 1.IT'S A RAINY DAY, SUNSHINE GIRL 2.ON THE WAY TO ABAMAE 3.NO HARM Side B 1.SO FAR 2.MAMIE IS BLUE 3.CAR AND TV 4.PICNIC ON A FROZEN RIVER 5.ME LACK SPACE 6....IN THE SPIRIT\",\"breadcrumb\":{\"@id\":\"https:\/\/wpguerssen-test.odoo.rgbconsulting.com\/es\/producto\/so-far\/#breadcrumb\"},\"inLanguage\":\"es\",\"potentialAction\":[{\"@type\":\"ReadAction\",\"target\":[\"https:\/\/wpguerssen-test.odoo.rgbconsulting.com\/es\/producto\/so-far\/\"]}]},{\"@type\":\"ImageObject\",\"inLanguage\":\"es\",\"@id\":\"https:\/\/wpguerssen-test.odoo.rgbconsulting.com\/es\/producto\/so-far\/#primaryimage\",\"url\":\"https:\/\/wpguerssen-test.odoo.rgbconsulting.com\/wp-content\/uploads\/2025\/01\/49589.jpg\",\"contentUrl\":\"https:\/\/wpguerssen-test.odoo.rgbconsulting.com\/wp-content\/uploads\/2025\/01\/49589.jpg\",\"width\":1200,\"height\":1200},{\"@type\":\"BreadcrumbList\",\"@id\":\"https:\/\/wpguerssen-test.odoo.rgbconsulting.com\/es\/producto\/so-far\/#breadcrumb\",\"itemListElement\":[{\"@type\":\"ListItem\",\"position\":1,\"name\":\"Inicio\",\"item\":\"https:\/\/wpguerssen-test.odoo.rgbconsulting.com\/es\/\"},{\"@type\":\"ListItem\",\"position\":2,\"name\":\"Shop\",\"item\":\"https:\/\/wpguerssen-test.odoo.rgbconsulting.com\/shop\/\"},{\"@type\":\"ListItem\",\"position\":3,\"name\":\"So Far\"}]},{\"@type\":\"WebSite\",\"@id\":\"https:\/\/wpguerssen-test.odoo.rgbconsulting.com\/es\/#website\",\"url\":\"https:\/\/wpguerssen-test.odoo.rgbconsulting.com\/es\/\",\"name\":\"Guerssen records\",\"description\":\"psychedelia - progressive - folk - garage \",\"publisher\":{\"@id\":\"https:\/\/wpguerssen-test.odoo.rgbconsulting.com\/es\/#organization\"},\"potentialAction\":[{\"@type\":\"SearchAction\",\"target\":{\"@type\":\"EntryPoint\",\"urlTemplate\":\"https:\/\/wpguerssen-test.odoo.rgbconsulting.com\/es\/?s={search_term_string}\"},\"query-input\":{\"@type\":\"PropertyValueSpecification\",\"valueRequired\":true,\"valueName\":\"search_term_string\"}}],\"inLanguage\":\"es\"},{\"@type\":\"Organization\",\"@id\":\"https:\/\/wpguerssen-test.odoo.rgbconsulting.com\/es\/#organization\",\"name\":\"Guerssen records\",\"url\":\"https:\/\/wpguerssen-test.odoo.rgbconsulting.com\/es\/\",\"logo\":{\"@type\":\"ImageObject\",\"inLanguage\":\"es\",\"@id\":\"https:\/\/wpguerssen-test.odoo.rgbconsulting.com\/es\/#\/schema\/logo\/image\/\",\"url\":\"https:\/\/wpguerssen-test.odoo.rgbconsulting.com\/wp-content\/uploads\/2022\/04\/Logo_Guerssen_trans_100.png\",\"contentUrl\":\"https:\/\/wpguerssen-test.odoo.rgbconsulting.com\/wp-content\/uploads\/2022\/04\/Logo_Guerssen_trans_100.png\",\"width\":122,\"height\":100,\"caption\":\"Guerssen records\"},\"image\":{\"@id\":\"https:\/\/wpguerssen-test.odoo.rgbconsulting.com\/es\/#\/schema\/logo\/image\/\"}}]}<\/script>\n<!-- \/ Yoast SEO plugin. -->","yoast_head_json":{"title":"FAUST - So Far -  (LP) | Guerssen","description":"After the poor sales of their debut album, Faust's \"So Far\" (1972) presents the more commercial and accessible side of the legendary German krautrock band without giving up their advanced and experimental personality. It is a perfect album to begin exploring the group'sdiscography, featuring one of their most well-known songs, 'It's a Rainy Day, Sunshine Girl,' and is considered a striking work on par with Neu!'s first album or Can's \"Tago Mago\". Preceding other artists like Throbbing Gristle and Nurse with Wound, Faust were pioneers in creating industrial and futuristic atmospheres using processed rhythms, as on the track amie is Blue.' An essential krautrock masterpiece. Remastered from the original tapes. 180g vinyl. Booklet included.TRACKLIST Side A 1.IT'S A RAINY DAY, SUNSHINE GIRL 2.ON THE WAY TO ABAMAE 3.NO HARM Side B 1.SO FAR 2.MAMIE IS BLUE 3.CAR AND TV 4.PICNIC ON A FROZEN RIVER 5.ME LACK SPACE 6....IN THE SPIRIT","robots":{"index":"index","follow":"follow","max-snippet":"max-snippet:-1","max-image-preview":"max-image-preview:large","max-video-preview":"max-video-preview:-1"},"canonical":"https:\/\/wpguerssen-test.odoo.rgbconsulting.com\/es\/producto\/so-far\/","og_locale":"es_ES","og_type":"article","og_title":"FAUST - So Far -  (LP) | Guerssen","og_description":"After the poor sales of their debut album, Faust's \"So Far\" (1972) presents the more commercial and accessible side of the legendary German krautrock band without giving up their advanced and experimental personality. It is a perfect album to begin exploring the group'sdiscography, featuring one of their most well-known songs, 'It's a Rainy Day, Sunshine Girl,' and is considered a striking work on par with Neu!'s first album or Can's \"Tago Mago\". Preceding other artists like Throbbing Gristle and Nurse with Wound, Faust were pioneers in creating industrial and futuristic atmospheres using processed rhythms, as on the track amie is Blue.' An essential krautrock masterpiece. Remastered from the original tapes. 180g vinyl. Booklet included.TRACKLIST Side A 1.IT'S A RAINY DAY, SUNSHINE GIRL 2.ON THE WAY TO ABAMAE 3.NO HARM Side B 1.SO FAR 2.MAMIE IS BLUE 3.CAR AND TV 4.PICNIC ON A FROZEN RIVER 5.ME LACK SPACE 6....IN THE SPIRIT","og_url":"https:\/\/wpguerssen-test.odoo.rgbconsulting.com\/es\/producto\/so-far\/","og_site_name":"Guerssen records","article_modified_time":"2025-03-19T15:33:38+00:00","og_image":[{"width":1200,"height":1200,"url":"https:\/\/wpguerssen-test.odoo.rgbconsulting.com\/wp-content\/uploads\/2025\/01\/49589.jpg","type":"image\/jpeg"}],"twitter_card":"summary_large_image","twitter_title":"FAUST - So Far -  (LP) | Guerssen","twitter_misc":{"Tiempo de lectura":"1 minuto"},"schema":{"@context":"https:\/\/schema.org","@graph":[{"@type":"WebPage","@id":"https:\/\/wpguerssen-test.odoo.rgbconsulting.com\/es\/producto\/so-far\/","url":"https:\/\/wpguerssen-test.odoo.rgbconsulting.com\/es\/producto\/so-far\/","name":"FAUST - So Far - (LP) | Guerssen","isPartOf":{"@id":"https:\/\/wpguerssen-test.odoo.rgbconsulting.com\/es\/#website"},"primaryImageOfPage":{"@id":"https:\/\/wpguerssen-test.odoo.rgbconsulting.com\/es\/producto\/so-far\/#primaryimage"},"image":{"@id":"https:\/\/wpguerssen-test.odoo.rgbconsulting.com\/es\/producto\/so-far\/#primaryimage"},"thumbnailUrl":"https:\/\/wpguerssen-test.odoo.rgbconsulting.com\/wp-content\/uploads\/2025\/01\/49589.jpg","datePublished":"2025-02-09T23:00:00+00:00","dateModified":"2025-03-19T15:33:38+00:00","description":"After the poor sales of their debut album, Faust's \"So Far\" (1972) presents the more commercial and accessible side of the legendary German krautrock band without giving up their advanced and experimental personality. It is a perfect album to begin exploring the group'sdiscography, featuring one of their most well-known songs, 'It's a Rainy Day, Sunshine Girl,' and is considered a striking work on par with Neu!'s first album or Can's \"Tago Mago\". Preceding other artists like Throbbing Gristle and Nurse with Wound, Faust were pioneers in creating industrial and futuristic atmospheres using processed rhythms, as on the track amie is Blue.' An essential krautrock masterpiece. Remastered from the original tapes. 180g vinyl. Booklet included.TRACKLIST Side A 1.IT'S A RAINY DAY, SUNSHINE GIRL 2.ON THE WAY TO ABAMAE 3.NO HARM Side B 1.SO FAR 2.MAMIE IS BLUE 3.CAR AND TV 4.PICNIC ON A FROZEN RIVER 5.ME LACK SPACE 6....IN THE SPIRIT","breadcrumb":{"@id":"https:\/\/wpguerssen-test.odoo.rgbconsulting.com\/es\/producto\/so-far\/#breadcrumb"},"inLanguage":"es","potentialAction":[{"@type":"ReadAction","target":["https:\/\/wpguerssen-test.odoo.rgbconsulting.com\/es\/producto\/so-far\/"]}]},{"@type":"ImageObject","inLanguage":"es","@id":"https:\/\/wpguerssen-test.odoo.rgbconsulting.com\/es\/producto\/so-far\/#primaryimage","url":"https:\/\/wpguerssen-test.odoo.rgbconsulting.com\/wp-content\/uploads\/2025\/01\/49589.jpg","contentUrl":"https:\/\/wpguerssen-test.odoo.rgbconsulting.com\/wp-content\/uploads\/2025\/01\/49589.jpg","width":1200,"height":1200},{"@type":"BreadcrumbList","@id":"https:\/\/wpguerssen-test.odoo.rgbconsulting.com\/es\/producto\/so-far\/#breadcrumb","itemListElement":[{"@type":"ListItem","position":1,"name":"Inicio","item":"https:\/\/wpguerssen-test.odoo.rgbconsulting.com\/es\/"},{"@type":"ListItem","position":2,"name":"Shop","item":"https:\/\/wpguerssen-test.odoo.rgbconsulting.com\/shop\/"},{"@type":"ListItem","position":3,"name":"So Far"}]},{"@type":"WebSite","@id":"https:\/\/wpguerssen-test.odoo.rgbconsulting.com\/es\/#website","url":"https:\/\/wpguerssen-test.odoo.rgbconsulting.com\/es\/","name":"Guerssen records","description":"psychedelia - progressive - folk - garage ","publisher":{"@id":"https:\/\/wpguerssen-test.odoo.rgbconsulting.com\/es\/#organization"},"potentialAction":[{"@type":"SearchAction","target":{"@type":"EntryPoint","urlTemplate":"https:\/\/wpguerssen-test.odoo.rgbconsulting.com\/es\/?s={search_term_string}"},"query-input":{"@type":"PropertyValueSpecification","valueRequired":true,"valueName":"search_term_string"}}],"inLanguage":"es"},{"@type":"Organization","@id":"https:\/\/wpguerssen-test.odoo.rgbconsulting.com\/es\/#organization","name":"Guerssen records","url":"https:\/\/wpguerssen-test.odoo.rgbconsulting.com\/es\/","logo":{"@type":"ImageObject","inLanguage":"es","@id":"https:\/\/wpguerssen-test.odoo.rgbconsulting.com\/es\/#\/schema\/logo\/image\/","url":"https:\/\/wpguerssen-test.odoo.rgbconsulting.com\/wp-content\/uploads\/2022\/04\/Logo_Guerssen_trans_100.png","contentUrl":"https:\/\/wpguerssen-test.odoo.rgbconsulting.com\/wp-content\/uploads\/2022\/04\/Logo_Guerssen_trans_100.png","width":122,"height":100,"caption":"Guerssen records"},"image":{"@id":"https:\/\/wpguerssen-test.odoo.rgbconsulting.com\/es\/#\/schema\/logo\/image\/"}}]}},"_links":{"self":[{"href":"https:\/\/wpguerssen-test.odoo.rgbconsulting.com\/es\/wp-json\/wp\/v2\/product\/281368","targetHints":{"allow":["GET"]}}],"collection":[{"href":"https:\/\/wpguerssen-test.odoo.rgbconsulting.com\/es\/wp-json\/wp\/v2\/product"}],"about":[{"href":"https:\/\/wpguerssen-test.odoo.rgbconsulting.com\/es\/wp-json\/wp\/v2\/types\/product"}],"wp:featuredmedia":[{"embeddable":true,"href":"https:\/\/wpguerssen-test.odoo.rgbconsulting.com\/es\/wp-json\/wp\/v2\/media\/281519"}],"wp:attachment":[{"href":"https:\/\/wpguerssen-test.odoo.rgbconsulting.com\/es\/wp-json\/wp\/v2\/media?parent=281368"}],"wp:term":[{"taxonomy":"product_brand","embeddable":true,"href":"https:\/\/wpguerssen-test.odoo.rgbconsulting.com\/es\/wp-json\/wp\/v2\/product_brand?post=281368"},{"taxonomy":"product_cat","embeddable":true,"href":"https:\/\/wpguerssen-test.odoo.rgbconsulting.com\/es\/wp-json\/wp\/v2\/product_cat?post=281368"},{"taxonomy":"product_tag","embeddable":true,"href":"https:\/\/wpguerssen-test.odoo.rgbconsulting.com\/es\/wp-json\/wp\/v2\/product_tag?post=281368"}],"curies":[{"name":"wp","href":"https:\/\/api.w.org\/{rel}","templated":true}]}}