{"id":281372,"date":"2025-04-14T00:00:00","date_gmt":"2025-04-13T22:00:00","guid":{"rendered":"https:\/\/wpguerssen-test.odoo.rgbconsulting.com\/product\/mambo-gozon-the-rca-years-1949-1960\/"},"modified":"2025-04-14T16:22:27","modified_gmt":"2025-04-14T14:22:27","slug":"mambo-gozon-the-rca-years-1949-1960","status":"publish","type":"product","link":"https:\/\/wpguerssen-test.odoo.rgbconsulting.com\/es\/producto\/mambo-gozon-the-rca-years-1949-1960\/","title":{"rendered":"Mambo Goz\u00f3n. The RCA Years 1949-1960"},"content":{"rendered":"<p>Una colecci\u00f3n con un criterio muy espec\u00edfico: reunir las mejores canciones que ejemplifican el modelo de lo que luego se conocer\u00eda como salsa. Las sesiones de Tito Puente en RCA produjeron las grabaciones de mayor calidad y sonido de la \u00e9poca, y est\u00e1n a la altura de los est\u00e1ndares sonoros actuales. 24 temas recopilados de los mejores temas de pista de baile de la \u00e9poca dorada de Tito que se adaptan f\u00e1cilmente a la est\u00e9tica de la salsa moderna. Con la participaci\u00f3n de: Santos Col\u00f3n, Vicentico Vald\u00e9s, Alfredito Vald\u00e9s, Vit\u00edn Avil\u00e9s, Yayo \u00abel Indio\u00bb, Tony Molina. Notas completas en espa\u00f1ol e ingl\u00e9s del coleccionista y DJ, Pablo \u00abBongohead\u00bb Yglesias. Formato dise\u00f1ado para DJ&#8217;s, coleccionistas y p\u00fablico en general.<\/p>\n","protected":false},"excerpt":{"rendered":"<p>Una colecci\u00f3n con un criterio muy espec\u00edfico: reunir las mejores canciones que ejemplifican el modelo de lo que luego se conocer\u00eda como salsa. Las sesiones de Tito<a class=\"read\" href=\"https:\/\/wpguerssen-test.odoo.rgbconsulting.com\/es\/producto\/mambo-gozon-the-rca-years-1949-1960\/\"> (...)<\/a>","protected":false},"featured_media":281527,"template":"","meta":{"_acf_changed":false},"product_brand":[],"product_cat":[23231,23227],"product_tag":[24189],"class_list":{"0":"post-281372","1":"product","2":"type-product","3":"status-publish","4":"has-post-thumbnail","6":"product_cat-latin-brazilian-es","7":"product_cat-jazz-es","8":"product_tag-recien-llegadas","9":"pa_artist-puente-tito-his-orchestra","10":"pa_format-2lp-es","11":"pa_gender-latin-brazilian-jazz","12":"pa_label-grosso","13":"pa_location-north-america-es","14":"pa_other-filters-vinyl-only-es","16":"first","17":"instock","18":"taxable","19":"shipping-taxable","20":"purchasable","21":"product-type-simple"},"acf":[],"yoast_head":"<!-- This site is optimized with the Yoast SEO plugin v24.9 - https:\/\/yoast.com\/wordpress\/plugins\/seo\/ -->\n<title>PUENTE, Tito &amp; His Orchestra - Mambo Goz\u00f3n. The RCA Years 1949-1960 -  (2LP) | Guerssen<\/title>\n<meta name=\"description\" content=\"A collection with a very specific criterion: to bring together the best songs that exemplify the model of what would later be known as salsa. Tito Puente&#039;s sessions at RCA produced the highest quality and sounding recordings of the epoch, and are up to today&#039;s sound standards. 24 tracks compiled from the best dancefloor tracks from Tito&#039;s golden era that easily adapt to the aesthetics of modern salsa. Featuring: Santos Col\u00f3n, Vicentico Vald\u00e9s, Alfredito Vald\u00e9s, Vit\u00edn Avil\u00e9s, Yayo &quot;el Indio&quot;, Tony Molina. Complete liner notes Spanish&amp;English by collector and DJ, Pablo &quot;Bongohead&quot; Yglesias. Format designed for DJ&#039;s, collectors and general public.\" \/>\n<meta name=\"robots\" content=\"index, follow, max-snippet:-1, max-image-preview:large, max-video-preview:-1\" \/>\n<link rel=\"canonical\" href=\"https:\/\/wpguerssen-test.odoo.rgbconsulting.com\/es\/producto\/mambo-gozon-the-rca-years-1949-1960\/\" \/>\n<meta property=\"og:locale\" content=\"es_ES\" \/>\n<meta property=\"og:type\" content=\"article\" \/>\n<meta property=\"og:title\" content=\"PUENTE, Tito &amp; His Orchestra - Mambo Goz\u00f3n. The RCA Years 1949-1960 -  (2LP) | Guerssen\" \/>\n<meta property=\"og:description\" content=\"A collection with a very specific criterion: to bring together the best songs that exemplify the model of what would later be known as salsa. Tito Puente&#039;s sessions at RCA produced the highest quality and sounding recordings of the epoch, and are up to today&#039;s sound standards. 24 tracks compiled from the best dancefloor tracks from Tito&#039;s golden era that easily adapt to the aesthetics of modern salsa. Featuring: Santos Col\u00f3n, Vicentico Vald\u00e9s, Alfredito Vald\u00e9s, Vit\u00edn Avil\u00e9s, Yayo &quot;el Indio&quot;, Tony Molina. Complete liner notes Spanish&amp;English by collector and DJ, Pablo &quot;Bongohead&quot; Yglesias. Format designed for DJ&#039;s, collectors and general public.\" \/>\n<meta property=\"og:url\" content=\"https:\/\/wpguerssen-test.odoo.rgbconsulting.com\/es\/producto\/mambo-gozon-the-rca-years-1949-1960\/\" \/>\n<meta property=\"og:site_name\" content=\"Guerssen records\" \/>\n<meta property=\"article:modified_time\" content=\"2025-04-14T14:22:27+00:00\" \/>\n<meta property=\"og:image\" content=\"https:\/\/wpguerssen-test.odoo.rgbconsulting.com\/wp-content\/uploads\/2025\/01\/49593.jpg\" \/>\n\t<meta property=\"og:image:width\" content=\"1200\" \/>\n\t<meta property=\"og:image:height\" content=\"1200\" \/>\n\t<meta property=\"og:image:type\" content=\"image\/jpeg\" \/>\n<meta name=\"twitter:card\" content=\"summary_large_image\" \/>\n<meta name=\"twitter:title\" content=\"PUENTE, Tito &amp; His Orchestra - Mambo Goz\u00f3n. The RCA Years 1949-1960 -  (2LP) | Guerssen\" \/>\n<meta name=\"twitter:label1\" content=\"Tiempo de lectura\" \/>\n\t<meta name=\"twitter:data1\" content=\"1 minuto\" \/>\n<script type=\"application\/ld+json\" class=\"yoast-schema-graph\">{\"@context\":\"https:\/\/schema.org\",\"@graph\":[{\"@type\":\"WebPage\",\"@id\":\"https:\/\/wpguerssen-test.odoo.rgbconsulting.com\/es\/producto\/mambo-gozon-the-rca-years-1949-1960\/\",\"url\":\"https:\/\/wpguerssen-test.odoo.rgbconsulting.com\/es\/producto\/mambo-gozon-the-rca-years-1949-1960\/\",\"name\":\"PUENTE, Tito & His Orchestra - Mambo Goz\u00f3n. The RCA Years 1949-1960 - (2LP) | Guerssen\",\"isPartOf\":{\"@id\":\"https:\/\/wpguerssen-test.odoo.rgbconsulting.com\/es\/#website\"},\"primaryImageOfPage\":{\"@id\":\"https:\/\/wpguerssen-test.odoo.rgbconsulting.com\/es\/producto\/mambo-gozon-the-rca-years-1949-1960\/#primaryimage\"},\"image\":{\"@id\":\"https:\/\/wpguerssen-test.odoo.rgbconsulting.com\/es\/producto\/mambo-gozon-the-rca-years-1949-1960\/#primaryimage\"},\"thumbnailUrl\":\"https:\/\/wpguerssen-test.odoo.rgbconsulting.com\/wp-content\/uploads\/2025\/01\/49593.jpg\",\"datePublished\":\"2025-04-13T22:00:00+00:00\",\"dateModified\":\"2025-04-14T14:22:27+00:00\",\"description\":\"A collection with a very specific criterion: to bring together the best songs that exemplify the model of what would later be known as salsa. Tito Puente's sessions at RCA produced the highest quality and sounding recordings of the epoch, and are up to today's sound standards. 24 tracks compiled from the best dancefloor tracks from Tito's golden era that easily adapt to the aesthetics of modern salsa. Featuring: Santos Col\u00f3n, Vicentico Vald\u00e9s, Alfredito Vald\u00e9s, Vit\u00edn Avil\u00e9s, Yayo \\\"el Indio\\\", Tony Molina. Complete liner notes Spanish&English by collector and DJ, Pablo \\\"Bongohead\\\" Yglesias. Format designed for DJ's, collectors and general public.\",\"breadcrumb\":{\"@id\":\"https:\/\/wpguerssen-test.odoo.rgbconsulting.com\/es\/producto\/mambo-gozon-the-rca-years-1949-1960\/#breadcrumb\"},\"inLanguage\":\"es\",\"potentialAction\":[{\"@type\":\"ReadAction\",\"target\":[\"https:\/\/wpguerssen-test.odoo.rgbconsulting.com\/es\/producto\/mambo-gozon-the-rca-years-1949-1960\/\"]}]},{\"@type\":\"ImageObject\",\"inLanguage\":\"es\",\"@id\":\"https:\/\/wpguerssen-test.odoo.rgbconsulting.com\/es\/producto\/mambo-gozon-the-rca-years-1949-1960\/#primaryimage\",\"url\":\"https:\/\/wpguerssen-test.odoo.rgbconsulting.com\/wp-content\/uploads\/2025\/01\/49593.jpg\",\"contentUrl\":\"https:\/\/wpguerssen-test.odoo.rgbconsulting.com\/wp-content\/uploads\/2025\/01\/49593.jpg\",\"width\":1200,\"height\":1200,\"caption\":\"Tito & His Orchestra - Mambo Goz\u00f3n. The RCA Years 1949-1960 - GROSSO (2LP) | Guerssen\"},{\"@type\":\"BreadcrumbList\",\"@id\":\"https:\/\/wpguerssen-test.odoo.rgbconsulting.com\/es\/producto\/mambo-gozon-the-rca-years-1949-1960\/#breadcrumb\",\"itemListElement\":[{\"@type\":\"ListItem\",\"position\":1,\"name\":\"Inicio\",\"item\":\"https:\/\/wpguerssen-test.odoo.rgbconsulting.com\/es\/\"},{\"@type\":\"ListItem\",\"position\":2,\"name\":\"Shop\",\"item\":\"https:\/\/wpguerssen-test.odoo.rgbconsulting.com\/shop\/\"},{\"@type\":\"ListItem\",\"position\":3,\"name\":\"Mambo Goz\u00f3n. The RCA Years 1949-1960\"}]},{\"@type\":\"WebSite\",\"@id\":\"https:\/\/wpguerssen-test.odoo.rgbconsulting.com\/es\/#website\",\"url\":\"https:\/\/wpguerssen-test.odoo.rgbconsulting.com\/es\/\",\"name\":\"Guerssen records\",\"description\":\"psychedelia - progressive - folk - garage \",\"publisher\":{\"@id\":\"https:\/\/wpguerssen-test.odoo.rgbconsulting.com\/es\/#organization\"},\"potentialAction\":[{\"@type\":\"SearchAction\",\"target\":{\"@type\":\"EntryPoint\",\"urlTemplate\":\"https:\/\/wpguerssen-test.odoo.rgbconsulting.com\/es\/?s={search_term_string}\"},\"query-input\":{\"@type\":\"PropertyValueSpecification\",\"valueRequired\":true,\"valueName\":\"search_term_string\"}}],\"inLanguage\":\"es\"},{\"@type\":\"Organization\",\"@id\":\"https:\/\/wpguerssen-test.odoo.rgbconsulting.com\/es\/#organization\",\"name\":\"Guerssen records\",\"url\":\"https:\/\/wpguerssen-test.odoo.rgbconsulting.com\/es\/\",\"logo\":{\"@type\":\"ImageObject\",\"inLanguage\":\"es\",\"@id\":\"https:\/\/wpguerssen-test.odoo.rgbconsulting.com\/es\/#\/schema\/logo\/image\/\",\"url\":\"https:\/\/wpguerssen-test.odoo.rgbconsulting.com\/wp-content\/uploads\/2022\/04\/Logo_Guerssen_trans_100.png\",\"contentUrl\":\"https:\/\/wpguerssen-test.odoo.rgbconsulting.com\/wp-content\/uploads\/2022\/04\/Logo_Guerssen_trans_100.png\",\"width\":122,\"height\":100,\"caption\":\"Guerssen records\"},\"image\":{\"@id\":\"https:\/\/wpguerssen-test.odoo.rgbconsulting.com\/es\/#\/schema\/logo\/image\/\"}}]}<\/script>\n<!-- \/ Yoast SEO plugin. -->","yoast_head_json":{"title":"PUENTE, Tito & His Orchestra - Mambo Goz\u00f3n. The RCA Years 1949-1960 -  (2LP) | Guerssen","description":"A collection with a very specific criterion: to bring together the best songs that exemplify the model of what would later be known as salsa. Tito Puente's sessions at RCA produced the highest quality and sounding recordings of the epoch, and are up to today's sound standards. 24 tracks compiled from the best dancefloor tracks from Tito's golden era that easily adapt to the aesthetics of modern salsa. Featuring: Santos Col\u00f3n, Vicentico Vald\u00e9s, Alfredito Vald\u00e9s, Vit\u00edn Avil\u00e9s, Yayo \"el Indio\", Tony Molina. Complete liner notes Spanish&English by collector and DJ, Pablo \"Bongohead\" Yglesias. Format designed for DJ's, collectors and general public.","robots":{"index":"index","follow":"follow","max-snippet":"max-snippet:-1","max-image-preview":"max-image-preview:large","max-video-preview":"max-video-preview:-1"},"canonical":"https:\/\/wpguerssen-test.odoo.rgbconsulting.com\/es\/producto\/mambo-gozon-the-rca-years-1949-1960\/","og_locale":"es_ES","og_type":"article","og_title":"PUENTE, Tito & His Orchestra - Mambo Goz\u00f3n. The RCA Years 1949-1960 -  (2LP) | Guerssen","og_description":"A collection with a very specific criterion: to bring together the best songs that exemplify the model of what would later be known as salsa. Tito Puente's sessions at RCA produced the highest quality and sounding recordings of the epoch, and are up to today's sound standards. 24 tracks compiled from the best dancefloor tracks from Tito's golden era that easily adapt to the aesthetics of modern salsa. Featuring: Santos Col\u00f3n, Vicentico Vald\u00e9s, Alfredito Vald\u00e9s, Vit\u00edn Avil\u00e9s, Yayo \"el Indio\", Tony Molina. Complete liner notes Spanish&English by collector and DJ, Pablo \"Bongohead\" Yglesias. Format designed for DJ's, collectors and general public.","og_url":"https:\/\/wpguerssen-test.odoo.rgbconsulting.com\/es\/producto\/mambo-gozon-the-rca-years-1949-1960\/","og_site_name":"Guerssen records","article_modified_time":"2025-04-14T14:22:27+00:00","og_image":[{"width":1200,"height":1200,"url":"https:\/\/wpguerssen-test.odoo.rgbconsulting.com\/wp-content\/uploads\/2025\/01\/49593.jpg","type":"image\/jpeg"}],"twitter_card":"summary_large_image","twitter_title":"PUENTE, Tito & His Orchestra - Mambo Goz\u00f3n. The RCA Years 1949-1960 -  (2LP) | Guerssen","twitter_misc":{"Tiempo de lectura":"1 minuto"},"schema":{"@context":"https:\/\/schema.org","@graph":[{"@type":"WebPage","@id":"https:\/\/wpguerssen-test.odoo.rgbconsulting.com\/es\/producto\/mambo-gozon-the-rca-years-1949-1960\/","url":"https:\/\/wpguerssen-test.odoo.rgbconsulting.com\/es\/producto\/mambo-gozon-the-rca-years-1949-1960\/","name":"PUENTE, Tito & His Orchestra - Mambo Goz\u00f3n. The RCA Years 1949-1960 - (2LP) | Guerssen","isPartOf":{"@id":"https:\/\/wpguerssen-test.odoo.rgbconsulting.com\/es\/#website"},"primaryImageOfPage":{"@id":"https:\/\/wpguerssen-test.odoo.rgbconsulting.com\/es\/producto\/mambo-gozon-the-rca-years-1949-1960\/#primaryimage"},"image":{"@id":"https:\/\/wpguerssen-test.odoo.rgbconsulting.com\/es\/producto\/mambo-gozon-the-rca-years-1949-1960\/#primaryimage"},"thumbnailUrl":"https:\/\/wpguerssen-test.odoo.rgbconsulting.com\/wp-content\/uploads\/2025\/01\/49593.jpg","datePublished":"2025-04-13T22:00:00+00:00","dateModified":"2025-04-14T14:22:27+00:00","description":"A collection with a very specific criterion: to bring together the best songs that exemplify the model of what would later be known as salsa. Tito Puente's sessions at RCA produced the highest quality and sounding recordings of the epoch, and are up to today's sound standards. 24 tracks compiled from the best dancefloor tracks from Tito's golden era that easily adapt to the aesthetics of modern salsa. Featuring: Santos Col\u00f3n, Vicentico Vald\u00e9s, Alfredito Vald\u00e9s, Vit\u00edn Avil\u00e9s, Yayo \"el Indio\", Tony Molina. Complete liner notes Spanish&English by collector and DJ, Pablo \"Bongohead\" Yglesias. Format designed for DJ's, collectors and general public.","breadcrumb":{"@id":"https:\/\/wpguerssen-test.odoo.rgbconsulting.com\/es\/producto\/mambo-gozon-the-rca-years-1949-1960\/#breadcrumb"},"inLanguage":"es","potentialAction":[{"@type":"ReadAction","target":["https:\/\/wpguerssen-test.odoo.rgbconsulting.com\/es\/producto\/mambo-gozon-the-rca-years-1949-1960\/"]}]},{"@type":"ImageObject","inLanguage":"es","@id":"https:\/\/wpguerssen-test.odoo.rgbconsulting.com\/es\/producto\/mambo-gozon-the-rca-years-1949-1960\/#primaryimage","url":"https:\/\/wpguerssen-test.odoo.rgbconsulting.com\/wp-content\/uploads\/2025\/01\/49593.jpg","contentUrl":"https:\/\/wpguerssen-test.odoo.rgbconsulting.com\/wp-content\/uploads\/2025\/01\/49593.jpg","width":1200,"height":1200,"caption":"Tito & His Orchestra - Mambo Goz\u00f3n. The RCA Years 1949-1960 - GROSSO (2LP) | Guerssen"},{"@type":"BreadcrumbList","@id":"https:\/\/wpguerssen-test.odoo.rgbconsulting.com\/es\/producto\/mambo-gozon-the-rca-years-1949-1960\/#breadcrumb","itemListElement":[{"@type":"ListItem","position":1,"name":"Inicio","item":"https:\/\/wpguerssen-test.odoo.rgbconsulting.com\/es\/"},{"@type":"ListItem","position":2,"name":"Shop","item":"https:\/\/wpguerssen-test.odoo.rgbconsulting.com\/shop\/"},{"@type":"ListItem","position":3,"name":"Mambo Goz\u00f3n. The RCA Years 1949-1960"}]},{"@type":"WebSite","@id":"https:\/\/wpguerssen-test.odoo.rgbconsulting.com\/es\/#website","url":"https:\/\/wpguerssen-test.odoo.rgbconsulting.com\/es\/","name":"Guerssen records","description":"psychedelia - progressive - folk - garage ","publisher":{"@id":"https:\/\/wpguerssen-test.odoo.rgbconsulting.com\/es\/#organization"},"potentialAction":[{"@type":"SearchAction","target":{"@type":"EntryPoint","urlTemplate":"https:\/\/wpguerssen-test.odoo.rgbconsulting.com\/es\/?s={search_term_string}"},"query-input":{"@type":"PropertyValueSpecification","valueRequired":true,"valueName":"search_term_string"}}],"inLanguage":"es"},{"@type":"Organization","@id":"https:\/\/wpguerssen-test.odoo.rgbconsulting.com\/es\/#organization","name":"Guerssen records","url":"https:\/\/wpguerssen-test.odoo.rgbconsulting.com\/es\/","logo":{"@type":"ImageObject","inLanguage":"es","@id":"https:\/\/wpguerssen-test.odoo.rgbconsulting.com\/es\/#\/schema\/logo\/image\/","url":"https:\/\/wpguerssen-test.odoo.rgbconsulting.com\/wp-content\/uploads\/2022\/04\/Logo_Guerssen_trans_100.png","contentUrl":"https:\/\/wpguerssen-test.odoo.rgbconsulting.com\/wp-content\/uploads\/2022\/04\/Logo_Guerssen_trans_100.png","width":122,"height":100,"caption":"Guerssen records"},"image":{"@id":"https:\/\/wpguerssen-test.odoo.rgbconsulting.com\/es\/#\/schema\/logo\/image\/"}}]}},"_links":{"self":[{"href":"https:\/\/wpguerssen-test.odoo.rgbconsulting.com\/es\/wp-json\/wp\/v2\/product\/281372","targetHints":{"allow":["GET"]}}],"collection":[{"href":"https:\/\/wpguerssen-test.odoo.rgbconsulting.com\/es\/wp-json\/wp\/v2\/product"}],"about":[{"href":"https:\/\/wpguerssen-test.odoo.rgbconsulting.com\/es\/wp-json\/wp\/v2\/types\/product"}],"wp:featuredmedia":[{"embeddable":true,"href":"https:\/\/wpguerssen-test.odoo.rgbconsulting.com\/es\/wp-json\/wp\/v2\/media\/281527"}],"wp:attachment":[{"href":"https:\/\/wpguerssen-test.odoo.rgbconsulting.com\/es\/wp-json\/wp\/v2\/media?parent=281372"}],"wp:term":[{"taxonomy":"product_brand","embeddable":true,"href":"https:\/\/wpguerssen-test.odoo.rgbconsulting.com\/es\/wp-json\/wp\/v2\/product_brand?post=281372"},{"taxonomy":"product_cat","embeddable":true,"href":"https:\/\/wpguerssen-test.odoo.rgbconsulting.com\/es\/wp-json\/wp\/v2\/product_cat?post=281372"},{"taxonomy":"product_tag","embeddable":true,"href":"https:\/\/wpguerssen-test.odoo.rgbconsulting.com\/es\/wp-json\/wp\/v2\/product_tag?post=281372"}],"curies":[{"name":"wp","href":"https:\/\/api.w.org\/{rel}","templated":true}]}}