{"id":281374,"date":"2025-02-10T00:00:00","date_gmt":"2025-02-09T23:00:00","guid":{"rendered":"https:\/\/wpguerssen-test.odoo.rgbconsulting.com\/product\/la-revolucion-de-emiliano-zapata\/"},"modified":"2025-04-24T17:22:19","modified_gmt":"2025-04-24T15:22:19","slug":"la-revolucion-de-emiliano-zapata","status":"publish","type":"product","link":"https:\/\/wpguerssen-test.odoo.rgbconsulting.com\/es\/producto\/la-revolucion-de-emiliano-zapata\/","title":{"rendered":"La Revoluci\u00f3n de Emiliano Zapata"},"content":{"rendered":"<p>La Revoluci\u00f3n de Emiliano Zapata fue la banda mexicana de rock psicod\u00e9lico que m\u00e1s \u00e9xito comercial alcanz\u00f3 a nivel internacional a principios de los a\u00f1os 70. Su hom\u00f3nimo y muy solicitado LP debut (1971) es considerado uno de los mejores \u00e1lbumes de rock \u00e1cido de M\u00e9xico, grabado bajo la influencia de grupos como Credence Clearwater Revival o The Who pero tambi\u00e9n a\u00f1adiendo un estilo propio con un sonido de guitarra original y deslumbrante. Remasterizado a partir de las cintas originales. Incluye p\u00f3ster. Vinilo de 180g.<br \/>TRACKLIST<br \/>Side A 1.NASTY SEX 2.MELYNDA 3.QUIERO SABER (I WANNA KNOW) 4.SI TU LO QUIERES (IF YOU WANT IT)<br \/>Side B 1.CIUDAD PERDIDA (SHIT CITY) 2.PLATICAS DE UN REY (A KING&#8217;S TALKS) 3.TODAVIA NADA (STILL DON&#8217;T) (NOT YET) 4.AL PIE DE LA MONTA\u00d1A (AT THE FOOT OF THE MOUNTAIN) 5.BAJO LOS CIELOS (UNDER HEAVENS)<\/p>\n","protected":false},"excerpt":{"rendered":"<p>La Revoluci\u00f3n de Emiliano Zapata fue la banda mexicana de rock psicod\u00e9lico que m\u00e1s \u00e9xito comercial alcanz\u00f3 a nivel internacional a principios de los a\u00f1os 70.<a class=\"read\" href=\"https:\/\/wpguerssen-test.odoo.rgbconsulting.com\/es\/producto\/la-revolucion-de-emiliano-zapata\/\"> (...)<\/a>","protected":false},"featured_media":281531,"template":"","meta":{"_acf_changed":false},"product_brand":[],"product_cat":[21639],"product_tag":[24189],"class_list":{"0":"post-281374","1":"product","2":"type-product","3":"status-publish","4":"has-post-thumbnail","6":"product_cat-psychedelic60s-70s-es","7":"product_tag-recien-llegadas","8":"pa_artist-revolucion-de-emiliano-zapata-la","9":"pa_format-lp-es","10":"pa_gender-psychedelic60s-70s","11":"pa_label-munster-umg","12":"pa_location-south-america-caribbean-es","13":"pa_other-filters-vinyl-only-es","15":"first","16":"instock","17":"taxable","18":"shipping-taxable","19":"purchasable","20":"product-type-simple"},"acf":[],"yoast_head":"<!-- This site is optimized with the Yoast SEO plugin v24.9 - https:\/\/yoast.com\/wordpress\/plugins\/seo\/ -->\n<title>REVOLUCION DE EMILIANO ZAPATA, La - La Revoluci\u00f3n de Emiliano Zapata -  (LP) | Guerssen<\/title>\n<meta name=\"description\" content=\"La Revoluci\u00f3n de Emiliano Zapata was the Mexican psychedelic rock band that achieved the most commercial success internationally in the early 70s. Their self-titled and much sought-after debut LP (1971) is considered one of the best acid rock albums in Mexico, recorded under the influence of groups like Credence Clearwater Revival or the Who but also adding their own style featuring an original and stunning guitar sound. Remastered from the original tapes. Includes poster. 180g vinyl.TRACKLISTSide A 1.NASTY SEX 2.MELYNDA 3.QUIERO SABER (I WANNA KNOW) 4.SI TU LO QUIERES (IF YOU WANT IT)Side B 1.CIUDAD PERDIDA (SHIT CITY) 2.PLATICAS DE UN REY (A KING&#039;S TALKS) 3.TODAVIA NADA (STILL DON&#039;T) (NOT YET) 4.AL PIE DE LA MONTA\u00d1A (AT THE FOOT OF THE MOUNTAIN) 5.BAJO LOS CIELOS (UNDER HEAVENS)\" \/>\n<meta name=\"robots\" content=\"index, follow, max-snippet:-1, max-image-preview:large, max-video-preview:-1\" \/>\n<link rel=\"canonical\" href=\"https:\/\/wpguerssen-test.odoo.rgbconsulting.com\/es\/producto\/la-revolucion-de-emiliano-zapata\/\" \/>\n<meta property=\"og:locale\" content=\"es_ES\" \/>\n<meta property=\"og:type\" content=\"article\" \/>\n<meta property=\"og:title\" content=\"REVOLUCION DE EMILIANO ZAPATA, La - La Revoluci\u00f3n de Emiliano Zapata -  (LP) | Guerssen\" \/>\n<meta property=\"og:description\" content=\"La Revoluci\u00f3n de Emiliano Zapata was the Mexican psychedelic rock band that achieved the most commercial success internationally in the early 70s. Their self-titled and much sought-after debut LP (1971) is considered one of the best acid rock albums in Mexico, recorded under the influence of groups like Credence Clearwater Revival or the Who but also adding their own style featuring an original and stunning guitar sound. Remastered from the original tapes. Includes poster. 180g vinyl.TRACKLISTSide A 1.NASTY SEX 2.MELYNDA 3.QUIERO SABER (I WANNA KNOW) 4.SI TU LO QUIERES (IF YOU WANT IT)Side B 1.CIUDAD PERDIDA (SHIT CITY) 2.PLATICAS DE UN REY (A KING&#039;S TALKS) 3.TODAVIA NADA (STILL DON&#039;T) (NOT YET) 4.AL PIE DE LA MONTA\u00d1A (AT THE FOOT OF THE MOUNTAIN) 5.BAJO LOS CIELOS (UNDER HEAVENS)\" \/>\n<meta property=\"og:url\" content=\"https:\/\/wpguerssen-test.odoo.rgbconsulting.com\/es\/producto\/la-revolucion-de-emiliano-zapata\/\" \/>\n<meta property=\"og:site_name\" content=\"Guerssen records\" \/>\n<meta property=\"article:modified_time\" content=\"2025-04-24T15:22:19+00:00\" \/>\n<meta property=\"og:image\" content=\"https:\/\/wpguerssen-test.odoo.rgbconsulting.com\/wp-content\/uploads\/2025\/01\/49595.jpg\" \/>\n\t<meta property=\"og:image:width\" content=\"1200\" \/>\n\t<meta property=\"og:image:height\" content=\"1200\" \/>\n\t<meta property=\"og:image:type\" content=\"image\/jpeg\" \/>\n<meta name=\"twitter:card\" content=\"summary_large_image\" \/>\n<meta name=\"twitter:title\" content=\"REVOLUCION DE EMILIANO ZAPATA, La - La Revoluci\u00f3n de Emiliano Zapata -  (LP) | Guerssen\" \/>\n<meta name=\"twitter:label1\" content=\"Tiempo de lectura\" \/>\n\t<meta name=\"twitter:data1\" content=\"1 minuto\" \/>\n<script type=\"application\/ld+json\" class=\"yoast-schema-graph\">{\"@context\":\"https:\/\/schema.org\",\"@graph\":[{\"@type\":\"WebPage\",\"@id\":\"https:\/\/wpguerssen-test.odoo.rgbconsulting.com\/es\/producto\/la-revolucion-de-emiliano-zapata\/\",\"url\":\"https:\/\/wpguerssen-test.odoo.rgbconsulting.com\/es\/producto\/la-revolucion-de-emiliano-zapata\/\",\"name\":\"REVOLUCION DE EMILIANO ZAPATA, La - La Revoluci\u00f3n de Emiliano Zapata - (LP) | Guerssen\",\"isPartOf\":{\"@id\":\"https:\/\/wpguerssen-test.odoo.rgbconsulting.com\/es\/#website\"},\"primaryImageOfPage\":{\"@id\":\"https:\/\/wpguerssen-test.odoo.rgbconsulting.com\/es\/producto\/la-revolucion-de-emiliano-zapata\/#primaryimage\"},\"image\":{\"@id\":\"https:\/\/wpguerssen-test.odoo.rgbconsulting.com\/es\/producto\/la-revolucion-de-emiliano-zapata\/#primaryimage\"},\"thumbnailUrl\":\"https:\/\/wpguerssen-test.odoo.rgbconsulting.com\/wp-content\/uploads\/2025\/01\/49595.jpg\",\"datePublished\":\"2025-02-09T23:00:00+00:00\",\"dateModified\":\"2025-04-24T15:22:19+00:00\",\"description\":\"La Revoluci\u00f3n de Emiliano Zapata was the Mexican psychedelic rock band that achieved the most commercial success internationally in the early 70s. Their self-titled and much sought-after debut LP (1971) is considered one of the best acid rock albums in Mexico, recorded under the influence of groups like Credence Clearwater Revival or the Who but also adding their own style featuring an original and stunning guitar sound. Remastered from the original tapes. Includes poster. 180g vinyl.TRACKLISTSide A 1.NASTY SEX 2.MELYNDA 3.QUIERO SABER (I WANNA KNOW) 4.SI TU LO QUIERES (IF YOU WANT IT)Side B 1.CIUDAD PERDIDA (SHIT CITY) 2.PLATICAS DE UN REY (A KING'S TALKS) 3.TODAVIA NADA (STILL DON'T) (NOT YET) 4.AL PIE DE LA MONTA\u00d1A (AT THE FOOT OF THE MOUNTAIN) 5.BAJO LOS CIELOS (UNDER HEAVENS)\",\"breadcrumb\":{\"@id\":\"https:\/\/wpguerssen-test.odoo.rgbconsulting.com\/es\/producto\/la-revolucion-de-emiliano-zapata\/#breadcrumb\"},\"inLanguage\":\"es\",\"potentialAction\":[{\"@type\":\"ReadAction\",\"target\":[\"https:\/\/wpguerssen-test.odoo.rgbconsulting.com\/es\/producto\/la-revolucion-de-emiliano-zapata\/\"]}]},{\"@type\":\"ImageObject\",\"inLanguage\":\"es\",\"@id\":\"https:\/\/wpguerssen-test.odoo.rgbconsulting.com\/es\/producto\/la-revolucion-de-emiliano-zapata\/#primaryimage\",\"url\":\"https:\/\/wpguerssen-test.odoo.rgbconsulting.com\/wp-content\/uploads\/2025\/01\/49595.jpg\",\"contentUrl\":\"https:\/\/wpguerssen-test.odoo.rgbconsulting.com\/wp-content\/uploads\/2025\/01\/49595.jpg\",\"width\":1200,\"height\":1200,\"caption\":\"La - La Revoluci\u00f3n de Emiliano Zapata - MUNSTER UMG (LP) | Guerssen\"},{\"@type\":\"BreadcrumbList\",\"@id\":\"https:\/\/wpguerssen-test.odoo.rgbconsulting.com\/es\/producto\/la-revolucion-de-emiliano-zapata\/#breadcrumb\",\"itemListElement\":[{\"@type\":\"ListItem\",\"position\":1,\"name\":\"Inicio\",\"item\":\"https:\/\/wpguerssen-test.odoo.rgbconsulting.com\/es\/\"},{\"@type\":\"ListItem\",\"position\":2,\"name\":\"Shop\",\"item\":\"https:\/\/wpguerssen-test.odoo.rgbconsulting.com\/shop\/\"},{\"@type\":\"ListItem\",\"position\":3,\"name\":\"La Revoluci\u00f3n de Emiliano Zapata\"}]},{\"@type\":\"WebSite\",\"@id\":\"https:\/\/wpguerssen-test.odoo.rgbconsulting.com\/es\/#website\",\"url\":\"https:\/\/wpguerssen-test.odoo.rgbconsulting.com\/es\/\",\"name\":\"Guerssen records\",\"description\":\"psychedelia - progressive - folk - garage \",\"publisher\":{\"@id\":\"https:\/\/wpguerssen-test.odoo.rgbconsulting.com\/es\/#organization\"},\"potentialAction\":[{\"@type\":\"SearchAction\",\"target\":{\"@type\":\"EntryPoint\",\"urlTemplate\":\"https:\/\/wpguerssen-test.odoo.rgbconsulting.com\/es\/?s={search_term_string}\"},\"query-input\":{\"@type\":\"PropertyValueSpecification\",\"valueRequired\":true,\"valueName\":\"search_term_string\"}}],\"inLanguage\":\"es\"},{\"@type\":\"Organization\",\"@id\":\"https:\/\/wpguerssen-test.odoo.rgbconsulting.com\/es\/#organization\",\"name\":\"Guerssen records\",\"url\":\"https:\/\/wpguerssen-test.odoo.rgbconsulting.com\/es\/\",\"logo\":{\"@type\":\"ImageObject\",\"inLanguage\":\"es\",\"@id\":\"https:\/\/wpguerssen-test.odoo.rgbconsulting.com\/es\/#\/schema\/logo\/image\/\",\"url\":\"https:\/\/wpguerssen-test.odoo.rgbconsulting.com\/wp-content\/uploads\/2022\/04\/Logo_Guerssen_trans_100.png\",\"contentUrl\":\"https:\/\/wpguerssen-test.odoo.rgbconsulting.com\/wp-content\/uploads\/2022\/04\/Logo_Guerssen_trans_100.png\",\"width\":122,\"height\":100,\"caption\":\"Guerssen records\"},\"image\":{\"@id\":\"https:\/\/wpguerssen-test.odoo.rgbconsulting.com\/es\/#\/schema\/logo\/image\/\"}}]}<\/script>\n<!-- \/ Yoast SEO plugin. -->","yoast_head_json":{"title":"REVOLUCION DE EMILIANO ZAPATA, La - La Revoluci\u00f3n de Emiliano Zapata -  (LP) | Guerssen","description":"La Revoluci\u00f3n de Emiliano Zapata was the Mexican psychedelic rock band that achieved the most commercial success internationally in the early 70s. Their self-titled and much sought-after debut LP (1971) is considered one of the best acid rock albums in Mexico, recorded under the influence of groups like Credence Clearwater Revival or the Who but also adding their own style featuring an original and stunning guitar sound. Remastered from the original tapes. Includes poster. 180g vinyl.TRACKLISTSide A 1.NASTY SEX 2.MELYNDA 3.QUIERO SABER (I WANNA KNOW) 4.SI TU LO QUIERES (IF YOU WANT IT)Side B 1.CIUDAD PERDIDA (SHIT CITY) 2.PLATICAS DE UN REY (A KING'S TALKS) 3.TODAVIA NADA (STILL DON'T) (NOT YET) 4.AL PIE DE LA MONTA\u00d1A (AT THE FOOT OF THE MOUNTAIN) 5.BAJO LOS CIELOS (UNDER HEAVENS)","robots":{"index":"index","follow":"follow","max-snippet":"max-snippet:-1","max-image-preview":"max-image-preview:large","max-video-preview":"max-video-preview:-1"},"canonical":"https:\/\/wpguerssen-test.odoo.rgbconsulting.com\/es\/producto\/la-revolucion-de-emiliano-zapata\/","og_locale":"es_ES","og_type":"article","og_title":"REVOLUCION DE EMILIANO ZAPATA, La - La Revoluci\u00f3n de Emiliano Zapata -  (LP) | Guerssen","og_description":"La Revoluci\u00f3n de Emiliano Zapata was the Mexican psychedelic rock band that achieved the most commercial success internationally in the early 70s. Their self-titled and much sought-after debut LP (1971) is considered one of the best acid rock albums in Mexico, recorded under the influence of groups like Credence Clearwater Revival or the Who but also adding their own style featuring an original and stunning guitar sound. Remastered from the original tapes. Includes poster. 180g vinyl.TRACKLISTSide A 1.NASTY SEX 2.MELYNDA 3.QUIERO SABER (I WANNA KNOW) 4.SI TU LO QUIERES (IF YOU WANT IT)Side B 1.CIUDAD PERDIDA (SHIT CITY) 2.PLATICAS DE UN REY (A KING'S TALKS) 3.TODAVIA NADA (STILL DON'T) (NOT YET) 4.AL PIE DE LA MONTA\u00d1A (AT THE FOOT OF THE MOUNTAIN) 5.BAJO LOS CIELOS (UNDER HEAVENS)","og_url":"https:\/\/wpguerssen-test.odoo.rgbconsulting.com\/es\/producto\/la-revolucion-de-emiliano-zapata\/","og_site_name":"Guerssen records","article_modified_time":"2025-04-24T15:22:19+00:00","og_image":[{"width":1200,"height":1200,"url":"https:\/\/wpguerssen-test.odoo.rgbconsulting.com\/wp-content\/uploads\/2025\/01\/49595.jpg","type":"image\/jpeg"}],"twitter_card":"summary_large_image","twitter_title":"REVOLUCION DE EMILIANO ZAPATA, La - La Revoluci\u00f3n de Emiliano Zapata -  (LP) | Guerssen","twitter_misc":{"Tiempo de lectura":"1 minuto"},"schema":{"@context":"https:\/\/schema.org","@graph":[{"@type":"WebPage","@id":"https:\/\/wpguerssen-test.odoo.rgbconsulting.com\/es\/producto\/la-revolucion-de-emiliano-zapata\/","url":"https:\/\/wpguerssen-test.odoo.rgbconsulting.com\/es\/producto\/la-revolucion-de-emiliano-zapata\/","name":"REVOLUCION DE EMILIANO ZAPATA, La - La Revoluci\u00f3n de Emiliano Zapata - (LP) | Guerssen","isPartOf":{"@id":"https:\/\/wpguerssen-test.odoo.rgbconsulting.com\/es\/#website"},"primaryImageOfPage":{"@id":"https:\/\/wpguerssen-test.odoo.rgbconsulting.com\/es\/producto\/la-revolucion-de-emiliano-zapata\/#primaryimage"},"image":{"@id":"https:\/\/wpguerssen-test.odoo.rgbconsulting.com\/es\/producto\/la-revolucion-de-emiliano-zapata\/#primaryimage"},"thumbnailUrl":"https:\/\/wpguerssen-test.odoo.rgbconsulting.com\/wp-content\/uploads\/2025\/01\/49595.jpg","datePublished":"2025-02-09T23:00:00+00:00","dateModified":"2025-04-24T15:22:19+00:00","description":"La Revoluci\u00f3n de Emiliano Zapata was the Mexican psychedelic rock band that achieved the most commercial success internationally in the early 70s. Their self-titled and much sought-after debut LP (1971) is considered one of the best acid rock albums in Mexico, recorded under the influence of groups like Credence Clearwater Revival or the Who but also adding their own style featuring an original and stunning guitar sound. Remastered from the original tapes. Includes poster. 180g vinyl.TRACKLISTSide A 1.NASTY SEX 2.MELYNDA 3.QUIERO SABER (I WANNA KNOW) 4.SI TU LO QUIERES (IF YOU WANT IT)Side B 1.CIUDAD PERDIDA (SHIT CITY) 2.PLATICAS DE UN REY (A KING'S TALKS) 3.TODAVIA NADA (STILL DON'T) (NOT YET) 4.AL PIE DE LA MONTA\u00d1A (AT THE FOOT OF THE MOUNTAIN) 5.BAJO LOS CIELOS (UNDER HEAVENS)","breadcrumb":{"@id":"https:\/\/wpguerssen-test.odoo.rgbconsulting.com\/es\/producto\/la-revolucion-de-emiliano-zapata\/#breadcrumb"},"inLanguage":"es","potentialAction":[{"@type":"ReadAction","target":["https:\/\/wpguerssen-test.odoo.rgbconsulting.com\/es\/producto\/la-revolucion-de-emiliano-zapata\/"]}]},{"@type":"ImageObject","inLanguage":"es","@id":"https:\/\/wpguerssen-test.odoo.rgbconsulting.com\/es\/producto\/la-revolucion-de-emiliano-zapata\/#primaryimage","url":"https:\/\/wpguerssen-test.odoo.rgbconsulting.com\/wp-content\/uploads\/2025\/01\/49595.jpg","contentUrl":"https:\/\/wpguerssen-test.odoo.rgbconsulting.com\/wp-content\/uploads\/2025\/01\/49595.jpg","width":1200,"height":1200,"caption":"La - La Revoluci\u00f3n de Emiliano Zapata - MUNSTER UMG (LP) | Guerssen"},{"@type":"BreadcrumbList","@id":"https:\/\/wpguerssen-test.odoo.rgbconsulting.com\/es\/producto\/la-revolucion-de-emiliano-zapata\/#breadcrumb","itemListElement":[{"@type":"ListItem","position":1,"name":"Inicio","item":"https:\/\/wpguerssen-test.odoo.rgbconsulting.com\/es\/"},{"@type":"ListItem","position":2,"name":"Shop","item":"https:\/\/wpguerssen-test.odoo.rgbconsulting.com\/shop\/"},{"@type":"ListItem","position":3,"name":"La Revoluci\u00f3n de Emiliano Zapata"}]},{"@type":"WebSite","@id":"https:\/\/wpguerssen-test.odoo.rgbconsulting.com\/es\/#website","url":"https:\/\/wpguerssen-test.odoo.rgbconsulting.com\/es\/","name":"Guerssen records","description":"psychedelia - progressive - folk - garage ","publisher":{"@id":"https:\/\/wpguerssen-test.odoo.rgbconsulting.com\/es\/#organization"},"potentialAction":[{"@type":"SearchAction","target":{"@type":"EntryPoint","urlTemplate":"https:\/\/wpguerssen-test.odoo.rgbconsulting.com\/es\/?s={search_term_string}"},"query-input":{"@type":"PropertyValueSpecification","valueRequired":true,"valueName":"search_term_string"}}],"inLanguage":"es"},{"@type":"Organization","@id":"https:\/\/wpguerssen-test.odoo.rgbconsulting.com\/es\/#organization","name":"Guerssen records","url":"https:\/\/wpguerssen-test.odoo.rgbconsulting.com\/es\/","logo":{"@type":"ImageObject","inLanguage":"es","@id":"https:\/\/wpguerssen-test.odoo.rgbconsulting.com\/es\/#\/schema\/logo\/image\/","url":"https:\/\/wpguerssen-test.odoo.rgbconsulting.com\/wp-content\/uploads\/2022\/04\/Logo_Guerssen_trans_100.png","contentUrl":"https:\/\/wpguerssen-test.odoo.rgbconsulting.com\/wp-content\/uploads\/2022\/04\/Logo_Guerssen_trans_100.png","width":122,"height":100,"caption":"Guerssen records"},"image":{"@id":"https:\/\/wpguerssen-test.odoo.rgbconsulting.com\/es\/#\/schema\/logo\/image\/"}}]}},"_links":{"self":[{"href":"https:\/\/wpguerssen-test.odoo.rgbconsulting.com\/es\/wp-json\/wp\/v2\/product\/281374","targetHints":{"allow":["GET"]}}],"collection":[{"href":"https:\/\/wpguerssen-test.odoo.rgbconsulting.com\/es\/wp-json\/wp\/v2\/product"}],"about":[{"href":"https:\/\/wpguerssen-test.odoo.rgbconsulting.com\/es\/wp-json\/wp\/v2\/types\/product"}],"wp:featuredmedia":[{"embeddable":true,"href":"https:\/\/wpguerssen-test.odoo.rgbconsulting.com\/es\/wp-json\/wp\/v2\/media\/281531"}],"wp:attachment":[{"href":"https:\/\/wpguerssen-test.odoo.rgbconsulting.com\/es\/wp-json\/wp\/v2\/media?parent=281374"}],"wp:term":[{"taxonomy":"product_brand","embeddable":true,"href":"https:\/\/wpguerssen-test.odoo.rgbconsulting.com\/es\/wp-json\/wp\/v2\/product_brand?post=281374"},{"taxonomy":"product_cat","embeddable":true,"href":"https:\/\/wpguerssen-test.odoo.rgbconsulting.com\/es\/wp-json\/wp\/v2\/product_cat?post=281374"},{"taxonomy":"product_tag","embeddable":true,"href":"https:\/\/wpguerssen-test.odoo.rgbconsulting.com\/es\/wp-json\/wp\/v2\/product_tag?post=281374"}],"curies":[{"name":"wp","href":"https:\/\/api.w.org\/{rel}","templated":true}]}}