{"id":281560,"date":"2025-02-03T00:00:00","date_gmt":"2025-02-02T23:00:00","guid":{"rendered":"https:\/\/wpguerssen-test.odoo.rgbconsulting.com\/product\/singapore-nuggets-the-ladies-vol-2\/"},"modified":"2025-04-17T15:20:26","modified_gmt":"2025-04-17T13:20:26","slug":"singapore-nuggets-the-ladies-vol-2","status":"publish","type":"product","link":"https:\/\/wpguerssen-test.odoo.rgbconsulting.com\/es\/producto\/singapore-nuggets-the-ladies-vol-2\/","title":{"rendered":"Singapore Nuggets * The Ladies Vol 2"},"content":{"rendered":"<p>Una nueva colecci\u00f3n de grabaciones de Singapur lideradas por mujeres de los a\u00f1os 60 y 70, que documentan una de las escenas musicales m\u00e1s vibrantes durante esos a\u00f1os incre\u00edbles. Ya sea como cantantes solistas, respaldadas por otras bandas o como l\u00edderes de bandas, las mujeres tuvieron una gran presencia en la escena musical de Singapur, y aqu\u00ed hay otras 14 pistas para celebrar su legado. Todas bajo el paraguas idiosincr\u00e1sico de Pop Yeh Yeh y cada una con su fuerte personalidad y tendencias musicales, la m\u00fasica contenida en este hermoso disco es un viaje absoluto para cualquiera interesado en la m\u00fasica de los a\u00f1os 60 y principios de los 70.<br \/>TRACKLIST<br \/>A SIDE 1. Li Li Wong &#8211; It&#8217;s Gonna Be Alright 2. Lena Lim &#038; The Stylers &#8211; Luna, Luna 3. Fung Po Po &#8211; Come On Silly Boy 4. Ervinna &#038; the Stylers &#8211; Unknown Title 5. Nancy Sit &#8211; You Can&#8217;t Do That 6. Mai Le Huyen &#8211; Mat Xanh Con Gai 7. Lara &#038; The Trailers &#8211; Run For Your Life<br \/>B SIDE 1. Chen Jie &#038; The Golden Melody Band &#8211; Spring Wind Kisses My Face 2. Alina Rahman &#038; The Bateks &#8211; Hilangkan Berganti 3. Wong Shiau Chuen &#038; Brothers Hawk &#8211; Wo I Nee 4. Nam Hong &#8211; Unknown Title 5. Lotus Liew &#8211; Let&#8217;s Dance 6. The Crescendos &#8211; Silver Threads And Golden Needles 7. Siti Zaiton &#038; The Firebyrds &#8211; Kesalahanku<\/p>\n","protected":false},"excerpt":{"rendered":"<p>Una nueva colecci\u00f3n de grabaciones de Singapur lideradas por mujeres de los a\u00f1os 60 y 70, que documentan una de las escenas musicales m\u00e1s vibrantes durante esos<a class=\"read\" href=\"https:\/\/wpguerssen-test.odoo.rgbconsulting.com\/es\/producto\/singapore-nuggets-the-ladies-vol-2\/\"> (...)<\/a>","protected":false},"featured_media":281542,"template":"","meta":{"_acf_changed":false},"product_brand":[],"product_cat":[23281],"product_tag":[24189],"class_list":{"0":"post-281560","1":"product","2":"type-product","3":"status-publish","4":"has-post-thumbnail","6":"product_cat-garagebeatrnb60-70-es","7":"product_tag-recien-llegadas","8":"pa_artist-various-artists-es","9":"pa_format-lp-es","10":"pa_gender-garage-beat-rnb60-70-garagebeatrnb60-70","11":"pa_label-akenaton","12":"pa_location-asia-es","13":"pa_other-filters-vinyl-only-es","15":"first","16":"instock","17":"taxable","18":"shipping-taxable","19":"purchasable","20":"product-type-simple"},"acf":[],"yoast_head":"<!-- This site is optimized with the Yoast SEO plugin v24.9 - https:\/\/yoast.com\/wordpress\/plugins\/seo\/ -->\n<title>VARIOUS ARTISTS - Singapore Nuggets * The Ladies Vol 2 -  (LP) | Guerssen<\/title>\n<meta name=\"description\" content=\"A new collection of female fronted Singapore recordings from the 60s and 70s, documenting one of the most vibrant music scenes during those incredible years. Be it as solo singers, backed by other bands or as band leaders, women had a huge pressence on the Singapore music scene, and here&#039;s another 14 tracks to celebrate their legacy. All under the idiosincratic Pop Yeh Yeh umbrella and each with her strong personality and musical tendencies, the music contained in this beautiful record is an absolute trip for anyone interested in 60s and early 70s music.TRACKLISTA SIDE 1. Li Li Wong - It&#039;s Gonna Be Alright 2. Lena Lim &amp; The Stylers - Luna, Luna 3. Fung Po Po - Come On Silly Boy 4. Ervinna &amp; the Stylers - Unknown Title 5. Nancy Sit - You Can&#039;t Do That 6. Mai Le Huyen - Mat Xanh Con Gai 7. Lara &amp; The Trailers - Run For Your LifeB SIDE 1. Chen Jie &amp; The Golden Melody Band - Spring Wind Kisses My Face 2. Alina Rahman &amp; The Bateks - Hilangkan Berganti 3. Wong Shiau Chuen &amp; Brothers Hawk - Wo I Nee 4. Nam Hong - Unknown Title 5. Lotus Liew - Let&#039;s Dance 6. The Crescendos - Silver Threads And Golden Needles 7. Siti Zaiton &amp; The Firebyrds - Kesalahanku\" \/>\n<meta name=\"robots\" content=\"index, follow, max-snippet:-1, max-image-preview:large, max-video-preview:-1\" \/>\n<link rel=\"canonical\" href=\"https:\/\/wpguerssen-test.odoo.rgbconsulting.com\/es\/producto\/singapore-nuggets-the-ladies-vol-2\/\" \/>\n<meta property=\"og:locale\" content=\"es_ES\" \/>\n<meta property=\"og:type\" content=\"article\" \/>\n<meta property=\"og:title\" content=\"VARIOUS ARTISTS - Singapore Nuggets * The Ladies Vol 2 -  (LP) | Guerssen\" \/>\n<meta property=\"og:description\" content=\"A new collection of female fronted Singapore recordings from the 60s and 70s, documenting one of the most vibrant music scenes during those incredible years. Be it as solo singers, backed by other bands or as band leaders, women had a huge pressence on the Singapore music scene, and here&#039;s another 14 tracks to celebrate their legacy. All under the idiosincratic Pop Yeh Yeh umbrella and each with her strong personality and musical tendencies, the music contained in this beautiful record is an absolute trip for anyone interested in 60s and early 70s music.TRACKLISTA SIDE 1. Li Li Wong - It&#039;s Gonna Be Alright 2. Lena Lim &amp; The Stylers - Luna, Luna 3. Fung Po Po - Come On Silly Boy 4. Ervinna &amp; the Stylers - Unknown Title 5. Nancy Sit - You Can&#039;t Do That 6. Mai Le Huyen - Mat Xanh Con Gai 7. Lara &amp; The Trailers - Run For Your LifeB SIDE 1. Chen Jie &amp; The Golden Melody Band - Spring Wind Kisses My Face 2. Alina Rahman &amp; The Bateks - Hilangkan Berganti 3. Wong Shiau Chuen &amp; Brothers Hawk - Wo I Nee 4. Nam Hong - Unknown Title 5. Lotus Liew - Let&#039;s Dance 6. The Crescendos - Silver Threads And Golden Needles 7. Siti Zaiton &amp; The Firebyrds - Kesalahanku\" \/>\n<meta property=\"og:url\" content=\"https:\/\/wpguerssen-test.odoo.rgbconsulting.com\/es\/producto\/singapore-nuggets-the-ladies-vol-2\/\" \/>\n<meta property=\"og:site_name\" content=\"Guerssen records\" \/>\n<meta property=\"article:modified_time\" content=\"2025-04-17T13:20:26+00:00\" \/>\n<meta property=\"og:image\" content=\"https:\/\/wpguerssen-test.odoo.rgbconsulting.com\/wp-content\/uploads\/2025\/01\/49599.jpg\" \/>\n\t<meta property=\"og:image:width\" content=\"500\" \/>\n\t<meta property=\"og:image:height\" content=\"500\" \/>\n\t<meta property=\"og:image:type\" content=\"image\/jpeg\" \/>\n<meta name=\"twitter:card\" content=\"summary_large_image\" \/>\n<meta name=\"twitter:title\" content=\"VARIOUS ARTISTS - Singapore Nuggets * The Ladies Vol 2 -  (LP) | Guerssen\" \/>\n<meta name=\"twitter:label1\" content=\"Tiempo de lectura\" \/>\n\t<meta name=\"twitter:data1\" content=\"1 minuto\" \/>\n<script type=\"application\/ld+json\" class=\"yoast-schema-graph\">{\"@context\":\"https:\/\/schema.org\",\"@graph\":[{\"@type\":\"WebPage\",\"@id\":\"https:\/\/wpguerssen-test.odoo.rgbconsulting.com\/es\/producto\/singapore-nuggets-the-ladies-vol-2\/\",\"url\":\"https:\/\/wpguerssen-test.odoo.rgbconsulting.com\/es\/producto\/singapore-nuggets-the-ladies-vol-2\/\",\"name\":\"VARIOUS ARTISTS - Singapore Nuggets * The Ladies Vol 2 - (LP) | Guerssen\",\"isPartOf\":{\"@id\":\"https:\/\/wpguerssen-test.odoo.rgbconsulting.com\/es\/#website\"},\"primaryImageOfPage\":{\"@id\":\"https:\/\/wpguerssen-test.odoo.rgbconsulting.com\/es\/producto\/singapore-nuggets-the-ladies-vol-2\/#primaryimage\"},\"image\":{\"@id\":\"https:\/\/wpguerssen-test.odoo.rgbconsulting.com\/es\/producto\/singapore-nuggets-the-ladies-vol-2\/#primaryimage\"},\"thumbnailUrl\":\"https:\/\/wpguerssen-test.odoo.rgbconsulting.com\/wp-content\/uploads\/2025\/01\/49599.jpg\",\"datePublished\":\"2025-02-02T23:00:00+00:00\",\"dateModified\":\"2025-04-17T13:20:26+00:00\",\"description\":\"A new collection of female fronted Singapore recordings from the 60s and 70s, documenting one of the most vibrant music scenes during those incredible years. Be it as solo singers, backed by other bands or as band leaders, women had a huge pressence on the Singapore music scene, and here's another 14 tracks to celebrate their legacy. All under the idiosincratic Pop Yeh Yeh umbrella and each with her strong personality and musical tendencies, the music contained in this beautiful record is an absolute trip for anyone interested in 60s and early 70s music.TRACKLISTA SIDE 1. Li Li Wong - It's Gonna Be Alright 2. Lena Lim & The Stylers - Luna, Luna 3. Fung Po Po - Come On Silly Boy 4. Ervinna & the Stylers - Unknown Title 5. Nancy Sit - You Can't Do That 6. Mai Le Huyen - Mat Xanh Con Gai 7. Lara & The Trailers - Run For Your LifeB SIDE 1. Chen Jie & The Golden Melody Band - Spring Wind Kisses My Face 2. Alina Rahman & The Bateks - Hilangkan Berganti 3. Wong Shiau Chuen & Brothers Hawk - Wo I Nee 4. Nam Hong - Unknown Title 5. Lotus Liew - Let's Dance 6. The Crescendos - Silver Threads And Golden Needles 7. Siti Zaiton & The Firebyrds - Kesalahanku\",\"breadcrumb\":{\"@id\":\"https:\/\/wpguerssen-test.odoo.rgbconsulting.com\/es\/producto\/singapore-nuggets-the-ladies-vol-2\/#breadcrumb\"},\"inLanguage\":\"es\",\"potentialAction\":[{\"@type\":\"ReadAction\",\"target\":[\"https:\/\/wpguerssen-test.odoo.rgbconsulting.com\/es\/producto\/singapore-nuggets-the-ladies-vol-2\/\"]}]},{\"@type\":\"ImageObject\",\"inLanguage\":\"es\",\"@id\":\"https:\/\/wpguerssen-test.odoo.rgbconsulting.com\/es\/producto\/singapore-nuggets-the-ladies-vol-2\/#primaryimage\",\"url\":\"https:\/\/wpguerssen-test.odoo.rgbconsulting.com\/wp-content\/uploads\/2025\/01\/49599.jpg\",\"contentUrl\":\"https:\/\/wpguerssen-test.odoo.rgbconsulting.com\/wp-content\/uploads\/2025\/01\/49599.jpg\",\"width\":500,\"height\":500},{\"@type\":\"BreadcrumbList\",\"@id\":\"https:\/\/wpguerssen-test.odoo.rgbconsulting.com\/es\/producto\/singapore-nuggets-the-ladies-vol-2\/#breadcrumb\",\"itemListElement\":[{\"@type\":\"ListItem\",\"position\":1,\"name\":\"Inicio\",\"item\":\"https:\/\/wpguerssen-test.odoo.rgbconsulting.com\/es\/\"},{\"@type\":\"ListItem\",\"position\":2,\"name\":\"Shop\",\"item\":\"https:\/\/wpguerssen-test.odoo.rgbconsulting.com\/shop\/\"},{\"@type\":\"ListItem\",\"position\":3,\"name\":\"Singapore Nuggets * The Ladies Vol 2\"}]},{\"@type\":\"WebSite\",\"@id\":\"https:\/\/wpguerssen-test.odoo.rgbconsulting.com\/es\/#website\",\"url\":\"https:\/\/wpguerssen-test.odoo.rgbconsulting.com\/es\/\",\"name\":\"Guerssen records\",\"description\":\"psychedelia - progressive - folk - garage \",\"publisher\":{\"@id\":\"https:\/\/wpguerssen-test.odoo.rgbconsulting.com\/es\/#organization\"},\"potentialAction\":[{\"@type\":\"SearchAction\",\"target\":{\"@type\":\"EntryPoint\",\"urlTemplate\":\"https:\/\/wpguerssen-test.odoo.rgbconsulting.com\/es\/?s={search_term_string}\"},\"query-input\":{\"@type\":\"PropertyValueSpecification\",\"valueRequired\":true,\"valueName\":\"search_term_string\"}}],\"inLanguage\":\"es\"},{\"@type\":\"Organization\",\"@id\":\"https:\/\/wpguerssen-test.odoo.rgbconsulting.com\/es\/#organization\",\"name\":\"Guerssen records\",\"url\":\"https:\/\/wpguerssen-test.odoo.rgbconsulting.com\/es\/\",\"logo\":{\"@type\":\"ImageObject\",\"inLanguage\":\"es\",\"@id\":\"https:\/\/wpguerssen-test.odoo.rgbconsulting.com\/es\/#\/schema\/logo\/image\/\",\"url\":\"https:\/\/wpguerssen-test.odoo.rgbconsulting.com\/wp-content\/uploads\/2022\/04\/Logo_Guerssen_trans_100.png\",\"contentUrl\":\"https:\/\/wpguerssen-test.odoo.rgbconsulting.com\/wp-content\/uploads\/2022\/04\/Logo_Guerssen_trans_100.png\",\"width\":122,\"height\":100,\"caption\":\"Guerssen records\"},\"image\":{\"@id\":\"https:\/\/wpguerssen-test.odoo.rgbconsulting.com\/es\/#\/schema\/logo\/image\/\"}}]}<\/script>\n<!-- \/ Yoast SEO plugin. -->","yoast_head_json":{"title":"VARIOUS ARTISTS - Singapore Nuggets * The Ladies Vol 2 -  (LP) | Guerssen","description":"A new collection of female fronted Singapore recordings from the 60s and 70s, documenting one of the most vibrant music scenes during those incredible years. Be it as solo singers, backed by other bands or as band leaders, women had a huge pressence on the Singapore music scene, and here's another 14 tracks to celebrate their legacy. All under the idiosincratic Pop Yeh Yeh umbrella and each with her strong personality and musical tendencies, the music contained in this beautiful record is an absolute trip for anyone interested in 60s and early 70s music.TRACKLISTA SIDE 1. Li Li Wong - It's Gonna Be Alright 2. Lena Lim & The Stylers - Luna, Luna 3. Fung Po Po - Come On Silly Boy 4. Ervinna & the Stylers - Unknown Title 5. Nancy Sit - You Can't Do That 6. Mai Le Huyen - Mat Xanh Con Gai 7. Lara & The Trailers - Run For Your LifeB SIDE 1. Chen Jie & The Golden Melody Band - Spring Wind Kisses My Face 2. Alina Rahman & The Bateks - Hilangkan Berganti 3. Wong Shiau Chuen & Brothers Hawk - Wo I Nee 4. Nam Hong - Unknown Title 5. Lotus Liew - Let's Dance 6. The Crescendos - Silver Threads And Golden Needles 7. Siti Zaiton & The Firebyrds - Kesalahanku","robots":{"index":"index","follow":"follow","max-snippet":"max-snippet:-1","max-image-preview":"max-image-preview:large","max-video-preview":"max-video-preview:-1"},"canonical":"https:\/\/wpguerssen-test.odoo.rgbconsulting.com\/es\/producto\/singapore-nuggets-the-ladies-vol-2\/","og_locale":"es_ES","og_type":"article","og_title":"VARIOUS ARTISTS - Singapore Nuggets * The Ladies Vol 2 -  (LP) | Guerssen","og_description":"A new collection of female fronted Singapore recordings from the 60s and 70s, documenting one of the most vibrant music scenes during those incredible years. Be it as solo singers, backed by other bands or as band leaders, women had a huge pressence on the Singapore music scene, and here's another 14 tracks to celebrate their legacy. All under the idiosincratic Pop Yeh Yeh umbrella and each with her strong personality and musical tendencies, the music contained in this beautiful record is an absolute trip for anyone interested in 60s and early 70s music.TRACKLISTA SIDE 1. Li Li Wong - It's Gonna Be Alright 2. Lena Lim & The Stylers - Luna, Luna 3. Fung Po Po - Come On Silly Boy 4. Ervinna & the Stylers - Unknown Title 5. Nancy Sit - You Can't Do That 6. Mai Le Huyen - Mat Xanh Con Gai 7. Lara & The Trailers - Run For Your LifeB SIDE 1. Chen Jie & The Golden Melody Band - Spring Wind Kisses My Face 2. Alina Rahman & The Bateks - Hilangkan Berganti 3. Wong Shiau Chuen & Brothers Hawk - Wo I Nee 4. Nam Hong - Unknown Title 5. Lotus Liew - Let's Dance 6. The Crescendos - Silver Threads And Golden Needles 7. Siti Zaiton & The Firebyrds - Kesalahanku","og_url":"https:\/\/wpguerssen-test.odoo.rgbconsulting.com\/es\/producto\/singapore-nuggets-the-ladies-vol-2\/","og_site_name":"Guerssen records","article_modified_time":"2025-04-17T13:20:26+00:00","og_image":[{"width":500,"height":500,"url":"https:\/\/wpguerssen-test.odoo.rgbconsulting.com\/wp-content\/uploads\/2025\/01\/49599.jpg","type":"image\/jpeg"}],"twitter_card":"summary_large_image","twitter_title":"VARIOUS ARTISTS - Singapore Nuggets * The Ladies Vol 2 -  (LP) | Guerssen","twitter_misc":{"Tiempo de lectura":"1 minuto"},"schema":{"@context":"https:\/\/schema.org","@graph":[{"@type":"WebPage","@id":"https:\/\/wpguerssen-test.odoo.rgbconsulting.com\/es\/producto\/singapore-nuggets-the-ladies-vol-2\/","url":"https:\/\/wpguerssen-test.odoo.rgbconsulting.com\/es\/producto\/singapore-nuggets-the-ladies-vol-2\/","name":"VARIOUS ARTISTS - Singapore Nuggets * The Ladies Vol 2 - (LP) | Guerssen","isPartOf":{"@id":"https:\/\/wpguerssen-test.odoo.rgbconsulting.com\/es\/#website"},"primaryImageOfPage":{"@id":"https:\/\/wpguerssen-test.odoo.rgbconsulting.com\/es\/producto\/singapore-nuggets-the-ladies-vol-2\/#primaryimage"},"image":{"@id":"https:\/\/wpguerssen-test.odoo.rgbconsulting.com\/es\/producto\/singapore-nuggets-the-ladies-vol-2\/#primaryimage"},"thumbnailUrl":"https:\/\/wpguerssen-test.odoo.rgbconsulting.com\/wp-content\/uploads\/2025\/01\/49599.jpg","datePublished":"2025-02-02T23:00:00+00:00","dateModified":"2025-04-17T13:20:26+00:00","description":"A new collection of female fronted Singapore recordings from the 60s and 70s, documenting one of the most vibrant music scenes during those incredible years. Be it as solo singers, backed by other bands or as band leaders, women had a huge pressence on the Singapore music scene, and here's another 14 tracks to celebrate their legacy. All under the idiosincratic Pop Yeh Yeh umbrella and each with her strong personality and musical tendencies, the music contained in this beautiful record is an absolute trip for anyone interested in 60s and early 70s music.TRACKLISTA SIDE 1. Li Li Wong - It's Gonna Be Alright 2. Lena Lim & The Stylers - Luna, Luna 3. Fung Po Po - Come On Silly Boy 4. Ervinna & the Stylers - Unknown Title 5. Nancy Sit - You Can't Do That 6. Mai Le Huyen - Mat Xanh Con Gai 7. Lara & The Trailers - Run For Your LifeB SIDE 1. Chen Jie & The Golden Melody Band - Spring Wind Kisses My Face 2. Alina Rahman & The Bateks - Hilangkan Berganti 3. Wong Shiau Chuen & Brothers Hawk - Wo I Nee 4. Nam Hong - Unknown Title 5. Lotus Liew - Let's Dance 6. The Crescendos - Silver Threads And Golden Needles 7. Siti Zaiton & The Firebyrds - Kesalahanku","breadcrumb":{"@id":"https:\/\/wpguerssen-test.odoo.rgbconsulting.com\/es\/producto\/singapore-nuggets-the-ladies-vol-2\/#breadcrumb"},"inLanguage":"es","potentialAction":[{"@type":"ReadAction","target":["https:\/\/wpguerssen-test.odoo.rgbconsulting.com\/es\/producto\/singapore-nuggets-the-ladies-vol-2\/"]}]},{"@type":"ImageObject","inLanguage":"es","@id":"https:\/\/wpguerssen-test.odoo.rgbconsulting.com\/es\/producto\/singapore-nuggets-the-ladies-vol-2\/#primaryimage","url":"https:\/\/wpguerssen-test.odoo.rgbconsulting.com\/wp-content\/uploads\/2025\/01\/49599.jpg","contentUrl":"https:\/\/wpguerssen-test.odoo.rgbconsulting.com\/wp-content\/uploads\/2025\/01\/49599.jpg","width":500,"height":500},{"@type":"BreadcrumbList","@id":"https:\/\/wpguerssen-test.odoo.rgbconsulting.com\/es\/producto\/singapore-nuggets-the-ladies-vol-2\/#breadcrumb","itemListElement":[{"@type":"ListItem","position":1,"name":"Inicio","item":"https:\/\/wpguerssen-test.odoo.rgbconsulting.com\/es\/"},{"@type":"ListItem","position":2,"name":"Shop","item":"https:\/\/wpguerssen-test.odoo.rgbconsulting.com\/shop\/"},{"@type":"ListItem","position":3,"name":"Singapore Nuggets * The Ladies Vol 2"}]},{"@type":"WebSite","@id":"https:\/\/wpguerssen-test.odoo.rgbconsulting.com\/es\/#website","url":"https:\/\/wpguerssen-test.odoo.rgbconsulting.com\/es\/","name":"Guerssen records","description":"psychedelia - progressive - folk - garage ","publisher":{"@id":"https:\/\/wpguerssen-test.odoo.rgbconsulting.com\/es\/#organization"},"potentialAction":[{"@type":"SearchAction","target":{"@type":"EntryPoint","urlTemplate":"https:\/\/wpguerssen-test.odoo.rgbconsulting.com\/es\/?s={search_term_string}"},"query-input":{"@type":"PropertyValueSpecification","valueRequired":true,"valueName":"search_term_string"}}],"inLanguage":"es"},{"@type":"Organization","@id":"https:\/\/wpguerssen-test.odoo.rgbconsulting.com\/es\/#organization","name":"Guerssen records","url":"https:\/\/wpguerssen-test.odoo.rgbconsulting.com\/es\/","logo":{"@type":"ImageObject","inLanguage":"es","@id":"https:\/\/wpguerssen-test.odoo.rgbconsulting.com\/es\/#\/schema\/logo\/image\/","url":"https:\/\/wpguerssen-test.odoo.rgbconsulting.com\/wp-content\/uploads\/2022\/04\/Logo_Guerssen_trans_100.png","contentUrl":"https:\/\/wpguerssen-test.odoo.rgbconsulting.com\/wp-content\/uploads\/2022\/04\/Logo_Guerssen_trans_100.png","width":122,"height":100,"caption":"Guerssen records"},"image":{"@id":"https:\/\/wpguerssen-test.odoo.rgbconsulting.com\/es\/#\/schema\/logo\/image\/"}}]}},"_links":{"self":[{"href":"https:\/\/wpguerssen-test.odoo.rgbconsulting.com\/es\/wp-json\/wp\/v2\/product\/281560","targetHints":{"allow":["GET"]}}],"collection":[{"href":"https:\/\/wpguerssen-test.odoo.rgbconsulting.com\/es\/wp-json\/wp\/v2\/product"}],"about":[{"href":"https:\/\/wpguerssen-test.odoo.rgbconsulting.com\/es\/wp-json\/wp\/v2\/types\/product"}],"wp:featuredmedia":[{"embeddable":true,"href":"https:\/\/wpguerssen-test.odoo.rgbconsulting.com\/es\/wp-json\/wp\/v2\/media\/281542"}],"wp:attachment":[{"href":"https:\/\/wpguerssen-test.odoo.rgbconsulting.com\/es\/wp-json\/wp\/v2\/media?parent=281560"}],"wp:term":[{"taxonomy":"product_brand","embeddable":true,"href":"https:\/\/wpguerssen-test.odoo.rgbconsulting.com\/es\/wp-json\/wp\/v2\/product_brand?post=281560"},{"taxonomy":"product_cat","embeddable":true,"href":"https:\/\/wpguerssen-test.odoo.rgbconsulting.com\/es\/wp-json\/wp\/v2\/product_cat?post=281560"},{"taxonomy":"product_tag","embeddable":true,"href":"https:\/\/wpguerssen-test.odoo.rgbconsulting.com\/es\/wp-json\/wp\/v2\/product_tag?post=281560"}],"curies":[{"name":"wp","href":"https:\/\/api.w.org\/{rel}","templated":true}]}}