{"id":281883,"date":"2025-02-28T00:00:00","date_gmt":"2025-02-27T23:00:00","guid":{"rendered":"https:\/\/wpguerssen-test.odoo.rgbconsulting.com\/product\/prestige-worldwide\/"},"modified":"2025-02-28T13:49:41","modified_gmt":"2025-02-28T12:49:41","slug":"prestige-worldwide","status":"publish","type":"product","link":"https:\/\/wpguerssen-test.odoo.rgbconsulting.com\/es\/producto\/prestige-worldwide\/","title":{"rendered":"Prestige Worldwide"},"content":{"rendered":"<p>A medida que la primera d\u00e9cada del siglo XXI llegaba a su fin, comenz\u00f3 a surgir una nueva generaci\u00f3n de artistas de hip-hop que aprovechaban el poder de los mixtapes digitales para captar la atenci\u00f3n de los oyentes de todo el mundo. Con flujos enga\u00f1osamente intrincados que daban vida a visiones llenas de humo, dos de las luces principales de este renacimiento del rap fueron Smoke DZA y Curren$y. Estos talentosos artistas lanzaron proyectos innovadores en 2009 antes de ascender a alturas a\u00fan mayores, incluidos \u00e1lbumes que figuraron en las listas de Billboard, colaboraciones de alto perfil, giras extensas y proyectos conjuntos junto a Wiz Khalifa, The Alchemist, Pete Rock, Big K.R.I.T., Freddie Gibbs, Benny The Butcher, Styles P, Harry Fraud y m\u00e1s. En 2019, Smoke DZA y Curren$y finalmente se unieron para un lanzamiento de larga duraci\u00f3n, titulado Prestige Worldwide. Los dos colaboradores de toda la vida sacan lo mejor de cada uno en esta aclamada colecci\u00f3n, con rimas inspiradas y ritmos trepidantes que resuenan desde Harlem hasta Nueva Orleans. Con apariciones de Styles P y Dave East, Prestige Worldwide ahora recibe un nuevo lanzamiento en vinilo a trav\u00e9s de GoodTalk y Nature Sounds despu\u00e9s de a\u00f1os de estar fuera de circulaci\u00f3n.<\/p>\n","protected":false},"excerpt":{"rendered":"<p>A medida que la primera d\u00e9cada del siglo XXI llegaba a su fin, comenz\u00f3 a surgir una nueva generaci\u00f3n de artistas de hip-hop que aprovechaban el poder de los mixtapes<a class=\"read\" href=\"https:\/\/wpguerssen-test.odoo.rgbconsulting.com\/es\/producto\/prestige-worldwide\/\"> (...)<\/a>","protected":false},"featured_media":281821,"template":"","meta":{"_acf_changed":false},"product_brand":[],"product_cat":[21706],"product_tag":[24189],"class_list":{"0":"post-281883","1":"product","2":"type-product","3":"status-publish","4":"has-post-thumbnail","6":"product_cat-rap-hip-hop-es","7":"product_tag-recien-llegadas","8":"pa_artist-smoke-dza-currensy","9":"pa_format-lp-es","10":"pa_gender-rap-hip-hop","11":"pa_label-nature-sounds","12":"pa_location-north-america-es","13":"pa_other-filters-vinyl-only-es","15":"first","16":"instock","17":"taxable","18":"shipping-taxable","19":"purchasable","20":"product-type-simple"},"acf":[],"yoast_head":"<!-- This site is optimized with the Yoast SEO plugin v24.9 - https:\/\/yoast.com\/wordpress\/plugins\/seo\/ -->\n<title>SMOKE DZA &amp; CURRENSY - Prestige Worldwide -  (LP) | Guerssen<\/title>\n<meta name=\"description\" content=\"As the first decade of the 21st century came to a close, a new generation of hip-hop artists began to emerge, leveraging the power of digital mixtapes to capture the attention of listeners around the globe. With deceptively intricate flows bringing smoke-filled visions to life, two of the leading lights in this rap renaissance were Smoke DZA and Curren$y. These talented artists both released breakthrough projects in 2009 before ascending to even greater heights, including Billboard-chartingalbums, high-profile collaborations, extensive touring, and joint projects alongside Wiz Khalifa, The Alchemist, Pete Rock, Big K.R.I.T., Freddie Gibbs, Benny The Butcher, Styles P, Harry Fraud, and more. In 2019, Smoke DZA and Curren$y finally linked for a full-length release,entitled Prestige Worldwide. The two longtime collaborators bring out the best in each other on the acclaimed collection, with inspired rhymes and trunk-ratting beats reverberating from Harlem to New Orleans. Featuring appearances by Styles P and Dave East, Prestige Worldwide is now receiving a new vinyl release via GoodTalk and Nature Sounds after years out of print.\" \/>\n<meta name=\"robots\" content=\"index, follow, max-snippet:-1, max-image-preview:large, max-video-preview:-1\" \/>\n<link rel=\"canonical\" href=\"https:\/\/wpguerssen-test.odoo.rgbconsulting.com\/es\/producto\/prestige-worldwide\/\" \/>\n<meta property=\"og:locale\" content=\"es_ES\" \/>\n<meta property=\"og:type\" content=\"article\" \/>\n<meta property=\"og:title\" content=\"SMOKE DZA &amp; CURRENSY - Prestige Worldwide -  (LP) | Guerssen\" \/>\n<meta property=\"og:description\" content=\"As the first decade of the 21st century came to a close, a new generation of hip-hop artists began to emerge, leveraging the power of digital mixtapes to capture the attention of listeners around the globe. With deceptively intricate flows bringing smoke-filled visions to life, two of the leading lights in this rap renaissance were Smoke DZA and Curren$y. These talented artists both released breakthrough projects in 2009 before ascending to even greater heights, including Billboard-chartingalbums, high-profile collaborations, extensive touring, and joint projects alongside Wiz Khalifa, The Alchemist, Pete Rock, Big K.R.I.T., Freddie Gibbs, Benny The Butcher, Styles P, Harry Fraud, and more. In 2019, Smoke DZA and Curren$y finally linked for a full-length release,entitled Prestige Worldwide. The two longtime collaborators bring out the best in each other on the acclaimed collection, with inspired rhymes and trunk-ratting beats reverberating from Harlem to New Orleans. Featuring appearances by Styles P and Dave East, Prestige Worldwide is now receiving a new vinyl release via GoodTalk and Nature Sounds after years out of print.\" \/>\n<meta property=\"og:url\" content=\"https:\/\/wpguerssen-test.odoo.rgbconsulting.com\/es\/producto\/prestige-worldwide\/\" \/>\n<meta property=\"og:site_name\" content=\"Guerssen records\" \/>\n<meta property=\"article:modified_time\" content=\"2025-02-28T12:49:41+00:00\" \/>\n<meta property=\"og:image\" content=\"https:\/\/wpguerssen-test.odoo.rgbconsulting.com\/wp-content\/uploads\/2025\/01\/49619.jpg\" \/>\n\t<meta property=\"og:image:width\" content=\"402\" \/>\n\t<meta property=\"og:image:height\" content=\"402\" \/>\n\t<meta property=\"og:image:type\" content=\"image\/jpeg\" \/>\n<meta name=\"twitter:card\" content=\"summary_large_image\" \/>\n<meta name=\"twitter:title\" content=\"SMOKE DZA &amp; CURRENSY - Prestige Worldwide -  (LP) | Guerssen\" \/>\n<meta name=\"twitter:label1\" content=\"Tiempo de lectura\" \/>\n\t<meta name=\"twitter:data1\" content=\"1 minuto\" \/>\n<script type=\"application\/ld+json\" class=\"yoast-schema-graph\">{\"@context\":\"https:\/\/schema.org\",\"@graph\":[{\"@type\":\"WebPage\",\"@id\":\"https:\/\/wpguerssen-test.odoo.rgbconsulting.com\/es\/producto\/prestige-worldwide\/\",\"url\":\"https:\/\/wpguerssen-test.odoo.rgbconsulting.com\/es\/producto\/prestige-worldwide\/\",\"name\":\"SMOKE DZA & CURRENSY - Prestige Worldwide - (LP) | Guerssen\",\"isPartOf\":{\"@id\":\"https:\/\/wpguerssen-test.odoo.rgbconsulting.com\/es\/#website\"},\"primaryImageOfPage\":{\"@id\":\"https:\/\/wpguerssen-test.odoo.rgbconsulting.com\/es\/producto\/prestige-worldwide\/#primaryimage\"},\"image\":{\"@id\":\"https:\/\/wpguerssen-test.odoo.rgbconsulting.com\/es\/producto\/prestige-worldwide\/#primaryimage\"},\"thumbnailUrl\":\"https:\/\/wpguerssen-test.odoo.rgbconsulting.com\/wp-content\/uploads\/2025\/01\/49619.jpg\",\"datePublished\":\"2025-02-27T23:00:00+00:00\",\"dateModified\":\"2025-02-28T12:49:41+00:00\",\"description\":\"As the first decade of the 21st century came to a close, a new generation of hip-hop artists began to emerge, leveraging the power of digital mixtapes to capture the attention of listeners around the globe. With deceptively intricate flows bringing smoke-filled visions to life, two of the leading lights in this rap renaissance were Smoke DZA and Curren$y. These talented artists both released breakthrough projects in 2009 before ascending to even greater heights, including Billboard-chartingalbums, high-profile collaborations, extensive touring, and joint projects alongside Wiz Khalifa, The Alchemist, Pete Rock, Big K.R.I.T., Freddie Gibbs, Benny The Butcher, Styles P, Harry Fraud, and more. In 2019, Smoke DZA and Curren$y finally linked for a full-length release,entitled Prestige Worldwide. The two longtime collaborators bring out the best in each other on the acclaimed collection, with inspired rhymes and trunk-ratting beats reverberating from Harlem to New Orleans. Featuring appearances by Styles P and Dave East, Prestige Worldwide is now receiving a new vinyl release via GoodTalk and Nature Sounds after years out of print.\",\"breadcrumb\":{\"@id\":\"https:\/\/wpguerssen-test.odoo.rgbconsulting.com\/es\/producto\/prestige-worldwide\/#breadcrumb\"},\"inLanguage\":\"es\",\"potentialAction\":[{\"@type\":\"ReadAction\",\"target\":[\"https:\/\/wpguerssen-test.odoo.rgbconsulting.com\/es\/producto\/prestige-worldwide\/\"]}]},{\"@type\":\"ImageObject\",\"inLanguage\":\"es\",\"@id\":\"https:\/\/wpguerssen-test.odoo.rgbconsulting.com\/es\/producto\/prestige-worldwide\/#primaryimage\",\"url\":\"https:\/\/wpguerssen-test.odoo.rgbconsulting.com\/wp-content\/uploads\/2025\/01\/49619.jpg\",\"contentUrl\":\"https:\/\/wpguerssen-test.odoo.rgbconsulting.com\/wp-content\/uploads\/2025\/01\/49619.jpg\",\"width\":402,\"height\":402},{\"@type\":\"BreadcrumbList\",\"@id\":\"https:\/\/wpguerssen-test.odoo.rgbconsulting.com\/es\/producto\/prestige-worldwide\/#breadcrumb\",\"itemListElement\":[{\"@type\":\"ListItem\",\"position\":1,\"name\":\"Inicio\",\"item\":\"https:\/\/wpguerssen-test.odoo.rgbconsulting.com\/es\/\"},{\"@type\":\"ListItem\",\"position\":2,\"name\":\"Shop\",\"item\":\"https:\/\/wpguerssen-test.odoo.rgbconsulting.com\/shop\/\"},{\"@type\":\"ListItem\",\"position\":3,\"name\":\"Prestige Worldwide\"}]},{\"@type\":\"WebSite\",\"@id\":\"https:\/\/wpguerssen-test.odoo.rgbconsulting.com\/es\/#website\",\"url\":\"https:\/\/wpguerssen-test.odoo.rgbconsulting.com\/es\/\",\"name\":\"Guerssen records\",\"description\":\"psychedelia - progressive - folk - garage \",\"publisher\":{\"@id\":\"https:\/\/wpguerssen-test.odoo.rgbconsulting.com\/es\/#organization\"},\"potentialAction\":[{\"@type\":\"SearchAction\",\"target\":{\"@type\":\"EntryPoint\",\"urlTemplate\":\"https:\/\/wpguerssen-test.odoo.rgbconsulting.com\/es\/?s={search_term_string}\"},\"query-input\":{\"@type\":\"PropertyValueSpecification\",\"valueRequired\":true,\"valueName\":\"search_term_string\"}}],\"inLanguage\":\"es\"},{\"@type\":\"Organization\",\"@id\":\"https:\/\/wpguerssen-test.odoo.rgbconsulting.com\/es\/#organization\",\"name\":\"Guerssen records\",\"url\":\"https:\/\/wpguerssen-test.odoo.rgbconsulting.com\/es\/\",\"logo\":{\"@type\":\"ImageObject\",\"inLanguage\":\"es\",\"@id\":\"https:\/\/wpguerssen-test.odoo.rgbconsulting.com\/es\/#\/schema\/logo\/image\/\",\"url\":\"https:\/\/wpguerssen-test.odoo.rgbconsulting.com\/wp-content\/uploads\/2022\/04\/Logo_Guerssen_trans_100.png\",\"contentUrl\":\"https:\/\/wpguerssen-test.odoo.rgbconsulting.com\/wp-content\/uploads\/2022\/04\/Logo_Guerssen_trans_100.png\",\"width\":122,\"height\":100,\"caption\":\"Guerssen records\"},\"image\":{\"@id\":\"https:\/\/wpguerssen-test.odoo.rgbconsulting.com\/es\/#\/schema\/logo\/image\/\"}}]}<\/script>\n<!-- \/ Yoast SEO plugin. -->","yoast_head_json":{"title":"SMOKE DZA & CURRENSY - Prestige Worldwide -  (LP) | Guerssen","description":"As the first decade of the 21st century came to a close, a new generation of hip-hop artists began to emerge, leveraging the power of digital mixtapes to capture the attention of listeners around the globe. With deceptively intricate flows bringing smoke-filled visions to life, two of the leading lights in this rap renaissance were Smoke DZA and Curren$y. These talented artists both released breakthrough projects in 2009 before ascending to even greater heights, including Billboard-chartingalbums, high-profile collaborations, extensive touring, and joint projects alongside Wiz Khalifa, The Alchemist, Pete Rock, Big K.R.I.T., Freddie Gibbs, Benny The Butcher, Styles P, Harry Fraud, and more. In 2019, Smoke DZA and Curren$y finally linked for a full-length release,entitled Prestige Worldwide. The two longtime collaborators bring out the best in each other on the acclaimed collection, with inspired rhymes and trunk-ratting beats reverberating from Harlem to New Orleans. Featuring appearances by Styles P and Dave East, Prestige Worldwide is now receiving a new vinyl release via GoodTalk and Nature Sounds after years out of print.","robots":{"index":"index","follow":"follow","max-snippet":"max-snippet:-1","max-image-preview":"max-image-preview:large","max-video-preview":"max-video-preview:-1"},"canonical":"https:\/\/wpguerssen-test.odoo.rgbconsulting.com\/es\/producto\/prestige-worldwide\/","og_locale":"es_ES","og_type":"article","og_title":"SMOKE DZA & CURRENSY - Prestige Worldwide -  (LP) | Guerssen","og_description":"As the first decade of the 21st century came to a close, a new generation of hip-hop artists began to emerge, leveraging the power of digital mixtapes to capture the attention of listeners around the globe. With deceptively intricate flows bringing smoke-filled visions to life, two of the leading lights in this rap renaissance were Smoke DZA and Curren$y. These talented artists both released breakthrough projects in 2009 before ascending to even greater heights, including Billboard-chartingalbums, high-profile collaborations, extensive touring, and joint projects alongside Wiz Khalifa, The Alchemist, Pete Rock, Big K.R.I.T., Freddie Gibbs, Benny The Butcher, Styles P, Harry Fraud, and more. In 2019, Smoke DZA and Curren$y finally linked for a full-length release,entitled Prestige Worldwide. The two longtime collaborators bring out the best in each other on the acclaimed collection, with inspired rhymes and trunk-ratting beats reverberating from Harlem to New Orleans. Featuring appearances by Styles P and Dave East, Prestige Worldwide is now receiving a new vinyl release via GoodTalk and Nature Sounds after years out of print.","og_url":"https:\/\/wpguerssen-test.odoo.rgbconsulting.com\/es\/producto\/prestige-worldwide\/","og_site_name":"Guerssen records","article_modified_time":"2025-02-28T12:49:41+00:00","og_image":[{"width":402,"height":402,"url":"https:\/\/wpguerssen-test.odoo.rgbconsulting.com\/wp-content\/uploads\/2025\/01\/49619.jpg","type":"image\/jpeg"}],"twitter_card":"summary_large_image","twitter_title":"SMOKE DZA & CURRENSY - Prestige Worldwide -  (LP) | Guerssen","twitter_misc":{"Tiempo de lectura":"1 minuto"},"schema":{"@context":"https:\/\/schema.org","@graph":[{"@type":"WebPage","@id":"https:\/\/wpguerssen-test.odoo.rgbconsulting.com\/es\/producto\/prestige-worldwide\/","url":"https:\/\/wpguerssen-test.odoo.rgbconsulting.com\/es\/producto\/prestige-worldwide\/","name":"SMOKE DZA & CURRENSY - Prestige Worldwide - (LP) | Guerssen","isPartOf":{"@id":"https:\/\/wpguerssen-test.odoo.rgbconsulting.com\/es\/#website"},"primaryImageOfPage":{"@id":"https:\/\/wpguerssen-test.odoo.rgbconsulting.com\/es\/producto\/prestige-worldwide\/#primaryimage"},"image":{"@id":"https:\/\/wpguerssen-test.odoo.rgbconsulting.com\/es\/producto\/prestige-worldwide\/#primaryimage"},"thumbnailUrl":"https:\/\/wpguerssen-test.odoo.rgbconsulting.com\/wp-content\/uploads\/2025\/01\/49619.jpg","datePublished":"2025-02-27T23:00:00+00:00","dateModified":"2025-02-28T12:49:41+00:00","description":"As the first decade of the 21st century came to a close, a new generation of hip-hop artists began to emerge, leveraging the power of digital mixtapes to capture the attention of listeners around the globe. With deceptively intricate flows bringing smoke-filled visions to life, two of the leading lights in this rap renaissance were Smoke DZA and Curren$y. These talented artists both released breakthrough projects in 2009 before ascending to even greater heights, including Billboard-chartingalbums, high-profile collaborations, extensive touring, and joint projects alongside Wiz Khalifa, The Alchemist, Pete Rock, Big K.R.I.T., Freddie Gibbs, Benny The Butcher, Styles P, Harry Fraud, and more. In 2019, Smoke DZA and Curren$y finally linked for a full-length release,entitled Prestige Worldwide. The two longtime collaborators bring out the best in each other on the acclaimed collection, with inspired rhymes and trunk-ratting beats reverberating from Harlem to New Orleans. Featuring appearances by Styles P and Dave East, Prestige Worldwide is now receiving a new vinyl release via GoodTalk and Nature Sounds after years out of print.","breadcrumb":{"@id":"https:\/\/wpguerssen-test.odoo.rgbconsulting.com\/es\/producto\/prestige-worldwide\/#breadcrumb"},"inLanguage":"es","potentialAction":[{"@type":"ReadAction","target":["https:\/\/wpguerssen-test.odoo.rgbconsulting.com\/es\/producto\/prestige-worldwide\/"]}]},{"@type":"ImageObject","inLanguage":"es","@id":"https:\/\/wpguerssen-test.odoo.rgbconsulting.com\/es\/producto\/prestige-worldwide\/#primaryimage","url":"https:\/\/wpguerssen-test.odoo.rgbconsulting.com\/wp-content\/uploads\/2025\/01\/49619.jpg","contentUrl":"https:\/\/wpguerssen-test.odoo.rgbconsulting.com\/wp-content\/uploads\/2025\/01\/49619.jpg","width":402,"height":402},{"@type":"BreadcrumbList","@id":"https:\/\/wpguerssen-test.odoo.rgbconsulting.com\/es\/producto\/prestige-worldwide\/#breadcrumb","itemListElement":[{"@type":"ListItem","position":1,"name":"Inicio","item":"https:\/\/wpguerssen-test.odoo.rgbconsulting.com\/es\/"},{"@type":"ListItem","position":2,"name":"Shop","item":"https:\/\/wpguerssen-test.odoo.rgbconsulting.com\/shop\/"},{"@type":"ListItem","position":3,"name":"Prestige Worldwide"}]},{"@type":"WebSite","@id":"https:\/\/wpguerssen-test.odoo.rgbconsulting.com\/es\/#website","url":"https:\/\/wpguerssen-test.odoo.rgbconsulting.com\/es\/","name":"Guerssen records","description":"psychedelia - progressive - folk - garage ","publisher":{"@id":"https:\/\/wpguerssen-test.odoo.rgbconsulting.com\/es\/#organization"},"potentialAction":[{"@type":"SearchAction","target":{"@type":"EntryPoint","urlTemplate":"https:\/\/wpguerssen-test.odoo.rgbconsulting.com\/es\/?s={search_term_string}"},"query-input":{"@type":"PropertyValueSpecification","valueRequired":true,"valueName":"search_term_string"}}],"inLanguage":"es"},{"@type":"Organization","@id":"https:\/\/wpguerssen-test.odoo.rgbconsulting.com\/es\/#organization","name":"Guerssen records","url":"https:\/\/wpguerssen-test.odoo.rgbconsulting.com\/es\/","logo":{"@type":"ImageObject","inLanguage":"es","@id":"https:\/\/wpguerssen-test.odoo.rgbconsulting.com\/es\/#\/schema\/logo\/image\/","url":"https:\/\/wpguerssen-test.odoo.rgbconsulting.com\/wp-content\/uploads\/2022\/04\/Logo_Guerssen_trans_100.png","contentUrl":"https:\/\/wpguerssen-test.odoo.rgbconsulting.com\/wp-content\/uploads\/2022\/04\/Logo_Guerssen_trans_100.png","width":122,"height":100,"caption":"Guerssen records"},"image":{"@id":"https:\/\/wpguerssen-test.odoo.rgbconsulting.com\/es\/#\/schema\/logo\/image\/"}}]}},"_links":{"self":[{"href":"https:\/\/wpguerssen-test.odoo.rgbconsulting.com\/es\/wp-json\/wp\/v2\/product\/281883","targetHints":{"allow":["GET"]}}],"collection":[{"href":"https:\/\/wpguerssen-test.odoo.rgbconsulting.com\/es\/wp-json\/wp\/v2\/product"}],"about":[{"href":"https:\/\/wpguerssen-test.odoo.rgbconsulting.com\/es\/wp-json\/wp\/v2\/types\/product"}],"wp:featuredmedia":[{"embeddable":true,"href":"https:\/\/wpguerssen-test.odoo.rgbconsulting.com\/es\/wp-json\/wp\/v2\/media\/281821"}],"wp:attachment":[{"href":"https:\/\/wpguerssen-test.odoo.rgbconsulting.com\/es\/wp-json\/wp\/v2\/media?parent=281883"}],"wp:term":[{"taxonomy":"product_brand","embeddable":true,"href":"https:\/\/wpguerssen-test.odoo.rgbconsulting.com\/es\/wp-json\/wp\/v2\/product_brand?post=281883"},{"taxonomy":"product_cat","embeddable":true,"href":"https:\/\/wpguerssen-test.odoo.rgbconsulting.com\/es\/wp-json\/wp\/v2\/product_cat?post=281883"},{"taxonomy":"product_tag","embeddable":true,"href":"https:\/\/wpguerssen-test.odoo.rgbconsulting.com\/es\/wp-json\/wp\/v2\/product_tag?post=281883"}],"curies":[{"name":"wp","href":"https:\/\/api.w.org\/{rel}","templated":true}]}}