{"id":281890,"date":"2025-02-19T00:00:00","date_gmt":"2025-02-18T23:00:00","guid":{"rendered":"https:\/\/wpguerssen-test.odoo.rgbconsulting.com\/product\/hairy-mountain\/"},"modified":"2025-04-15T13:59:22","modified_gmt":"2025-04-15T11:59:22","slug":"hairy-mountain","status":"publish","type":"product","link":"https:\/\/wpguerssen-test.odoo.rgbconsulting.com\/es\/producto\/hairy-mountain\/","title":{"rendered":"Hairy Mountain"},"content":{"rendered":"<p>\u00abEl \u00e1lbum que sigue al debut de Datura4 en 2015, Demon Blues, muestra claramente que tiene un dominio firme del rock psicod\u00e9lico de garaje y el blues rock progresivo\u00bb. &#8211; CLASSIC ROCK<br \/>\u00abSe construye en la verdadera forma del rock psicod\u00e9lico de los a\u00f1os 70, pasando de la agitaci\u00f3n liderada por la guitarra a los claros de reflexi\u00f3n del shoegaze\u00bb. &#8211; ROLLING STONE AU<br \/>\u00abDatura4 ha aprendido la primera lecci\u00f3n del blues rock: si tienes un tono de guitarra asesino, ya has tomado la delantera\u00bb. &#8211; GLACIALLY MUSICAL<br \/>Bas\u00e1ndose en el enfoque de \u00abguitarras hasta el infinito\u00bb del aclamado LP debut de Datura4, \u00abDemon Blues\u00bb, \u00abHairy Mountain\u00bb son diez temas s\u00f3lidos que celebran una alegr\u00eda desenfrenada por el rock &#8216;n&#8217; roll con un gui\u00f1o a la presencia espiritual de sus antepasados \u00bf\u00bfpeludos del Rock. Hairy Mountain es la culminaci\u00f3n de toda una vida de arqueolog\u00eda musical y la b\u00fasqueda continua del riff interminable.<\/p>\n","protected":false},"excerpt":{"rendered":"<p>\u00abEl \u00e1lbum que sigue al debut de Datura4 en 2015, Demon Blues, muestra claramente que tiene un dominio firme del rock psicod\u00e9lico de garaje y el blues rock progresivo\u00bb.<a class=\"read\" href=\"https:\/\/wpguerssen-test.odoo.rgbconsulting.com\/es\/producto\/hairy-mountain\/\"> (...)<\/a>","protected":false},"featured_media":281842,"template":"","meta":{"_acf_changed":false},"product_brand":[],"product_cat":[21659],"product_tag":[24189],"class_list":{"0":"post-281890","1":"product","2":"type-product","3":"status-publish","4":"has-post-thumbnail","6":"product_cat-psychedelic00s-now-es","7":"product_tag-recien-llegadas","8":"pa_artist-datura-4","9":"pa_format-lp-es","10":"pa_gender-psychedelic00s-now","11":"pa_label-alive","12":"pa_location-australia-nz-es","13":"pa_other-filters-vinyl-only-es","15":"first","16":"instock","17":"taxable","18":"shipping-taxable","19":"purchasable","20":"product-type-simple"},"acf":[],"yoast_head":"<!-- This site is optimized with the Yoast SEO plugin v24.9 - https:\/\/yoast.com\/wordpress\/plugins\/seo\/ -->\n<title>DATURA 4 - Hairy Mountain -  (LP) | Guerssen<\/title>\n<meta name=\"description\" content=\"&quot;Datura4&#039;s follow-up to 2015&#039;s Demon Blues debut clearly shows, has a firm grasp on garage psych and progressive blues rock.&quot; - CLASSIC ROCK&quot;Builds in true &#039;70s psych-rock form, swirling from guitar-led turmoil to shoegaze clearings of reflection.&quot; - ROLLING STONE AU&quot;Datura4 has learned the first lesson of blues rock, if you&#039;ve got a killer guitar tone, you&#039;ve already taken the high ground.&quot; - GLACIALLY MUSICALBuilding upon the &#039;guitars to infinity&#039; approach of Datura4&#039;s acclaimed debut LP &#039;Demon Blues&#039;, &#039;Hairy Mountain&#039; is ten solid tracks celebrating an unbridled joy for rock &#039;n&#039; roll with a nod to the spiritual presence of their hairy Oz Rock forefathers. Hairy Mountain&#039; is the culmination of a lifetime of musical archaeology and the ongoing search for the never ending riff.\" \/>\n<meta name=\"robots\" content=\"index, follow, max-snippet:-1, max-image-preview:large, max-video-preview:-1\" \/>\n<link rel=\"canonical\" href=\"https:\/\/wpguerssen-test.odoo.rgbconsulting.com\/es\/producto\/hairy-mountain\/\" \/>\n<meta property=\"og:locale\" content=\"es_ES\" \/>\n<meta property=\"og:type\" content=\"article\" \/>\n<meta property=\"og:title\" content=\"DATURA 4 - Hairy Mountain -  (LP) | Guerssen\" \/>\n<meta property=\"og:description\" content=\"&quot;Datura4&#039;s follow-up to 2015&#039;s Demon Blues debut clearly shows, has a firm grasp on garage psych and progressive blues rock.&quot; - CLASSIC ROCK&quot;Builds in true &#039;70s psych-rock form, swirling from guitar-led turmoil to shoegaze clearings of reflection.&quot; - ROLLING STONE AU&quot;Datura4 has learned the first lesson of blues rock, if you&#039;ve got a killer guitar tone, you&#039;ve already taken the high ground.&quot; - GLACIALLY MUSICALBuilding upon the &#039;guitars to infinity&#039; approach of Datura4&#039;s acclaimed debut LP &#039;Demon Blues&#039;, &#039;Hairy Mountain&#039; is ten solid tracks celebrating an unbridled joy for rock &#039;n&#039; roll with a nod to the spiritual presence of their hairy Oz Rock forefathers. Hairy Mountain&#039; is the culmination of a lifetime of musical archaeology and the ongoing search for the never ending riff.\" \/>\n<meta property=\"og:url\" content=\"https:\/\/wpguerssen-test.odoo.rgbconsulting.com\/es\/producto\/hairy-mountain\/\" \/>\n<meta property=\"og:site_name\" content=\"Guerssen records\" \/>\n<meta property=\"article:modified_time\" content=\"2025-04-15T11:59:22+00:00\" \/>\n<meta property=\"og:image\" content=\"https:\/\/wpguerssen-test.odoo.rgbconsulting.com\/wp-content\/uploads\/2025\/01\/49626.jpg\" \/>\n\t<meta property=\"og:image:width\" content=\"600\" \/>\n\t<meta property=\"og:image:height\" content=\"600\" \/>\n\t<meta property=\"og:image:type\" content=\"image\/jpeg\" \/>\n<meta name=\"twitter:card\" content=\"summary_large_image\" \/>\n<meta name=\"twitter:title\" content=\"DATURA 4 - Hairy Mountain -  (LP) | Guerssen\" \/>\n<meta name=\"twitter:label1\" content=\"Tiempo de lectura\" \/>\n\t<meta name=\"twitter:data1\" content=\"1 minuto\" \/>\n<script type=\"application\/ld+json\" class=\"yoast-schema-graph\">{\"@context\":\"https:\/\/schema.org\",\"@graph\":[{\"@type\":\"WebPage\",\"@id\":\"https:\/\/wpguerssen-test.odoo.rgbconsulting.com\/es\/producto\/hairy-mountain\/\",\"url\":\"https:\/\/wpguerssen-test.odoo.rgbconsulting.com\/es\/producto\/hairy-mountain\/\",\"name\":\"DATURA 4 - Hairy Mountain - (LP) | Guerssen\",\"isPartOf\":{\"@id\":\"https:\/\/wpguerssen-test.odoo.rgbconsulting.com\/es\/#website\"},\"primaryImageOfPage\":{\"@id\":\"https:\/\/wpguerssen-test.odoo.rgbconsulting.com\/es\/producto\/hairy-mountain\/#primaryimage\"},\"image\":{\"@id\":\"https:\/\/wpguerssen-test.odoo.rgbconsulting.com\/es\/producto\/hairy-mountain\/#primaryimage\"},\"thumbnailUrl\":\"https:\/\/wpguerssen-test.odoo.rgbconsulting.com\/wp-content\/uploads\/2025\/01\/49626.jpg\",\"datePublished\":\"2025-02-18T23:00:00+00:00\",\"dateModified\":\"2025-04-15T11:59:22+00:00\",\"description\":\"\\\"Datura4's follow-up to 2015's Demon Blues debut clearly shows, has a firm grasp on garage psych and progressive blues rock.\\\" - CLASSIC ROCK\\\"Builds in true '70s psych-rock form, swirling from guitar-led turmoil to shoegaze clearings of reflection.\\\" - ROLLING STONE AU\\\"Datura4 has learned the first lesson of blues rock, if you've got a killer guitar tone, you've already taken the high ground.\\\" - GLACIALLY MUSICALBuilding upon the 'guitars to infinity' approach of Datura4's acclaimed debut LP 'Demon Blues', 'Hairy Mountain' is ten solid tracks celebrating an unbridled joy for rock 'n' roll with a nod to the spiritual presence of their hairy Oz Rock forefathers. Hairy Mountain' is the culmination of a lifetime of musical archaeology and the ongoing search for the never ending riff.\",\"breadcrumb\":{\"@id\":\"https:\/\/wpguerssen-test.odoo.rgbconsulting.com\/es\/producto\/hairy-mountain\/#breadcrumb\"},\"inLanguage\":\"es\",\"potentialAction\":[{\"@type\":\"ReadAction\",\"target\":[\"https:\/\/wpguerssen-test.odoo.rgbconsulting.com\/es\/producto\/hairy-mountain\/\"]}]},{\"@type\":\"ImageObject\",\"inLanguage\":\"es\",\"@id\":\"https:\/\/wpguerssen-test.odoo.rgbconsulting.com\/es\/producto\/hairy-mountain\/#primaryimage\",\"url\":\"https:\/\/wpguerssen-test.odoo.rgbconsulting.com\/wp-content\/uploads\/2025\/01\/49626.jpg\",\"contentUrl\":\"https:\/\/wpguerssen-test.odoo.rgbconsulting.com\/wp-content\/uploads\/2025\/01\/49626.jpg\",\"width\":600,\"height\":600},{\"@type\":\"BreadcrumbList\",\"@id\":\"https:\/\/wpguerssen-test.odoo.rgbconsulting.com\/es\/producto\/hairy-mountain\/#breadcrumb\",\"itemListElement\":[{\"@type\":\"ListItem\",\"position\":1,\"name\":\"Inicio\",\"item\":\"https:\/\/wpguerssen-test.odoo.rgbconsulting.com\/es\/\"},{\"@type\":\"ListItem\",\"position\":2,\"name\":\"Shop\",\"item\":\"https:\/\/wpguerssen-test.odoo.rgbconsulting.com\/shop\/\"},{\"@type\":\"ListItem\",\"position\":3,\"name\":\"Hairy Mountain\"}]},{\"@type\":\"WebSite\",\"@id\":\"https:\/\/wpguerssen-test.odoo.rgbconsulting.com\/es\/#website\",\"url\":\"https:\/\/wpguerssen-test.odoo.rgbconsulting.com\/es\/\",\"name\":\"Guerssen records\",\"description\":\"psychedelia - progressive - folk - garage \",\"publisher\":{\"@id\":\"https:\/\/wpguerssen-test.odoo.rgbconsulting.com\/es\/#organization\"},\"potentialAction\":[{\"@type\":\"SearchAction\",\"target\":{\"@type\":\"EntryPoint\",\"urlTemplate\":\"https:\/\/wpguerssen-test.odoo.rgbconsulting.com\/es\/?s={search_term_string}\"},\"query-input\":{\"@type\":\"PropertyValueSpecification\",\"valueRequired\":true,\"valueName\":\"search_term_string\"}}],\"inLanguage\":\"es\"},{\"@type\":\"Organization\",\"@id\":\"https:\/\/wpguerssen-test.odoo.rgbconsulting.com\/es\/#organization\",\"name\":\"Guerssen records\",\"url\":\"https:\/\/wpguerssen-test.odoo.rgbconsulting.com\/es\/\",\"logo\":{\"@type\":\"ImageObject\",\"inLanguage\":\"es\",\"@id\":\"https:\/\/wpguerssen-test.odoo.rgbconsulting.com\/es\/#\/schema\/logo\/image\/\",\"url\":\"https:\/\/wpguerssen-test.odoo.rgbconsulting.com\/wp-content\/uploads\/2022\/04\/Logo_Guerssen_trans_100.png\",\"contentUrl\":\"https:\/\/wpguerssen-test.odoo.rgbconsulting.com\/wp-content\/uploads\/2022\/04\/Logo_Guerssen_trans_100.png\",\"width\":122,\"height\":100,\"caption\":\"Guerssen records\"},\"image\":{\"@id\":\"https:\/\/wpguerssen-test.odoo.rgbconsulting.com\/es\/#\/schema\/logo\/image\/\"}}]}<\/script>\n<!-- \/ Yoast SEO plugin. -->","yoast_head_json":{"title":"DATURA 4 - Hairy Mountain -  (LP) | Guerssen","description":"\"Datura4's follow-up to 2015's Demon Blues debut clearly shows, has a firm grasp on garage psych and progressive blues rock.\" - CLASSIC ROCK\"Builds in true '70s psych-rock form, swirling from guitar-led turmoil to shoegaze clearings of reflection.\" - ROLLING STONE AU\"Datura4 has learned the first lesson of blues rock, if you've got a killer guitar tone, you've already taken the high ground.\" - GLACIALLY MUSICALBuilding upon the 'guitars to infinity' approach of Datura4's acclaimed debut LP 'Demon Blues', 'Hairy Mountain' is ten solid tracks celebrating an unbridled joy for rock 'n' roll with a nod to the spiritual presence of their hairy Oz Rock forefathers. Hairy Mountain' is the culmination of a lifetime of musical archaeology and the ongoing search for the never ending riff.","robots":{"index":"index","follow":"follow","max-snippet":"max-snippet:-1","max-image-preview":"max-image-preview:large","max-video-preview":"max-video-preview:-1"},"canonical":"https:\/\/wpguerssen-test.odoo.rgbconsulting.com\/es\/producto\/hairy-mountain\/","og_locale":"es_ES","og_type":"article","og_title":"DATURA 4 - Hairy Mountain -  (LP) | Guerssen","og_description":"\"Datura4's follow-up to 2015's Demon Blues debut clearly shows, has a firm grasp on garage psych and progressive blues rock.\" - CLASSIC ROCK\"Builds in true '70s psych-rock form, swirling from guitar-led turmoil to shoegaze clearings of reflection.\" - ROLLING STONE AU\"Datura4 has learned the first lesson of blues rock, if you've got a killer guitar tone, you've already taken the high ground.\" - GLACIALLY MUSICALBuilding upon the 'guitars to infinity' approach of Datura4's acclaimed debut LP 'Demon Blues', 'Hairy Mountain' is ten solid tracks celebrating an unbridled joy for rock 'n' roll with a nod to the spiritual presence of their hairy Oz Rock forefathers. Hairy Mountain' is the culmination of a lifetime of musical archaeology and the ongoing search for the never ending riff.","og_url":"https:\/\/wpguerssen-test.odoo.rgbconsulting.com\/es\/producto\/hairy-mountain\/","og_site_name":"Guerssen records","article_modified_time":"2025-04-15T11:59:22+00:00","og_image":[{"width":600,"height":600,"url":"https:\/\/wpguerssen-test.odoo.rgbconsulting.com\/wp-content\/uploads\/2025\/01\/49626.jpg","type":"image\/jpeg"}],"twitter_card":"summary_large_image","twitter_title":"DATURA 4 - Hairy Mountain -  (LP) | Guerssen","twitter_misc":{"Tiempo de lectura":"1 minuto"},"schema":{"@context":"https:\/\/schema.org","@graph":[{"@type":"WebPage","@id":"https:\/\/wpguerssen-test.odoo.rgbconsulting.com\/es\/producto\/hairy-mountain\/","url":"https:\/\/wpguerssen-test.odoo.rgbconsulting.com\/es\/producto\/hairy-mountain\/","name":"DATURA 4 - Hairy Mountain - (LP) | Guerssen","isPartOf":{"@id":"https:\/\/wpguerssen-test.odoo.rgbconsulting.com\/es\/#website"},"primaryImageOfPage":{"@id":"https:\/\/wpguerssen-test.odoo.rgbconsulting.com\/es\/producto\/hairy-mountain\/#primaryimage"},"image":{"@id":"https:\/\/wpguerssen-test.odoo.rgbconsulting.com\/es\/producto\/hairy-mountain\/#primaryimage"},"thumbnailUrl":"https:\/\/wpguerssen-test.odoo.rgbconsulting.com\/wp-content\/uploads\/2025\/01\/49626.jpg","datePublished":"2025-02-18T23:00:00+00:00","dateModified":"2025-04-15T11:59:22+00:00","description":"\"Datura4's follow-up to 2015's Demon Blues debut clearly shows, has a firm grasp on garage psych and progressive blues rock.\" - CLASSIC ROCK\"Builds in true '70s psych-rock form, swirling from guitar-led turmoil to shoegaze clearings of reflection.\" - ROLLING STONE AU\"Datura4 has learned the first lesson of blues rock, if you've got a killer guitar tone, you've already taken the high ground.\" - GLACIALLY MUSICALBuilding upon the 'guitars to infinity' approach of Datura4's acclaimed debut LP 'Demon Blues', 'Hairy Mountain' is ten solid tracks celebrating an unbridled joy for rock 'n' roll with a nod to the spiritual presence of their hairy Oz Rock forefathers. Hairy Mountain' is the culmination of a lifetime of musical archaeology and the ongoing search for the never ending riff.","breadcrumb":{"@id":"https:\/\/wpguerssen-test.odoo.rgbconsulting.com\/es\/producto\/hairy-mountain\/#breadcrumb"},"inLanguage":"es","potentialAction":[{"@type":"ReadAction","target":["https:\/\/wpguerssen-test.odoo.rgbconsulting.com\/es\/producto\/hairy-mountain\/"]}]},{"@type":"ImageObject","inLanguage":"es","@id":"https:\/\/wpguerssen-test.odoo.rgbconsulting.com\/es\/producto\/hairy-mountain\/#primaryimage","url":"https:\/\/wpguerssen-test.odoo.rgbconsulting.com\/wp-content\/uploads\/2025\/01\/49626.jpg","contentUrl":"https:\/\/wpguerssen-test.odoo.rgbconsulting.com\/wp-content\/uploads\/2025\/01\/49626.jpg","width":600,"height":600},{"@type":"BreadcrumbList","@id":"https:\/\/wpguerssen-test.odoo.rgbconsulting.com\/es\/producto\/hairy-mountain\/#breadcrumb","itemListElement":[{"@type":"ListItem","position":1,"name":"Inicio","item":"https:\/\/wpguerssen-test.odoo.rgbconsulting.com\/es\/"},{"@type":"ListItem","position":2,"name":"Shop","item":"https:\/\/wpguerssen-test.odoo.rgbconsulting.com\/shop\/"},{"@type":"ListItem","position":3,"name":"Hairy Mountain"}]},{"@type":"WebSite","@id":"https:\/\/wpguerssen-test.odoo.rgbconsulting.com\/es\/#website","url":"https:\/\/wpguerssen-test.odoo.rgbconsulting.com\/es\/","name":"Guerssen records","description":"psychedelia - progressive - folk - garage ","publisher":{"@id":"https:\/\/wpguerssen-test.odoo.rgbconsulting.com\/es\/#organization"},"potentialAction":[{"@type":"SearchAction","target":{"@type":"EntryPoint","urlTemplate":"https:\/\/wpguerssen-test.odoo.rgbconsulting.com\/es\/?s={search_term_string}"},"query-input":{"@type":"PropertyValueSpecification","valueRequired":true,"valueName":"search_term_string"}}],"inLanguage":"es"},{"@type":"Organization","@id":"https:\/\/wpguerssen-test.odoo.rgbconsulting.com\/es\/#organization","name":"Guerssen records","url":"https:\/\/wpguerssen-test.odoo.rgbconsulting.com\/es\/","logo":{"@type":"ImageObject","inLanguage":"es","@id":"https:\/\/wpguerssen-test.odoo.rgbconsulting.com\/es\/#\/schema\/logo\/image\/","url":"https:\/\/wpguerssen-test.odoo.rgbconsulting.com\/wp-content\/uploads\/2022\/04\/Logo_Guerssen_trans_100.png","contentUrl":"https:\/\/wpguerssen-test.odoo.rgbconsulting.com\/wp-content\/uploads\/2022\/04\/Logo_Guerssen_trans_100.png","width":122,"height":100,"caption":"Guerssen records"},"image":{"@id":"https:\/\/wpguerssen-test.odoo.rgbconsulting.com\/es\/#\/schema\/logo\/image\/"}}]}},"_links":{"self":[{"href":"https:\/\/wpguerssen-test.odoo.rgbconsulting.com\/es\/wp-json\/wp\/v2\/product\/281890","targetHints":{"allow":["GET"]}}],"collection":[{"href":"https:\/\/wpguerssen-test.odoo.rgbconsulting.com\/es\/wp-json\/wp\/v2\/product"}],"about":[{"href":"https:\/\/wpguerssen-test.odoo.rgbconsulting.com\/es\/wp-json\/wp\/v2\/types\/product"}],"wp:featuredmedia":[{"embeddable":true,"href":"https:\/\/wpguerssen-test.odoo.rgbconsulting.com\/es\/wp-json\/wp\/v2\/media\/281842"}],"wp:attachment":[{"href":"https:\/\/wpguerssen-test.odoo.rgbconsulting.com\/es\/wp-json\/wp\/v2\/media?parent=281890"}],"wp:term":[{"taxonomy":"product_brand","embeddable":true,"href":"https:\/\/wpguerssen-test.odoo.rgbconsulting.com\/es\/wp-json\/wp\/v2\/product_brand?post=281890"},{"taxonomy":"product_cat","embeddable":true,"href":"https:\/\/wpguerssen-test.odoo.rgbconsulting.com\/es\/wp-json\/wp\/v2\/product_cat?post=281890"},{"taxonomy":"product_tag","embeddable":true,"href":"https:\/\/wpguerssen-test.odoo.rgbconsulting.com\/es\/wp-json\/wp\/v2\/product_tag?post=281890"}],"curies":[{"name":"wp","href":"https:\/\/api.w.org\/{rel}","templated":true}]}}