{"id":281892,"date":"2025-02-19T00:00:00","date_gmt":"2025-02-18T23:00:00","guid":{"rendered":"https:\/\/wpguerssen-test.odoo.rgbconsulting.com\/product\/relics\/"},"modified":"2025-04-16T18:28:53","modified_gmt":"2025-04-16T16:28:53","slug":"relics","status":"publish","type":"product","link":"https:\/\/wpguerssen-test.odoo.rgbconsulting.com\/es\/producto\/relics\/","title":{"rendered":"Relics"},"content":{"rendered":"<p>\u00ab\u00a1Este es un \u00e1lbum espectacular! Un gran EP de 1977 y algunas demos geniales. \u00a1Un grupo emprendedor!\u00bb &#8211;Rese\u00f1a de Discogs. \u00a1Un rock de garaje underground de Boston de los a\u00f1os 70 imprescindible! Banda anterior a Lyres, con seis temas originales de Jeff Conolly y versiones de canciones de 13th Floor Elevators (&#8216;You&#8217;re Gonna Miss Me&#8217;), Pretty Things (&#8216;Can&#8217;t Stand The Pain&#8217;) y Standells (&#8216;Barracuda&#8217;). Cuatro canciones producidas por Craig Leon, conocido m\u00e1s tarde por su trabajo con los Ramones, m\u00e1s cinco demos de 4 temas \u00e1speros y salvajes. La versi\u00f3n de DMZ de &#8216;Barracuda&#8217; de Standells es mi versi\u00f3n favorita. Nadie se ha acercado tanto a esta. El ahora (no entonces) est\u00e1ndar conocido de 13th Floor Elevators, &#8216;You&#8217;re Gonna Miss Me&#8217;, est\u00e1 lleno de speed y anfetaminas, y no olvides que Monster Magnet rob\u00f3 la introducci\u00f3n de &#8216;Busy Man&#8217; para su \u00e9xito &#8216;Powertrip&#8217;. \u00abCan&#8217;t Stand The Pain\u00bb es el cl\u00e1sico de Pretty Things y \u00bfqui\u00e9n puede pasar por alto la vi\u00f1eta punk escrita por Conolly \u00abLift Up Your Hood\u00bb? \u00bfGuitarras? Trituradoras. \u00bf\u00d3rgano? Bueno. \u00bfCantante? Abrasivo, crudo, grosero. \u00bfBater\u00eda? Contundente. \u00a1Excelente!<\/p>\n","protected":false},"excerpt":{"rendered":"<p>\u00ab\u00a1Este es un \u00e1lbum espectacular! Un gran EP de 1977 y algunas demos geniales. \u00a1Un grupo emprendedor!\u00bb &#8211;Rese\u00f1a de Discogs. \u00a1Un rock de garaje underground<a class=\"read\" href=\"https:\/\/wpguerssen-test.odoo.rgbconsulting.com\/es\/producto\/relics\/\"> (...)<\/a>","protected":false},"featured_media":281848,"template":"","meta":{"_acf_changed":false},"product_brand":[],"product_cat":[23281],"product_tag":[24189],"class_list":{"0":"post-281892","1":"product","2":"type-product","3":"status-publish","4":"has-post-thumbnail","6":"product_cat-garagebeatrnb60-70-es","7":"product_tag-recien-llegadas","8":"pa_artist-dmz","9":"pa_format-lp-es","10":"pa_gender-garage-beat-rnb60-70-garagebeatrnb60-70","11":"pa_label-voxx","12":"pa_location-north-america-es","13":"pa_other-filters-vinyl-only-es","15":"first","16":"instock","17":"taxable","18":"shipping-taxable","19":"purchasable","20":"product-type-simple"},"acf":[],"yoast_head":"<!-- This site is optimized with the Yoast SEO plugin v24.9 - https:\/\/yoast.com\/wordpress\/plugins\/seo\/ -->\n<title>DMZ - Relics -  (LP) | Guerssen<\/title>\n<meta name=\"description\" content=\"&quot;This is one helluva album! Great 1977 EP and some nice demos on the flip. A go-getter!&quot; --Discogs reviewer. Essential 70&#039;s Boston underground garage rock! Pre-Lyres band, feauturing six Jeff Conolly originals + covers of songs by the 13th Floor Elevators (&#039;You&#039;re Gonna Miss Me&#039;); the Pretty Things (&#039;Can&#039;t Stand The Pain&#039;); and the Standells (&#039;Barracuda&#039;). Four songs produced by Craig Leon, later known from the work he did with the Ramones plus five 4-track rough n&#039; wild demos. DMZ&#039;s version of the Standells&#039; &#039;Barracuda&#039; is my favorite version ever. No one ever got even close to this. 13th Floor Elevators&#039; well known now (not then) standard &#039;You&#039;re Gonna Miss Me&#039; is full on speed n&#039; amphetamines -- and don&#039;t forget that Monster Magnet stole &#039;Busy Man&#039;s&quot; intro for their hit &#039;Powertrip.&#039; &#039;Can&#039;t Stand The Pain&#039; is the Pretty Things classic and who ever can overlook the Conolly penned punk vignette &#039;Lift Up Your Hood&#039;? Guitars? Shredding. Organ? Good. Singer? Abrasive, raw, rude. Drums? Pounding. Excellent!\" \/>\n<meta name=\"robots\" content=\"index, follow, max-snippet:-1, max-image-preview:large, max-video-preview:-1\" \/>\n<link rel=\"canonical\" href=\"https:\/\/wpguerssen-test.odoo.rgbconsulting.com\/es\/producto\/relics\/\" \/>\n<meta property=\"og:locale\" content=\"es_ES\" \/>\n<meta property=\"og:type\" content=\"article\" \/>\n<meta property=\"og:title\" content=\"DMZ - Relics -  (LP) | Guerssen\" \/>\n<meta property=\"og:description\" content=\"&quot;This is one helluva album! Great 1977 EP and some nice demos on the flip. A go-getter!&quot; --Discogs reviewer. Essential 70&#039;s Boston underground garage rock! Pre-Lyres band, feauturing six Jeff Conolly originals + covers of songs by the 13th Floor Elevators (&#039;You&#039;re Gonna Miss Me&#039;); the Pretty Things (&#039;Can&#039;t Stand The Pain&#039;); and the Standells (&#039;Barracuda&#039;). Four songs produced by Craig Leon, later known from the work he did with the Ramones plus five 4-track rough n&#039; wild demos. DMZ&#039;s version of the Standells&#039; &#039;Barracuda&#039; is my favorite version ever. No one ever got even close to this. 13th Floor Elevators&#039; well known now (not then) standard &#039;You&#039;re Gonna Miss Me&#039; is full on speed n&#039; amphetamines -- and don&#039;t forget that Monster Magnet stole &#039;Busy Man&#039;s&quot; intro for their hit &#039;Powertrip.&#039; &#039;Can&#039;t Stand The Pain&#039; is the Pretty Things classic and who ever can overlook the Conolly penned punk vignette &#039;Lift Up Your Hood&#039;? Guitars? Shredding. Organ? Good. Singer? Abrasive, raw, rude. Drums? Pounding. Excellent!\" \/>\n<meta property=\"og:url\" content=\"https:\/\/wpguerssen-test.odoo.rgbconsulting.com\/es\/producto\/relics\/\" \/>\n<meta property=\"og:site_name\" content=\"Guerssen records\" \/>\n<meta property=\"article:modified_time\" content=\"2025-04-16T16:28:53+00:00\" \/>\n<meta property=\"og:image\" content=\"https:\/\/wpguerssen-test.odoo.rgbconsulting.com\/wp-content\/uploads\/2025\/01\/49628.jpg\" \/>\n\t<meta property=\"og:image:width\" content=\"600\" \/>\n\t<meta property=\"og:image:height\" content=\"600\" \/>\n\t<meta property=\"og:image:type\" content=\"image\/jpeg\" \/>\n<meta name=\"twitter:card\" content=\"summary_large_image\" \/>\n<meta name=\"twitter:title\" content=\"DMZ - Relics -  (LP) | Guerssen\" \/>\n<meta name=\"twitter:label1\" content=\"Tiempo de lectura\" \/>\n\t<meta name=\"twitter:data1\" content=\"1 minuto\" \/>\n<script type=\"application\/ld+json\" class=\"yoast-schema-graph\">{\"@context\":\"https:\/\/schema.org\",\"@graph\":[{\"@type\":\"WebPage\",\"@id\":\"https:\/\/wpguerssen-test.odoo.rgbconsulting.com\/es\/producto\/relics\/\",\"url\":\"https:\/\/wpguerssen-test.odoo.rgbconsulting.com\/es\/producto\/relics\/\",\"name\":\"DMZ - Relics - (LP) | Guerssen\",\"isPartOf\":{\"@id\":\"https:\/\/wpguerssen-test.odoo.rgbconsulting.com\/es\/#website\"},\"primaryImageOfPage\":{\"@id\":\"https:\/\/wpguerssen-test.odoo.rgbconsulting.com\/es\/producto\/relics\/#primaryimage\"},\"image\":{\"@id\":\"https:\/\/wpguerssen-test.odoo.rgbconsulting.com\/es\/producto\/relics\/#primaryimage\"},\"thumbnailUrl\":\"https:\/\/wpguerssen-test.odoo.rgbconsulting.com\/wp-content\/uploads\/2025\/01\/49628.jpg\",\"datePublished\":\"2025-02-18T23:00:00+00:00\",\"dateModified\":\"2025-04-16T16:28:53+00:00\",\"description\":\"\\\"This is one helluva album! Great 1977 EP and some nice demos on the flip. A go-getter!\\\" --Discogs reviewer. Essential 70's Boston underground garage rock! Pre-Lyres band, feauturing six Jeff Conolly originals + covers of songs by the 13th Floor Elevators ('You're Gonna Miss Me'); the Pretty Things ('Can't Stand The Pain'); and the Standells ('Barracuda'). Four songs produced by Craig Leon, later known from the work he did with the Ramones plus five 4-track rough n' wild demos. DMZ's version of the Standells' 'Barracuda' is my favorite version ever. No one ever got even close to this. 13th Floor Elevators' well known now (not then) standard 'You're Gonna Miss Me' is full on speed n' amphetamines -- and don't forget that Monster Magnet stole 'Busy Man's\\\" intro for their hit 'Powertrip.' 'Can't Stand The Pain' is the Pretty Things classic and who ever can overlook the Conolly penned punk vignette 'Lift Up Your Hood'? Guitars? Shredding. Organ? Good. Singer? Abrasive, raw, rude. Drums? Pounding. Excellent!\",\"breadcrumb\":{\"@id\":\"https:\/\/wpguerssen-test.odoo.rgbconsulting.com\/es\/producto\/relics\/#breadcrumb\"},\"inLanguage\":\"es\",\"potentialAction\":[{\"@type\":\"ReadAction\",\"target\":[\"https:\/\/wpguerssen-test.odoo.rgbconsulting.com\/es\/producto\/relics\/\"]}]},{\"@type\":\"ImageObject\",\"inLanguage\":\"es\",\"@id\":\"https:\/\/wpguerssen-test.odoo.rgbconsulting.com\/es\/producto\/relics\/#primaryimage\",\"url\":\"https:\/\/wpguerssen-test.odoo.rgbconsulting.com\/wp-content\/uploads\/2025\/01\/49628.jpg\",\"contentUrl\":\"https:\/\/wpguerssen-test.odoo.rgbconsulting.com\/wp-content\/uploads\/2025\/01\/49628.jpg\",\"width\":600,\"height\":600},{\"@type\":\"BreadcrumbList\",\"@id\":\"https:\/\/wpguerssen-test.odoo.rgbconsulting.com\/es\/producto\/relics\/#breadcrumb\",\"itemListElement\":[{\"@type\":\"ListItem\",\"position\":1,\"name\":\"Inicio\",\"item\":\"https:\/\/wpguerssen-test.odoo.rgbconsulting.com\/es\/\"},{\"@type\":\"ListItem\",\"position\":2,\"name\":\"Shop\",\"item\":\"https:\/\/wpguerssen-test.odoo.rgbconsulting.com\/shop\/\"},{\"@type\":\"ListItem\",\"position\":3,\"name\":\"Relics\"}]},{\"@type\":\"WebSite\",\"@id\":\"https:\/\/wpguerssen-test.odoo.rgbconsulting.com\/es\/#website\",\"url\":\"https:\/\/wpguerssen-test.odoo.rgbconsulting.com\/es\/\",\"name\":\"Guerssen records\",\"description\":\"psychedelia - progressive - folk - garage \",\"publisher\":{\"@id\":\"https:\/\/wpguerssen-test.odoo.rgbconsulting.com\/es\/#organization\"},\"potentialAction\":[{\"@type\":\"SearchAction\",\"target\":{\"@type\":\"EntryPoint\",\"urlTemplate\":\"https:\/\/wpguerssen-test.odoo.rgbconsulting.com\/es\/?s={search_term_string}\"},\"query-input\":{\"@type\":\"PropertyValueSpecification\",\"valueRequired\":true,\"valueName\":\"search_term_string\"}}],\"inLanguage\":\"es\"},{\"@type\":\"Organization\",\"@id\":\"https:\/\/wpguerssen-test.odoo.rgbconsulting.com\/es\/#organization\",\"name\":\"Guerssen records\",\"url\":\"https:\/\/wpguerssen-test.odoo.rgbconsulting.com\/es\/\",\"logo\":{\"@type\":\"ImageObject\",\"inLanguage\":\"es\",\"@id\":\"https:\/\/wpguerssen-test.odoo.rgbconsulting.com\/es\/#\/schema\/logo\/image\/\",\"url\":\"https:\/\/wpguerssen-test.odoo.rgbconsulting.com\/wp-content\/uploads\/2022\/04\/Logo_Guerssen_trans_100.png\",\"contentUrl\":\"https:\/\/wpguerssen-test.odoo.rgbconsulting.com\/wp-content\/uploads\/2022\/04\/Logo_Guerssen_trans_100.png\",\"width\":122,\"height\":100,\"caption\":\"Guerssen records\"},\"image\":{\"@id\":\"https:\/\/wpguerssen-test.odoo.rgbconsulting.com\/es\/#\/schema\/logo\/image\/\"}}]}<\/script>\n<!-- \/ Yoast SEO plugin. -->","yoast_head_json":{"title":"DMZ - Relics -  (LP) | Guerssen","description":"\"This is one helluva album! Great 1977 EP and some nice demos on the flip. A go-getter!\" --Discogs reviewer. Essential 70's Boston underground garage rock! Pre-Lyres band, feauturing six Jeff Conolly originals + covers of songs by the 13th Floor Elevators ('You're Gonna Miss Me'); the Pretty Things ('Can't Stand The Pain'); and the Standells ('Barracuda'). Four songs produced by Craig Leon, later known from the work he did with the Ramones plus five 4-track rough n' wild demos. DMZ's version of the Standells' 'Barracuda' is my favorite version ever. No one ever got even close to this. 13th Floor Elevators' well known now (not then) standard 'You're Gonna Miss Me' is full on speed n' amphetamines -- and don't forget that Monster Magnet stole 'Busy Man's\" intro for their hit 'Powertrip.' 'Can't Stand The Pain' is the Pretty Things classic and who ever can overlook the Conolly penned punk vignette 'Lift Up Your Hood'? Guitars? Shredding. Organ? Good. Singer? Abrasive, raw, rude. Drums? Pounding. Excellent!","robots":{"index":"index","follow":"follow","max-snippet":"max-snippet:-1","max-image-preview":"max-image-preview:large","max-video-preview":"max-video-preview:-1"},"canonical":"https:\/\/wpguerssen-test.odoo.rgbconsulting.com\/es\/producto\/relics\/","og_locale":"es_ES","og_type":"article","og_title":"DMZ - Relics -  (LP) | Guerssen","og_description":"\"This is one helluva album! Great 1977 EP and some nice demos on the flip. A go-getter!\" --Discogs reviewer. Essential 70's Boston underground garage rock! Pre-Lyres band, feauturing six Jeff Conolly originals + covers of songs by the 13th Floor Elevators ('You're Gonna Miss Me'); the Pretty Things ('Can't Stand The Pain'); and the Standells ('Barracuda'). Four songs produced by Craig Leon, later known from the work he did with the Ramones plus five 4-track rough n' wild demos. DMZ's version of the Standells' 'Barracuda' is my favorite version ever. No one ever got even close to this. 13th Floor Elevators' well known now (not then) standard 'You're Gonna Miss Me' is full on speed n' amphetamines -- and don't forget that Monster Magnet stole 'Busy Man's\" intro for their hit 'Powertrip.' 'Can't Stand The Pain' is the Pretty Things classic and who ever can overlook the Conolly penned punk vignette 'Lift Up Your Hood'? Guitars? Shredding. Organ? Good. Singer? Abrasive, raw, rude. Drums? Pounding. Excellent!","og_url":"https:\/\/wpguerssen-test.odoo.rgbconsulting.com\/es\/producto\/relics\/","og_site_name":"Guerssen records","article_modified_time":"2025-04-16T16:28:53+00:00","og_image":[{"width":600,"height":600,"url":"https:\/\/wpguerssen-test.odoo.rgbconsulting.com\/wp-content\/uploads\/2025\/01\/49628.jpg","type":"image\/jpeg"}],"twitter_card":"summary_large_image","twitter_title":"DMZ - Relics -  (LP) | Guerssen","twitter_misc":{"Tiempo de lectura":"1 minuto"},"schema":{"@context":"https:\/\/schema.org","@graph":[{"@type":"WebPage","@id":"https:\/\/wpguerssen-test.odoo.rgbconsulting.com\/es\/producto\/relics\/","url":"https:\/\/wpguerssen-test.odoo.rgbconsulting.com\/es\/producto\/relics\/","name":"DMZ - Relics - (LP) | Guerssen","isPartOf":{"@id":"https:\/\/wpguerssen-test.odoo.rgbconsulting.com\/es\/#website"},"primaryImageOfPage":{"@id":"https:\/\/wpguerssen-test.odoo.rgbconsulting.com\/es\/producto\/relics\/#primaryimage"},"image":{"@id":"https:\/\/wpguerssen-test.odoo.rgbconsulting.com\/es\/producto\/relics\/#primaryimage"},"thumbnailUrl":"https:\/\/wpguerssen-test.odoo.rgbconsulting.com\/wp-content\/uploads\/2025\/01\/49628.jpg","datePublished":"2025-02-18T23:00:00+00:00","dateModified":"2025-04-16T16:28:53+00:00","description":"\"This is one helluva album! Great 1977 EP and some nice demos on the flip. A go-getter!\" --Discogs reviewer. Essential 70's Boston underground garage rock! Pre-Lyres band, feauturing six Jeff Conolly originals + covers of songs by the 13th Floor Elevators ('You're Gonna Miss Me'); the Pretty Things ('Can't Stand The Pain'); and the Standells ('Barracuda'). Four songs produced by Craig Leon, later known from the work he did with the Ramones plus five 4-track rough n' wild demos. DMZ's version of the Standells' 'Barracuda' is my favorite version ever. No one ever got even close to this. 13th Floor Elevators' well known now (not then) standard 'You're Gonna Miss Me' is full on speed n' amphetamines -- and don't forget that Monster Magnet stole 'Busy Man's\" intro for their hit 'Powertrip.' 'Can't Stand The Pain' is the Pretty Things classic and who ever can overlook the Conolly penned punk vignette 'Lift Up Your Hood'? Guitars? Shredding. Organ? Good. Singer? Abrasive, raw, rude. Drums? Pounding. Excellent!","breadcrumb":{"@id":"https:\/\/wpguerssen-test.odoo.rgbconsulting.com\/es\/producto\/relics\/#breadcrumb"},"inLanguage":"es","potentialAction":[{"@type":"ReadAction","target":["https:\/\/wpguerssen-test.odoo.rgbconsulting.com\/es\/producto\/relics\/"]}]},{"@type":"ImageObject","inLanguage":"es","@id":"https:\/\/wpguerssen-test.odoo.rgbconsulting.com\/es\/producto\/relics\/#primaryimage","url":"https:\/\/wpguerssen-test.odoo.rgbconsulting.com\/wp-content\/uploads\/2025\/01\/49628.jpg","contentUrl":"https:\/\/wpguerssen-test.odoo.rgbconsulting.com\/wp-content\/uploads\/2025\/01\/49628.jpg","width":600,"height":600},{"@type":"BreadcrumbList","@id":"https:\/\/wpguerssen-test.odoo.rgbconsulting.com\/es\/producto\/relics\/#breadcrumb","itemListElement":[{"@type":"ListItem","position":1,"name":"Inicio","item":"https:\/\/wpguerssen-test.odoo.rgbconsulting.com\/es\/"},{"@type":"ListItem","position":2,"name":"Shop","item":"https:\/\/wpguerssen-test.odoo.rgbconsulting.com\/shop\/"},{"@type":"ListItem","position":3,"name":"Relics"}]},{"@type":"WebSite","@id":"https:\/\/wpguerssen-test.odoo.rgbconsulting.com\/es\/#website","url":"https:\/\/wpguerssen-test.odoo.rgbconsulting.com\/es\/","name":"Guerssen records","description":"psychedelia - progressive - folk - garage ","publisher":{"@id":"https:\/\/wpguerssen-test.odoo.rgbconsulting.com\/es\/#organization"},"potentialAction":[{"@type":"SearchAction","target":{"@type":"EntryPoint","urlTemplate":"https:\/\/wpguerssen-test.odoo.rgbconsulting.com\/es\/?s={search_term_string}"},"query-input":{"@type":"PropertyValueSpecification","valueRequired":true,"valueName":"search_term_string"}}],"inLanguage":"es"},{"@type":"Organization","@id":"https:\/\/wpguerssen-test.odoo.rgbconsulting.com\/es\/#organization","name":"Guerssen records","url":"https:\/\/wpguerssen-test.odoo.rgbconsulting.com\/es\/","logo":{"@type":"ImageObject","inLanguage":"es","@id":"https:\/\/wpguerssen-test.odoo.rgbconsulting.com\/es\/#\/schema\/logo\/image\/","url":"https:\/\/wpguerssen-test.odoo.rgbconsulting.com\/wp-content\/uploads\/2022\/04\/Logo_Guerssen_trans_100.png","contentUrl":"https:\/\/wpguerssen-test.odoo.rgbconsulting.com\/wp-content\/uploads\/2022\/04\/Logo_Guerssen_trans_100.png","width":122,"height":100,"caption":"Guerssen records"},"image":{"@id":"https:\/\/wpguerssen-test.odoo.rgbconsulting.com\/es\/#\/schema\/logo\/image\/"}}]}},"_links":{"self":[{"href":"https:\/\/wpguerssen-test.odoo.rgbconsulting.com\/es\/wp-json\/wp\/v2\/product\/281892","targetHints":{"allow":["GET"]}}],"collection":[{"href":"https:\/\/wpguerssen-test.odoo.rgbconsulting.com\/es\/wp-json\/wp\/v2\/product"}],"about":[{"href":"https:\/\/wpguerssen-test.odoo.rgbconsulting.com\/es\/wp-json\/wp\/v2\/types\/product"}],"wp:featuredmedia":[{"embeddable":true,"href":"https:\/\/wpguerssen-test.odoo.rgbconsulting.com\/es\/wp-json\/wp\/v2\/media\/281848"}],"wp:attachment":[{"href":"https:\/\/wpguerssen-test.odoo.rgbconsulting.com\/es\/wp-json\/wp\/v2\/media?parent=281892"}],"wp:term":[{"taxonomy":"product_brand","embeddable":true,"href":"https:\/\/wpguerssen-test.odoo.rgbconsulting.com\/es\/wp-json\/wp\/v2\/product_brand?post=281892"},{"taxonomy":"product_cat","embeddable":true,"href":"https:\/\/wpguerssen-test.odoo.rgbconsulting.com\/es\/wp-json\/wp\/v2\/product_cat?post=281892"},{"taxonomy":"product_tag","embeddable":true,"href":"https:\/\/wpguerssen-test.odoo.rgbconsulting.com\/es\/wp-json\/wp\/v2\/product_tag?post=281892"}],"curies":[{"name":"wp","href":"https:\/\/api.w.org\/{rel}","templated":true}]}}