{"id":281893,"date":"2025-02-19T00:00:00","date_gmt":"2025-02-18T23:00:00","guid":{"rendered":"https:\/\/wpguerssen-test.odoo.rgbconsulting.com\/product\/im-a-loser\/"},"modified":"2025-03-31T18:59:48","modified_gmt":"2025-03-31T16:59:48","slug":"im-a-loser","status":"publish","type":"product","link":"https:\/\/wpguerssen-test.odoo.rgbconsulting.com\/es\/producto\/im-a-loser\/","title":{"rendered":"I&#8217;m a loser"},"content":{"rendered":"<p>Originalmente lanzado en 1969 en Canyon, este disco es considerado por muchos como el MEJOR \u00c1LBUM DE DEEP SOUL de todos los tiempos. Prensaje de 180 gramos + incluye un p\u00f3ster. El \u00e1lbum tambi\u00e9n cuenta con un tal Duane Allman en la guitarra.<br \/>\u00abUna obra maestra de canto soul, composici\u00f3n y producci\u00f3n.\u00bb &#8212; FUNK MY SOUL<br \/>\u00abAunque considerado el mejor disco de deep soul de todos los tiempos por nada menos que el experto en soul Dave Godin, \u00abI&#8217;m a Loser\u00bb fue rechazado por docenas de sellos antes de que finalmente apareciera en el sello Canyon de Wally Roker. Aunque el primer sencillo, &#8216;To the Other Woman&#8217;, entr\u00f3 en el Top Ten de R&#038;B de Billboard, Canyon pronto cay\u00f3 en un desastre financiero, destruyendo el impulso comercial del \u00e1lbum..\u00bb  &#8211;ALL MUSIC<br \/>\u00abDoris ten\u00eda esta gran cualidad triste al interpretar una canci\u00f3n que solo pod\u00eda compararse con Billie Holiday. Crees que ha vivido todas las historias del \u00e1lbum\u00bb.   &#8212; SWAMP DOGG<br \/>REPRENSA EN VINILO NEGRO. DORIS DUKE I&#8217;m A Loser &#8211; MASTERIZACI\u00d3N 2013. Notas del interior del \u00e1lbum impresas por el propio Swamp Dogg en la parte posterior. (Nota: la \u00abpegatina\u00bb que aparece en la imagen es solo una imagen para el anuncio, no una pegatina real)<br \/>No puedo agregar mucho a los comentarios anteriores, pero agrego nuestra voz para confirmar todo lo dicho anteriormente. Esta es verdadera m\u00fasica Soul con \u00abS\u00bb may\u00fascula. Doris Duke no tiene una voz abrumadora, pero su convicci\u00f3n es incomparable. Sientes cada palabra que canta. La producci\u00f3n de Swamp Dogg tiene muchos toques y adornos agradables que ayudan a hacer de este un gran \u00e1lbum de soul, una joya. Si te encanta el soul cl\u00e1sico de Memphis de los a\u00f1os 60 y 70 (Bettye Swann, Candi Staton, Ann Peeples, Syl Johnson, Al Green), te encantar\u00e1 este disco.<\/p>\n","protected":false},"excerpt":{"rendered":"<p>Originalmente lanzado en 1969 en Canyon, este disco es considerado por muchos como el MEJOR \u00c1LBUM DE DEEP SOUL de todos los tiempos. Prensaje de 180 gramos + incluye<a class=\"read\" href=\"https:\/\/wpguerssen-test.odoo.rgbconsulting.com\/es\/producto\/im-a-loser\/\"> (...)<\/a>","protected":false},"featured_media":281851,"template":"","meta":{"_acf_changed":false},"product_brand":[],"product_cat":[21649],"product_tag":[24189],"class_list":{"0":"post-281893","1":"product","2":"type-product","3":"status-publish","4":"has-post-thumbnail","6":"product_cat-soul-rnb-es","7":"product_tag-recien-llegadas","8":"pa_artist-duke-doris","9":"pa_format-lp-es","10":"pa_gender-soul-rnb","11":"pa_label-alive","12":"pa_location-north-america-es","13":"pa_other-filters-vinyl-only-es","15":"first","16":"instock","17":"taxable","18":"shipping-taxable","19":"purchasable","20":"product-type-simple"},"acf":[],"yoast_head":"<!-- This site is optimized with the Yoast SEO plugin v24.9 - https:\/\/yoast.com\/wordpress\/plugins\/seo\/ -->\n<title>DUKE, Doris - I&#039;m a loser -  (LP) | Guerssen<\/title>\n<meta name=\"description\" content=\"Originally released in 1969 on Canyon, this record is now considered by many to be the GREATEST DEEP SOUL ALBUM of all time. 180 gram pressing + includes a poster. The album also features a certain Duane Allman on guitar.&quot;A masterpiece of soul singing, song writing, and production.&quot; --\u00bfFUNK MY SOUL&quot;Though considered the finest deep soul record of all time by no less than soul expert Dave Godin, &quot;I&#039;m a Loser&quot; was rejected by dozens of labels before it finally surfaced on Wally Roker&#039;s Canyon label. Although the first single, &#039;To the Other Woman,&#039; cracked Billboard&#039;s R&amp;B Top Ten, Canyon soon spiraled into financial disaster, destroying the album&#039;s commercial momentum..&quot;\u00bf --ALL MUSIC&quot;Doris had this great sad quality in delivering a song that could only be compared with Billie Holiday. You believe she has lived through every story on the album.&quot; \u00bf -- SWAMP DOGGREPRESSING ON BLACK VINYL. DORIS DUKE I&#039;m A Loser -2013 MASTERING! Liner notes by Swamp Dogg himself printed on back . (Note, the &quot;sticker&quot; that appears in the image is just an image for the ad, not a real sticker)Can&#039;t add a lot to the previous comments -- but adding our voice to confirm everything said above. This is true capital &quot;S&quot; Soul music. Doris Duke doesn&#039;t have an overwhelming voice, but her conviction is unparalleled. You feel every word she sings. The Swamp Dogg production has a lot of nice touches and embellishments that help make this a great soul album, a gem. If you love classic Memphis soul of the 60s-70s (Bettye Swann, Candi Staton, Ann Peeples, Syl Johnson, Al Green), you&#039;ll love this record.\" \/>\n<meta name=\"robots\" content=\"index, follow, max-snippet:-1, max-image-preview:large, max-video-preview:-1\" \/>\n<link rel=\"canonical\" href=\"https:\/\/wpguerssen-test.odoo.rgbconsulting.com\/es\/producto\/im-a-loser\/\" \/>\n<meta property=\"og:locale\" content=\"es_ES\" \/>\n<meta property=\"og:type\" content=\"article\" \/>\n<meta property=\"og:title\" content=\"DUKE, Doris - I&#039;m a loser -  (LP) | Guerssen\" \/>\n<meta property=\"og:description\" content=\"Originally released in 1969 on Canyon, this record is now considered by many to be the GREATEST DEEP SOUL ALBUM of all time. 180 gram pressing + includes a poster. The album also features a certain Duane Allman on guitar.&quot;A masterpiece of soul singing, song writing, and production.&quot; --\u00bfFUNK MY SOUL&quot;Though considered the finest deep soul record of all time by no less than soul expert Dave Godin, &quot;I&#039;m a Loser&quot; was rejected by dozens of labels before it finally surfaced on Wally Roker&#039;s Canyon label. Although the first single, &#039;To the Other Woman,&#039; cracked Billboard&#039;s R&amp;B Top Ten, Canyon soon spiraled into financial disaster, destroying the album&#039;s commercial momentum..&quot;\u00bf --ALL MUSIC&quot;Doris had this great sad quality in delivering a song that could only be compared with Billie Holiday. You believe she has lived through every story on the album.&quot; \u00bf -- SWAMP DOGGREPRESSING ON BLACK VINYL. DORIS DUKE I&#039;m A Loser -2013 MASTERING! Liner notes by Swamp Dogg himself printed on back . (Note, the &quot;sticker&quot; that appears in the image is just an image for the ad, not a real sticker)Can&#039;t add a lot to the previous comments -- but adding our voice to confirm everything said above. This is true capital &quot;S&quot; Soul music. Doris Duke doesn&#039;t have an overwhelming voice, but her conviction is unparalleled. You feel every word she sings. The Swamp Dogg production has a lot of nice touches and embellishments that help make this a great soul album, a gem. If you love classic Memphis soul of the 60s-70s (Bettye Swann, Candi Staton, Ann Peeples, Syl Johnson, Al Green), you&#039;ll love this record.\" \/>\n<meta property=\"og:url\" content=\"https:\/\/wpguerssen-test.odoo.rgbconsulting.com\/es\/producto\/im-a-loser\/\" \/>\n<meta property=\"og:site_name\" content=\"Guerssen records\" \/>\n<meta property=\"article:modified_time\" content=\"2025-03-31T16:59:48+00:00\" \/>\n<meta property=\"og:image\" content=\"https:\/\/wpguerssen-test.odoo.rgbconsulting.com\/wp-content\/uploads\/2025\/01\/49629.jpg\" \/>\n\t<meta property=\"og:image:width\" content=\"600\" \/>\n\t<meta property=\"og:image:height\" content=\"600\" \/>\n\t<meta property=\"og:image:type\" content=\"image\/jpeg\" \/>\n<meta name=\"twitter:card\" content=\"summary_large_image\" \/>\n<meta name=\"twitter:title\" content=\"DUKE, Doris - I&#039;m a loser -  (LP) | Guerssen\" \/>\n<meta name=\"twitter:label1\" content=\"Tiempo de lectura\" \/>\n\t<meta name=\"twitter:data1\" content=\"2 minutos\" \/>\n<script type=\"application\/ld+json\" class=\"yoast-schema-graph\">{\"@context\":\"https:\/\/schema.org\",\"@graph\":[{\"@type\":\"WebPage\",\"@id\":\"https:\/\/wpguerssen-test.odoo.rgbconsulting.com\/es\/producto\/im-a-loser\/\",\"url\":\"https:\/\/wpguerssen-test.odoo.rgbconsulting.com\/es\/producto\/im-a-loser\/\",\"name\":\"DUKE, Doris - I'm a loser - (LP) | Guerssen\",\"isPartOf\":{\"@id\":\"https:\/\/wpguerssen-test.odoo.rgbconsulting.com\/es\/#website\"},\"primaryImageOfPage\":{\"@id\":\"https:\/\/wpguerssen-test.odoo.rgbconsulting.com\/es\/producto\/im-a-loser\/#primaryimage\"},\"image\":{\"@id\":\"https:\/\/wpguerssen-test.odoo.rgbconsulting.com\/es\/producto\/im-a-loser\/#primaryimage\"},\"thumbnailUrl\":\"https:\/\/wpguerssen-test.odoo.rgbconsulting.com\/wp-content\/uploads\/2025\/01\/49629.jpg\",\"datePublished\":\"2025-02-18T23:00:00+00:00\",\"dateModified\":\"2025-03-31T16:59:48+00:00\",\"description\":\"Originally released in 1969 on Canyon, this record is now considered by many to be the GREATEST DEEP SOUL ALBUM of all time. 180 gram pressing + includes a poster. The album also features a certain Duane Allman on guitar.\\\"A masterpiece of soul singing, song writing, and production.\\\" --\u00bfFUNK MY SOUL\\\"Though considered the finest deep soul record of all time by no less than soul expert Dave Godin, \\\"I'm a Loser\\\" was rejected by dozens of labels before it finally surfaced on Wally Roker's Canyon label. Although the first single, 'To the Other Woman,' cracked Billboard's R&B Top Ten, Canyon soon spiraled into financial disaster, destroying the album's commercial momentum..\\\"\u00bf --ALL MUSIC\\\"Doris had this great sad quality in delivering a song that could only be compared with Billie Holiday. You believe she has lived through every story on the album.\\\" \u00bf -- SWAMP DOGGREPRESSING ON BLACK VINYL. DORIS DUKE I'm A Loser -2013 MASTERING! Liner notes by Swamp Dogg himself printed on back . (Note, the \\\"sticker\\\" that appears in the image is just an image for the ad, not a real sticker)Can't add a lot to the previous comments -- but adding our voice to confirm everything said above. This is true capital \\\"S\\\" Soul music. Doris Duke doesn't have an overwhelming voice, but her conviction is unparalleled. You feel every word she sings. The Swamp Dogg production has a lot of nice touches and embellishments that help make this a great soul album, a gem. If you love classic Memphis soul of the 60s-70s (Bettye Swann, Candi Staton, Ann Peeples, Syl Johnson, Al Green), you'll love this record.\",\"breadcrumb\":{\"@id\":\"https:\/\/wpguerssen-test.odoo.rgbconsulting.com\/es\/producto\/im-a-loser\/#breadcrumb\"},\"inLanguage\":\"es\",\"potentialAction\":[{\"@type\":\"ReadAction\",\"target\":[\"https:\/\/wpguerssen-test.odoo.rgbconsulting.com\/es\/producto\/im-a-loser\/\"]}]},{\"@type\":\"ImageObject\",\"inLanguage\":\"es\",\"@id\":\"https:\/\/wpguerssen-test.odoo.rgbconsulting.com\/es\/producto\/im-a-loser\/#primaryimage\",\"url\":\"https:\/\/wpguerssen-test.odoo.rgbconsulting.com\/wp-content\/uploads\/2025\/01\/49629.jpg\",\"contentUrl\":\"https:\/\/wpguerssen-test.odoo.rgbconsulting.com\/wp-content\/uploads\/2025\/01\/49629.jpg\",\"width\":600,\"height\":600,\"caption\":\"Doris - I'm a loser - ALIVE (LP) | Guerssen\"},{\"@type\":\"BreadcrumbList\",\"@id\":\"https:\/\/wpguerssen-test.odoo.rgbconsulting.com\/es\/producto\/im-a-loser\/#breadcrumb\",\"itemListElement\":[{\"@type\":\"ListItem\",\"position\":1,\"name\":\"Inicio\",\"item\":\"https:\/\/wpguerssen-test.odoo.rgbconsulting.com\/es\/\"},{\"@type\":\"ListItem\",\"position\":2,\"name\":\"Shop\",\"item\":\"https:\/\/wpguerssen-test.odoo.rgbconsulting.com\/shop\/\"},{\"@type\":\"ListItem\",\"position\":3,\"name\":\"I&#8217;m a loser\"}]},{\"@type\":\"WebSite\",\"@id\":\"https:\/\/wpguerssen-test.odoo.rgbconsulting.com\/es\/#website\",\"url\":\"https:\/\/wpguerssen-test.odoo.rgbconsulting.com\/es\/\",\"name\":\"Guerssen records\",\"description\":\"psychedelia - progressive - folk - garage \",\"publisher\":{\"@id\":\"https:\/\/wpguerssen-test.odoo.rgbconsulting.com\/es\/#organization\"},\"potentialAction\":[{\"@type\":\"SearchAction\",\"target\":{\"@type\":\"EntryPoint\",\"urlTemplate\":\"https:\/\/wpguerssen-test.odoo.rgbconsulting.com\/es\/?s={search_term_string}\"},\"query-input\":{\"@type\":\"PropertyValueSpecification\",\"valueRequired\":true,\"valueName\":\"search_term_string\"}}],\"inLanguage\":\"es\"},{\"@type\":\"Organization\",\"@id\":\"https:\/\/wpguerssen-test.odoo.rgbconsulting.com\/es\/#organization\",\"name\":\"Guerssen records\",\"url\":\"https:\/\/wpguerssen-test.odoo.rgbconsulting.com\/es\/\",\"logo\":{\"@type\":\"ImageObject\",\"inLanguage\":\"es\",\"@id\":\"https:\/\/wpguerssen-test.odoo.rgbconsulting.com\/es\/#\/schema\/logo\/image\/\",\"url\":\"https:\/\/wpguerssen-test.odoo.rgbconsulting.com\/wp-content\/uploads\/2022\/04\/Logo_Guerssen_trans_100.png\",\"contentUrl\":\"https:\/\/wpguerssen-test.odoo.rgbconsulting.com\/wp-content\/uploads\/2022\/04\/Logo_Guerssen_trans_100.png\",\"width\":122,\"height\":100,\"caption\":\"Guerssen records\"},\"image\":{\"@id\":\"https:\/\/wpguerssen-test.odoo.rgbconsulting.com\/es\/#\/schema\/logo\/image\/\"}}]}<\/script>\n<!-- \/ Yoast SEO plugin. -->","yoast_head_json":{"title":"DUKE, Doris - I'm a loser -  (LP) | Guerssen","description":"Originally released in 1969 on Canyon, this record is now considered by many to be the GREATEST DEEP SOUL ALBUM of all time. 180 gram pressing + includes a poster. The album also features a certain Duane Allman on guitar.\"A masterpiece of soul singing, song writing, and production.\" --\u00bfFUNK MY SOUL\"Though considered the finest deep soul record of all time by no less than soul expert Dave Godin, \"I'm a Loser\" was rejected by dozens of labels before it finally surfaced on Wally Roker's Canyon label. Although the first single, 'To the Other Woman,' cracked Billboard's R&B Top Ten, Canyon soon spiraled into financial disaster, destroying the album's commercial momentum..\"\u00bf --ALL MUSIC\"Doris had this great sad quality in delivering a song that could only be compared with Billie Holiday. You believe she has lived through every story on the album.\" \u00bf -- SWAMP DOGGREPRESSING ON BLACK VINYL. DORIS DUKE I'm A Loser -2013 MASTERING! Liner notes by Swamp Dogg himself printed on back . (Note, the \"sticker\" that appears in the image is just an image for the ad, not a real sticker)Can't add a lot to the previous comments -- but adding our voice to confirm everything said above. This is true capital \"S\" Soul music. Doris Duke doesn't have an overwhelming voice, but her conviction is unparalleled. You feel every word she sings. The Swamp Dogg production has a lot of nice touches and embellishments that help make this a great soul album, a gem. If you love classic Memphis soul of the 60s-70s (Bettye Swann, Candi Staton, Ann Peeples, Syl Johnson, Al Green), you'll love this record.","robots":{"index":"index","follow":"follow","max-snippet":"max-snippet:-1","max-image-preview":"max-image-preview:large","max-video-preview":"max-video-preview:-1"},"canonical":"https:\/\/wpguerssen-test.odoo.rgbconsulting.com\/es\/producto\/im-a-loser\/","og_locale":"es_ES","og_type":"article","og_title":"DUKE, Doris - I'm a loser -  (LP) | Guerssen","og_description":"Originally released in 1969 on Canyon, this record is now considered by many to be the GREATEST DEEP SOUL ALBUM of all time. 180 gram pressing + includes a poster. The album also features a certain Duane Allman on guitar.\"A masterpiece of soul singing, song writing, and production.\" --\u00bfFUNK MY SOUL\"Though considered the finest deep soul record of all time by no less than soul expert Dave Godin, \"I'm a Loser\" was rejected by dozens of labels before it finally surfaced on Wally Roker's Canyon label. Although the first single, 'To the Other Woman,' cracked Billboard's R&B Top Ten, Canyon soon spiraled into financial disaster, destroying the album's commercial momentum..\"\u00bf --ALL MUSIC\"Doris had this great sad quality in delivering a song that could only be compared with Billie Holiday. You believe she has lived through every story on the album.\" \u00bf -- SWAMP DOGGREPRESSING ON BLACK VINYL. DORIS DUKE I'm A Loser -2013 MASTERING! Liner notes by Swamp Dogg himself printed on back . (Note, the \"sticker\" that appears in the image is just an image for the ad, not a real sticker)Can't add a lot to the previous comments -- but adding our voice to confirm everything said above. This is true capital \"S\" Soul music. Doris Duke doesn't have an overwhelming voice, but her conviction is unparalleled. You feel every word she sings. The Swamp Dogg production has a lot of nice touches and embellishments that help make this a great soul album, a gem. If you love classic Memphis soul of the 60s-70s (Bettye Swann, Candi Staton, Ann Peeples, Syl Johnson, Al Green), you'll love this record.","og_url":"https:\/\/wpguerssen-test.odoo.rgbconsulting.com\/es\/producto\/im-a-loser\/","og_site_name":"Guerssen records","article_modified_time":"2025-03-31T16:59:48+00:00","og_image":[{"width":600,"height":600,"url":"https:\/\/wpguerssen-test.odoo.rgbconsulting.com\/wp-content\/uploads\/2025\/01\/49629.jpg","type":"image\/jpeg"}],"twitter_card":"summary_large_image","twitter_title":"DUKE, Doris - I'm a loser -  (LP) | Guerssen","twitter_misc":{"Tiempo de lectura":"2 minutos"},"schema":{"@context":"https:\/\/schema.org","@graph":[{"@type":"WebPage","@id":"https:\/\/wpguerssen-test.odoo.rgbconsulting.com\/es\/producto\/im-a-loser\/","url":"https:\/\/wpguerssen-test.odoo.rgbconsulting.com\/es\/producto\/im-a-loser\/","name":"DUKE, Doris - I'm a loser - (LP) | Guerssen","isPartOf":{"@id":"https:\/\/wpguerssen-test.odoo.rgbconsulting.com\/es\/#website"},"primaryImageOfPage":{"@id":"https:\/\/wpguerssen-test.odoo.rgbconsulting.com\/es\/producto\/im-a-loser\/#primaryimage"},"image":{"@id":"https:\/\/wpguerssen-test.odoo.rgbconsulting.com\/es\/producto\/im-a-loser\/#primaryimage"},"thumbnailUrl":"https:\/\/wpguerssen-test.odoo.rgbconsulting.com\/wp-content\/uploads\/2025\/01\/49629.jpg","datePublished":"2025-02-18T23:00:00+00:00","dateModified":"2025-03-31T16:59:48+00:00","description":"Originally released in 1969 on Canyon, this record is now considered by many to be the GREATEST DEEP SOUL ALBUM of all time. 180 gram pressing + includes a poster. The album also features a certain Duane Allman on guitar.\"A masterpiece of soul singing, song writing, and production.\" --\u00bfFUNK MY SOUL\"Though considered the finest deep soul record of all time by no less than soul expert Dave Godin, \"I'm a Loser\" was rejected by dozens of labels before it finally surfaced on Wally Roker's Canyon label. Although the first single, 'To the Other Woman,' cracked Billboard's R&B Top Ten, Canyon soon spiraled into financial disaster, destroying the album's commercial momentum..\"\u00bf --ALL MUSIC\"Doris had this great sad quality in delivering a song that could only be compared with Billie Holiday. You believe she has lived through every story on the album.\" \u00bf -- SWAMP DOGGREPRESSING ON BLACK VINYL. DORIS DUKE I'm A Loser -2013 MASTERING! Liner notes by Swamp Dogg himself printed on back . (Note, the \"sticker\" that appears in the image is just an image for the ad, not a real sticker)Can't add a lot to the previous comments -- but adding our voice to confirm everything said above. This is true capital \"S\" Soul music. Doris Duke doesn't have an overwhelming voice, but her conviction is unparalleled. You feel every word she sings. The Swamp Dogg production has a lot of nice touches and embellishments that help make this a great soul album, a gem. If you love classic Memphis soul of the 60s-70s (Bettye Swann, Candi Staton, Ann Peeples, Syl Johnson, Al Green), you'll love this record.","breadcrumb":{"@id":"https:\/\/wpguerssen-test.odoo.rgbconsulting.com\/es\/producto\/im-a-loser\/#breadcrumb"},"inLanguage":"es","potentialAction":[{"@type":"ReadAction","target":["https:\/\/wpguerssen-test.odoo.rgbconsulting.com\/es\/producto\/im-a-loser\/"]}]},{"@type":"ImageObject","inLanguage":"es","@id":"https:\/\/wpguerssen-test.odoo.rgbconsulting.com\/es\/producto\/im-a-loser\/#primaryimage","url":"https:\/\/wpguerssen-test.odoo.rgbconsulting.com\/wp-content\/uploads\/2025\/01\/49629.jpg","contentUrl":"https:\/\/wpguerssen-test.odoo.rgbconsulting.com\/wp-content\/uploads\/2025\/01\/49629.jpg","width":600,"height":600,"caption":"Doris - I'm a loser - ALIVE (LP) | Guerssen"},{"@type":"BreadcrumbList","@id":"https:\/\/wpguerssen-test.odoo.rgbconsulting.com\/es\/producto\/im-a-loser\/#breadcrumb","itemListElement":[{"@type":"ListItem","position":1,"name":"Inicio","item":"https:\/\/wpguerssen-test.odoo.rgbconsulting.com\/es\/"},{"@type":"ListItem","position":2,"name":"Shop","item":"https:\/\/wpguerssen-test.odoo.rgbconsulting.com\/shop\/"},{"@type":"ListItem","position":3,"name":"I&#8217;m a loser"}]},{"@type":"WebSite","@id":"https:\/\/wpguerssen-test.odoo.rgbconsulting.com\/es\/#website","url":"https:\/\/wpguerssen-test.odoo.rgbconsulting.com\/es\/","name":"Guerssen records","description":"psychedelia - progressive - folk - garage ","publisher":{"@id":"https:\/\/wpguerssen-test.odoo.rgbconsulting.com\/es\/#organization"},"potentialAction":[{"@type":"SearchAction","target":{"@type":"EntryPoint","urlTemplate":"https:\/\/wpguerssen-test.odoo.rgbconsulting.com\/es\/?s={search_term_string}"},"query-input":{"@type":"PropertyValueSpecification","valueRequired":true,"valueName":"search_term_string"}}],"inLanguage":"es"},{"@type":"Organization","@id":"https:\/\/wpguerssen-test.odoo.rgbconsulting.com\/es\/#organization","name":"Guerssen records","url":"https:\/\/wpguerssen-test.odoo.rgbconsulting.com\/es\/","logo":{"@type":"ImageObject","inLanguage":"es","@id":"https:\/\/wpguerssen-test.odoo.rgbconsulting.com\/es\/#\/schema\/logo\/image\/","url":"https:\/\/wpguerssen-test.odoo.rgbconsulting.com\/wp-content\/uploads\/2022\/04\/Logo_Guerssen_trans_100.png","contentUrl":"https:\/\/wpguerssen-test.odoo.rgbconsulting.com\/wp-content\/uploads\/2022\/04\/Logo_Guerssen_trans_100.png","width":122,"height":100,"caption":"Guerssen records"},"image":{"@id":"https:\/\/wpguerssen-test.odoo.rgbconsulting.com\/es\/#\/schema\/logo\/image\/"}}]}},"_links":{"self":[{"href":"https:\/\/wpguerssen-test.odoo.rgbconsulting.com\/es\/wp-json\/wp\/v2\/product\/281893","targetHints":{"allow":["GET"]}}],"collection":[{"href":"https:\/\/wpguerssen-test.odoo.rgbconsulting.com\/es\/wp-json\/wp\/v2\/product"}],"about":[{"href":"https:\/\/wpguerssen-test.odoo.rgbconsulting.com\/es\/wp-json\/wp\/v2\/types\/product"}],"wp:featuredmedia":[{"embeddable":true,"href":"https:\/\/wpguerssen-test.odoo.rgbconsulting.com\/es\/wp-json\/wp\/v2\/media\/281851"}],"wp:attachment":[{"href":"https:\/\/wpguerssen-test.odoo.rgbconsulting.com\/es\/wp-json\/wp\/v2\/media?parent=281893"}],"wp:term":[{"taxonomy":"product_brand","embeddable":true,"href":"https:\/\/wpguerssen-test.odoo.rgbconsulting.com\/es\/wp-json\/wp\/v2\/product_brand?post=281893"},{"taxonomy":"product_cat","embeddable":true,"href":"https:\/\/wpguerssen-test.odoo.rgbconsulting.com\/es\/wp-json\/wp\/v2\/product_cat?post=281893"},{"taxonomy":"product_tag","embeddable":true,"href":"https:\/\/wpguerssen-test.odoo.rgbconsulting.com\/es\/wp-json\/wp\/v2\/product_tag?post=281893"}],"curies":[{"name":"wp","href":"https:\/\/api.w.org\/{rel}","templated":true}]}}