{"id":281896,"date":"2025-02-19T00:00:00","date_gmt":"2025-02-18T23:00:00","guid":{"rendered":"https:\/\/wpguerssen-test.odoo.rgbconsulting.com\/product\/hypstrzation\/"},"modified":"2025-03-26T17:04:00","modified_gmt":"2025-03-26T16:04:00","slug":"hypstrzation","status":"publish","type":"product","link":"https:\/\/wpguerssen-test.odoo.rgbconsulting.com\/es\/producto\/hypstrzation\/","title":{"rendered":"Hypstrzation"},"content":{"rendered":"<p>\u00a1Interpretaciones incendiarias y duras de cl\u00e1sicos del garage de los a\u00f1os 60 con un toque punk de los a\u00f1os 70! Si la versi\u00f3n fulminante y contundente de \u00abIn the Midnight Hour\u00bb que da comienzo a este \u00e1lbum no te acelera el pulso, por citar a Louis Jordan, Jack or Jill o cualquier otra cosa, est\u00e1s muerto. RESE\u00d1A: \u00abResulta ir\u00f3nico que las bandas revivalistas de los a\u00f1os 60 a menudo produzcan discos que son tan raros y dif\u00edciles de encontrar como los discos de los que procede su material. Tal es el caso del fant\u00e1stico LP de Bomp de 1980 de esta banda del Medio Oeste, \u00abHypstrization!\u00bb. A pesar del respaldo de Bomp, el \u00e1lbum pas\u00f3 desapercibido para muchos fan\u00e1ticos ardientes del garage rock, solo para alcanzar un nivel de deseo de culto entre los coleccionistas en a\u00f1os posteriores. La banda en s\u00ed era un anacronismo, reviviendo el garage rock de mediados de los 60 en las narices del punk de finales de los 70, emocionando y confundiendo a las audiencias en los salones de fraternidades, los salones de baile locales y las boleras de todo el Medio Oeste superior. Lo que hizo que funcionara, y lo que se transmite tan claramente en estas grabaciones en vivo, es que el grupo estaba completamente comprometido con los sonidos que produc\u00eda, y el combustible de otras bandas punk (tanto locales como The Suicide Commandos como The Ramones). El garage rock es mucho m\u00e1s que una pose.\u00bb<\/p>\n","protected":false},"excerpt":{"rendered":"<p>\u00a1Interpretaciones incendiarias y duras de cl\u00e1sicos del garage de los a\u00f1os 60 con un toque punk de los a\u00f1os 70! Si la versi\u00f3n fulminante y contundente de \u00abIn<a class=\"read\" href=\"https:\/\/wpguerssen-test.odoo.rgbconsulting.com\/es\/producto\/hypstrzation\/\"> (...)<\/a>","protected":false},"featured_media":281860,"template":"","meta":{"_acf_changed":false},"product_brand":[],"product_cat":[23283],"product_tag":[24189],"class_list":{"0":"post-281896","1":"product","2":"type-product","3":"status-publish","4":"has-post-thumbnail","6":"product_cat-garagebeatrnb80-90-es","7":"product_tag-recien-llegadas","8":"pa_artist-hypstrz-the","9":"pa_format-lp-es","10":"pa_gender-garage-beat-rnb80-90-garagebeatrnb80-90","11":"pa_label-bomp","12":"pa_location-north-america-es","13":"pa_other-filters-vinyl-only-es","15":"first","16":"instock","17":"taxable","18":"shipping-taxable","19":"purchasable","20":"product-type-simple"},"acf":[],"yoast_head":"<!-- This site is optimized with the Yoast SEO plugin v24.9 - https:\/\/yoast.com\/wordpress\/plugins\/seo\/ -->\n<title>HYPSTRZ, The - Hypstrzation -  (LP) | Guerssen<\/title>\n<meta name=\"description\" content=\"Incendiary and tough &#039;70s punked out performances of &#039;60s garage classics! If their blazing stomping cover of &#039;in the Midnight Hour&#039; that kicks this off doesn&#039;t get your blood pumping, to quote Louis Jordan, jack or jill or anything else -- you dead. REVIEW: &quot;It&#039;s ironic that &#039;60s revivalist bands often produce records that are as rare and difficult to find as the records from which their material is sourced. Such is the case for this Midwest band&#039;s fantastic 1980 Bomp LP, &quot;Hypstrization!&quot; Despite the backing from Bomp, the album went unnoticed by many ardent garage rock fans, only to attain a level of cult desirability among collectors in later years. The band themselves were an anachronism, reviving mid-60s garage rock in the teeth of late-70s punk, thrilling and confounding audiences in fraternal halls, local ballrooms and bowling alleys throughout the upper Midwest. What made it work, and what comes across so clearly on these live recordings, is that the group was fully committed to the sounds they produced, and the fuel of fellow punk bands (both local like The Suicide Commandos, and god-like, such as The Ramones) made their snarling, thrashing garage rock a lot more than a pose.&quot;\" \/>\n<meta name=\"robots\" content=\"index, follow, max-snippet:-1, max-image-preview:large, max-video-preview:-1\" \/>\n<link rel=\"canonical\" href=\"https:\/\/wpguerssen-test.odoo.rgbconsulting.com\/es\/producto\/hypstrzation\/\" \/>\n<meta property=\"og:locale\" content=\"es_ES\" \/>\n<meta property=\"og:type\" content=\"article\" \/>\n<meta property=\"og:title\" content=\"HYPSTRZ, The - Hypstrzation -  (LP) | Guerssen\" \/>\n<meta property=\"og:description\" content=\"Incendiary and tough &#039;70s punked out performances of &#039;60s garage classics! If their blazing stomping cover of &#039;in the Midnight Hour&#039; that kicks this off doesn&#039;t get your blood pumping, to quote Louis Jordan, jack or jill or anything else -- you dead. REVIEW: &quot;It&#039;s ironic that &#039;60s revivalist bands often produce records that are as rare and difficult to find as the records from which their material is sourced. Such is the case for this Midwest band&#039;s fantastic 1980 Bomp LP, &quot;Hypstrization!&quot; Despite the backing from Bomp, the album went unnoticed by many ardent garage rock fans, only to attain a level of cult desirability among collectors in later years. The band themselves were an anachronism, reviving mid-60s garage rock in the teeth of late-70s punk, thrilling and confounding audiences in fraternal halls, local ballrooms and bowling alleys throughout the upper Midwest. What made it work, and what comes across so clearly on these live recordings, is that the group was fully committed to the sounds they produced, and the fuel of fellow punk bands (both local like The Suicide Commandos, and god-like, such as The Ramones) made their snarling, thrashing garage rock a lot more than a pose.&quot;\" \/>\n<meta property=\"og:url\" content=\"https:\/\/wpguerssen-test.odoo.rgbconsulting.com\/es\/producto\/hypstrzation\/\" \/>\n<meta property=\"og:site_name\" content=\"Guerssen records\" \/>\n<meta property=\"article:modified_time\" content=\"2025-03-26T16:04:00+00:00\" \/>\n<meta property=\"og:image\" content=\"https:\/\/wpguerssen-test.odoo.rgbconsulting.com\/wp-content\/uploads\/2025\/01\/49632.jpg\" \/>\n\t<meta property=\"og:image:width\" content=\"600\" \/>\n\t<meta property=\"og:image:height\" content=\"600\" \/>\n\t<meta property=\"og:image:type\" content=\"image\/jpeg\" \/>\n<meta name=\"twitter:card\" content=\"summary_large_image\" \/>\n<meta name=\"twitter:title\" content=\"HYPSTRZ, The - Hypstrzation -  (LP) | Guerssen\" \/>\n<meta name=\"twitter:label1\" content=\"Tiempo de lectura\" \/>\n\t<meta name=\"twitter:data1\" content=\"1 minuto\" \/>\n<script type=\"application\/ld+json\" class=\"yoast-schema-graph\">{\"@context\":\"https:\/\/schema.org\",\"@graph\":[{\"@type\":\"WebPage\",\"@id\":\"https:\/\/wpguerssen-test.odoo.rgbconsulting.com\/es\/producto\/hypstrzation\/\",\"url\":\"https:\/\/wpguerssen-test.odoo.rgbconsulting.com\/es\/producto\/hypstrzation\/\",\"name\":\"HYPSTRZ, The - Hypstrzation - (LP) | Guerssen\",\"isPartOf\":{\"@id\":\"https:\/\/wpguerssen-test.odoo.rgbconsulting.com\/es\/#website\"},\"primaryImageOfPage\":{\"@id\":\"https:\/\/wpguerssen-test.odoo.rgbconsulting.com\/es\/producto\/hypstrzation\/#primaryimage\"},\"image\":{\"@id\":\"https:\/\/wpguerssen-test.odoo.rgbconsulting.com\/es\/producto\/hypstrzation\/#primaryimage\"},\"thumbnailUrl\":\"https:\/\/wpguerssen-test.odoo.rgbconsulting.com\/wp-content\/uploads\/2025\/01\/49632.jpg\",\"datePublished\":\"2025-02-18T23:00:00+00:00\",\"dateModified\":\"2025-03-26T16:04:00+00:00\",\"description\":\"Incendiary and tough '70s punked out performances of '60s garage classics! If their blazing stomping cover of 'in the Midnight Hour' that kicks this off doesn't get your blood pumping, to quote Louis Jordan, jack or jill or anything else -- you dead. REVIEW: \\\"It's ironic that '60s revivalist bands often produce records that are as rare and difficult to find as the records from which their material is sourced. Such is the case for this Midwest band's fantastic 1980 Bomp LP, \\\"Hypstrization!\\\" Despite the backing from Bomp, the album went unnoticed by many ardent garage rock fans, only to attain a level of cult desirability among collectors in later years. The band themselves were an anachronism, reviving mid-60s garage rock in the teeth of late-70s punk, thrilling and confounding audiences in fraternal halls, local ballrooms and bowling alleys throughout the upper Midwest. What made it work, and what comes across so clearly on these live recordings, is that the group was fully committed to the sounds they produced, and the fuel of fellow punk bands (both local like The Suicide Commandos, and god-like, such as The Ramones) made their snarling, thrashing garage rock a lot more than a pose.\\\"\",\"breadcrumb\":{\"@id\":\"https:\/\/wpguerssen-test.odoo.rgbconsulting.com\/es\/producto\/hypstrzation\/#breadcrumb\"},\"inLanguage\":\"es\",\"potentialAction\":[{\"@type\":\"ReadAction\",\"target\":[\"https:\/\/wpguerssen-test.odoo.rgbconsulting.com\/es\/producto\/hypstrzation\/\"]}]},{\"@type\":\"ImageObject\",\"inLanguage\":\"es\",\"@id\":\"https:\/\/wpguerssen-test.odoo.rgbconsulting.com\/es\/producto\/hypstrzation\/#primaryimage\",\"url\":\"https:\/\/wpguerssen-test.odoo.rgbconsulting.com\/wp-content\/uploads\/2025\/01\/49632.jpg\",\"contentUrl\":\"https:\/\/wpguerssen-test.odoo.rgbconsulting.com\/wp-content\/uploads\/2025\/01\/49632.jpg\",\"width\":600,\"height\":600,\"caption\":\"The - Hypstrzation - BOMP! (LP) | Guerssen\"},{\"@type\":\"BreadcrumbList\",\"@id\":\"https:\/\/wpguerssen-test.odoo.rgbconsulting.com\/es\/producto\/hypstrzation\/#breadcrumb\",\"itemListElement\":[{\"@type\":\"ListItem\",\"position\":1,\"name\":\"Inicio\",\"item\":\"https:\/\/wpguerssen-test.odoo.rgbconsulting.com\/es\/\"},{\"@type\":\"ListItem\",\"position\":2,\"name\":\"Shop\",\"item\":\"https:\/\/wpguerssen-test.odoo.rgbconsulting.com\/shop\/\"},{\"@type\":\"ListItem\",\"position\":3,\"name\":\"Hypstrzation\"}]},{\"@type\":\"WebSite\",\"@id\":\"https:\/\/wpguerssen-test.odoo.rgbconsulting.com\/es\/#website\",\"url\":\"https:\/\/wpguerssen-test.odoo.rgbconsulting.com\/es\/\",\"name\":\"Guerssen records\",\"description\":\"psychedelia - progressive - folk - garage \",\"publisher\":{\"@id\":\"https:\/\/wpguerssen-test.odoo.rgbconsulting.com\/es\/#organization\"},\"potentialAction\":[{\"@type\":\"SearchAction\",\"target\":{\"@type\":\"EntryPoint\",\"urlTemplate\":\"https:\/\/wpguerssen-test.odoo.rgbconsulting.com\/es\/?s={search_term_string}\"},\"query-input\":{\"@type\":\"PropertyValueSpecification\",\"valueRequired\":true,\"valueName\":\"search_term_string\"}}],\"inLanguage\":\"es\"},{\"@type\":\"Organization\",\"@id\":\"https:\/\/wpguerssen-test.odoo.rgbconsulting.com\/es\/#organization\",\"name\":\"Guerssen records\",\"url\":\"https:\/\/wpguerssen-test.odoo.rgbconsulting.com\/es\/\",\"logo\":{\"@type\":\"ImageObject\",\"inLanguage\":\"es\",\"@id\":\"https:\/\/wpguerssen-test.odoo.rgbconsulting.com\/es\/#\/schema\/logo\/image\/\",\"url\":\"https:\/\/wpguerssen-test.odoo.rgbconsulting.com\/wp-content\/uploads\/2022\/04\/Logo_Guerssen_trans_100.png\",\"contentUrl\":\"https:\/\/wpguerssen-test.odoo.rgbconsulting.com\/wp-content\/uploads\/2022\/04\/Logo_Guerssen_trans_100.png\",\"width\":122,\"height\":100,\"caption\":\"Guerssen records\"},\"image\":{\"@id\":\"https:\/\/wpguerssen-test.odoo.rgbconsulting.com\/es\/#\/schema\/logo\/image\/\"}}]}<\/script>\n<!-- \/ Yoast SEO plugin. -->","yoast_head_json":{"title":"HYPSTRZ, The - Hypstrzation -  (LP) | Guerssen","description":"Incendiary and tough '70s punked out performances of '60s garage classics! If their blazing stomping cover of 'in the Midnight Hour' that kicks this off doesn't get your blood pumping, to quote Louis Jordan, jack or jill or anything else -- you dead. REVIEW: \"It's ironic that '60s revivalist bands often produce records that are as rare and difficult to find as the records from which their material is sourced. Such is the case for this Midwest band's fantastic 1980 Bomp LP, \"Hypstrization!\" Despite the backing from Bomp, the album went unnoticed by many ardent garage rock fans, only to attain a level of cult desirability among collectors in later years. The band themselves were an anachronism, reviving mid-60s garage rock in the teeth of late-70s punk, thrilling and confounding audiences in fraternal halls, local ballrooms and bowling alleys throughout the upper Midwest. What made it work, and what comes across so clearly on these live recordings, is that the group was fully committed to the sounds they produced, and the fuel of fellow punk bands (both local like The Suicide Commandos, and god-like, such as The Ramones) made their snarling, thrashing garage rock a lot more than a pose.\"","robots":{"index":"index","follow":"follow","max-snippet":"max-snippet:-1","max-image-preview":"max-image-preview:large","max-video-preview":"max-video-preview:-1"},"canonical":"https:\/\/wpguerssen-test.odoo.rgbconsulting.com\/es\/producto\/hypstrzation\/","og_locale":"es_ES","og_type":"article","og_title":"HYPSTRZ, The - Hypstrzation -  (LP) | Guerssen","og_description":"Incendiary and tough '70s punked out performances of '60s garage classics! If their blazing stomping cover of 'in the Midnight Hour' that kicks this off doesn't get your blood pumping, to quote Louis Jordan, jack or jill or anything else -- you dead. REVIEW: \"It's ironic that '60s revivalist bands often produce records that are as rare and difficult to find as the records from which their material is sourced. Such is the case for this Midwest band's fantastic 1980 Bomp LP, \"Hypstrization!\" Despite the backing from Bomp, the album went unnoticed by many ardent garage rock fans, only to attain a level of cult desirability among collectors in later years. The band themselves were an anachronism, reviving mid-60s garage rock in the teeth of late-70s punk, thrilling and confounding audiences in fraternal halls, local ballrooms and bowling alleys throughout the upper Midwest. What made it work, and what comes across so clearly on these live recordings, is that the group was fully committed to the sounds they produced, and the fuel of fellow punk bands (both local like The Suicide Commandos, and god-like, such as The Ramones) made their snarling, thrashing garage rock a lot more than a pose.\"","og_url":"https:\/\/wpguerssen-test.odoo.rgbconsulting.com\/es\/producto\/hypstrzation\/","og_site_name":"Guerssen records","article_modified_time":"2025-03-26T16:04:00+00:00","og_image":[{"width":600,"height":600,"url":"https:\/\/wpguerssen-test.odoo.rgbconsulting.com\/wp-content\/uploads\/2025\/01\/49632.jpg","type":"image\/jpeg"}],"twitter_card":"summary_large_image","twitter_title":"HYPSTRZ, The - Hypstrzation -  (LP) | Guerssen","twitter_misc":{"Tiempo de lectura":"1 minuto"},"schema":{"@context":"https:\/\/schema.org","@graph":[{"@type":"WebPage","@id":"https:\/\/wpguerssen-test.odoo.rgbconsulting.com\/es\/producto\/hypstrzation\/","url":"https:\/\/wpguerssen-test.odoo.rgbconsulting.com\/es\/producto\/hypstrzation\/","name":"HYPSTRZ, The - Hypstrzation - (LP) | Guerssen","isPartOf":{"@id":"https:\/\/wpguerssen-test.odoo.rgbconsulting.com\/es\/#website"},"primaryImageOfPage":{"@id":"https:\/\/wpguerssen-test.odoo.rgbconsulting.com\/es\/producto\/hypstrzation\/#primaryimage"},"image":{"@id":"https:\/\/wpguerssen-test.odoo.rgbconsulting.com\/es\/producto\/hypstrzation\/#primaryimage"},"thumbnailUrl":"https:\/\/wpguerssen-test.odoo.rgbconsulting.com\/wp-content\/uploads\/2025\/01\/49632.jpg","datePublished":"2025-02-18T23:00:00+00:00","dateModified":"2025-03-26T16:04:00+00:00","description":"Incendiary and tough '70s punked out performances of '60s garage classics! If their blazing stomping cover of 'in the Midnight Hour' that kicks this off doesn't get your blood pumping, to quote Louis Jordan, jack or jill or anything else -- you dead. REVIEW: \"It's ironic that '60s revivalist bands often produce records that are as rare and difficult to find as the records from which their material is sourced. Such is the case for this Midwest band's fantastic 1980 Bomp LP, \"Hypstrization!\" Despite the backing from Bomp, the album went unnoticed by many ardent garage rock fans, only to attain a level of cult desirability among collectors in later years. The band themselves were an anachronism, reviving mid-60s garage rock in the teeth of late-70s punk, thrilling and confounding audiences in fraternal halls, local ballrooms and bowling alleys throughout the upper Midwest. What made it work, and what comes across so clearly on these live recordings, is that the group was fully committed to the sounds they produced, and the fuel of fellow punk bands (both local like The Suicide Commandos, and god-like, such as The Ramones) made their snarling, thrashing garage rock a lot more than a pose.\"","breadcrumb":{"@id":"https:\/\/wpguerssen-test.odoo.rgbconsulting.com\/es\/producto\/hypstrzation\/#breadcrumb"},"inLanguage":"es","potentialAction":[{"@type":"ReadAction","target":["https:\/\/wpguerssen-test.odoo.rgbconsulting.com\/es\/producto\/hypstrzation\/"]}]},{"@type":"ImageObject","inLanguage":"es","@id":"https:\/\/wpguerssen-test.odoo.rgbconsulting.com\/es\/producto\/hypstrzation\/#primaryimage","url":"https:\/\/wpguerssen-test.odoo.rgbconsulting.com\/wp-content\/uploads\/2025\/01\/49632.jpg","contentUrl":"https:\/\/wpguerssen-test.odoo.rgbconsulting.com\/wp-content\/uploads\/2025\/01\/49632.jpg","width":600,"height":600,"caption":"The - Hypstrzation - BOMP! (LP) | Guerssen"},{"@type":"BreadcrumbList","@id":"https:\/\/wpguerssen-test.odoo.rgbconsulting.com\/es\/producto\/hypstrzation\/#breadcrumb","itemListElement":[{"@type":"ListItem","position":1,"name":"Inicio","item":"https:\/\/wpguerssen-test.odoo.rgbconsulting.com\/es\/"},{"@type":"ListItem","position":2,"name":"Shop","item":"https:\/\/wpguerssen-test.odoo.rgbconsulting.com\/shop\/"},{"@type":"ListItem","position":3,"name":"Hypstrzation"}]},{"@type":"WebSite","@id":"https:\/\/wpguerssen-test.odoo.rgbconsulting.com\/es\/#website","url":"https:\/\/wpguerssen-test.odoo.rgbconsulting.com\/es\/","name":"Guerssen records","description":"psychedelia - progressive - folk - garage ","publisher":{"@id":"https:\/\/wpguerssen-test.odoo.rgbconsulting.com\/es\/#organization"},"potentialAction":[{"@type":"SearchAction","target":{"@type":"EntryPoint","urlTemplate":"https:\/\/wpguerssen-test.odoo.rgbconsulting.com\/es\/?s={search_term_string}"},"query-input":{"@type":"PropertyValueSpecification","valueRequired":true,"valueName":"search_term_string"}}],"inLanguage":"es"},{"@type":"Organization","@id":"https:\/\/wpguerssen-test.odoo.rgbconsulting.com\/es\/#organization","name":"Guerssen records","url":"https:\/\/wpguerssen-test.odoo.rgbconsulting.com\/es\/","logo":{"@type":"ImageObject","inLanguage":"es","@id":"https:\/\/wpguerssen-test.odoo.rgbconsulting.com\/es\/#\/schema\/logo\/image\/","url":"https:\/\/wpguerssen-test.odoo.rgbconsulting.com\/wp-content\/uploads\/2022\/04\/Logo_Guerssen_trans_100.png","contentUrl":"https:\/\/wpguerssen-test.odoo.rgbconsulting.com\/wp-content\/uploads\/2022\/04\/Logo_Guerssen_trans_100.png","width":122,"height":100,"caption":"Guerssen records"},"image":{"@id":"https:\/\/wpguerssen-test.odoo.rgbconsulting.com\/es\/#\/schema\/logo\/image\/"}}]}},"_links":{"self":[{"href":"https:\/\/wpguerssen-test.odoo.rgbconsulting.com\/es\/wp-json\/wp\/v2\/product\/281896","targetHints":{"allow":["GET"]}}],"collection":[{"href":"https:\/\/wpguerssen-test.odoo.rgbconsulting.com\/es\/wp-json\/wp\/v2\/product"}],"about":[{"href":"https:\/\/wpguerssen-test.odoo.rgbconsulting.com\/es\/wp-json\/wp\/v2\/types\/product"}],"wp:featuredmedia":[{"embeddable":true,"href":"https:\/\/wpguerssen-test.odoo.rgbconsulting.com\/es\/wp-json\/wp\/v2\/media\/281860"}],"wp:attachment":[{"href":"https:\/\/wpguerssen-test.odoo.rgbconsulting.com\/es\/wp-json\/wp\/v2\/media?parent=281896"}],"wp:term":[{"taxonomy":"product_brand","embeddable":true,"href":"https:\/\/wpguerssen-test.odoo.rgbconsulting.com\/es\/wp-json\/wp\/v2\/product_brand?post=281896"},{"taxonomy":"product_cat","embeddable":true,"href":"https:\/\/wpguerssen-test.odoo.rgbconsulting.com\/es\/wp-json\/wp\/v2\/product_cat?post=281896"},{"taxonomy":"product_tag","embeddable":true,"href":"https:\/\/wpguerssen-test.odoo.rgbconsulting.com\/es\/wp-json\/wp\/v2\/product_tag?post=281896"}],"curies":[{"name":"wp","href":"https:\/\/api.w.org\/{rel}","templated":true}]}}