{"id":282050,"date":"2025-02-04T00:00:00","date_gmt":"2025-02-03T23:00:00","guid":{"rendered":"https:\/\/wpguerssen-test.odoo.rgbconsulting.com\/product\/a-tabua-de-esmeralda\/"},"modified":"2025-04-29T13:37:46","modified_gmt":"2025-04-29T11:37:46","slug":"a-tabua-de-esmeralda","status":"publish","type":"product","link":"https:\/\/wpguerssen-test.odoo.rgbconsulting.com\/es\/producto\/a-tabua-de-esmeralda\/","title":{"rendered":"A Tabua de Esmeralda"},"content":{"rendered":"<p>A mediados de los a\u00f1os 70, Jorge Ben no pod\u00eda hacer nada mal. Conocido como el padre del samba rock, Ben se gan\u00f3 una audiencia internacional con un estilo de canto contagioso marcado por un optimismo brillante y una s\u00e1tira divertida; A T\u00e1bua de Esmeralda se desvi\u00f3 del gui\u00f3n al ahondar en la alquimia de la Edad Media, as\u00ed como en la segunda venida de Jes\u00fas, pero la producci\u00f3n es tan matizada y su voz tan agradable que el \u00e1lbum fue un \u00e9xito seguro, y Ben se las arregla para incluir algunos n\u00fameros con ritmo que saludan a la mujer y al l\u00edder esclavo Zumbi dos Palmares. \u00a1El resultado es una joya imprescindible de Jorge Ben que ha resistido la prueba del tiempo, y m\u00e1s!<\/p>\n","protected":false},"excerpt":{"rendered":"<p>A mediados de los a\u00f1os 70, Jorge Ben no pod\u00eda hacer nada mal. Conocido como el padre del samba rock, Ben se gan\u00f3 una audiencia internacional con un estilo de canto<a class=\"read\" href=\"https:\/\/wpguerssen-test.odoo.rgbconsulting.com\/es\/producto\/a-tabua-de-esmeralda\/\"> (...)<\/a>","protected":false},"featured_media":281968,"template":"","meta":{"_acf_changed":false},"product_brand":[],"product_cat":[24508,23231],"product_tag":[24189],"class_list":{"0":"post-282050","1":"product","2":"type-product","3":"status-publish","4":"has-post-thumbnail","6":"product_cat-uncategorized","7":"product_cat-latin-brazilian-es","8":"product_tag-recien-llegadas","9":"pa_artist-ben-jorge-es","10":"pa_format-lp-es","11":"pa_gender-latin-brazilian","12":"pa_label-survival-research","13":"pa_location-south-america-caribbean-es","14":"pa_other-filters-vinyl-only-es","16":"first","17":"instock","18":"taxable","19":"shipping-taxable","20":"purchasable","21":"product-type-simple"},"acf":[],"yoast_head":"<!-- This site is optimized with the Yoast SEO plugin v24.9 - https:\/\/yoast.com\/wordpress\/plugins\/seo\/ -->\n<title>BEN, Jorge - A Tabua de Esmeralda -  (LP) | Guerssen<\/title>\n<meta name=\"description\" content=\"During the mid-1970s, Jorge Ben could do no wrong. Known as the father of samba rock, Ben gained an international audience with an infectious singing style marked by bright optimism and funny satire; A T\u00e1bua de Esmeralda deviated from the script by delving into the alchemy of the Middle Ages, as well as the second coming of Jesus, but the production is so nuanced and his voice so agreeable that the album was a surefire hit, and Ben manages to squeeze in some groovy numbers saluting womanhood, and slave leader Zumbi dos Palmares. The result is a must-have Jorge Ben gem that has stood the test of time, and then some!\" \/>\n<meta name=\"robots\" content=\"index, follow, max-snippet:-1, max-image-preview:large, max-video-preview:-1\" \/>\n<link rel=\"canonical\" href=\"https:\/\/wpguerssen-test.odoo.rgbconsulting.com\/es\/producto\/a-tabua-de-esmeralda\/\" \/>\n<meta property=\"og:locale\" content=\"es_ES\" \/>\n<meta property=\"og:type\" content=\"article\" \/>\n<meta property=\"og:title\" content=\"BEN, Jorge - A Tabua de Esmeralda -  (LP) | Guerssen\" \/>\n<meta property=\"og:description\" content=\"During the mid-1970s, Jorge Ben could do no wrong. Known as the father of samba rock, Ben gained an international audience with an infectious singing style marked by bright optimism and funny satire; A T\u00e1bua de Esmeralda deviated from the script by delving into the alchemy of the Middle Ages, as well as the second coming of Jesus, but the production is so nuanced and his voice so agreeable that the album was a surefire hit, and Ben manages to squeeze in some groovy numbers saluting womanhood, and slave leader Zumbi dos Palmares. The result is a must-have Jorge Ben gem that has stood the test of time, and then some!\" \/>\n<meta property=\"og:url\" content=\"https:\/\/wpguerssen-test.odoo.rgbconsulting.com\/es\/producto\/a-tabua-de-esmeralda\/\" \/>\n<meta property=\"og:site_name\" content=\"Guerssen records\" \/>\n<meta property=\"article:modified_time\" content=\"2025-04-29T11:37:46+00:00\" \/>\n<meta property=\"og:image\" content=\"https:\/\/wpguerssen-test.odoo.rgbconsulting.com\/wp-content\/uploads\/2025\/01\/49638.jpg\" \/>\n\t<meta property=\"og:image:width\" content=\"1772\" \/>\n\t<meta property=\"og:image:height\" content=\"1772\" \/>\n\t<meta property=\"og:image:type\" content=\"image\/jpeg\" \/>\n<meta name=\"twitter:card\" content=\"summary_large_image\" \/>\n<meta name=\"twitter:title\" content=\"BEN, Jorge - A Tabua de Esmeralda -  (LP) | Guerssen\" \/>\n<meta name=\"twitter:label1\" content=\"Tiempo de lectura\" \/>\n\t<meta name=\"twitter:data1\" content=\"1 minuto\" \/>\n<script type=\"application\/ld+json\" class=\"yoast-schema-graph\">{\"@context\":\"https:\/\/schema.org\",\"@graph\":[{\"@type\":\"WebPage\",\"@id\":\"https:\/\/wpguerssen-test.odoo.rgbconsulting.com\/es\/producto\/a-tabua-de-esmeralda\/\",\"url\":\"https:\/\/wpguerssen-test.odoo.rgbconsulting.com\/es\/producto\/a-tabua-de-esmeralda\/\",\"name\":\"BEN, Jorge - A Tabua de Esmeralda - (LP) | Guerssen\",\"isPartOf\":{\"@id\":\"https:\/\/wpguerssen-test.odoo.rgbconsulting.com\/es\/#website\"},\"primaryImageOfPage\":{\"@id\":\"https:\/\/wpguerssen-test.odoo.rgbconsulting.com\/es\/producto\/a-tabua-de-esmeralda\/#primaryimage\"},\"image\":{\"@id\":\"https:\/\/wpguerssen-test.odoo.rgbconsulting.com\/es\/producto\/a-tabua-de-esmeralda\/#primaryimage\"},\"thumbnailUrl\":\"https:\/\/wpguerssen-test.odoo.rgbconsulting.com\/wp-content\/uploads\/2025\/01\/49638.jpg\",\"datePublished\":\"2025-02-03T23:00:00+00:00\",\"dateModified\":\"2025-04-29T11:37:46+00:00\",\"description\":\"During the mid-1970s, Jorge Ben could do no wrong. Known as the father of samba rock, Ben gained an international audience with an infectious singing style marked by bright optimism and funny satire; A T\u00e1bua de Esmeralda deviated from the script by delving into the alchemy of the Middle Ages, as well as the second coming of Jesus, but the production is so nuanced and his voice so agreeable that the album was a surefire hit, and Ben manages to squeeze in some groovy numbers saluting womanhood, and slave leader Zumbi dos Palmares. The result is a must-have Jorge Ben gem that has stood the test of time, and then some!\",\"breadcrumb\":{\"@id\":\"https:\/\/wpguerssen-test.odoo.rgbconsulting.com\/es\/producto\/a-tabua-de-esmeralda\/#breadcrumb\"},\"inLanguage\":\"es\",\"potentialAction\":[{\"@type\":\"ReadAction\",\"target\":[\"https:\/\/wpguerssen-test.odoo.rgbconsulting.com\/es\/producto\/a-tabua-de-esmeralda\/\"]}]},{\"@type\":\"ImageObject\",\"inLanguage\":\"es\",\"@id\":\"https:\/\/wpguerssen-test.odoo.rgbconsulting.com\/es\/producto\/a-tabua-de-esmeralda\/#primaryimage\",\"url\":\"https:\/\/wpguerssen-test.odoo.rgbconsulting.com\/wp-content\/uploads\/2025\/01\/49638.jpg\",\"contentUrl\":\"https:\/\/wpguerssen-test.odoo.rgbconsulting.com\/wp-content\/uploads\/2025\/01\/49638.jpg\",\"width\":1772,\"height\":1772,\"caption\":\"Jorge - A Tabua de Esmeralda - SURVIVAL RESEARCH (LP) | Guerssen\"},{\"@type\":\"BreadcrumbList\",\"@id\":\"https:\/\/wpguerssen-test.odoo.rgbconsulting.com\/es\/producto\/a-tabua-de-esmeralda\/#breadcrumb\",\"itemListElement\":[{\"@type\":\"ListItem\",\"position\":1,\"name\":\"Inicio\",\"item\":\"https:\/\/wpguerssen-test.odoo.rgbconsulting.com\/es\/\"},{\"@type\":\"ListItem\",\"position\":2,\"name\":\"Shop\",\"item\":\"https:\/\/wpguerssen-test.odoo.rgbconsulting.com\/shop\/\"},{\"@type\":\"ListItem\",\"position\":3,\"name\":\"A Tabua de Esmeralda\"}]},{\"@type\":\"WebSite\",\"@id\":\"https:\/\/wpguerssen-test.odoo.rgbconsulting.com\/es\/#website\",\"url\":\"https:\/\/wpguerssen-test.odoo.rgbconsulting.com\/es\/\",\"name\":\"Guerssen records\",\"description\":\"psychedelia - progressive - folk - garage \",\"publisher\":{\"@id\":\"https:\/\/wpguerssen-test.odoo.rgbconsulting.com\/es\/#organization\"},\"potentialAction\":[{\"@type\":\"SearchAction\",\"target\":{\"@type\":\"EntryPoint\",\"urlTemplate\":\"https:\/\/wpguerssen-test.odoo.rgbconsulting.com\/es\/?s={search_term_string}\"},\"query-input\":{\"@type\":\"PropertyValueSpecification\",\"valueRequired\":true,\"valueName\":\"search_term_string\"}}],\"inLanguage\":\"es\"},{\"@type\":\"Organization\",\"@id\":\"https:\/\/wpguerssen-test.odoo.rgbconsulting.com\/es\/#organization\",\"name\":\"Guerssen records\",\"url\":\"https:\/\/wpguerssen-test.odoo.rgbconsulting.com\/es\/\",\"logo\":{\"@type\":\"ImageObject\",\"inLanguage\":\"es\",\"@id\":\"https:\/\/wpguerssen-test.odoo.rgbconsulting.com\/es\/#\/schema\/logo\/image\/\",\"url\":\"https:\/\/wpguerssen-test.odoo.rgbconsulting.com\/wp-content\/uploads\/2022\/04\/Logo_Guerssen_trans_100.png\",\"contentUrl\":\"https:\/\/wpguerssen-test.odoo.rgbconsulting.com\/wp-content\/uploads\/2022\/04\/Logo_Guerssen_trans_100.png\",\"width\":122,\"height\":100,\"caption\":\"Guerssen records\"},\"image\":{\"@id\":\"https:\/\/wpguerssen-test.odoo.rgbconsulting.com\/es\/#\/schema\/logo\/image\/\"}}]}<\/script>\n<!-- \/ Yoast SEO plugin. -->","yoast_head_json":{"title":"BEN, Jorge - A Tabua de Esmeralda -  (LP) | Guerssen","description":"During the mid-1970s, Jorge Ben could do no wrong. Known as the father of samba rock, Ben gained an international audience with an infectious singing style marked by bright optimism and funny satire; A T\u00e1bua de Esmeralda deviated from the script by delving into the alchemy of the Middle Ages, as well as the second coming of Jesus, but the production is so nuanced and his voice so agreeable that the album was a surefire hit, and Ben manages to squeeze in some groovy numbers saluting womanhood, and slave leader Zumbi dos Palmares. The result is a must-have Jorge Ben gem that has stood the test of time, and then some!","robots":{"index":"index","follow":"follow","max-snippet":"max-snippet:-1","max-image-preview":"max-image-preview:large","max-video-preview":"max-video-preview:-1"},"canonical":"https:\/\/wpguerssen-test.odoo.rgbconsulting.com\/es\/producto\/a-tabua-de-esmeralda\/","og_locale":"es_ES","og_type":"article","og_title":"BEN, Jorge - A Tabua de Esmeralda -  (LP) | Guerssen","og_description":"During the mid-1970s, Jorge Ben could do no wrong. Known as the father of samba rock, Ben gained an international audience with an infectious singing style marked by bright optimism and funny satire; A T\u00e1bua de Esmeralda deviated from the script by delving into the alchemy of the Middle Ages, as well as the second coming of Jesus, but the production is so nuanced and his voice so agreeable that the album was a surefire hit, and Ben manages to squeeze in some groovy numbers saluting womanhood, and slave leader Zumbi dos Palmares. The result is a must-have Jorge Ben gem that has stood the test of time, and then some!","og_url":"https:\/\/wpguerssen-test.odoo.rgbconsulting.com\/es\/producto\/a-tabua-de-esmeralda\/","og_site_name":"Guerssen records","article_modified_time":"2025-04-29T11:37:46+00:00","og_image":[{"width":1772,"height":1772,"url":"https:\/\/wpguerssen-test.odoo.rgbconsulting.com\/wp-content\/uploads\/2025\/01\/49638.jpg","type":"image\/jpeg"}],"twitter_card":"summary_large_image","twitter_title":"BEN, Jorge - A Tabua de Esmeralda -  (LP) | Guerssen","twitter_misc":{"Tiempo de lectura":"1 minuto"},"schema":{"@context":"https:\/\/schema.org","@graph":[{"@type":"WebPage","@id":"https:\/\/wpguerssen-test.odoo.rgbconsulting.com\/es\/producto\/a-tabua-de-esmeralda\/","url":"https:\/\/wpguerssen-test.odoo.rgbconsulting.com\/es\/producto\/a-tabua-de-esmeralda\/","name":"BEN, Jorge - A Tabua de Esmeralda - (LP) | Guerssen","isPartOf":{"@id":"https:\/\/wpguerssen-test.odoo.rgbconsulting.com\/es\/#website"},"primaryImageOfPage":{"@id":"https:\/\/wpguerssen-test.odoo.rgbconsulting.com\/es\/producto\/a-tabua-de-esmeralda\/#primaryimage"},"image":{"@id":"https:\/\/wpguerssen-test.odoo.rgbconsulting.com\/es\/producto\/a-tabua-de-esmeralda\/#primaryimage"},"thumbnailUrl":"https:\/\/wpguerssen-test.odoo.rgbconsulting.com\/wp-content\/uploads\/2025\/01\/49638.jpg","datePublished":"2025-02-03T23:00:00+00:00","dateModified":"2025-04-29T11:37:46+00:00","description":"During the mid-1970s, Jorge Ben could do no wrong. Known as the father of samba rock, Ben gained an international audience with an infectious singing style marked by bright optimism and funny satire; A T\u00e1bua de Esmeralda deviated from the script by delving into the alchemy of the Middle Ages, as well as the second coming of Jesus, but the production is so nuanced and his voice so agreeable that the album was a surefire hit, and Ben manages to squeeze in some groovy numbers saluting womanhood, and slave leader Zumbi dos Palmares. The result is a must-have Jorge Ben gem that has stood the test of time, and then some!","breadcrumb":{"@id":"https:\/\/wpguerssen-test.odoo.rgbconsulting.com\/es\/producto\/a-tabua-de-esmeralda\/#breadcrumb"},"inLanguage":"es","potentialAction":[{"@type":"ReadAction","target":["https:\/\/wpguerssen-test.odoo.rgbconsulting.com\/es\/producto\/a-tabua-de-esmeralda\/"]}]},{"@type":"ImageObject","inLanguage":"es","@id":"https:\/\/wpguerssen-test.odoo.rgbconsulting.com\/es\/producto\/a-tabua-de-esmeralda\/#primaryimage","url":"https:\/\/wpguerssen-test.odoo.rgbconsulting.com\/wp-content\/uploads\/2025\/01\/49638.jpg","contentUrl":"https:\/\/wpguerssen-test.odoo.rgbconsulting.com\/wp-content\/uploads\/2025\/01\/49638.jpg","width":1772,"height":1772,"caption":"Jorge - A Tabua de Esmeralda - SURVIVAL RESEARCH (LP) | Guerssen"},{"@type":"BreadcrumbList","@id":"https:\/\/wpguerssen-test.odoo.rgbconsulting.com\/es\/producto\/a-tabua-de-esmeralda\/#breadcrumb","itemListElement":[{"@type":"ListItem","position":1,"name":"Inicio","item":"https:\/\/wpguerssen-test.odoo.rgbconsulting.com\/es\/"},{"@type":"ListItem","position":2,"name":"Shop","item":"https:\/\/wpguerssen-test.odoo.rgbconsulting.com\/shop\/"},{"@type":"ListItem","position":3,"name":"A Tabua de Esmeralda"}]},{"@type":"WebSite","@id":"https:\/\/wpguerssen-test.odoo.rgbconsulting.com\/es\/#website","url":"https:\/\/wpguerssen-test.odoo.rgbconsulting.com\/es\/","name":"Guerssen records","description":"psychedelia - progressive - folk - garage ","publisher":{"@id":"https:\/\/wpguerssen-test.odoo.rgbconsulting.com\/es\/#organization"},"potentialAction":[{"@type":"SearchAction","target":{"@type":"EntryPoint","urlTemplate":"https:\/\/wpguerssen-test.odoo.rgbconsulting.com\/es\/?s={search_term_string}"},"query-input":{"@type":"PropertyValueSpecification","valueRequired":true,"valueName":"search_term_string"}}],"inLanguage":"es"},{"@type":"Organization","@id":"https:\/\/wpguerssen-test.odoo.rgbconsulting.com\/es\/#organization","name":"Guerssen records","url":"https:\/\/wpguerssen-test.odoo.rgbconsulting.com\/es\/","logo":{"@type":"ImageObject","inLanguage":"es","@id":"https:\/\/wpguerssen-test.odoo.rgbconsulting.com\/es\/#\/schema\/logo\/image\/","url":"https:\/\/wpguerssen-test.odoo.rgbconsulting.com\/wp-content\/uploads\/2022\/04\/Logo_Guerssen_trans_100.png","contentUrl":"https:\/\/wpguerssen-test.odoo.rgbconsulting.com\/wp-content\/uploads\/2022\/04\/Logo_Guerssen_trans_100.png","width":122,"height":100,"caption":"Guerssen records"},"image":{"@id":"https:\/\/wpguerssen-test.odoo.rgbconsulting.com\/es\/#\/schema\/logo\/image\/"}}]}},"_links":{"self":[{"href":"https:\/\/wpguerssen-test.odoo.rgbconsulting.com\/es\/wp-json\/wp\/v2\/product\/282050","targetHints":{"allow":["GET"]}}],"collection":[{"href":"https:\/\/wpguerssen-test.odoo.rgbconsulting.com\/es\/wp-json\/wp\/v2\/product"}],"about":[{"href":"https:\/\/wpguerssen-test.odoo.rgbconsulting.com\/es\/wp-json\/wp\/v2\/types\/product"}],"wp:featuredmedia":[{"embeddable":true,"href":"https:\/\/wpguerssen-test.odoo.rgbconsulting.com\/es\/wp-json\/wp\/v2\/media\/281968"}],"wp:attachment":[{"href":"https:\/\/wpguerssen-test.odoo.rgbconsulting.com\/es\/wp-json\/wp\/v2\/media?parent=282050"}],"wp:term":[{"taxonomy":"product_brand","embeddable":true,"href":"https:\/\/wpguerssen-test.odoo.rgbconsulting.com\/es\/wp-json\/wp\/v2\/product_brand?post=282050"},{"taxonomy":"product_cat","embeddable":true,"href":"https:\/\/wpguerssen-test.odoo.rgbconsulting.com\/es\/wp-json\/wp\/v2\/product_cat?post=282050"},{"taxonomy":"product_tag","embeddable":true,"href":"https:\/\/wpguerssen-test.odoo.rgbconsulting.com\/es\/wp-json\/wp\/v2\/product_tag?post=282050"}],"curies":[{"name":"wp","href":"https:\/\/api.w.org\/{rel}","templated":true}]}}