{"id":282060,"date":"2025-02-14T00:00:00","date_gmt":"2025-02-13T23:00:00","guid":{"rendered":"https:\/\/wpguerssen-test.odoo.rgbconsulting.com\/product\/strength-through-roi-rare-tracks-81-84\/"},"modified":"2025-03-28T12:48:00","modified_gmt":"2025-03-28T11:48:00","slug":"strength-through-roi-rare-tracks-81-84","status":"publish","type":"product","link":"https:\/\/wpguerssen-test.odoo.rgbconsulting.com\/es\/producto\/strength-through-roi-rare-tracks-81-84\/","title":{"rendered":"Strength Through Roi. Rare Tracks 81-84"},"content":{"rendered":"<p>Recopilatorio de temas poco conocidos de la legendaria banda brit\u00e1nica OI!, The Last Resort, que incluye temas grabados entre 1980 y 1982, incluidos los temas de su sencillo en casete \u00abViolence In Our Minds\u00bb con Graham Saxby como vocalista y sus contribuciones a los recopilatorios de las listas nacionales \u00abStrength Thru Oi!\u00bb, \u00abCarry On Oi!\u00bb y \u00abOi! Oi! That&#8217;s Yer Lot\u00bb. Los LAST RESORT, una gran influencia en la escena hardcore y punk, siguen estando liderados por el vocalista Roi Pearce hasta el d\u00eda de hoy y tambi\u00e9n cuentan con el guitarrista de Rancid, Lars Frederiksen. Funda interior impresa, p\u00f3ster y postal de edici\u00f3n limitada incluidos.<\/p>\n","protected":false},"excerpt":{"rendered":"<p>Recopilatorio de temas poco conocidos de la legendaria banda brit\u00e1nica OI!, The Last Resort, que incluye temas grabados entre 1980 y 1982, incluidos los temas de<a class=\"read\" href=\"https:\/\/wpguerssen-test.odoo.rgbconsulting.com\/es\/producto\/strength-through-roi-rare-tracks-81-84\/\"> (...)<\/a>","protected":false},"featured_media":281998,"template":"","meta":{"_acf_changed":false},"product_brand":[],"product_cat":[21650],"product_tag":[24189],"class_list":{"0":"post-282060","1":"product","2":"type-product","3":"status-publish","4":"has-post-thumbnail","6":"product_cat-punk-es","7":"product_tag-recien-llegadas","8":"pa_artist-last-resort","9":"pa_format-lp-es","10":"pa_gender-punk","11":"pa_label-radiation","12":"pa_location-uk-ireland-es","13":"pa_other-filters-vinyl-only-es","15":"first","16":"instock","17":"taxable","18":"shipping-taxable","19":"purchasable","20":"product-type-simple"},"acf":[],"yoast_head":"<!-- This site is optimized with the Yoast SEO plugin v24.9 - https:\/\/yoast.com\/wordpress\/plugins\/seo\/ -->\n<title>LAST RESORT - Strength Through Roi. Rare Tracks 81-84 -  (LP) | Guerssen<\/title>\n<meta name=\"description\" content=\"Rare tracks compilation from the legendary UK OI! band the Last Resort featuring tracks recorded between 1980 and 1982 including the tracks from their seminal &#039;Violence In Our Minds&#039; cassette single with Graham Saxby on vocals and their contributions to the national chart compilations &quot;Strength Thru Oi!&quot;, &quot;Carry On Oi!&quot; and &quot;Oi! Oi! That&#039;s Yer Lot&quot;. A major influence on the hardcore and punk scene, the LAST RESORT are still led by vocalist Roi Pearce to this day and they also feature Rancid guitarist Lars Frederiksen. Printed inner-sleeve, poster, and limited-edition postcard included.\" \/>\n<meta name=\"robots\" content=\"index, follow, max-snippet:-1, max-image-preview:large, max-video-preview:-1\" \/>\n<link rel=\"canonical\" href=\"https:\/\/wpguerssen-test.odoo.rgbconsulting.com\/es\/producto\/strength-through-roi-rare-tracks-81-84\/\" \/>\n<meta property=\"og:locale\" content=\"es_ES\" \/>\n<meta property=\"og:type\" content=\"article\" \/>\n<meta property=\"og:title\" content=\"LAST RESORT - Strength Through Roi. Rare Tracks 81-84 -  (LP) | Guerssen\" \/>\n<meta property=\"og:description\" content=\"Rare tracks compilation from the legendary UK OI! band the Last Resort featuring tracks recorded between 1980 and 1982 including the tracks from their seminal &#039;Violence In Our Minds&#039; cassette single with Graham Saxby on vocals and their contributions to the national chart compilations &quot;Strength Thru Oi!&quot;, &quot;Carry On Oi!&quot; and &quot;Oi! Oi! That&#039;s Yer Lot&quot;. A major influence on the hardcore and punk scene, the LAST RESORT are still led by vocalist Roi Pearce to this day and they also feature Rancid guitarist Lars Frederiksen. Printed inner-sleeve, poster, and limited-edition postcard included.\" \/>\n<meta property=\"og:url\" content=\"https:\/\/wpguerssen-test.odoo.rgbconsulting.com\/es\/producto\/strength-through-roi-rare-tracks-81-84\/\" \/>\n<meta property=\"og:site_name\" content=\"Guerssen records\" \/>\n<meta property=\"article:modified_time\" content=\"2025-03-28T11:48:00+00:00\" \/>\n<meta property=\"og:image\" content=\"https:\/\/wpguerssen-test.odoo.rgbconsulting.com\/wp-content\/uploads\/2025\/01\/49648-1024x1020.jpg\" \/>\n\t<meta property=\"og:image:width\" content=\"1024\" \/>\n\t<meta property=\"og:image:height\" content=\"1020\" \/>\n\t<meta property=\"og:image:type\" content=\"image\/jpeg\" \/>\n<meta name=\"twitter:card\" content=\"summary_large_image\" \/>\n<meta name=\"twitter:title\" content=\"LAST RESORT - Strength Through Roi. Rare Tracks 81-84 -  (LP) | Guerssen\" \/>\n<meta name=\"twitter:label1\" content=\"Tiempo de lectura\" \/>\n\t<meta name=\"twitter:data1\" content=\"1 minuto\" \/>\n<script type=\"application\/ld+json\" class=\"yoast-schema-graph\">{\"@context\":\"https:\/\/schema.org\",\"@graph\":[{\"@type\":\"WebPage\",\"@id\":\"https:\/\/wpguerssen-test.odoo.rgbconsulting.com\/es\/producto\/strength-through-roi-rare-tracks-81-84\/\",\"url\":\"https:\/\/wpguerssen-test.odoo.rgbconsulting.com\/es\/producto\/strength-through-roi-rare-tracks-81-84\/\",\"name\":\"LAST RESORT - Strength Through Roi. Rare Tracks 81-84 - (LP) | Guerssen\",\"isPartOf\":{\"@id\":\"https:\/\/wpguerssen-test.odoo.rgbconsulting.com\/es\/#website\"},\"primaryImageOfPage\":{\"@id\":\"https:\/\/wpguerssen-test.odoo.rgbconsulting.com\/es\/producto\/strength-through-roi-rare-tracks-81-84\/#primaryimage\"},\"image\":{\"@id\":\"https:\/\/wpguerssen-test.odoo.rgbconsulting.com\/es\/producto\/strength-through-roi-rare-tracks-81-84\/#primaryimage\"},\"thumbnailUrl\":\"https:\/\/wpguerssen-test.odoo.rgbconsulting.com\/wp-content\/uploads\/2025\/01\/49648-scaled.jpg\",\"datePublished\":\"2025-02-13T23:00:00+00:00\",\"dateModified\":\"2025-03-28T11:48:00+00:00\",\"description\":\"Rare tracks compilation from the legendary UK OI! band the Last Resort featuring tracks recorded between 1980 and 1982 including the tracks from their seminal 'Violence In Our Minds' cassette single with Graham Saxby on vocals and their contributions to the national chart compilations \\\"Strength Thru Oi!\\\", \\\"Carry On Oi!\\\" and \\\"Oi! Oi! That's Yer Lot\\\". A major influence on the hardcore and punk scene, the LAST RESORT are still led by vocalist Roi Pearce to this day and they also feature Rancid guitarist Lars Frederiksen. Printed inner-sleeve, poster, and limited-edition postcard included.\",\"breadcrumb\":{\"@id\":\"https:\/\/wpguerssen-test.odoo.rgbconsulting.com\/es\/producto\/strength-through-roi-rare-tracks-81-84\/#breadcrumb\"},\"inLanguage\":\"es\",\"potentialAction\":[{\"@type\":\"ReadAction\",\"target\":[\"https:\/\/wpguerssen-test.odoo.rgbconsulting.com\/es\/producto\/strength-through-roi-rare-tracks-81-84\/\"]}]},{\"@type\":\"ImageObject\",\"inLanguage\":\"es\",\"@id\":\"https:\/\/wpguerssen-test.odoo.rgbconsulting.com\/es\/producto\/strength-through-roi-rare-tracks-81-84\/#primaryimage\",\"url\":\"https:\/\/wpguerssen-test.odoo.rgbconsulting.com\/wp-content\/uploads\/2025\/01\/49648-scaled.jpg\",\"contentUrl\":\"https:\/\/wpguerssen-test.odoo.rgbconsulting.com\/wp-content\/uploads\/2025\/01\/49648-scaled.jpg\",\"width\":2560,\"height\":2550},{\"@type\":\"BreadcrumbList\",\"@id\":\"https:\/\/wpguerssen-test.odoo.rgbconsulting.com\/es\/producto\/strength-through-roi-rare-tracks-81-84\/#breadcrumb\",\"itemListElement\":[{\"@type\":\"ListItem\",\"position\":1,\"name\":\"Inicio\",\"item\":\"https:\/\/wpguerssen-test.odoo.rgbconsulting.com\/es\/\"},{\"@type\":\"ListItem\",\"position\":2,\"name\":\"Shop\",\"item\":\"https:\/\/wpguerssen-test.odoo.rgbconsulting.com\/shop\/\"},{\"@type\":\"ListItem\",\"position\":3,\"name\":\"Strength Through Roi. Rare Tracks 81-84\"}]},{\"@type\":\"WebSite\",\"@id\":\"https:\/\/wpguerssen-test.odoo.rgbconsulting.com\/es\/#website\",\"url\":\"https:\/\/wpguerssen-test.odoo.rgbconsulting.com\/es\/\",\"name\":\"Guerssen records\",\"description\":\"psychedelia - progressive - folk - garage \",\"publisher\":{\"@id\":\"https:\/\/wpguerssen-test.odoo.rgbconsulting.com\/es\/#organization\"},\"potentialAction\":[{\"@type\":\"SearchAction\",\"target\":{\"@type\":\"EntryPoint\",\"urlTemplate\":\"https:\/\/wpguerssen-test.odoo.rgbconsulting.com\/es\/?s={search_term_string}\"},\"query-input\":{\"@type\":\"PropertyValueSpecification\",\"valueRequired\":true,\"valueName\":\"search_term_string\"}}],\"inLanguage\":\"es\"},{\"@type\":\"Organization\",\"@id\":\"https:\/\/wpguerssen-test.odoo.rgbconsulting.com\/es\/#organization\",\"name\":\"Guerssen records\",\"url\":\"https:\/\/wpguerssen-test.odoo.rgbconsulting.com\/es\/\",\"logo\":{\"@type\":\"ImageObject\",\"inLanguage\":\"es\",\"@id\":\"https:\/\/wpguerssen-test.odoo.rgbconsulting.com\/es\/#\/schema\/logo\/image\/\",\"url\":\"https:\/\/wpguerssen-test.odoo.rgbconsulting.com\/wp-content\/uploads\/2022\/04\/Logo_Guerssen_trans_100.png\",\"contentUrl\":\"https:\/\/wpguerssen-test.odoo.rgbconsulting.com\/wp-content\/uploads\/2022\/04\/Logo_Guerssen_trans_100.png\",\"width\":122,\"height\":100,\"caption\":\"Guerssen records\"},\"image\":{\"@id\":\"https:\/\/wpguerssen-test.odoo.rgbconsulting.com\/es\/#\/schema\/logo\/image\/\"}}]}<\/script>\n<!-- \/ Yoast SEO plugin. -->","yoast_head_json":{"title":"LAST RESORT - Strength Through Roi. Rare Tracks 81-84 -  (LP) | Guerssen","description":"Rare tracks compilation from the legendary UK OI! band the Last Resort featuring tracks recorded between 1980 and 1982 including the tracks from their seminal 'Violence In Our Minds' cassette single with Graham Saxby on vocals and their contributions to the national chart compilations \"Strength Thru Oi!\", \"Carry On Oi!\" and \"Oi! Oi! That's Yer Lot\". A major influence on the hardcore and punk scene, the LAST RESORT are still led by vocalist Roi Pearce to this day and they also feature Rancid guitarist Lars Frederiksen. Printed inner-sleeve, poster, and limited-edition postcard included.","robots":{"index":"index","follow":"follow","max-snippet":"max-snippet:-1","max-image-preview":"max-image-preview:large","max-video-preview":"max-video-preview:-1"},"canonical":"https:\/\/wpguerssen-test.odoo.rgbconsulting.com\/es\/producto\/strength-through-roi-rare-tracks-81-84\/","og_locale":"es_ES","og_type":"article","og_title":"LAST RESORT - Strength Through Roi. Rare Tracks 81-84 -  (LP) | Guerssen","og_description":"Rare tracks compilation from the legendary UK OI! band the Last Resort featuring tracks recorded between 1980 and 1982 including the tracks from their seminal 'Violence In Our Minds' cassette single with Graham Saxby on vocals and their contributions to the national chart compilations \"Strength Thru Oi!\", \"Carry On Oi!\" and \"Oi! Oi! That's Yer Lot\". A major influence on the hardcore and punk scene, the LAST RESORT are still led by vocalist Roi Pearce to this day and they also feature Rancid guitarist Lars Frederiksen. Printed inner-sleeve, poster, and limited-edition postcard included.","og_url":"https:\/\/wpguerssen-test.odoo.rgbconsulting.com\/es\/producto\/strength-through-roi-rare-tracks-81-84\/","og_site_name":"Guerssen records","article_modified_time":"2025-03-28T11:48:00+00:00","og_image":[{"width":1024,"height":1020,"url":"https:\/\/wpguerssen-test.odoo.rgbconsulting.com\/wp-content\/uploads\/2025\/01\/49648-1024x1020.jpg","type":"image\/jpeg"}],"twitter_card":"summary_large_image","twitter_title":"LAST RESORT - Strength Through Roi. Rare Tracks 81-84 -  (LP) | Guerssen","twitter_misc":{"Tiempo de lectura":"1 minuto"},"schema":{"@context":"https:\/\/schema.org","@graph":[{"@type":"WebPage","@id":"https:\/\/wpguerssen-test.odoo.rgbconsulting.com\/es\/producto\/strength-through-roi-rare-tracks-81-84\/","url":"https:\/\/wpguerssen-test.odoo.rgbconsulting.com\/es\/producto\/strength-through-roi-rare-tracks-81-84\/","name":"LAST RESORT - Strength Through Roi. Rare Tracks 81-84 - (LP) | Guerssen","isPartOf":{"@id":"https:\/\/wpguerssen-test.odoo.rgbconsulting.com\/es\/#website"},"primaryImageOfPage":{"@id":"https:\/\/wpguerssen-test.odoo.rgbconsulting.com\/es\/producto\/strength-through-roi-rare-tracks-81-84\/#primaryimage"},"image":{"@id":"https:\/\/wpguerssen-test.odoo.rgbconsulting.com\/es\/producto\/strength-through-roi-rare-tracks-81-84\/#primaryimage"},"thumbnailUrl":"https:\/\/wpguerssen-test.odoo.rgbconsulting.com\/wp-content\/uploads\/2025\/01\/49648-scaled.jpg","datePublished":"2025-02-13T23:00:00+00:00","dateModified":"2025-03-28T11:48:00+00:00","description":"Rare tracks compilation from the legendary UK OI! band the Last Resort featuring tracks recorded between 1980 and 1982 including the tracks from their seminal 'Violence In Our Minds' cassette single with Graham Saxby on vocals and their contributions to the national chart compilations \"Strength Thru Oi!\", \"Carry On Oi!\" and \"Oi! Oi! That's Yer Lot\". A major influence on the hardcore and punk scene, the LAST RESORT are still led by vocalist Roi Pearce to this day and they also feature Rancid guitarist Lars Frederiksen. Printed inner-sleeve, poster, and limited-edition postcard included.","breadcrumb":{"@id":"https:\/\/wpguerssen-test.odoo.rgbconsulting.com\/es\/producto\/strength-through-roi-rare-tracks-81-84\/#breadcrumb"},"inLanguage":"es","potentialAction":[{"@type":"ReadAction","target":["https:\/\/wpguerssen-test.odoo.rgbconsulting.com\/es\/producto\/strength-through-roi-rare-tracks-81-84\/"]}]},{"@type":"ImageObject","inLanguage":"es","@id":"https:\/\/wpguerssen-test.odoo.rgbconsulting.com\/es\/producto\/strength-through-roi-rare-tracks-81-84\/#primaryimage","url":"https:\/\/wpguerssen-test.odoo.rgbconsulting.com\/wp-content\/uploads\/2025\/01\/49648-scaled.jpg","contentUrl":"https:\/\/wpguerssen-test.odoo.rgbconsulting.com\/wp-content\/uploads\/2025\/01\/49648-scaled.jpg","width":2560,"height":2550},{"@type":"BreadcrumbList","@id":"https:\/\/wpguerssen-test.odoo.rgbconsulting.com\/es\/producto\/strength-through-roi-rare-tracks-81-84\/#breadcrumb","itemListElement":[{"@type":"ListItem","position":1,"name":"Inicio","item":"https:\/\/wpguerssen-test.odoo.rgbconsulting.com\/es\/"},{"@type":"ListItem","position":2,"name":"Shop","item":"https:\/\/wpguerssen-test.odoo.rgbconsulting.com\/shop\/"},{"@type":"ListItem","position":3,"name":"Strength Through Roi. Rare Tracks 81-84"}]},{"@type":"WebSite","@id":"https:\/\/wpguerssen-test.odoo.rgbconsulting.com\/es\/#website","url":"https:\/\/wpguerssen-test.odoo.rgbconsulting.com\/es\/","name":"Guerssen records","description":"psychedelia - progressive - folk - garage ","publisher":{"@id":"https:\/\/wpguerssen-test.odoo.rgbconsulting.com\/es\/#organization"},"potentialAction":[{"@type":"SearchAction","target":{"@type":"EntryPoint","urlTemplate":"https:\/\/wpguerssen-test.odoo.rgbconsulting.com\/es\/?s={search_term_string}"},"query-input":{"@type":"PropertyValueSpecification","valueRequired":true,"valueName":"search_term_string"}}],"inLanguage":"es"},{"@type":"Organization","@id":"https:\/\/wpguerssen-test.odoo.rgbconsulting.com\/es\/#organization","name":"Guerssen records","url":"https:\/\/wpguerssen-test.odoo.rgbconsulting.com\/es\/","logo":{"@type":"ImageObject","inLanguage":"es","@id":"https:\/\/wpguerssen-test.odoo.rgbconsulting.com\/es\/#\/schema\/logo\/image\/","url":"https:\/\/wpguerssen-test.odoo.rgbconsulting.com\/wp-content\/uploads\/2022\/04\/Logo_Guerssen_trans_100.png","contentUrl":"https:\/\/wpguerssen-test.odoo.rgbconsulting.com\/wp-content\/uploads\/2022\/04\/Logo_Guerssen_trans_100.png","width":122,"height":100,"caption":"Guerssen records"},"image":{"@id":"https:\/\/wpguerssen-test.odoo.rgbconsulting.com\/es\/#\/schema\/logo\/image\/"}}]}},"_links":{"self":[{"href":"https:\/\/wpguerssen-test.odoo.rgbconsulting.com\/es\/wp-json\/wp\/v2\/product\/282060","targetHints":{"allow":["GET"]}}],"collection":[{"href":"https:\/\/wpguerssen-test.odoo.rgbconsulting.com\/es\/wp-json\/wp\/v2\/product"}],"about":[{"href":"https:\/\/wpguerssen-test.odoo.rgbconsulting.com\/es\/wp-json\/wp\/v2\/types\/product"}],"wp:featuredmedia":[{"embeddable":true,"href":"https:\/\/wpguerssen-test.odoo.rgbconsulting.com\/es\/wp-json\/wp\/v2\/media\/281998"}],"wp:attachment":[{"href":"https:\/\/wpguerssen-test.odoo.rgbconsulting.com\/es\/wp-json\/wp\/v2\/media?parent=282060"}],"wp:term":[{"taxonomy":"product_brand","embeddable":true,"href":"https:\/\/wpguerssen-test.odoo.rgbconsulting.com\/es\/wp-json\/wp\/v2\/product_brand?post=282060"},{"taxonomy":"product_cat","embeddable":true,"href":"https:\/\/wpguerssen-test.odoo.rgbconsulting.com\/es\/wp-json\/wp\/v2\/product_cat?post=282060"},{"taxonomy":"product_tag","embeddable":true,"href":"https:\/\/wpguerssen-test.odoo.rgbconsulting.com\/es\/wp-json\/wp\/v2\/product_tag?post=282060"}],"curies":[{"name":"wp","href":"https:\/\/api.w.org\/{rel}","templated":true}]}}