{"id":282067,"date":"2025-02-03T00:00:00","date_gmt":"2025-02-02T23:00:00","guid":{"rendered":"https:\/\/wpguerssen-test.odoo.rgbconsulting.com\/product\/il-giro-del-giorno-in-80-mondi\/"},"modified":"2025-03-13T17:27:35","modified_gmt":"2025-03-13T16:27:35","slug":"il-giro-del-giorno-in-80-mondi","status":"publish","type":"product","link":"https:\/\/wpguerssen-test.odoo.rgbconsulting.com\/es\/producto\/il-giro-del-giorno-in-80-mondi\/","title":{"rendered":"Il Giro Del Giorno In 80 Mondi"},"content":{"rendered":"<p>Publicado originalmente en el sello Fonit Cetra en 1972 y reeditado en Black Saint en 1976, este es el legendario primer \u00e1lbum de Enrico Rava. Una mezcla ecl\u00e9ctica pero org\u00e1nica de lirismo abierto y groove funk neoyorquino. Respaldado por Bruce Johnson en la guitarra el\u00e9ctrica, Chip White en la bater\u00eda y Marcello Melis en el contrabajo (uno de los verdaderos h\u00e9roes an\u00f3nimos del jazz creativo italiano), Rava brilla a lo largo de todo el \u00e1lbum con su sonido muy distintivo y su profundo sentido de la melod\u00eda. Despu\u00e9s de m\u00e1s de 40 a\u00f1os, este maravilloso debut todav\u00eda suena fresco y vital como siempre.<\/p>\n","protected":false},"excerpt":{"rendered":"<p>Publicado originalmente en el sello Fonit Cetra en 1972 y reeditado en Black Saint en 1976, este es el legendario primer \u00e1lbum de Enrico Rava. Una mezcla ecl\u00e9ctica<a class=\"read\" href=\"https:\/\/wpguerssen-test.odoo.rgbconsulting.com\/es\/producto\/il-giro-del-giorno-in-80-mondi\/\"> (...)<\/a>","protected":false},"featured_media":282019,"template":"","meta":{"_acf_changed":false},"product_brand":[],"product_cat":[23229,23228],"product_tag":[24189],"class_list":{"0":"post-282067","1":"product","2":"type-product","3":"status-publish","4":"has-post-thumbnail","6":"product_cat-jazz-rock-es","7":"product_cat-jazz-funk-es","8":"product_tag-recien-llegadas","9":"pa_artist-rava-enrico","10":"pa_format-lp-es","11":"pa_gender-jazz-funk-jazz-rock","12":"pa_label-black-saint-eargong","13":"pa_location-europe-es","14":"pa_other-filters-vinyl-only-es","16":"first","17":"instock","18":"taxable","19":"shipping-taxable","20":"purchasable","21":"product-type-simple"},"acf":[],"yoast_head":"<!-- This site is optimized with the Yoast SEO plugin v24.9 - https:\/\/yoast.com\/wordpress\/plugins\/seo\/ -->\n<title>RAVA, Enrico - Il Giro Del Giorno In 80 Mondi -  (LP) | Guerssen<\/title>\n<meta name=\"description\" content=\"Originally issued on Fonit Cetra label in 1972, and then re-released on Black Saint in 1976, this is Enrico Rava&#039;s legendary first album. An eclectic yet organic mix of open lyricism and NYC funk groove. Backed up by Bruce Johnson on electric guitar, Chip White on drums and Marcello Melis on double bass (one of the true unsung heroes in Italian creative jazz), Rava shines throughout the whole album with his very distinctive sound and his deep sense of melody. After more than 40 years this marvelous debut still sounds fresh and vital as ever.\" \/>\n<meta name=\"robots\" content=\"index, follow, max-snippet:-1, max-image-preview:large, max-video-preview:-1\" \/>\n<link rel=\"canonical\" href=\"https:\/\/wpguerssen-test.odoo.rgbconsulting.com\/es\/producto\/il-giro-del-giorno-in-80-mondi\/\" \/>\n<meta property=\"og:locale\" content=\"es_ES\" \/>\n<meta property=\"og:type\" content=\"article\" \/>\n<meta property=\"og:title\" content=\"RAVA, Enrico - Il Giro Del Giorno In 80 Mondi -  (LP) | Guerssen\" \/>\n<meta property=\"og:description\" content=\"Originally issued on Fonit Cetra label in 1972, and then re-released on Black Saint in 1976, this is Enrico Rava&#039;s legendary first album. An eclectic yet organic mix of open lyricism and NYC funk groove. Backed up by Bruce Johnson on electric guitar, Chip White on drums and Marcello Melis on double bass (one of the true unsung heroes in Italian creative jazz), Rava shines throughout the whole album with his very distinctive sound and his deep sense of melody. After more than 40 years this marvelous debut still sounds fresh and vital as ever.\" \/>\n<meta property=\"og:url\" content=\"https:\/\/wpguerssen-test.odoo.rgbconsulting.com\/es\/producto\/il-giro-del-giorno-in-80-mondi\/\" \/>\n<meta property=\"og:site_name\" content=\"Guerssen records\" \/>\n<meta property=\"article:modified_time\" content=\"2025-03-13T16:27:35+00:00\" \/>\n<meta property=\"og:image\" content=\"https:\/\/wpguerssen-test.odoo.rgbconsulting.com\/wp-content\/uploads\/2025\/01\/49655-1024x1024.jpg\" \/>\n\t<meta property=\"og:image:width\" content=\"1024\" \/>\n\t<meta property=\"og:image:height\" content=\"1024\" \/>\n\t<meta property=\"og:image:type\" content=\"image\/jpeg\" \/>\n<meta name=\"twitter:card\" content=\"summary_large_image\" \/>\n<meta name=\"twitter:title\" content=\"RAVA, Enrico - Il Giro Del Giorno In 80 Mondi -  (LP) | Guerssen\" \/>\n<meta name=\"twitter:label1\" content=\"Tiempo de lectura\" \/>\n\t<meta name=\"twitter:data1\" content=\"1 minuto\" \/>\n<script type=\"application\/ld+json\" class=\"yoast-schema-graph\">{\"@context\":\"https:\/\/schema.org\",\"@graph\":[{\"@type\":\"WebPage\",\"@id\":\"https:\/\/wpguerssen-test.odoo.rgbconsulting.com\/es\/producto\/il-giro-del-giorno-in-80-mondi\/\",\"url\":\"https:\/\/wpguerssen-test.odoo.rgbconsulting.com\/es\/producto\/il-giro-del-giorno-in-80-mondi\/\",\"name\":\"RAVA, Enrico - Il Giro Del Giorno In 80 Mondi - (LP) | Guerssen\",\"isPartOf\":{\"@id\":\"https:\/\/wpguerssen-test.odoo.rgbconsulting.com\/es\/#website\"},\"primaryImageOfPage\":{\"@id\":\"https:\/\/wpguerssen-test.odoo.rgbconsulting.com\/es\/producto\/il-giro-del-giorno-in-80-mondi\/#primaryimage\"},\"image\":{\"@id\":\"https:\/\/wpguerssen-test.odoo.rgbconsulting.com\/es\/producto\/il-giro-del-giorno-in-80-mondi\/#primaryimage\"},\"thumbnailUrl\":\"https:\/\/wpguerssen-test.odoo.rgbconsulting.com\/wp-content\/uploads\/2025\/01\/49655.jpg\",\"datePublished\":\"2025-02-02T23:00:00+00:00\",\"dateModified\":\"2025-03-13T16:27:35+00:00\",\"description\":\"Originally issued on Fonit Cetra label in 1972, and then re-released on Black Saint in 1976, this is Enrico Rava's legendary first album. An eclectic yet organic mix of open lyricism and NYC funk groove. Backed up by Bruce Johnson on electric guitar, Chip White on drums and Marcello Melis on double bass (one of the true unsung heroes in Italian creative jazz), Rava shines throughout the whole album with his very distinctive sound and his deep sense of melody. After more than 40 years this marvelous debut still sounds fresh and vital as ever.\",\"breadcrumb\":{\"@id\":\"https:\/\/wpguerssen-test.odoo.rgbconsulting.com\/es\/producto\/il-giro-del-giorno-in-80-mondi\/#breadcrumb\"},\"inLanguage\":\"es\",\"potentialAction\":[{\"@type\":\"ReadAction\",\"target\":[\"https:\/\/wpguerssen-test.odoo.rgbconsulting.com\/es\/producto\/il-giro-del-giorno-in-80-mondi\/\"]}]},{\"@type\":\"ImageObject\",\"inLanguage\":\"es\",\"@id\":\"https:\/\/wpguerssen-test.odoo.rgbconsulting.com\/es\/producto\/il-giro-del-giorno-in-80-mondi\/#primaryimage\",\"url\":\"https:\/\/wpguerssen-test.odoo.rgbconsulting.com\/wp-content\/uploads\/2025\/01\/49655.jpg\",\"contentUrl\":\"https:\/\/wpguerssen-test.odoo.rgbconsulting.com\/wp-content\/uploads\/2025\/01\/49655.jpg\",\"width\":1441,\"height\":1440,\"caption\":\"Enrico - Il Giro Del Giorno In 80 Mondi - BLACK SAINT\/EARGONG (LP) | Guerssen\"},{\"@type\":\"BreadcrumbList\",\"@id\":\"https:\/\/wpguerssen-test.odoo.rgbconsulting.com\/es\/producto\/il-giro-del-giorno-in-80-mondi\/#breadcrumb\",\"itemListElement\":[{\"@type\":\"ListItem\",\"position\":1,\"name\":\"Inicio\",\"item\":\"https:\/\/wpguerssen-test.odoo.rgbconsulting.com\/es\/\"},{\"@type\":\"ListItem\",\"position\":2,\"name\":\"Shop\",\"item\":\"https:\/\/wpguerssen-test.odoo.rgbconsulting.com\/shop\/\"},{\"@type\":\"ListItem\",\"position\":3,\"name\":\"Il Giro Del Giorno In 80 Mondi\"}]},{\"@type\":\"WebSite\",\"@id\":\"https:\/\/wpguerssen-test.odoo.rgbconsulting.com\/es\/#website\",\"url\":\"https:\/\/wpguerssen-test.odoo.rgbconsulting.com\/es\/\",\"name\":\"Guerssen records\",\"description\":\"psychedelia - progressive - folk - garage \",\"publisher\":{\"@id\":\"https:\/\/wpguerssen-test.odoo.rgbconsulting.com\/es\/#organization\"},\"potentialAction\":[{\"@type\":\"SearchAction\",\"target\":{\"@type\":\"EntryPoint\",\"urlTemplate\":\"https:\/\/wpguerssen-test.odoo.rgbconsulting.com\/es\/?s={search_term_string}\"},\"query-input\":{\"@type\":\"PropertyValueSpecification\",\"valueRequired\":true,\"valueName\":\"search_term_string\"}}],\"inLanguage\":\"es\"},{\"@type\":\"Organization\",\"@id\":\"https:\/\/wpguerssen-test.odoo.rgbconsulting.com\/es\/#organization\",\"name\":\"Guerssen records\",\"url\":\"https:\/\/wpguerssen-test.odoo.rgbconsulting.com\/es\/\",\"logo\":{\"@type\":\"ImageObject\",\"inLanguage\":\"es\",\"@id\":\"https:\/\/wpguerssen-test.odoo.rgbconsulting.com\/es\/#\/schema\/logo\/image\/\",\"url\":\"https:\/\/wpguerssen-test.odoo.rgbconsulting.com\/wp-content\/uploads\/2022\/04\/Logo_Guerssen_trans_100.png\",\"contentUrl\":\"https:\/\/wpguerssen-test.odoo.rgbconsulting.com\/wp-content\/uploads\/2022\/04\/Logo_Guerssen_trans_100.png\",\"width\":122,\"height\":100,\"caption\":\"Guerssen records\"},\"image\":{\"@id\":\"https:\/\/wpguerssen-test.odoo.rgbconsulting.com\/es\/#\/schema\/logo\/image\/\"}}]}<\/script>\n<!-- \/ Yoast SEO plugin. -->","yoast_head_json":{"title":"RAVA, Enrico - Il Giro Del Giorno In 80 Mondi -  (LP) | Guerssen","description":"Originally issued on Fonit Cetra label in 1972, and then re-released on Black Saint in 1976, this is Enrico Rava's legendary first album. An eclectic yet organic mix of open lyricism and NYC funk groove. Backed up by Bruce Johnson on electric guitar, Chip White on drums and Marcello Melis on double bass (one of the true unsung heroes in Italian creative jazz), Rava shines throughout the whole album with his very distinctive sound and his deep sense of melody. After more than 40 years this marvelous debut still sounds fresh and vital as ever.","robots":{"index":"index","follow":"follow","max-snippet":"max-snippet:-1","max-image-preview":"max-image-preview:large","max-video-preview":"max-video-preview:-1"},"canonical":"https:\/\/wpguerssen-test.odoo.rgbconsulting.com\/es\/producto\/il-giro-del-giorno-in-80-mondi\/","og_locale":"es_ES","og_type":"article","og_title":"RAVA, Enrico - Il Giro Del Giorno In 80 Mondi -  (LP) | Guerssen","og_description":"Originally issued on Fonit Cetra label in 1972, and then re-released on Black Saint in 1976, this is Enrico Rava's legendary first album. An eclectic yet organic mix of open lyricism and NYC funk groove. Backed up by Bruce Johnson on electric guitar, Chip White on drums and Marcello Melis on double bass (one of the true unsung heroes in Italian creative jazz), Rava shines throughout the whole album with his very distinctive sound and his deep sense of melody. After more than 40 years this marvelous debut still sounds fresh and vital as ever.","og_url":"https:\/\/wpguerssen-test.odoo.rgbconsulting.com\/es\/producto\/il-giro-del-giorno-in-80-mondi\/","og_site_name":"Guerssen records","article_modified_time":"2025-03-13T16:27:35+00:00","og_image":[{"width":1024,"height":1024,"url":"https:\/\/wpguerssen-test.odoo.rgbconsulting.com\/wp-content\/uploads\/2025\/01\/49655-1024x1024.jpg","type":"image\/jpeg"}],"twitter_card":"summary_large_image","twitter_title":"RAVA, Enrico - Il Giro Del Giorno In 80 Mondi -  (LP) | Guerssen","twitter_misc":{"Tiempo de lectura":"1 minuto"},"schema":{"@context":"https:\/\/schema.org","@graph":[{"@type":"WebPage","@id":"https:\/\/wpguerssen-test.odoo.rgbconsulting.com\/es\/producto\/il-giro-del-giorno-in-80-mondi\/","url":"https:\/\/wpguerssen-test.odoo.rgbconsulting.com\/es\/producto\/il-giro-del-giorno-in-80-mondi\/","name":"RAVA, Enrico - Il Giro Del Giorno In 80 Mondi - (LP) | Guerssen","isPartOf":{"@id":"https:\/\/wpguerssen-test.odoo.rgbconsulting.com\/es\/#website"},"primaryImageOfPage":{"@id":"https:\/\/wpguerssen-test.odoo.rgbconsulting.com\/es\/producto\/il-giro-del-giorno-in-80-mondi\/#primaryimage"},"image":{"@id":"https:\/\/wpguerssen-test.odoo.rgbconsulting.com\/es\/producto\/il-giro-del-giorno-in-80-mondi\/#primaryimage"},"thumbnailUrl":"https:\/\/wpguerssen-test.odoo.rgbconsulting.com\/wp-content\/uploads\/2025\/01\/49655.jpg","datePublished":"2025-02-02T23:00:00+00:00","dateModified":"2025-03-13T16:27:35+00:00","description":"Originally issued on Fonit Cetra label in 1972, and then re-released on Black Saint in 1976, this is Enrico Rava's legendary first album. An eclectic yet organic mix of open lyricism and NYC funk groove. Backed up by Bruce Johnson on electric guitar, Chip White on drums and Marcello Melis on double bass (one of the true unsung heroes in Italian creative jazz), Rava shines throughout the whole album with his very distinctive sound and his deep sense of melody. After more than 40 years this marvelous debut still sounds fresh and vital as ever.","breadcrumb":{"@id":"https:\/\/wpguerssen-test.odoo.rgbconsulting.com\/es\/producto\/il-giro-del-giorno-in-80-mondi\/#breadcrumb"},"inLanguage":"es","potentialAction":[{"@type":"ReadAction","target":["https:\/\/wpguerssen-test.odoo.rgbconsulting.com\/es\/producto\/il-giro-del-giorno-in-80-mondi\/"]}]},{"@type":"ImageObject","inLanguage":"es","@id":"https:\/\/wpguerssen-test.odoo.rgbconsulting.com\/es\/producto\/il-giro-del-giorno-in-80-mondi\/#primaryimage","url":"https:\/\/wpguerssen-test.odoo.rgbconsulting.com\/wp-content\/uploads\/2025\/01\/49655.jpg","contentUrl":"https:\/\/wpguerssen-test.odoo.rgbconsulting.com\/wp-content\/uploads\/2025\/01\/49655.jpg","width":1441,"height":1440,"caption":"Enrico - Il Giro Del Giorno In 80 Mondi - BLACK SAINT\/EARGONG (LP) | Guerssen"},{"@type":"BreadcrumbList","@id":"https:\/\/wpguerssen-test.odoo.rgbconsulting.com\/es\/producto\/il-giro-del-giorno-in-80-mondi\/#breadcrumb","itemListElement":[{"@type":"ListItem","position":1,"name":"Inicio","item":"https:\/\/wpguerssen-test.odoo.rgbconsulting.com\/es\/"},{"@type":"ListItem","position":2,"name":"Shop","item":"https:\/\/wpguerssen-test.odoo.rgbconsulting.com\/shop\/"},{"@type":"ListItem","position":3,"name":"Il Giro Del Giorno In 80 Mondi"}]},{"@type":"WebSite","@id":"https:\/\/wpguerssen-test.odoo.rgbconsulting.com\/es\/#website","url":"https:\/\/wpguerssen-test.odoo.rgbconsulting.com\/es\/","name":"Guerssen records","description":"psychedelia - progressive - folk - garage ","publisher":{"@id":"https:\/\/wpguerssen-test.odoo.rgbconsulting.com\/es\/#organization"},"potentialAction":[{"@type":"SearchAction","target":{"@type":"EntryPoint","urlTemplate":"https:\/\/wpguerssen-test.odoo.rgbconsulting.com\/es\/?s={search_term_string}"},"query-input":{"@type":"PropertyValueSpecification","valueRequired":true,"valueName":"search_term_string"}}],"inLanguage":"es"},{"@type":"Organization","@id":"https:\/\/wpguerssen-test.odoo.rgbconsulting.com\/es\/#organization","name":"Guerssen records","url":"https:\/\/wpguerssen-test.odoo.rgbconsulting.com\/es\/","logo":{"@type":"ImageObject","inLanguage":"es","@id":"https:\/\/wpguerssen-test.odoo.rgbconsulting.com\/es\/#\/schema\/logo\/image\/","url":"https:\/\/wpguerssen-test.odoo.rgbconsulting.com\/wp-content\/uploads\/2022\/04\/Logo_Guerssen_trans_100.png","contentUrl":"https:\/\/wpguerssen-test.odoo.rgbconsulting.com\/wp-content\/uploads\/2022\/04\/Logo_Guerssen_trans_100.png","width":122,"height":100,"caption":"Guerssen records"},"image":{"@id":"https:\/\/wpguerssen-test.odoo.rgbconsulting.com\/es\/#\/schema\/logo\/image\/"}}]}},"_links":{"self":[{"href":"https:\/\/wpguerssen-test.odoo.rgbconsulting.com\/es\/wp-json\/wp\/v2\/product\/282067","targetHints":{"allow":["GET"]}}],"collection":[{"href":"https:\/\/wpguerssen-test.odoo.rgbconsulting.com\/es\/wp-json\/wp\/v2\/product"}],"about":[{"href":"https:\/\/wpguerssen-test.odoo.rgbconsulting.com\/es\/wp-json\/wp\/v2\/types\/product"}],"wp:featuredmedia":[{"embeddable":true,"href":"https:\/\/wpguerssen-test.odoo.rgbconsulting.com\/es\/wp-json\/wp\/v2\/media\/282019"}],"wp:attachment":[{"href":"https:\/\/wpguerssen-test.odoo.rgbconsulting.com\/es\/wp-json\/wp\/v2\/media?parent=282067"}],"wp:term":[{"taxonomy":"product_brand","embeddable":true,"href":"https:\/\/wpguerssen-test.odoo.rgbconsulting.com\/es\/wp-json\/wp\/v2\/product_brand?post=282067"},{"taxonomy":"product_cat","embeddable":true,"href":"https:\/\/wpguerssen-test.odoo.rgbconsulting.com\/es\/wp-json\/wp\/v2\/product_cat?post=282067"},{"taxonomy":"product_tag","embeddable":true,"href":"https:\/\/wpguerssen-test.odoo.rgbconsulting.com\/es\/wp-json\/wp\/v2\/product_tag?post=282067"}],"curies":[{"name":"wp","href":"https:\/\/api.w.org\/{rel}","templated":true}]}}