{"id":282375,"date":"2025-02-14T00:00:00","date_gmt":"2025-02-13T23:00:00","guid":{"rendered":"https:\/\/wpguerssen-test.odoo.rgbconsulting.com\/product\/o-incrivel-manito-pink\/"},"modified":"2025-04-23T17:38:36","modified_gmt":"2025-04-23T15:38:36","slug":"o-incrivel-manito-pink","status":"publish","type":"product","link":"https:\/\/wpguerssen-test.odoo.rgbconsulting.com\/es\/producto\/o-incrivel-manito-pink\/","title":{"rendered":"O Incrivel Manito (pink)"},"content":{"rendered":"<p>O Incr\u00edvel Manito, una de las obras maestras del Jazz Funk brasile\u00f1o. Reconstruimos la historia de su vida como miembro de varias bandas en los a\u00f1os 60 como The Clevers y Os Incriveis y su carrera en solitario. El LP lanzado originalmente en 1970 incluye un interior con fotograf\u00edas incre\u00edbles de los a\u00f1os 60 y 70.  Con algunas composiciones originales y versiones de algunos cl\u00e1sicos del groove de los a\u00f1os 60 reorganizados por Manito con sabor tropical.<\/p>\n","protected":false},"excerpt":{"rendered":"<p>O Incr\u00edvel Manito, una de las obras maestras del Jazz Funk brasile\u00f1o. Reconstruimos la historia de su vida como miembro de varias bandas en los a\u00f1os 60 como The<a class=\"read\" href=\"https:\/\/wpguerssen-test.odoo.rgbconsulting.com\/es\/producto\/o-incrivel-manito-pink\/\"> (...)<\/a>","protected":false},"featured_media":282210,"template":"","meta":{"_acf_changed":false},"product_brand":[],"product_cat":[23231,23228],"product_tag":[29140,24189],"class_list":{"0":"post-282375","1":"product","2":"type-product","3":"status-publish","4":"has-post-thumbnail","6":"product_cat-latin-brazilian-es","7":"product_cat-jazz-funk-es","8":"product_tag-color-vinyl-es","9":"product_tag-recien-llegadas","10":"pa_artist-manito-o-incrivel","11":"pa_format-lp-es","12":"pa_gender-jazz-funk-latin-brazilian","13":"pa_label-groovie-records","14":"pa_location-south-america-caribbean-es","15":"pa_other-filters-vinyl-only-es","17":"first","18":"instock","19":"taxable","20":"shipping-taxable","21":"purchasable","22":"product-type-simple"},"acf":[],"yoast_head":"<!-- This site is optimized with the Yoast SEO plugin v24.9 - https:\/\/yoast.com\/wordpress\/plugins\/seo\/ -->\n<title>MANITO, O INCR\u00cdVEL - O Incrivel Manito (pink) -  (LP) | Guerssen<\/title>\n<meta name=\"description\" content=\"The Incr\u00edvel Manito, one of the masterpieces of Brazilian Jazz Funk. No together with his family we constructed the story of his live as a member of several bands in the 60&#039;s like The Clevers and Os Incriveis and his solo career. The was LP originally released in 1970 includes an inner with incredible photos from the 60&#039;s and 70&#039;s. With a few original compositions and covers of some 1960&#039;s groove classics rearranged by Manito with tropical flavor.\" \/>\n<meta name=\"robots\" content=\"index, follow, max-snippet:-1, max-image-preview:large, max-video-preview:-1\" \/>\n<link rel=\"canonical\" href=\"https:\/\/wpguerssen-test.odoo.rgbconsulting.com\/es\/producto\/o-incrivel-manito-pink\/\" \/>\n<meta property=\"og:locale\" content=\"es_ES\" \/>\n<meta property=\"og:type\" content=\"article\" \/>\n<meta property=\"og:title\" content=\"MANITO, O INCR\u00cdVEL - O Incrivel Manito (pink) -  (LP) | Guerssen\" \/>\n<meta property=\"og:description\" content=\"The Incr\u00edvel Manito, one of the masterpieces of Brazilian Jazz Funk. No together with his family we constructed the story of his live as a member of several bands in the 60&#039;s like The Clevers and Os Incriveis and his solo career. The was LP originally released in 1970 includes an inner with incredible photos from the 60&#039;s and 70&#039;s. With a few original compositions and covers of some 1960&#039;s groove classics rearranged by Manito with tropical flavor.\" \/>\n<meta property=\"og:url\" content=\"https:\/\/wpguerssen-test.odoo.rgbconsulting.com\/es\/producto\/o-incrivel-manito-pink\/\" \/>\n<meta property=\"og:site_name\" content=\"Guerssen records\" \/>\n<meta property=\"article:modified_time\" content=\"2025-04-23T15:38:36+00:00\" \/>\n<meta property=\"og:image\" content=\"https:\/\/wpguerssen-test.odoo.rgbconsulting.com\/wp-content\/uploads\/2025\/01\/49680.jpg\" \/>\n\t<meta property=\"og:image:width\" content=\"1200\" \/>\n\t<meta property=\"og:image:height\" content=\"1200\" \/>\n\t<meta property=\"og:image:type\" content=\"image\/jpeg\" \/>\n<meta name=\"twitter:card\" content=\"summary_large_image\" \/>\n<meta name=\"twitter:title\" content=\"MANITO, O INCR\u00cdVEL - O Incrivel Manito (pink) -  (LP) | Guerssen\" \/>\n<script type=\"application\/ld+json\" class=\"yoast-schema-graph\">{\"@context\":\"https:\/\/schema.org\",\"@graph\":[{\"@type\":\"WebPage\",\"@id\":\"https:\/\/wpguerssen-test.odoo.rgbconsulting.com\/es\/producto\/o-incrivel-manito-pink\/\",\"url\":\"https:\/\/wpguerssen-test.odoo.rgbconsulting.com\/es\/producto\/o-incrivel-manito-pink\/\",\"name\":\"MANITO, O INCR\u00cdVEL - O Incrivel Manito (pink) - (LP) | Guerssen\",\"isPartOf\":{\"@id\":\"https:\/\/wpguerssen-test.odoo.rgbconsulting.com\/es\/#website\"},\"primaryImageOfPage\":{\"@id\":\"https:\/\/wpguerssen-test.odoo.rgbconsulting.com\/es\/producto\/o-incrivel-manito-pink\/#primaryimage\"},\"image\":{\"@id\":\"https:\/\/wpguerssen-test.odoo.rgbconsulting.com\/es\/producto\/o-incrivel-manito-pink\/#primaryimage\"},\"thumbnailUrl\":\"https:\/\/wpguerssen-test.odoo.rgbconsulting.com\/wp-content\/uploads\/2025\/01\/49680.jpg\",\"datePublished\":\"2025-02-13T23:00:00+00:00\",\"dateModified\":\"2025-04-23T15:38:36+00:00\",\"description\":\"The Incr\u00edvel Manito, one of the masterpieces of Brazilian Jazz Funk. No together with his family we constructed the story of his live as a member of several bands in the 60's like The Clevers and Os Incriveis and his solo career. The was LP originally released in 1970 includes an inner with incredible photos from the 60's and 70's. With a few original compositions and covers of some 1960's groove classics rearranged by Manito with tropical flavor.\",\"breadcrumb\":{\"@id\":\"https:\/\/wpguerssen-test.odoo.rgbconsulting.com\/es\/producto\/o-incrivel-manito-pink\/#breadcrumb\"},\"inLanguage\":\"es\",\"potentialAction\":[{\"@type\":\"ReadAction\",\"target\":[\"https:\/\/wpguerssen-test.odoo.rgbconsulting.com\/es\/producto\/o-incrivel-manito-pink\/\"]}]},{\"@type\":\"ImageObject\",\"inLanguage\":\"es\",\"@id\":\"https:\/\/wpguerssen-test.odoo.rgbconsulting.com\/es\/producto\/o-incrivel-manito-pink\/#primaryimage\",\"url\":\"https:\/\/wpguerssen-test.odoo.rgbconsulting.com\/wp-content\/uploads\/2025\/01\/49680.jpg\",\"contentUrl\":\"https:\/\/wpguerssen-test.odoo.rgbconsulting.com\/wp-content\/uploads\/2025\/01\/49680.jpg\",\"width\":1200,\"height\":1200,\"caption\":\"O INCR\u00cdVEL - O Incrivel Manito (pink) - GROOVIE RECORDS (LP) | Guerssen\"},{\"@type\":\"BreadcrumbList\",\"@id\":\"https:\/\/wpguerssen-test.odoo.rgbconsulting.com\/es\/producto\/o-incrivel-manito-pink\/#breadcrumb\",\"itemListElement\":[{\"@type\":\"ListItem\",\"position\":1,\"name\":\"Inicio\",\"item\":\"https:\/\/wpguerssen-test.odoo.rgbconsulting.com\/es\/\"},{\"@type\":\"ListItem\",\"position\":2,\"name\":\"Shop\",\"item\":\"https:\/\/wpguerssen-test.odoo.rgbconsulting.com\/shop\/\"},{\"@type\":\"ListItem\",\"position\":3,\"name\":\"O Incrivel Manito (pink)\"}]},{\"@type\":\"WebSite\",\"@id\":\"https:\/\/wpguerssen-test.odoo.rgbconsulting.com\/es\/#website\",\"url\":\"https:\/\/wpguerssen-test.odoo.rgbconsulting.com\/es\/\",\"name\":\"Guerssen records\",\"description\":\"psychedelia - progressive - folk - garage \",\"publisher\":{\"@id\":\"https:\/\/wpguerssen-test.odoo.rgbconsulting.com\/es\/#organization\"},\"potentialAction\":[{\"@type\":\"SearchAction\",\"target\":{\"@type\":\"EntryPoint\",\"urlTemplate\":\"https:\/\/wpguerssen-test.odoo.rgbconsulting.com\/es\/?s={search_term_string}\"},\"query-input\":{\"@type\":\"PropertyValueSpecification\",\"valueRequired\":true,\"valueName\":\"search_term_string\"}}],\"inLanguage\":\"es\"},{\"@type\":\"Organization\",\"@id\":\"https:\/\/wpguerssen-test.odoo.rgbconsulting.com\/es\/#organization\",\"name\":\"Guerssen records\",\"url\":\"https:\/\/wpguerssen-test.odoo.rgbconsulting.com\/es\/\",\"logo\":{\"@type\":\"ImageObject\",\"inLanguage\":\"es\",\"@id\":\"https:\/\/wpguerssen-test.odoo.rgbconsulting.com\/es\/#\/schema\/logo\/image\/\",\"url\":\"https:\/\/wpguerssen-test.odoo.rgbconsulting.com\/wp-content\/uploads\/2022\/04\/Logo_Guerssen_trans_100.png\",\"contentUrl\":\"https:\/\/wpguerssen-test.odoo.rgbconsulting.com\/wp-content\/uploads\/2022\/04\/Logo_Guerssen_trans_100.png\",\"width\":122,\"height\":100,\"caption\":\"Guerssen records\"},\"image\":{\"@id\":\"https:\/\/wpguerssen-test.odoo.rgbconsulting.com\/es\/#\/schema\/logo\/image\/\"}}]}<\/script>\n<!-- \/ Yoast SEO plugin. -->","yoast_head_json":{"title":"MANITO, O INCR\u00cdVEL - O Incrivel Manito (pink) -  (LP) | Guerssen","description":"The Incr\u00edvel Manito, one of the masterpieces of Brazilian Jazz Funk. No together with his family we constructed the story of his live as a member of several bands in the 60's like The Clevers and Os Incriveis and his solo career. The was LP originally released in 1970 includes an inner with incredible photos from the 60's and 70's. With a few original compositions and covers of some 1960's groove classics rearranged by Manito with tropical flavor.","robots":{"index":"index","follow":"follow","max-snippet":"max-snippet:-1","max-image-preview":"max-image-preview:large","max-video-preview":"max-video-preview:-1"},"canonical":"https:\/\/wpguerssen-test.odoo.rgbconsulting.com\/es\/producto\/o-incrivel-manito-pink\/","og_locale":"es_ES","og_type":"article","og_title":"MANITO, O INCR\u00cdVEL - O Incrivel Manito (pink) -  (LP) | Guerssen","og_description":"The Incr\u00edvel Manito, one of the masterpieces of Brazilian Jazz Funk. No together with his family we constructed the story of his live as a member of several bands in the 60's like The Clevers and Os Incriveis and his solo career. The was LP originally released in 1970 includes an inner with incredible photos from the 60's and 70's. With a few original compositions and covers of some 1960's groove classics rearranged by Manito with tropical flavor.","og_url":"https:\/\/wpguerssen-test.odoo.rgbconsulting.com\/es\/producto\/o-incrivel-manito-pink\/","og_site_name":"Guerssen records","article_modified_time":"2025-04-23T15:38:36+00:00","og_image":[{"width":1200,"height":1200,"url":"https:\/\/wpguerssen-test.odoo.rgbconsulting.com\/wp-content\/uploads\/2025\/01\/49680.jpg","type":"image\/jpeg"}],"twitter_card":"summary_large_image","twitter_title":"MANITO, O INCR\u00cdVEL - O Incrivel Manito (pink) -  (LP) | Guerssen","schema":{"@context":"https:\/\/schema.org","@graph":[{"@type":"WebPage","@id":"https:\/\/wpguerssen-test.odoo.rgbconsulting.com\/es\/producto\/o-incrivel-manito-pink\/","url":"https:\/\/wpguerssen-test.odoo.rgbconsulting.com\/es\/producto\/o-incrivel-manito-pink\/","name":"MANITO, O INCR\u00cdVEL - O Incrivel Manito (pink) - (LP) | Guerssen","isPartOf":{"@id":"https:\/\/wpguerssen-test.odoo.rgbconsulting.com\/es\/#website"},"primaryImageOfPage":{"@id":"https:\/\/wpguerssen-test.odoo.rgbconsulting.com\/es\/producto\/o-incrivel-manito-pink\/#primaryimage"},"image":{"@id":"https:\/\/wpguerssen-test.odoo.rgbconsulting.com\/es\/producto\/o-incrivel-manito-pink\/#primaryimage"},"thumbnailUrl":"https:\/\/wpguerssen-test.odoo.rgbconsulting.com\/wp-content\/uploads\/2025\/01\/49680.jpg","datePublished":"2025-02-13T23:00:00+00:00","dateModified":"2025-04-23T15:38:36+00:00","description":"The Incr\u00edvel Manito, one of the masterpieces of Brazilian Jazz Funk. No together with his family we constructed the story of his live as a member of several bands in the 60's like The Clevers and Os Incriveis and his solo career. The was LP originally released in 1970 includes an inner with incredible photos from the 60's and 70's. With a few original compositions and covers of some 1960's groove classics rearranged by Manito with tropical flavor.","breadcrumb":{"@id":"https:\/\/wpguerssen-test.odoo.rgbconsulting.com\/es\/producto\/o-incrivel-manito-pink\/#breadcrumb"},"inLanguage":"es","potentialAction":[{"@type":"ReadAction","target":["https:\/\/wpguerssen-test.odoo.rgbconsulting.com\/es\/producto\/o-incrivel-manito-pink\/"]}]},{"@type":"ImageObject","inLanguage":"es","@id":"https:\/\/wpguerssen-test.odoo.rgbconsulting.com\/es\/producto\/o-incrivel-manito-pink\/#primaryimage","url":"https:\/\/wpguerssen-test.odoo.rgbconsulting.com\/wp-content\/uploads\/2025\/01\/49680.jpg","contentUrl":"https:\/\/wpguerssen-test.odoo.rgbconsulting.com\/wp-content\/uploads\/2025\/01\/49680.jpg","width":1200,"height":1200,"caption":"O INCR\u00cdVEL - O Incrivel Manito (pink) - GROOVIE RECORDS (LP) | Guerssen"},{"@type":"BreadcrumbList","@id":"https:\/\/wpguerssen-test.odoo.rgbconsulting.com\/es\/producto\/o-incrivel-manito-pink\/#breadcrumb","itemListElement":[{"@type":"ListItem","position":1,"name":"Inicio","item":"https:\/\/wpguerssen-test.odoo.rgbconsulting.com\/es\/"},{"@type":"ListItem","position":2,"name":"Shop","item":"https:\/\/wpguerssen-test.odoo.rgbconsulting.com\/shop\/"},{"@type":"ListItem","position":3,"name":"O Incrivel Manito (pink)"}]},{"@type":"WebSite","@id":"https:\/\/wpguerssen-test.odoo.rgbconsulting.com\/es\/#website","url":"https:\/\/wpguerssen-test.odoo.rgbconsulting.com\/es\/","name":"Guerssen records","description":"psychedelia - progressive - folk - garage ","publisher":{"@id":"https:\/\/wpguerssen-test.odoo.rgbconsulting.com\/es\/#organization"},"potentialAction":[{"@type":"SearchAction","target":{"@type":"EntryPoint","urlTemplate":"https:\/\/wpguerssen-test.odoo.rgbconsulting.com\/es\/?s={search_term_string}"},"query-input":{"@type":"PropertyValueSpecification","valueRequired":true,"valueName":"search_term_string"}}],"inLanguage":"es"},{"@type":"Organization","@id":"https:\/\/wpguerssen-test.odoo.rgbconsulting.com\/es\/#organization","name":"Guerssen records","url":"https:\/\/wpguerssen-test.odoo.rgbconsulting.com\/es\/","logo":{"@type":"ImageObject","inLanguage":"es","@id":"https:\/\/wpguerssen-test.odoo.rgbconsulting.com\/es\/#\/schema\/logo\/image\/","url":"https:\/\/wpguerssen-test.odoo.rgbconsulting.com\/wp-content\/uploads\/2022\/04\/Logo_Guerssen_trans_100.png","contentUrl":"https:\/\/wpguerssen-test.odoo.rgbconsulting.com\/wp-content\/uploads\/2022\/04\/Logo_Guerssen_trans_100.png","width":122,"height":100,"caption":"Guerssen records"},"image":{"@id":"https:\/\/wpguerssen-test.odoo.rgbconsulting.com\/es\/#\/schema\/logo\/image\/"}}]}},"_links":{"self":[{"href":"https:\/\/wpguerssen-test.odoo.rgbconsulting.com\/es\/wp-json\/wp\/v2\/product\/282375","targetHints":{"allow":["GET"]}}],"collection":[{"href":"https:\/\/wpguerssen-test.odoo.rgbconsulting.com\/es\/wp-json\/wp\/v2\/product"}],"about":[{"href":"https:\/\/wpguerssen-test.odoo.rgbconsulting.com\/es\/wp-json\/wp\/v2\/types\/product"}],"wp:featuredmedia":[{"embeddable":true,"href":"https:\/\/wpguerssen-test.odoo.rgbconsulting.com\/es\/wp-json\/wp\/v2\/media\/282210"}],"wp:attachment":[{"href":"https:\/\/wpguerssen-test.odoo.rgbconsulting.com\/es\/wp-json\/wp\/v2\/media?parent=282375"}],"wp:term":[{"taxonomy":"product_brand","embeddable":true,"href":"https:\/\/wpguerssen-test.odoo.rgbconsulting.com\/es\/wp-json\/wp\/v2\/product_brand?post=282375"},{"taxonomy":"product_cat","embeddable":true,"href":"https:\/\/wpguerssen-test.odoo.rgbconsulting.com\/es\/wp-json\/wp\/v2\/product_cat?post=282375"},{"taxonomy":"product_tag","embeddable":true,"href":"https:\/\/wpguerssen-test.odoo.rgbconsulting.com\/es\/wp-json\/wp\/v2\/product_tag?post=282375"}],"curies":[{"name":"wp","href":"https:\/\/api.w.org\/{rel}","templated":true}]}}