{"id":282382,"date":"2025-02-20T00:00:00","date_gmt":"2025-02-19T23:00:00","guid":{"rendered":"https:\/\/wpguerssen-test.odoo.rgbconsulting.com\/product\/cosmic-discotheque-vol-7\/"},"modified":"2025-04-08T15:42:00","modified_gmt":"2025-04-08T13:42:00","slug":"cosmic-discotheque-vol-7","status":"publish","type":"product","link":"https:\/\/wpguerssen-test.odoo.rgbconsulting.com\/es\/producto\/cosmic-discotheque-vol-7\/","title":{"rendered":"Cosmic Discotheque vol. 7"},"content":{"rendered":"<p>Adictos a la discoteca, all\u00e1 vamos: \u00a1el s\u00e9ptimo volumen de Cosmic Discoteque finalmente est\u00e1 aqu\u00ed para hacerte bailar como nunca antes! Esta vez nos sumergiremos en los sonidos disco m\u00e1s brillantes y locos de finales de los 70. Nuestro radar sigue desenterrando sencillos olvidados ocultos y grandes caras B oscuras. Todo lo que se encuentra en los mercadillos m\u00e1s remotos e impredecibles.<br \/>Si pensabas que se acabaron las sorpresas, prep\u00e1rate para sorprenderte: esta recopilaci\u00f3n traer\u00e1 los sonidos Disco m\u00e1s extra\u00f1os, creativos y magn\u00e9ticos a tu pista de baile. 12 pistas \u00fanicas que te llevar\u00e1n en un viaje a trav\u00e9s de la era del brillo, las luces estrobosc\u00f3picas y los ritmos irresistibles. Cosmic Discoteque Vol.7 es la lista de reproducci\u00f3n perfecta para desatar cualquier fiesta y una mina de oro para todos los buscadores. Coge tu bebida, sube el volumen y haz hueco en la pista de baile: \u00a1la magia disco ha vuelto!<br \/>Tracklist:<br \/>Side A<br \/>1 Black Buster &#8211; Old Man (1975) 2 Carl Barok &#8211; Blue Nights In Granada (1977) 3 Ambros Seelos Group &#8211; Surprise (1976) 4 The Ninchuks &#8211; Bruce Lee&#8217;s Return Of The Dragon (1974) 5 Cordobes &#8211; El Cordobes (1978) 6 The Hearts Of Stones &#8211; Losing You (Instr.) (1977)<br \/>Side B<br \/>1 John Ozila &#8211; L&#8217;orange Bleue (1979) 2 Sergent York &#8211; Milky Way (1976) 3 P. Persons &#8211; Sha Va Va (1976) 4 Spunky &#8211; Funky Feeling (Part 2) (1976) 5 Spaghetti Head &#8211; Funky Voodoo (1979) 6 Viva Maria &#8211; Spanish Drums (1978)<\/p>\n","protected":false},"excerpt":{"rendered":"<p>Adictos a la discoteca, all\u00e1 vamos: \u00a1el s\u00e9ptimo volumen de Cosmic Discoteque finalmente est\u00e1 aqu\u00ed para hacerte bailar como nunca antes! Esta vez nos sumergiremos<a class=\"read\" href=\"https:\/\/wpguerssen-test.odoo.rgbconsulting.com\/es\/producto\/cosmic-discotheque-vol-7\/\"> (...)<\/a>","protected":false},"featured_media":282231,"template":"","meta":{"_acf_changed":false},"product_brand":[],"product_cat":[23258,23265],"product_tag":[24189],"class_list":{"0":"post-282382","1":"product","2":"type-product","3":"status-publish","4":"has-post-thumbnail","6":"product_cat-afro-funk-afrobeat-es","7":"product_cat-disco-cosmic-italo-es","8":"product_tag-recien-llegadas","9":"pa_artist-various-artists-es","10":"pa_format-lp-es","11":"pa_gender-disco-cosmic-italo-afro-funk-afrobeat","12":"pa_label-naughty-rhythm","13":"pa_location-europe-es","14":"pa_other-filters-vinyl-only-es","16":"first","17":"instock","18":"taxable","19":"shipping-taxable","20":"purchasable","21":"product-type-simple"},"acf":[],"yoast_head":"<!-- This site is optimized with the Yoast SEO plugin v24.9 - https:\/\/yoast.com\/wordpress\/plugins\/seo\/ -->\n<title>VARIOUS ARTISTS - Cosmic Discotheque vol. 7 -  (LP) | Guerssen<\/title>\n<meta name=\"description\" content=\"Disco-junkies, here we go: the seventh volume of Cosmic Discoteque is finally here to make you dance like never before! This time we&#039;ll dive deep into the brightest and craziest Disco sounds of the late 70s. Our radar keeps unearthing hidden forgotten singles and great obscure B-sides. All stuff found in the most remote and unpredictable flea markets.If you thought the surprises were over, get ready to be amazingly surprised: this compilation will bring the most bizarre, creative and magnetic Disco sounds to your dance floor. 12 unique tracks that will take you on a journey through the era of glitter, strobe lights and irresistible grooves. Cosmic Discoteque Vol.7 is the perfect playlist to unleash any party and a gold mine for all the diggers out there. Grab your drink, turn up the volume and make room on the dance floor: disco magic is back!Tracklist:Side A1 Black Buster - Old Man (1975) 2 Carl Barok - Blue Nights In Granada (1977) 3 Ambros Seelos Group - Surprise (1976) 4 The Ninchuks - Bruce Lee&#039;s Return Of The Dragon (1974) 5 Cordobes - El Cordobes (1978) 6 The Hearts Of Stones - Losing You (Instr.) (1977)Side B1 John Ozila - L&#039;orange Bleue (1979) 2 Sergent York - Milky Way (1976) 3 P. Persons - Sha Va Va (1976) 4 Spunky - Funky Feeling (Part 2) (1976) 5 Spaghetti Head - Funky Voodoo (1979) 6 Viva Maria - Spanish Drums (1978)\" \/>\n<meta name=\"robots\" content=\"index, follow, max-snippet:-1, max-image-preview:large, max-video-preview:-1\" \/>\n<link rel=\"canonical\" href=\"https:\/\/wpguerssen-test.odoo.rgbconsulting.com\/es\/producto\/cosmic-discotheque-vol-7\/\" \/>\n<meta property=\"og:locale\" content=\"es_ES\" \/>\n<meta property=\"og:type\" content=\"article\" \/>\n<meta property=\"og:title\" content=\"VARIOUS ARTISTS - Cosmic Discotheque vol. 7 -  (LP) | Guerssen\" \/>\n<meta property=\"og:description\" content=\"Disco-junkies, here we go: the seventh volume of Cosmic Discoteque is finally here to make you dance like never before! This time we&#039;ll dive deep into the brightest and craziest Disco sounds of the late 70s. Our radar keeps unearthing hidden forgotten singles and great obscure B-sides. All stuff found in the most remote and unpredictable flea markets.If you thought the surprises were over, get ready to be amazingly surprised: this compilation will bring the most bizarre, creative and magnetic Disco sounds to your dance floor. 12 unique tracks that will take you on a journey through the era of glitter, strobe lights and irresistible grooves. Cosmic Discoteque Vol.7 is the perfect playlist to unleash any party and a gold mine for all the diggers out there. Grab your drink, turn up the volume and make room on the dance floor: disco magic is back!Tracklist:Side A1 Black Buster - Old Man (1975) 2 Carl Barok - Blue Nights In Granada (1977) 3 Ambros Seelos Group - Surprise (1976) 4 The Ninchuks - Bruce Lee&#039;s Return Of The Dragon (1974) 5 Cordobes - El Cordobes (1978) 6 The Hearts Of Stones - Losing You (Instr.) (1977)Side B1 John Ozila - L&#039;orange Bleue (1979) 2 Sergent York - Milky Way (1976) 3 P. Persons - Sha Va Va (1976) 4 Spunky - Funky Feeling (Part 2) (1976) 5 Spaghetti Head - Funky Voodoo (1979) 6 Viva Maria - Spanish Drums (1978)\" \/>\n<meta property=\"og:url\" content=\"https:\/\/wpguerssen-test.odoo.rgbconsulting.com\/es\/producto\/cosmic-discotheque-vol-7\/\" \/>\n<meta property=\"og:site_name\" content=\"Guerssen records\" \/>\n<meta property=\"article:modified_time\" content=\"2025-04-08T13:42:00+00:00\" \/>\n<meta property=\"og:image\" content=\"https:\/\/wpguerssen-test.odoo.rgbconsulting.com\/wp-content\/uploads\/2025\/01\/49687.jpg\" \/>\n\t<meta property=\"og:image:width\" content=\"480\" \/>\n\t<meta property=\"og:image:height\" content=\"480\" \/>\n\t<meta property=\"og:image:type\" content=\"image\/jpeg\" \/>\n<meta name=\"twitter:card\" content=\"summary_large_image\" \/>\n<meta name=\"twitter:title\" content=\"VARIOUS ARTISTS - Cosmic Discotheque vol. 7 -  (LP) | Guerssen\" \/>\n<meta name=\"twitter:label1\" content=\"Tiempo de lectura\" \/>\n\t<meta name=\"twitter:data1\" content=\"1 minuto\" \/>\n<script type=\"application\/ld+json\" class=\"yoast-schema-graph\">{\"@context\":\"https:\/\/schema.org\",\"@graph\":[{\"@type\":\"WebPage\",\"@id\":\"https:\/\/wpguerssen-test.odoo.rgbconsulting.com\/es\/producto\/cosmic-discotheque-vol-7\/\",\"url\":\"https:\/\/wpguerssen-test.odoo.rgbconsulting.com\/es\/producto\/cosmic-discotheque-vol-7\/\",\"name\":\"VARIOUS ARTISTS - Cosmic Discotheque vol. 7 - (LP) | Guerssen\",\"isPartOf\":{\"@id\":\"https:\/\/wpguerssen-test.odoo.rgbconsulting.com\/es\/#website\"},\"primaryImageOfPage\":{\"@id\":\"https:\/\/wpguerssen-test.odoo.rgbconsulting.com\/es\/producto\/cosmic-discotheque-vol-7\/#primaryimage\"},\"image\":{\"@id\":\"https:\/\/wpguerssen-test.odoo.rgbconsulting.com\/es\/producto\/cosmic-discotheque-vol-7\/#primaryimage\"},\"thumbnailUrl\":\"https:\/\/wpguerssen-test.odoo.rgbconsulting.com\/wp-content\/uploads\/2025\/01\/49687.jpg\",\"datePublished\":\"2025-02-19T23:00:00+00:00\",\"dateModified\":\"2025-04-08T13:42:00+00:00\",\"description\":\"Disco-junkies, here we go: the seventh volume of Cosmic Discoteque is finally here to make you dance like never before! This time we'll dive deep into the brightest and craziest Disco sounds of the late 70s. Our radar keeps unearthing hidden forgotten singles and great obscure B-sides. All stuff found in the most remote and unpredictable flea markets.If you thought the surprises were over, get ready to be amazingly surprised: this compilation will bring the most bizarre, creative and magnetic Disco sounds to your dance floor. 12 unique tracks that will take you on a journey through the era of glitter, strobe lights and irresistible grooves. Cosmic Discoteque Vol.7 is the perfect playlist to unleash any party and a gold mine for all the diggers out there. Grab your drink, turn up the volume and make room on the dance floor: disco magic is back!Tracklist:Side A1 Black Buster - Old Man (1975) 2 Carl Barok - Blue Nights In Granada (1977) 3 Ambros Seelos Group - Surprise (1976) 4 The Ninchuks - Bruce Lee's Return Of The Dragon (1974) 5 Cordobes - El Cordobes (1978) 6 The Hearts Of Stones - Losing You (Instr.) (1977)Side B1 John Ozila - L'orange Bleue (1979) 2 Sergent York - Milky Way (1976) 3 P. Persons - Sha Va Va (1976) 4 Spunky - Funky Feeling (Part 2) (1976) 5 Spaghetti Head - Funky Voodoo (1979) 6 Viva Maria - Spanish Drums (1978)\",\"breadcrumb\":{\"@id\":\"https:\/\/wpguerssen-test.odoo.rgbconsulting.com\/es\/producto\/cosmic-discotheque-vol-7\/#breadcrumb\"},\"inLanguage\":\"es\",\"potentialAction\":[{\"@type\":\"ReadAction\",\"target\":[\"https:\/\/wpguerssen-test.odoo.rgbconsulting.com\/es\/producto\/cosmic-discotheque-vol-7\/\"]}]},{\"@type\":\"ImageObject\",\"inLanguage\":\"es\",\"@id\":\"https:\/\/wpguerssen-test.odoo.rgbconsulting.com\/es\/producto\/cosmic-discotheque-vol-7\/#primaryimage\",\"url\":\"https:\/\/wpguerssen-test.odoo.rgbconsulting.com\/wp-content\/uploads\/2025\/01\/49687.jpg\",\"contentUrl\":\"https:\/\/wpguerssen-test.odoo.rgbconsulting.com\/wp-content\/uploads\/2025\/01\/49687.jpg\",\"width\":480,\"height\":480},{\"@type\":\"BreadcrumbList\",\"@id\":\"https:\/\/wpguerssen-test.odoo.rgbconsulting.com\/es\/producto\/cosmic-discotheque-vol-7\/#breadcrumb\",\"itemListElement\":[{\"@type\":\"ListItem\",\"position\":1,\"name\":\"Inicio\",\"item\":\"https:\/\/wpguerssen-test.odoo.rgbconsulting.com\/es\/\"},{\"@type\":\"ListItem\",\"position\":2,\"name\":\"Shop\",\"item\":\"https:\/\/wpguerssen-test.odoo.rgbconsulting.com\/shop\/\"},{\"@type\":\"ListItem\",\"position\":3,\"name\":\"Cosmic Discotheque vol. 7\"}]},{\"@type\":\"WebSite\",\"@id\":\"https:\/\/wpguerssen-test.odoo.rgbconsulting.com\/es\/#website\",\"url\":\"https:\/\/wpguerssen-test.odoo.rgbconsulting.com\/es\/\",\"name\":\"Guerssen records\",\"description\":\"psychedelia - progressive - folk - garage \",\"publisher\":{\"@id\":\"https:\/\/wpguerssen-test.odoo.rgbconsulting.com\/es\/#organization\"},\"potentialAction\":[{\"@type\":\"SearchAction\",\"target\":{\"@type\":\"EntryPoint\",\"urlTemplate\":\"https:\/\/wpguerssen-test.odoo.rgbconsulting.com\/es\/?s={search_term_string}\"},\"query-input\":{\"@type\":\"PropertyValueSpecification\",\"valueRequired\":true,\"valueName\":\"search_term_string\"}}],\"inLanguage\":\"es\"},{\"@type\":\"Organization\",\"@id\":\"https:\/\/wpguerssen-test.odoo.rgbconsulting.com\/es\/#organization\",\"name\":\"Guerssen records\",\"url\":\"https:\/\/wpguerssen-test.odoo.rgbconsulting.com\/es\/\",\"logo\":{\"@type\":\"ImageObject\",\"inLanguage\":\"es\",\"@id\":\"https:\/\/wpguerssen-test.odoo.rgbconsulting.com\/es\/#\/schema\/logo\/image\/\",\"url\":\"https:\/\/wpguerssen-test.odoo.rgbconsulting.com\/wp-content\/uploads\/2022\/04\/Logo_Guerssen_trans_100.png\",\"contentUrl\":\"https:\/\/wpguerssen-test.odoo.rgbconsulting.com\/wp-content\/uploads\/2022\/04\/Logo_Guerssen_trans_100.png\",\"width\":122,\"height\":100,\"caption\":\"Guerssen records\"},\"image\":{\"@id\":\"https:\/\/wpguerssen-test.odoo.rgbconsulting.com\/es\/#\/schema\/logo\/image\/\"}}]}<\/script>\n<!-- \/ Yoast SEO plugin. -->","yoast_head_json":{"title":"VARIOUS ARTISTS - Cosmic Discotheque vol. 7 -  (LP) | Guerssen","description":"Disco-junkies, here we go: the seventh volume of Cosmic Discoteque is finally here to make you dance like never before! This time we'll dive deep into the brightest and craziest Disco sounds of the late 70s. Our radar keeps unearthing hidden forgotten singles and great obscure B-sides. All stuff found in the most remote and unpredictable flea markets.If you thought the surprises were over, get ready to be amazingly surprised: this compilation will bring the most bizarre, creative and magnetic Disco sounds to your dance floor. 12 unique tracks that will take you on a journey through the era of glitter, strobe lights and irresistible grooves. Cosmic Discoteque Vol.7 is the perfect playlist to unleash any party and a gold mine for all the diggers out there. Grab your drink, turn up the volume and make room on the dance floor: disco magic is back!Tracklist:Side A1 Black Buster - Old Man (1975) 2 Carl Barok - Blue Nights In Granada (1977) 3 Ambros Seelos Group - Surprise (1976) 4 The Ninchuks - Bruce Lee's Return Of The Dragon (1974) 5 Cordobes - El Cordobes (1978) 6 The Hearts Of Stones - Losing You (Instr.) (1977)Side B1 John Ozila - L'orange Bleue (1979) 2 Sergent York - Milky Way (1976) 3 P. Persons - Sha Va Va (1976) 4 Spunky - Funky Feeling (Part 2) (1976) 5 Spaghetti Head - Funky Voodoo (1979) 6 Viva Maria - Spanish Drums (1978)","robots":{"index":"index","follow":"follow","max-snippet":"max-snippet:-1","max-image-preview":"max-image-preview:large","max-video-preview":"max-video-preview:-1"},"canonical":"https:\/\/wpguerssen-test.odoo.rgbconsulting.com\/es\/producto\/cosmic-discotheque-vol-7\/","og_locale":"es_ES","og_type":"article","og_title":"VARIOUS ARTISTS - Cosmic Discotheque vol. 7 -  (LP) | Guerssen","og_description":"Disco-junkies, here we go: the seventh volume of Cosmic Discoteque is finally here to make you dance like never before! This time we'll dive deep into the brightest and craziest Disco sounds of the late 70s. Our radar keeps unearthing hidden forgotten singles and great obscure B-sides. All stuff found in the most remote and unpredictable flea markets.If you thought the surprises were over, get ready to be amazingly surprised: this compilation will bring the most bizarre, creative and magnetic Disco sounds to your dance floor. 12 unique tracks that will take you on a journey through the era of glitter, strobe lights and irresistible grooves. Cosmic Discoteque Vol.7 is the perfect playlist to unleash any party and a gold mine for all the diggers out there. Grab your drink, turn up the volume and make room on the dance floor: disco magic is back!Tracklist:Side A1 Black Buster - Old Man (1975) 2 Carl Barok - Blue Nights In Granada (1977) 3 Ambros Seelos Group - Surprise (1976) 4 The Ninchuks - Bruce Lee's Return Of The Dragon (1974) 5 Cordobes - El Cordobes (1978) 6 The Hearts Of Stones - Losing You (Instr.) (1977)Side B1 John Ozila - L'orange Bleue (1979) 2 Sergent York - Milky Way (1976) 3 P. Persons - Sha Va Va (1976) 4 Spunky - Funky Feeling (Part 2) (1976) 5 Spaghetti Head - Funky Voodoo (1979) 6 Viva Maria - Spanish Drums (1978)","og_url":"https:\/\/wpguerssen-test.odoo.rgbconsulting.com\/es\/producto\/cosmic-discotheque-vol-7\/","og_site_name":"Guerssen records","article_modified_time":"2025-04-08T13:42:00+00:00","og_image":[{"width":480,"height":480,"url":"https:\/\/wpguerssen-test.odoo.rgbconsulting.com\/wp-content\/uploads\/2025\/01\/49687.jpg","type":"image\/jpeg"}],"twitter_card":"summary_large_image","twitter_title":"VARIOUS ARTISTS - Cosmic Discotheque vol. 7 -  (LP) | Guerssen","twitter_misc":{"Tiempo de lectura":"1 minuto"},"schema":{"@context":"https:\/\/schema.org","@graph":[{"@type":"WebPage","@id":"https:\/\/wpguerssen-test.odoo.rgbconsulting.com\/es\/producto\/cosmic-discotheque-vol-7\/","url":"https:\/\/wpguerssen-test.odoo.rgbconsulting.com\/es\/producto\/cosmic-discotheque-vol-7\/","name":"VARIOUS ARTISTS - Cosmic Discotheque vol. 7 - (LP) | Guerssen","isPartOf":{"@id":"https:\/\/wpguerssen-test.odoo.rgbconsulting.com\/es\/#website"},"primaryImageOfPage":{"@id":"https:\/\/wpguerssen-test.odoo.rgbconsulting.com\/es\/producto\/cosmic-discotheque-vol-7\/#primaryimage"},"image":{"@id":"https:\/\/wpguerssen-test.odoo.rgbconsulting.com\/es\/producto\/cosmic-discotheque-vol-7\/#primaryimage"},"thumbnailUrl":"https:\/\/wpguerssen-test.odoo.rgbconsulting.com\/wp-content\/uploads\/2025\/01\/49687.jpg","datePublished":"2025-02-19T23:00:00+00:00","dateModified":"2025-04-08T13:42:00+00:00","description":"Disco-junkies, here we go: the seventh volume of Cosmic Discoteque is finally here to make you dance like never before! This time we'll dive deep into the brightest and craziest Disco sounds of the late 70s. Our radar keeps unearthing hidden forgotten singles and great obscure B-sides. All stuff found in the most remote and unpredictable flea markets.If you thought the surprises were over, get ready to be amazingly surprised: this compilation will bring the most bizarre, creative and magnetic Disco sounds to your dance floor. 12 unique tracks that will take you on a journey through the era of glitter, strobe lights and irresistible grooves. Cosmic Discoteque Vol.7 is the perfect playlist to unleash any party and a gold mine for all the diggers out there. Grab your drink, turn up the volume and make room on the dance floor: disco magic is back!Tracklist:Side A1 Black Buster - Old Man (1975) 2 Carl Barok - Blue Nights In Granada (1977) 3 Ambros Seelos Group - Surprise (1976) 4 The Ninchuks - Bruce Lee's Return Of The Dragon (1974) 5 Cordobes - El Cordobes (1978) 6 The Hearts Of Stones - Losing You (Instr.) (1977)Side B1 John Ozila - L'orange Bleue (1979) 2 Sergent York - Milky Way (1976) 3 P. Persons - Sha Va Va (1976) 4 Spunky - Funky Feeling (Part 2) (1976) 5 Spaghetti Head - Funky Voodoo (1979) 6 Viva Maria - Spanish Drums (1978)","breadcrumb":{"@id":"https:\/\/wpguerssen-test.odoo.rgbconsulting.com\/es\/producto\/cosmic-discotheque-vol-7\/#breadcrumb"},"inLanguage":"es","potentialAction":[{"@type":"ReadAction","target":["https:\/\/wpguerssen-test.odoo.rgbconsulting.com\/es\/producto\/cosmic-discotheque-vol-7\/"]}]},{"@type":"ImageObject","inLanguage":"es","@id":"https:\/\/wpguerssen-test.odoo.rgbconsulting.com\/es\/producto\/cosmic-discotheque-vol-7\/#primaryimage","url":"https:\/\/wpguerssen-test.odoo.rgbconsulting.com\/wp-content\/uploads\/2025\/01\/49687.jpg","contentUrl":"https:\/\/wpguerssen-test.odoo.rgbconsulting.com\/wp-content\/uploads\/2025\/01\/49687.jpg","width":480,"height":480},{"@type":"BreadcrumbList","@id":"https:\/\/wpguerssen-test.odoo.rgbconsulting.com\/es\/producto\/cosmic-discotheque-vol-7\/#breadcrumb","itemListElement":[{"@type":"ListItem","position":1,"name":"Inicio","item":"https:\/\/wpguerssen-test.odoo.rgbconsulting.com\/es\/"},{"@type":"ListItem","position":2,"name":"Shop","item":"https:\/\/wpguerssen-test.odoo.rgbconsulting.com\/shop\/"},{"@type":"ListItem","position":3,"name":"Cosmic Discotheque vol. 7"}]},{"@type":"WebSite","@id":"https:\/\/wpguerssen-test.odoo.rgbconsulting.com\/es\/#website","url":"https:\/\/wpguerssen-test.odoo.rgbconsulting.com\/es\/","name":"Guerssen records","description":"psychedelia - progressive - folk - garage ","publisher":{"@id":"https:\/\/wpguerssen-test.odoo.rgbconsulting.com\/es\/#organization"},"potentialAction":[{"@type":"SearchAction","target":{"@type":"EntryPoint","urlTemplate":"https:\/\/wpguerssen-test.odoo.rgbconsulting.com\/es\/?s={search_term_string}"},"query-input":{"@type":"PropertyValueSpecification","valueRequired":true,"valueName":"search_term_string"}}],"inLanguage":"es"},{"@type":"Organization","@id":"https:\/\/wpguerssen-test.odoo.rgbconsulting.com\/es\/#organization","name":"Guerssen records","url":"https:\/\/wpguerssen-test.odoo.rgbconsulting.com\/es\/","logo":{"@type":"ImageObject","inLanguage":"es","@id":"https:\/\/wpguerssen-test.odoo.rgbconsulting.com\/es\/#\/schema\/logo\/image\/","url":"https:\/\/wpguerssen-test.odoo.rgbconsulting.com\/wp-content\/uploads\/2022\/04\/Logo_Guerssen_trans_100.png","contentUrl":"https:\/\/wpguerssen-test.odoo.rgbconsulting.com\/wp-content\/uploads\/2022\/04\/Logo_Guerssen_trans_100.png","width":122,"height":100,"caption":"Guerssen records"},"image":{"@id":"https:\/\/wpguerssen-test.odoo.rgbconsulting.com\/es\/#\/schema\/logo\/image\/"}}]}},"_links":{"self":[{"href":"https:\/\/wpguerssen-test.odoo.rgbconsulting.com\/es\/wp-json\/wp\/v2\/product\/282382","targetHints":{"allow":["GET"]}}],"collection":[{"href":"https:\/\/wpguerssen-test.odoo.rgbconsulting.com\/es\/wp-json\/wp\/v2\/product"}],"about":[{"href":"https:\/\/wpguerssen-test.odoo.rgbconsulting.com\/es\/wp-json\/wp\/v2\/types\/product"}],"wp:featuredmedia":[{"embeddable":true,"href":"https:\/\/wpguerssen-test.odoo.rgbconsulting.com\/es\/wp-json\/wp\/v2\/media\/282231"}],"wp:attachment":[{"href":"https:\/\/wpguerssen-test.odoo.rgbconsulting.com\/es\/wp-json\/wp\/v2\/media?parent=282382"}],"wp:term":[{"taxonomy":"product_brand","embeddable":true,"href":"https:\/\/wpguerssen-test.odoo.rgbconsulting.com\/es\/wp-json\/wp\/v2\/product_brand?post=282382"},{"taxonomy":"product_cat","embeddable":true,"href":"https:\/\/wpguerssen-test.odoo.rgbconsulting.com\/es\/wp-json\/wp\/v2\/product_cat?post=282382"},{"taxonomy":"product_tag","embeddable":true,"href":"https:\/\/wpguerssen-test.odoo.rgbconsulting.com\/es\/wp-json\/wp\/v2\/product_tag?post=282382"}],"curies":[{"name":"wp","href":"https:\/\/api.w.org\/{rel}","templated":true}]}}