{"id":282383,"date":"2025-02-20T00:00:00","date_gmt":"2025-02-19T23:00:00","guid":{"rendered":"https:\/\/wpguerssen-test.odoo.rgbconsulting.com\/product\/super-funk-12-rare-funky-70s-jams\/"},"modified":"2025-04-23T17:38:47","modified_gmt":"2025-04-23T15:38:47","slug":"super-funk-12-rare-funky-70s-jams","status":"publish","type":"product","link":"https:\/\/wpguerssen-test.odoo.rgbconsulting.com\/es\/producto\/super-funk-12-rare-funky-70s-jams\/","title":{"rendered":"Super Funk. 12 Rare funky 70s Jams"},"content":{"rendered":"<p>Un mensaje para todos los amantes del funk, el momento que estaban esperando est\u00e1 aqu\u00ed: \u00a1\u00bbSuper Funk\u00bb est\u00e1 aqu\u00ed para llevarlos en un viaje a las muchas caras del groove!<br \/>Esta compilaci\u00f3n es una celebraci\u00f3n total del funk. en todas sus formas, desde el root m\u00e1s cl\u00e1sico hasta los contagiosos ritmos afro funk, pasando por las brillantes vibraciones del Disco-Funk de los 70. Cada pista ha sido cuidadosamente seleccionada para captar el esp\u00edritu \u00fanico de un g\u00e9nero que nunca dejar\u00e1 de hacer que tus pies se muevan y tu coraz\u00f3n lata. Dentro de \u00abSuper Funk\u00bb encontrar\u00e1s potentes l\u00edneas de bajo, guitarras wah-wah y vientos funk que te arrastrar\u00e1n directamente a la pista de baile.<br \/>Es un concentrado de energ\u00eda, perfecto para cualquier ocasi\u00f3n: desde la fiesta m\u00e1s salvaje hasta ese momento preciso. cuando s\u00f3lo quieres sentirte esclavo del ritmo. 12 temas explosivos que cruzan d\u00e9cadas y continentes, dise\u00f1ados para los fans m\u00e1s fieles y para aquellos que quieren descubrir o redescubrir el lado m\u00e1s funk de la m\u00fasica. \u00a1As\u00ed que ponte los pantalones acampanados, enciende la bola de espejos y deja que el ritmo te domine!<br \/>Tracklist:<br \/>Side A<br \/>1 Raw Enery &#8211; Peace And Love (1977) 2 Resonance &#8211; O:K. Chicago (1974) 3 Max B &#8211; Super Bwana (1977) 4 African People &#8211; Jungle Song (1974) 5 Black Blowing Flowers &#8211; Uskudarra (1975) 6 Doctor Dark &#8211; Red Hot Passion (Instrumental) (1976)<br \/>Side B<br \/>1 Hudson People &#8211; Hudson&#8217;s Funked Itthis Time (1979) 2 Epsilon &#8211; Elephant Funk (1976) 3 The Chubukos &#8211; House Of The Rising Funk (1973) 4 Zubaba &#8211; Kumbaya (1972) 5 Seeds Of The Earth &#8211; Brother Bad (1975) 6 Spaghetti Head &#8211; Funky Axe (1975)<\/p>\n","protected":false},"excerpt":{"rendered":"<p>Un mensaje para todos los amantes del funk, el momento que estaban esperando est\u00e1 aqu\u00ed: \u00a1\u00bbSuper Funk\u00bb est\u00e1 aqu\u00ed para llevarlos en un viaje a las muchas caras<a class=\"read\" href=\"https:\/\/wpguerssen-test.odoo.rgbconsulting.com\/es\/producto\/super-funk-12-rare-funky-70s-jams\/\"> (...)<\/a>","protected":false},"featured_media":282234,"template":"","meta":{"_acf_changed":false},"product_brand":[],"product_cat":[23258,23265],"product_tag":[24189],"class_list":{"0":"post-282383","1":"product","2":"type-product","3":"status-publish","4":"has-post-thumbnail","6":"product_cat-afro-funk-afrobeat-es","7":"product_cat-disco-cosmic-italo-es","8":"product_tag-recien-llegadas","9":"pa_artist-various-artists-es","10":"pa_format-lp-es","11":"pa_gender-disco-cosmic-italo-afro-funk-afrobeat","12":"pa_label-naughty-rhythm","13":"pa_location-north-america-es","14":"pa_other-filters-vinyl-only-es","16":"first","17":"instock","18":"taxable","19":"shipping-taxable","20":"purchasable","21":"product-type-simple"},"acf":[],"yoast_head":"<!-- This site is optimized with the Yoast SEO plugin v24.9 - https:\/\/yoast.com\/wordpress\/plugins\/seo\/ -->\n<title>VARIOUS ARTISTS - Super Funk. 12 Rare funky 70s Jams -  (LP) | Guerssen<\/title>\n<meta name=\"description\" content=\"A message for all funk lovers out there, the moment you&#039;ve been waiting for is here: &quot;Super Funk&quot; is here to take you on a journey into the many faces of groove!This compilation is a total celebration of funk in all its forms, from the most classic roots to the infectious Afro funk rhythms, passing through the bright vibrations of 70s Disco-Funk. Each track has been carefully selected to catch the unique spirit of a genre that will never stop making your feet moving and your heart beating. Inside &quot;Super Funk&quot; you will find powerful basslines, wah-wah guitars and funk horns that will drag you directly to the dance floor.It&#039;s a concentrate of energy, perfect for any occasion: from the wildest party to that precise moment when you just want to feel slave to the groove. 12 explosive tracks crossing decades and continents, designed for the most loyal fans and for those who want to discover or rediscover the funkiest side of music. So just put on your bell-bottoms, turn on the mirror ball, and let the groove take you over!Tracklist:Side A1 Raw Enery - Peace And Love (1977) 2 Resonance - O:K. Chicago (1974) 3 Max B - Super Bwana (1977) 4 African People - Jungle Song (1974) 5 Black Blowing Flowers - Uskudarra (1975) 6 Doctor Dark - Red Hot Passion (Instrumental) (1976)Side B1 Hudson People - Hudson&#039;s Funked Itthis Time (1979) 2 Epsilon - Elephant Funk (1976) 3 The Chubukos - House Of The Rising Funk (1973) 4 Zubaba - Kumbaya (1972) 5 Seeds Of The Earth - Brother Bad (1975) 6 Spaghetti Head - Funky Axe (1975)\" \/>\n<meta name=\"robots\" content=\"index, follow, max-snippet:-1, max-image-preview:large, max-video-preview:-1\" \/>\n<link rel=\"canonical\" href=\"https:\/\/wpguerssen-test.odoo.rgbconsulting.com\/es\/producto\/super-funk-12-rare-funky-70s-jams\/\" \/>\n<meta property=\"og:locale\" content=\"es_ES\" \/>\n<meta property=\"og:type\" content=\"article\" \/>\n<meta property=\"og:title\" content=\"VARIOUS ARTISTS - Super Funk. 12 Rare funky 70s Jams -  (LP) | Guerssen\" \/>\n<meta property=\"og:description\" content=\"A message for all funk lovers out there, the moment you&#039;ve been waiting for is here: &quot;Super Funk&quot; is here to take you on a journey into the many faces of groove!This compilation is a total celebration of funk in all its forms, from the most classic roots to the infectious Afro funk rhythms, passing through the bright vibrations of 70s Disco-Funk. Each track has been carefully selected to catch the unique spirit of a genre that will never stop making your feet moving and your heart beating. Inside &quot;Super Funk&quot; you will find powerful basslines, wah-wah guitars and funk horns that will drag you directly to the dance floor.It&#039;s a concentrate of energy, perfect for any occasion: from the wildest party to that precise moment when you just want to feel slave to the groove. 12 explosive tracks crossing decades and continents, designed for the most loyal fans and for those who want to discover or rediscover the funkiest side of music. So just put on your bell-bottoms, turn on the mirror ball, and let the groove take you over!Tracklist:Side A1 Raw Enery - Peace And Love (1977) 2 Resonance - O:K. Chicago (1974) 3 Max B - Super Bwana (1977) 4 African People - Jungle Song (1974) 5 Black Blowing Flowers - Uskudarra (1975) 6 Doctor Dark - Red Hot Passion (Instrumental) (1976)Side B1 Hudson People - Hudson&#039;s Funked Itthis Time (1979) 2 Epsilon - Elephant Funk (1976) 3 The Chubukos - House Of The Rising Funk (1973) 4 Zubaba - Kumbaya (1972) 5 Seeds Of The Earth - Brother Bad (1975) 6 Spaghetti Head - Funky Axe (1975)\" \/>\n<meta property=\"og:url\" content=\"https:\/\/wpguerssen-test.odoo.rgbconsulting.com\/es\/producto\/super-funk-12-rare-funky-70s-jams\/\" \/>\n<meta property=\"og:site_name\" content=\"Guerssen records\" \/>\n<meta property=\"article:modified_time\" content=\"2025-04-23T15:38:47+00:00\" \/>\n<meta property=\"og:image\" content=\"https:\/\/wpguerssen-test.odoo.rgbconsulting.com\/wp-content\/uploads\/2025\/01\/49690.jpg\" \/>\n\t<meta property=\"og:image:width\" content=\"480\" \/>\n\t<meta property=\"og:image:height\" content=\"480\" \/>\n\t<meta property=\"og:image:type\" content=\"image\/jpeg\" \/>\n<meta name=\"twitter:card\" content=\"summary_large_image\" \/>\n<meta name=\"twitter:title\" content=\"VARIOUS ARTISTS - Super Funk. 12 Rare funky 70s Jams -  (LP) | Guerssen\" \/>\n<meta name=\"twitter:label1\" content=\"Tiempo de lectura\" \/>\n\t<meta name=\"twitter:data1\" content=\"1 minuto\" \/>\n<script type=\"application\/ld+json\" class=\"yoast-schema-graph\">{\"@context\":\"https:\/\/schema.org\",\"@graph\":[{\"@type\":\"WebPage\",\"@id\":\"https:\/\/wpguerssen-test.odoo.rgbconsulting.com\/es\/producto\/super-funk-12-rare-funky-70s-jams\/\",\"url\":\"https:\/\/wpguerssen-test.odoo.rgbconsulting.com\/es\/producto\/super-funk-12-rare-funky-70s-jams\/\",\"name\":\"VARIOUS ARTISTS - Super Funk. 12 Rare funky 70s Jams - (LP) | Guerssen\",\"isPartOf\":{\"@id\":\"https:\/\/wpguerssen-test.odoo.rgbconsulting.com\/es\/#website\"},\"primaryImageOfPage\":{\"@id\":\"https:\/\/wpguerssen-test.odoo.rgbconsulting.com\/es\/producto\/super-funk-12-rare-funky-70s-jams\/#primaryimage\"},\"image\":{\"@id\":\"https:\/\/wpguerssen-test.odoo.rgbconsulting.com\/es\/producto\/super-funk-12-rare-funky-70s-jams\/#primaryimage\"},\"thumbnailUrl\":\"https:\/\/wpguerssen-test.odoo.rgbconsulting.com\/wp-content\/uploads\/2025\/01\/49690.jpg\",\"datePublished\":\"2025-02-19T23:00:00+00:00\",\"dateModified\":\"2025-04-23T15:38:47+00:00\",\"description\":\"A message for all funk lovers out there, the moment you've been waiting for is here: \\\"Super Funk\\\" is here to take you on a journey into the many faces of groove!This compilation is a total celebration of funk in all its forms, from the most classic roots to the infectious Afro funk rhythms, passing through the bright vibrations of 70s Disco-Funk. Each track has been carefully selected to catch the unique spirit of a genre that will never stop making your feet moving and your heart beating. Inside \\\"Super Funk\\\" you will find powerful basslines, wah-wah guitars and funk horns that will drag you directly to the dance floor.It's a concentrate of energy, perfect for any occasion: from the wildest party to that precise moment when you just want to feel slave to the groove. 12 explosive tracks crossing decades and continents, designed for the most loyal fans and for those who want to discover or rediscover the funkiest side of music. So just put on your bell-bottoms, turn on the mirror ball, and let the groove take you over!Tracklist:Side A1 Raw Enery - Peace And Love (1977) 2 Resonance - O:K. Chicago (1974) 3 Max B - Super Bwana (1977) 4 African People - Jungle Song (1974) 5 Black Blowing Flowers - Uskudarra (1975) 6 Doctor Dark - Red Hot Passion (Instrumental) (1976)Side B1 Hudson People - Hudson's Funked Itthis Time (1979) 2 Epsilon - Elephant Funk (1976) 3 The Chubukos - House Of The Rising Funk (1973) 4 Zubaba - Kumbaya (1972) 5 Seeds Of The Earth - Brother Bad (1975) 6 Spaghetti Head - Funky Axe (1975)\",\"breadcrumb\":{\"@id\":\"https:\/\/wpguerssen-test.odoo.rgbconsulting.com\/es\/producto\/super-funk-12-rare-funky-70s-jams\/#breadcrumb\"},\"inLanguage\":\"es\",\"potentialAction\":[{\"@type\":\"ReadAction\",\"target\":[\"https:\/\/wpguerssen-test.odoo.rgbconsulting.com\/es\/producto\/super-funk-12-rare-funky-70s-jams\/\"]}]},{\"@type\":\"ImageObject\",\"inLanguage\":\"es\",\"@id\":\"https:\/\/wpguerssen-test.odoo.rgbconsulting.com\/es\/producto\/super-funk-12-rare-funky-70s-jams\/#primaryimage\",\"url\":\"https:\/\/wpguerssen-test.odoo.rgbconsulting.com\/wp-content\/uploads\/2025\/01\/49690.jpg\",\"contentUrl\":\"https:\/\/wpguerssen-test.odoo.rgbconsulting.com\/wp-content\/uploads\/2025\/01\/49690.jpg\",\"width\":480,\"height\":480},{\"@type\":\"BreadcrumbList\",\"@id\":\"https:\/\/wpguerssen-test.odoo.rgbconsulting.com\/es\/producto\/super-funk-12-rare-funky-70s-jams\/#breadcrumb\",\"itemListElement\":[{\"@type\":\"ListItem\",\"position\":1,\"name\":\"Inicio\",\"item\":\"https:\/\/wpguerssen-test.odoo.rgbconsulting.com\/es\/\"},{\"@type\":\"ListItem\",\"position\":2,\"name\":\"Shop\",\"item\":\"https:\/\/wpguerssen-test.odoo.rgbconsulting.com\/shop\/\"},{\"@type\":\"ListItem\",\"position\":3,\"name\":\"Super Funk. 12 Rare funky 70s Jams\"}]},{\"@type\":\"WebSite\",\"@id\":\"https:\/\/wpguerssen-test.odoo.rgbconsulting.com\/es\/#website\",\"url\":\"https:\/\/wpguerssen-test.odoo.rgbconsulting.com\/es\/\",\"name\":\"Guerssen records\",\"description\":\"psychedelia - progressive - folk - garage \",\"publisher\":{\"@id\":\"https:\/\/wpguerssen-test.odoo.rgbconsulting.com\/es\/#organization\"},\"potentialAction\":[{\"@type\":\"SearchAction\",\"target\":{\"@type\":\"EntryPoint\",\"urlTemplate\":\"https:\/\/wpguerssen-test.odoo.rgbconsulting.com\/es\/?s={search_term_string}\"},\"query-input\":{\"@type\":\"PropertyValueSpecification\",\"valueRequired\":true,\"valueName\":\"search_term_string\"}}],\"inLanguage\":\"es\"},{\"@type\":\"Organization\",\"@id\":\"https:\/\/wpguerssen-test.odoo.rgbconsulting.com\/es\/#organization\",\"name\":\"Guerssen records\",\"url\":\"https:\/\/wpguerssen-test.odoo.rgbconsulting.com\/es\/\",\"logo\":{\"@type\":\"ImageObject\",\"inLanguage\":\"es\",\"@id\":\"https:\/\/wpguerssen-test.odoo.rgbconsulting.com\/es\/#\/schema\/logo\/image\/\",\"url\":\"https:\/\/wpguerssen-test.odoo.rgbconsulting.com\/wp-content\/uploads\/2022\/04\/Logo_Guerssen_trans_100.png\",\"contentUrl\":\"https:\/\/wpguerssen-test.odoo.rgbconsulting.com\/wp-content\/uploads\/2022\/04\/Logo_Guerssen_trans_100.png\",\"width\":122,\"height\":100,\"caption\":\"Guerssen records\"},\"image\":{\"@id\":\"https:\/\/wpguerssen-test.odoo.rgbconsulting.com\/es\/#\/schema\/logo\/image\/\"}}]}<\/script>\n<!-- \/ Yoast SEO plugin. -->","yoast_head_json":{"title":"VARIOUS ARTISTS - Super Funk. 12 Rare funky 70s Jams -  (LP) | Guerssen","description":"A message for all funk lovers out there, the moment you've been waiting for is here: \"Super Funk\" is here to take you on a journey into the many faces of groove!This compilation is a total celebration of funk in all its forms, from the most classic roots to the infectious Afro funk rhythms, passing through the bright vibrations of 70s Disco-Funk. Each track has been carefully selected to catch the unique spirit of a genre that will never stop making your feet moving and your heart beating. Inside \"Super Funk\" you will find powerful basslines, wah-wah guitars and funk horns that will drag you directly to the dance floor.It's a concentrate of energy, perfect for any occasion: from the wildest party to that precise moment when you just want to feel slave to the groove. 12 explosive tracks crossing decades and continents, designed for the most loyal fans and for those who want to discover or rediscover the funkiest side of music. So just put on your bell-bottoms, turn on the mirror ball, and let the groove take you over!Tracklist:Side A1 Raw Enery - Peace And Love (1977) 2 Resonance - O:K. Chicago (1974) 3 Max B - Super Bwana (1977) 4 African People - Jungle Song (1974) 5 Black Blowing Flowers - Uskudarra (1975) 6 Doctor Dark - Red Hot Passion (Instrumental) (1976)Side B1 Hudson People - Hudson's Funked Itthis Time (1979) 2 Epsilon - Elephant Funk (1976) 3 The Chubukos - House Of The Rising Funk (1973) 4 Zubaba - Kumbaya (1972) 5 Seeds Of The Earth - Brother Bad (1975) 6 Spaghetti Head - Funky Axe (1975)","robots":{"index":"index","follow":"follow","max-snippet":"max-snippet:-1","max-image-preview":"max-image-preview:large","max-video-preview":"max-video-preview:-1"},"canonical":"https:\/\/wpguerssen-test.odoo.rgbconsulting.com\/es\/producto\/super-funk-12-rare-funky-70s-jams\/","og_locale":"es_ES","og_type":"article","og_title":"VARIOUS ARTISTS - Super Funk. 12 Rare funky 70s Jams -  (LP) | Guerssen","og_description":"A message for all funk lovers out there, the moment you've been waiting for is here: \"Super Funk\" is here to take you on a journey into the many faces of groove!This compilation is a total celebration of funk in all its forms, from the most classic roots to the infectious Afro funk rhythms, passing through the bright vibrations of 70s Disco-Funk. Each track has been carefully selected to catch the unique spirit of a genre that will never stop making your feet moving and your heart beating. Inside \"Super Funk\" you will find powerful basslines, wah-wah guitars and funk horns that will drag you directly to the dance floor.It's a concentrate of energy, perfect for any occasion: from the wildest party to that precise moment when you just want to feel slave to the groove. 12 explosive tracks crossing decades and continents, designed for the most loyal fans and for those who want to discover or rediscover the funkiest side of music. So just put on your bell-bottoms, turn on the mirror ball, and let the groove take you over!Tracklist:Side A1 Raw Enery - Peace And Love (1977) 2 Resonance - O:K. Chicago (1974) 3 Max B - Super Bwana (1977) 4 African People - Jungle Song (1974) 5 Black Blowing Flowers - Uskudarra (1975) 6 Doctor Dark - Red Hot Passion (Instrumental) (1976)Side B1 Hudson People - Hudson's Funked Itthis Time (1979) 2 Epsilon - Elephant Funk (1976) 3 The Chubukos - House Of The Rising Funk (1973) 4 Zubaba - Kumbaya (1972) 5 Seeds Of The Earth - Brother Bad (1975) 6 Spaghetti Head - Funky Axe (1975)","og_url":"https:\/\/wpguerssen-test.odoo.rgbconsulting.com\/es\/producto\/super-funk-12-rare-funky-70s-jams\/","og_site_name":"Guerssen records","article_modified_time":"2025-04-23T15:38:47+00:00","og_image":[{"width":480,"height":480,"url":"https:\/\/wpguerssen-test.odoo.rgbconsulting.com\/wp-content\/uploads\/2025\/01\/49690.jpg","type":"image\/jpeg"}],"twitter_card":"summary_large_image","twitter_title":"VARIOUS ARTISTS - Super Funk. 12 Rare funky 70s Jams -  (LP) | Guerssen","twitter_misc":{"Tiempo de lectura":"1 minuto"},"schema":{"@context":"https:\/\/schema.org","@graph":[{"@type":"WebPage","@id":"https:\/\/wpguerssen-test.odoo.rgbconsulting.com\/es\/producto\/super-funk-12-rare-funky-70s-jams\/","url":"https:\/\/wpguerssen-test.odoo.rgbconsulting.com\/es\/producto\/super-funk-12-rare-funky-70s-jams\/","name":"VARIOUS ARTISTS - Super Funk. 12 Rare funky 70s Jams - (LP) | Guerssen","isPartOf":{"@id":"https:\/\/wpguerssen-test.odoo.rgbconsulting.com\/es\/#website"},"primaryImageOfPage":{"@id":"https:\/\/wpguerssen-test.odoo.rgbconsulting.com\/es\/producto\/super-funk-12-rare-funky-70s-jams\/#primaryimage"},"image":{"@id":"https:\/\/wpguerssen-test.odoo.rgbconsulting.com\/es\/producto\/super-funk-12-rare-funky-70s-jams\/#primaryimage"},"thumbnailUrl":"https:\/\/wpguerssen-test.odoo.rgbconsulting.com\/wp-content\/uploads\/2025\/01\/49690.jpg","datePublished":"2025-02-19T23:00:00+00:00","dateModified":"2025-04-23T15:38:47+00:00","description":"A message for all funk lovers out there, the moment you've been waiting for is here: \"Super Funk\" is here to take you on a journey into the many faces of groove!This compilation is a total celebration of funk in all its forms, from the most classic roots to the infectious Afro funk rhythms, passing through the bright vibrations of 70s Disco-Funk. Each track has been carefully selected to catch the unique spirit of a genre that will never stop making your feet moving and your heart beating. Inside \"Super Funk\" you will find powerful basslines, wah-wah guitars and funk horns that will drag you directly to the dance floor.It's a concentrate of energy, perfect for any occasion: from the wildest party to that precise moment when you just want to feel slave to the groove. 12 explosive tracks crossing decades and continents, designed for the most loyal fans and for those who want to discover or rediscover the funkiest side of music. So just put on your bell-bottoms, turn on the mirror ball, and let the groove take you over!Tracklist:Side A1 Raw Enery - Peace And Love (1977) 2 Resonance - O:K. Chicago (1974) 3 Max B - Super Bwana (1977) 4 African People - Jungle Song (1974) 5 Black Blowing Flowers - Uskudarra (1975) 6 Doctor Dark - Red Hot Passion (Instrumental) (1976)Side B1 Hudson People - Hudson's Funked Itthis Time (1979) 2 Epsilon - Elephant Funk (1976) 3 The Chubukos - House Of The Rising Funk (1973) 4 Zubaba - Kumbaya (1972) 5 Seeds Of The Earth - Brother Bad (1975) 6 Spaghetti Head - Funky Axe (1975)","breadcrumb":{"@id":"https:\/\/wpguerssen-test.odoo.rgbconsulting.com\/es\/producto\/super-funk-12-rare-funky-70s-jams\/#breadcrumb"},"inLanguage":"es","potentialAction":[{"@type":"ReadAction","target":["https:\/\/wpguerssen-test.odoo.rgbconsulting.com\/es\/producto\/super-funk-12-rare-funky-70s-jams\/"]}]},{"@type":"ImageObject","inLanguage":"es","@id":"https:\/\/wpguerssen-test.odoo.rgbconsulting.com\/es\/producto\/super-funk-12-rare-funky-70s-jams\/#primaryimage","url":"https:\/\/wpguerssen-test.odoo.rgbconsulting.com\/wp-content\/uploads\/2025\/01\/49690.jpg","contentUrl":"https:\/\/wpguerssen-test.odoo.rgbconsulting.com\/wp-content\/uploads\/2025\/01\/49690.jpg","width":480,"height":480},{"@type":"BreadcrumbList","@id":"https:\/\/wpguerssen-test.odoo.rgbconsulting.com\/es\/producto\/super-funk-12-rare-funky-70s-jams\/#breadcrumb","itemListElement":[{"@type":"ListItem","position":1,"name":"Inicio","item":"https:\/\/wpguerssen-test.odoo.rgbconsulting.com\/es\/"},{"@type":"ListItem","position":2,"name":"Shop","item":"https:\/\/wpguerssen-test.odoo.rgbconsulting.com\/shop\/"},{"@type":"ListItem","position":3,"name":"Super Funk. 12 Rare funky 70s Jams"}]},{"@type":"WebSite","@id":"https:\/\/wpguerssen-test.odoo.rgbconsulting.com\/es\/#website","url":"https:\/\/wpguerssen-test.odoo.rgbconsulting.com\/es\/","name":"Guerssen records","description":"psychedelia - progressive - folk - garage ","publisher":{"@id":"https:\/\/wpguerssen-test.odoo.rgbconsulting.com\/es\/#organization"},"potentialAction":[{"@type":"SearchAction","target":{"@type":"EntryPoint","urlTemplate":"https:\/\/wpguerssen-test.odoo.rgbconsulting.com\/es\/?s={search_term_string}"},"query-input":{"@type":"PropertyValueSpecification","valueRequired":true,"valueName":"search_term_string"}}],"inLanguage":"es"},{"@type":"Organization","@id":"https:\/\/wpguerssen-test.odoo.rgbconsulting.com\/es\/#organization","name":"Guerssen records","url":"https:\/\/wpguerssen-test.odoo.rgbconsulting.com\/es\/","logo":{"@type":"ImageObject","inLanguage":"es","@id":"https:\/\/wpguerssen-test.odoo.rgbconsulting.com\/es\/#\/schema\/logo\/image\/","url":"https:\/\/wpguerssen-test.odoo.rgbconsulting.com\/wp-content\/uploads\/2022\/04\/Logo_Guerssen_trans_100.png","contentUrl":"https:\/\/wpguerssen-test.odoo.rgbconsulting.com\/wp-content\/uploads\/2022\/04\/Logo_Guerssen_trans_100.png","width":122,"height":100,"caption":"Guerssen records"},"image":{"@id":"https:\/\/wpguerssen-test.odoo.rgbconsulting.com\/es\/#\/schema\/logo\/image\/"}}]}},"_links":{"self":[{"href":"https:\/\/wpguerssen-test.odoo.rgbconsulting.com\/es\/wp-json\/wp\/v2\/product\/282383","targetHints":{"allow":["GET"]}}],"collection":[{"href":"https:\/\/wpguerssen-test.odoo.rgbconsulting.com\/es\/wp-json\/wp\/v2\/product"}],"about":[{"href":"https:\/\/wpguerssen-test.odoo.rgbconsulting.com\/es\/wp-json\/wp\/v2\/types\/product"}],"wp:featuredmedia":[{"embeddable":true,"href":"https:\/\/wpguerssen-test.odoo.rgbconsulting.com\/es\/wp-json\/wp\/v2\/media\/282234"}],"wp:attachment":[{"href":"https:\/\/wpguerssen-test.odoo.rgbconsulting.com\/es\/wp-json\/wp\/v2\/media?parent=282383"}],"wp:term":[{"taxonomy":"product_brand","embeddable":true,"href":"https:\/\/wpguerssen-test.odoo.rgbconsulting.com\/es\/wp-json\/wp\/v2\/product_brand?post=282383"},{"taxonomy":"product_cat","embeddable":true,"href":"https:\/\/wpguerssen-test.odoo.rgbconsulting.com\/es\/wp-json\/wp\/v2\/product_cat?post=282383"},{"taxonomy":"product_tag","embeddable":true,"href":"https:\/\/wpguerssen-test.odoo.rgbconsulting.com\/es\/wp-json\/wp\/v2\/product_tag?post=282383"}],"curies":[{"name":"wp","href":"https:\/\/api.w.org\/{rel}","templated":true}]}}