{"id":282467,"date":"2025-02-28T00:00:00","date_gmt":"2025-02-27T23:00:00","guid":{"rendered":"https:\/\/wpguerssen-test.odoo.rgbconsulting.com\/product\/uptown-saturday-night\/"},"modified":"2025-04-08T15:42:09","modified_gmt":"2025-04-08T13:42:09","slug":"uptown-saturday-night","status":"publish","type":"product","link":"https:\/\/wpguerssen-test.odoo.rgbconsulting.com\/es\/producto\/uptown-saturday-night\/","title":{"rendered":"Uptown Saturday Night"},"content":{"rendered":"<p>Aprovechando el \u00e9xito de Reasonable Doubt de Jay-Z, el extraordinario productor Ski estaba en llamas cuando cambi\u00f3 \u00abAdventures In The Land of Music\u00bb de Dynasty por el exitoso sencillo de 1996 de Camp Lo, \u00abLuchini aka This Is It\u00bb. El mismo a\u00f1o, Camp Lo abri\u00f3 los shows de De La Soul durante su tour Stakes is High. Combine eso con el hecho de que Ish, tambi\u00e9n conocido como Butterfly de Digable Planets, hab\u00eda firmado conjuntamente para la reputaci\u00f3n del grupo y aparecer\u00eda en algunas de las canciones (adem\u00e1s de Trugoy de De La), hubo un gran revuelo en torno a su \u00e1lbum debut Uptown Saturday Night. <br \/>Avancemos unos meses hasta enero de 1997 y el esperado lanzamiento del primer disco de Camp Lo, que no decepcion\u00f3. Logr\u00f3 el equilibrio perfecto entre pistas de club y \u00e9xitos underground para la multitud del mixtape. Aclamado por la cr\u00edtica y aprobado por los fan\u00e1ticos, este imprescindible de finales de los 90 se complement\u00f3 con la incre\u00edble portada ilustrada por el legendario artista de graffiti de Nueva York, Dr. Revolt, que rindi\u00f3 homenaje al cl\u00e1sico de 1976 de Marvin Gaye, I Want You. Es dif\u00edcil creer que en la \u00e9poca del apogeo de Puffy, Camp Lo hab\u00eda desarrollado y entregado un estilo de Hip Hop que no solo era fresco y creativo, sino tambi\u00e9n genial. Cambiando estilos de rima intrincados sobre algunos de los mejores ritmos del Rap, el hecho de que Camp Lo haya recibido reproducci\u00f3n en la radio principal y el amor de los grandes DJ de clubes es un testimonio de la esencia de lo que alguna vez fue el Hip Hop: \u00a1talento puro y originalidad!<\/p>\n","protected":false},"excerpt":{"rendered":"<p>Aprovechando el \u00e9xito de Reasonable Doubt de Jay-Z, el extraordinario productor Ski estaba en llamas cuando cambi\u00f3 \u00abAdventures In The Land of Music\u00bb de Dynasty<a class=\"read\" href=\"https:\/\/wpguerssen-test.odoo.rgbconsulting.com\/es\/producto\/uptown-saturday-night\/\"> (...)<\/a>","protected":false},"featured_media":282456,"template":"","meta":{"_acf_changed":false},"product_brand":[],"product_cat":[21706],"product_tag":[24189],"class_list":{"0":"post-282467","1":"product","2":"type-product","3":"status-publish","4":"has-post-thumbnail","6":"product_cat-rap-hip-hop-es","7":"product_tag-recien-llegadas","8":"pa_artist-camp-lo","9":"pa_format-2lp-es","10":"pa_gender-rap-hip-hop","11":"pa_label-traffic-entertainment","12":"pa_location-north-america-es","13":"pa_other-filters-vinyl-only-es","15":"first","16":"instock","17":"taxable","18":"shipping-taxable","19":"purchasable","20":"product-type-simple"},"acf":[],"yoast_head":"<!-- This site is optimized with the Yoast SEO plugin v24.9 - https:\/\/yoast.com\/wordpress\/plugins\/seo\/ -->\n<title>CAMP LO - Uptown Saturday Night -  (2LP) | Guerssen<\/title>\n<meta name=\"description\" content=\"Hot of the success of Jay-Z&#039;s Reasonable Doubt, producer extraordinaire Ski was on fire when he flipped Dynasty&#039;s &quot;Adventures In The Land of Music&quot; for Camp Lo&#039;s breakout 1996 smash single &quot;Luchini aka This Is It&quot;. The same year saw Camp Lo opening shows for De La Soul during theirStakes is High tour. Combine that with the fact that Ish aka Butterfly from Digable Planets had cosigned for the group&#039;s reputation and would appear on of the tracks (in addition to Trugoy from De La), there became a huge buzz around their debut album Uptown Saturday Night.Fast forward a few months to January 1997 and the heavily anticipated release of Camp Lo&#039;s first record, which did not disappoint. It struck the perfect balance between club tracks and underground bangers for the mixtape crowd. Critically acclaimed and fan approved, this late 90s must-have was complimented by the incredible cover art illustrated by legendary NYC graffiti artist Dr. Revolt that paid homage to Marvin Gaye&#039;s 1976 classic I Want You. It&#039;s hard to believe in the time of Puffy&#039;s heyday, Camp Lo had developed and delivered a style of Hip Hop that was not only fresh and creative, but also straight up dope. Flipping intricate rhyme styles over some of Rap&#039;s finer beats, the fact that Camp Lo got main stream radio play and love from big time club DJ&#039;s is a testament to the essence of what Hip Hop was once about: raw talent and originality!\" \/>\n<meta name=\"robots\" content=\"index, follow, max-snippet:-1, max-image-preview:large, max-video-preview:-1\" \/>\n<link rel=\"canonical\" href=\"https:\/\/wpguerssen-test.odoo.rgbconsulting.com\/es\/producto\/uptown-saturday-night\/\" \/>\n<meta property=\"og:locale\" content=\"es_ES\" \/>\n<meta property=\"og:type\" content=\"article\" \/>\n<meta property=\"og:title\" content=\"CAMP LO - Uptown Saturday Night -  (2LP) | Guerssen\" \/>\n<meta property=\"og:description\" content=\"Hot of the success of Jay-Z&#039;s Reasonable Doubt, producer extraordinaire Ski was on fire when he flipped Dynasty&#039;s &quot;Adventures In The Land of Music&quot; for Camp Lo&#039;s breakout 1996 smash single &quot;Luchini aka This Is It&quot;. The same year saw Camp Lo opening shows for De La Soul during theirStakes is High tour. Combine that with the fact that Ish aka Butterfly from Digable Planets had cosigned for the group&#039;s reputation and would appear on of the tracks (in addition to Trugoy from De La), there became a huge buzz around their debut album Uptown Saturday Night.Fast forward a few months to January 1997 and the heavily anticipated release of Camp Lo&#039;s first record, which did not disappoint. It struck the perfect balance between club tracks and underground bangers for the mixtape crowd. Critically acclaimed and fan approved, this late 90s must-have was complimented by the incredible cover art illustrated by legendary NYC graffiti artist Dr. Revolt that paid homage to Marvin Gaye&#039;s 1976 classic I Want You. It&#039;s hard to believe in the time of Puffy&#039;s heyday, Camp Lo had developed and delivered a style of Hip Hop that was not only fresh and creative, but also straight up dope. Flipping intricate rhyme styles over some of Rap&#039;s finer beats, the fact that Camp Lo got main stream radio play and love from big time club DJ&#039;s is a testament to the essence of what Hip Hop was once about: raw talent and originality!\" \/>\n<meta property=\"og:url\" content=\"https:\/\/wpguerssen-test.odoo.rgbconsulting.com\/es\/producto\/uptown-saturday-night\/\" \/>\n<meta property=\"og:site_name\" content=\"Guerssen records\" \/>\n<meta property=\"article:modified_time\" content=\"2025-04-08T13:42:09+00:00\" \/>\n<meta property=\"og:image\" content=\"https:\/\/wpguerssen-test.odoo.rgbconsulting.com\/wp-content\/uploads\/2025\/01\/49731.jpg\" \/>\n\t<meta property=\"og:image:width\" content=\"400\" \/>\n\t<meta property=\"og:image:height\" content=\"400\" \/>\n\t<meta property=\"og:image:type\" content=\"image\/jpeg\" \/>\n<meta name=\"twitter:card\" content=\"summary_large_image\" \/>\n<meta name=\"twitter:title\" content=\"CAMP LO - Uptown Saturday Night -  (2LP) | Guerssen\" \/>\n<meta name=\"twitter:label1\" content=\"Tiempo de lectura\" \/>\n\t<meta name=\"twitter:data1\" content=\"1 minuto\" \/>\n<script type=\"application\/ld+json\" class=\"yoast-schema-graph\">{\"@context\":\"https:\/\/schema.org\",\"@graph\":[{\"@type\":\"WebPage\",\"@id\":\"https:\/\/wpguerssen-test.odoo.rgbconsulting.com\/es\/producto\/uptown-saturday-night\/\",\"url\":\"https:\/\/wpguerssen-test.odoo.rgbconsulting.com\/es\/producto\/uptown-saturday-night\/\",\"name\":\"CAMP LO - Uptown Saturday Night - (2LP) | Guerssen\",\"isPartOf\":{\"@id\":\"https:\/\/wpguerssen-test.odoo.rgbconsulting.com\/es\/#website\"},\"primaryImageOfPage\":{\"@id\":\"https:\/\/wpguerssen-test.odoo.rgbconsulting.com\/es\/producto\/uptown-saturday-night\/#primaryimage\"},\"image\":{\"@id\":\"https:\/\/wpguerssen-test.odoo.rgbconsulting.com\/es\/producto\/uptown-saturday-night\/#primaryimage\"},\"thumbnailUrl\":\"https:\/\/wpguerssen-test.odoo.rgbconsulting.com\/wp-content\/uploads\/2025\/01\/49731.jpg\",\"datePublished\":\"2025-02-27T23:00:00+00:00\",\"dateModified\":\"2025-04-08T13:42:09+00:00\",\"description\":\"Hot of the success of Jay-Z's Reasonable Doubt, producer extraordinaire Ski was on fire when he flipped Dynasty's \\\"Adventures In The Land of Music\\\" for Camp Lo's breakout 1996 smash single \\\"Luchini aka This Is It\\\". The same year saw Camp Lo opening shows for De La Soul during theirStakes is High tour. Combine that with the fact that Ish aka Butterfly from Digable Planets had cosigned for the group's reputation and would appear on of the tracks (in addition to Trugoy from De La), there became a huge buzz around their debut album Uptown Saturday Night.Fast forward a few months to January 1997 and the heavily anticipated release of Camp Lo's first record, which did not disappoint. It struck the perfect balance between club tracks and underground bangers for the mixtape crowd. Critically acclaimed and fan approved, this late 90s must-have was complimented by the incredible cover art illustrated by legendary NYC graffiti artist Dr. Revolt that paid homage to Marvin Gaye's 1976 classic I Want You. It's hard to believe in the time of Puffy's heyday, Camp Lo had developed and delivered a style of Hip Hop that was not only fresh and creative, but also straight up dope. Flipping intricate rhyme styles over some of Rap's finer beats, the fact that Camp Lo got main stream radio play and love from big time club DJ's is a testament to the essence of what Hip Hop was once about: raw talent and originality!\",\"breadcrumb\":{\"@id\":\"https:\/\/wpguerssen-test.odoo.rgbconsulting.com\/es\/producto\/uptown-saturday-night\/#breadcrumb\"},\"inLanguage\":\"es\",\"potentialAction\":[{\"@type\":\"ReadAction\",\"target\":[\"https:\/\/wpguerssen-test.odoo.rgbconsulting.com\/es\/producto\/uptown-saturday-night\/\"]}]},{\"@type\":\"ImageObject\",\"inLanguage\":\"es\",\"@id\":\"https:\/\/wpguerssen-test.odoo.rgbconsulting.com\/es\/producto\/uptown-saturday-night\/#primaryimage\",\"url\":\"https:\/\/wpguerssen-test.odoo.rgbconsulting.com\/wp-content\/uploads\/2025\/01\/49731.jpg\",\"contentUrl\":\"https:\/\/wpguerssen-test.odoo.rgbconsulting.com\/wp-content\/uploads\/2025\/01\/49731.jpg\",\"width\":400,\"height\":400},{\"@type\":\"BreadcrumbList\",\"@id\":\"https:\/\/wpguerssen-test.odoo.rgbconsulting.com\/es\/producto\/uptown-saturday-night\/#breadcrumb\",\"itemListElement\":[{\"@type\":\"ListItem\",\"position\":1,\"name\":\"Inicio\",\"item\":\"https:\/\/wpguerssen-test.odoo.rgbconsulting.com\/es\/\"},{\"@type\":\"ListItem\",\"position\":2,\"name\":\"Shop\",\"item\":\"https:\/\/wpguerssen-test.odoo.rgbconsulting.com\/shop\/\"},{\"@type\":\"ListItem\",\"position\":3,\"name\":\"Uptown Saturday Night\"}]},{\"@type\":\"WebSite\",\"@id\":\"https:\/\/wpguerssen-test.odoo.rgbconsulting.com\/es\/#website\",\"url\":\"https:\/\/wpguerssen-test.odoo.rgbconsulting.com\/es\/\",\"name\":\"Guerssen records\",\"description\":\"psychedelia - progressive - folk - garage \",\"publisher\":{\"@id\":\"https:\/\/wpguerssen-test.odoo.rgbconsulting.com\/es\/#organization\"},\"potentialAction\":[{\"@type\":\"SearchAction\",\"target\":{\"@type\":\"EntryPoint\",\"urlTemplate\":\"https:\/\/wpguerssen-test.odoo.rgbconsulting.com\/es\/?s={search_term_string}\"},\"query-input\":{\"@type\":\"PropertyValueSpecification\",\"valueRequired\":true,\"valueName\":\"search_term_string\"}}],\"inLanguage\":\"es\"},{\"@type\":\"Organization\",\"@id\":\"https:\/\/wpguerssen-test.odoo.rgbconsulting.com\/es\/#organization\",\"name\":\"Guerssen records\",\"url\":\"https:\/\/wpguerssen-test.odoo.rgbconsulting.com\/es\/\",\"logo\":{\"@type\":\"ImageObject\",\"inLanguage\":\"es\",\"@id\":\"https:\/\/wpguerssen-test.odoo.rgbconsulting.com\/es\/#\/schema\/logo\/image\/\",\"url\":\"https:\/\/wpguerssen-test.odoo.rgbconsulting.com\/wp-content\/uploads\/2022\/04\/Logo_Guerssen_trans_100.png\",\"contentUrl\":\"https:\/\/wpguerssen-test.odoo.rgbconsulting.com\/wp-content\/uploads\/2022\/04\/Logo_Guerssen_trans_100.png\",\"width\":122,\"height\":100,\"caption\":\"Guerssen records\"},\"image\":{\"@id\":\"https:\/\/wpguerssen-test.odoo.rgbconsulting.com\/es\/#\/schema\/logo\/image\/\"}}]}<\/script>\n<!-- \/ Yoast SEO plugin. -->","yoast_head_json":{"title":"CAMP LO - Uptown Saturday Night -  (2LP) | Guerssen","description":"Hot of the success of Jay-Z's Reasonable Doubt, producer extraordinaire Ski was on fire when he flipped Dynasty's \"Adventures In The Land of Music\" for Camp Lo's breakout 1996 smash single \"Luchini aka This Is It\". The same year saw Camp Lo opening shows for De La Soul during theirStakes is High tour. Combine that with the fact that Ish aka Butterfly from Digable Planets had cosigned for the group's reputation and would appear on of the tracks (in addition to Trugoy from De La), there became a huge buzz around their debut album Uptown Saturday Night.Fast forward a few months to January 1997 and the heavily anticipated release of Camp Lo's first record, which did not disappoint. It struck the perfect balance between club tracks and underground bangers for the mixtape crowd. Critically acclaimed and fan approved, this late 90s must-have was complimented by the incredible cover art illustrated by legendary NYC graffiti artist Dr. Revolt that paid homage to Marvin Gaye's 1976 classic I Want You. It's hard to believe in the time of Puffy's heyday, Camp Lo had developed and delivered a style of Hip Hop that was not only fresh and creative, but also straight up dope. Flipping intricate rhyme styles over some of Rap's finer beats, the fact that Camp Lo got main stream radio play and love from big time club DJ's is a testament to the essence of what Hip Hop was once about: raw talent and originality!","robots":{"index":"index","follow":"follow","max-snippet":"max-snippet:-1","max-image-preview":"max-image-preview:large","max-video-preview":"max-video-preview:-1"},"canonical":"https:\/\/wpguerssen-test.odoo.rgbconsulting.com\/es\/producto\/uptown-saturday-night\/","og_locale":"es_ES","og_type":"article","og_title":"CAMP LO - Uptown Saturday Night -  (2LP) | Guerssen","og_description":"Hot of the success of Jay-Z's Reasonable Doubt, producer extraordinaire Ski was on fire when he flipped Dynasty's \"Adventures In The Land of Music\" for Camp Lo's breakout 1996 smash single \"Luchini aka This Is It\". The same year saw Camp Lo opening shows for De La Soul during theirStakes is High tour. Combine that with the fact that Ish aka Butterfly from Digable Planets had cosigned for the group's reputation and would appear on of the tracks (in addition to Trugoy from De La), there became a huge buzz around their debut album Uptown Saturday Night.Fast forward a few months to January 1997 and the heavily anticipated release of Camp Lo's first record, which did not disappoint. It struck the perfect balance between club tracks and underground bangers for the mixtape crowd. Critically acclaimed and fan approved, this late 90s must-have was complimented by the incredible cover art illustrated by legendary NYC graffiti artist Dr. Revolt that paid homage to Marvin Gaye's 1976 classic I Want You. It's hard to believe in the time of Puffy's heyday, Camp Lo had developed and delivered a style of Hip Hop that was not only fresh and creative, but also straight up dope. Flipping intricate rhyme styles over some of Rap's finer beats, the fact that Camp Lo got main stream radio play and love from big time club DJ's is a testament to the essence of what Hip Hop was once about: raw talent and originality!","og_url":"https:\/\/wpguerssen-test.odoo.rgbconsulting.com\/es\/producto\/uptown-saturday-night\/","og_site_name":"Guerssen records","article_modified_time":"2025-04-08T13:42:09+00:00","og_image":[{"width":400,"height":400,"url":"https:\/\/wpguerssen-test.odoo.rgbconsulting.com\/wp-content\/uploads\/2025\/01\/49731.jpg","type":"image\/jpeg"}],"twitter_card":"summary_large_image","twitter_title":"CAMP LO - Uptown Saturday Night -  (2LP) | Guerssen","twitter_misc":{"Tiempo de lectura":"1 minuto"},"schema":{"@context":"https:\/\/schema.org","@graph":[{"@type":"WebPage","@id":"https:\/\/wpguerssen-test.odoo.rgbconsulting.com\/es\/producto\/uptown-saturday-night\/","url":"https:\/\/wpguerssen-test.odoo.rgbconsulting.com\/es\/producto\/uptown-saturday-night\/","name":"CAMP LO - Uptown Saturday Night - (2LP) | Guerssen","isPartOf":{"@id":"https:\/\/wpguerssen-test.odoo.rgbconsulting.com\/es\/#website"},"primaryImageOfPage":{"@id":"https:\/\/wpguerssen-test.odoo.rgbconsulting.com\/es\/producto\/uptown-saturday-night\/#primaryimage"},"image":{"@id":"https:\/\/wpguerssen-test.odoo.rgbconsulting.com\/es\/producto\/uptown-saturday-night\/#primaryimage"},"thumbnailUrl":"https:\/\/wpguerssen-test.odoo.rgbconsulting.com\/wp-content\/uploads\/2025\/01\/49731.jpg","datePublished":"2025-02-27T23:00:00+00:00","dateModified":"2025-04-08T13:42:09+00:00","description":"Hot of the success of Jay-Z's Reasonable Doubt, producer extraordinaire Ski was on fire when he flipped Dynasty's \"Adventures In The Land of Music\" for Camp Lo's breakout 1996 smash single \"Luchini aka This Is It\". The same year saw Camp Lo opening shows for De La Soul during theirStakes is High tour. Combine that with the fact that Ish aka Butterfly from Digable Planets had cosigned for the group's reputation and would appear on of the tracks (in addition to Trugoy from De La), there became a huge buzz around their debut album Uptown Saturday Night.Fast forward a few months to January 1997 and the heavily anticipated release of Camp Lo's first record, which did not disappoint. It struck the perfect balance between club tracks and underground bangers for the mixtape crowd. Critically acclaimed and fan approved, this late 90s must-have was complimented by the incredible cover art illustrated by legendary NYC graffiti artist Dr. Revolt that paid homage to Marvin Gaye's 1976 classic I Want You. It's hard to believe in the time of Puffy's heyday, Camp Lo had developed and delivered a style of Hip Hop that was not only fresh and creative, but also straight up dope. Flipping intricate rhyme styles over some of Rap's finer beats, the fact that Camp Lo got main stream radio play and love from big time club DJ's is a testament to the essence of what Hip Hop was once about: raw talent and originality!","breadcrumb":{"@id":"https:\/\/wpguerssen-test.odoo.rgbconsulting.com\/es\/producto\/uptown-saturday-night\/#breadcrumb"},"inLanguage":"es","potentialAction":[{"@type":"ReadAction","target":["https:\/\/wpguerssen-test.odoo.rgbconsulting.com\/es\/producto\/uptown-saturday-night\/"]}]},{"@type":"ImageObject","inLanguage":"es","@id":"https:\/\/wpguerssen-test.odoo.rgbconsulting.com\/es\/producto\/uptown-saturday-night\/#primaryimage","url":"https:\/\/wpguerssen-test.odoo.rgbconsulting.com\/wp-content\/uploads\/2025\/01\/49731.jpg","contentUrl":"https:\/\/wpguerssen-test.odoo.rgbconsulting.com\/wp-content\/uploads\/2025\/01\/49731.jpg","width":400,"height":400},{"@type":"BreadcrumbList","@id":"https:\/\/wpguerssen-test.odoo.rgbconsulting.com\/es\/producto\/uptown-saturday-night\/#breadcrumb","itemListElement":[{"@type":"ListItem","position":1,"name":"Inicio","item":"https:\/\/wpguerssen-test.odoo.rgbconsulting.com\/es\/"},{"@type":"ListItem","position":2,"name":"Shop","item":"https:\/\/wpguerssen-test.odoo.rgbconsulting.com\/shop\/"},{"@type":"ListItem","position":3,"name":"Uptown Saturday Night"}]},{"@type":"WebSite","@id":"https:\/\/wpguerssen-test.odoo.rgbconsulting.com\/es\/#website","url":"https:\/\/wpguerssen-test.odoo.rgbconsulting.com\/es\/","name":"Guerssen records","description":"psychedelia - progressive - folk - garage ","publisher":{"@id":"https:\/\/wpguerssen-test.odoo.rgbconsulting.com\/es\/#organization"},"potentialAction":[{"@type":"SearchAction","target":{"@type":"EntryPoint","urlTemplate":"https:\/\/wpguerssen-test.odoo.rgbconsulting.com\/es\/?s={search_term_string}"},"query-input":{"@type":"PropertyValueSpecification","valueRequired":true,"valueName":"search_term_string"}}],"inLanguage":"es"},{"@type":"Organization","@id":"https:\/\/wpguerssen-test.odoo.rgbconsulting.com\/es\/#organization","name":"Guerssen records","url":"https:\/\/wpguerssen-test.odoo.rgbconsulting.com\/es\/","logo":{"@type":"ImageObject","inLanguage":"es","@id":"https:\/\/wpguerssen-test.odoo.rgbconsulting.com\/es\/#\/schema\/logo\/image\/","url":"https:\/\/wpguerssen-test.odoo.rgbconsulting.com\/wp-content\/uploads\/2022\/04\/Logo_Guerssen_trans_100.png","contentUrl":"https:\/\/wpguerssen-test.odoo.rgbconsulting.com\/wp-content\/uploads\/2022\/04\/Logo_Guerssen_trans_100.png","width":122,"height":100,"caption":"Guerssen records"},"image":{"@id":"https:\/\/wpguerssen-test.odoo.rgbconsulting.com\/es\/#\/schema\/logo\/image\/"}}]}},"_links":{"self":[{"href":"https:\/\/wpguerssen-test.odoo.rgbconsulting.com\/es\/wp-json\/wp\/v2\/product\/282467","targetHints":{"allow":["GET"]}}],"collection":[{"href":"https:\/\/wpguerssen-test.odoo.rgbconsulting.com\/es\/wp-json\/wp\/v2\/product"}],"about":[{"href":"https:\/\/wpguerssen-test.odoo.rgbconsulting.com\/es\/wp-json\/wp\/v2\/types\/product"}],"wp:featuredmedia":[{"embeddable":true,"href":"https:\/\/wpguerssen-test.odoo.rgbconsulting.com\/es\/wp-json\/wp\/v2\/media\/282456"}],"wp:attachment":[{"href":"https:\/\/wpguerssen-test.odoo.rgbconsulting.com\/es\/wp-json\/wp\/v2\/media?parent=282467"}],"wp:term":[{"taxonomy":"product_brand","embeddable":true,"href":"https:\/\/wpguerssen-test.odoo.rgbconsulting.com\/es\/wp-json\/wp\/v2\/product_brand?post=282467"},{"taxonomy":"product_cat","embeddable":true,"href":"https:\/\/wpguerssen-test.odoo.rgbconsulting.com\/es\/wp-json\/wp\/v2\/product_cat?post=282467"},{"taxonomy":"product_tag","embeddable":true,"href":"https:\/\/wpguerssen-test.odoo.rgbconsulting.com\/es\/wp-json\/wp\/v2\/product_tag?post=282467"}],"curies":[{"name":"wp","href":"https:\/\/api.w.org\/{rel}","templated":true}]}}