{"id":282468,"date":"2025-02-28T00:00:00","date_gmt":"2025-02-27T23:00:00","guid":{"rendered":"https:\/\/wpguerssen-test.odoo.rgbconsulting.com\/product\/layers-red-smoke\/"},"modified":"2025-03-27T18:38:10","modified_gmt":"2025-03-27T17:38:10","slug":"layers-red-smoke","status":"publish","type":"product","link":"https:\/\/wpguerssen-test.odoo.rgbconsulting.com\/es\/producto\/layers-red-smoke\/","title":{"rendered":"Layers (Red Smoke)"},"content":{"rendered":"<p>A partir de finales de los a\u00f1os 60, la m\u00fasica jazz empez\u00f3 a tomar un giro interesante y muy conmovedor. Influenciado por el funk de la \u00e9poca, desde James Brown hasta Sly &#038; The Family Stone, la forma de arte, que generalmente no se considera un g\u00e9nero musical funky, comenz\u00f3 a expandirse y adaptarse a los tiempos. Fue una era f\u00e9rtil y, a cambio, los fan\u00e1ticos del funk, el soul y el groovy rock comenzaron a descubrir artistas de jazz consumados y de mente abierta como Les McCann, cuyas melod\u00edas ten\u00edan sentido para sus o\u00eddos, incluso si el bebop no los hubiera captado. <br \/>Este incre\u00edble \u00e1lbum, uno de los favoritos durante mucho tiempo de los productores y DJ de hip-hop con visi\u00f3n de futuro, cautiva a los oyentes desde los primeros acordes del incre\u00edble tema que abre el \u00e1lbum, \u00abSometimes I Cry\u00bb, dirigido por El conjunto de McCannde sintetizadores anal\u00f3gicos y respaldado por una excelente secci\u00f3n r\u00edtmica (Donald Dean en la bater\u00eda; Ralph McDonald en la percusi\u00f3n y Jimmy Rowser en el bajo).<br \/>A decir verdad, los aspectos m\u00e1s destacados son dif\u00edciles de distinguir, pero los fan\u00e1ticos nunca pasan mucho tiempo sin regresar al funk difuminado de \u00abThe Harlem Buck Strut Dance\u00bb, \u00abLet&#8217;s Play (Til Mom Calls)\u00bb y \u00abIt Never Stopped In My Hometown\u00bb. Estos ritmos empapados de teclados se encontraban junto a pilas de discos repletos de Stevie Wonder, Funkadelic, el soul de los 70 de Marvin Gaye y, por supuesto, los experimentos de funk espacial de Miles Davis de la \u00e9poca (como Bitches Brew).<\/p>\n","protected":false},"excerpt":{"rendered":"<p>A partir de finales de los a\u00f1os 60, la m\u00fasica jazz empez\u00f3 a tomar un giro interesante y muy conmovedor. Influenciado por el funk de la \u00e9poca, desde James Brown<a class=\"read\" href=\"https:\/\/wpguerssen-test.odoo.rgbconsulting.com\/es\/producto\/layers-red-smoke\/\"> (...)<\/a>","protected":false},"featured_media":282459,"template":"","meta":{"_acf_changed":false},"product_brand":[],"product_cat":[23228,23227],"product_tag":[29140,24189],"class_list":{"0":"post-282468","1":"product","2":"type-product","3":"status-publish","4":"has-post-thumbnail","6":"product_cat-jazz-funk-es","7":"product_cat-jazz-es","8":"product_tag-color-vinyl-es","9":"product_tag-recien-llegadas","10":"pa_artist-mccann-les","11":"pa_format-lp-es","12":"pa_gender-jazz-jazz-funk","13":"pa_label-get-on-down","14":"pa_location-north-america-es","15":"pa_other-filters-vinyl-only-es","17":"first","18":"instock","19":"taxable","20":"shipping-taxable","21":"purchasable","22":"product-type-simple"},"acf":[],"yoast_head":"<!-- This site is optimized with the Yoast SEO plugin v24.9 - https:\/\/yoast.com\/wordpress\/plugins\/seo\/ -->\n<title>McCANN, Les - Layers (Red Smoke) -  (LP) | Guerssen<\/title>\n<meta name=\"description\" content=\"Starting in the late 60s, jazz music started to take an interesting, and very soulful turn. Influenced by the funk of the day - from James Brown to Sly &amp; The Family Stone - the art form, generally not considered a funky musical genre, started to stretch out and fit into the times. It was a fertile era, and to reciprocate, funk, soul and groovy rock fans started to discover accomplished, open-minded jazz artists like Les McCann, whose tunes made sense to their ears, even if bebop hadn&#039;t grabbed them.This incredible album - long a favorite of forward-thinking hip-hop producers and DJs - washes over listeners from the first chords of the incredible album opener, &quot;Sometimes I Cry,&quot; led by McCann&#039;s arrayof analog synthesizers and backed by an excellent rhythm section (Donald Dean on drums; Ralph McDonald on percussion and Jimmy Rowser on bass).Truth be told, highlights are hard to pick out, but fans never go long without returning to the fuzzed-out funk of &quot;The Harlem Buck Strut Dance,&quot; &quot;Let&#039;s Play (Til Mom Calls)&quot; and &quot;It Never Stopped In My Hometown.&quot; These keyboard-drenched grooves sat alongside record stacks brimming with Stevie Wonder, Funkadelic, Marvin Gaye&#039;s 70s soul and, of course, Miles Davis&#039; space funk experiments of the era (like Bitches Brew).\" \/>\n<meta name=\"robots\" content=\"index, follow, max-snippet:-1, max-image-preview:large, max-video-preview:-1\" \/>\n<link rel=\"canonical\" href=\"https:\/\/wpguerssen-test.odoo.rgbconsulting.com\/es\/producto\/layers-red-smoke\/\" \/>\n<meta property=\"og:locale\" content=\"es_ES\" \/>\n<meta property=\"og:type\" content=\"article\" \/>\n<meta property=\"og:title\" content=\"McCANN, Les - Layers (Red Smoke) -  (LP) | Guerssen\" \/>\n<meta property=\"og:description\" content=\"Starting in the late 60s, jazz music started to take an interesting, and very soulful turn. Influenced by the funk of the day - from James Brown to Sly &amp; The Family Stone - the art form, generally not considered a funky musical genre, started to stretch out and fit into the times. It was a fertile era, and to reciprocate, funk, soul and groovy rock fans started to discover accomplished, open-minded jazz artists like Les McCann, whose tunes made sense to their ears, even if bebop hadn&#039;t grabbed them.This incredible album - long a favorite of forward-thinking hip-hop producers and DJs - washes over listeners from the first chords of the incredible album opener, &quot;Sometimes I Cry,&quot; led by McCann&#039;s arrayof analog synthesizers and backed by an excellent rhythm section (Donald Dean on drums; Ralph McDonald on percussion and Jimmy Rowser on bass).Truth be told, highlights are hard to pick out, but fans never go long without returning to the fuzzed-out funk of &quot;The Harlem Buck Strut Dance,&quot; &quot;Let&#039;s Play (Til Mom Calls)&quot; and &quot;It Never Stopped In My Hometown.&quot; These keyboard-drenched grooves sat alongside record stacks brimming with Stevie Wonder, Funkadelic, Marvin Gaye&#039;s 70s soul and, of course, Miles Davis&#039; space funk experiments of the era (like Bitches Brew).\" \/>\n<meta property=\"og:url\" content=\"https:\/\/wpguerssen-test.odoo.rgbconsulting.com\/es\/producto\/layers-red-smoke\/\" \/>\n<meta property=\"og:site_name\" content=\"Guerssen records\" \/>\n<meta property=\"article:modified_time\" content=\"2025-03-27T17:38:10+00:00\" \/>\n<meta property=\"og:image\" content=\"https:\/\/wpguerssen-test.odoo.rgbconsulting.com\/wp-content\/uploads\/2025\/01\/49732.jpg\" \/>\n\t<meta property=\"og:image:width\" content=\"412\" \/>\n\t<meta property=\"og:image:height\" content=\"412\" \/>\n\t<meta property=\"og:image:type\" content=\"image\/jpeg\" \/>\n<meta name=\"twitter:card\" content=\"summary_large_image\" \/>\n<meta name=\"twitter:title\" content=\"McCANN, Les - Layers (Red Smoke) -  (LP) | Guerssen\" \/>\n<meta name=\"twitter:label1\" content=\"Tiempo de lectura\" \/>\n\t<meta name=\"twitter:data1\" content=\"1 minuto\" \/>\n<script type=\"application\/ld+json\" class=\"yoast-schema-graph\">{\"@context\":\"https:\/\/schema.org\",\"@graph\":[{\"@type\":\"WebPage\",\"@id\":\"https:\/\/wpguerssen-test.odoo.rgbconsulting.com\/es\/producto\/layers-red-smoke\/\",\"url\":\"https:\/\/wpguerssen-test.odoo.rgbconsulting.com\/es\/producto\/layers-red-smoke\/\",\"name\":\"McCANN, Les - Layers (Red Smoke) - (LP) | Guerssen\",\"isPartOf\":{\"@id\":\"https:\/\/wpguerssen-test.odoo.rgbconsulting.com\/es\/#website\"},\"primaryImageOfPage\":{\"@id\":\"https:\/\/wpguerssen-test.odoo.rgbconsulting.com\/es\/producto\/layers-red-smoke\/#primaryimage\"},\"image\":{\"@id\":\"https:\/\/wpguerssen-test.odoo.rgbconsulting.com\/es\/producto\/layers-red-smoke\/#primaryimage\"},\"thumbnailUrl\":\"https:\/\/wpguerssen-test.odoo.rgbconsulting.com\/wp-content\/uploads\/2025\/01\/49732.jpg\",\"datePublished\":\"2025-02-27T23:00:00+00:00\",\"dateModified\":\"2025-03-27T17:38:10+00:00\",\"description\":\"Starting in the late 60s, jazz music started to take an interesting, and very soulful turn. Influenced by the funk of the day - from James Brown to Sly & The Family Stone - the art form, generally not considered a funky musical genre, started to stretch out and fit into the times. It was a fertile era, and to reciprocate, funk, soul and groovy rock fans started to discover accomplished, open-minded jazz artists like Les McCann, whose tunes made sense to their ears, even if bebop hadn't grabbed them.This incredible album - long a favorite of forward-thinking hip-hop producers and DJs - washes over listeners from the first chords of the incredible album opener, \\\"Sometimes I Cry,\\\" led by McCann's arrayof analog synthesizers and backed by an excellent rhythm section (Donald Dean on drums; Ralph McDonald on percussion and Jimmy Rowser on bass).Truth be told, highlights are hard to pick out, but fans never go long without returning to the fuzzed-out funk of \\\"The Harlem Buck Strut Dance,\\\" \\\"Let's Play (Til Mom Calls)\\\" and \\\"It Never Stopped In My Hometown.\\\" These keyboard-drenched grooves sat alongside record stacks brimming with Stevie Wonder, Funkadelic, Marvin Gaye's 70s soul and, of course, Miles Davis' space funk experiments of the era (like Bitches Brew).\",\"breadcrumb\":{\"@id\":\"https:\/\/wpguerssen-test.odoo.rgbconsulting.com\/es\/producto\/layers-red-smoke\/#breadcrumb\"},\"inLanguage\":\"es\",\"potentialAction\":[{\"@type\":\"ReadAction\",\"target\":[\"https:\/\/wpguerssen-test.odoo.rgbconsulting.com\/es\/producto\/layers-red-smoke\/\"]}]},{\"@type\":\"ImageObject\",\"inLanguage\":\"es\",\"@id\":\"https:\/\/wpguerssen-test.odoo.rgbconsulting.com\/es\/producto\/layers-red-smoke\/#primaryimage\",\"url\":\"https:\/\/wpguerssen-test.odoo.rgbconsulting.com\/wp-content\/uploads\/2025\/01\/49732.jpg\",\"contentUrl\":\"https:\/\/wpguerssen-test.odoo.rgbconsulting.com\/wp-content\/uploads\/2025\/01\/49732.jpg\",\"width\":412,\"height\":412,\"caption\":\"Les - Layers (Red Smoke) - GET ON DOWN (LP) | Guerssen\"},{\"@type\":\"BreadcrumbList\",\"@id\":\"https:\/\/wpguerssen-test.odoo.rgbconsulting.com\/es\/producto\/layers-red-smoke\/#breadcrumb\",\"itemListElement\":[{\"@type\":\"ListItem\",\"position\":1,\"name\":\"Inicio\",\"item\":\"https:\/\/wpguerssen-test.odoo.rgbconsulting.com\/es\/\"},{\"@type\":\"ListItem\",\"position\":2,\"name\":\"Shop\",\"item\":\"https:\/\/wpguerssen-test.odoo.rgbconsulting.com\/shop\/\"},{\"@type\":\"ListItem\",\"position\":3,\"name\":\"Layers (Red Smoke)\"}]},{\"@type\":\"WebSite\",\"@id\":\"https:\/\/wpguerssen-test.odoo.rgbconsulting.com\/es\/#website\",\"url\":\"https:\/\/wpguerssen-test.odoo.rgbconsulting.com\/es\/\",\"name\":\"Guerssen records\",\"description\":\"psychedelia - progressive - folk - garage \",\"publisher\":{\"@id\":\"https:\/\/wpguerssen-test.odoo.rgbconsulting.com\/es\/#organization\"},\"potentialAction\":[{\"@type\":\"SearchAction\",\"target\":{\"@type\":\"EntryPoint\",\"urlTemplate\":\"https:\/\/wpguerssen-test.odoo.rgbconsulting.com\/es\/?s={search_term_string}\"},\"query-input\":{\"@type\":\"PropertyValueSpecification\",\"valueRequired\":true,\"valueName\":\"search_term_string\"}}],\"inLanguage\":\"es\"},{\"@type\":\"Organization\",\"@id\":\"https:\/\/wpguerssen-test.odoo.rgbconsulting.com\/es\/#organization\",\"name\":\"Guerssen records\",\"url\":\"https:\/\/wpguerssen-test.odoo.rgbconsulting.com\/es\/\",\"logo\":{\"@type\":\"ImageObject\",\"inLanguage\":\"es\",\"@id\":\"https:\/\/wpguerssen-test.odoo.rgbconsulting.com\/es\/#\/schema\/logo\/image\/\",\"url\":\"https:\/\/wpguerssen-test.odoo.rgbconsulting.com\/wp-content\/uploads\/2022\/04\/Logo_Guerssen_trans_100.png\",\"contentUrl\":\"https:\/\/wpguerssen-test.odoo.rgbconsulting.com\/wp-content\/uploads\/2022\/04\/Logo_Guerssen_trans_100.png\",\"width\":122,\"height\":100,\"caption\":\"Guerssen records\"},\"image\":{\"@id\":\"https:\/\/wpguerssen-test.odoo.rgbconsulting.com\/es\/#\/schema\/logo\/image\/\"}}]}<\/script>\n<!-- \/ Yoast SEO plugin. -->","yoast_head_json":{"title":"McCANN, Les - Layers (Red Smoke) -  (LP) | Guerssen","description":"Starting in the late 60s, jazz music started to take an interesting, and very soulful turn. Influenced by the funk of the day - from James Brown to Sly & The Family Stone - the art form, generally not considered a funky musical genre, started to stretch out and fit into the times. It was a fertile era, and to reciprocate, funk, soul and groovy rock fans started to discover accomplished, open-minded jazz artists like Les McCann, whose tunes made sense to their ears, even if bebop hadn't grabbed them.This incredible album - long a favorite of forward-thinking hip-hop producers and DJs - washes over listeners from the first chords of the incredible album opener, \"Sometimes I Cry,\" led by McCann's arrayof analog synthesizers and backed by an excellent rhythm section (Donald Dean on drums; Ralph McDonald on percussion and Jimmy Rowser on bass).Truth be told, highlights are hard to pick out, but fans never go long without returning to the fuzzed-out funk of \"The Harlem Buck Strut Dance,\" \"Let's Play (Til Mom Calls)\" and \"It Never Stopped In My Hometown.\" These keyboard-drenched grooves sat alongside record stacks brimming with Stevie Wonder, Funkadelic, Marvin Gaye's 70s soul and, of course, Miles Davis' space funk experiments of the era (like Bitches Brew).","robots":{"index":"index","follow":"follow","max-snippet":"max-snippet:-1","max-image-preview":"max-image-preview:large","max-video-preview":"max-video-preview:-1"},"canonical":"https:\/\/wpguerssen-test.odoo.rgbconsulting.com\/es\/producto\/layers-red-smoke\/","og_locale":"es_ES","og_type":"article","og_title":"McCANN, Les - Layers (Red Smoke) -  (LP) | Guerssen","og_description":"Starting in the late 60s, jazz music started to take an interesting, and very soulful turn. Influenced by the funk of the day - from James Brown to Sly & The Family Stone - the art form, generally not considered a funky musical genre, started to stretch out and fit into the times. It was a fertile era, and to reciprocate, funk, soul and groovy rock fans started to discover accomplished, open-minded jazz artists like Les McCann, whose tunes made sense to their ears, even if bebop hadn't grabbed them.This incredible album - long a favorite of forward-thinking hip-hop producers and DJs - washes over listeners from the first chords of the incredible album opener, \"Sometimes I Cry,\" led by McCann's arrayof analog synthesizers and backed by an excellent rhythm section (Donald Dean on drums; Ralph McDonald on percussion and Jimmy Rowser on bass).Truth be told, highlights are hard to pick out, but fans never go long without returning to the fuzzed-out funk of \"The Harlem Buck Strut Dance,\" \"Let's Play (Til Mom Calls)\" and \"It Never Stopped In My Hometown.\" These keyboard-drenched grooves sat alongside record stacks brimming with Stevie Wonder, Funkadelic, Marvin Gaye's 70s soul and, of course, Miles Davis' space funk experiments of the era (like Bitches Brew).","og_url":"https:\/\/wpguerssen-test.odoo.rgbconsulting.com\/es\/producto\/layers-red-smoke\/","og_site_name":"Guerssen records","article_modified_time":"2025-03-27T17:38:10+00:00","og_image":[{"width":412,"height":412,"url":"https:\/\/wpguerssen-test.odoo.rgbconsulting.com\/wp-content\/uploads\/2025\/01\/49732.jpg","type":"image\/jpeg"}],"twitter_card":"summary_large_image","twitter_title":"McCANN, Les - Layers (Red Smoke) -  (LP) | Guerssen","twitter_misc":{"Tiempo de lectura":"1 minuto"},"schema":{"@context":"https:\/\/schema.org","@graph":[{"@type":"WebPage","@id":"https:\/\/wpguerssen-test.odoo.rgbconsulting.com\/es\/producto\/layers-red-smoke\/","url":"https:\/\/wpguerssen-test.odoo.rgbconsulting.com\/es\/producto\/layers-red-smoke\/","name":"McCANN, Les - Layers (Red Smoke) - (LP) | Guerssen","isPartOf":{"@id":"https:\/\/wpguerssen-test.odoo.rgbconsulting.com\/es\/#website"},"primaryImageOfPage":{"@id":"https:\/\/wpguerssen-test.odoo.rgbconsulting.com\/es\/producto\/layers-red-smoke\/#primaryimage"},"image":{"@id":"https:\/\/wpguerssen-test.odoo.rgbconsulting.com\/es\/producto\/layers-red-smoke\/#primaryimage"},"thumbnailUrl":"https:\/\/wpguerssen-test.odoo.rgbconsulting.com\/wp-content\/uploads\/2025\/01\/49732.jpg","datePublished":"2025-02-27T23:00:00+00:00","dateModified":"2025-03-27T17:38:10+00:00","description":"Starting in the late 60s, jazz music started to take an interesting, and very soulful turn. Influenced by the funk of the day - from James Brown to Sly & The Family Stone - the art form, generally not considered a funky musical genre, started to stretch out and fit into the times. It was a fertile era, and to reciprocate, funk, soul and groovy rock fans started to discover accomplished, open-minded jazz artists like Les McCann, whose tunes made sense to their ears, even if bebop hadn't grabbed them.This incredible album - long a favorite of forward-thinking hip-hop producers and DJs - washes over listeners from the first chords of the incredible album opener, \"Sometimes I Cry,\" led by McCann's arrayof analog synthesizers and backed by an excellent rhythm section (Donald Dean on drums; Ralph McDonald on percussion and Jimmy Rowser on bass).Truth be told, highlights are hard to pick out, but fans never go long without returning to the fuzzed-out funk of \"The Harlem Buck Strut Dance,\" \"Let's Play (Til Mom Calls)\" and \"It Never Stopped In My Hometown.\" These keyboard-drenched grooves sat alongside record stacks brimming with Stevie Wonder, Funkadelic, Marvin Gaye's 70s soul and, of course, Miles Davis' space funk experiments of the era (like Bitches Brew).","breadcrumb":{"@id":"https:\/\/wpguerssen-test.odoo.rgbconsulting.com\/es\/producto\/layers-red-smoke\/#breadcrumb"},"inLanguage":"es","potentialAction":[{"@type":"ReadAction","target":["https:\/\/wpguerssen-test.odoo.rgbconsulting.com\/es\/producto\/layers-red-smoke\/"]}]},{"@type":"ImageObject","inLanguage":"es","@id":"https:\/\/wpguerssen-test.odoo.rgbconsulting.com\/es\/producto\/layers-red-smoke\/#primaryimage","url":"https:\/\/wpguerssen-test.odoo.rgbconsulting.com\/wp-content\/uploads\/2025\/01\/49732.jpg","contentUrl":"https:\/\/wpguerssen-test.odoo.rgbconsulting.com\/wp-content\/uploads\/2025\/01\/49732.jpg","width":412,"height":412,"caption":"Les - Layers (Red Smoke) - GET ON DOWN (LP) | Guerssen"},{"@type":"BreadcrumbList","@id":"https:\/\/wpguerssen-test.odoo.rgbconsulting.com\/es\/producto\/layers-red-smoke\/#breadcrumb","itemListElement":[{"@type":"ListItem","position":1,"name":"Inicio","item":"https:\/\/wpguerssen-test.odoo.rgbconsulting.com\/es\/"},{"@type":"ListItem","position":2,"name":"Shop","item":"https:\/\/wpguerssen-test.odoo.rgbconsulting.com\/shop\/"},{"@type":"ListItem","position":3,"name":"Layers (Red Smoke)"}]},{"@type":"WebSite","@id":"https:\/\/wpguerssen-test.odoo.rgbconsulting.com\/es\/#website","url":"https:\/\/wpguerssen-test.odoo.rgbconsulting.com\/es\/","name":"Guerssen records","description":"psychedelia - progressive - folk - garage ","publisher":{"@id":"https:\/\/wpguerssen-test.odoo.rgbconsulting.com\/es\/#organization"},"potentialAction":[{"@type":"SearchAction","target":{"@type":"EntryPoint","urlTemplate":"https:\/\/wpguerssen-test.odoo.rgbconsulting.com\/es\/?s={search_term_string}"},"query-input":{"@type":"PropertyValueSpecification","valueRequired":true,"valueName":"search_term_string"}}],"inLanguage":"es"},{"@type":"Organization","@id":"https:\/\/wpguerssen-test.odoo.rgbconsulting.com\/es\/#organization","name":"Guerssen records","url":"https:\/\/wpguerssen-test.odoo.rgbconsulting.com\/es\/","logo":{"@type":"ImageObject","inLanguage":"es","@id":"https:\/\/wpguerssen-test.odoo.rgbconsulting.com\/es\/#\/schema\/logo\/image\/","url":"https:\/\/wpguerssen-test.odoo.rgbconsulting.com\/wp-content\/uploads\/2022\/04\/Logo_Guerssen_trans_100.png","contentUrl":"https:\/\/wpguerssen-test.odoo.rgbconsulting.com\/wp-content\/uploads\/2022\/04\/Logo_Guerssen_trans_100.png","width":122,"height":100,"caption":"Guerssen records"},"image":{"@id":"https:\/\/wpguerssen-test.odoo.rgbconsulting.com\/es\/#\/schema\/logo\/image\/"}}]}},"_links":{"self":[{"href":"https:\/\/wpguerssen-test.odoo.rgbconsulting.com\/es\/wp-json\/wp\/v2\/product\/282468","targetHints":{"allow":["GET"]}}],"collection":[{"href":"https:\/\/wpguerssen-test.odoo.rgbconsulting.com\/es\/wp-json\/wp\/v2\/product"}],"about":[{"href":"https:\/\/wpguerssen-test.odoo.rgbconsulting.com\/es\/wp-json\/wp\/v2\/types\/product"}],"wp:featuredmedia":[{"embeddable":true,"href":"https:\/\/wpguerssen-test.odoo.rgbconsulting.com\/es\/wp-json\/wp\/v2\/media\/282459"}],"wp:attachment":[{"href":"https:\/\/wpguerssen-test.odoo.rgbconsulting.com\/es\/wp-json\/wp\/v2\/media?parent=282468"}],"wp:term":[{"taxonomy":"product_brand","embeddable":true,"href":"https:\/\/wpguerssen-test.odoo.rgbconsulting.com\/es\/wp-json\/wp\/v2\/product_brand?post=282468"},{"taxonomy":"product_cat","embeddable":true,"href":"https:\/\/wpguerssen-test.odoo.rgbconsulting.com\/es\/wp-json\/wp\/v2\/product_cat?post=282468"},{"taxonomy":"product_tag","embeddable":true,"href":"https:\/\/wpguerssen-test.odoo.rgbconsulting.com\/es\/wp-json\/wp\/v2\/product_tag?post=282468"}],"curies":[{"name":"wp","href":"https:\/\/api.w.org\/{rel}","templated":true}]}}