{"id":282654,"date":"2025-02-20T00:00:00","date_gmt":"2025-02-19T23:00:00","guid":{"rendered":"https:\/\/wpguerssen-test.odoo.rgbconsulting.com\/product\/live-in-indiana-1991-white\/"},"modified":"2025-04-16T18:29:59","modified_gmt":"2025-04-16T16:29:59","slug":"live-in-indiana-1991-white","status":"publish","type":"product","link":"https:\/\/wpguerssen-test.odoo.rgbconsulting.com\/es\/producto\/live-in-indiana-1991-white\/","title":{"rendered":"Live In Indiana 1991 (White)"},"content":{"rendered":"<p>Esta es la banda en su mejor momento durante el &#8216;Use Your Illusion Tour&#8217; que dur\u00f3 m\u00e1s de dos a\u00f1os, tocando sus mayores \u00e9xitos como &#8216;Mr. Brownstone&#8217;<br \/>Tracklist:<br \/>Side A<br \/>1 Right Next Door To Hell 03:13 2 Mr. Brownstone 05:55 3 Bad Obsession 06:16 4 Dust N Bones 05:46 5 Double Talkin&#8217; Jive 05:19<br \/>Side B<br \/>1 Patience 07:41 2 Civil War 09:40 3 14 Years 05:02 4 Live And Let Die 06:04<\/p>\n","protected":false},"excerpt":{"rendered":"<p>Esta es la banda en su mejor momento durante el &#8216;Use Your Illusion Tour&#8217; que dur\u00f3 m\u00e1s de dos a\u00f1os, tocando sus mayores \u00e9xitos como &#8216;Mr. Brownstone&#8217;<br<a class=\"read\" href=\"https:\/\/wpguerssen-test.odoo.rgbconsulting.com\/es\/producto\/live-in-indiana-1991-white\/\"> (...)<\/a>","protected":false},"featured_media":282586,"template":"","meta":{"_acf_changed":false},"product_brand":[],"product_cat":[23225],"product_tag":[29140,24189],"class_list":{"0":"post-282654","1":"product","2":"type-product","3":"status-publish","4":"has-post-thumbnail","6":"product_cat-hard-rock-80s-90s-es-2","7":"product_tag-color-vinyl-es","8":"product_tag-recien-llegadas","9":"pa_artist-guns-roses-es","10":"pa_format-lp-es","11":"pa_gender-hard-rock-80s-90s","12":"pa_label-room-on-fire","13":"pa_location-north-america-es","14":"pa_other-filters-vinyl-only-es","16":"first","17":"instock","18":"taxable","19":"shipping-taxable","20":"purchasable","21":"product-type-simple"},"acf":[],"yoast_head":"<!-- This site is optimized with the Yoast SEO plugin v24.9 - https:\/\/yoast.com\/wordpress\/plugins\/seo\/ -->\n<title>GUNS &amp; ROSES - Live In Indiana 1991 (White) -  (LP) | Guerssen<\/title>\n<meta name=\"description\" content=\"This is the band in their prime during the &#039;Use Your Illusion Tour&#039; that lasted over two years, playing their biggest hits like &#039;Mr. Brownstone&#039;, &#039;Civil War&#039; and Paul McCartney Wings rendition &#039;Live And Let Die&#039;.Tracklist:Side A1 Right Next Door To Hell 03:13 2 Mr. Brownstone 05:55 3 Bad Obsession 06:16 4 Dust N Bones 05:46 5 Double Talkin&#039; Jive 05:19Side B1 Patience 07:41 2 Civil War 09:40 3 14 Years 05:02 4 Live And Let Die 06:04\" \/>\n<meta name=\"robots\" content=\"index, follow, max-snippet:-1, max-image-preview:large, max-video-preview:-1\" \/>\n<link rel=\"canonical\" href=\"https:\/\/wpguerssen-test.odoo.rgbconsulting.com\/es\/producto\/live-in-indiana-1991-white\/\" \/>\n<meta property=\"og:locale\" content=\"es_ES\" \/>\n<meta property=\"og:type\" content=\"article\" \/>\n<meta property=\"og:title\" content=\"GUNS &amp; ROSES - Live In Indiana 1991 (White) -  (LP) | Guerssen\" \/>\n<meta property=\"og:description\" content=\"This is the band in their prime during the &#039;Use Your Illusion Tour&#039; that lasted over two years, playing their biggest hits like &#039;Mr. Brownstone&#039;, &#039;Civil War&#039; and Paul McCartney Wings rendition &#039;Live And Let Die&#039;.Tracklist:Side A1 Right Next Door To Hell 03:13 2 Mr. Brownstone 05:55 3 Bad Obsession 06:16 4 Dust N Bones 05:46 5 Double Talkin&#039; Jive 05:19Side B1 Patience 07:41 2 Civil War 09:40 3 14 Years 05:02 4 Live And Let Die 06:04\" \/>\n<meta property=\"og:url\" content=\"https:\/\/wpguerssen-test.odoo.rgbconsulting.com\/es\/producto\/live-in-indiana-1991-white\/\" \/>\n<meta property=\"og:site_name\" content=\"Guerssen records\" \/>\n<meta property=\"article:modified_time\" content=\"2025-04-16T16:29:59+00:00\" \/>\n<meta property=\"og:image\" content=\"https:\/\/wpguerssen-test.odoo.rgbconsulting.com\/wp-content\/uploads\/2025\/02\/49746.jpg\" \/>\n\t<meta property=\"og:image:width\" content=\"1772\" \/>\n\t<meta property=\"og:image:height\" content=\"1305\" \/>\n\t<meta property=\"og:image:type\" content=\"image\/jpeg\" \/>\n<meta name=\"twitter:card\" content=\"summary_large_image\" \/>\n<meta name=\"twitter:title\" content=\"GUNS &amp; ROSES - Live In Indiana 1991 (White) -  (LP) | Guerssen\" \/>\n<script type=\"application\/ld+json\" class=\"yoast-schema-graph\">{\"@context\":\"https:\/\/schema.org\",\"@graph\":[{\"@type\":\"WebPage\",\"@id\":\"https:\/\/wpguerssen-test.odoo.rgbconsulting.com\/es\/producto\/live-in-indiana-1991-white\/\",\"url\":\"https:\/\/wpguerssen-test.odoo.rgbconsulting.com\/es\/producto\/live-in-indiana-1991-white\/\",\"name\":\"GUNS & ROSES - Live In Indiana 1991 (White) - (LP) | Guerssen\",\"isPartOf\":{\"@id\":\"https:\/\/wpguerssen-test.odoo.rgbconsulting.com\/es\/#website\"},\"primaryImageOfPage\":{\"@id\":\"https:\/\/wpguerssen-test.odoo.rgbconsulting.com\/es\/producto\/live-in-indiana-1991-white\/#primaryimage\"},\"image\":{\"@id\":\"https:\/\/wpguerssen-test.odoo.rgbconsulting.com\/es\/producto\/live-in-indiana-1991-white\/#primaryimage\"},\"thumbnailUrl\":\"https:\/\/wpguerssen-test.odoo.rgbconsulting.com\/wp-content\/uploads\/2025\/02\/49746.jpg\",\"datePublished\":\"2025-02-19T23:00:00+00:00\",\"dateModified\":\"2025-04-16T16:29:59+00:00\",\"description\":\"This is the band in their prime during the 'Use Your Illusion Tour' that lasted over two years, playing their biggest hits like 'Mr. Brownstone', 'Civil War' and Paul McCartney Wings rendition 'Live And Let Die'.Tracklist:Side A1 Right Next Door To Hell 03:13 2 Mr. Brownstone 05:55 3 Bad Obsession 06:16 4 Dust N Bones 05:46 5 Double Talkin' Jive 05:19Side B1 Patience 07:41 2 Civil War 09:40 3 14 Years 05:02 4 Live And Let Die 06:04\",\"breadcrumb\":{\"@id\":\"https:\/\/wpguerssen-test.odoo.rgbconsulting.com\/es\/producto\/live-in-indiana-1991-white\/#breadcrumb\"},\"inLanguage\":\"es\",\"potentialAction\":[{\"@type\":\"ReadAction\",\"target\":[\"https:\/\/wpguerssen-test.odoo.rgbconsulting.com\/es\/producto\/live-in-indiana-1991-white\/\"]}]},{\"@type\":\"ImageObject\",\"inLanguage\":\"es\",\"@id\":\"https:\/\/wpguerssen-test.odoo.rgbconsulting.com\/es\/producto\/live-in-indiana-1991-white\/#primaryimage\",\"url\":\"https:\/\/wpguerssen-test.odoo.rgbconsulting.com\/wp-content\/uploads\/2025\/02\/49746.jpg\",\"contentUrl\":\"https:\/\/wpguerssen-test.odoo.rgbconsulting.com\/wp-content\/uploads\/2025\/02\/49746.jpg\",\"width\":1772,\"height\":1305},{\"@type\":\"BreadcrumbList\",\"@id\":\"https:\/\/wpguerssen-test.odoo.rgbconsulting.com\/es\/producto\/live-in-indiana-1991-white\/#breadcrumb\",\"itemListElement\":[{\"@type\":\"ListItem\",\"position\":1,\"name\":\"Inicio\",\"item\":\"https:\/\/wpguerssen-test.odoo.rgbconsulting.com\/es\/\"},{\"@type\":\"ListItem\",\"position\":2,\"name\":\"Shop\",\"item\":\"https:\/\/wpguerssen-test.odoo.rgbconsulting.com\/shop\/\"},{\"@type\":\"ListItem\",\"position\":3,\"name\":\"Live In Indiana 1991 (White)\"}]},{\"@type\":\"WebSite\",\"@id\":\"https:\/\/wpguerssen-test.odoo.rgbconsulting.com\/es\/#website\",\"url\":\"https:\/\/wpguerssen-test.odoo.rgbconsulting.com\/es\/\",\"name\":\"Guerssen records\",\"description\":\"psychedelia - progressive - folk - garage \",\"publisher\":{\"@id\":\"https:\/\/wpguerssen-test.odoo.rgbconsulting.com\/es\/#organization\"},\"potentialAction\":[{\"@type\":\"SearchAction\",\"target\":{\"@type\":\"EntryPoint\",\"urlTemplate\":\"https:\/\/wpguerssen-test.odoo.rgbconsulting.com\/es\/?s={search_term_string}\"},\"query-input\":{\"@type\":\"PropertyValueSpecification\",\"valueRequired\":true,\"valueName\":\"search_term_string\"}}],\"inLanguage\":\"es\"},{\"@type\":\"Organization\",\"@id\":\"https:\/\/wpguerssen-test.odoo.rgbconsulting.com\/es\/#organization\",\"name\":\"Guerssen records\",\"url\":\"https:\/\/wpguerssen-test.odoo.rgbconsulting.com\/es\/\",\"logo\":{\"@type\":\"ImageObject\",\"inLanguage\":\"es\",\"@id\":\"https:\/\/wpguerssen-test.odoo.rgbconsulting.com\/es\/#\/schema\/logo\/image\/\",\"url\":\"https:\/\/wpguerssen-test.odoo.rgbconsulting.com\/wp-content\/uploads\/2022\/04\/Logo_Guerssen_trans_100.png\",\"contentUrl\":\"https:\/\/wpguerssen-test.odoo.rgbconsulting.com\/wp-content\/uploads\/2022\/04\/Logo_Guerssen_trans_100.png\",\"width\":122,\"height\":100,\"caption\":\"Guerssen records\"},\"image\":{\"@id\":\"https:\/\/wpguerssen-test.odoo.rgbconsulting.com\/es\/#\/schema\/logo\/image\/\"}}]}<\/script>\n<!-- \/ Yoast SEO plugin. -->","yoast_head_json":{"title":"GUNS & ROSES - Live In Indiana 1991 (White) -  (LP) | Guerssen","description":"This is the band in their prime during the 'Use Your Illusion Tour' that lasted over two years, playing their biggest hits like 'Mr. Brownstone', 'Civil War' and Paul McCartney Wings rendition 'Live And Let Die'.Tracklist:Side A1 Right Next Door To Hell 03:13 2 Mr. Brownstone 05:55 3 Bad Obsession 06:16 4 Dust N Bones 05:46 5 Double Talkin' Jive 05:19Side B1 Patience 07:41 2 Civil War 09:40 3 14 Years 05:02 4 Live And Let Die 06:04","robots":{"index":"index","follow":"follow","max-snippet":"max-snippet:-1","max-image-preview":"max-image-preview:large","max-video-preview":"max-video-preview:-1"},"canonical":"https:\/\/wpguerssen-test.odoo.rgbconsulting.com\/es\/producto\/live-in-indiana-1991-white\/","og_locale":"es_ES","og_type":"article","og_title":"GUNS & ROSES - Live In Indiana 1991 (White) -  (LP) | Guerssen","og_description":"This is the band in their prime during the 'Use Your Illusion Tour' that lasted over two years, playing their biggest hits like 'Mr. Brownstone', 'Civil War' and Paul McCartney Wings rendition 'Live And Let Die'.Tracklist:Side A1 Right Next Door To Hell 03:13 2 Mr. Brownstone 05:55 3 Bad Obsession 06:16 4 Dust N Bones 05:46 5 Double Talkin' Jive 05:19Side B1 Patience 07:41 2 Civil War 09:40 3 14 Years 05:02 4 Live And Let Die 06:04","og_url":"https:\/\/wpguerssen-test.odoo.rgbconsulting.com\/es\/producto\/live-in-indiana-1991-white\/","og_site_name":"Guerssen records","article_modified_time":"2025-04-16T16:29:59+00:00","og_image":[{"width":1772,"height":1305,"url":"https:\/\/wpguerssen-test.odoo.rgbconsulting.com\/wp-content\/uploads\/2025\/02\/49746.jpg","type":"image\/jpeg"}],"twitter_card":"summary_large_image","twitter_title":"GUNS & ROSES - Live In Indiana 1991 (White) -  (LP) | Guerssen","schema":{"@context":"https:\/\/schema.org","@graph":[{"@type":"WebPage","@id":"https:\/\/wpguerssen-test.odoo.rgbconsulting.com\/es\/producto\/live-in-indiana-1991-white\/","url":"https:\/\/wpguerssen-test.odoo.rgbconsulting.com\/es\/producto\/live-in-indiana-1991-white\/","name":"GUNS & ROSES - Live In Indiana 1991 (White) - (LP) | Guerssen","isPartOf":{"@id":"https:\/\/wpguerssen-test.odoo.rgbconsulting.com\/es\/#website"},"primaryImageOfPage":{"@id":"https:\/\/wpguerssen-test.odoo.rgbconsulting.com\/es\/producto\/live-in-indiana-1991-white\/#primaryimage"},"image":{"@id":"https:\/\/wpguerssen-test.odoo.rgbconsulting.com\/es\/producto\/live-in-indiana-1991-white\/#primaryimage"},"thumbnailUrl":"https:\/\/wpguerssen-test.odoo.rgbconsulting.com\/wp-content\/uploads\/2025\/02\/49746.jpg","datePublished":"2025-02-19T23:00:00+00:00","dateModified":"2025-04-16T16:29:59+00:00","description":"This is the band in their prime during the 'Use Your Illusion Tour' that lasted over two years, playing their biggest hits like 'Mr. Brownstone', 'Civil War' and Paul McCartney Wings rendition 'Live And Let Die'.Tracklist:Side A1 Right Next Door To Hell 03:13 2 Mr. Brownstone 05:55 3 Bad Obsession 06:16 4 Dust N Bones 05:46 5 Double Talkin' Jive 05:19Side B1 Patience 07:41 2 Civil War 09:40 3 14 Years 05:02 4 Live And Let Die 06:04","breadcrumb":{"@id":"https:\/\/wpguerssen-test.odoo.rgbconsulting.com\/es\/producto\/live-in-indiana-1991-white\/#breadcrumb"},"inLanguage":"es","potentialAction":[{"@type":"ReadAction","target":["https:\/\/wpguerssen-test.odoo.rgbconsulting.com\/es\/producto\/live-in-indiana-1991-white\/"]}]},{"@type":"ImageObject","inLanguage":"es","@id":"https:\/\/wpguerssen-test.odoo.rgbconsulting.com\/es\/producto\/live-in-indiana-1991-white\/#primaryimage","url":"https:\/\/wpguerssen-test.odoo.rgbconsulting.com\/wp-content\/uploads\/2025\/02\/49746.jpg","contentUrl":"https:\/\/wpguerssen-test.odoo.rgbconsulting.com\/wp-content\/uploads\/2025\/02\/49746.jpg","width":1772,"height":1305},{"@type":"BreadcrumbList","@id":"https:\/\/wpguerssen-test.odoo.rgbconsulting.com\/es\/producto\/live-in-indiana-1991-white\/#breadcrumb","itemListElement":[{"@type":"ListItem","position":1,"name":"Inicio","item":"https:\/\/wpguerssen-test.odoo.rgbconsulting.com\/es\/"},{"@type":"ListItem","position":2,"name":"Shop","item":"https:\/\/wpguerssen-test.odoo.rgbconsulting.com\/shop\/"},{"@type":"ListItem","position":3,"name":"Live In Indiana 1991 (White)"}]},{"@type":"WebSite","@id":"https:\/\/wpguerssen-test.odoo.rgbconsulting.com\/es\/#website","url":"https:\/\/wpguerssen-test.odoo.rgbconsulting.com\/es\/","name":"Guerssen records","description":"psychedelia - progressive - folk - garage ","publisher":{"@id":"https:\/\/wpguerssen-test.odoo.rgbconsulting.com\/es\/#organization"},"potentialAction":[{"@type":"SearchAction","target":{"@type":"EntryPoint","urlTemplate":"https:\/\/wpguerssen-test.odoo.rgbconsulting.com\/es\/?s={search_term_string}"},"query-input":{"@type":"PropertyValueSpecification","valueRequired":true,"valueName":"search_term_string"}}],"inLanguage":"es"},{"@type":"Organization","@id":"https:\/\/wpguerssen-test.odoo.rgbconsulting.com\/es\/#organization","name":"Guerssen records","url":"https:\/\/wpguerssen-test.odoo.rgbconsulting.com\/es\/","logo":{"@type":"ImageObject","inLanguage":"es","@id":"https:\/\/wpguerssen-test.odoo.rgbconsulting.com\/es\/#\/schema\/logo\/image\/","url":"https:\/\/wpguerssen-test.odoo.rgbconsulting.com\/wp-content\/uploads\/2022\/04\/Logo_Guerssen_trans_100.png","contentUrl":"https:\/\/wpguerssen-test.odoo.rgbconsulting.com\/wp-content\/uploads\/2022\/04\/Logo_Guerssen_trans_100.png","width":122,"height":100,"caption":"Guerssen records"},"image":{"@id":"https:\/\/wpguerssen-test.odoo.rgbconsulting.com\/es\/#\/schema\/logo\/image\/"}}]}},"_links":{"self":[{"href":"https:\/\/wpguerssen-test.odoo.rgbconsulting.com\/es\/wp-json\/wp\/v2\/product\/282654","targetHints":{"allow":["GET"]}}],"collection":[{"href":"https:\/\/wpguerssen-test.odoo.rgbconsulting.com\/es\/wp-json\/wp\/v2\/product"}],"about":[{"href":"https:\/\/wpguerssen-test.odoo.rgbconsulting.com\/es\/wp-json\/wp\/v2\/types\/product"}],"wp:featuredmedia":[{"embeddable":true,"href":"https:\/\/wpguerssen-test.odoo.rgbconsulting.com\/es\/wp-json\/wp\/v2\/media\/282586"}],"wp:attachment":[{"href":"https:\/\/wpguerssen-test.odoo.rgbconsulting.com\/es\/wp-json\/wp\/v2\/media?parent=282654"}],"wp:term":[{"taxonomy":"product_brand","embeddable":true,"href":"https:\/\/wpguerssen-test.odoo.rgbconsulting.com\/es\/wp-json\/wp\/v2\/product_brand?post=282654"},{"taxonomy":"product_cat","embeddable":true,"href":"https:\/\/wpguerssen-test.odoo.rgbconsulting.com\/es\/wp-json\/wp\/v2\/product_cat?post=282654"},{"taxonomy":"product_tag","embeddable":true,"href":"https:\/\/wpguerssen-test.odoo.rgbconsulting.com\/es\/wp-json\/wp\/v2\/product_tag?post=282654"}],"curies":[{"name":"wp","href":"https:\/\/api.w.org\/{rel}","templated":true}]}}