{"id":282664,"date":"2025-03-27T00:00:00","date_gmt":"2025-03-26T23:00:00","guid":{"rendered":"https:\/\/wpguerssen-test.odoo.rgbconsulting.com\/product\/beyond-the-outer-mirr\/"},"modified":"2025-04-16T18:30:19","modified_gmt":"2025-04-16T16:30:19","slug":"beyond-the-outer-mirr","status":"publish","type":"product","link":"https:\/\/wpguerssen-test.odoo.rgbconsulting.com\/es\/producto\/beyond-the-outer-mirr\/","title":{"rendered":"Beyond The Outer Mirr"},"content":{"rendered":"<p>Julian&#8217;s Treatment se form\u00f3 a finales de la d\u00e9cada de 1960 en Londres, al final de la era psicod\u00e9lica, que se transform\u00f3 en la primera escena del rock progresivo. El l\u00edder de la banda, Julian Jay Savarin, de ascendencia francesa\/maya, dej\u00f3 Dominica a principios de los a\u00f1os 60 para estudiar derecho en el Reino Unido. Su fascinaci\u00f3n por el espacio y la aviaci\u00f3n lo llevaron a unirse a la R.A.F. antes de sumergirse en la emocionante escena musical underground de Londres.<br \/>El \u00e1lbum debut (doble concepto) c\u00f3smicamente mejorado de Julian&#8217;s Treatment, titulado: A Time Before This, fue lanzado en 1970 y se ha convertido en un cl\u00e1sico de culto de la \u00e9poca. Cuando Julian centr\u00f3 su talento en convertirse en un prol\u00edfico escritor de ciencia ficci\u00f3n, Julian&#8217;s Treatment se alej\u00f3 del \u00e1mbito en vivo. Como resultado, se convirtieron en una banda de estudio con nuevos miembros, incluida la enigm\u00e1tica (ex Catapilla) vocalista \u00abLady Jo Meek\u00bb. Se grab\u00f3 un segundo \u00e1lbum con esta nueva formaci\u00f3n, como complemento del primer libro de Julian: Waiters On The Dance, que se public\u00f3 en 1972. El \u00e1lbum, del mismo nombre, se lanz\u00f3 a principios de 1973. Desde entonces, Julian pas\u00f3 a tener un volumen impresionante de libros aclamados publicados en su nombre, aunque no se ha o\u00eddo nada de \u00e9l musicalmente. \u00a1No sab\u00edamos que en 1975 se hab\u00eda grabado un \u00e1lbum posterior a Waiters On the Dance pero, por alguna raz\u00f3n, nunca hab\u00eda visto la luz hasta ahora!<br \/>Beyond The Outer Mirr es, sin duda, un Santo Grial de la \u00e9poca dorada del rock progresivo temprano. La vocalista Lady Jo Meek realiza una actuaci\u00f3n incre\u00edble que dejar\u00e1 at\u00f3nitos a los oyentes.<\/p>\n","protected":false},"excerpt":{"rendered":"<p>Julian&#8217;s Treatment se form\u00f3 a finales de la d\u00e9cada de 1960 en Londres, al final de la era psicod\u00e9lica, que se transform\u00f3 en la primera escena del rock progresivo.<a class=\"read\" href=\"https:\/\/wpguerssen-test.odoo.rgbconsulting.com\/es\/producto\/beyond-the-outer-mirr\/\"> (...)<\/a>","protected":false},"featured_media":282616,"template":"","meta":{"_acf_changed":false},"product_brand":[],"product_cat":[21639,23215],"product_tag":[24189],"class_list":{"0":"post-282664","1":"product","2":"type-product","3":"status-publish","4":"has-post-thumbnail","6":"product_cat-psychedelic60s-70s-es","7":"product_cat-progressive60s-70s-es","8":"product_tag-recien-llegadas","9":"pa_artist-savarin-julian-jay-es","10":"pa_format-lp-es","11":"pa_gender-psychedelic60s-70s-progressive60s-70s","12":"pa_label-rise-above-relics","13":"pa_location-uk-ireland-es","14":"pa_other-filters-vinyl-only-es","16":"first","17":"instock","18":"taxable","19":"shipping-taxable","20":"purchasable","21":"product-type-simple"},"acf":[],"yoast_head":"<!-- This site is optimized with the Yoast SEO plugin v24.9 - https:\/\/yoast.com\/wordpress\/plugins\/seo\/ -->\n<title>SAVARIN, Julian Jay - Beyond The Outer Mirr -  (LP) | Guerssen<\/title>\n<meta name=\"description\" content=\"Julian&#039;s Treatment was formed in late 1960s London, at the tail-end of the psychedelic era, which morphed into the early progressive rock scene. Band leader Julian Jay Savarin, of French\/Mayan descent, left Dominica in the early 60s to study law in the UK. His fascination with space and aviation led him to join the R.A.F. before immersing himself in London&#039;s exciting underground music scene.The cosmically enhanced debut (double concept) album by Julian&#039;s Treatment, titled: A Time Before This, was released in 1970 and has gone on to be a cult classic of the era. As Julian turned his talents toward becoming a prolific Science Fiction writer, Julian&#039;s Treatment stepped away from the live arena. As result they became a studio band with new members, including the enigmatic (former Catapilla) vocalist &#039;Lady Jo Meek&#039;. A second album was recorded with this new line-up, as a companion to Julian&#039;s first book: Waiters On The Dance, being published in 1972. The album, of the same name was released in early 1973. Since then, Julian went on to have an impressive volume of acclaimed books published in his name, though nothing has been heard of him musically. Little did we all know that a follow-up album to Waiters On the Dance had been recorded in 1975 but, for whatever reason, it has never seen the light of day, until now!Beyond The Outer Mirr is, undoubtedly a holy grail from the golden era of early progressive rock. Vocalist, Lady Jo Meek, puts in an incredible performance which will leave listeners stunned.\" \/>\n<meta name=\"robots\" content=\"index, follow, max-snippet:-1, max-image-preview:large, max-video-preview:-1\" \/>\n<link rel=\"canonical\" href=\"https:\/\/wpguerssen-test.odoo.rgbconsulting.com\/es\/producto\/beyond-the-outer-mirr\/\" \/>\n<meta property=\"og:locale\" content=\"es_ES\" \/>\n<meta property=\"og:type\" content=\"article\" \/>\n<meta property=\"og:title\" content=\"SAVARIN, Julian Jay - Beyond The Outer Mirr -  (LP) | Guerssen\" \/>\n<meta property=\"og:description\" content=\"Julian&#039;s Treatment was formed in late 1960s London, at the tail-end of the psychedelic era, which morphed into the early progressive rock scene. Band leader Julian Jay Savarin, of French\/Mayan descent, left Dominica in the early 60s to study law in the UK. His fascination with space and aviation led him to join the R.A.F. before immersing himself in London&#039;s exciting underground music scene.The cosmically enhanced debut (double concept) album by Julian&#039;s Treatment, titled: A Time Before This, was released in 1970 and has gone on to be a cult classic of the era. As Julian turned his talents toward becoming a prolific Science Fiction writer, Julian&#039;s Treatment stepped away from the live arena. As result they became a studio band with new members, including the enigmatic (former Catapilla) vocalist &#039;Lady Jo Meek&#039;. A second album was recorded with this new line-up, as a companion to Julian&#039;s first book: Waiters On The Dance, being published in 1972. The album, of the same name was released in early 1973. Since then, Julian went on to have an impressive volume of acclaimed books published in his name, though nothing has been heard of him musically. Little did we all know that a follow-up album to Waiters On the Dance had been recorded in 1975 but, for whatever reason, it has never seen the light of day, until now!Beyond The Outer Mirr is, undoubtedly a holy grail from the golden era of early progressive rock. Vocalist, Lady Jo Meek, puts in an incredible performance which will leave listeners stunned.\" \/>\n<meta property=\"og:url\" content=\"https:\/\/wpguerssen-test.odoo.rgbconsulting.com\/es\/producto\/beyond-the-outer-mirr\/\" \/>\n<meta property=\"og:site_name\" content=\"Guerssen records\" \/>\n<meta property=\"article:modified_time\" content=\"2025-04-16T16:30:19+00:00\" \/>\n<meta property=\"og:image\" content=\"https:\/\/wpguerssen-test.odoo.rgbconsulting.com\/wp-content\/uploads\/2025\/02\/49756.jpg\" \/>\n\t<meta property=\"og:image:width\" content=\"260\" \/>\n\t<meta property=\"og:image:height\" content=\"260\" \/>\n\t<meta property=\"og:image:type\" content=\"image\/jpeg\" \/>\n<meta name=\"twitter:card\" content=\"summary_large_image\" \/>\n<meta name=\"twitter:title\" content=\"SAVARIN, Julian Jay - Beyond The Outer Mirr -  (LP) | Guerssen\" \/>\n<meta name=\"twitter:label1\" content=\"Tiempo de lectura\" \/>\n\t<meta name=\"twitter:data1\" content=\"1 minuto\" \/>\n<script type=\"application\/ld+json\" class=\"yoast-schema-graph\">{\"@context\":\"https:\/\/schema.org\",\"@graph\":[{\"@type\":\"WebPage\",\"@id\":\"https:\/\/wpguerssen-test.odoo.rgbconsulting.com\/es\/producto\/beyond-the-outer-mirr\/\",\"url\":\"https:\/\/wpguerssen-test.odoo.rgbconsulting.com\/es\/producto\/beyond-the-outer-mirr\/\",\"name\":\"SAVARIN, Julian Jay - Beyond The Outer Mirr - (LP) | Guerssen\",\"isPartOf\":{\"@id\":\"https:\/\/wpguerssen-test.odoo.rgbconsulting.com\/es\/#website\"},\"primaryImageOfPage\":{\"@id\":\"https:\/\/wpguerssen-test.odoo.rgbconsulting.com\/es\/producto\/beyond-the-outer-mirr\/#primaryimage\"},\"image\":{\"@id\":\"https:\/\/wpguerssen-test.odoo.rgbconsulting.com\/es\/producto\/beyond-the-outer-mirr\/#primaryimage\"},\"thumbnailUrl\":\"https:\/\/wpguerssen-test.odoo.rgbconsulting.com\/wp-content\/uploads\/2025\/02\/49756.jpg\",\"datePublished\":\"2025-03-26T23:00:00+00:00\",\"dateModified\":\"2025-04-16T16:30:19+00:00\",\"description\":\"Julian's Treatment was formed in late 1960s London, at the tail-end of the psychedelic era, which morphed into the early progressive rock scene. Band leader Julian Jay Savarin, of French\/Mayan descent, left Dominica in the early 60s to study law in the UK. His fascination with space and aviation led him to join the R.A.F. before immersing himself in London's exciting underground music scene.The cosmically enhanced debut (double concept) album by Julian's Treatment, titled: A Time Before This, was released in 1970 and has gone on to be a cult classic of the era. As Julian turned his talents toward becoming a prolific Science Fiction writer, Julian's Treatment stepped away from the live arena. As result they became a studio band with new members, including the enigmatic (former Catapilla) vocalist 'Lady Jo Meek'. A second album was recorded with this new line-up, as a companion to Julian's first book: Waiters On The Dance, being published in 1972. The album, of the same name was released in early 1973. Since then, Julian went on to have an impressive volume of acclaimed books published in his name, though nothing has been heard of him musically. Little did we all know that a follow-up album to Waiters On the Dance had been recorded in 1975 but, for whatever reason, it has never seen the light of day, until now!Beyond The Outer Mirr is, undoubtedly a holy grail from the golden era of early progressive rock. Vocalist, Lady Jo Meek, puts in an incredible performance which will leave listeners stunned.\",\"breadcrumb\":{\"@id\":\"https:\/\/wpguerssen-test.odoo.rgbconsulting.com\/es\/producto\/beyond-the-outer-mirr\/#breadcrumb\"},\"inLanguage\":\"es\",\"potentialAction\":[{\"@type\":\"ReadAction\",\"target\":[\"https:\/\/wpguerssen-test.odoo.rgbconsulting.com\/es\/producto\/beyond-the-outer-mirr\/\"]}]},{\"@type\":\"ImageObject\",\"inLanguage\":\"es\",\"@id\":\"https:\/\/wpguerssen-test.odoo.rgbconsulting.com\/es\/producto\/beyond-the-outer-mirr\/#primaryimage\",\"url\":\"https:\/\/wpguerssen-test.odoo.rgbconsulting.com\/wp-content\/uploads\/2025\/02\/49756.jpg\",\"contentUrl\":\"https:\/\/wpguerssen-test.odoo.rgbconsulting.com\/wp-content\/uploads\/2025\/02\/49756.jpg\",\"width\":260,\"height\":260,\"caption\":\"Julian Jay - Beyond The Outer Mirr - RISE ABOVE RELICS (LP) | Guerssen\"},{\"@type\":\"BreadcrumbList\",\"@id\":\"https:\/\/wpguerssen-test.odoo.rgbconsulting.com\/es\/producto\/beyond-the-outer-mirr\/#breadcrumb\",\"itemListElement\":[{\"@type\":\"ListItem\",\"position\":1,\"name\":\"Inicio\",\"item\":\"https:\/\/wpguerssen-test.odoo.rgbconsulting.com\/es\/\"},{\"@type\":\"ListItem\",\"position\":2,\"name\":\"Shop\",\"item\":\"https:\/\/wpguerssen-test.odoo.rgbconsulting.com\/shop\/\"},{\"@type\":\"ListItem\",\"position\":3,\"name\":\"Beyond The Outer Mirr\"}]},{\"@type\":\"WebSite\",\"@id\":\"https:\/\/wpguerssen-test.odoo.rgbconsulting.com\/es\/#website\",\"url\":\"https:\/\/wpguerssen-test.odoo.rgbconsulting.com\/es\/\",\"name\":\"Guerssen records\",\"description\":\"psychedelia - progressive - folk - garage \",\"publisher\":{\"@id\":\"https:\/\/wpguerssen-test.odoo.rgbconsulting.com\/es\/#organization\"},\"potentialAction\":[{\"@type\":\"SearchAction\",\"target\":{\"@type\":\"EntryPoint\",\"urlTemplate\":\"https:\/\/wpguerssen-test.odoo.rgbconsulting.com\/es\/?s={search_term_string}\"},\"query-input\":{\"@type\":\"PropertyValueSpecification\",\"valueRequired\":true,\"valueName\":\"search_term_string\"}}],\"inLanguage\":\"es\"},{\"@type\":\"Organization\",\"@id\":\"https:\/\/wpguerssen-test.odoo.rgbconsulting.com\/es\/#organization\",\"name\":\"Guerssen records\",\"url\":\"https:\/\/wpguerssen-test.odoo.rgbconsulting.com\/es\/\",\"logo\":{\"@type\":\"ImageObject\",\"inLanguage\":\"es\",\"@id\":\"https:\/\/wpguerssen-test.odoo.rgbconsulting.com\/es\/#\/schema\/logo\/image\/\",\"url\":\"https:\/\/wpguerssen-test.odoo.rgbconsulting.com\/wp-content\/uploads\/2022\/04\/Logo_Guerssen_trans_100.png\",\"contentUrl\":\"https:\/\/wpguerssen-test.odoo.rgbconsulting.com\/wp-content\/uploads\/2022\/04\/Logo_Guerssen_trans_100.png\",\"width\":122,\"height\":100,\"caption\":\"Guerssen records\"},\"image\":{\"@id\":\"https:\/\/wpguerssen-test.odoo.rgbconsulting.com\/es\/#\/schema\/logo\/image\/\"}}]}<\/script>\n<!-- \/ Yoast SEO plugin. -->","yoast_head_json":{"title":"SAVARIN, Julian Jay - Beyond The Outer Mirr -  (LP) | Guerssen","description":"Julian's Treatment was formed in late 1960s London, at the tail-end of the psychedelic era, which morphed into the early progressive rock scene. Band leader Julian Jay Savarin, of French\/Mayan descent, left Dominica in the early 60s to study law in the UK. His fascination with space and aviation led him to join the R.A.F. before immersing himself in London's exciting underground music scene.The cosmically enhanced debut (double concept) album by Julian's Treatment, titled: A Time Before This, was released in 1970 and has gone on to be a cult classic of the era. As Julian turned his talents toward becoming a prolific Science Fiction writer, Julian's Treatment stepped away from the live arena. As result they became a studio band with new members, including the enigmatic (former Catapilla) vocalist 'Lady Jo Meek'. A second album was recorded with this new line-up, as a companion to Julian's first book: Waiters On The Dance, being published in 1972. The album, of the same name was released in early 1973. Since then, Julian went on to have an impressive volume of acclaimed books published in his name, though nothing has been heard of him musically. Little did we all know that a follow-up album to Waiters On the Dance had been recorded in 1975 but, for whatever reason, it has never seen the light of day, until now!Beyond The Outer Mirr is, undoubtedly a holy grail from the golden era of early progressive rock. Vocalist, Lady Jo Meek, puts in an incredible performance which will leave listeners stunned.","robots":{"index":"index","follow":"follow","max-snippet":"max-snippet:-1","max-image-preview":"max-image-preview:large","max-video-preview":"max-video-preview:-1"},"canonical":"https:\/\/wpguerssen-test.odoo.rgbconsulting.com\/es\/producto\/beyond-the-outer-mirr\/","og_locale":"es_ES","og_type":"article","og_title":"SAVARIN, Julian Jay - Beyond The Outer Mirr -  (LP) | Guerssen","og_description":"Julian's Treatment was formed in late 1960s London, at the tail-end of the psychedelic era, which morphed into the early progressive rock scene. Band leader Julian Jay Savarin, of French\/Mayan descent, left Dominica in the early 60s to study law in the UK. His fascination with space and aviation led him to join the R.A.F. before immersing himself in London's exciting underground music scene.The cosmically enhanced debut (double concept) album by Julian's Treatment, titled: A Time Before This, was released in 1970 and has gone on to be a cult classic of the era. As Julian turned his talents toward becoming a prolific Science Fiction writer, Julian's Treatment stepped away from the live arena. As result they became a studio band with new members, including the enigmatic (former Catapilla) vocalist 'Lady Jo Meek'. A second album was recorded with this new line-up, as a companion to Julian's first book: Waiters On The Dance, being published in 1972. The album, of the same name was released in early 1973. Since then, Julian went on to have an impressive volume of acclaimed books published in his name, though nothing has been heard of him musically. Little did we all know that a follow-up album to Waiters On the Dance had been recorded in 1975 but, for whatever reason, it has never seen the light of day, until now!Beyond The Outer Mirr is, undoubtedly a holy grail from the golden era of early progressive rock. Vocalist, Lady Jo Meek, puts in an incredible performance which will leave listeners stunned.","og_url":"https:\/\/wpguerssen-test.odoo.rgbconsulting.com\/es\/producto\/beyond-the-outer-mirr\/","og_site_name":"Guerssen records","article_modified_time":"2025-04-16T16:30:19+00:00","og_image":[{"width":260,"height":260,"url":"https:\/\/wpguerssen-test.odoo.rgbconsulting.com\/wp-content\/uploads\/2025\/02\/49756.jpg","type":"image\/jpeg"}],"twitter_card":"summary_large_image","twitter_title":"SAVARIN, Julian Jay - Beyond The Outer Mirr -  (LP) | Guerssen","twitter_misc":{"Tiempo de lectura":"1 minuto"},"schema":{"@context":"https:\/\/schema.org","@graph":[{"@type":"WebPage","@id":"https:\/\/wpguerssen-test.odoo.rgbconsulting.com\/es\/producto\/beyond-the-outer-mirr\/","url":"https:\/\/wpguerssen-test.odoo.rgbconsulting.com\/es\/producto\/beyond-the-outer-mirr\/","name":"SAVARIN, Julian Jay - Beyond The Outer Mirr - (LP) | Guerssen","isPartOf":{"@id":"https:\/\/wpguerssen-test.odoo.rgbconsulting.com\/es\/#website"},"primaryImageOfPage":{"@id":"https:\/\/wpguerssen-test.odoo.rgbconsulting.com\/es\/producto\/beyond-the-outer-mirr\/#primaryimage"},"image":{"@id":"https:\/\/wpguerssen-test.odoo.rgbconsulting.com\/es\/producto\/beyond-the-outer-mirr\/#primaryimage"},"thumbnailUrl":"https:\/\/wpguerssen-test.odoo.rgbconsulting.com\/wp-content\/uploads\/2025\/02\/49756.jpg","datePublished":"2025-03-26T23:00:00+00:00","dateModified":"2025-04-16T16:30:19+00:00","description":"Julian's Treatment was formed in late 1960s London, at the tail-end of the psychedelic era, which morphed into the early progressive rock scene. Band leader Julian Jay Savarin, of French\/Mayan descent, left Dominica in the early 60s to study law in the UK. His fascination with space and aviation led him to join the R.A.F. before immersing himself in London's exciting underground music scene.The cosmically enhanced debut (double concept) album by Julian's Treatment, titled: A Time Before This, was released in 1970 and has gone on to be a cult classic of the era. As Julian turned his talents toward becoming a prolific Science Fiction writer, Julian's Treatment stepped away from the live arena. As result they became a studio band with new members, including the enigmatic (former Catapilla) vocalist 'Lady Jo Meek'. A second album was recorded with this new line-up, as a companion to Julian's first book: Waiters On The Dance, being published in 1972. The album, of the same name was released in early 1973. Since then, Julian went on to have an impressive volume of acclaimed books published in his name, though nothing has been heard of him musically. Little did we all know that a follow-up album to Waiters On the Dance had been recorded in 1975 but, for whatever reason, it has never seen the light of day, until now!Beyond The Outer Mirr is, undoubtedly a holy grail from the golden era of early progressive rock. Vocalist, Lady Jo Meek, puts in an incredible performance which will leave listeners stunned.","breadcrumb":{"@id":"https:\/\/wpguerssen-test.odoo.rgbconsulting.com\/es\/producto\/beyond-the-outer-mirr\/#breadcrumb"},"inLanguage":"es","potentialAction":[{"@type":"ReadAction","target":["https:\/\/wpguerssen-test.odoo.rgbconsulting.com\/es\/producto\/beyond-the-outer-mirr\/"]}]},{"@type":"ImageObject","inLanguage":"es","@id":"https:\/\/wpguerssen-test.odoo.rgbconsulting.com\/es\/producto\/beyond-the-outer-mirr\/#primaryimage","url":"https:\/\/wpguerssen-test.odoo.rgbconsulting.com\/wp-content\/uploads\/2025\/02\/49756.jpg","contentUrl":"https:\/\/wpguerssen-test.odoo.rgbconsulting.com\/wp-content\/uploads\/2025\/02\/49756.jpg","width":260,"height":260,"caption":"Julian Jay - Beyond The Outer Mirr - RISE ABOVE RELICS (LP) | Guerssen"},{"@type":"BreadcrumbList","@id":"https:\/\/wpguerssen-test.odoo.rgbconsulting.com\/es\/producto\/beyond-the-outer-mirr\/#breadcrumb","itemListElement":[{"@type":"ListItem","position":1,"name":"Inicio","item":"https:\/\/wpguerssen-test.odoo.rgbconsulting.com\/es\/"},{"@type":"ListItem","position":2,"name":"Shop","item":"https:\/\/wpguerssen-test.odoo.rgbconsulting.com\/shop\/"},{"@type":"ListItem","position":3,"name":"Beyond The Outer Mirr"}]},{"@type":"WebSite","@id":"https:\/\/wpguerssen-test.odoo.rgbconsulting.com\/es\/#website","url":"https:\/\/wpguerssen-test.odoo.rgbconsulting.com\/es\/","name":"Guerssen records","description":"psychedelia - progressive - folk - garage ","publisher":{"@id":"https:\/\/wpguerssen-test.odoo.rgbconsulting.com\/es\/#organization"},"potentialAction":[{"@type":"SearchAction","target":{"@type":"EntryPoint","urlTemplate":"https:\/\/wpguerssen-test.odoo.rgbconsulting.com\/es\/?s={search_term_string}"},"query-input":{"@type":"PropertyValueSpecification","valueRequired":true,"valueName":"search_term_string"}}],"inLanguage":"es"},{"@type":"Organization","@id":"https:\/\/wpguerssen-test.odoo.rgbconsulting.com\/es\/#organization","name":"Guerssen records","url":"https:\/\/wpguerssen-test.odoo.rgbconsulting.com\/es\/","logo":{"@type":"ImageObject","inLanguage":"es","@id":"https:\/\/wpguerssen-test.odoo.rgbconsulting.com\/es\/#\/schema\/logo\/image\/","url":"https:\/\/wpguerssen-test.odoo.rgbconsulting.com\/wp-content\/uploads\/2022\/04\/Logo_Guerssen_trans_100.png","contentUrl":"https:\/\/wpguerssen-test.odoo.rgbconsulting.com\/wp-content\/uploads\/2022\/04\/Logo_Guerssen_trans_100.png","width":122,"height":100,"caption":"Guerssen records"},"image":{"@id":"https:\/\/wpguerssen-test.odoo.rgbconsulting.com\/es\/#\/schema\/logo\/image\/"}}]}},"_links":{"self":[{"href":"https:\/\/wpguerssen-test.odoo.rgbconsulting.com\/es\/wp-json\/wp\/v2\/product\/282664","targetHints":{"allow":["GET"]}}],"collection":[{"href":"https:\/\/wpguerssen-test.odoo.rgbconsulting.com\/es\/wp-json\/wp\/v2\/product"}],"about":[{"href":"https:\/\/wpguerssen-test.odoo.rgbconsulting.com\/es\/wp-json\/wp\/v2\/types\/product"}],"wp:featuredmedia":[{"embeddable":true,"href":"https:\/\/wpguerssen-test.odoo.rgbconsulting.com\/es\/wp-json\/wp\/v2\/media\/282616"}],"wp:attachment":[{"href":"https:\/\/wpguerssen-test.odoo.rgbconsulting.com\/es\/wp-json\/wp\/v2\/media?parent=282664"}],"wp:term":[{"taxonomy":"product_brand","embeddable":true,"href":"https:\/\/wpguerssen-test.odoo.rgbconsulting.com\/es\/wp-json\/wp\/v2\/product_brand?post=282664"},{"taxonomy":"product_cat","embeddable":true,"href":"https:\/\/wpguerssen-test.odoo.rgbconsulting.com\/es\/wp-json\/wp\/v2\/product_cat?post=282664"},{"taxonomy":"product_tag","embeddable":true,"href":"https:\/\/wpguerssen-test.odoo.rgbconsulting.com\/es\/wp-json\/wp\/v2\/product_tag?post=282664"}],"curies":[{"name":"wp","href":"https:\/\/api.w.org\/{rel}","templated":true}]}}