{"id":282670,"date":"2025-02-11T00:00:00","date_gmt":"2025-02-10T23:00:00","guid":{"rendered":"https:\/\/wpguerssen-test.odoo.rgbconsulting.com\/product\/velvet-underground-closet-mix\/"},"modified":"2025-04-16T18:30:28","modified_gmt":"2025-04-16T16:30:28","slug":"velvet-underground-closet-mix","status":"publish","type":"product","link":"https:\/\/wpguerssen-test.odoo.rgbconsulting.com\/es\/producto\/velvet-underground-closet-mix\/","title":{"rendered":"Velvet Underground. Closet Mix"},"content":{"rendered":"<p>The Velvet Underground edici\u00f3n muy especial de su \u00e1lbum hom\u00f3nimo de 1969. &#8216;The Closet Mix&#8217;, descrita por Lou Reed como una versi\u00f3n que &#8216;llega directamente a alguien, sin filtros&#8230; As\u00ed que, si escuchas el disco, es como estar sentado frente a ti&#8217;.<br \/>Tracks: 01 Candy Says 02 What Goes On 03 Some Kinda Love 04 Pale Blue Eyes 05 Jesus 06 Beginning to See the Light 07 I-m Set Free 08 That-s the Story of My Life 09 The Murder Mystery 10 After Hours 11 Beginning to See the Light<\/p>\n","protected":false},"excerpt":{"rendered":"<p>The Velvet Underground edici\u00f3n muy especial de su \u00e1lbum hom\u00f3nimo de 1969. &#8216;The Closet Mix&#8217;, descrita por Lou Reed como una versi\u00f3n que &#8216;llega<a class=\"read\" href=\"https:\/\/wpguerssen-test.odoo.rgbconsulting.com\/es\/producto\/velvet-underground-closet-mix\/\"> (...)<\/a>","protected":false},"featured_media":282634,"template":"","meta":{"_acf_changed":false},"product_brand":[],"product_cat":[21639],"product_tag":[24189],"class_list":{"0":"post-282670","1":"product","2":"type-product","3":"status-publish","4":"has-post-thumbnail","6":"product_cat-psychedelic60s-70s-es","7":"product_tag-recien-llegadas","8":"pa_artist-velvet-underground-the-es","9":"pa_format-lp-es","10":"pa_gender-psychedelic60s-70s","11":"pa_label-velvet-undreground-appreciation-society","12":"pa_location-north-america-es","13":"pa_other-filters-vinyl-only-es","15":"first","16":"instock","17":"taxable","18":"shipping-taxable","19":"purchasable","20":"product-type-simple"},"acf":[],"yoast_head":"<!-- This site is optimized with the Yoast SEO plugin v24.9 - https:\/\/yoast.com\/wordpress\/plugins\/seo\/ -->\n<title>VELVET UNDERGROUND, The - Velvet Underground. Closet Mix -  (LP) | Guerssen<\/title>\n<meta name=\"description\" content=\"The Velvet Underground very special edition of their 1969 self-titled \u00e1lbum. &#039;The Closet Mix&#039;, described by Lou Reed as a version that &#039;get directly to somebody, unfiltered... So, if you listen to the record, it&#039;s like sitting across from you&#039;. This version was included on the album&#039;s original pressing, though it was later replaced by an alternate Valentin mix.Tracks: 01 Candy Says 02 What Goes On 03 Some Kinda Love 04 Pale Blue Eyes 05 Jesus 06 Beginning to See the Light 07 I-m Set Free 08 That-s the Story of My Life 09 The Murder Mystery 10 After Hours 11 Beginning to See the Light\" \/>\n<meta name=\"robots\" content=\"index, follow, max-snippet:-1, max-image-preview:large, max-video-preview:-1\" \/>\n<link rel=\"canonical\" href=\"https:\/\/wpguerssen-test.odoo.rgbconsulting.com\/es\/producto\/velvet-underground-closet-mix\/\" \/>\n<meta property=\"og:locale\" content=\"es_ES\" \/>\n<meta property=\"og:type\" content=\"article\" \/>\n<meta property=\"og:title\" content=\"VELVET UNDERGROUND, The - Velvet Underground. Closet Mix -  (LP) | Guerssen\" \/>\n<meta property=\"og:description\" content=\"The Velvet Underground very special edition of their 1969 self-titled \u00e1lbum. &#039;The Closet Mix&#039;, described by Lou Reed as a version that &#039;get directly to somebody, unfiltered... So, if you listen to the record, it&#039;s like sitting across from you&#039;. This version was included on the album&#039;s original pressing, though it was later replaced by an alternate Valentin mix.Tracks: 01 Candy Says 02 What Goes On 03 Some Kinda Love 04 Pale Blue Eyes 05 Jesus 06 Beginning to See the Light 07 I-m Set Free 08 That-s the Story of My Life 09 The Murder Mystery 10 After Hours 11 Beginning to See the Light\" \/>\n<meta property=\"og:url\" content=\"https:\/\/wpguerssen-test.odoo.rgbconsulting.com\/es\/producto\/velvet-underground-closet-mix\/\" \/>\n<meta property=\"og:site_name\" content=\"Guerssen records\" \/>\n<meta property=\"article:modified_time\" content=\"2025-04-16T16:30:28+00:00\" \/>\n<meta property=\"og:image\" content=\"https:\/\/wpguerssen-test.odoo.rgbconsulting.com\/wp-content\/uploads\/2025\/02\/49762.jpg\" \/>\n\t<meta property=\"og:image:width\" content=\"600\" \/>\n\t<meta property=\"og:image:height\" content=\"600\" \/>\n\t<meta property=\"og:image:type\" content=\"image\/jpeg\" \/>\n<meta name=\"twitter:card\" content=\"summary_large_image\" \/>\n<meta name=\"twitter:title\" content=\"VELVET UNDERGROUND, The - Velvet Underground. Closet Mix -  (LP) | Guerssen\" \/>\n<script type=\"application\/ld+json\" class=\"yoast-schema-graph\">{\"@context\":\"https:\/\/schema.org\",\"@graph\":[{\"@type\":\"WebPage\",\"@id\":\"https:\/\/wpguerssen-test.odoo.rgbconsulting.com\/es\/producto\/velvet-underground-closet-mix\/\",\"url\":\"https:\/\/wpguerssen-test.odoo.rgbconsulting.com\/es\/producto\/velvet-underground-closet-mix\/\",\"name\":\"VELVET UNDERGROUND, The - Velvet Underground. Closet Mix - (LP) | Guerssen\",\"isPartOf\":{\"@id\":\"https:\/\/wpguerssen-test.odoo.rgbconsulting.com\/es\/#website\"},\"primaryImageOfPage\":{\"@id\":\"https:\/\/wpguerssen-test.odoo.rgbconsulting.com\/es\/producto\/velvet-underground-closet-mix\/#primaryimage\"},\"image\":{\"@id\":\"https:\/\/wpguerssen-test.odoo.rgbconsulting.com\/es\/producto\/velvet-underground-closet-mix\/#primaryimage\"},\"thumbnailUrl\":\"https:\/\/wpguerssen-test.odoo.rgbconsulting.com\/wp-content\/uploads\/2025\/02\/49762.jpg\",\"datePublished\":\"2025-02-10T23:00:00+00:00\",\"dateModified\":\"2025-04-16T16:30:28+00:00\",\"description\":\"The Velvet Underground very special edition of their 1969 self-titled \u00e1lbum. 'The Closet Mix', described by Lou Reed as a version that 'get directly to somebody, unfiltered... So, if you listen to the record, it's like sitting across from you'. This version was included on the album's original pressing, though it was later replaced by an alternate Valentin mix.Tracks: 01 Candy Says 02 What Goes On 03 Some Kinda Love 04 Pale Blue Eyes 05 Jesus 06 Beginning to See the Light 07 I-m Set Free 08 That-s the Story of My Life 09 The Murder Mystery 10 After Hours 11 Beginning to See the Light\",\"breadcrumb\":{\"@id\":\"https:\/\/wpguerssen-test.odoo.rgbconsulting.com\/es\/producto\/velvet-underground-closet-mix\/#breadcrumb\"},\"inLanguage\":\"es\",\"potentialAction\":[{\"@type\":\"ReadAction\",\"target\":[\"https:\/\/wpguerssen-test.odoo.rgbconsulting.com\/es\/producto\/velvet-underground-closet-mix\/\"]}]},{\"@type\":\"ImageObject\",\"inLanguage\":\"es\",\"@id\":\"https:\/\/wpguerssen-test.odoo.rgbconsulting.com\/es\/producto\/velvet-underground-closet-mix\/#primaryimage\",\"url\":\"https:\/\/wpguerssen-test.odoo.rgbconsulting.com\/wp-content\/uploads\/2025\/02\/49762.jpg\",\"contentUrl\":\"https:\/\/wpguerssen-test.odoo.rgbconsulting.com\/wp-content\/uploads\/2025\/02\/49762.jpg\",\"width\":600,\"height\":600,\"caption\":\"The - Velvet Underground. Closet Mix - VELVET UNDREGROUND APPRECIATION SOCIETY (LP) | Guerssen\"},{\"@type\":\"BreadcrumbList\",\"@id\":\"https:\/\/wpguerssen-test.odoo.rgbconsulting.com\/es\/producto\/velvet-underground-closet-mix\/#breadcrumb\",\"itemListElement\":[{\"@type\":\"ListItem\",\"position\":1,\"name\":\"Inicio\",\"item\":\"https:\/\/wpguerssen-test.odoo.rgbconsulting.com\/es\/\"},{\"@type\":\"ListItem\",\"position\":2,\"name\":\"Shop\",\"item\":\"https:\/\/wpguerssen-test.odoo.rgbconsulting.com\/shop\/\"},{\"@type\":\"ListItem\",\"position\":3,\"name\":\"Velvet Underground. Closet Mix\"}]},{\"@type\":\"WebSite\",\"@id\":\"https:\/\/wpguerssen-test.odoo.rgbconsulting.com\/es\/#website\",\"url\":\"https:\/\/wpguerssen-test.odoo.rgbconsulting.com\/es\/\",\"name\":\"Guerssen records\",\"description\":\"psychedelia - progressive - folk - garage \",\"publisher\":{\"@id\":\"https:\/\/wpguerssen-test.odoo.rgbconsulting.com\/es\/#organization\"},\"potentialAction\":[{\"@type\":\"SearchAction\",\"target\":{\"@type\":\"EntryPoint\",\"urlTemplate\":\"https:\/\/wpguerssen-test.odoo.rgbconsulting.com\/es\/?s={search_term_string}\"},\"query-input\":{\"@type\":\"PropertyValueSpecification\",\"valueRequired\":true,\"valueName\":\"search_term_string\"}}],\"inLanguage\":\"es\"},{\"@type\":\"Organization\",\"@id\":\"https:\/\/wpguerssen-test.odoo.rgbconsulting.com\/es\/#organization\",\"name\":\"Guerssen records\",\"url\":\"https:\/\/wpguerssen-test.odoo.rgbconsulting.com\/es\/\",\"logo\":{\"@type\":\"ImageObject\",\"inLanguage\":\"es\",\"@id\":\"https:\/\/wpguerssen-test.odoo.rgbconsulting.com\/es\/#\/schema\/logo\/image\/\",\"url\":\"https:\/\/wpguerssen-test.odoo.rgbconsulting.com\/wp-content\/uploads\/2022\/04\/Logo_Guerssen_trans_100.png\",\"contentUrl\":\"https:\/\/wpguerssen-test.odoo.rgbconsulting.com\/wp-content\/uploads\/2022\/04\/Logo_Guerssen_trans_100.png\",\"width\":122,\"height\":100,\"caption\":\"Guerssen records\"},\"image\":{\"@id\":\"https:\/\/wpguerssen-test.odoo.rgbconsulting.com\/es\/#\/schema\/logo\/image\/\"}}]}<\/script>\n<!-- \/ Yoast SEO plugin. -->","yoast_head_json":{"title":"VELVET UNDERGROUND, The - Velvet Underground. Closet Mix -  (LP) | Guerssen","description":"The Velvet Underground very special edition of their 1969 self-titled \u00e1lbum. 'The Closet Mix', described by Lou Reed as a version that 'get directly to somebody, unfiltered... So, if you listen to the record, it's like sitting across from you'. This version was included on the album's original pressing, though it was later replaced by an alternate Valentin mix.Tracks: 01 Candy Says 02 What Goes On 03 Some Kinda Love 04 Pale Blue Eyes 05 Jesus 06 Beginning to See the Light 07 I-m Set Free 08 That-s the Story of My Life 09 The Murder Mystery 10 After Hours 11 Beginning to See the Light","robots":{"index":"index","follow":"follow","max-snippet":"max-snippet:-1","max-image-preview":"max-image-preview:large","max-video-preview":"max-video-preview:-1"},"canonical":"https:\/\/wpguerssen-test.odoo.rgbconsulting.com\/es\/producto\/velvet-underground-closet-mix\/","og_locale":"es_ES","og_type":"article","og_title":"VELVET UNDERGROUND, The - Velvet Underground. Closet Mix -  (LP) | Guerssen","og_description":"The Velvet Underground very special edition of their 1969 self-titled \u00e1lbum. 'The Closet Mix', described by Lou Reed as a version that 'get directly to somebody, unfiltered... So, if you listen to the record, it's like sitting across from you'. This version was included on the album's original pressing, though it was later replaced by an alternate Valentin mix.Tracks: 01 Candy Says 02 What Goes On 03 Some Kinda Love 04 Pale Blue Eyes 05 Jesus 06 Beginning to See the Light 07 I-m Set Free 08 That-s the Story of My Life 09 The Murder Mystery 10 After Hours 11 Beginning to See the Light","og_url":"https:\/\/wpguerssen-test.odoo.rgbconsulting.com\/es\/producto\/velvet-underground-closet-mix\/","og_site_name":"Guerssen records","article_modified_time":"2025-04-16T16:30:28+00:00","og_image":[{"width":600,"height":600,"url":"https:\/\/wpguerssen-test.odoo.rgbconsulting.com\/wp-content\/uploads\/2025\/02\/49762.jpg","type":"image\/jpeg"}],"twitter_card":"summary_large_image","twitter_title":"VELVET UNDERGROUND, The - Velvet Underground. Closet Mix -  (LP) | Guerssen","schema":{"@context":"https:\/\/schema.org","@graph":[{"@type":"WebPage","@id":"https:\/\/wpguerssen-test.odoo.rgbconsulting.com\/es\/producto\/velvet-underground-closet-mix\/","url":"https:\/\/wpguerssen-test.odoo.rgbconsulting.com\/es\/producto\/velvet-underground-closet-mix\/","name":"VELVET UNDERGROUND, The - Velvet Underground. Closet Mix - (LP) | Guerssen","isPartOf":{"@id":"https:\/\/wpguerssen-test.odoo.rgbconsulting.com\/es\/#website"},"primaryImageOfPage":{"@id":"https:\/\/wpguerssen-test.odoo.rgbconsulting.com\/es\/producto\/velvet-underground-closet-mix\/#primaryimage"},"image":{"@id":"https:\/\/wpguerssen-test.odoo.rgbconsulting.com\/es\/producto\/velvet-underground-closet-mix\/#primaryimage"},"thumbnailUrl":"https:\/\/wpguerssen-test.odoo.rgbconsulting.com\/wp-content\/uploads\/2025\/02\/49762.jpg","datePublished":"2025-02-10T23:00:00+00:00","dateModified":"2025-04-16T16:30:28+00:00","description":"The Velvet Underground very special edition of their 1969 self-titled \u00e1lbum. 'The Closet Mix', described by Lou Reed as a version that 'get directly to somebody, unfiltered... So, if you listen to the record, it's like sitting across from you'. This version was included on the album's original pressing, though it was later replaced by an alternate Valentin mix.Tracks: 01 Candy Says 02 What Goes On 03 Some Kinda Love 04 Pale Blue Eyes 05 Jesus 06 Beginning to See the Light 07 I-m Set Free 08 That-s the Story of My Life 09 The Murder Mystery 10 After Hours 11 Beginning to See the Light","breadcrumb":{"@id":"https:\/\/wpguerssen-test.odoo.rgbconsulting.com\/es\/producto\/velvet-underground-closet-mix\/#breadcrumb"},"inLanguage":"es","potentialAction":[{"@type":"ReadAction","target":["https:\/\/wpguerssen-test.odoo.rgbconsulting.com\/es\/producto\/velvet-underground-closet-mix\/"]}]},{"@type":"ImageObject","inLanguage":"es","@id":"https:\/\/wpguerssen-test.odoo.rgbconsulting.com\/es\/producto\/velvet-underground-closet-mix\/#primaryimage","url":"https:\/\/wpguerssen-test.odoo.rgbconsulting.com\/wp-content\/uploads\/2025\/02\/49762.jpg","contentUrl":"https:\/\/wpguerssen-test.odoo.rgbconsulting.com\/wp-content\/uploads\/2025\/02\/49762.jpg","width":600,"height":600,"caption":"The - Velvet Underground. Closet Mix - VELVET UNDREGROUND APPRECIATION SOCIETY (LP) | Guerssen"},{"@type":"BreadcrumbList","@id":"https:\/\/wpguerssen-test.odoo.rgbconsulting.com\/es\/producto\/velvet-underground-closet-mix\/#breadcrumb","itemListElement":[{"@type":"ListItem","position":1,"name":"Inicio","item":"https:\/\/wpguerssen-test.odoo.rgbconsulting.com\/es\/"},{"@type":"ListItem","position":2,"name":"Shop","item":"https:\/\/wpguerssen-test.odoo.rgbconsulting.com\/shop\/"},{"@type":"ListItem","position":3,"name":"Velvet Underground. Closet Mix"}]},{"@type":"WebSite","@id":"https:\/\/wpguerssen-test.odoo.rgbconsulting.com\/es\/#website","url":"https:\/\/wpguerssen-test.odoo.rgbconsulting.com\/es\/","name":"Guerssen records","description":"psychedelia - progressive - folk - garage ","publisher":{"@id":"https:\/\/wpguerssen-test.odoo.rgbconsulting.com\/es\/#organization"},"potentialAction":[{"@type":"SearchAction","target":{"@type":"EntryPoint","urlTemplate":"https:\/\/wpguerssen-test.odoo.rgbconsulting.com\/es\/?s={search_term_string}"},"query-input":{"@type":"PropertyValueSpecification","valueRequired":true,"valueName":"search_term_string"}}],"inLanguage":"es"},{"@type":"Organization","@id":"https:\/\/wpguerssen-test.odoo.rgbconsulting.com\/es\/#organization","name":"Guerssen records","url":"https:\/\/wpguerssen-test.odoo.rgbconsulting.com\/es\/","logo":{"@type":"ImageObject","inLanguage":"es","@id":"https:\/\/wpguerssen-test.odoo.rgbconsulting.com\/es\/#\/schema\/logo\/image\/","url":"https:\/\/wpguerssen-test.odoo.rgbconsulting.com\/wp-content\/uploads\/2022\/04\/Logo_Guerssen_trans_100.png","contentUrl":"https:\/\/wpguerssen-test.odoo.rgbconsulting.com\/wp-content\/uploads\/2022\/04\/Logo_Guerssen_trans_100.png","width":122,"height":100,"caption":"Guerssen records"},"image":{"@id":"https:\/\/wpguerssen-test.odoo.rgbconsulting.com\/es\/#\/schema\/logo\/image\/"}}]}},"_links":{"self":[{"href":"https:\/\/wpguerssen-test.odoo.rgbconsulting.com\/es\/wp-json\/wp\/v2\/product\/282670","targetHints":{"allow":["GET"]}}],"collection":[{"href":"https:\/\/wpguerssen-test.odoo.rgbconsulting.com\/es\/wp-json\/wp\/v2\/product"}],"about":[{"href":"https:\/\/wpguerssen-test.odoo.rgbconsulting.com\/es\/wp-json\/wp\/v2\/types\/product"}],"wp:featuredmedia":[{"embeddable":true,"href":"https:\/\/wpguerssen-test.odoo.rgbconsulting.com\/es\/wp-json\/wp\/v2\/media\/282634"}],"wp:attachment":[{"href":"https:\/\/wpguerssen-test.odoo.rgbconsulting.com\/es\/wp-json\/wp\/v2\/media?parent=282670"}],"wp:term":[{"taxonomy":"product_brand","embeddable":true,"href":"https:\/\/wpguerssen-test.odoo.rgbconsulting.com\/es\/wp-json\/wp\/v2\/product_brand?post=282670"},{"taxonomy":"product_cat","embeddable":true,"href":"https:\/\/wpguerssen-test.odoo.rgbconsulting.com\/es\/wp-json\/wp\/v2\/product_cat?post=282670"},{"taxonomy":"product_tag","embeddable":true,"href":"https:\/\/wpguerssen-test.odoo.rgbconsulting.com\/es\/wp-json\/wp\/v2\/product_tag?post=282670"}],"curies":[{"name":"wp","href":"https:\/\/api.w.org\/{rel}","templated":true}]}}