{"id":282672,"date":"2025-02-25T00:00:00","date_gmt":"2025-02-24T23:00:00","guid":{"rendered":"https:\/\/wpguerssen-test.odoo.rgbconsulting.com\/product\/paloma-supersound\/"},"modified":"2025-02-25T16:27:00","modified_gmt":"2025-02-25T15:27:00","slug":"paloma-supersound","status":"publish","type":"product","link":"https:\/\/wpguerssen-test.odoo.rgbconsulting.com\/es\/producto\/paloma-supersound\/","title":{"rendered":"Paloma Supersound"},"content":{"rendered":"<p>Four Flies arroja luz sobre el cat\u00e1logo del enigm\u00e1tico Paloma Records, un sello discogr\u00e1fico DIY fundado en 1983 por el compositor, arreglista, director y cantante bolo\u00f1\u00e9s Paolo Zavallone, quien, despu\u00e9s de una larga carrera en la m\u00fasica pop y en la televisi\u00f3n RAI, decidi\u00f3 aventurarse en el mundo de la edici\u00f3n de m\u00fasica de librer\u00eda.<br \/>Los 12 temas de esta recopilaci\u00f3n fueron compuestos por Zavallone, quien los coprodujo y coorganiz\u00f3 con su amigo Mauro Malavasi. El cat\u00e1logo de Paloma Records comprende s\u00f3lo cinco LP, todos lanzados (\u00fanicamente para circulaci\u00f3n entre profesionales de la industria y no para distribuci\u00f3n comercial) en un per\u00edodo de dos a\u00f1os. Como los t\u00edpicos \u00e1lbumes de m\u00fasica de librer\u00eda, estos LP ten\u00edan ilustraciones muy simples y sencillas que ocultaban a sus creadores detr\u00e1s de un juego de humo y espejos: seud\u00f3nimos extravagantes, nombres de bandas de estudio inexistentes e incluso testaferros. Pero a pesar de su naturaleza enigm\u00e1tica, hoy el peque\u00f1o cat\u00e1logo del sello revela su extraordinario potencial: es absolutamente ic\u00f3nico en la forma en que captura el sonido de la m\u00fasica italiana de principios de los a\u00f1os 80. Y, sin embargo, tantos a\u00f1os despu\u00e9s es imposible no ver que la esencia de esta m\u00fasica se ha definido m\u00e1s, que este sonido ha adquirido su identidad distintiva. Un toque de nostalgia de los 80, pero con una calidad atemporal que resuena entre los oyentes de hoy.<\/p>\n","protected":false},"excerpt":{"rendered":"<p>Four Flies arroja luz sobre el cat\u00e1logo del enigm\u00e1tico Paloma Records, un sello discogr\u00e1fico DIY fundado en 1983 por el compositor, arreglista, director y cantante<a class=\"read\" href=\"https:\/\/wpguerssen-test.odoo.rgbconsulting.com\/es\/producto\/paloma-supersound\/\"> (...)<\/a>","protected":false},"featured_media":282640,"template":"","meta":{"_acf_changed":false},"product_brand":[],"product_cat":[23232,23266],"product_tag":[24189],"class_list":{"0":"post-282672","1":"product","2":"type-product","3":"status-publish","4":"has-post-thumbnail","6":"product_cat-library-music-lounge-es","7":"product_cat-electronic-es","8":"product_tag-recien-llegadas","9":"pa_artist-zavallone-paolo","10":"pa_format-lp-es","11":"pa_gender-library-music-lounge-electronic","12":"pa_label-four-flies","13":"pa_location-europe-es","14":"pa_other-filters-vinyl-only-es","16":"first","17":"instock","18":"taxable","19":"shipping-taxable","20":"purchasable","21":"product-type-simple"},"acf":[],"yoast_head":"<!-- This site is optimized with the Yoast SEO plugin v24.9 - https:\/\/yoast.com\/wordpress\/plugins\/seo\/ -->\n<title>ZAVALLONE, Paolo - Paloma Supersound -  (LP) | Guerssen<\/title>\n<meta name=\"description\" content=\"Four Flies sheds light on the catalogue of the enigmatic Paloma Records, a DIY record label founded in 1983 by Bolognese composer, arranger, conductor, and singer Paolo Zavallone, who, after a long career in pop music and at RAI television, decided to venture into the world of library music publishing.The 12 tracks on this compilation were composed by Zavallone, who co-produced and co-arranged them with his friend Mauro Malavasi. The Paloma Records catalogue comprises just five LPs, all released - solely for circulation among industry professionals and not for commercial distribution - within a two-year period. Like typical library music albums, these LPs had very simple, plain artwork that hid their creators behind a game of smoke and mirrors - fanciful pseudonyms, names of non-existent studio bands, and even figureheads. But despite its enigmatic nature, today the label&#039;s small catalogue reveals its extraordinary potential: it&#039;s utterly iconic in the way it captures the sound of Italian music in the early &#039;80s, and not only in the library genre.For many insiders, these tracks were simply sottofondi, or backgrounds, meaning incidental music intended solely to provide a certain mood or atmosphere for a film sequence, news feature, or television show, and created to fulfill a specific function rather than for artistic expression. And yet, so many years later it&#039;s impossible not to see that the essence of this music has become more defined, that this sound has acquired its distinctive identity. A touch of &#039;80s nostalgia, but with a timeless quality that resonates with listeners today.\" \/>\n<meta name=\"robots\" content=\"index, follow, max-snippet:-1, max-image-preview:large, max-video-preview:-1\" \/>\n<link rel=\"canonical\" href=\"https:\/\/wpguerssen-test.odoo.rgbconsulting.com\/es\/producto\/paloma-supersound\/\" \/>\n<meta property=\"og:locale\" content=\"es_ES\" \/>\n<meta property=\"og:type\" content=\"article\" \/>\n<meta property=\"og:title\" content=\"ZAVALLONE, Paolo - Paloma Supersound -  (LP) | Guerssen\" \/>\n<meta property=\"og:description\" content=\"Four Flies sheds light on the catalogue of the enigmatic Paloma Records, a DIY record label founded in 1983 by Bolognese composer, arranger, conductor, and singer Paolo Zavallone, who, after a long career in pop music and at RAI television, decided to venture into the world of library music publishing.The 12 tracks on this compilation were composed by Zavallone, who co-produced and co-arranged them with his friend Mauro Malavasi. The Paloma Records catalogue comprises just five LPs, all released - solely for circulation among industry professionals and not for commercial distribution - within a two-year period. Like typical library music albums, these LPs had very simple, plain artwork that hid their creators behind a game of smoke and mirrors - fanciful pseudonyms, names of non-existent studio bands, and even figureheads. But despite its enigmatic nature, today the label&#039;s small catalogue reveals its extraordinary potential: it&#039;s utterly iconic in the way it captures the sound of Italian music in the early &#039;80s, and not only in the library genre.For many insiders, these tracks were simply sottofondi, or backgrounds, meaning incidental music intended solely to provide a certain mood or atmosphere for a film sequence, news feature, or television show, and created to fulfill a specific function rather than for artistic expression. And yet, so many years later it&#039;s impossible not to see that the essence of this music has become more defined, that this sound has acquired its distinctive identity. A touch of &#039;80s nostalgia, but with a timeless quality that resonates with listeners today.\" \/>\n<meta property=\"og:url\" content=\"https:\/\/wpguerssen-test.odoo.rgbconsulting.com\/es\/producto\/paloma-supersound\/\" \/>\n<meta property=\"og:site_name\" content=\"Guerssen records\" \/>\n<meta property=\"article:modified_time\" content=\"2025-02-25T15:27:00+00:00\" \/>\n<meta property=\"og:image\" content=\"https:\/\/wpguerssen-test.odoo.rgbconsulting.com\/wp-content\/uploads\/2025\/02\/49764.jpg\" \/>\n\t<meta property=\"og:image:width\" content=\"1500\" \/>\n\t<meta property=\"og:image:height\" content=\"1500\" \/>\n\t<meta property=\"og:image:type\" content=\"image\/jpeg\" \/>\n<meta name=\"twitter:card\" content=\"summary_large_image\" \/>\n<meta name=\"twitter:title\" content=\"ZAVALLONE, Paolo - Paloma Supersound -  (LP) | Guerssen\" \/>\n<meta name=\"twitter:label1\" content=\"Tiempo de lectura\" \/>\n\t<meta name=\"twitter:data1\" content=\"1 minuto\" \/>\n<script type=\"application\/ld+json\" class=\"yoast-schema-graph\">{\"@context\":\"https:\/\/schema.org\",\"@graph\":[{\"@type\":\"WebPage\",\"@id\":\"https:\/\/wpguerssen-test.odoo.rgbconsulting.com\/es\/producto\/paloma-supersound\/\",\"url\":\"https:\/\/wpguerssen-test.odoo.rgbconsulting.com\/es\/producto\/paloma-supersound\/\",\"name\":\"ZAVALLONE, Paolo - Paloma Supersound - (LP) | Guerssen\",\"isPartOf\":{\"@id\":\"https:\/\/wpguerssen-test.odoo.rgbconsulting.com\/es\/#website\"},\"primaryImageOfPage\":{\"@id\":\"https:\/\/wpguerssen-test.odoo.rgbconsulting.com\/es\/producto\/paloma-supersound\/#primaryimage\"},\"image\":{\"@id\":\"https:\/\/wpguerssen-test.odoo.rgbconsulting.com\/es\/producto\/paloma-supersound\/#primaryimage\"},\"thumbnailUrl\":\"https:\/\/wpguerssen-test.odoo.rgbconsulting.com\/wp-content\/uploads\/2025\/02\/49764.jpg\",\"datePublished\":\"2025-02-24T23:00:00+00:00\",\"dateModified\":\"2025-02-25T15:27:00+00:00\",\"description\":\"Four Flies sheds light on the catalogue of the enigmatic Paloma Records, a DIY record label founded in 1983 by Bolognese composer, arranger, conductor, and singer Paolo Zavallone, who, after a long career in pop music and at RAI television, decided to venture into the world of library music publishing.The 12 tracks on this compilation were composed by Zavallone, who co-produced and co-arranged them with his friend Mauro Malavasi. The Paloma Records catalogue comprises just five LPs, all released - solely for circulation among industry professionals and not for commercial distribution - within a two-year period. Like typical library music albums, these LPs had very simple, plain artwork that hid their creators behind a game of smoke and mirrors - fanciful pseudonyms, names of non-existent studio bands, and even figureheads. But despite its enigmatic nature, today the label's small catalogue reveals its extraordinary potential: it's utterly iconic in the way it captures the sound of Italian music in the early '80s, and not only in the library genre.For many insiders, these tracks were simply sottofondi, or backgrounds, meaning incidental music intended solely to provide a certain mood or atmosphere for a film sequence, news feature, or television show, and created to fulfill a specific function rather than for artistic expression. And yet, so many years later it's impossible not to see that the essence of this music has become more defined, that this sound has acquired its distinctive identity. A touch of '80s nostalgia, but with a timeless quality that resonates with listeners today.\",\"breadcrumb\":{\"@id\":\"https:\/\/wpguerssen-test.odoo.rgbconsulting.com\/es\/producto\/paloma-supersound\/#breadcrumb\"},\"inLanguage\":\"es\",\"potentialAction\":[{\"@type\":\"ReadAction\",\"target\":[\"https:\/\/wpguerssen-test.odoo.rgbconsulting.com\/es\/producto\/paloma-supersound\/\"]}]},{\"@type\":\"ImageObject\",\"inLanguage\":\"es\",\"@id\":\"https:\/\/wpguerssen-test.odoo.rgbconsulting.com\/es\/producto\/paloma-supersound\/#primaryimage\",\"url\":\"https:\/\/wpguerssen-test.odoo.rgbconsulting.com\/wp-content\/uploads\/2025\/02\/49764.jpg\",\"contentUrl\":\"https:\/\/wpguerssen-test.odoo.rgbconsulting.com\/wp-content\/uploads\/2025\/02\/49764.jpg\",\"width\":1500,\"height\":1500,\"caption\":\"Paolo - Paloma Supersound - FOUR FLIES (LP) | Guerssen\"},{\"@type\":\"BreadcrumbList\",\"@id\":\"https:\/\/wpguerssen-test.odoo.rgbconsulting.com\/es\/producto\/paloma-supersound\/#breadcrumb\",\"itemListElement\":[{\"@type\":\"ListItem\",\"position\":1,\"name\":\"Inicio\",\"item\":\"https:\/\/wpguerssen-test.odoo.rgbconsulting.com\/es\/\"},{\"@type\":\"ListItem\",\"position\":2,\"name\":\"Shop\",\"item\":\"https:\/\/wpguerssen-test.odoo.rgbconsulting.com\/shop\/\"},{\"@type\":\"ListItem\",\"position\":3,\"name\":\"Paloma Supersound\"}]},{\"@type\":\"WebSite\",\"@id\":\"https:\/\/wpguerssen-test.odoo.rgbconsulting.com\/es\/#website\",\"url\":\"https:\/\/wpguerssen-test.odoo.rgbconsulting.com\/es\/\",\"name\":\"Guerssen records\",\"description\":\"psychedelia - progressive - folk - garage \",\"publisher\":{\"@id\":\"https:\/\/wpguerssen-test.odoo.rgbconsulting.com\/es\/#organization\"},\"potentialAction\":[{\"@type\":\"SearchAction\",\"target\":{\"@type\":\"EntryPoint\",\"urlTemplate\":\"https:\/\/wpguerssen-test.odoo.rgbconsulting.com\/es\/?s={search_term_string}\"},\"query-input\":{\"@type\":\"PropertyValueSpecification\",\"valueRequired\":true,\"valueName\":\"search_term_string\"}}],\"inLanguage\":\"es\"},{\"@type\":\"Organization\",\"@id\":\"https:\/\/wpguerssen-test.odoo.rgbconsulting.com\/es\/#organization\",\"name\":\"Guerssen records\",\"url\":\"https:\/\/wpguerssen-test.odoo.rgbconsulting.com\/es\/\",\"logo\":{\"@type\":\"ImageObject\",\"inLanguage\":\"es\",\"@id\":\"https:\/\/wpguerssen-test.odoo.rgbconsulting.com\/es\/#\/schema\/logo\/image\/\",\"url\":\"https:\/\/wpguerssen-test.odoo.rgbconsulting.com\/wp-content\/uploads\/2022\/04\/Logo_Guerssen_trans_100.png\",\"contentUrl\":\"https:\/\/wpguerssen-test.odoo.rgbconsulting.com\/wp-content\/uploads\/2022\/04\/Logo_Guerssen_trans_100.png\",\"width\":122,\"height\":100,\"caption\":\"Guerssen records\"},\"image\":{\"@id\":\"https:\/\/wpguerssen-test.odoo.rgbconsulting.com\/es\/#\/schema\/logo\/image\/\"}}]}<\/script>\n<!-- \/ Yoast SEO plugin. -->","yoast_head_json":{"title":"ZAVALLONE, Paolo - Paloma Supersound -  (LP) | Guerssen","description":"Four Flies sheds light on the catalogue of the enigmatic Paloma Records, a DIY record label founded in 1983 by Bolognese composer, arranger, conductor, and singer Paolo Zavallone, who, after a long career in pop music and at RAI television, decided to venture into the world of library music publishing.The 12 tracks on this compilation were composed by Zavallone, who co-produced and co-arranged them with his friend Mauro Malavasi. The Paloma Records catalogue comprises just five LPs, all released - solely for circulation among industry professionals and not for commercial distribution - within a two-year period. Like typical library music albums, these LPs had very simple, plain artwork that hid their creators behind a game of smoke and mirrors - fanciful pseudonyms, names of non-existent studio bands, and even figureheads. But despite its enigmatic nature, today the label's small catalogue reveals its extraordinary potential: it's utterly iconic in the way it captures the sound of Italian music in the early '80s, and not only in the library genre.For many insiders, these tracks were simply sottofondi, or backgrounds, meaning incidental music intended solely to provide a certain mood or atmosphere for a film sequence, news feature, or television show, and created to fulfill a specific function rather than for artistic expression. And yet, so many years later it's impossible not to see that the essence of this music has become more defined, that this sound has acquired its distinctive identity. A touch of '80s nostalgia, but with a timeless quality that resonates with listeners today.","robots":{"index":"index","follow":"follow","max-snippet":"max-snippet:-1","max-image-preview":"max-image-preview:large","max-video-preview":"max-video-preview:-1"},"canonical":"https:\/\/wpguerssen-test.odoo.rgbconsulting.com\/es\/producto\/paloma-supersound\/","og_locale":"es_ES","og_type":"article","og_title":"ZAVALLONE, Paolo - Paloma Supersound -  (LP) | Guerssen","og_description":"Four Flies sheds light on the catalogue of the enigmatic Paloma Records, a DIY record label founded in 1983 by Bolognese composer, arranger, conductor, and singer Paolo Zavallone, who, after a long career in pop music and at RAI television, decided to venture into the world of library music publishing.The 12 tracks on this compilation were composed by Zavallone, who co-produced and co-arranged them with his friend Mauro Malavasi. The Paloma Records catalogue comprises just five LPs, all released - solely for circulation among industry professionals and not for commercial distribution - within a two-year period. Like typical library music albums, these LPs had very simple, plain artwork that hid their creators behind a game of smoke and mirrors - fanciful pseudonyms, names of non-existent studio bands, and even figureheads. But despite its enigmatic nature, today the label's small catalogue reveals its extraordinary potential: it's utterly iconic in the way it captures the sound of Italian music in the early '80s, and not only in the library genre.For many insiders, these tracks were simply sottofondi, or backgrounds, meaning incidental music intended solely to provide a certain mood or atmosphere for a film sequence, news feature, or television show, and created to fulfill a specific function rather than for artistic expression. And yet, so many years later it's impossible not to see that the essence of this music has become more defined, that this sound has acquired its distinctive identity. A touch of '80s nostalgia, but with a timeless quality that resonates with listeners today.","og_url":"https:\/\/wpguerssen-test.odoo.rgbconsulting.com\/es\/producto\/paloma-supersound\/","og_site_name":"Guerssen records","article_modified_time":"2025-02-25T15:27:00+00:00","og_image":[{"width":1500,"height":1500,"url":"https:\/\/wpguerssen-test.odoo.rgbconsulting.com\/wp-content\/uploads\/2025\/02\/49764.jpg","type":"image\/jpeg"}],"twitter_card":"summary_large_image","twitter_title":"ZAVALLONE, Paolo - Paloma Supersound -  (LP) | Guerssen","twitter_misc":{"Tiempo de lectura":"1 minuto"},"schema":{"@context":"https:\/\/schema.org","@graph":[{"@type":"WebPage","@id":"https:\/\/wpguerssen-test.odoo.rgbconsulting.com\/es\/producto\/paloma-supersound\/","url":"https:\/\/wpguerssen-test.odoo.rgbconsulting.com\/es\/producto\/paloma-supersound\/","name":"ZAVALLONE, Paolo - Paloma Supersound - (LP) | Guerssen","isPartOf":{"@id":"https:\/\/wpguerssen-test.odoo.rgbconsulting.com\/es\/#website"},"primaryImageOfPage":{"@id":"https:\/\/wpguerssen-test.odoo.rgbconsulting.com\/es\/producto\/paloma-supersound\/#primaryimage"},"image":{"@id":"https:\/\/wpguerssen-test.odoo.rgbconsulting.com\/es\/producto\/paloma-supersound\/#primaryimage"},"thumbnailUrl":"https:\/\/wpguerssen-test.odoo.rgbconsulting.com\/wp-content\/uploads\/2025\/02\/49764.jpg","datePublished":"2025-02-24T23:00:00+00:00","dateModified":"2025-02-25T15:27:00+00:00","description":"Four Flies sheds light on the catalogue of the enigmatic Paloma Records, a DIY record label founded in 1983 by Bolognese composer, arranger, conductor, and singer Paolo Zavallone, who, after a long career in pop music and at RAI television, decided to venture into the world of library music publishing.The 12 tracks on this compilation were composed by Zavallone, who co-produced and co-arranged them with his friend Mauro Malavasi. The Paloma Records catalogue comprises just five LPs, all released - solely for circulation among industry professionals and not for commercial distribution - within a two-year period. Like typical library music albums, these LPs had very simple, plain artwork that hid their creators behind a game of smoke and mirrors - fanciful pseudonyms, names of non-existent studio bands, and even figureheads. But despite its enigmatic nature, today the label's small catalogue reveals its extraordinary potential: it's utterly iconic in the way it captures the sound of Italian music in the early '80s, and not only in the library genre.For many insiders, these tracks were simply sottofondi, or backgrounds, meaning incidental music intended solely to provide a certain mood or atmosphere for a film sequence, news feature, or television show, and created to fulfill a specific function rather than for artistic expression. And yet, so many years later it's impossible not to see that the essence of this music has become more defined, that this sound has acquired its distinctive identity. A touch of '80s nostalgia, but with a timeless quality that resonates with listeners today.","breadcrumb":{"@id":"https:\/\/wpguerssen-test.odoo.rgbconsulting.com\/es\/producto\/paloma-supersound\/#breadcrumb"},"inLanguage":"es","potentialAction":[{"@type":"ReadAction","target":["https:\/\/wpguerssen-test.odoo.rgbconsulting.com\/es\/producto\/paloma-supersound\/"]}]},{"@type":"ImageObject","inLanguage":"es","@id":"https:\/\/wpguerssen-test.odoo.rgbconsulting.com\/es\/producto\/paloma-supersound\/#primaryimage","url":"https:\/\/wpguerssen-test.odoo.rgbconsulting.com\/wp-content\/uploads\/2025\/02\/49764.jpg","contentUrl":"https:\/\/wpguerssen-test.odoo.rgbconsulting.com\/wp-content\/uploads\/2025\/02\/49764.jpg","width":1500,"height":1500,"caption":"Paolo - Paloma Supersound - FOUR FLIES (LP) | Guerssen"},{"@type":"BreadcrumbList","@id":"https:\/\/wpguerssen-test.odoo.rgbconsulting.com\/es\/producto\/paloma-supersound\/#breadcrumb","itemListElement":[{"@type":"ListItem","position":1,"name":"Inicio","item":"https:\/\/wpguerssen-test.odoo.rgbconsulting.com\/es\/"},{"@type":"ListItem","position":2,"name":"Shop","item":"https:\/\/wpguerssen-test.odoo.rgbconsulting.com\/shop\/"},{"@type":"ListItem","position":3,"name":"Paloma Supersound"}]},{"@type":"WebSite","@id":"https:\/\/wpguerssen-test.odoo.rgbconsulting.com\/es\/#website","url":"https:\/\/wpguerssen-test.odoo.rgbconsulting.com\/es\/","name":"Guerssen records","description":"psychedelia - progressive - folk - garage ","publisher":{"@id":"https:\/\/wpguerssen-test.odoo.rgbconsulting.com\/es\/#organization"},"potentialAction":[{"@type":"SearchAction","target":{"@type":"EntryPoint","urlTemplate":"https:\/\/wpguerssen-test.odoo.rgbconsulting.com\/es\/?s={search_term_string}"},"query-input":{"@type":"PropertyValueSpecification","valueRequired":true,"valueName":"search_term_string"}}],"inLanguage":"es"},{"@type":"Organization","@id":"https:\/\/wpguerssen-test.odoo.rgbconsulting.com\/es\/#organization","name":"Guerssen records","url":"https:\/\/wpguerssen-test.odoo.rgbconsulting.com\/es\/","logo":{"@type":"ImageObject","inLanguage":"es","@id":"https:\/\/wpguerssen-test.odoo.rgbconsulting.com\/es\/#\/schema\/logo\/image\/","url":"https:\/\/wpguerssen-test.odoo.rgbconsulting.com\/wp-content\/uploads\/2022\/04\/Logo_Guerssen_trans_100.png","contentUrl":"https:\/\/wpguerssen-test.odoo.rgbconsulting.com\/wp-content\/uploads\/2022\/04\/Logo_Guerssen_trans_100.png","width":122,"height":100,"caption":"Guerssen records"},"image":{"@id":"https:\/\/wpguerssen-test.odoo.rgbconsulting.com\/es\/#\/schema\/logo\/image\/"}}]}},"_links":{"self":[{"href":"https:\/\/wpguerssen-test.odoo.rgbconsulting.com\/es\/wp-json\/wp\/v2\/product\/282672","targetHints":{"allow":["GET"]}}],"collection":[{"href":"https:\/\/wpguerssen-test.odoo.rgbconsulting.com\/es\/wp-json\/wp\/v2\/product"}],"about":[{"href":"https:\/\/wpguerssen-test.odoo.rgbconsulting.com\/es\/wp-json\/wp\/v2\/types\/product"}],"wp:featuredmedia":[{"embeddable":true,"href":"https:\/\/wpguerssen-test.odoo.rgbconsulting.com\/es\/wp-json\/wp\/v2\/media\/282640"}],"wp:attachment":[{"href":"https:\/\/wpguerssen-test.odoo.rgbconsulting.com\/es\/wp-json\/wp\/v2\/media?parent=282672"}],"wp:term":[{"taxonomy":"product_brand","embeddable":true,"href":"https:\/\/wpguerssen-test.odoo.rgbconsulting.com\/es\/wp-json\/wp\/v2\/product_brand?post=282672"},{"taxonomy":"product_cat","embeddable":true,"href":"https:\/\/wpguerssen-test.odoo.rgbconsulting.com\/es\/wp-json\/wp\/v2\/product_cat?post=282672"},{"taxonomy":"product_tag","embeddable":true,"href":"https:\/\/wpguerssen-test.odoo.rgbconsulting.com\/es\/wp-json\/wp\/v2\/product_tag?post=282672"}],"curies":[{"name":"wp","href":"https:\/\/api.w.org\/{rel}","templated":true}]}}