{"id":282727,"date":"2025-03-11T00:00:00","date_gmt":"2025-03-10T23:00:00","guid":{"rendered":"https:\/\/wpguerssen-test.odoo.rgbconsulting.com\/?post_type=product&#038;p=282727"},"modified":"2025-04-25T14:00:47","modified_gmt":"2025-04-25T12:00:47","slug":"stud","status":"publish","type":"product","link":"https:\/\/wpguerssen-test.odoo.rgbconsulting.com\/es\/producto\/stud\/","title":{"rendered":"Stud"},"content":{"rendered":"<p>Uno de los discos USA hard-rock 70s que ha traido de cabeza a coleccionistas durante a\u00f1os es sin duda el de Stud. Editado de forma privada en 1975 (s\u00f3lo 200 copias!), el grupo siempre ha sido un misterio, debido a que los m\u00fasicos utilizaron seud\u00f3nimos en los cr\u00e9ditos. Pero es ah\u00ed donde entra en acci\u00f3n nuestra agencia de detectives y despu\u00e9s de una larga b\u00fasqueda, dimos con ellos. Stud nace en 1974 en Houston, Texas. El grupo lo formaban el tremendo guitarrista de 17 a\u00f1os Tim Williams, el poderoso bajista f\u00e1natico de los Rickenbacker Paul Eakin y el s\u00f3lido bater\u00eda George Lasher. En cuanto se juntaron estos tres elementos, la qu\u00edmica naci\u00f3 y despu\u00e9s de numerosos ensayos y conciertos, entraron a grabar su primer disco en los estudios Baron, famosos por sus grabaciones de polka! <\/p>\n<p> \u00abStud\u00bb se edit\u00f3 al a\u00f1o siguiente y menudo sonido! Brutal hard-rock en temas como \u00abA woman like you\u00bb o \u00abJim\/Blues\u00bb, boogie-rock de altura en \u00abCaptain Boogie\u00bb, jams de pura hard-psicodelia en los 12 minutos de \u00abStud\u00bb y alucinante hard-rock progresivo en el largo tema que cierra en disco, \u00abThe war song\u00bb. <\/p>\n<p> A archivar cerca de pesos pesados del underground como Incredible Hog o Morly Grey!. <\/p>\n<p> Aunque las cintas originales se perdieron, hemos remasterizado de un vinilo original (transfer hecho por T. Dallas Reed en Heavyhead Studio) y el resultado es excelente. <\/p>\n<p> Insert a color con fotos extra\u00eddas del archivo del grupo y notas por el bajista Paul Eakin.<br \/>Incluye cup\u00f3n de descarga <\/p>\n<p> Tracklist: <\/p>\n<p> A Woman Like You &#8211; Captain Boogie &#8211; Stud  &#8211; Jim\/Blues &#8211; The War Song<\/p>\n","protected":false},"excerpt":{"rendered":"<p>Uno de los discos USA hard-rock 70s que ha traido de cabeza a coleccionistas durante a\u00f1os es sin duda el de Stud. Editado de forma privada en 1975 (s\u00f3lo 200 copias!),<a class=\"read\" href=\"https:\/\/wpguerssen-test.odoo.rgbconsulting.com\/es\/producto\/stud\/\"> (...)<\/a>","protected":false},"featured_media":282697,"template":"","meta":{"_acf_changed":false},"product_brand":[],"product_cat":[21639,23224],"product_tag":[24189],"class_list":{"0":"post-282727","1":"product","2":"type-product","3":"status-publish","4":"has-post-thumbnail","6":"product_cat-psychedelic60s-70s-es","7":"product_cat-hard-rock-60s-70s-es","8":"product_tag-recien-llegadas","9":"pa_artist-stud-es","10":"pa_format-lp-es","11":"pa_gender-hard-rock-60s-70s-psychedelic60s-70s","12":"pa_label-out-sider-music-es","13":"pa_location-north-america-es","14":"pa_other-filters-vinyl-only-es","16":"first","17":"instock","18":"taxable","19":"shipping-taxable","20":"purchasable","21":"product-type-simple"},"acf":[],"yoast_head":"<!-- This site is optimized with the Yoast SEO plugin v24.9 - https:\/\/yoast.com\/wordpress\/plugins\/seo\/ -->\n<title>STUD - Stud -  (LP) | Guerssen<\/title>\n<meta name=\"description\" content=\"Private hard-rock ultra-rarity from Texas, only 200 copies pressed back in 1975. #nl# A mystery for many years (all the band members used pseudonyms on the album credits), many people failed to track the band down...until we solved the mystery in 2015 when we located them and reissued the album. #nl# Long out of print we present a new edition. #nl# Formed in 1974 in Houston, Stud featured the killer lead guitar of 17-year-old genius Tim Williams, the brutal Rickenbacker bass attacks of Paul Eakin and the solid as a rock drumming of George Lasher. The chemistry was born since they first starting played together and after many rehearsals, they decided they were ready to record their first album. #nl# So they entered the Barons Studios in Rosenberg and &quot;Stud&quot; was the result. #nl# Powerful hard-rock on songs like &quot;A woman like you&quot; or &quot;Jim\/Blues&quot;, killer boogie-rock (&quot;Captain Boogie&quot;), hard-psychedelic jams (the 12+ minutes of &quot;Stud&quot;) and progressive hard-rock on the impressive &quot;The War Aong&quot;. #nl# **File next to Morly Grey and Incredible Hog** #nl# *Original artwork in hard cardboard sleeve + OBI*Remastered sound*Color insert with unseen photos and liner notes by band member Paul Eakin*Download card&quot;A three-piece progressive hardrock band that play so well together that it allow them to maneuver through long passages with fresh imagination and not become a stereotypical mid-seventies trio. Guitar wizard delivers unceasing solos with a rhythm section poised in the background acting as a two-man metronome. Only a few copies of this album are known to exist. - Scott &quot;Loopden&quot; Bubrig (Acid Archives) #nl# Tracklist:A Woman Like You - Captain Boogie - Stud - Jim\/Blues - The War Song\" \/>\n<meta name=\"robots\" content=\"index, follow, max-snippet:-1, max-image-preview:large, max-video-preview:-1\" \/>\n<link rel=\"canonical\" href=\"https:\/\/wpguerssen-test.odoo.rgbconsulting.com\/es\/producto\/stud\/\" \/>\n<meta property=\"og:locale\" content=\"es_ES\" \/>\n<meta property=\"og:type\" content=\"article\" \/>\n<meta property=\"og:title\" content=\"STUD - Stud -  (LP) | Guerssen\" \/>\n<meta property=\"og:description\" content=\"Private hard-rock ultra-rarity from Texas, only 200 copies pressed back in 1975. #nl# A mystery for many years (all the band members used pseudonyms on the album credits), many people failed to track the band down...until we solved the mystery in 2015 when we located them and reissued the album. #nl# Long out of print we present a new edition. #nl# Formed in 1974 in Houston, Stud featured the killer lead guitar of 17-year-old genius Tim Williams, the brutal Rickenbacker bass attacks of Paul Eakin and the solid as a rock drumming of George Lasher. The chemistry was born since they first starting played together and after many rehearsals, they decided they were ready to record their first album. #nl# So they entered the Barons Studios in Rosenberg and &quot;Stud&quot; was the result. #nl# Powerful hard-rock on songs like &quot;A woman like you&quot; or &quot;Jim\/Blues&quot;, killer boogie-rock (&quot;Captain Boogie&quot;), hard-psychedelic jams (the 12+ minutes of &quot;Stud&quot;) and progressive hard-rock on the impressive &quot;The War Aong&quot;. #nl# **File next to Morly Grey and Incredible Hog** #nl# *Original artwork in hard cardboard sleeve + OBI*Remastered sound*Color insert with unseen photos and liner notes by band member Paul Eakin*Download card&quot;A three-piece progressive hardrock band that play so well together that it allow them to maneuver through long passages with fresh imagination and not become a stereotypical mid-seventies trio. Guitar wizard delivers unceasing solos with a rhythm section poised in the background acting as a two-man metronome. Only a few copies of this album are known to exist. - Scott &quot;Loopden&quot; Bubrig (Acid Archives) #nl# Tracklist:A Woman Like You - Captain Boogie - Stud - Jim\/Blues - The War Song\" \/>\n<meta property=\"og:url\" content=\"https:\/\/wpguerssen-test.odoo.rgbconsulting.com\/es\/producto\/stud\/\" \/>\n<meta property=\"og:site_name\" content=\"Guerssen records\" \/>\n<meta property=\"article:modified_time\" content=\"2025-04-25T12:00:47+00:00\" \/>\n<meta property=\"og:image\" content=\"https:\/\/wpguerssen-test.odoo.rgbconsulting.com\/wp-content\/uploads\/2025\/02\/48829.jpg\" \/>\n\t<meta property=\"og:image:width\" content=\"1400\" \/>\n\t<meta property=\"og:image:height\" content=\"1400\" \/>\n\t<meta property=\"og:image:type\" content=\"image\/jpeg\" \/>\n<meta name=\"twitter:card\" content=\"summary_large_image\" \/>\n<meta name=\"twitter:title\" content=\"STUD - Stud -  (LP) | Guerssen\" \/>\n<meta name=\"twitter:label1\" content=\"Tiempo de lectura\" \/>\n\t<meta name=\"twitter:data1\" content=\"1 minuto\" \/>\n<script type=\"application\/ld+json\" class=\"yoast-schema-graph\">{\"@context\":\"https:\/\/schema.org\",\"@graph\":[{\"@type\":\"WebPage\",\"@id\":\"https:\/\/wpguerssen-test.odoo.rgbconsulting.com\/es\/producto\/stud\/\",\"url\":\"https:\/\/wpguerssen-test.odoo.rgbconsulting.com\/es\/producto\/stud\/\",\"name\":\"STUD - Stud - (LP) | Guerssen\",\"isPartOf\":{\"@id\":\"https:\/\/wpguerssen-test.odoo.rgbconsulting.com\/es\/#website\"},\"primaryImageOfPage\":{\"@id\":\"https:\/\/wpguerssen-test.odoo.rgbconsulting.com\/es\/producto\/stud\/#primaryimage\"},\"image\":{\"@id\":\"https:\/\/wpguerssen-test.odoo.rgbconsulting.com\/es\/producto\/stud\/#primaryimage\"},\"thumbnailUrl\":\"https:\/\/wpguerssen-test.odoo.rgbconsulting.com\/wp-content\/uploads\/2025\/02\/48829.jpg\",\"datePublished\":\"2025-03-10T23:00:00+00:00\",\"dateModified\":\"2025-04-25T12:00:47+00:00\",\"description\":\"Private hard-rock ultra-rarity from Texas, only 200 copies pressed back in 1975. #nl# A mystery for many years (all the band members used pseudonyms on the album credits), many people failed to track the band down...until we solved the mystery in 2015 when we located them and reissued the album. #nl# Long out of print we present a new edition. #nl# Formed in 1974 in Houston, Stud featured the killer lead guitar of 17-year-old genius Tim Williams, the brutal Rickenbacker bass attacks of Paul Eakin and the solid as a rock drumming of George Lasher. The chemistry was born since they first starting played together and after many rehearsals, they decided they were ready to record their first album. #nl# So they entered the Barons Studios in Rosenberg and \\\"Stud\\\" was the result. #nl# Powerful hard-rock on songs like \\\"A woman like you\\\" or \\\"Jim\/Blues\\\", killer boogie-rock (\\\"Captain Boogie\\\"), hard-psychedelic jams (the 12+ minutes of \\\"Stud\\\") and progressive hard-rock on the impressive \\\"The War Aong\\\". #nl# **File next to Morly Grey and Incredible Hog** #nl# *Original artwork in hard cardboard sleeve + OBI*Remastered sound*Color insert with unseen photos and liner notes by band member Paul Eakin*Download card\\\"A three-piece progressive hardrock band that play so well together that it allow them to maneuver through long passages with fresh imagination and not become a stereotypical mid-seventies trio. Guitar wizard delivers unceasing solos with a rhythm section poised in the background acting as a two-man metronome. Only a few copies of this album are known to exist. - Scott \\\"Loopden\\\" Bubrig (Acid Archives) #nl# Tracklist:A Woman Like You - Captain Boogie - Stud - Jim\/Blues - The War Song\",\"breadcrumb\":{\"@id\":\"https:\/\/wpguerssen-test.odoo.rgbconsulting.com\/es\/producto\/stud\/#breadcrumb\"},\"inLanguage\":\"es\",\"potentialAction\":[{\"@type\":\"ReadAction\",\"target\":[\"https:\/\/wpguerssen-test.odoo.rgbconsulting.com\/es\/producto\/stud\/\"]}]},{\"@type\":\"ImageObject\",\"inLanguage\":\"es\",\"@id\":\"https:\/\/wpguerssen-test.odoo.rgbconsulting.com\/es\/producto\/stud\/#primaryimage\",\"url\":\"https:\/\/wpguerssen-test.odoo.rgbconsulting.com\/wp-content\/uploads\/2025\/02\/48829.jpg\",\"contentUrl\":\"https:\/\/wpguerssen-test.odoo.rgbconsulting.com\/wp-content\/uploads\/2025\/02\/48829.jpg\",\"width\":1400,\"height\":1400},{\"@type\":\"BreadcrumbList\",\"@id\":\"https:\/\/wpguerssen-test.odoo.rgbconsulting.com\/es\/producto\/stud\/#breadcrumb\",\"itemListElement\":[{\"@type\":\"ListItem\",\"position\":1,\"name\":\"Inicio\",\"item\":\"https:\/\/wpguerssen-test.odoo.rgbconsulting.com\/es\/\"},{\"@type\":\"ListItem\",\"position\":2,\"name\":\"Shop\",\"item\":\"https:\/\/wpguerssen-test.odoo.rgbconsulting.com\/shop\/\"},{\"@type\":\"ListItem\",\"position\":3,\"name\":\"Stud\"}]},{\"@type\":\"WebSite\",\"@id\":\"https:\/\/wpguerssen-test.odoo.rgbconsulting.com\/es\/#website\",\"url\":\"https:\/\/wpguerssen-test.odoo.rgbconsulting.com\/es\/\",\"name\":\"Guerssen records\",\"description\":\"psychedelia - progressive - folk - garage \",\"publisher\":{\"@id\":\"https:\/\/wpguerssen-test.odoo.rgbconsulting.com\/es\/#organization\"},\"potentialAction\":[{\"@type\":\"SearchAction\",\"target\":{\"@type\":\"EntryPoint\",\"urlTemplate\":\"https:\/\/wpguerssen-test.odoo.rgbconsulting.com\/es\/?s={search_term_string}\"},\"query-input\":{\"@type\":\"PropertyValueSpecification\",\"valueRequired\":true,\"valueName\":\"search_term_string\"}}],\"inLanguage\":\"es\"},{\"@type\":\"Organization\",\"@id\":\"https:\/\/wpguerssen-test.odoo.rgbconsulting.com\/es\/#organization\",\"name\":\"Guerssen records\",\"url\":\"https:\/\/wpguerssen-test.odoo.rgbconsulting.com\/es\/\",\"logo\":{\"@type\":\"ImageObject\",\"inLanguage\":\"es\",\"@id\":\"https:\/\/wpguerssen-test.odoo.rgbconsulting.com\/es\/#\/schema\/logo\/image\/\",\"url\":\"https:\/\/wpguerssen-test.odoo.rgbconsulting.com\/wp-content\/uploads\/2022\/04\/Logo_Guerssen_trans_100.png\",\"contentUrl\":\"https:\/\/wpguerssen-test.odoo.rgbconsulting.com\/wp-content\/uploads\/2022\/04\/Logo_Guerssen_trans_100.png\",\"width\":122,\"height\":100,\"caption\":\"Guerssen records\"},\"image\":{\"@id\":\"https:\/\/wpguerssen-test.odoo.rgbconsulting.com\/es\/#\/schema\/logo\/image\/\"}}]}<\/script>\n<!-- \/ Yoast SEO plugin. -->","yoast_head_json":{"title":"STUD - Stud -  (LP) | Guerssen","description":"Private hard-rock ultra-rarity from Texas, only 200 copies pressed back in 1975. #nl# A mystery for many years (all the band members used pseudonyms on the album credits), many people failed to track the band down...until we solved the mystery in 2015 when we located them and reissued the album. #nl# Long out of print we present a new edition. #nl# Formed in 1974 in Houston, Stud featured the killer lead guitar of 17-year-old genius Tim Williams, the brutal Rickenbacker bass attacks of Paul Eakin and the solid as a rock drumming of George Lasher. The chemistry was born since they first starting played together and after many rehearsals, they decided they were ready to record their first album. #nl# So they entered the Barons Studios in Rosenberg and \"Stud\" was the result. #nl# Powerful hard-rock on songs like \"A woman like you\" or \"Jim\/Blues\", killer boogie-rock (\"Captain Boogie\"), hard-psychedelic jams (the 12+ minutes of \"Stud\") and progressive hard-rock on the impressive \"The War Aong\". #nl# **File next to Morly Grey and Incredible Hog** #nl# *Original artwork in hard cardboard sleeve + OBI*Remastered sound*Color insert with unseen photos and liner notes by band member Paul Eakin*Download card\"A three-piece progressive hardrock band that play so well together that it allow them to maneuver through long passages with fresh imagination and not become a stereotypical mid-seventies trio. Guitar wizard delivers unceasing solos with a rhythm section poised in the background acting as a two-man metronome. Only a few copies of this album are known to exist. - Scott \"Loopden\" Bubrig (Acid Archives) #nl# Tracklist:A Woman Like You - Captain Boogie - Stud - Jim\/Blues - The War Song","robots":{"index":"index","follow":"follow","max-snippet":"max-snippet:-1","max-image-preview":"max-image-preview:large","max-video-preview":"max-video-preview:-1"},"canonical":"https:\/\/wpguerssen-test.odoo.rgbconsulting.com\/es\/producto\/stud\/","og_locale":"es_ES","og_type":"article","og_title":"STUD - Stud -  (LP) | Guerssen","og_description":"Private hard-rock ultra-rarity from Texas, only 200 copies pressed back in 1975. #nl# A mystery for many years (all the band members used pseudonyms on the album credits), many people failed to track the band down...until we solved the mystery in 2015 when we located them and reissued the album. #nl# Long out of print we present a new edition. #nl# Formed in 1974 in Houston, Stud featured the killer lead guitar of 17-year-old genius Tim Williams, the brutal Rickenbacker bass attacks of Paul Eakin and the solid as a rock drumming of George Lasher. The chemistry was born since they first starting played together and after many rehearsals, they decided they were ready to record their first album. #nl# So they entered the Barons Studios in Rosenberg and \"Stud\" was the result. #nl# Powerful hard-rock on songs like \"A woman like you\" or \"Jim\/Blues\", killer boogie-rock (\"Captain Boogie\"), hard-psychedelic jams (the 12+ minutes of \"Stud\") and progressive hard-rock on the impressive \"The War Aong\". #nl# **File next to Morly Grey and Incredible Hog** #nl# *Original artwork in hard cardboard sleeve + OBI*Remastered sound*Color insert with unseen photos and liner notes by band member Paul Eakin*Download card\"A three-piece progressive hardrock band that play so well together that it allow them to maneuver through long passages with fresh imagination and not become a stereotypical mid-seventies trio. Guitar wizard delivers unceasing solos with a rhythm section poised in the background acting as a two-man metronome. Only a few copies of this album are known to exist. - Scott \"Loopden\" Bubrig (Acid Archives) #nl# Tracklist:A Woman Like You - Captain Boogie - Stud - Jim\/Blues - The War Song","og_url":"https:\/\/wpguerssen-test.odoo.rgbconsulting.com\/es\/producto\/stud\/","og_site_name":"Guerssen records","article_modified_time":"2025-04-25T12:00:47+00:00","og_image":[{"width":1400,"height":1400,"url":"https:\/\/wpguerssen-test.odoo.rgbconsulting.com\/wp-content\/uploads\/2025\/02\/48829.jpg","type":"image\/jpeg"}],"twitter_card":"summary_large_image","twitter_title":"STUD - Stud -  (LP) | Guerssen","twitter_misc":{"Tiempo de lectura":"1 minuto"},"schema":{"@context":"https:\/\/schema.org","@graph":[{"@type":"WebPage","@id":"https:\/\/wpguerssen-test.odoo.rgbconsulting.com\/es\/producto\/stud\/","url":"https:\/\/wpguerssen-test.odoo.rgbconsulting.com\/es\/producto\/stud\/","name":"STUD - Stud - (LP) | Guerssen","isPartOf":{"@id":"https:\/\/wpguerssen-test.odoo.rgbconsulting.com\/es\/#website"},"primaryImageOfPage":{"@id":"https:\/\/wpguerssen-test.odoo.rgbconsulting.com\/es\/producto\/stud\/#primaryimage"},"image":{"@id":"https:\/\/wpguerssen-test.odoo.rgbconsulting.com\/es\/producto\/stud\/#primaryimage"},"thumbnailUrl":"https:\/\/wpguerssen-test.odoo.rgbconsulting.com\/wp-content\/uploads\/2025\/02\/48829.jpg","datePublished":"2025-03-10T23:00:00+00:00","dateModified":"2025-04-25T12:00:47+00:00","description":"Private hard-rock ultra-rarity from Texas, only 200 copies pressed back in 1975. #nl# A mystery for many years (all the band members used pseudonyms on the album credits), many people failed to track the band down...until we solved the mystery in 2015 when we located them and reissued the album. #nl# Long out of print we present a new edition. #nl# Formed in 1974 in Houston, Stud featured the killer lead guitar of 17-year-old genius Tim Williams, the brutal Rickenbacker bass attacks of Paul Eakin and the solid as a rock drumming of George Lasher. The chemistry was born since they first starting played together and after many rehearsals, they decided they were ready to record their first album. #nl# So they entered the Barons Studios in Rosenberg and \"Stud\" was the result. #nl# Powerful hard-rock on songs like \"A woman like you\" or \"Jim\/Blues\", killer boogie-rock (\"Captain Boogie\"), hard-psychedelic jams (the 12+ minutes of \"Stud\") and progressive hard-rock on the impressive \"The War Aong\". #nl# **File next to Morly Grey and Incredible Hog** #nl# *Original artwork in hard cardboard sleeve + OBI*Remastered sound*Color insert with unseen photos and liner notes by band member Paul Eakin*Download card\"A three-piece progressive hardrock band that play so well together that it allow them to maneuver through long passages with fresh imagination and not become a stereotypical mid-seventies trio. Guitar wizard delivers unceasing solos with a rhythm section poised in the background acting as a two-man metronome. Only a few copies of this album are known to exist. - Scott \"Loopden\" Bubrig (Acid Archives) #nl# Tracklist:A Woman Like You - Captain Boogie - Stud - Jim\/Blues - The War Song","breadcrumb":{"@id":"https:\/\/wpguerssen-test.odoo.rgbconsulting.com\/es\/producto\/stud\/#breadcrumb"},"inLanguage":"es","potentialAction":[{"@type":"ReadAction","target":["https:\/\/wpguerssen-test.odoo.rgbconsulting.com\/es\/producto\/stud\/"]}]},{"@type":"ImageObject","inLanguage":"es","@id":"https:\/\/wpguerssen-test.odoo.rgbconsulting.com\/es\/producto\/stud\/#primaryimage","url":"https:\/\/wpguerssen-test.odoo.rgbconsulting.com\/wp-content\/uploads\/2025\/02\/48829.jpg","contentUrl":"https:\/\/wpguerssen-test.odoo.rgbconsulting.com\/wp-content\/uploads\/2025\/02\/48829.jpg","width":1400,"height":1400},{"@type":"BreadcrumbList","@id":"https:\/\/wpguerssen-test.odoo.rgbconsulting.com\/es\/producto\/stud\/#breadcrumb","itemListElement":[{"@type":"ListItem","position":1,"name":"Inicio","item":"https:\/\/wpguerssen-test.odoo.rgbconsulting.com\/es\/"},{"@type":"ListItem","position":2,"name":"Shop","item":"https:\/\/wpguerssen-test.odoo.rgbconsulting.com\/shop\/"},{"@type":"ListItem","position":3,"name":"Stud"}]},{"@type":"WebSite","@id":"https:\/\/wpguerssen-test.odoo.rgbconsulting.com\/es\/#website","url":"https:\/\/wpguerssen-test.odoo.rgbconsulting.com\/es\/","name":"Guerssen records","description":"psychedelia - progressive - folk - garage ","publisher":{"@id":"https:\/\/wpguerssen-test.odoo.rgbconsulting.com\/es\/#organization"},"potentialAction":[{"@type":"SearchAction","target":{"@type":"EntryPoint","urlTemplate":"https:\/\/wpguerssen-test.odoo.rgbconsulting.com\/es\/?s={search_term_string}"},"query-input":{"@type":"PropertyValueSpecification","valueRequired":true,"valueName":"search_term_string"}}],"inLanguage":"es"},{"@type":"Organization","@id":"https:\/\/wpguerssen-test.odoo.rgbconsulting.com\/es\/#organization","name":"Guerssen records","url":"https:\/\/wpguerssen-test.odoo.rgbconsulting.com\/es\/","logo":{"@type":"ImageObject","inLanguage":"es","@id":"https:\/\/wpguerssen-test.odoo.rgbconsulting.com\/es\/#\/schema\/logo\/image\/","url":"https:\/\/wpguerssen-test.odoo.rgbconsulting.com\/wp-content\/uploads\/2022\/04\/Logo_Guerssen_trans_100.png","contentUrl":"https:\/\/wpguerssen-test.odoo.rgbconsulting.com\/wp-content\/uploads\/2022\/04\/Logo_Guerssen_trans_100.png","width":122,"height":100,"caption":"Guerssen records"},"image":{"@id":"https:\/\/wpguerssen-test.odoo.rgbconsulting.com\/es\/#\/schema\/logo\/image\/"}}]}},"_links":{"self":[{"href":"https:\/\/wpguerssen-test.odoo.rgbconsulting.com\/es\/wp-json\/wp\/v2\/product\/282727","targetHints":{"allow":["GET"]}}],"collection":[{"href":"https:\/\/wpguerssen-test.odoo.rgbconsulting.com\/es\/wp-json\/wp\/v2\/product"}],"about":[{"href":"https:\/\/wpguerssen-test.odoo.rgbconsulting.com\/es\/wp-json\/wp\/v2\/types\/product"}],"wp:featuredmedia":[{"embeddable":true,"href":"https:\/\/wpguerssen-test.odoo.rgbconsulting.com\/es\/wp-json\/wp\/v2\/media\/282697"}],"wp:attachment":[{"href":"https:\/\/wpguerssen-test.odoo.rgbconsulting.com\/es\/wp-json\/wp\/v2\/media?parent=282727"}],"wp:term":[{"taxonomy":"product_brand","embeddable":true,"href":"https:\/\/wpguerssen-test.odoo.rgbconsulting.com\/es\/wp-json\/wp\/v2\/product_brand?post=282727"},{"taxonomy":"product_cat","embeddable":true,"href":"https:\/\/wpguerssen-test.odoo.rgbconsulting.com\/es\/wp-json\/wp\/v2\/product_cat?post=282727"},{"taxonomy":"product_tag","embeddable":true,"href":"https:\/\/wpguerssen-test.odoo.rgbconsulting.com\/es\/wp-json\/wp\/v2\/product_tag?post=282727"}],"curies":[{"name":"wp","href":"https:\/\/api.w.org\/{rel}","templated":true}]}}