{"id":282730,"date":"2025-03-11T00:00:00","date_gmt":"2025-03-10T23:00:00","guid":{"rendered":"https:\/\/wpguerssen-test.odoo.rgbconsulting.com\/?post_type=product&#038;p=282730"},"modified":"2025-04-29T13:36:44","modified_gmt":"2025-04-29T11:36:44","slug":"tomorrow-never-comes","status":"publish","type":"product","link":"https:\/\/wpguerssen-test.odoo.rgbconsulting.com\/es\/producto\/tomorrow-never-comes\/","title":{"rendered":"Tomorrow Never Comes"},"content":{"rendered":"<p>Tremendo pop psicod\u00e9lico in\u00e9dito de 1967-68 por este tr\u00edo anglo-americano surgido de las cenizas de Lomax Alliance. <\/p>\n<p> Una mezcla de sonidos Swingin&#8217; London \/ Costa Oeste con brillantes armon\u00edas vocales, guitarras fuzz, efectos de estudio&#8230; <\/p>\n<p> Piensa en los Beatles m\u00e1s psicod\u00e9licos, Byrds, Nazz, Buffalo Springfield, Colours, The Moon&#8230;GENIAL! <\/p>\n<p> La complicada historia de Rain incluye a Brian Epstein, los Beatles, Merseybeat, Liverpool, New York, Linda Eastman (que fotografi\u00f3 al grupo) y m\u00e1s&#8230; <\/p>\n<p> B\u00e1sicamente, cuando el grupo apadrinado por Brian Epstein Lomax Alliance se separan (tras emprender su cantante Jackie Lomax una carrera en solitario guiado por George Harrison), los miembros restantes (el guitarrista John Cannon, el bajista Tom Caccetta y el bater\u00eda Bugs Pemberton), deciden dejar Londres y establecerse en Nueva York, donde adoptan el nuevo nombre de Rain (por su canci\u00f3n favorita de los Beatles). Una vez all\u00ed, graban todo un \u00e1lbum con el productor Chris Huston (The Undertakers, Young Rascals&#8230;). <\/p>\n<p> A pesar de la gran producci\u00f3n de estudio, buenas canciones y alto nivel musical, el disco inexplicablemente no llega a publicarse y solo se prensa una copia en acetato de prueba para los m\u00fasicos. Rain tocan en sitios legendarios como el Fillmore y vuelven a grabar material para un nuevo disco, esta vez bajo el nombre de Gypsy Wizard Band, del que solo se conserva otro acetato. En 1969, Rain se separan. <\/p>\n<p> \u00abTomorrow Never Comes\u00bb incluye todas las canciones del acetato de Rain, grabadas en 1967-68, junto a dos temas extra\u00eddos del acetato de Gypsy Wizard Band, grabado en 1968-69.  <\/p>\n<p> *Portada de cart\u00f3n duro con dise\u00f1o vintage<br \/>*Sonido remasterizado<br \/>*Insert con notas por David Wells y fotos \/ memorabilia <\/p>\n<p> Tracklist:<br \/>Side 1: 1. Sapphire Skies &#8211; 2. One Is All, And All Is One- 3. No Deposit, No Return &#8211; 4. Sundrops &#8211; 5. So Unhappy &#8211; 6. Didn&#8217;t Lie<br \/>Side 2: 1. You, You, You &#8211; 2. Something Is Happening &#8211; 3. Midnight Blue &#8211; 4. You Can&#8217;t Hide Your Love &#8211; 5. The Brightest Light &#8211; 6. In Deadication<\/p>\n","protected":false},"excerpt":{"rendered":"<p>Tremendo pop psicod\u00e9lico in\u00e9dito de 1967-68 por este tr\u00edo anglo-americano surgido de las cenizas de Lomax Alliance. <\/p>\n<p>\u00a0<\/p>\n<p> Una mezcla de sonidos Swingin&#8217;<a class=\"read\" href=\"https:\/\/wpguerssen-test.odoo.rgbconsulting.com\/es\/producto\/tomorrow-never-comes\/\"> (...)<\/a>","protected":false},"featured_media":282706,"template":"","meta":{"_acf_changed":false},"product_brand":[],"product_cat":[24508,21639],"product_tag":[24189],"class_list":{"0":"post-282730","1":"product","2":"type-product","3":"status-publish","4":"has-post-thumbnail","6":"product_cat-uncategorized","7":"product_cat-psychedelic60s-70s-es","8":"product_tag-recien-llegadas","9":"pa_artist-rain-es","10":"pa_format-lp-es","11":"pa_gender-psychedelic60s-70s","12":"pa_label-guerssen-es","13":"pa_location-north-america-es","14":"pa_other-filters-vinyl-only-es","16":"first","17":"instock","18":"taxable","19":"shipping-taxable","20":"purchasable","21":"product-type-simple"},"acf":[],"yoast_head":"<!-- This site is optimized with the Yoast SEO plugin v24.9 - https:\/\/yoast.com\/wordpress\/plugins\/seo\/ -->\n<title>RAIN - Tomorrow Never Comes -  (LP) | Guerssen<\/title>\n<meta name=\"description\" content=\"Top-shelf previously unreleased psychedelic pop from 1967-68 by this post-Lomax Alliance Anglo-American trio. #nl# A mix of West Coast \/ Swingin&#039; London sounds with killer vocal harmonies, fuzz guitar, tape\/studio effects... #nl# Think psych-era Beatles, Byrds, Nazz, Buffalo Springfield, Colours, The Moon...WOW!! #nl# The convulsed story of Rain involves Brian Epstein, The Beatles, Merseybeat, Liverpool, New York, Linda Eastman (who photographed the band) and more... #nl# Basically, when the Brian Epstein-managed band Lomax Alliance parted ways with their frontman Jackie Lomax (who was about to embark on a George Harrison-assisted solo career), his colleagues in Lomax Alliance - guitarist John Cannon, bassist Tom Caccetta and drummer Bugs Pemberton - left London behind to relocate to New York, where they changed their name to Rain (after his favourite Beatles track) and recorded a full album with producer Chris Huston (The Undertakers, Young Rascals). Despite the outstanding production, top notch songwriting and superb musicianship, the album never left the acetate stage. The trio played at the Fillmore and did more studio work under the Gypsy Wizards Band name that remained also unreleased, before disbanding in 1969. #nl# &quot;Tomorrow Never Comes&quot; includes all the tracks from the Rain acetate, recorded 1967-68, plus two songs from the Gypsy Wizards Band one (1968-69). #nl# *Vintage styled artwork in hard cardboard sleeve*Remastered sound*Insert with liner notes by David Wells and rare photos \/ memorabilia #nl# &quot;...tracks like the Revolver-esque &#039;No Deposit, No Return&#039;, the proudly hallucinogenic &#039;Sapphire Skies&#039;, &#039;One Is All, All Is One&#039; and &#039;Midnight Blue&#039; shared the same Beatles-inspired canvas of psychedelic-era melodic invention, love and peace lyrical sentiments and dazzling close harmony vocal work...&quot;- David Wells #nl# Tracklist:Side 1: 1. Sapphire Skies - 2. One Is All, And All Is One- 3. No Deposit, No Return - 4. Sundrops - 5. So Unhappy - 6. Didn&#039;t LieSide 2: 1. You, You, You - 2. Something Is Happening - 3. Midnight Blue - 4. You Can&#039;t Hide Your Love - 5. The Brightest Light - 6. In Deadication\" \/>\n<meta name=\"robots\" content=\"index, follow, max-snippet:-1, max-image-preview:large, max-video-preview:-1\" \/>\n<link rel=\"canonical\" href=\"https:\/\/wpguerssen-test.odoo.rgbconsulting.com\/es\/producto\/tomorrow-never-comes\/\" \/>\n<meta property=\"og:locale\" content=\"es_ES\" \/>\n<meta property=\"og:type\" content=\"article\" \/>\n<meta property=\"og:title\" content=\"RAIN - Tomorrow Never Comes -  (LP) | Guerssen\" \/>\n<meta property=\"og:description\" content=\"Top-shelf previously unreleased psychedelic pop from 1967-68 by this post-Lomax Alliance Anglo-American trio. #nl# A mix of West Coast \/ Swingin&#039; London sounds with killer vocal harmonies, fuzz guitar, tape\/studio effects... #nl# Think psych-era Beatles, Byrds, Nazz, Buffalo Springfield, Colours, The Moon...WOW!! #nl# The convulsed story of Rain involves Brian Epstein, The Beatles, Merseybeat, Liverpool, New York, Linda Eastman (who photographed the band) and more... #nl# Basically, when the Brian Epstein-managed band Lomax Alliance parted ways with their frontman Jackie Lomax (who was about to embark on a George Harrison-assisted solo career), his colleagues in Lomax Alliance - guitarist John Cannon, bassist Tom Caccetta and drummer Bugs Pemberton - left London behind to relocate to New York, where they changed their name to Rain (after his favourite Beatles track) and recorded a full album with producer Chris Huston (The Undertakers, Young Rascals). Despite the outstanding production, top notch songwriting and superb musicianship, the album never left the acetate stage. The trio played at the Fillmore and did more studio work under the Gypsy Wizards Band name that remained also unreleased, before disbanding in 1969. #nl# &quot;Tomorrow Never Comes&quot; includes all the tracks from the Rain acetate, recorded 1967-68, plus two songs from the Gypsy Wizards Band one (1968-69). #nl# *Vintage styled artwork in hard cardboard sleeve*Remastered sound*Insert with liner notes by David Wells and rare photos \/ memorabilia #nl# &quot;...tracks like the Revolver-esque &#039;No Deposit, No Return&#039;, the proudly hallucinogenic &#039;Sapphire Skies&#039;, &#039;One Is All, All Is One&#039; and &#039;Midnight Blue&#039; shared the same Beatles-inspired canvas of psychedelic-era melodic invention, love and peace lyrical sentiments and dazzling close harmony vocal work...&quot;- David Wells #nl# Tracklist:Side 1: 1. Sapphire Skies - 2. One Is All, And All Is One- 3. No Deposit, No Return - 4. Sundrops - 5. So Unhappy - 6. Didn&#039;t LieSide 2: 1. You, You, You - 2. Something Is Happening - 3. Midnight Blue - 4. You Can&#039;t Hide Your Love - 5. The Brightest Light - 6. In Deadication\" \/>\n<meta property=\"og:url\" content=\"https:\/\/wpguerssen-test.odoo.rgbconsulting.com\/es\/producto\/tomorrow-never-comes\/\" \/>\n<meta property=\"og:site_name\" content=\"Guerssen records\" \/>\n<meta property=\"article:modified_time\" content=\"2025-04-29T11:36:44+00:00\" \/>\n<meta property=\"og:image\" content=\"https:\/\/wpguerssen-test.odoo.rgbconsulting.com\/wp-content\/uploads\/2025\/02\/49349-1024x1024.jpg\" \/>\n\t<meta property=\"og:image:width\" content=\"1024\" \/>\n\t<meta property=\"og:image:height\" content=\"1024\" \/>\n\t<meta property=\"og:image:type\" content=\"image\/jpeg\" \/>\n<meta name=\"twitter:card\" content=\"summary_large_image\" \/>\n<meta name=\"twitter:title\" content=\"RAIN - Tomorrow Never Comes -  (LP) | Guerssen\" \/>\n<meta name=\"twitter:label1\" content=\"Tiempo de lectura\" \/>\n\t<meta name=\"twitter:data1\" content=\"2 minutos\" \/>\n<script type=\"application\/ld+json\" class=\"yoast-schema-graph\">{\"@context\":\"https:\/\/schema.org\",\"@graph\":[{\"@type\":\"WebPage\",\"@id\":\"https:\/\/wpguerssen-test.odoo.rgbconsulting.com\/es\/producto\/tomorrow-never-comes\/\",\"url\":\"https:\/\/wpguerssen-test.odoo.rgbconsulting.com\/es\/producto\/tomorrow-never-comes\/\",\"name\":\"RAIN - Tomorrow Never Comes - (LP) | Guerssen\",\"isPartOf\":{\"@id\":\"https:\/\/wpguerssen-test.odoo.rgbconsulting.com\/es\/#website\"},\"primaryImageOfPage\":{\"@id\":\"https:\/\/wpguerssen-test.odoo.rgbconsulting.com\/es\/producto\/tomorrow-never-comes\/#primaryimage\"},\"image\":{\"@id\":\"https:\/\/wpguerssen-test.odoo.rgbconsulting.com\/es\/producto\/tomorrow-never-comes\/#primaryimage\"},\"thumbnailUrl\":\"https:\/\/wpguerssen-test.odoo.rgbconsulting.com\/wp-content\/uploads\/2025\/02\/49349.jpg\",\"datePublished\":\"2025-03-10T23:00:00+00:00\",\"dateModified\":\"2025-04-29T11:36:44+00:00\",\"description\":\"Top-shelf previously unreleased psychedelic pop from 1967-68 by this post-Lomax Alliance Anglo-American trio. #nl# A mix of West Coast \/ Swingin' London sounds with killer vocal harmonies, fuzz guitar, tape\/studio effects... #nl# Think psych-era Beatles, Byrds, Nazz, Buffalo Springfield, Colours, The Moon...WOW!! #nl# The convulsed story of Rain involves Brian Epstein, The Beatles, Merseybeat, Liverpool, New York, Linda Eastman (who photographed the band) and more... #nl# Basically, when the Brian Epstein-managed band Lomax Alliance parted ways with their frontman Jackie Lomax (who was about to embark on a George Harrison-assisted solo career), his colleagues in Lomax Alliance - guitarist John Cannon, bassist Tom Caccetta and drummer Bugs Pemberton - left London behind to relocate to New York, where they changed their name to Rain (after his favourite Beatles track) and recorded a full album with producer Chris Huston (The Undertakers, Young Rascals). Despite the outstanding production, top notch songwriting and superb musicianship, the album never left the acetate stage. The trio played at the Fillmore and did more studio work under the Gypsy Wizards Band name that remained also unreleased, before disbanding in 1969. #nl# \\\"Tomorrow Never Comes\\\" includes all the tracks from the Rain acetate, recorded 1967-68, plus two songs from the Gypsy Wizards Band one (1968-69). #nl# *Vintage styled artwork in hard cardboard sleeve*Remastered sound*Insert with liner notes by David Wells and rare photos \/ memorabilia #nl# \\\"...tracks like the Revolver-esque 'No Deposit, No Return', the proudly hallucinogenic 'Sapphire Skies', 'One Is All, All Is One' and 'Midnight Blue' shared the same Beatles-inspired canvas of psychedelic-era melodic invention, love and peace lyrical sentiments and dazzling close harmony vocal work...\\\"- David Wells #nl# Tracklist:Side 1: 1. Sapphire Skies - 2. One Is All, And All Is One- 3. No Deposit, No Return - 4. Sundrops - 5. So Unhappy - 6. Didn't LieSide 2: 1. You, You, You - 2. Something Is Happening - 3. Midnight Blue - 4. You Can't Hide Your Love - 5. The Brightest Light - 6. In Deadication\",\"breadcrumb\":{\"@id\":\"https:\/\/wpguerssen-test.odoo.rgbconsulting.com\/es\/producto\/tomorrow-never-comes\/#breadcrumb\"},\"inLanguage\":\"es\",\"potentialAction\":[{\"@type\":\"ReadAction\",\"target\":[\"https:\/\/wpguerssen-test.odoo.rgbconsulting.com\/es\/producto\/tomorrow-never-comes\/\"]}]},{\"@type\":\"ImageObject\",\"inLanguage\":\"es\",\"@id\":\"https:\/\/wpguerssen-test.odoo.rgbconsulting.com\/es\/producto\/tomorrow-never-comes\/#primaryimage\",\"url\":\"https:\/\/wpguerssen-test.odoo.rgbconsulting.com\/wp-content\/uploads\/2025\/02\/49349.jpg\",\"contentUrl\":\"https:\/\/wpguerssen-test.odoo.rgbconsulting.com\/wp-content\/uploads\/2025\/02\/49349.jpg\",\"width\":1400,\"height\":1400},{\"@type\":\"BreadcrumbList\",\"@id\":\"https:\/\/wpguerssen-test.odoo.rgbconsulting.com\/es\/producto\/tomorrow-never-comes\/#breadcrumb\",\"itemListElement\":[{\"@type\":\"ListItem\",\"position\":1,\"name\":\"Inicio\",\"item\":\"https:\/\/wpguerssen-test.odoo.rgbconsulting.com\/es\/\"},{\"@type\":\"ListItem\",\"position\":2,\"name\":\"Shop\",\"item\":\"https:\/\/wpguerssen-test.odoo.rgbconsulting.com\/shop\/\"},{\"@type\":\"ListItem\",\"position\":3,\"name\":\"Tomorrow Never Comes\"}]},{\"@type\":\"WebSite\",\"@id\":\"https:\/\/wpguerssen-test.odoo.rgbconsulting.com\/es\/#website\",\"url\":\"https:\/\/wpguerssen-test.odoo.rgbconsulting.com\/es\/\",\"name\":\"Guerssen records\",\"description\":\"psychedelia - progressive - folk - garage \",\"publisher\":{\"@id\":\"https:\/\/wpguerssen-test.odoo.rgbconsulting.com\/es\/#organization\"},\"potentialAction\":[{\"@type\":\"SearchAction\",\"target\":{\"@type\":\"EntryPoint\",\"urlTemplate\":\"https:\/\/wpguerssen-test.odoo.rgbconsulting.com\/es\/?s={search_term_string}\"},\"query-input\":{\"@type\":\"PropertyValueSpecification\",\"valueRequired\":true,\"valueName\":\"search_term_string\"}}],\"inLanguage\":\"es\"},{\"@type\":\"Organization\",\"@id\":\"https:\/\/wpguerssen-test.odoo.rgbconsulting.com\/es\/#organization\",\"name\":\"Guerssen records\",\"url\":\"https:\/\/wpguerssen-test.odoo.rgbconsulting.com\/es\/\",\"logo\":{\"@type\":\"ImageObject\",\"inLanguage\":\"es\",\"@id\":\"https:\/\/wpguerssen-test.odoo.rgbconsulting.com\/es\/#\/schema\/logo\/image\/\",\"url\":\"https:\/\/wpguerssen-test.odoo.rgbconsulting.com\/wp-content\/uploads\/2022\/04\/Logo_Guerssen_trans_100.png\",\"contentUrl\":\"https:\/\/wpguerssen-test.odoo.rgbconsulting.com\/wp-content\/uploads\/2022\/04\/Logo_Guerssen_trans_100.png\",\"width\":122,\"height\":100,\"caption\":\"Guerssen records\"},\"image\":{\"@id\":\"https:\/\/wpguerssen-test.odoo.rgbconsulting.com\/es\/#\/schema\/logo\/image\/\"}}]}<\/script>\n<!-- \/ Yoast SEO plugin. -->","yoast_head_json":{"title":"RAIN - Tomorrow Never Comes -  (LP) | Guerssen","description":"Top-shelf previously unreleased psychedelic pop from 1967-68 by this post-Lomax Alliance Anglo-American trio. #nl# A mix of West Coast \/ Swingin' London sounds with killer vocal harmonies, fuzz guitar, tape\/studio effects... #nl# Think psych-era Beatles, Byrds, Nazz, Buffalo Springfield, Colours, The Moon...WOW!! #nl# The convulsed story of Rain involves Brian Epstein, The Beatles, Merseybeat, Liverpool, New York, Linda Eastman (who photographed the band) and more... #nl# Basically, when the Brian Epstein-managed band Lomax Alliance parted ways with their frontman Jackie Lomax (who was about to embark on a George Harrison-assisted solo career), his colleagues in Lomax Alliance - guitarist John Cannon, bassist Tom Caccetta and drummer Bugs Pemberton - left London behind to relocate to New York, where they changed their name to Rain (after his favourite Beatles track) and recorded a full album with producer Chris Huston (The Undertakers, Young Rascals). Despite the outstanding production, top notch songwriting and superb musicianship, the album never left the acetate stage. The trio played at the Fillmore and did more studio work under the Gypsy Wizards Band name that remained also unreleased, before disbanding in 1969. #nl# \"Tomorrow Never Comes\" includes all the tracks from the Rain acetate, recorded 1967-68, plus two songs from the Gypsy Wizards Band one (1968-69). #nl# *Vintage styled artwork in hard cardboard sleeve*Remastered sound*Insert with liner notes by David Wells and rare photos \/ memorabilia #nl# \"...tracks like the Revolver-esque 'No Deposit, No Return', the proudly hallucinogenic 'Sapphire Skies', 'One Is All, All Is One' and 'Midnight Blue' shared the same Beatles-inspired canvas of psychedelic-era melodic invention, love and peace lyrical sentiments and dazzling close harmony vocal work...\"- David Wells #nl# Tracklist:Side 1: 1. Sapphire Skies - 2. One Is All, And All Is One- 3. No Deposit, No Return - 4. Sundrops - 5. So Unhappy - 6. Didn't LieSide 2: 1. You, You, You - 2. Something Is Happening - 3. Midnight Blue - 4. You Can't Hide Your Love - 5. The Brightest Light - 6. In Deadication","robots":{"index":"index","follow":"follow","max-snippet":"max-snippet:-1","max-image-preview":"max-image-preview:large","max-video-preview":"max-video-preview:-1"},"canonical":"https:\/\/wpguerssen-test.odoo.rgbconsulting.com\/es\/producto\/tomorrow-never-comes\/","og_locale":"es_ES","og_type":"article","og_title":"RAIN - Tomorrow Never Comes -  (LP) | Guerssen","og_description":"Top-shelf previously unreleased psychedelic pop from 1967-68 by this post-Lomax Alliance Anglo-American trio. #nl# A mix of West Coast \/ Swingin' London sounds with killer vocal harmonies, fuzz guitar, tape\/studio effects... #nl# Think psych-era Beatles, Byrds, Nazz, Buffalo Springfield, Colours, The Moon...WOW!! #nl# The convulsed story of Rain involves Brian Epstein, The Beatles, Merseybeat, Liverpool, New York, Linda Eastman (who photographed the band) and more... #nl# Basically, when the Brian Epstein-managed band Lomax Alliance parted ways with their frontman Jackie Lomax (who was about to embark on a George Harrison-assisted solo career), his colleagues in Lomax Alliance - guitarist John Cannon, bassist Tom Caccetta and drummer Bugs Pemberton - left London behind to relocate to New York, where they changed their name to Rain (after his favourite Beatles track) and recorded a full album with producer Chris Huston (The Undertakers, Young Rascals). Despite the outstanding production, top notch songwriting and superb musicianship, the album never left the acetate stage. The trio played at the Fillmore and did more studio work under the Gypsy Wizards Band name that remained also unreleased, before disbanding in 1969. #nl# \"Tomorrow Never Comes\" includes all the tracks from the Rain acetate, recorded 1967-68, plus two songs from the Gypsy Wizards Band one (1968-69). #nl# *Vintage styled artwork in hard cardboard sleeve*Remastered sound*Insert with liner notes by David Wells and rare photos \/ memorabilia #nl# \"...tracks like the Revolver-esque 'No Deposit, No Return', the proudly hallucinogenic 'Sapphire Skies', 'One Is All, All Is One' and 'Midnight Blue' shared the same Beatles-inspired canvas of psychedelic-era melodic invention, love and peace lyrical sentiments and dazzling close harmony vocal work...\"- David Wells #nl# Tracklist:Side 1: 1. Sapphire Skies - 2. One Is All, And All Is One- 3. No Deposit, No Return - 4. Sundrops - 5. So Unhappy - 6. Didn't LieSide 2: 1. You, You, You - 2. Something Is Happening - 3. Midnight Blue - 4. You Can't Hide Your Love - 5. The Brightest Light - 6. In Deadication","og_url":"https:\/\/wpguerssen-test.odoo.rgbconsulting.com\/es\/producto\/tomorrow-never-comes\/","og_site_name":"Guerssen records","article_modified_time":"2025-04-29T11:36:44+00:00","og_image":[{"width":1024,"height":1024,"url":"https:\/\/wpguerssen-test.odoo.rgbconsulting.com\/wp-content\/uploads\/2025\/02\/49349-1024x1024.jpg","type":"image\/jpeg"}],"twitter_card":"summary_large_image","twitter_title":"RAIN - Tomorrow Never Comes -  (LP) | Guerssen","twitter_misc":{"Tiempo de lectura":"2 minutos"},"schema":{"@context":"https:\/\/schema.org","@graph":[{"@type":"WebPage","@id":"https:\/\/wpguerssen-test.odoo.rgbconsulting.com\/es\/producto\/tomorrow-never-comes\/","url":"https:\/\/wpguerssen-test.odoo.rgbconsulting.com\/es\/producto\/tomorrow-never-comes\/","name":"RAIN - Tomorrow Never Comes - (LP) | Guerssen","isPartOf":{"@id":"https:\/\/wpguerssen-test.odoo.rgbconsulting.com\/es\/#website"},"primaryImageOfPage":{"@id":"https:\/\/wpguerssen-test.odoo.rgbconsulting.com\/es\/producto\/tomorrow-never-comes\/#primaryimage"},"image":{"@id":"https:\/\/wpguerssen-test.odoo.rgbconsulting.com\/es\/producto\/tomorrow-never-comes\/#primaryimage"},"thumbnailUrl":"https:\/\/wpguerssen-test.odoo.rgbconsulting.com\/wp-content\/uploads\/2025\/02\/49349.jpg","datePublished":"2025-03-10T23:00:00+00:00","dateModified":"2025-04-29T11:36:44+00:00","description":"Top-shelf previously unreleased psychedelic pop from 1967-68 by this post-Lomax Alliance Anglo-American trio. #nl# A mix of West Coast \/ Swingin' London sounds with killer vocal harmonies, fuzz guitar, tape\/studio effects... #nl# Think psych-era Beatles, Byrds, Nazz, Buffalo Springfield, Colours, The Moon...WOW!! #nl# The convulsed story of Rain involves Brian Epstein, The Beatles, Merseybeat, Liverpool, New York, Linda Eastman (who photographed the band) and more... #nl# Basically, when the Brian Epstein-managed band Lomax Alliance parted ways with their frontman Jackie Lomax (who was about to embark on a George Harrison-assisted solo career), his colleagues in Lomax Alliance - guitarist John Cannon, bassist Tom Caccetta and drummer Bugs Pemberton - left London behind to relocate to New York, where they changed their name to Rain (after his favourite Beatles track) and recorded a full album with producer Chris Huston (The Undertakers, Young Rascals). Despite the outstanding production, top notch songwriting and superb musicianship, the album never left the acetate stage. The trio played at the Fillmore and did more studio work under the Gypsy Wizards Band name that remained also unreleased, before disbanding in 1969. #nl# \"Tomorrow Never Comes\" includes all the tracks from the Rain acetate, recorded 1967-68, plus two songs from the Gypsy Wizards Band one (1968-69). #nl# *Vintage styled artwork in hard cardboard sleeve*Remastered sound*Insert with liner notes by David Wells and rare photos \/ memorabilia #nl# \"...tracks like the Revolver-esque 'No Deposit, No Return', the proudly hallucinogenic 'Sapphire Skies', 'One Is All, All Is One' and 'Midnight Blue' shared the same Beatles-inspired canvas of psychedelic-era melodic invention, love and peace lyrical sentiments and dazzling close harmony vocal work...\"- David Wells #nl# Tracklist:Side 1: 1. Sapphire Skies - 2. One Is All, And All Is One- 3. No Deposit, No Return - 4. Sundrops - 5. So Unhappy - 6. Didn't LieSide 2: 1. You, You, You - 2. Something Is Happening - 3. Midnight Blue - 4. You Can't Hide Your Love - 5. The Brightest Light - 6. In Deadication","breadcrumb":{"@id":"https:\/\/wpguerssen-test.odoo.rgbconsulting.com\/es\/producto\/tomorrow-never-comes\/#breadcrumb"},"inLanguage":"es","potentialAction":[{"@type":"ReadAction","target":["https:\/\/wpguerssen-test.odoo.rgbconsulting.com\/es\/producto\/tomorrow-never-comes\/"]}]},{"@type":"ImageObject","inLanguage":"es","@id":"https:\/\/wpguerssen-test.odoo.rgbconsulting.com\/es\/producto\/tomorrow-never-comes\/#primaryimage","url":"https:\/\/wpguerssen-test.odoo.rgbconsulting.com\/wp-content\/uploads\/2025\/02\/49349.jpg","contentUrl":"https:\/\/wpguerssen-test.odoo.rgbconsulting.com\/wp-content\/uploads\/2025\/02\/49349.jpg","width":1400,"height":1400},{"@type":"BreadcrumbList","@id":"https:\/\/wpguerssen-test.odoo.rgbconsulting.com\/es\/producto\/tomorrow-never-comes\/#breadcrumb","itemListElement":[{"@type":"ListItem","position":1,"name":"Inicio","item":"https:\/\/wpguerssen-test.odoo.rgbconsulting.com\/es\/"},{"@type":"ListItem","position":2,"name":"Shop","item":"https:\/\/wpguerssen-test.odoo.rgbconsulting.com\/shop\/"},{"@type":"ListItem","position":3,"name":"Tomorrow Never Comes"}]},{"@type":"WebSite","@id":"https:\/\/wpguerssen-test.odoo.rgbconsulting.com\/es\/#website","url":"https:\/\/wpguerssen-test.odoo.rgbconsulting.com\/es\/","name":"Guerssen records","description":"psychedelia - progressive - folk - garage ","publisher":{"@id":"https:\/\/wpguerssen-test.odoo.rgbconsulting.com\/es\/#organization"},"potentialAction":[{"@type":"SearchAction","target":{"@type":"EntryPoint","urlTemplate":"https:\/\/wpguerssen-test.odoo.rgbconsulting.com\/es\/?s={search_term_string}"},"query-input":{"@type":"PropertyValueSpecification","valueRequired":true,"valueName":"search_term_string"}}],"inLanguage":"es"},{"@type":"Organization","@id":"https:\/\/wpguerssen-test.odoo.rgbconsulting.com\/es\/#organization","name":"Guerssen records","url":"https:\/\/wpguerssen-test.odoo.rgbconsulting.com\/es\/","logo":{"@type":"ImageObject","inLanguage":"es","@id":"https:\/\/wpguerssen-test.odoo.rgbconsulting.com\/es\/#\/schema\/logo\/image\/","url":"https:\/\/wpguerssen-test.odoo.rgbconsulting.com\/wp-content\/uploads\/2022\/04\/Logo_Guerssen_trans_100.png","contentUrl":"https:\/\/wpguerssen-test.odoo.rgbconsulting.com\/wp-content\/uploads\/2022\/04\/Logo_Guerssen_trans_100.png","width":122,"height":100,"caption":"Guerssen records"},"image":{"@id":"https:\/\/wpguerssen-test.odoo.rgbconsulting.com\/es\/#\/schema\/logo\/image\/"}}]}},"_links":{"self":[{"href":"https:\/\/wpguerssen-test.odoo.rgbconsulting.com\/es\/wp-json\/wp\/v2\/product\/282730","targetHints":{"allow":["GET"]}}],"collection":[{"href":"https:\/\/wpguerssen-test.odoo.rgbconsulting.com\/es\/wp-json\/wp\/v2\/product"}],"about":[{"href":"https:\/\/wpguerssen-test.odoo.rgbconsulting.com\/es\/wp-json\/wp\/v2\/types\/product"}],"wp:featuredmedia":[{"embeddable":true,"href":"https:\/\/wpguerssen-test.odoo.rgbconsulting.com\/es\/wp-json\/wp\/v2\/media\/282706"}],"wp:attachment":[{"href":"https:\/\/wpguerssen-test.odoo.rgbconsulting.com\/es\/wp-json\/wp\/v2\/media?parent=282730"}],"wp:term":[{"taxonomy":"product_brand","embeddable":true,"href":"https:\/\/wpguerssen-test.odoo.rgbconsulting.com\/es\/wp-json\/wp\/v2\/product_brand?post=282730"},{"taxonomy":"product_cat","embeddable":true,"href":"https:\/\/wpguerssen-test.odoo.rgbconsulting.com\/es\/wp-json\/wp\/v2\/product_cat?post=282730"},{"taxonomy":"product_tag","embeddable":true,"href":"https:\/\/wpguerssen-test.odoo.rgbconsulting.com\/es\/wp-json\/wp\/v2\/product_tag?post=282730"}],"curies":[{"name":"wp","href":"https:\/\/api.w.org\/{rel}","templated":true}]}}