{"id":282737,"date":"2025-03-11T00:00:00","date_gmt":"2025-03-10T23:00:00","guid":{"rendered":"https:\/\/wpguerssen-test.odoo.rgbconsulting.com\/?post_type=product&#038;p=282737"},"modified":"2025-04-17T15:20:51","modified_gmt":"2025-04-17T13:20:51","slug":"the-studio-sessions-1971-72-cd","status":"publish","type":"product","link":"https:\/\/wpguerssen-test.odoo.rgbconsulting.com\/es\/producto\/the-studio-sessions-1971-72-cd\/","title":{"rendered":"The Studio Sessions 1971-72 (CD)"},"content":{"rendered":"<p>Castle Farm fueron un oscuro grupo brit\u00e1nico de principios de los 70 con un poderoso sonido hard-rock-blues con toques glam y proto-metal. <\/p>\n<p> Aqu\u00ed tienes su raro single privado de 1972,  \u00abHot-Rod Queen&#8217; b\/w &#8216;Mascot&#8217; (autoeditado en su propio sello Farm Records), junto a material de estudio grabado en 1971-72 y no publicado en la \u00e9poca. <\/p>\n<p> Originalmente un cuarteto surgido en el \u00e1rea de Londres, pronto se incorpora al grupo el guitarrista John Aldrich, para reforzar el poderoso guitarra slide Gram &#8216;Tex&#8217; Benike, creando un din\u00e1mico sonido de guitarra dual que a\u00f1ad\u00eda color y profundidad a la m\u00fasica del grupo. <\/p>\n<p> Con la s\u00f3lida secci\u00f3n r\u00edtmica de &#8216;Spyder&#8217; Curphey (y posteriormente su hermano Roger) al bajo y Steve Traveller a la bater\u00eda y el potente cantante Denny Newman, el grupo pas\u00f3 por el circuito de universidades e institutos, teloneando a grupos como Rory Gallagher, Deep Purple, Atomic Rooster, Savoy Brown, Climax Blues Band, Quintessence y muchos otros. <\/p>\n<p> *Libreto con notas por Rich AfterSabbath y fotos <\/p>\n<p> Tracklist:<br \/>1. (Maybe A Little Black) Witch &#8211; 2. Hot-Rod Queen &#8211; 3. Mascot &#8211; 4. All In A Year, All In A Day &#8211; 5. Island In The Sun &#8211; 6. Jewels Of Fire &#8211; 7. Lunatic &#8211; 8. You Go Your Way, I&#8217;ll Go Mine &#8211; 9. I&#8217;ve Been Dreaming &#8211; 10. Hot Rod Queen (Alternate Version)<\/p>\n","protected":false},"excerpt":{"rendered":"<p>Castle Farm fueron un oscuro grupo brit\u00e1nico de principios de los 70 con un poderoso sonido hard-rock-blues con toques glam y proto-metal. <\/p>\n<p>\u00a0<\/p>\n<p> Aqu\u00ed<a class=\"read\" href=\"https:\/\/wpguerssen-test.odoo.rgbconsulting.com\/es\/producto\/the-studio-sessions-1971-72-cd\/\"> (...)<\/a>","protected":false},"featured_media":282725,"template":"","meta":{"_acf_changed":false},"product_brand":[],"product_cat":[23224,23262],"product_tag":[29138,24189],"class_list":{"0":"post-282737","1":"product","2":"type-product","3":"status-publish","4":"has-post-thumbnail","6":"product_cat-hard-rock-60s-70s-es","7":"product_cat-blues-blues-rock-es","8":"product_tag-cd-es","9":"product_tag-recien-llegadas","10":"pa_artist-castle-farm-es","11":"pa_format-cd-2-es","12":"pa_gender-hard-rock-60s-70s-blues-blues-rock","13":"pa_label-sommor-es","14":"pa_location-uk-ireland-es","16":"first","17":"instock","18":"taxable","19":"shipping-taxable","20":"purchasable","21":"product-type-simple"},"acf":[],"yoast_head":"<!-- This site is optimized with the Yoast SEO plugin v24.9 - https:\/\/yoast.com\/wordpress\/plugins\/seo\/ -->\n<title>CASTLE FARM - The Studio Sessions 1971-72 (CD) -  (CD) | Guerssen<\/title>\n<meta name=\"description\" content=\"Castle Farm was a British band from the early 70s with a powerful, guitar based hard-rock-blues sound with elements of glam and proto-metal. #nl# Here&#039;s their rare and sought after privately pressed 45 from 1972, &#039;Hot-Rod Queen&#039; b\/w &#039;Mascot&#039; (originally released on their own label, Farm Records) plus 1971-72 unissued studio recordings. #nl# Originally a four-piece band, they later brought in John Aldrich, with his super-clean lead guitar style, to supplement Gram &#039;Tex&#039; Benike&#039;s killer slide work and create a dynamic dual-guitar sound, adding so much more colour and depth to the band&#039;s music. With a solid rhythm section of &#039;Spyder&#039; Curphey (and latterly his brother Roger) on bass and Steve Traveller on drums, and with Denny Newman&#039;s powerful and resonant vocals, the band progressed to the university and college circuit all over England, supporting major acts like Rory Gallagher, Deep Purple, Atomic Rooster, Savoy Brown, Climax Blues Band, Quintessence and many others. #nl# *Booklet with liner notes by Rich AfterSabbath and photos #nl# Tracklist:1. (Maybe A Little Black) Witch - 2. Hot-Rod Queen - 3. Mascot - 4. All In A Year, All In A Day - 5. Island In The Sun - 6. Jewels Of Fire - 7. Lunatic - 8. You Go Your Way, I&#039;ll Go Mine - 9. I&#039;ve Been Dreaming - 10. Hot Rod Queen (Alternate Version)\" \/>\n<meta name=\"robots\" content=\"index, follow, max-snippet:-1, max-image-preview:large, max-video-preview:-1\" \/>\n<link rel=\"canonical\" href=\"https:\/\/wpguerssen-test.odoo.rgbconsulting.com\/es\/producto\/the-studio-sessions-1971-72-cd\/\" \/>\n<meta property=\"og:locale\" content=\"es_ES\" \/>\n<meta property=\"og:type\" content=\"article\" \/>\n<meta property=\"og:title\" content=\"CASTLE FARM - The Studio Sessions 1971-72 (CD) -  (CD) | Guerssen\" \/>\n<meta property=\"og:description\" content=\"Castle Farm was a British band from the early 70s with a powerful, guitar based hard-rock-blues sound with elements of glam and proto-metal. #nl# Here&#039;s their rare and sought after privately pressed 45 from 1972, &#039;Hot-Rod Queen&#039; b\/w &#039;Mascot&#039; (originally released on their own label, Farm Records) plus 1971-72 unissued studio recordings. #nl# Originally a four-piece band, they later brought in John Aldrich, with his super-clean lead guitar style, to supplement Gram &#039;Tex&#039; Benike&#039;s killer slide work and create a dynamic dual-guitar sound, adding so much more colour and depth to the band&#039;s music. With a solid rhythm section of &#039;Spyder&#039; Curphey (and latterly his brother Roger) on bass and Steve Traveller on drums, and with Denny Newman&#039;s powerful and resonant vocals, the band progressed to the university and college circuit all over England, supporting major acts like Rory Gallagher, Deep Purple, Atomic Rooster, Savoy Brown, Climax Blues Band, Quintessence and many others. #nl# *Booklet with liner notes by Rich AfterSabbath and photos #nl# Tracklist:1. (Maybe A Little Black) Witch - 2. Hot-Rod Queen - 3. Mascot - 4. All In A Year, All In A Day - 5. Island In The Sun - 6. Jewels Of Fire - 7. Lunatic - 8. You Go Your Way, I&#039;ll Go Mine - 9. I&#039;ve Been Dreaming - 10. Hot Rod Queen (Alternate Version)\" \/>\n<meta property=\"og:url\" content=\"https:\/\/wpguerssen-test.odoo.rgbconsulting.com\/es\/producto\/the-studio-sessions-1971-72-cd\/\" \/>\n<meta property=\"og:site_name\" content=\"Guerssen records\" \/>\n<meta property=\"article:modified_time\" content=\"2025-04-17T13:20:51+00:00\" \/>\n<meta property=\"og:image\" content=\"https:\/\/wpguerssen-test.odoo.rgbconsulting.com\/wp-content\/uploads\/2025\/02\/49738.jpg\" \/>\n\t<meta property=\"og:image:width\" content=\"1400\" \/>\n\t<meta property=\"og:image:height\" content=\"1400\" \/>\n\t<meta property=\"og:image:type\" content=\"image\/jpeg\" \/>\n<meta name=\"twitter:card\" content=\"summary_large_image\" \/>\n<meta name=\"twitter:title\" content=\"CASTLE FARM - The Studio Sessions 1971-72 (CD) -  (CD) | Guerssen\" \/>\n<meta name=\"twitter:label1\" content=\"Tiempo de lectura\" \/>\n\t<meta name=\"twitter:data1\" content=\"1 minuto\" \/>\n<script type=\"application\/ld+json\" class=\"yoast-schema-graph\">{\"@context\":\"https:\/\/schema.org\",\"@graph\":[{\"@type\":\"WebPage\",\"@id\":\"https:\/\/wpguerssen-test.odoo.rgbconsulting.com\/es\/producto\/the-studio-sessions-1971-72-cd\/\",\"url\":\"https:\/\/wpguerssen-test.odoo.rgbconsulting.com\/es\/producto\/the-studio-sessions-1971-72-cd\/\",\"name\":\"CASTLE FARM - The Studio Sessions 1971-72 (CD) - (CD) | Guerssen\",\"isPartOf\":{\"@id\":\"https:\/\/wpguerssen-test.odoo.rgbconsulting.com\/es\/#website\"},\"primaryImageOfPage\":{\"@id\":\"https:\/\/wpguerssen-test.odoo.rgbconsulting.com\/es\/producto\/the-studio-sessions-1971-72-cd\/#primaryimage\"},\"image\":{\"@id\":\"https:\/\/wpguerssen-test.odoo.rgbconsulting.com\/es\/producto\/the-studio-sessions-1971-72-cd\/#primaryimage\"},\"thumbnailUrl\":\"https:\/\/wpguerssen-test.odoo.rgbconsulting.com\/wp-content\/uploads\/2025\/02\/49738.jpg\",\"datePublished\":\"2025-03-10T23:00:00+00:00\",\"dateModified\":\"2025-04-17T13:20:51+00:00\",\"description\":\"Castle Farm was a British band from the early 70s with a powerful, guitar based hard-rock-blues sound with elements of glam and proto-metal. #nl# Here's their rare and sought after privately pressed 45 from 1972, 'Hot-Rod Queen' b\/w 'Mascot' (originally released on their own label, Farm Records) plus 1971-72 unissued studio recordings. #nl# Originally a four-piece band, they later brought in John Aldrich, with his super-clean lead guitar style, to supplement Gram 'Tex' Benike's killer slide work and create a dynamic dual-guitar sound, adding so much more colour and depth to the band's music. With a solid rhythm section of 'Spyder' Curphey (and latterly his brother Roger) on bass and Steve Traveller on drums, and with Denny Newman's powerful and resonant vocals, the band progressed to the university and college circuit all over England, supporting major acts like Rory Gallagher, Deep Purple, Atomic Rooster, Savoy Brown, Climax Blues Band, Quintessence and many others. #nl# *Booklet with liner notes by Rich AfterSabbath and photos #nl# Tracklist:1. (Maybe A Little Black) Witch - 2. Hot-Rod Queen - 3. Mascot - 4. All In A Year, All In A Day - 5. Island In The Sun - 6. Jewels Of Fire - 7. Lunatic - 8. You Go Your Way, I'll Go Mine - 9. I've Been Dreaming - 10. Hot Rod Queen (Alternate Version)\",\"breadcrumb\":{\"@id\":\"https:\/\/wpguerssen-test.odoo.rgbconsulting.com\/es\/producto\/the-studio-sessions-1971-72-cd\/#breadcrumb\"},\"inLanguage\":\"es\",\"potentialAction\":[{\"@type\":\"ReadAction\",\"target\":[\"https:\/\/wpguerssen-test.odoo.rgbconsulting.com\/es\/producto\/the-studio-sessions-1971-72-cd\/\"]}]},{\"@type\":\"ImageObject\",\"inLanguage\":\"es\",\"@id\":\"https:\/\/wpguerssen-test.odoo.rgbconsulting.com\/es\/producto\/the-studio-sessions-1971-72-cd\/#primaryimage\",\"url\":\"https:\/\/wpguerssen-test.odoo.rgbconsulting.com\/wp-content\/uploads\/2025\/02\/49738.jpg\",\"contentUrl\":\"https:\/\/wpguerssen-test.odoo.rgbconsulting.com\/wp-content\/uploads\/2025\/02\/49738.jpg\",\"width\":1400,\"height\":1400},{\"@type\":\"BreadcrumbList\",\"@id\":\"https:\/\/wpguerssen-test.odoo.rgbconsulting.com\/es\/producto\/the-studio-sessions-1971-72-cd\/#breadcrumb\",\"itemListElement\":[{\"@type\":\"ListItem\",\"position\":1,\"name\":\"Inicio\",\"item\":\"https:\/\/wpguerssen-test.odoo.rgbconsulting.com\/es\/\"},{\"@type\":\"ListItem\",\"position\":2,\"name\":\"Shop\",\"item\":\"https:\/\/wpguerssen-test.odoo.rgbconsulting.com\/shop\/\"},{\"@type\":\"ListItem\",\"position\":3,\"name\":\"The Studio Sessions 1971-72 (CD)\"}]},{\"@type\":\"WebSite\",\"@id\":\"https:\/\/wpguerssen-test.odoo.rgbconsulting.com\/es\/#website\",\"url\":\"https:\/\/wpguerssen-test.odoo.rgbconsulting.com\/es\/\",\"name\":\"Guerssen records\",\"description\":\"psychedelia - progressive - folk - garage \",\"publisher\":{\"@id\":\"https:\/\/wpguerssen-test.odoo.rgbconsulting.com\/es\/#organization\"},\"potentialAction\":[{\"@type\":\"SearchAction\",\"target\":{\"@type\":\"EntryPoint\",\"urlTemplate\":\"https:\/\/wpguerssen-test.odoo.rgbconsulting.com\/es\/?s={search_term_string}\"},\"query-input\":{\"@type\":\"PropertyValueSpecification\",\"valueRequired\":true,\"valueName\":\"search_term_string\"}}],\"inLanguage\":\"es\"},{\"@type\":\"Organization\",\"@id\":\"https:\/\/wpguerssen-test.odoo.rgbconsulting.com\/es\/#organization\",\"name\":\"Guerssen records\",\"url\":\"https:\/\/wpguerssen-test.odoo.rgbconsulting.com\/es\/\",\"logo\":{\"@type\":\"ImageObject\",\"inLanguage\":\"es\",\"@id\":\"https:\/\/wpguerssen-test.odoo.rgbconsulting.com\/es\/#\/schema\/logo\/image\/\",\"url\":\"https:\/\/wpguerssen-test.odoo.rgbconsulting.com\/wp-content\/uploads\/2022\/04\/Logo_Guerssen_trans_100.png\",\"contentUrl\":\"https:\/\/wpguerssen-test.odoo.rgbconsulting.com\/wp-content\/uploads\/2022\/04\/Logo_Guerssen_trans_100.png\",\"width\":122,\"height\":100,\"caption\":\"Guerssen records\"},\"image\":{\"@id\":\"https:\/\/wpguerssen-test.odoo.rgbconsulting.com\/es\/#\/schema\/logo\/image\/\"}}]}<\/script>\n<!-- \/ Yoast SEO plugin. -->","yoast_head_json":{"title":"CASTLE FARM - The Studio Sessions 1971-72 (CD) -  (CD) | Guerssen","description":"Castle Farm was a British band from the early 70s with a powerful, guitar based hard-rock-blues sound with elements of glam and proto-metal. #nl# Here's their rare and sought after privately pressed 45 from 1972, 'Hot-Rod Queen' b\/w 'Mascot' (originally released on their own label, Farm Records) plus 1971-72 unissued studio recordings. #nl# Originally a four-piece band, they later brought in John Aldrich, with his super-clean lead guitar style, to supplement Gram 'Tex' Benike's killer slide work and create a dynamic dual-guitar sound, adding so much more colour and depth to the band's music. With a solid rhythm section of 'Spyder' Curphey (and latterly his brother Roger) on bass and Steve Traveller on drums, and with Denny Newman's powerful and resonant vocals, the band progressed to the university and college circuit all over England, supporting major acts like Rory Gallagher, Deep Purple, Atomic Rooster, Savoy Brown, Climax Blues Band, Quintessence and many others. #nl# *Booklet with liner notes by Rich AfterSabbath and photos #nl# Tracklist:1. (Maybe A Little Black) Witch - 2. Hot-Rod Queen - 3. Mascot - 4. All In A Year, All In A Day - 5. Island In The Sun - 6. Jewels Of Fire - 7. Lunatic - 8. You Go Your Way, I'll Go Mine - 9. I've Been Dreaming - 10. Hot Rod Queen (Alternate Version)","robots":{"index":"index","follow":"follow","max-snippet":"max-snippet:-1","max-image-preview":"max-image-preview:large","max-video-preview":"max-video-preview:-1"},"canonical":"https:\/\/wpguerssen-test.odoo.rgbconsulting.com\/es\/producto\/the-studio-sessions-1971-72-cd\/","og_locale":"es_ES","og_type":"article","og_title":"CASTLE FARM - The Studio Sessions 1971-72 (CD) -  (CD) | Guerssen","og_description":"Castle Farm was a British band from the early 70s with a powerful, guitar based hard-rock-blues sound with elements of glam and proto-metal. #nl# Here's their rare and sought after privately pressed 45 from 1972, 'Hot-Rod Queen' b\/w 'Mascot' (originally released on their own label, Farm Records) plus 1971-72 unissued studio recordings. #nl# Originally a four-piece band, they later brought in John Aldrich, with his super-clean lead guitar style, to supplement Gram 'Tex' Benike's killer slide work and create a dynamic dual-guitar sound, adding so much more colour and depth to the band's music. With a solid rhythm section of 'Spyder' Curphey (and latterly his brother Roger) on bass and Steve Traveller on drums, and with Denny Newman's powerful and resonant vocals, the band progressed to the university and college circuit all over England, supporting major acts like Rory Gallagher, Deep Purple, Atomic Rooster, Savoy Brown, Climax Blues Band, Quintessence and many others. #nl# *Booklet with liner notes by Rich AfterSabbath and photos #nl# Tracklist:1. (Maybe A Little Black) Witch - 2. Hot-Rod Queen - 3. Mascot - 4. All In A Year, All In A Day - 5. Island In The Sun - 6. Jewels Of Fire - 7. Lunatic - 8. You Go Your Way, I'll Go Mine - 9. I've Been Dreaming - 10. Hot Rod Queen (Alternate Version)","og_url":"https:\/\/wpguerssen-test.odoo.rgbconsulting.com\/es\/producto\/the-studio-sessions-1971-72-cd\/","og_site_name":"Guerssen records","article_modified_time":"2025-04-17T13:20:51+00:00","og_image":[{"width":1400,"height":1400,"url":"https:\/\/wpguerssen-test.odoo.rgbconsulting.com\/wp-content\/uploads\/2025\/02\/49738.jpg","type":"image\/jpeg"}],"twitter_card":"summary_large_image","twitter_title":"CASTLE FARM - The Studio Sessions 1971-72 (CD) -  (CD) | Guerssen","twitter_misc":{"Tiempo de lectura":"1 minuto"},"schema":{"@context":"https:\/\/schema.org","@graph":[{"@type":"WebPage","@id":"https:\/\/wpguerssen-test.odoo.rgbconsulting.com\/es\/producto\/the-studio-sessions-1971-72-cd\/","url":"https:\/\/wpguerssen-test.odoo.rgbconsulting.com\/es\/producto\/the-studio-sessions-1971-72-cd\/","name":"CASTLE FARM - The Studio Sessions 1971-72 (CD) - (CD) | Guerssen","isPartOf":{"@id":"https:\/\/wpguerssen-test.odoo.rgbconsulting.com\/es\/#website"},"primaryImageOfPage":{"@id":"https:\/\/wpguerssen-test.odoo.rgbconsulting.com\/es\/producto\/the-studio-sessions-1971-72-cd\/#primaryimage"},"image":{"@id":"https:\/\/wpguerssen-test.odoo.rgbconsulting.com\/es\/producto\/the-studio-sessions-1971-72-cd\/#primaryimage"},"thumbnailUrl":"https:\/\/wpguerssen-test.odoo.rgbconsulting.com\/wp-content\/uploads\/2025\/02\/49738.jpg","datePublished":"2025-03-10T23:00:00+00:00","dateModified":"2025-04-17T13:20:51+00:00","description":"Castle Farm was a British band from the early 70s with a powerful, guitar based hard-rock-blues sound with elements of glam and proto-metal. #nl# Here's their rare and sought after privately pressed 45 from 1972, 'Hot-Rod Queen' b\/w 'Mascot' (originally released on their own label, Farm Records) plus 1971-72 unissued studio recordings. #nl# Originally a four-piece band, they later brought in John Aldrich, with his super-clean lead guitar style, to supplement Gram 'Tex' Benike's killer slide work and create a dynamic dual-guitar sound, adding so much more colour and depth to the band's music. With a solid rhythm section of 'Spyder' Curphey (and latterly his brother Roger) on bass and Steve Traveller on drums, and with Denny Newman's powerful and resonant vocals, the band progressed to the university and college circuit all over England, supporting major acts like Rory Gallagher, Deep Purple, Atomic Rooster, Savoy Brown, Climax Blues Band, Quintessence and many others. #nl# *Booklet with liner notes by Rich AfterSabbath and photos #nl# Tracklist:1. (Maybe A Little Black) Witch - 2. Hot-Rod Queen - 3. Mascot - 4. All In A Year, All In A Day - 5. Island In The Sun - 6. Jewels Of Fire - 7. Lunatic - 8. You Go Your Way, I'll Go Mine - 9. I've Been Dreaming - 10. Hot Rod Queen (Alternate Version)","breadcrumb":{"@id":"https:\/\/wpguerssen-test.odoo.rgbconsulting.com\/es\/producto\/the-studio-sessions-1971-72-cd\/#breadcrumb"},"inLanguage":"es","potentialAction":[{"@type":"ReadAction","target":["https:\/\/wpguerssen-test.odoo.rgbconsulting.com\/es\/producto\/the-studio-sessions-1971-72-cd\/"]}]},{"@type":"ImageObject","inLanguage":"es","@id":"https:\/\/wpguerssen-test.odoo.rgbconsulting.com\/es\/producto\/the-studio-sessions-1971-72-cd\/#primaryimage","url":"https:\/\/wpguerssen-test.odoo.rgbconsulting.com\/wp-content\/uploads\/2025\/02\/49738.jpg","contentUrl":"https:\/\/wpguerssen-test.odoo.rgbconsulting.com\/wp-content\/uploads\/2025\/02\/49738.jpg","width":1400,"height":1400},{"@type":"BreadcrumbList","@id":"https:\/\/wpguerssen-test.odoo.rgbconsulting.com\/es\/producto\/the-studio-sessions-1971-72-cd\/#breadcrumb","itemListElement":[{"@type":"ListItem","position":1,"name":"Inicio","item":"https:\/\/wpguerssen-test.odoo.rgbconsulting.com\/es\/"},{"@type":"ListItem","position":2,"name":"Shop","item":"https:\/\/wpguerssen-test.odoo.rgbconsulting.com\/shop\/"},{"@type":"ListItem","position":3,"name":"The Studio Sessions 1971-72 (CD)"}]},{"@type":"WebSite","@id":"https:\/\/wpguerssen-test.odoo.rgbconsulting.com\/es\/#website","url":"https:\/\/wpguerssen-test.odoo.rgbconsulting.com\/es\/","name":"Guerssen records","description":"psychedelia - progressive - folk - garage ","publisher":{"@id":"https:\/\/wpguerssen-test.odoo.rgbconsulting.com\/es\/#organization"},"potentialAction":[{"@type":"SearchAction","target":{"@type":"EntryPoint","urlTemplate":"https:\/\/wpguerssen-test.odoo.rgbconsulting.com\/es\/?s={search_term_string}"},"query-input":{"@type":"PropertyValueSpecification","valueRequired":true,"valueName":"search_term_string"}}],"inLanguage":"es"},{"@type":"Organization","@id":"https:\/\/wpguerssen-test.odoo.rgbconsulting.com\/es\/#organization","name":"Guerssen records","url":"https:\/\/wpguerssen-test.odoo.rgbconsulting.com\/es\/","logo":{"@type":"ImageObject","inLanguage":"es","@id":"https:\/\/wpguerssen-test.odoo.rgbconsulting.com\/es\/#\/schema\/logo\/image\/","url":"https:\/\/wpguerssen-test.odoo.rgbconsulting.com\/wp-content\/uploads\/2022\/04\/Logo_Guerssen_trans_100.png","contentUrl":"https:\/\/wpguerssen-test.odoo.rgbconsulting.com\/wp-content\/uploads\/2022\/04\/Logo_Guerssen_trans_100.png","width":122,"height":100,"caption":"Guerssen records"},"image":{"@id":"https:\/\/wpguerssen-test.odoo.rgbconsulting.com\/es\/#\/schema\/logo\/image\/"}}]}},"_links":{"self":[{"href":"https:\/\/wpguerssen-test.odoo.rgbconsulting.com\/es\/wp-json\/wp\/v2\/product\/282737","targetHints":{"allow":["GET"]}}],"collection":[{"href":"https:\/\/wpguerssen-test.odoo.rgbconsulting.com\/es\/wp-json\/wp\/v2\/product"}],"about":[{"href":"https:\/\/wpguerssen-test.odoo.rgbconsulting.com\/es\/wp-json\/wp\/v2\/types\/product"}],"wp:featuredmedia":[{"embeddable":true,"href":"https:\/\/wpguerssen-test.odoo.rgbconsulting.com\/es\/wp-json\/wp\/v2\/media\/282725"}],"wp:attachment":[{"href":"https:\/\/wpguerssen-test.odoo.rgbconsulting.com\/es\/wp-json\/wp\/v2\/media?parent=282737"}],"wp:term":[{"taxonomy":"product_brand","embeddable":true,"href":"https:\/\/wpguerssen-test.odoo.rgbconsulting.com\/es\/wp-json\/wp\/v2\/product_brand?post=282737"},{"taxonomy":"product_cat","embeddable":true,"href":"https:\/\/wpguerssen-test.odoo.rgbconsulting.com\/es\/wp-json\/wp\/v2\/product_cat?post=282737"},{"taxonomy":"product_tag","embeddable":true,"href":"https:\/\/wpguerssen-test.odoo.rgbconsulting.com\/es\/wp-json\/wp\/v2\/product_tag?post=282737"}],"curies":[{"name":"wp","href":"https:\/\/api.w.org\/{rel}","templated":true}]}}