{"id":282879,"date":"2025-02-21T00:00:00","date_gmt":"2025-02-20T23:00:00","guid":{"rendered":"https:\/\/wpguerssen-test.odoo.rgbconsulting.com\/product\/un-violao-na-madrugada\/"},"modified":"2025-02-21T14:10:54","modified_gmt":"2025-02-21T13:10:54","slug":"un-violao-na-madrugada","status":"publish","type":"product","link":"https:\/\/wpguerssen-test.odoo.rgbconsulting.com\/es\/producto\/un-violao-na-madrugada\/","title":{"rendered":"Un Violao Na Madrugada"},"content":{"rendered":"<p>Vinilo de 180gr. 4 pistas extra. Edici\u00f3n limitada.<br \/>Baden Powell de Aquino, conocido como Baden Powell, fue uno de los guitarristas y compositores brasile\u00f1os m\u00e1s famosos de su \u00e9poca. Mezcl\u00f3 t\u00e9cnicas cl\u00e1sicas, armon\u00eda popular y swing, y actu\u00f3 en variados estilos como bossa nova, samba, jazz brasile\u00f1o y m\u00fasica popular brasile\u00f1a. Este lanzamiento presenta su segundo \u00e1lbum como l\u00edder, Um viol\u00e3o na madrugada, con tres bonus tracks de 1959 y una versi\u00f3n de su composici\u00f3n \u00abConsola\u00e7\u00e3o\u00bb grabada con el flautista estadounidense Herbie Mann.<\/p>\n","protected":false},"excerpt":{"rendered":"<p>Vinilo de 180gr. 4 pistas extra. Edici\u00f3n limitada.<br \/>Baden Powell de Aquino, conocido como Baden Powell, fue uno de los guitarristas y compositores brasile\u00f1os<a class=\"read\" href=\"https:\/\/wpguerssen-test.odoo.rgbconsulting.com\/es\/producto\/un-violao-na-madrugada\/\"> (...)<\/a>","protected":false},"featured_media":282865,"template":"","meta":{"_acf_changed":false},"product_brand":[],"product_cat":[23231],"product_tag":[24189],"class_list":{"0":"post-282879","1":"product","2":"type-product","3":"status-publish","4":"has-post-thumbnail","6":"product_cat-latin-brazilian-es","7":"product_tag-recien-llegadas","8":"pa_artist-powell-baden","9":"pa_format-lp-es","10":"pa_gender-latin-brazilian","11":"pa_label-jazz-samba","12":"pa_location-south-america-caribbean-es","13":"pa_other-filters-vinyl-only-es","15":"first","16":"instock","17":"taxable","18":"shipping-taxable","19":"purchasable","20":"product-type-simple"},"acf":[],"yoast_head":"<!-- This site is optimized with the Yoast SEO plugin v24.9 - https:\/\/yoast.com\/wordpress\/plugins\/seo\/ -->\n<title>POWELL, Baden - Un Violao Na Madrugada -  (LP) | Guerssen<\/title>\n<meta name=\"description\" content=\"180gr vinyl. 4 bonus tracks. Limited edition.Baden Powell de Aquino, known as Baden Powell, was one of the most famous Brazilian guitarists and composers of his time. He mixed classical techniques, popular harmony and swing, and performed in varied styles such as bossa nova, samba, Brazilian jazz and Brazilian popular music. This release presents his second album as a leader, Um viol\u00e3o na madrugada, with three bonus tracks from 1959 and a version of his composition &quot;Consola\u00e7\u00e3o&quot; recorded with American flautist Herbie Mann.\" \/>\n<meta name=\"robots\" content=\"index, follow, max-snippet:-1, max-image-preview:large, max-video-preview:-1\" \/>\n<link rel=\"canonical\" href=\"https:\/\/wpguerssen-test.odoo.rgbconsulting.com\/es\/producto\/un-violao-na-madrugada\/\" \/>\n<meta property=\"og:locale\" content=\"es_ES\" \/>\n<meta property=\"og:type\" content=\"article\" \/>\n<meta property=\"og:title\" content=\"POWELL, Baden - Un Violao Na Madrugada -  (LP) | Guerssen\" \/>\n<meta property=\"og:description\" content=\"180gr vinyl. 4 bonus tracks. Limited edition.Baden Powell de Aquino, known as Baden Powell, was one of the most famous Brazilian guitarists and composers of his time. He mixed classical techniques, popular harmony and swing, and performed in varied styles such as bossa nova, samba, Brazilian jazz and Brazilian popular music. This release presents his second album as a leader, Um viol\u00e3o na madrugada, with three bonus tracks from 1959 and a version of his composition &quot;Consola\u00e7\u00e3o&quot; recorded with American flautist Herbie Mann.\" \/>\n<meta property=\"og:url\" content=\"https:\/\/wpguerssen-test.odoo.rgbconsulting.com\/es\/producto\/un-violao-na-madrugada\/\" \/>\n<meta property=\"og:site_name\" content=\"Guerssen records\" \/>\n<meta property=\"article:modified_time\" content=\"2025-02-21T13:10:54+00:00\" \/>\n<meta property=\"og:image\" content=\"https:\/\/wpguerssen-test.odoo.rgbconsulting.com\/wp-content\/uploads\/2025\/02\/49787.jpg\" \/>\n\t<meta property=\"og:image:width\" content=\"1200\" \/>\n\t<meta property=\"og:image:height\" content=\"1200\" \/>\n\t<meta property=\"og:image:type\" content=\"image\/jpeg\" \/>\n<meta name=\"twitter:card\" content=\"summary_large_image\" \/>\n<meta name=\"twitter:title\" content=\"POWELL, Baden - Un Violao Na Madrugada -  (LP) | Guerssen\" \/>\n<script type=\"application\/ld+json\" class=\"yoast-schema-graph\">{\"@context\":\"https:\/\/schema.org\",\"@graph\":[{\"@type\":\"WebPage\",\"@id\":\"https:\/\/wpguerssen-test.odoo.rgbconsulting.com\/es\/producto\/un-violao-na-madrugada\/\",\"url\":\"https:\/\/wpguerssen-test.odoo.rgbconsulting.com\/es\/producto\/un-violao-na-madrugada\/\",\"name\":\"POWELL, Baden - Un Violao Na Madrugada - (LP) | Guerssen\",\"isPartOf\":{\"@id\":\"https:\/\/wpguerssen-test.odoo.rgbconsulting.com\/es\/#website\"},\"primaryImageOfPage\":{\"@id\":\"https:\/\/wpguerssen-test.odoo.rgbconsulting.com\/es\/producto\/un-violao-na-madrugada\/#primaryimage\"},\"image\":{\"@id\":\"https:\/\/wpguerssen-test.odoo.rgbconsulting.com\/es\/producto\/un-violao-na-madrugada\/#primaryimage\"},\"thumbnailUrl\":\"https:\/\/wpguerssen-test.odoo.rgbconsulting.com\/wp-content\/uploads\/2025\/02\/49787.jpg\",\"datePublished\":\"2025-02-20T23:00:00+00:00\",\"dateModified\":\"2025-02-21T13:10:54+00:00\",\"description\":\"180gr vinyl. 4 bonus tracks. Limited edition.Baden Powell de Aquino, known as Baden Powell, was one of the most famous Brazilian guitarists and composers of his time. He mixed classical techniques, popular harmony and swing, and performed in varied styles such as bossa nova, samba, Brazilian jazz and Brazilian popular music. This release presents his second album as a leader, Um viol\u00e3o na madrugada, with three bonus tracks from 1959 and a version of his composition \\\"Consola\u00e7\u00e3o\\\" recorded with American flautist Herbie Mann.\",\"breadcrumb\":{\"@id\":\"https:\/\/wpguerssen-test.odoo.rgbconsulting.com\/es\/producto\/un-violao-na-madrugada\/#breadcrumb\"},\"inLanguage\":\"es\",\"potentialAction\":[{\"@type\":\"ReadAction\",\"target\":[\"https:\/\/wpguerssen-test.odoo.rgbconsulting.com\/es\/producto\/un-violao-na-madrugada\/\"]}]},{\"@type\":\"ImageObject\",\"inLanguage\":\"es\",\"@id\":\"https:\/\/wpguerssen-test.odoo.rgbconsulting.com\/es\/producto\/un-violao-na-madrugada\/#primaryimage\",\"url\":\"https:\/\/wpguerssen-test.odoo.rgbconsulting.com\/wp-content\/uploads\/2025\/02\/49787.jpg\",\"contentUrl\":\"https:\/\/wpguerssen-test.odoo.rgbconsulting.com\/wp-content\/uploads\/2025\/02\/49787.jpg\",\"width\":1200,\"height\":1200,\"caption\":\"Baden - Un Violao Na Madrugada - JAZZ SAMBA (LP) | Guerssen\"},{\"@type\":\"BreadcrumbList\",\"@id\":\"https:\/\/wpguerssen-test.odoo.rgbconsulting.com\/es\/producto\/un-violao-na-madrugada\/#breadcrumb\",\"itemListElement\":[{\"@type\":\"ListItem\",\"position\":1,\"name\":\"Inicio\",\"item\":\"https:\/\/wpguerssen-test.odoo.rgbconsulting.com\/es\/\"},{\"@type\":\"ListItem\",\"position\":2,\"name\":\"Shop\",\"item\":\"https:\/\/wpguerssen-test.odoo.rgbconsulting.com\/shop\/\"},{\"@type\":\"ListItem\",\"position\":3,\"name\":\"Un Violao Na Madrugada\"}]},{\"@type\":\"WebSite\",\"@id\":\"https:\/\/wpguerssen-test.odoo.rgbconsulting.com\/es\/#website\",\"url\":\"https:\/\/wpguerssen-test.odoo.rgbconsulting.com\/es\/\",\"name\":\"Guerssen records\",\"description\":\"psychedelia - progressive - folk - garage \",\"publisher\":{\"@id\":\"https:\/\/wpguerssen-test.odoo.rgbconsulting.com\/es\/#organization\"},\"potentialAction\":[{\"@type\":\"SearchAction\",\"target\":{\"@type\":\"EntryPoint\",\"urlTemplate\":\"https:\/\/wpguerssen-test.odoo.rgbconsulting.com\/es\/?s={search_term_string}\"},\"query-input\":{\"@type\":\"PropertyValueSpecification\",\"valueRequired\":true,\"valueName\":\"search_term_string\"}}],\"inLanguage\":\"es\"},{\"@type\":\"Organization\",\"@id\":\"https:\/\/wpguerssen-test.odoo.rgbconsulting.com\/es\/#organization\",\"name\":\"Guerssen records\",\"url\":\"https:\/\/wpguerssen-test.odoo.rgbconsulting.com\/es\/\",\"logo\":{\"@type\":\"ImageObject\",\"inLanguage\":\"es\",\"@id\":\"https:\/\/wpguerssen-test.odoo.rgbconsulting.com\/es\/#\/schema\/logo\/image\/\",\"url\":\"https:\/\/wpguerssen-test.odoo.rgbconsulting.com\/wp-content\/uploads\/2022\/04\/Logo_Guerssen_trans_100.png\",\"contentUrl\":\"https:\/\/wpguerssen-test.odoo.rgbconsulting.com\/wp-content\/uploads\/2022\/04\/Logo_Guerssen_trans_100.png\",\"width\":122,\"height\":100,\"caption\":\"Guerssen records\"},\"image\":{\"@id\":\"https:\/\/wpguerssen-test.odoo.rgbconsulting.com\/es\/#\/schema\/logo\/image\/\"}}]}<\/script>\n<!-- \/ Yoast SEO plugin. -->","yoast_head_json":{"title":"POWELL, Baden - Un Violao Na Madrugada -  (LP) | Guerssen","description":"180gr vinyl. 4 bonus tracks. Limited edition.Baden Powell de Aquino, known as Baden Powell, was one of the most famous Brazilian guitarists and composers of his time. He mixed classical techniques, popular harmony and swing, and performed in varied styles such as bossa nova, samba, Brazilian jazz and Brazilian popular music. This release presents his second album as a leader, Um viol\u00e3o na madrugada, with three bonus tracks from 1959 and a version of his composition \"Consola\u00e7\u00e3o\" recorded with American flautist Herbie Mann.","robots":{"index":"index","follow":"follow","max-snippet":"max-snippet:-1","max-image-preview":"max-image-preview:large","max-video-preview":"max-video-preview:-1"},"canonical":"https:\/\/wpguerssen-test.odoo.rgbconsulting.com\/es\/producto\/un-violao-na-madrugada\/","og_locale":"es_ES","og_type":"article","og_title":"POWELL, Baden - Un Violao Na Madrugada -  (LP) | Guerssen","og_description":"180gr vinyl. 4 bonus tracks. Limited edition.Baden Powell de Aquino, known as Baden Powell, was one of the most famous Brazilian guitarists and composers of his time. He mixed classical techniques, popular harmony and swing, and performed in varied styles such as bossa nova, samba, Brazilian jazz and Brazilian popular music. This release presents his second album as a leader, Um viol\u00e3o na madrugada, with three bonus tracks from 1959 and a version of his composition \"Consola\u00e7\u00e3o\" recorded with American flautist Herbie Mann.","og_url":"https:\/\/wpguerssen-test.odoo.rgbconsulting.com\/es\/producto\/un-violao-na-madrugada\/","og_site_name":"Guerssen records","article_modified_time":"2025-02-21T13:10:54+00:00","og_image":[{"width":1200,"height":1200,"url":"https:\/\/wpguerssen-test.odoo.rgbconsulting.com\/wp-content\/uploads\/2025\/02\/49787.jpg","type":"image\/jpeg"}],"twitter_card":"summary_large_image","twitter_title":"POWELL, Baden - Un Violao Na Madrugada -  (LP) | Guerssen","schema":{"@context":"https:\/\/schema.org","@graph":[{"@type":"WebPage","@id":"https:\/\/wpguerssen-test.odoo.rgbconsulting.com\/es\/producto\/un-violao-na-madrugada\/","url":"https:\/\/wpguerssen-test.odoo.rgbconsulting.com\/es\/producto\/un-violao-na-madrugada\/","name":"POWELL, Baden - Un Violao Na Madrugada - (LP) | Guerssen","isPartOf":{"@id":"https:\/\/wpguerssen-test.odoo.rgbconsulting.com\/es\/#website"},"primaryImageOfPage":{"@id":"https:\/\/wpguerssen-test.odoo.rgbconsulting.com\/es\/producto\/un-violao-na-madrugada\/#primaryimage"},"image":{"@id":"https:\/\/wpguerssen-test.odoo.rgbconsulting.com\/es\/producto\/un-violao-na-madrugada\/#primaryimage"},"thumbnailUrl":"https:\/\/wpguerssen-test.odoo.rgbconsulting.com\/wp-content\/uploads\/2025\/02\/49787.jpg","datePublished":"2025-02-20T23:00:00+00:00","dateModified":"2025-02-21T13:10:54+00:00","description":"180gr vinyl. 4 bonus tracks. Limited edition.Baden Powell de Aquino, known as Baden Powell, was one of the most famous Brazilian guitarists and composers of his time. He mixed classical techniques, popular harmony and swing, and performed in varied styles such as bossa nova, samba, Brazilian jazz and Brazilian popular music. This release presents his second album as a leader, Um viol\u00e3o na madrugada, with three bonus tracks from 1959 and a version of his composition \"Consola\u00e7\u00e3o\" recorded with American flautist Herbie Mann.","breadcrumb":{"@id":"https:\/\/wpguerssen-test.odoo.rgbconsulting.com\/es\/producto\/un-violao-na-madrugada\/#breadcrumb"},"inLanguage":"es","potentialAction":[{"@type":"ReadAction","target":["https:\/\/wpguerssen-test.odoo.rgbconsulting.com\/es\/producto\/un-violao-na-madrugada\/"]}]},{"@type":"ImageObject","inLanguage":"es","@id":"https:\/\/wpguerssen-test.odoo.rgbconsulting.com\/es\/producto\/un-violao-na-madrugada\/#primaryimage","url":"https:\/\/wpguerssen-test.odoo.rgbconsulting.com\/wp-content\/uploads\/2025\/02\/49787.jpg","contentUrl":"https:\/\/wpguerssen-test.odoo.rgbconsulting.com\/wp-content\/uploads\/2025\/02\/49787.jpg","width":1200,"height":1200,"caption":"Baden - Un Violao Na Madrugada - JAZZ SAMBA (LP) | Guerssen"},{"@type":"BreadcrumbList","@id":"https:\/\/wpguerssen-test.odoo.rgbconsulting.com\/es\/producto\/un-violao-na-madrugada\/#breadcrumb","itemListElement":[{"@type":"ListItem","position":1,"name":"Inicio","item":"https:\/\/wpguerssen-test.odoo.rgbconsulting.com\/es\/"},{"@type":"ListItem","position":2,"name":"Shop","item":"https:\/\/wpguerssen-test.odoo.rgbconsulting.com\/shop\/"},{"@type":"ListItem","position":3,"name":"Un Violao Na Madrugada"}]},{"@type":"WebSite","@id":"https:\/\/wpguerssen-test.odoo.rgbconsulting.com\/es\/#website","url":"https:\/\/wpguerssen-test.odoo.rgbconsulting.com\/es\/","name":"Guerssen records","description":"psychedelia - progressive - folk - garage ","publisher":{"@id":"https:\/\/wpguerssen-test.odoo.rgbconsulting.com\/es\/#organization"},"potentialAction":[{"@type":"SearchAction","target":{"@type":"EntryPoint","urlTemplate":"https:\/\/wpguerssen-test.odoo.rgbconsulting.com\/es\/?s={search_term_string}"},"query-input":{"@type":"PropertyValueSpecification","valueRequired":true,"valueName":"search_term_string"}}],"inLanguage":"es"},{"@type":"Organization","@id":"https:\/\/wpguerssen-test.odoo.rgbconsulting.com\/es\/#organization","name":"Guerssen records","url":"https:\/\/wpguerssen-test.odoo.rgbconsulting.com\/es\/","logo":{"@type":"ImageObject","inLanguage":"es","@id":"https:\/\/wpguerssen-test.odoo.rgbconsulting.com\/es\/#\/schema\/logo\/image\/","url":"https:\/\/wpguerssen-test.odoo.rgbconsulting.com\/wp-content\/uploads\/2022\/04\/Logo_Guerssen_trans_100.png","contentUrl":"https:\/\/wpguerssen-test.odoo.rgbconsulting.com\/wp-content\/uploads\/2022\/04\/Logo_Guerssen_trans_100.png","width":122,"height":100,"caption":"Guerssen records"},"image":{"@id":"https:\/\/wpguerssen-test.odoo.rgbconsulting.com\/es\/#\/schema\/logo\/image\/"}}]}},"_links":{"self":[{"href":"https:\/\/wpguerssen-test.odoo.rgbconsulting.com\/es\/wp-json\/wp\/v2\/product\/282879","targetHints":{"allow":["GET"]}}],"collection":[{"href":"https:\/\/wpguerssen-test.odoo.rgbconsulting.com\/es\/wp-json\/wp\/v2\/product"}],"about":[{"href":"https:\/\/wpguerssen-test.odoo.rgbconsulting.com\/es\/wp-json\/wp\/v2\/types\/product"}],"wp:featuredmedia":[{"embeddable":true,"href":"https:\/\/wpguerssen-test.odoo.rgbconsulting.com\/es\/wp-json\/wp\/v2\/media\/282865"}],"wp:attachment":[{"href":"https:\/\/wpguerssen-test.odoo.rgbconsulting.com\/es\/wp-json\/wp\/v2\/media?parent=282879"}],"wp:term":[{"taxonomy":"product_brand","embeddable":true,"href":"https:\/\/wpguerssen-test.odoo.rgbconsulting.com\/es\/wp-json\/wp\/v2\/product_brand?post=282879"},{"taxonomy":"product_cat","embeddable":true,"href":"https:\/\/wpguerssen-test.odoo.rgbconsulting.com\/es\/wp-json\/wp\/v2\/product_cat?post=282879"},{"taxonomy":"product_tag","embeddable":true,"href":"https:\/\/wpguerssen-test.odoo.rgbconsulting.com\/es\/wp-json\/wp\/v2\/product_tag?post=282879"}],"curies":[{"name":"wp","href":"https:\/\/api.w.org\/{rel}","templated":true}]}}