{"id":282880,"date":"2025-03-06T00:00:00","date_gmt":"2025-03-05T23:00:00","guid":{"rendered":"https:\/\/wpguerssen-test.odoo.rgbconsulting.com\/product\/perverse-frequencies-clear-red-splatter\/"},"modified":"2025-03-06T14:19:35","modified_gmt":"2025-03-06T13:19:35","slug":"perverse-frequencies-clear-red-splatter","status":"publish","type":"product","link":"https:\/\/wpguerssen-test.odoo.rgbconsulting.com\/es\/producto\/perverse-frequencies-clear-red-splatter\/","title":{"rendered":"Perverse Frequencies (Clear\/Red Splatter)"},"content":{"rendered":"<p>Perverse Frequencies es un viaje sonoro a trav\u00e9s de frecuencias oscuras y distorsionadas y ritmos electr\u00f3nicos intensos, fusionados con l\u00edneas de bajo pesadas para crear momentos de tensi\u00f3n extrema y oscuridad sonora que, en \u00faltima instancia, crean una atm\u00f3sfera verdaderamente inquietante.<br \/>Combinando estilos como Darksynth, EBM, Industrial y Cyberpunk, este lanzamiento captura la energ\u00eda cruda de estos g\u00e9neros.<br \/>La edici\u00f3n en vinilo viene en vinilo transparente\/rojo splatter de 140 gr e incluye 5 pistas originales m\u00e1s 6 potentes remezclas de renombrados productores Asymetric80, Revizia, Straight Razor, Destryur, Abraxas y Misfit Trauma Queen, conocidos por su trabajo en la escena electr\u00f3nica underground.<\/p>\n","protected":false},"excerpt":{"rendered":"<p>Perverse Frequencies es un viaje sonoro a trav\u00e9s de frecuencias oscuras y distorsionadas y ritmos electr\u00f3nicos intensos, fusionados con l\u00edneas de bajo pesadas para<a class=\"read\" href=\"https:\/\/wpguerssen-test.odoo.rgbconsulting.com\/es\/producto\/perverse-frequencies-clear-red-splatter\/\"> (...)<\/a>","protected":false},"featured_media":282868,"template":"","meta":{"_acf_changed":false},"product_brand":[],"product_cat":[23226,23266],"product_tag":[29140,24189],"class_list":{"0":"post-282880","1":"product","2":"type-product","3":"status-publish","4":"has-post-thumbnail","6":"product_cat-industrial-es","7":"product_cat-electronic-es","8":"product_tag-color-vinyl-es","9":"product_tag-recien-llegadas","10":"pa_artist-nightcrawler","11":"pa_format-lp-es","12":"pa_gender-electronic-industrial","13":"pa_label-nightcrawler-music","14":"pa_location-spain-es","15":"pa_other-filters-vinyl-only-es","17":"first","18":"instock","19":"taxable","20":"shipping-taxable","21":"purchasable","22":"product-type-simple"},"acf":[],"yoast_head":"<!-- This site is optimized with the Yoast SEO plugin v24.9 - https:\/\/yoast.com\/wordpress\/plugins\/seo\/ -->\n<title>NIGHTCRAWLER - Perverse Frequencies (Clear\/Red Splatter) -  (LP) | Guerssen<\/title>\n<meta name=\"description\" content=\"Perverse Frequencies is a sonic journey through dark, distorted frequencies and intense electronic rhythms, fused with heavy basslines to create moments of extreme tension and sonic darkness ultimately crafting a truly haunting atmosphere.Blending styles such as Darksynth, EBM, Industrial, and Cyberpunk, this release captures the raw energy of these genres.The vinyl edition comes in 140g Transparent\/Red Splatter Vinyl and includes 5 original tracks plus 6 powerful remixes by renowned producers Asymetric80, Revizia, Straight Razor, Destryur, Abraxas, and Misfit Trauma Queen, known for their work in the underground electronic scene.\" \/>\n<meta name=\"robots\" content=\"index, follow, max-snippet:-1, max-image-preview:large, max-video-preview:-1\" \/>\n<link rel=\"canonical\" href=\"https:\/\/wpguerssen-test.odoo.rgbconsulting.com\/es\/producto\/perverse-frequencies-clear-red-splatter\/\" \/>\n<meta property=\"og:locale\" content=\"es_ES\" \/>\n<meta property=\"og:type\" content=\"article\" \/>\n<meta property=\"og:title\" content=\"NIGHTCRAWLER - Perverse Frequencies (Clear\/Red Splatter) -  (LP) | Guerssen\" \/>\n<meta property=\"og:description\" content=\"Perverse Frequencies is a sonic journey through dark, distorted frequencies and intense electronic rhythms, fused with heavy basslines to create moments of extreme tension and sonic darkness ultimately crafting a truly haunting atmosphere.Blending styles such as Darksynth, EBM, Industrial, and Cyberpunk, this release captures the raw energy of these genres.The vinyl edition comes in 140g Transparent\/Red Splatter Vinyl and includes 5 original tracks plus 6 powerful remixes by renowned producers Asymetric80, Revizia, Straight Razor, Destryur, Abraxas, and Misfit Trauma Queen, known for their work in the underground electronic scene.\" \/>\n<meta property=\"og:url\" content=\"https:\/\/wpguerssen-test.odoo.rgbconsulting.com\/es\/producto\/perverse-frequencies-clear-red-splatter\/\" \/>\n<meta property=\"og:site_name\" content=\"Guerssen records\" \/>\n<meta property=\"article:modified_time\" content=\"2025-03-06T13:19:35+00:00\" \/>\n<meta property=\"og:image\" content=\"https:\/\/wpguerssen-test.odoo.rgbconsulting.com\/wp-content\/uploads\/2025\/02\/49788.jpg\" \/>\n\t<meta property=\"og:image:width\" content=\"1200\" \/>\n\t<meta property=\"og:image:height\" content=\"1200\" \/>\n\t<meta property=\"og:image:type\" content=\"image\/jpeg\" \/>\n<meta name=\"twitter:card\" content=\"summary_large_image\" \/>\n<meta name=\"twitter:title\" content=\"NIGHTCRAWLER - Perverse Frequencies (Clear\/Red Splatter) -  (LP) | Guerssen\" \/>\n<meta name=\"twitter:label1\" content=\"Tiempo de lectura\" \/>\n\t<meta name=\"twitter:data1\" content=\"1 minuto\" \/>\n<script type=\"application\/ld+json\" class=\"yoast-schema-graph\">{\"@context\":\"https:\/\/schema.org\",\"@graph\":[{\"@type\":\"WebPage\",\"@id\":\"https:\/\/wpguerssen-test.odoo.rgbconsulting.com\/es\/producto\/perverse-frequencies-clear-red-splatter\/\",\"url\":\"https:\/\/wpguerssen-test.odoo.rgbconsulting.com\/es\/producto\/perverse-frequencies-clear-red-splatter\/\",\"name\":\"NIGHTCRAWLER - Perverse Frequencies (Clear\/Red Splatter) - (LP) | Guerssen\",\"isPartOf\":{\"@id\":\"https:\/\/wpguerssen-test.odoo.rgbconsulting.com\/es\/#website\"},\"primaryImageOfPage\":{\"@id\":\"https:\/\/wpguerssen-test.odoo.rgbconsulting.com\/es\/producto\/perverse-frequencies-clear-red-splatter\/#primaryimage\"},\"image\":{\"@id\":\"https:\/\/wpguerssen-test.odoo.rgbconsulting.com\/es\/producto\/perverse-frequencies-clear-red-splatter\/#primaryimage\"},\"thumbnailUrl\":\"https:\/\/wpguerssen-test.odoo.rgbconsulting.com\/wp-content\/uploads\/2025\/02\/49788.jpg\",\"datePublished\":\"2025-03-05T23:00:00+00:00\",\"dateModified\":\"2025-03-06T13:19:35+00:00\",\"description\":\"Perverse Frequencies is a sonic journey through dark, distorted frequencies and intense electronic rhythms, fused with heavy basslines to create moments of extreme tension and sonic darkness ultimately crafting a truly haunting atmosphere.Blending styles such as Darksynth, EBM, Industrial, and Cyberpunk, this release captures the raw energy of these genres.The vinyl edition comes in 140g Transparent\/Red Splatter Vinyl and includes 5 original tracks plus 6 powerful remixes by renowned producers Asymetric80, Revizia, Straight Razor, Destryur, Abraxas, and Misfit Trauma Queen, known for their work in the underground electronic scene.\",\"breadcrumb\":{\"@id\":\"https:\/\/wpguerssen-test.odoo.rgbconsulting.com\/es\/producto\/perverse-frequencies-clear-red-splatter\/#breadcrumb\"},\"inLanguage\":\"es\",\"potentialAction\":[{\"@type\":\"ReadAction\",\"target\":[\"https:\/\/wpguerssen-test.odoo.rgbconsulting.com\/es\/producto\/perverse-frequencies-clear-red-splatter\/\"]}]},{\"@type\":\"ImageObject\",\"inLanguage\":\"es\",\"@id\":\"https:\/\/wpguerssen-test.odoo.rgbconsulting.com\/es\/producto\/perverse-frequencies-clear-red-splatter\/#primaryimage\",\"url\":\"https:\/\/wpguerssen-test.odoo.rgbconsulting.com\/wp-content\/uploads\/2025\/02\/49788.jpg\",\"contentUrl\":\"https:\/\/wpguerssen-test.odoo.rgbconsulting.com\/wp-content\/uploads\/2025\/02\/49788.jpg\",\"width\":1200,\"height\":1200},{\"@type\":\"BreadcrumbList\",\"@id\":\"https:\/\/wpguerssen-test.odoo.rgbconsulting.com\/es\/producto\/perverse-frequencies-clear-red-splatter\/#breadcrumb\",\"itemListElement\":[{\"@type\":\"ListItem\",\"position\":1,\"name\":\"Inicio\",\"item\":\"https:\/\/wpguerssen-test.odoo.rgbconsulting.com\/es\/\"},{\"@type\":\"ListItem\",\"position\":2,\"name\":\"Shop\",\"item\":\"https:\/\/wpguerssen-test.odoo.rgbconsulting.com\/shop\/\"},{\"@type\":\"ListItem\",\"position\":3,\"name\":\"Perverse Frequencies (Clear\/Red Splatter)\"}]},{\"@type\":\"WebSite\",\"@id\":\"https:\/\/wpguerssen-test.odoo.rgbconsulting.com\/es\/#website\",\"url\":\"https:\/\/wpguerssen-test.odoo.rgbconsulting.com\/es\/\",\"name\":\"Guerssen records\",\"description\":\"psychedelia - progressive - folk - garage \",\"publisher\":{\"@id\":\"https:\/\/wpguerssen-test.odoo.rgbconsulting.com\/es\/#organization\"},\"potentialAction\":[{\"@type\":\"SearchAction\",\"target\":{\"@type\":\"EntryPoint\",\"urlTemplate\":\"https:\/\/wpguerssen-test.odoo.rgbconsulting.com\/es\/?s={search_term_string}\"},\"query-input\":{\"@type\":\"PropertyValueSpecification\",\"valueRequired\":true,\"valueName\":\"search_term_string\"}}],\"inLanguage\":\"es\"},{\"@type\":\"Organization\",\"@id\":\"https:\/\/wpguerssen-test.odoo.rgbconsulting.com\/es\/#organization\",\"name\":\"Guerssen records\",\"url\":\"https:\/\/wpguerssen-test.odoo.rgbconsulting.com\/es\/\",\"logo\":{\"@type\":\"ImageObject\",\"inLanguage\":\"es\",\"@id\":\"https:\/\/wpguerssen-test.odoo.rgbconsulting.com\/es\/#\/schema\/logo\/image\/\",\"url\":\"https:\/\/wpguerssen-test.odoo.rgbconsulting.com\/wp-content\/uploads\/2022\/04\/Logo_Guerssen_trans_100.png\",\"contentUrl\":\"https:\/\/wpguerssen-test.odoo.rgbconsulting.com\/wp-content\/uploads\/2022\/04\/Logo_Guerssen_trans_100.png\",\"width\":122,\"height\":100,\"caption\":\"Guerssen records\"},\"image\":{\"@id\":\"https:\/\/wpguerssen-test.odoo.rgbconsulting.com\/es\/#\/schema\/logo\/image\/\"}}]}<\/script>\n<!-- \/ Yoast SEO plugin. -->","yoast_head_json":{"title":"NIGHTCRAWLER - Perverse Frequencies (Clear\/Red Splatter) -  (LP) | Guerssen","description":"Perverse Frequencies is a sonic journey through dark, distorted frequencies and intense electronic rhythms, fused with heavy basslines to create moments of extreme tension and sonic darkness ultimately crafting a truly haunting atmosphere.Blending styles such as Darksynth, EBM, Industrial, and Cyberpunk, this release captures the raw energy of these genres.The vinyl edition comes in 140g Transparent\/Red Splatter Vinyl and includes 5 original tracks plus 6 powerful remixes by renowned producers Asymetric80, Revizia, Straight Razor, Destryur, Abraxas, and Misfit Trauma Queen, known for their work in the underground electronic scene.","robots":{"index":"index","follow":"follow","max-snippet":"max-snippet:-1","max-image-preview":"max-image-preview:large","max-video-preview":"max-video-preview:-1"},"canonical":"https:\/\/wpguerssen-test.odoo.rgbconsulting.com\/es\/producto\/perverse-frequencies-clear-red-splatter\/","og_locale":"es_ES","og_type":"article","og_title":"NIGHTCRAWLER - Perverse Frequencies (Clear\/Red Splatter) -  (LP) | Guerssen","og_description":"Perverse Frequencies is a sonic journey through dark, distorted frequencies and intense electronic rhythms, fused with heavy basslines to create moments of extreme tension and sonic darkness ultimately crafting a truly haunting atmosphere.Blending styles such as Darksynth, EBM, Industrial, and Cyberpunk, this release captures the raw energy of these genres.The vinyl edition comes in 140g Transparent\/Red Splatter Vinyl and includes 5 original tracks plus 6 powerful remixes by renowned producers Asymetric80, Revizia, Straight Razor, Destryur, Abraxas, and Misfit Trauma Queen, known for their work in the underground electronic scene.","og_url":"https:\/\/wpguerssen-test.odoo.rgbconsulting.com\/es\/producto\/perverse-frequencies-clear-red-splatter\/","og_site_name":"Guerssen records","article_modified_time":"2025-03-06T13:19:35+00:00","og_image":[{"width":1200,"height":1200,"url":"https:\/\/wpguerssen-test.odoo.rgbconsulting.com\/wp-content\/uploads\/2025\/02\/49788.jpg","type":"image\/jpeg"}],"twitter_card":"summary_large_image","twitter_title":"NIGHTCRAWLER - Perverse Frequencies (Clear\/Red Splatter) -  (LP) | Guerssen","twitter_misc":{"Tiempo de lectura":"1 minuto"},"schema":{"@context":"https:\/\/schema.org","@graph":[{"@type":"WebPage","@id":"https:\/\/wpguerssen-test.odoo.rgbconsulting.com\/es\/producto\/perverse-frequencies-clear-red-splatter\/","url":"https:\/\/wpguerssen-test.odoo.rgbconsulting.com\/es\/producto\/perverse-frequencies-clear-red-splatter\/","name":"NIGHTCRAWLER - Perverse Frequencies (Clear\/Red Splatter) - (LP) | Guerssen","isPartOf":{"@id":"https:\/\/wpguerssen-test.odoo.rgbconsulting.com\/es\/#website"},"primaryImageOfPage":{"@id":"https:\/\/wpguerssen-test.odoo.rgbconsulting.com\/es\/producto\/perverse-frequencies-clear-red-splatter\/#primaryimage"},"image":{"@id":"https:\/\/wpguerssen-test.odoo.rgbconsulting.com\/es\/producto\/perverse-frequencies-clear-red-splatter\/#primaryimage"},"thumbnailUrl":"https:\/\/wpguerssen-test.odoo.rgbconsulting.com\/wp-content\/uploads\/2025\/02\/49788.jpg","datePublished":"2025-03-05T23:00:00+00:00","dateModified":"2025-03-06T13:19:35+00:00","description":"Perverse Frequencies is a sonic journey through dark, distorted frequencies and intense electronic rhythms, fused with heavy basslines to create moments of extreme tension and sonic darkness ultimately crafting a truly haunting atmosphere.Blending styles such as Darksynth, EBM, Industrial, and Cyberpunk, this release captures the raw energy of these genres.The vinyl edition comes in 140g Transparent\/Red Splatter Vinyl and includes 5 original tracks plus 6 powerful remixes by renowned producers Asymetric80, Revizia, Straight Razor, Destryur, Abraxas, and Misfit Trauma Queen, known for their work in the underground electronic scene.","breadcrumb":{"@id":"https:\/\/wpguerssen-test.odoo.rgbconsulting.com\/es\/producto\/perverse-frequencies-clear-red-splatter\/#breadcrumb"},"inLanguage":"es","potentialAction":[{"@type":"ReadAction","target":["https:\/\/wpguerssen-test.odoo.rgbconsulting.com\/es\/producto\/perverse-frequencies-clear-red-splatter\/"]}]},{"@type":"ImageObject","inLanguage":"es","@id":"https:\/\/wpguerssen-test.odoo.rgbconsulting.com\/es\/producto\/perverse-frequencies-clear-red-splatter\/#primaryimage","url":"https:\/\/wpguerssen-test.odoo.rgbconsulting.com\/wp-content\/uploads\/2025\/02\/49788.jpg","contentUrl":"https:\/\/wpguerssen-test.odoo.rgbconsulting.com\/wp-content\/uploads\/2025\/02\/49788.jpg","width":1200,"height":1200},{"@type":"BreadcrumbList","@id":"https:\/\/wpguerssen-test.odoo.rgbconsulting.com\/es\/producto\/perverse-frequencies-clear-red-splatter\/#breadcrumb","itemListElement":[{"@type":"ListItem","position":1,"name":"Inicio","item":"https:\/\/wpguerssen-test.odoo.rgbconsulting.com\/es\/"},{"@type":"ListItem","position":2,"name":"Shop","item":"https:\/\/wpguerssen-test.odoo.rgbconsulting.com\/shop\/"},{"@type":"ListItem","position":3,"name":"Perverse Frequencies (Clear\/Red Splatter)"}]},{"@type":"WebSite","@id":"https:\/\/wpguerssen-test.odoo.rgbconsulting.com\/es\/#website","url":"https:\/\/wpguerssen-test.odoo.rgbconsulting.com\/es\/","name":"Guerssen records","description":"psychedelia - progressive - folk - garage ","publisher":{"@id":"https:\/\/wpguerssen-test.odoo.rgbconsulting.com\/es\/#organization"},"potentialAction":[{"@type":"SearchAction","target":{"@type":"EntryPoint","urlTemplate":"https:\/\/wpguerssen-test.odoo.rgbconsulting.com\/es\/?s={search_term_string}"},"query-input":{"@type":"PropertyValueSpecification","valueRequired":true,"valueName":"search_term_string"}}],"inLanguage":"es"},{"@type":"Organization","@id":"https:\/\/wpguerssen-test.odoo.rgbconsulting.com\/es\/#organization","name":"Guerssen records","url":"https:\/\/wpguerssen-test.odoo.rgbconsulting.com\/es\/","logo":{"@type":"ImageObject","inLanguage":"es","@id":"https:\/\/wpguerssen-test.odoo.rgbconsulting.com\/es\/#\/schema\/logo\/image\/","url":"https:\/\/wpguerssen-test.odoo.rgbconsulting.com\/wp-content\/uploads\/2022\/04\/Logo_Guerssen_trans_100.png","contentUrl":"https:\/\/wpguerssen-test.odoo.rgbconsulting.com\/wp-content\/uploads\/2022\/04\/Logo_Guerssen_trans_100.png","width":122,"height":100,"caption":"Guerssen records"},"image":{"@id":"https:\/\/wpguerssen-test.odoo.rgbconsulting.com\/es\/#\/schema\/logo\/image\/"}}]}},"_links":{"self":[{"href":"https:\/\/wpguerssen-test.odoo.rgbconsulting.com\/es\/wp-json\/wp\/v2\/product\/282880","targetHints":{"allow":["GET"]}}],"collection":[{"href":"https:\/\/wpguerssen-test.odoo.rgbconsulting.com\/es\/wp-json\/wp\/v2\/product"}],"about":[{"href":"https:\/\/wpguerssen-test.odoo.rgbconsulting.com\/es\/wp-json\/wp\/v2\/types\/product"}],"wp:featuredmedia":[{"embeddable":true,"href":"https:\/\/wpguerssen-test.odoo.rgbconsulting.com\/es\/wp-json\/wp\/v2\/media\/282868"}],"wp:attachment":[{"href":"https:\/\/wpguerssen-test.odoo.rgbconsulting.com\/es\/wp-json\/wp\/v2\/media?parent=282880"}],"wp:term":[{"taxonomy":"product_brand","embeddable":true,"href":"https:\/\/wpguerssen-test.odoo.rgbconsulting.com\/es\/wp-json\/wp\/v2\/product_brand?post=282880"},{"taxonomy":"product_cat","embeddable":true,"href":"https:\/\/wpguerssen-test.odoo.rgbconsulting.com\/es\/wp-json\/wp\/v2\/product_cat?post=282880"},{"taxonomy":"product_tag","embeddable":true,"href":"https:\/\/wpguerssen-test.odoo.rgbconsulting.com\/es\/wp-json\/wp\/v2\/product_tag?post=282880"}],"curies":[{"name":"wp","href":"https:\/\/api.w.org\/{rel}","templated":true}]}}