{"id":283049,"date":"2025-03-03T00:00:00","date_gmt":"2025-03-02T23:00:00","guid":{"rendered":"https:\/\/wpguerssen-test.odoo.rgbconsulting.com\/product\/un-biglietto-del-tram-yellow\/"},"modified":"2025-04-23T17:39:33","modified_gmt":"2025-04-23T15:39:33","slug":"un-biglietto-del-tram-yellow","status":"publish","type":"product","link":"https:\/\/wpguerssen-test.odoo.rgbconsulting.com\/es\/producto\/un-biglietto-del-tram-yellow\/","title":{"rendered":"Un biglietto del tram (Yellow)"},"content":{"rendered":"<p>\u00abUn Biglietto del Tram\u00bb es un disco \u00fanico, una verdadera obra maestra de la m\u00fasica italiana en general, lanzado originalmente en 1975, literalmente \u00aba\u00f1o ardiente\u00bb en la historia del pa\u00eds.<br \/>Probablemente nunca ha habido ni habr\u00e1 otro conjunto como Stormy Six, capaz de alcanzar el \u00e9xito con una m\u00fasica que no es f\u00e1cil de asimilar y letras densas en contenido pol\u00edtico y social. Gracias a melod\u00edas y arreglos folk progresivos casi perfectos, \u00abUn Biglietto del Tram\u00bb todav\u00eda suena fresco y relevante hoy en d\u00eda; La apertura \u00abStalingrado\u00bb, un verdadero himno contra la dictadura nazi-fascista derrotada al final de la Segunda Guerra Mundial, todav\u00eda hoy provoca escalofr\u00edos, pero en general las nueve pistas del \u00e1lbum son realmente excelentes.<br \/>Edici\u00f3n en vinilo amarillo claro.<\/p>\n","protected":false},"excerpt":{"rendered":"<p>\u00abUn Biglietto del Tram\u00bb es un disco \u00fanico, una verdadera obra maestra de la m\u00fasica italiana en general, lanzado originalmente en 1975, literalmente \u00aba\u00f1o ardiente\u00bb<a class=\"read\" href=\"https:\/\/wpguerssen-test.odoo.rgbconsulting.com\/es\/producto\/un-biglietto-del-tram-yellow\/\"> (...)<\/a>","protected":false},"featured_media":283283,"template":"","meta":{"_acf_changed":false},"product_brand":[],"product_cat":[23215],"product_tag":[29140,24189],"class_list":{"0":"post-283049","1":"product","2":"type-product","3":"status-publish","4":"has-post-thumbnail","6":"product_cat-progressive60s-70s-es","7":"product_tag-color-vinyl-es","8":"product_tag-recien-llegadas","9":"pa_artist-stormy-six-es","10":"pa_format-lp-es","11":"pa_gender-progressive60s-70s","12":"pa_label-vinyl-magic","13":"pa_location-europe-es","14":"pa_other-filters-vinyl-only-es","16":"first","17":"instock","18":"taxable","19":"shipping-taxable","20":"purchasable","21":"product-type-simple"},"acf":[],"yoast_head":"<!-- This site is optimized with the Yoast SEO plugin v24.9 - https:\/\/yoast.com\/wordpress\/plugins\/seo\/ -->\n<title>STORMY SIX - Un biglietto del tram (Yellow) -  (LP) | Guerssen<\/title>\n<meta name=\"description\" content=\"&quot;Un Biglietto del Tram&quot; is a unique record, a true masterpiece of Italian music in general, originally released in a literally &#039;burning year&#039; 1975 in the history of the country.There has probably never been and never will be another ensemble like Stormy Six, capable of gaining success with music that is not easy to assimilate and lyrics dense with political and social content. Thanks to near-perfect folk-prog melodies and arrangements, &quot;Un Biglietto del Tram&quot; still sounds fresh and relevant today; the opening &quot;Stalingrado&quot;, a true anthem against the defeated Nazi-fascist dictatorship at the end of World War II, still sends shivers down the spine today, but overall all nine tracks on the album are really excellent.Clear yellow vinyl edition.\" \/>\n<meta name=\"robots\" content=\"index, follow, max-snippet:-1, max-image-preview:large, max-video-preview:-1\" \/>\n<link rel=\"canonical\" href=\"https:\/\/wpguerssen-test.odoo.rgbconsulting.com\/es\/producto\/un-biglietto-del-tram-yellow\/\" \/>\n<meta property=\"og:locale\" content=\"es_ES\" \/>\n<meta property=\"og:type\" content=\"article\" \/>\n<meta property=\"og:title\" content=\"STORMY SIX - Un biglietto del tram (Yellow) -  (LP) | Guerssen\" \/>\n<meta property=\"og:description\" content=\"&quot;Un Biglietto del Tram&quot; is a unique record, a true masterpiece of Italian music in general, originally released in a literally &#039;burning year&#039; 1975 in the history of the country.There has probably never been and never will be another ensemble like Stormy Six, capable of gaining success with music that is not easy to assimilate and lyrics dense with political and social content. Thanks to near-perfect folk-prog melodies and arrangements, &quot;Un Biglietto del Tram&quot; still sounds fresh and relevant today; the opening &quot;Stalingrado&quot;, a true anthem against the defeated Nazi-fascist dictatorship at the end of World War II, still sends shivers down the spine today, but overall all nine tracks on the album are really excellent.Clear yellow vinyl edition.\" \/>\n<meta property=\"og:url\" content=\"https:\/\/wpguerssen-test.odoo.rgbconsulting.com\/es\/producto\/un-biglietto-del-tram-yellow\/\" \/>\n<meta property=\"og:site_name\" content=\"Guerssen records\" \/>\n<meta property=\"article:modified_time\" content=\"2025-04-23T15:39:33+00:00\" \/>\n<meta property=\"og:image\" content=\"https:\/\/wpguerssen-test.odoo.rgbconsulting.com\/wp-content\/uploads\/2025\/02\/49793.jpg\" \/>\n\t<meta property=\"og:image:width\" content=\"243\" \/>\n\t<meta property=\"og:image:height\" content=\"241\" \/>\n\t<meta property=\"og:image:type\" content=\"image\/jpeg\" \/>\n<meta name=\"twitter:card\" content=\"summary_large_image\" \/>\n<meta name=\"twitter:title\" content=\"STORMY SIX - Un biglietto del tram (Yellow) -  (LP) | Guerssen\" \/>\n<meta name=\"twitter:label1\" content=\"Tiempo de lectura\" \/>\n\t<meta name=\"twitter:data1\" content=\"1 minuto\" \/>\n<script type=\"application\/ld+json\" class=\"yoast-schema-graph\">{\"@context\":\"https:\/\/schema.org\",\"@graph\":[{\"@type\":\"WebPage\",\"@id\":\"https:\/\/wpguerssen-test.odoo.rgbconsulting.com\/es\/producto\/un-biglietto-del-tram-yellow\/\",\"url\":\"https:\/\/wpguerssen-test.odoo.rgbconsulting.com\/es\/producto\/un-biglietto-del-tram-yellow\/\",\"name\":\"STORMY SIX - Un biglietto del tram (Yellow) - (LP) | Guerssen\",\"isPartOf\":{\"@id\":\"https:\/\/wpguerssen-test.odoo.rgbconsulting.com\/es\/#website\"},\"primaryImageOfPage\":{\"@id\":\"https:\/\/wpguerssen-test.odoo.rgbconsulting.com\/es\/producto\/un-biglietto-del-tram-yellow\/#primaryimage\"},\"image\":{\"@id\":\"https:\/\/wpguerssen-test.odoo.rgbconsulting.com\/es\/producto\/un-biglietto-del-tram-yellow\/#primaryimage\"},\"thumbnailUrl\":\"https:\/\/wpguerssen-test.odoo.rgbconsulting.com\/wp-content\/uploads\/2025\/02\/49793.jpg\",\"datePublished\":\"2025-03-02T23:00:00+00:00\",\"dateModified\":\"2025-04-23T15:39:33+00:00\",\"description\":\"\\\"Un Biglietto del Tram\\\" is a unique record, a true masterpiece of Italian music in general, originally released in a literally 'burning year' 1975 in the history of the country.There has probably never been and never will be another ensemble like Stormy Six, capable of gaining success with music that is not easy to assimilate and lyrics dense with political and social content. Thanks to near-perfect folk-prog melodies and arrangements, \\\"Un Biglietto del Tram\\\" still sounds fresh and relevant today; the opening \\\"Stalingrado\\\", a true anthem against the defeated Nazi-fascist dictatorship at the end of World War II, still sends shivers down the spine today, but overall all nine tracks on the album are really excellent.Clear yellow vinyl edition.\",\"breadcrumb\":{\"@id\":\"https:\/\/wpguerssen-test.odoo.rgbconsulting.com\/es\/producto\/un-biglietto-del-tram-yellow\/#breadcrumb\"},\"inLanguage\":\"es\",\"potentialAction\":[{\"@type\":\"ReadAction\",\"target\":[\"https:\/\/wpguerssen-test.odoo.rgbconsulting.com\/es\/producto\/un-biglietto-del-tram-yellow\/\"]}]},{\"@type\":\"ImageObject\",\"inLanguage\":\"es\",\"@id\":\"https:\/\/wpguerssen-test.odoo.rgbconsulting.com\/es\/producto\/un-biglietto-del-tram-yellow\/#primaryimage\",\"url\":\"https:\/\/wpguerssen-test.odoo.rgbconsulting.com\/wp-content\/uploads\/2025\/02\/49793.jpg\",\"contentUrl\":\"https:\/\/wpguerssen-test.odoo.rgbconsulting.com\/wp-content\/uploads\/2025\/02\/49793.jpg\",\"width\":243,\"height\":241},{\"@type\":\"BreadcrumbList\",\"@id\":\"https:\/\/wpguerssen-test.odoo.rgbconsulting.com\/es\/producto\/un-biglietto-del-tram-yellow\/#breadcrumb\",\"itemListElement\":[{\"@type\":\"ListItem\",\"position\":1,\"name\":\"Inicio\",\"item\":\"https:\/\/wpguerssen-test.odoo.rgbconsulting.com\/es\/\"},{\"@type\":\"ListItem\",\"position\":2,\"name\":\"Shop\",\"item\":\"https:\/\/wpguerssen-test.odoo.rgbconsulting.com\/shop\/\"},{\"@type\":\"ListItem\",\"position\":3,\"name\":\"Un biglietto del tram (Yellow)\"}]},{\"@type\":\"WebSite\",\"@id\":\"https:\/\/wpguerssen-test.odoo.rgbconsulting.com\/es\/#website\",\"url\":\"https:\/\/wpguerssen-test.odoo.rgbconsulting.com\/es\/\",\"name\":\"Guerssen records\",\"description\":\"psychedelia - progressive - folk - garage \",\"publisher\":{\"@id\":\"https:\/\/wpguerssen-test.odoo.rgbconsulting.com\/es\/#organization\"},\"potentialAction\":[{\"@type\":\"SearchAction\",\"target\":{\"@type\":\"EntryPoint\",\"urlTemplate\":\"https:\/\/wpguerssen-test.odoo.rgbconsulting.com\/es\/?s={search_term_string}\"},\"query-input\":{\"@type\":\"PropertyValueSpecification\",\"valueRequired\":true,\"valueName\":\"search_term_string\"}}],\"inLanguage\":\"es\"},{\"@type\":\"Organization\",\"@id\":\"https:\/\/wpguerssen-test.odoo.rgbconsulting.com\/es\/#organization\",\"name\":\"Guerssen records\",\"url\":\"https:\/\/wpguerssen-test.odoo.rgbconsulting.com\/es\/\",\"logo\":{\"@type\":\"ImageObject\",\"inLanguage\":\"es\",\"@id\":\"https:\/\/wpguerssen-test.odoo.rgbconsulting.com\/es\/#\/schema\/logo\/image\/\",\"url\":\"https:\/\/wpguerssen-test.odoo.rgbconsulting.com\/wp-content\/uploads\/2022\/04\/Logo_Guerssen_trans_100.png\",\"contentUrl\":\"https:\/\/wpguerssen-test.odoo.rgbconsulting.com\/wp-content\/uploads\/2022\/04\/Logo_Guerssen_trans_100.png\",\"width\":122,\"height\":100,\"caption\":\"Guerssen records\"},\"image\":{\"@id\":\"https:\/\/wpguerssen-test.odoo.rgbconsulting.com\/es\/#\/schema\/logo\/image\/\"}}]}<\/script>\n<!-- \/ Yoast SEO plugin. -->","yoast_head_json":{"title":"STORMY SIX - Un biglietto del tram (Yellow) -  (LP) | Guerssen","description":"\"Un Biglietto del Tram\" is a unique record, a true masterpiece of Italian music in general, originally released in a literally 'burning year' 1975 in the history of the country.There has probably never been and never will be another ensemble like Stormy Six, capable of gaining success with music that is not easy to assimilate and lyrics dense with political and social content. Thanks to near-perfect folk-prog melodies and arrangements, \"Un Biglietto del Tram\" still sounds fresh and relevant today; the opening \"Stalingrado\", a true anthem against the defeated Nazi-fascist dictatorship at the end of World War II, still sends shivers down the spine today, but overall all nine tracks on the album are really excellent.Clear yellow vinyl edition.","robots":{"index":"index","follow":"follow","max-snippet":"max-snippet:-1","max-image-preview":"max-image-preview:large","max-video-preview":"max-video-preview:-1"},"canonical":"https:\/\/wpguerssen-test.odoo.rgbconsulting.com\/es\/producto\/un-biglietto-del-tram-yellow\/","og_locale":"es_ES","og_type":"article","og_title":"STORMY SIX - Un biglietto del tram (Yellow) -  (LP) | Guerssen","og_description":"\"Un Biglietto del Tram\" is a unique record, a true masterpiece of Italian music in general, originally released in a literally 'burning year' 1975 in the history of the country.There has probably never been and never will be another ensemble like Stormy Six, capable of gaining success with music that is not easy to assimilate and lyrics dense with political and social content. Thanks to near-perfect folk-prog melodies and arrangements, \"Un Biglietto del Tram\" still sounds fresh and relevant today; the opening \"Stalingrado\", a true anthem against the defeated Nazi-fascist dictatorship at the end of World War II, still sends shivers down the spine today, but overall all nine tracks on the album are really excellent.Clear yellow vinyl edition.","og_url":"https:\/\/wpguerssen-test.odoo.rgbconsulting.com\/es\/producto\/un-biglietto-del-tram-yellow\/","og_site_name":"Guerssen records","article_modified_time":"2025-04-23T15:39:33+00:00","og_image":[{"width":243,"height":241,"url":"https:\/\/wpguerssen-test.odoo.rgbconsulting.com\/wp-content\/uploads\/2025\/02\/49793.jpg","type":"image\/jpeg"}],"twitter_card":"summary_large_image","twitter_title":"STORMY SIX - Un biglietto del tram (Yellow) -  (LP) | Guerssen","twitter_misc":{"Tiempo de lectura":"1 minuto"},"schema":{"@context":"https:\/\/schema.org","@graph":[{"@type":"WebPage","@id":"https:\/\/wpguerssen-test.odoo.rgbconsulting.com\/es\/producto\/un-biglietto-del-tram-yellow\/","url":"https:\/\/wpguerssen-test.odoo.rgbconsulting.com\/es\/producto\/un-biglietto-del-tram-yellow\/","name":"STORMY SIX - Un biglietto del tram (Yellow) - (LP) | Guerssen","isPartOf":{"@id":"https:\/\/wpguerssen-test.odoo.rgbconsulting.com\/es\/#website"},"primaryImageOfPage":{"@id":"https:\/\/wpguerssen-test.odoo.rgbconsulting.com\/es\/producto\/un-biglietto-del-tram-yellow\/#primaryimage"},"image":{"@id":"https:\/\/wpguerssen-test.odoo.rgbconsulting.com\/es\/producto\/un-biglietto-del-tram-yellow\/#primaryimage"},"thumbnailUrl":"https:\/\/wpguerssen-test.odoo.rgbconsulting.com\/wp-content\/uploads\/2025\/02\/49793.jpg","datePublished":"2025-03-02T23:00:00+00:00","dateModified":"2025-04-23T15:39:33+00:00","description":"\"Un Biglietto del Tram\" is a unique record, a true masterpiece of Italian music in general, originally released in a literally 'burning year' 1975 in the history of the country.There has probably never been and never will be another ensemble like Stormy Six, capable of gaining success with music that is not easy to assimilate and lyrics dense with political and social content. Thanks to near-perfect folk-prog melodies and arrangements, \"Un Biglietto del Tram\" still sounds fresh and relevant today; the opening \"Stalingrado\", a true anthem against the defeated Nazi-fascist dictatorship at the end of World War II, still sends shivers down the spine today, but overall all nine tracks on the album are really excellent.Clear yellow vinyl edition.","breadcrumb":{"@id":"https:\/\/wpguerssen-test.odoo.rgbconsulting.com\/es\/producto\/un-biglietto-del-tram-yellow\/#breadcrumb"},"inLanguage":"es","potentialAction":[{"@type":"ReadAction","target":["https:\/\/wpguerssen-test.odoo.rgbconsulting.com\/es\/producto\/un-biglietto-del-tram-yellow\/"]}]},{"@type":"ImageObject","inLanguage":"es","@id":"https:\/\/wpguerssen-test.odoo.rgbconsulting.com\/es\/producto\/un-biglietto-del-tram-yellow\/#primaryimage","url":"https:\/\/wpguerssen-test.odoo.rgbconsulting.com\/wp-content\/uploads\/2025\/02\/49793.jpg","contentUrl":"https:\/\/wpguerssen-test.odoo.rgbconsulting.com\/wp-content\/uploads\/2025\/02\/49793.jpg","width":243,"height":241},{"@type":"BreadcrumbList","@id":"https:\/\/wpguerssen-test.odoo.rgbconsulting.com\/es\/producto\/un-biglietto-del-tram-yellow\/#breadcrumb","itemListElement":[{"@type":"ListItem","position":1,"name":"Inicio","item":"https:\/\/wpguerssen-test.odoo.rgbconsulting.com\/es\/"},{"@type":"ListItem","position":2,"name":"Shop","item":"https:\/\/wpguerssen-test.odoo.rgbconsulting.com\/shop\/"},{"@type":"ListItem","position":3,"name":"Un biglietto del tram (Yellow)"}]},{"@type":"WebSite","@id":"https:\/\/wpguerssen-test.odoo.rgbconsulting.com\/es\/#website","url":"https:\/\/wpguerssen-test.odoo.rgbconsulting.com\/es\/","name":"Guerssen records","description":"psychedelia - progressive - folk - garage ","publisher":{"@id":"https:\/\/wpguerssen-test.odoo.rgbconsulting.com\/es\/#organization"},"potentialAction":[{"@type":"SearchAction","target":{"@type":"EntryPoint","urlTemplate":"https:\/\/wpguerssen-test.odoo.rgbconsulting.com\/es\/?s={search_term_string}"},"query-input":{"@type":"PropertyValueSpecification","valueRequired":true,"valueName":"search_term_string"}}],"inLanguage":"es"},{"@type":"Organization","@id":"https:\/\/wpguerssen-test.odoo.rgbconsulting.com\/es\/#organization","name":"Guerssen records","url":"https:\/\/wpguerssen-test.odoo.rgbconsulting.com\/es\/","logo":{"@type":"ImageObject","inLanguage":"es","@id":"https:\/\/wpguerssen-test.odoo.rgbconsulting.com\/es\/#\/schema\/logo\/image\/","url":"https:\/\/wpguerssen-test.odoo.rgbconsulting.com\/wp-content\/uploads\/2022\/04\/Logo_Guerssen_trans_100.png","contentUrl":"https:\/\/wpguerssen-test.odoo.rgbconsulting.com\/wp-content\/uploads\/2022\/04\/Logo_Guerssen_trans_100.png","width":122,"height":100,"caption":"Guerssen records"},"image":{"@id":"https:\/\/wpguerssen-test.odoo.rgbconsulting.com\/es\/#\/schema\/logo\/image\/"}}]}},"_links":{"self":[{"href":"https:\/\/wpguerssen-test.odoo.rgbconsulting.com\/es\/wp-json\/wp\/v2\/product\/283049","targetHints":{"allow":["GET"]}}],"collection":[{"href":"https:\/\/wpguerssen-test.odoo.rgbconsulting.com\/es\/wp-json\/wp\/v2\/product"}],"about":[{"href":"https:\/\/wpguerssen-test.odoo.rgbconsulting.com\/es\/wp-json\/wp\/v2\/types\/product"}],"wp:featuredmedia":[{"embeddable":true,"href":"https:\/\/wpguerssen-test.odoo.rgbconsulting.com\/es\/wp-json\/wp\/v2\/media\/283283"}],"wp:attachment":[{"href":"https:\/\/wpguerssen-test.odoo.rgbconsulting.com\/es\/wp-json\/wp\/v2\/media?parent=283049"}],"wp:term":[{"taxonomy":"product_brand","embeddable":true,"href":"https:\/\/wpguerssen-test.odoo.rgbconsulting.com\/es\/wp-json\/wp\/v2\/product_brand?post=283049"},{"taxonomy":"product_cat","embeddable":true,"href":"https:\/\/wpguerssen-test.odoo.rgbconsulting.com\/es\/wp-json\/wp\/v2\/product_cat?post=283049"},{"taxonomy":"product_tag","embeddable":true,"href":"https:\/\/wpguerssen-test.odoo.rgbconsulting.com\/es\/wp-json\/wp\/v2\/product_tag?post=283049"}],"curies":[{"name":"wp","href":"https:\/\/api.w.org\/{rel}","templated":true}]}}