{"id":283237,"date":"2025-03-18T00:00:00","date_gmt":"2025-03-17T23:00:00","guid":{"rendered":"https:\/\/wpguerssen-test.odoo.rgbconsulting.com\/product\/nuda-per-satana-transparent-green-rsd25\/"},"modified":"2025-04-23T17:39:57","modified_gmt":"2025-04-23T15:39:57","slug":"nuda-per-satana-transparent-green-rsd25","status":"publish","type":"product","link":"https:\/\/wpguerssen-test.odoo.rgbconsulting.com\/es\/producto\/nuda-per-satana-transparent-green-rsd25\/","title":{"rendered":"Nuda Per Satana (Transparent Green) RSD25"},"content":{"rendered":"<p>\u00abNuda per Satana\u00bb es una pel\u00edcula de terror dirigida en 1974 por Luigi Batzella, gui\u00f3n de Luigi Batzella, fotograf\u00eda de Antonio Maccoppi, edici\u00f3n de Luigi Batzella, m\u00fasica de Alberto Baldan Bembo, protagonizada por Rita Calderoni, James Harris, Renato Lupi, Iolanda Mascitti, Barbara Lay, Luigi Antonio Guerra, Augusto Boscardini, Alfredo Pasti, Stelio Candelli. La protagonista Rita Calderoni dijo en una entrevista que el director Luigi Batzella la hab\u00eda elegido para la pel\u00edcula despu\u00e9s de haberla visto en la pel\u00edcula \u00abRiti, magie nere e segrete orge nel Trecento\u00bb de Renato Polselli. El rodaje comenz\u00f3 el 25 de marzo de 1974 y se llev\u00f3 a cabo en el Castillo Monte San Giovanni Campano en Frosinone, Lacio, y dur\u00f3 aproximadamente cinco semanas. La secuencia del accidente automovil\u00edstico llev\u00f3 al director toda una noche de rodaje. \u00abNuda per Satana\u00bb se lanz\u00f3 en Italia el 23 de octubre de 1974.<br \/>Primera edici\u00f3n en LP exclusiva para el Record Store Day 2025 en vinilo verde transparente con inserto de 30&#215;30 cm. Notas y audio remasterizados por Claudio Fuiano.<\/p>\n","protected":false},"excerpt":{"rendered":"<p>\u00abNuda per Satana\u00bb es una pel\u00edcula de terror dirigida en 1974 por Luigi Batzella, gui\u00f3n de Luigi Batzella, fotograf\u00eda de Antonio Maccoppi, edici\u00f3n de Luigi Batzella,<a class=\"read\" href=\"https:\/\/wpguerssen-test.odoo.rgbconsulting.com\/es\/producto\/nuda-per-satana-transparent-green-rsd25\/\"> (...)<\/a>","protected":false},"featured_media":283157,"template":"","meta":{"_acf_changed":false},"product_brand":[],"product_cat":[21641],"product_tag":[29140,24189],"class_list":{"0":"post-283237","1":"product","2":"type-product","3":"status-publish","4":"has-post-thumbnail","6":"product_cat-soundtracks-es","7":"product_tag-color-vinyl-es","8":"product_tag-recien-llegadas","9":"pa_artist-baldan-bembo-alberto","10":"pa_format-lp-es","11":"pa_gender-soundtracks","12":"pa_label-saar","13":"pa_location-europe-es","14":"pa_other-filters-vinyl-only-es","16":"first","17":"instock","18":"taxable","19":"shipping-taxable","20":"purchasable","21":"product-type-simple"},"acf":[],"yoast_head":"<!-- This site is optimized with the Yoast SEO plugin v24.9 - https:\/\/yoast.com\/wordpress\/plugins\/seo\/ -->\n<title>BALDAN BEMBO, Alberto - Nuda Per Satana (Transparent Green) RSD25 -  (LP) | Guerssen<\/title>\n<meta name=\"description\" content=\"Finally, fifty years after the release of the film in Italian cinemas, Alberto Baldan Bembo&#039;s music score for &quot;Nuda per Satana&quot; is released for the very first time on vinyl and taken from the mono master tapes of the original session kept in the archives of Edizioni Musicali S.A.A.R. Fifteen tracks were selected with a total duration of approximately 37:35. Maestro Baldan Bembo created an electronic soundtrack introduced by the opening credits theme (A1) with the intervention of diabolical female voices. The atmosphere of terror is represented by suspended synthesized sounds (A2, A3), sometimes more aggressive with piano and percussion (A4, A8, B3) and by macabre themes with female voices (A6, B6). This OST also contains more tonal moments, with a danceable flavor (A5, A7, B1, B2, B5) that break the tension of the story. A record that wants to pay homage to the musical art of Alberto Baldan Bembo and genre Cinema with many fans around the world.&quot;Nuda per Satana&quot; is a horror film directed in 1974 by Luigi Batzella, screenplay by Luigi Batzella, photography by Antonio Maccoppi, editing by Luigi Batzella, music by Alberto Baldan Bembo, starring Rita Calderoni, James Harris, Renato Lupi, Iolanda Mascitti, Barbara Lay, Luigi Antonio Guerra, Augusto Boscardini, Alfredo Pasti, Stelio Candelli, CRC production, General distribution. The protagonist Rita Calderoni said in an interview that the director Luigi Batzella had chosen her for the film after having seen her in the film &quot;Riti, magie nere e segrete orge nel Trecento&quot; by Renato Polselli. From a database it appears that filming of &quot;Nude for Satan&quot; began on March 25, 1974 and was carried out at the Monte San Giovanni Campano Castle in Frosinone, Lazio, lasting approximately five weeks. The car crash sequence took the director an entire night of filming. &quot;Nuda per Satana&quot; was released in Italy on 23 October 1974.First ever LP edition exclusive for Record Store Day 2025 on transparent green vinyl with 30x30 cm insert. Liner notes and audio remastered by Claudio Fuiano.\" \/>\n<meta name=\"robots\" content=\"index, follow, max-snippet:-1, max-image-preview:large, max-video-preview:-1\" \/>\n<link rel=\"canonical\" href=\"https:\/\/wpguerssen-test.odoo.rgbconsulting.com\/es\/producto\/nuda-per-satana-transparent-green-rsd25\/\" \/>\n<meta property=\"og:locale\" content=\"es_ES\" \/>\n<meta property=\"og:type\" content=\"article\" \/>\n<meta property=\"og:title\" content=\"BALDAN BEMBO, Alberto - Nuda Per Satana (Transparent Green) RSD25 -  (LP) | Guerssen\" \/>\n<meta property=\"og:description\" content=\"Finally, fifty years after the release of the film in Italian cinemas, Alberto Baldan Bembo&#039;s music score for &quot;Nuda per Satana&quot; is released for the very first time on vinyl and taken from the mono master tapes of the original session kept in the archives of Edizioni Musicali S.A.A.R. Fifteen tracks were selected with a total duration of approximately 37:35. Maestro Baldan Bembo created an electronic soundtrack introduced by the opening credits theme (A1) with the intervention of diabolical female voices. The atmosphere of terror is represented by suspended synthesized sounds (A2, A3), sometimes more aggressive with piano and percussion (A4, A8, B3) and by macabre themes with female voices (A6, B6). This OST also contains more tonal moments, with a danceable flavor (A5, A7, B1, B2, B5) that break the tension of the story. A record that wants to pay homage to the musical art of Alberto Baldan Bembo and genre Cinema with many fans around the world.&quot;Nuda per Satana&quot; is a horror film directed in 1974 by Luigi Batzella, screenplay by Luigi Batzella, photography by Antonio Maccoppi, editing by Luigi Batzella, music by Alberto Baldan Bembo, starring Rita Calderoni, James Harris, Renato Lupi, Iolanda Mascitti, Barbara Lay, Luigi Antonio Guerra, Augusto Boscardini, Alfredo Pasti, Stelio Candelli, CRC production, General distribution. The protagonist Rita Calderoni said in an interview that the director Luigi Batzella had chosen her for the film after having seen her in the film &quot;Riti, magie nere e segrete orge nel Trecento&quot; by Renato Polselli. From a database it appears that filming of &quot;Nude for Satan&quot; began on March 25, 1974 and was carried out at the Monte San Giovanni Campano Castle in Frosinone, Lazio, lasting approximately five weeks. The car crash sequence took the director an entire night of filming. &quot;Nuda per Satana&quot; was released in Italy on 23 October 1974.First ever LP edition exclusive for Record Store Day 2025 on transparent green vinyl with 30x30 cm insert. Liner notes and audio remastered by Claudio Fuiano.\" \/>\n<meta property=\"og:url\" content=\"https:\/\/wpguerssen-test.odoo.rgbconsulting.com\/es\/producto\/nuda-per-satana-transparent-green-rsd25\/\" \/>\n<meta property=\"og:site_name\" content=\"Guerssen records\" \/>\n<meta property=\"article:modified_time\" content=\"2025-04-23T15:39:57+00:00\" \/>\n<meta property=\"og:image\" content=\"https:\/\/wpguerssen-test.odoo.rgbconsulting.com\/wp-content\/uploads\/2025\/02\/49797.jpg\" \/>\n\t<meta property=\"og:image:width\" content=\"1500\" \/>\n\t<meta property=\"og:image:height\" content=\"1500\" \/>\n\t<meta property=\"og:image:type\" content=\"image\/jpeg\" \/>\n<meta name=\"twitter:card\" content=\"summary_large_image\" \/>\n<meta name=\"twitter:title\" content=\"BALDAN BEMBO, Alberto - Nuda Per Satana (Transparent Green) RSD25 -  (LP) | Guerssen\" \/>\n<meta name=\"twitter:label1\" content=\"Tiempo de lectura\" \/>\n\t<meta name=\"twitter:data1\" content=\"1 minuto\" \/>\n<script type=\"application\/ld+json\" class=\"yoast-schema-graph\">{\"@context\":\"https:\/\/schema.org\",\"@graph\":[{\"@type\":\"WebPage\",\"@id\":\"https:\/\/wpguerssen-test.odoo.rgbconsulting.com\/es\/producto\/nuda-per-satana-transparent-green-rsd25\/\",\"url\":\"https:\/\/wpguerssen-test.odoo.rgbconsulting.com\/es\/producto\/nuda-per-satana-transparent-green-rsd25\/\",\"name\":\"BALDAN BEMBO, Alberto - Nuda Per Satana (Transparent Green) RSD25 - (LP) | Guerssen\",\"isPartOf\":{\"@id\":\"https:\/\/wpguerssen-test.odoo.rgbconsulting.com\/es\/#website\"},\"primaryImageOfPage\":{\"@id\":\"https:\/\/wpguerssen-test.odoo.rgbconsulting.com\/es\/producto\/nuda-per-satana-transparent-green-rsd25\/#primaryimage\"},\"image\":{\"@id\":\"https:\/\/wpguerssen-test.odoo.rgbconsulting.com\/es\/producto\/nuda-per-satana-transparent-green-rsd25\/#primaryimage\"},\"thumbnailUrl\":\"https:\/\/wpguerssen-test.odoo.rgbconsulting.com\/wp-content\/uploads\/2025\/02\/49797.jpg\",\"datePublished\":\"2025-03-17T23:00:00+00:00\",\"dateModified\":\"2025-04-23T15:39:57+00:00\",\"description\":\"Finally, fifty years after the release of the film in Italian cinemas, Alberto Baldan Bembo's music score for \\\"Nuda per Satana\\\" is released for the very first time on vinyl and taken from the mono master tapes of the original session kept in the archives of Edizioni Musicali S.A.A.R. Fifteen tracks were selected with a total duration of approximately 37:35. Maestro Baldan Bembo created an electronic soundtrack introduced by the opening credits theme (A1) with the intervention of diabolical female voices. The atmosphere of terror is represented by suspended synthesized sounds (A2, A3), sometimes more aggressive with piano and percussion (A4, A8, B3) and by macabre themes with female voices (A6, B6). This OST also contains more tonal moments, with a danceable flavor (A5, A7, B1, B2, B5) that break the tension of the story. A record that wants to pay homage to the musical art of Alberto Baldan Bembo and genre Cinema with many fans around the world.\\\"Nuda per Satana\\\" is a horror film directed in 1974 by Luigi Batzella, screenplay by Luigi Batzella, photography by Antonio Maccoppi, editing by Luigi Batzella, music by Alberto Baldan Bembo, starring Rita Calderoni, James Harris, Renato Lupi, Iolanda Mascitti, Barbara Lay, Luigi Antonio Guerra, Augusto Boscardini, Alfredo Pasti, Stelio Candelli, CRC production, General distribution. The protagonist Rita Calderoni said in an interview that the director Luigi Batzella had chosen her for the film after having seen her in the film \\\"Riti, magie nere e segrete orge nel Trecento\\\" by Renato Polselli. From a database it appears that filming of \\\"Nude for Satan\\\" began on March 25, 1974 and was carried out at the Monte San Giovanni Campano Castle in Frosinone, Lazio, lasting approximately five weeks. The car crash sequence took the director an entire night of filming. \\\"Nuda per Satana\\\" was released in Italy on 23 October 1974.First ever LP edition exclusive for Record Store Day 2025 on transparent green vinyl with 30x30 cm insert. Liner notes and audio remastered by Claudio Fuiano.\",\"breadcrumb\":{\"@id\":\"https:\/\/wpguerssen-test.odoo.rgbconsulting.com\/es\/producto\/nuda-per-satana-transparent-green-rsd25\/#breadcrumb\"},\"inLanguage\":\"es\",\"potentialAction\":[{\"@type\":\"ReadAction\",\"target\":[\"https:\/\/wpguerssen-test.odoo.rgbconsulting.com\/es\/producto\/nuda-per-satana-transparent-green-rsd25\/\"]}]},{\"@type\":\"ImageObject\",\"inLanguage\":\"es\",\"@id\":\"https:\/\/wpguerssen-test.odoo.rgbconsulting.com\/es\/producto\/nuda-per-satana-transparent-green-rsd25\/#primaryimage\",\"url\":\"https:\/\/wpguerssen-test.odoo.rgbconsulting.com\/wp-content\/uploads\/2025\/02\/49797.jpg\",\"contentUrl\":\"https:\/\/wpguerssen-test.odoo.rgbconsulting.com\/wp-content\/uploads\/2025\/02\/49797.jpg\",\"width\":1500,\"height\":1500,\"caption\":\"Alberto - Nuda Per Satana (Transparent Green) RSD25 - SAAR (LP) | Guerssen\"},{\"@type\":\"BreadcrumbList\",\"@id\":\"https:\/\/wpguerssen-test.odoo.rgbconsulting.com\/es\/producto\/nuda-per-satana-transparent-green-rsd25\/#breadcrumb\",\"itemListElement\":[{\"@type\":\"ListItem\",\"position\":1,\"name\":\"Inicio\",\"item\":\"https:\/\/wpguerssen-test.odoo.rgbconsulting.com\/es\/\"},{\"@type\":\"ListItem\",\"position\":2,\"name\":\"Shop\",\"item\":\"https:\/\/wpguerssen-test.odoo.rgbconsulting.com\/shop\/\"},{\"@type\":\"ListItem\",\"position\":3,\"name\":\"Nuda Per Satana (Transparent Green) RSD25\"}]},{\"@type\":\"WebSite\",\"@id\":\"https:\/\/wpguerssen-test.odoo.rgbconsulting.com\/es\/#website\",\"url\":\"https:\/\/wpguerssen-test.odoo.rgbconsulting.com\/es\/\",\"name\":\"Guerssen records\",\"description\":\"psychedelia - progressive - folk - garage \",\"publisher\":{\"@id\":\"https:\/\/wpguerssen-test.odoo.rgbconsulting.com\/es\/#organization\"},\"potentialAction\":[{\"@type\":\"SearchAction\",\"target\":{\"@type\":\"EntryPoint\",\"urlTemplate\":\"https:\/\/wpguerssen-test.odoo.rgbconsulting.com\/es\/?s={search_term_string}\"},\"query-input\":{\"@type\":\"PropertyValueSpecification\",\"valueRequired\":true,\"valueName\":\"search_term_string\"}}],\"inLanguage\":\"es\"},{\"@type\":\"Organization\",\"@id\":\"https:\/\/wpguerssen-test.odoo.rgbconsulting.com\/es\/#organization\",\"name\":\"Guerssen records\",\"url\":\"https:\/\/wpguerssen-test.odoo.rgbconsulting.com\/es\/\",\"logo\":{\"@type\":\"ImageObject\",\"inLanguage\":\"es\",\"@id\":\"https:\/\/wpguerssen-test.odoo.rgbconsulting.com\/es\/#\/schema\/logo\/image\/\",\"url\":\"https:\/\/wpguerssen-test.odoo.rgbconsulting.com\/wp-content\/uploads\/2022\/04\/Logo_Guerssen_trans_100.png\",\"contentUrl\":\"https:\/\/wpguerssen-test.odoo.rgbconsulting.com\/wp-content\/uploads\/2022\/04\/Logo_Guerssen_trans_100.png\",\"width\":122,\"height\":100,\"caption\":\"Guerssen records\"},\"image\":{\"@id\":\"https:\/\/wpguerssen-test.odoo.rgbconsulting.com\/es\/#\/schema\/logo\/image\/\"}}]}<\/script>\n<!-- \/ Yoast SEO plugin. -->","yoast_head_json":{"title":"BALDAN BEMBO, Alberto - Nuda Per Satana (Transparent Green) RSD25 -  (LP) | Guerssen","description":"Finally, fifty years after the release of the film in Italian cinemas, Alberto Baldan Bembo's music score for \"Nuda per Satana\" is released for the very first time on vinyl and taken from the mono master tapes of the original session kept in the archives of Edizioni Musicali S.A.A.R. Fifteen tracks were selected with a total duration of approximately 37:35. Maestro Baldan Bembo created an electronic soundtrack introduced by the opening credits theme (A1) with the intervention of diabolical female voices. The atmosphere of terror is represented by suspended synthesized sounds (A2, A3), sometimes more aggressive with piano and percussion (A4, A8, B3) and by macabre themes with female voices (A6, B6). This OST also contains more tonal moments, with a danceable flavor (A5, A7, B1, B2, B5) that break the tension of the story. A record that wants to pay homage to the musical art of Alberto Baldan Bembo and genre Cinema with many fans around the world.\"Nuda per Satana\" is a horror film directed in 1974 by Luigi Batzella, screenplay by Luigi Batzella, photography by Antonio Maccoppi, editing by Luigi Batzella, music by Alberto Baldan Bembo, starring Rita Calderoni, James Harris, Renato Lupi, Iolanda Mascitti, Barbara Lay, Luigi Antonio Guerra, Augusto Boscardini, Alfredo Pasti, Stelio Candelli, CRC production, General distribution. The protagonist Rita Calderoni said in an interview that the director Luigi Batzella had chosen her for the film after having seen her in the film \"Riti, magie nere e segrete orge nel Trecento\" by Renato Polselli. From a database it appears that filming of \"Nude for Satan\" began on March 25, 1974 and was carried out at the Monte San Giovanni Campano Castle in Frosinone, Lazio, lasting approximately five weeks. The car crash sequence took the director an entire night of filming. \"Nuda per Satana\" was released in Italy on 23 October 1974.First ever LP edition exclusive for Record Store Day 2025 on transparent green vinyl with 30x30 cm insert. Liner notes and audio remastered by Claudio Fuiano.","robots":{"index":"index","follow":"follow","max-snippet":"max-snippet:-1","max-image-preview":"max-image-preview:large","max-video-preview":"max-video-preview:-1"},"canonical":"https:\/\/wpguerssen-test.odoo.rgbconsulting.com\/es\/producto\/nuda-per-satana-transparent-green-rsd25\/","og_locale":"es_ES","og_type":"article","og_title":"BALDAN BEMBO, Alberto - Nuda Per Satana (Transparent Green) RSD25 -  (LP) | Guerssen","og_description":"Finally, fifty years after the release of the film in Italian cinemas, Alberto Baldan Bembo's music score for \"Nuda per Satana\" is released for the very first time on vinyl and taken from the mono master tapes of the original session kept in the archives of Edizioni Musicali S.A.A.R. Fifteen tracks were selected with a total duration of approximately 37:35. Maestro Baldan Bembo created an electronic soundtrack introduced by the opening credits theme (A1) with the intervention of diabolical female voices. The atmosphere of terror is represented by suspended synthesized sounds (A2, A3), sometimes more aggressive with piano and percussion (A4, A8, B3) and by macabre themes with female voices (A6, B6). This OST also contains more tonal moments, with a danceable flavor (A5, A7, B1, B2, B5) that break the tension of the story. A record that wants to pay homage to the musical art of Alberto Baldan Bembo and genre Cinema with many fans around the world.\"Nuda per Satana\" is a horror film directed in 1974 by Luigi Batzella, screenplay by Luigi Batzella, photography by Antonio Maccoppi, editing by Luigi Batzella, music by Alberto Baldan Bembo, starring Rita Calderoni, James Harris, Renato Lupi, Iolanda Mascitti, Barbara Lay, Luigi Antonio Guerra, Augusto Boscardini, Alfredo Pasti, Stelio Candelli, CRC production, General distribution. The protagonist Rita Calderoni said in an interview that the director Luigi Batzella had chosen her for the film after having seen her in the film \"Riti, magie nere e segrete orge nel Trecento\" by Renato Polselli. From a database it appears that filming of \"Nude for Satan\" began on March 25, 1974 and was carried out at the Monte San Giovanni Campano Castle in Frosinone, Lazio, lasting approximately five weeks. The car crash sequence took the director an entire night of filming. \"Nuda per Satana\" was released in Italy on 23 October 1974.First ever LP edition exclusive for Record Store Day 2025 on transparent green vinyl with 30x30 cm insert. Liner notes and audio remastered by Claudio Fuiano.","og_url":"https:\/\/wpguerssen-test.odoo.rgbconsulting.com\/es\/producto\/nuda-per-satana-transparent-green-rsd25\/","og_site_name":"Guerssen records","article_modified_time":"2025-04-23T15:39:57+00:00","og_image":[{"width":1500,"height":1500,"url":"https:\/\/wpguerssen-test.odoo.rgbconsulting.com\/wp-content\/uploads\/2025\/02\/49797.jpg","type":"image\/jpeg"}],"twitter_card":"summary_large_image","twitter_title":"BALDAN BEMBO, Alberto - Nuda Per Satana (Transparent Green) RSD25 -  (LP) | Guerssen","twitter_misc":{"Tiempo de lectura":"1 minuto"},"schema":{"@context":"https:\/\/schema.org","@graph":[{"@type":"WebPage","@id":"https:\/\/wpguerssen-test.odoo.rgbconsulting.com\/es\/producto\/nuda-per-satana-transparent-green-rsd25\/","url":"https:\/\/wpguerssen-test.odoo.rgbconsulting.com\/es\/producto\/nuda-per-satana-transparent-green-rsd25\/","name":"BALDAN BEMBO, Alberto - Nuda Per Satana (Transparent Green) RSD25 - (LP) | Guerssen","isPartOf":{"@id":"https:\/\/wpguerssen-test.odoo.rgbconsulting.com\/es\/#website"},"primaryImageOfPage":{"@id":"https:\/\/wpguerssen-test.odoo.rgbconsulting.com\/es\/producto\/nuda-per-satana-transparent-green-rsd25\/#primaryimage"},"image":{"@id":"https:\/\/wpguerssen-test.odoo.rgbconsulting.com\/es\/producto\/nuda-per-satana-transparent-green-rsd25\/#primaryimage"},"thumbnailUrl":"https:\/\/wpguerssen-test.odoo.rgbconsulting.com\/wp-content\/uploads\/2025\/02\/49797.jpg","datePublished":"2025-03-17T23:00:00+00:00","dateModified":"2025-04-23T15:39:57+00:00","description":"Finally, fifty years after the release of the film in Italian cinemas, Alberto Baldan Bembo's music score for \"Nuda per Satana\" is released for the very first time on vinyl and taken from the mono master tapes of the original session kept in the archives of Edizioni Musicali S.A.A.R. Fifteen tracks were selected with a total duration of approximately 37:35. Maestro Baldan Bembo created an electronic soundtrack introduced by the opening credits theme (A1) with the intervention of diabolical female voices. The atmosphere of terror is represented by suspended synthesized sounds (A2, A3), sometimes more aggressive with piano and percussion (A4, A8, B3) and by macabre themes with female voices (A6, B6). This OST also contains more tonal moments, with a danceable flavor (A5, A7, B1, B2, B5) that break the tension of the story. A record that wants to pay homage to the musical art of Alberto Baldan Bembo and genre Cinema with many fans around the world.\"Nuda per Satana\" is a horror film directed in 1974 by Luigi Batzella, screenplay by Luigi Batzella, photography by Antonio Maccoppi, editing by Luigi Batzella, music by Alberto Baldan Bembo, starring Rita Calderoni, James Harris, Renato Lupi, Iolanda Mascitti, Barbara Lay, Luigi Antonio Guerra, Augusto Boscardini, Alfredo Pasti, Stelio Candelli, CRC production, General distribution. The protagonist Rita Calderoni said in an interview that the director Luigi Batzella had chosen her for the film after having seen her in the film \"Riti, magie nere e segrete orge nel Trecento\" by Renato Polselli. From a database it appears that filming of \"Nude for Satan\" began on March 25, 1974 and was carried out at the Monte San Giovanni Campano Castle in Frosinone, Lazio, lasting approximately five weeks. The car crash sequence took the director an entire night of filming. \"Nuda per Satana\" was released in Italy on 23 October 1974.First ever LP edition exclusive for Record Store Day 2025 on transparent green vinyl with 30x30 cm insert. Liner notes and audio remastered by Claudio Fuiano.","breadcrumb":{"@id":"https:\/\/wpguerssen-test.odoo.rgbconsulting.com\/es\/producto\/nuda-per-satana-transparent-green-rsd25\/#breadcrumb"},"inLanguage":"es","potentialAction":[{"@type":"ReadAction","target":["https:\/\/wpguerssen-test.odoo.rgbconsulting.com\/es\/producto\/nuda-per-satana-transparent-green-rsd25\/"]}]},{"@type":"ImageObject","inLanguage":"es","@id":"https:\/\/wpguerssen-test.odoo.rgbconsulting.com\/es\/producto\/nuda-per-satana-transparent-green-rsd25\/#primaryimage","url":"https:\/\/wpguerssen-test.odoo.rgbconsulting.com\/wp-content\/uploads\/2025\/02\/49797.jpg","contentUrl":"https:\/\/wpguerssen-test.odoo.rgbconsulting.com\/wp-content\/uploads\/2025\/02\/49797.jpg","width":1500,"height":1500,"caption":"Alberto - Nuda Per Satana (Transparent Green) RSD25 - SAAR (LP) | Guerssen"},{"@type":"BreadcrumbList","@id":"https:\/\/wpguerssen-test.odoo.rgbconsulting.com\/es\/producto\/nuda-per-satana-transparent-green-rsd25\/#breadcrumb","itemListElement":[{"@type":"ListItem","position":1,"name":"Inicio","item":"https:\/\/wpguerssen-test.odoo.rgbconsulting.com\/es\/"},{"@type":"ListItem","position":2,"name":"Shop","item":"https:\/\/wpguerssen-test.odoo.rgbconsulting.com\/shop\/"},{"@type":"ListItem","position":3,"name":"Nuda Per Satana (Transparent Green) RSD25"}]},{"@type":"WebSite","@id":"https:\/\/wpguerssen-test.odoo.rgbconsulting.com\/es\/#website","url":"https:\/\/wpguerssen-test.odoo.rgbconsulting.com\/es\/","name":"Guerssen records","description":"psychedelia - progressive - folk - garage ","publisher":{"@id":"https:\/\/wpguerssen-test.odoo.rgbconsulting.com\/es\/#organization"},"potentialAction":[{"@type":"SearchAction","target":{"@type":"EntryPoint","urlTemplate":"https:\/\/wpguerssen-test.odoo.rgbconsulting.com\/es\/?s={search_term_string}"},"query-input":{"@type":"PropertyValueSpecification","valueRequired":true,"valueName":"search_term_string"}}],"inLanguage":"es"},{"@type":"Organization","@id":"https:\/\/wpguerssen-test.odoo.rgbconsulting.com\/es\/#organization","name":"Guerssen records","url":"https:\/\/wpguerssen-test.odoo.rgbconsulting.com\/es\/","logo":{"@type":"ImageObject","inLanguage":"es","@id":"https:\/\/wpguerssen-test.odoo.rgbconsulting.com\/es\/#\/schema\/logo\/image\/","url":"https:\/\/wpguerssen-test.odoo.rgbconsulting.com\/wp-content\/uploads\/2022\/04\/Logo_Guerssen_trans_100.png","contentUrl":"https:\/\/wpguerssen-test.odoo.rgbconsulting.com\/wp-content\/uploads\/2022\/04\/Logo_Guerssen_trans_100.png","width":122,"height":100,"caption":"Guerssen records"},"image":{"@id":"https:\/\/wpguerssen-test.odoo.rgbconsulting.com\/es\/#\/schema\/logo\/image\/"}}]}},"_links":{"self":[{"href":"https:\/\/wpguerssen-test.odoo.rgbconsulting.com\/es\/wp-json\/wp\/v2\/product\/283237","targetHints":{"allow":["GET"]}}],"collection":[{"href":"https:\/\/wpguerssen-test.odoo.rgbconsulting.com\/es\/wp-json\/wp\/v2\/product"}],"about":[{"href":"https:\/\/wpguerssen-test.odoo.rgbconsulting.com\/es\/wp-json\/wp\/v2\/types\/product"}],"wp:featuredmedia":[{"embeddable":true,"href":"https:\/\/wpguerssen-test.odoo.rgbconsulting.com\/es\/wp-json\/wp\/v2\/media\/283157"}],"wp:attachment":[{"href":"https:\/\/wpguerssen-test.odoo.rgbconsulting.com\/es\/wp-json\/wp\/v2\/media?parent=283237"}],"wp:term":[{"taxonomy":"product_brand","embeddable":true,"href":"https:\/\/wpguerssen-test.odoo.rgbconsulting.com\/es\/wp-json\/wp\/v2\/product_brand?post=283237"},{"taxonomy":"product_cat","embeddable":true,"href":"https:\/\/wpguerssen-test.odoo.rgbconsulting.com\/es\/wp-json\/wp\/v2\/product_cat?post=283237"},{"taxonomy":"product_tag","embeddable":true,"href":"https:\/\/wpguerssen-test.odoo.rgbconsulting.com\/es\/wp-json\/wp\/v2\/product_tag?post=283237"}],"curies":[{"name":"wp","href":"https:\/\/api.w.org\/{rel}","templated":true}]}}