{"id":283243,"date":"2025-03-18T00:00:00","date_gmt":"2025-03-17T23:00:00","guid":{"rendered":"https:\/\/wpguerssen-test.odoo.rgbconsulting.com\/product\/laltro-inferno-the-other-hell-clear-fuchsia\/"},"modified":"2025-04-23T17:40:24","modified_gmt":"2025-04-23T15:40:24","slug":"laltro-inferno-the-other-hell-clear-fuchsia","status":"publish","type":"product","link":"https:\/\/wpguerssen-test.odoo.rgbconsulting.com\/es\/producto\/laltro-inferno-the-other-hell-clear-fuchsia\/","title":{"rendered":"L&#8217;Altro Inferno \/ The Other Hell (Clear Fuchsia)"},"content":{"rendered":"<p>BANDA SONORA IN\u00c9DITA DE GOBLIN PARA UNA PEL\u00cdCULA DE TERROR DE CULTO DE LOS 80<br \/>\u00abEl otro infierno\u00bb (L&#8217;Altro Inferno) es una pel\u00edcula de terror de 1981 que fue filmada expl\u00edcitamente para explotar el \u00e9xito de \u00abInferno\u00bb de Dario Argento, incluso si tiene poco o nada en com\u00fan con ella. Ambientada en un convento, la pel\u00edcula mezcla descaradamente posesiones demon\u00edacas, fen\u00f3menos paranormales, rituales de magia negra y asesinatos.<br \/>La banda sonora de Goblin consta de varias pistas y tomas descartadas de \u00abBuio Omega\u00bb, \u00abPatrick\u00bb e \u00abIl Fantastico Viaggio del Bagarozzo Mark\u00bb que se han reunido con precisi\u00f3n para este lanzamiento especial y \u00fanico; esa es tambi\u00e9n la raz\u00f3n principal por la que \u00abThe Other Hell\u00bb es una pel\u00edcula de culto, especialmente entre los fan\u00e1ticos del terror estadounidenses y japoneses.<br \/>Por primera vez, Cinevox lanza esta partitura en una edici\u00f3n de vinilo de lujo que deleitar\u00e1 tanto a los coleccionistas como a los fan\u00e1ticos. \u00a1Bienvenido al (otro) infierno!<br \/>Record Store Day 2025 prensado exclusivo en vinilo fucsia transparente con cubierta triple desplegable. Obra de Fernando Proietti en cooperaci\u00f3n con la Scuola Romana del Fumetto. Inserto con notas escritas por Fabio Capuzzo. Audio masterizado en colaboraci\u00f3n con Fabio Capuzzo.<\/p>\n","protected":false},"excerpt":{"rendered":"<p>BANDA SONORA IN\u00c9DITA DE GOBLIN PARA UNA PEL\u00cdCULA DE TERROR DE CULTO DE LOS 80<br \/>\u00abEl otro infierno\u00bb (L&#8217;Altro Inferno) es una pel\u00edcula de terror de 1981<a class=\"read\" href=\"https:\/\/wpguerssen-test.odoo.rgbconsulting.com\/es\/producto\/laltro-inferno-the-other-hell-clear-fuchsia\/\"> (...)<\/a>","protected":false},"featured_media":283175,"template":"","meta":{"_acf_changed":false},"product_brand":[],"product_cat":[21641],"product_tag":[29140,24189],"class_list":{"0":"post-283243","1":"product","2":"type-product","3":"status-publish","4":"has-post-thumbnail","6":"product_cat-soundtracks-es","7":"product_tag-color-vinyl-es","8":"product_tag-recien-llegadas","9":"pa_artist-goblin-es","10":"pa_format-lp-es","11":"pa_gender-soundtracks","12":"pa_label-ams","13":"pa_location-europe-es","14":"pa_other-filters-vinyl-only-es","16":"first","17":"instock","18":"taxable","19":"shipping-taxable","20":"purchasable","21":"product-type-simple"},"acf":[],"yoast_head":"<!-- This site is optimized with the Yoast SEO plugin v24.9 - https:\/\/yoast.com\/wordpress\/plugins\/seo\/ -->\n<title>GOBLIN - L&#039;Altro Inferno \/ The Other Hell (Clear Fuchsia) -  (LP) | Guerssen<\/title>\n<meta name=\"description\" content=\"UNRELEASED GOBLIN SOUNDTRACK FOR A 80S CULT HORROR B-MOVIE&quot;The Other Hell&quot; (L&#039;Altro Inferno) is a 1981 horror movie that was explicitly filmed to exploit the success of Dario Argento&#039;s &quot;Inferno&quot;, even if it has little to nothing in common with it. Set in a convent, the film unabashedly mixes demonic possessions, paranormal phenomena, black magic rituals and murders.Goblin&#039;s soundtrack consists of various tracks and outtakes from &quot;Buio Omega&quot;, &quot;Patrick&quot; and &quot;Il Fantastico Viaggio del Bagarozzo Mark&quot; that have been accurately put together for this special and unique release; that&#039;s also the main reason why &quot;The Other Hell&quot; is a cult movie especially among American and Japanese horror fans.For the first time ever, Cinevox is releasing this score in a deluxe vinyl edition that will delight collectors and fans alike. Welcome to the (other) hell!Record Store Day 2025 exclusive clear fuchsia vinyl pressing with triple gatefold cover.Artwork by Fernando Proietti in cooperation with the Scuola Romana del Fumetto. Insert with liner notes written by Fabio Capuzzo. Audio mastered in cooperation with Fabio Capuzzo.\" \/>\n<meta name=\"robots\" content=\"index, follow, max-snippet:-1, max-image-preview:large, max-video-preview:-1\" \/>\n<link rel=\"canonical\" href=\"https:\/\/wpguerssen-test.odoo.rgbconsulting.com\/es\/producto\/laltro-inferno-the-other-hell-clear-fuchsia\/\" \/>\n<meta property=\"og:locale\" content=\"es_ES\" \/>\n<meta property=\"og:type\" content=\"article\" \/>\n<meta property=\"og:title\" content=\"GOBLIN - L&#039;Altro Inferno \/ The Other Hell (Clear Fuchsia) -  (LP) | Guerssen\" \/>\n<meta property=\"og:description\" content=\"UNRELEASED GOBLIN SOUNDTRACK FOR A 80S CULT HORROR B-MOVIE&quot;The Other Hell&quot; (L&#039;Altro Inferno) is a 1981 horror movie that was explicitly filmed to exploit the success of Dario Argento&#039;s &quot;Inferno&quot;, even if it has little to nothing in common with it. Set in a convent, the film unabashedly mixes demonic possessions, paranormal phenomena, black magic rituals and murders.Goblin&#039;s soundtrack consists of various tracks and outtakes from &quot;Buio Omega&quot;, &quot;Patrick&quot; and &quot;Il Fantastico Viaggio del Bagarozzo Mark&quot; that have been accurately put together for this special and unique release; that&#039;s also the main reason why &quot;The Other Hell&quot; is a cult movie especially among American and Japanese horror fans.For the first time ever, Cinevox is releasing this score in a deluxe vinyl edition that will delight collectors and fans alike. Welcome to the (other) hell!Record Store Day 2025 exclusive clear fuchsia vinyl pressing with triple gatefold cover.Artwork by Fernando Proietti in cooperation with the Scuola Romana del Fumetto. Insert with liner notes written by Fabio Capuzzo. Audio mastered in cooperation with Fabio Capuzzo.\" \/>\n<meta property=\"og:url\" content=\"https:\/\/wpguerssen-test.odoo.rgbconsulting.com\/es\/producto\/laltro-inferno-the-other-hell-clear-fuchsia\/\" \/>\n<meta property=\"og:site_name\" content=\"Guerssen records\" \/>\n<meta property=\"article:modified_time\" content=\"2025-04-23T15:40:24+00:00\" \/>\n<meta property=\"og:image\" content=\"https:\/\/wpguerssen-test.odoo.rgbconsulting.com\/wp-content\/uploads\/2025\/02\/49803.jpg\" \/>\n\t<meta property=\"og:image:width\" content=\"600\" \/>\n\t<meta property=\"og:image:height\" content=\"600\" \/>\n\t<meta property=\"og:image:type\" content=\"image\/jpeg\" \/>\n<meta name=\"twitter:card\" content=\"summary_large_image\" \/>\n<meta name=\"twitter:title\" content=\"GOBLIN - L&#039;Altro Inferno \/ The Other Hell (Clear Fuchsia) -  (LP) | Guerssen\" \/>\n<meta name=\"twitter:label1\" content=\"Tiempo de lectura\" \/>\n\t<meta name=\"twitter:data1\" content=\"1 minuto\" \/>\n<script type=\"application\/ld+json\" class=\"yoast-schema-graph\">{\"@context\":\"https:\/\/schema.org\",\"@graph\":[{\"@type\":\"WebPage\",\"@id\":\"https:\/\/wpguerssen-test.odoo.rgbconsulting.com\/es\/producto\/laltro-inferno-the-other-hell-clear-fuchsia\/\",\"url\":\"https:\/\/wpguerssen-test.odoo.rgbconsulting.com\/es\/producto\/laltro-inferno-the-other-hell-clear-fuchsia\/\",\"name\":\"GOBLIN - L'Altro Inferno \/ The Other Hell (Clear Fuchsia) - (LP) | Guerssen\",\"isPartOf\":{\"@id\":\"https:\/\/wpguerssen-test.odoo.rgbconsulting.com\/es\/#website\"},\"primaryImageOfPage\":{\"@id\":\"https:\/\/wpguerssen-test.odoo.rgbconsulting.com\/es\/producto\/laltro-inferno-the-other-hell-clear-fuchsia\/#primaryimage\"},\"image\":{\"@id\":\"https:\/\/wpguerssen-test.odoo.rgbconsulting.com\/es\/producto\/laltro-inferno-the-other-hell-clear-fuchsia\/#primaryimage\"},\"thumbnailUrl\":\"https:\/\/wpguerssen-test.odoo.rgbconsulting.com\/wp-content\/uploads\/2025\/02\/49803.jpg\",\"datePublished\":\"2025-03-17T23:00:00+00:00\",\"dateModified\":\"2025-04-23T15:40:24+00:00\",\"description\":\"UNRELEASED GOBLIN SOUNDTRACK FOR A 80S CULT HORROR B-MOVIE\\\"The Other Hell\\\" (L'Altro Inferno) is a 1981 horror movie that was explicitly filmed to exploit the success of Dario Argento's \\\"Inferno\\\", even if it has little to nothing in common with it. Set in a convent, the film unabashedly mixes demonic possessions, paranormal phenomena, black magic rituals and murders.Goblin's soundtrack consists of various tracks and outtakes from \\\"Buio Omega\\\", \\\"Patrick\\\" and \\\"Il Fantastico Viaggio del Bagarozzo Mark\\\" that have been accurately put together for this special and unique release; that's also the main reason why \\\"The Other Hell\\\" is a cult movie especially among American and Japanese horror fans.For the first time ever, Cinevox is releasing this score in a deluxe vinyl edition that will delight collectors and fans alike. Welcome to the (other) hell!Record Store Day 2025 exclusive clear fuchsia vinyl pressing with triple gatefold cover.Artwork by Fernando Proietti in cooperation with the Scuola Romana del Fumetto. Insert with liner notes written by Fabio Capuzzo. Audio mastered in cooperation with Fabio Capuzzo.\",\"breadcrumb\":{\"@id\":\"https:\/\/wpguerssen-test.odoo.rgbconsulting.com\/es\/producto\/laltro-inferno-the-other-hell-clear-fuchsia\/#breadcrumb\"},\"inLanguage\":\"es\",\"potentialAction\":[{\"@type\":\"ReadAction\",\"target\":[\"https:\/\/wpguerssen-test.odoo.rgbconsulting.com\/es\/producto\/laltro-inferno-the-other-hell-clear-fuchsia\/\"]}]},{\"@type\":\"ImageObject\",\"inLanguage\":\"es\",\"@id\":\"https:\/\/wpguerssen-test.odoo.rgbconsulting.com\/es\/producto\/laltro-inferno-the-other-hell-clear-fuchsia\/#primaryimage\",\"url\":\"https:\/\/wpguerssen-test.odoo.rgbconsulting.com\/wp-content\/uploads\/2025\/02\/49803.jpg\",\"contentUrl\":\"https:\/\/wpguerssen-test.odoo.rgbconsulting.com\/wp-content\/uploads\/2025\/02\/49803.jpg\",\"width\":600,\"height\":600},{\"@type\":\"BreadcrumbList\",\"@id\":\"https:\/\/wpguerssen-test.odoo.rgbconsulting.com\/es\/producto\/laltro-inferno-the-other-hell-clear-fuchsia\/#breadcrumb\",\"itemListElement\":[{\"@type\":\"ListItem\",\"position\":1,\"name\":\"Inicio\",\"item\":\"https:\/\/wpguerssen-test.odoo.rgbconsulting.com\/es\/\"},{\"@type\":\"ListItem\",\"position\":2,\"name\":\"Shop\",\"item\":\"https:\/\/wpguerssen-test.odoo.rgbconsulting.com\/shop\/\"},{\"@type\":\"ListItem\",\"position\":3,\"name\":\"L&#8217;Altro Inferno \/ The Other Hell (Clear Fuchsia)\"}]},{\"@type\":\"WebSite\",\"@id\":\"https:\/\/wpguerssen-test.odoo.rgbconsulting.com\/es\/#website\",\"url\":\"https:\/\/wpguerssen-test.odoo.rgbconsulting.com\/es\/\",\"name\":\"Guerssen records\",\"description\":\"psychedelia - progressive - folk - garage \",\"publisher\":{\"@id\":\"https:\/\/wpguerssen-test.odoo.rgbconsulting.com\/es\/#organization\"},\"potentialAction\":[{\"@type\":\"SearchAction\",\"target\":{\"@type\":\"EntryPoint\",\"urlTemplate\":\"https:\/\/wpguerssen-test.odoo.rgbconsulting.com\/es\/?s={search_term_string}\"},\"query-input\":{\"@type\":\"PropertyValueSpecification\",\"valueRequired\":true,\"valueName\":\"search_term_string\"}}],\"inLanguage\":\"es\"},{\"@type\":\"Organization\",\"@id\":\"https:\/\/wpguerssen-test.odoo.rgbconsulting.com\/es\/#organization\",\"name\":\"Guerssen records\",\"url\":\"https:\/\/wpguerssen-test.odoo.rgbconsulting.com\/es\/\",\"logo\":{\"@type\":\"ImageObject\",\"inLanguage\":\"es\",\"@id\":\"https:\/\/wpguerssen-test.odoo.rgbconsulting.com\/es\/#\/schema\/logo\/image\/\",\"url\":\"https:\/\/wpguerssen-test.odoo.rgbconsulting.com\/wp-content\/uploads\/2022\/04\/Logo_Guerssen_trans_100.png\",\"contentUrl\":\"https:\/\/wpguerssen-test.odoo.rgbconsulting.com\/wp-content\/uploads\/2022\/04\/Logo_Guerssen_trans_100.png\",\"width\":122,\"height\":100,\"caption\":\"Guerssen records\"},\"image\":{\"@id\":\"https:\/\/wpguerssen-test.odoo.rgbconsulting.com\/es\/#\/schema\/logo\/image\/\"}}]}<\/script>\n<!-- \/ Yoast SEO plugin. -->","yoast_head_json":{"title":"GOBLIN - L'Altro Inferno \/ The Other Hell (Clear Fuchsia) -  (LP) | Guerssen","description":"UNRELEASED GOBLIN SOUNDTRACK FOR A 80S CULT HORROR B-MOVIE\"The Other Hell\" (L'Altro Inferno) is a 1981 horror movie that was explicitly filmed to exploit the success of Dario Argento's \"Inferno\", even if it has little to nothing in common with it. Set in a convent, the film unabashedly mixes demonic possessions, paranormal phenomena, black magic rituals and murders.Goblin's soundtrack consists of various tracks and outtakes from \"Buio Omega\", \"Patrick\" and \"Il Fantastico Viaggio del Bagarozzo Mark\" that have been accurately put together for this special and unique release; that's also the main reason why \"The Other Hell\" is a cult movie especially among American and Japanese horror fans.For the first time ever, Cinevox is releasing this score in a deluxe vinyl edition that will delight collectors and fans alike. Welcome to the (other) hell!Record Store Day 2025 exclusive clear fuchsia vinyl pressing with triple gatefold cover.Artwork by Fernando Proietti in cooperation with the Scuola Romana del Fumetto. Insert with liner notes written by Fabio Capuzzo. Audio mastered in cooperation with Fabio Capuzzo.","robots":{"index":"index","follow":"follow","max-snippet":"max-snippet:-1","max-image-preview":"max-image-preview:large","max-video-preview":"max-video-preview:-1"},"canonical":"https:\/\/wpguerssen-test.odoo.rgbconsulting.com\/es\/producto\/laltro-inferno-the-other-hell-clear-fuchsia\/","og_locale":"es_ES","og_type":"article","og_title":"GOBLIN - L'Altro Inferno \/ The Other Hell (Clear Fuchsia) -  (LP) | Guerssen","og_description":"UNRELEASED GOBLIN SOUNDTRACK FOR A 80S CULT HORROR B-MOVIE\"The Other Hell\" (L'Altro Inferno) is a 1981 horror movie that was explicitly filmed to exploit the success of Dario Argento's \"Inferno\", even if it has little to nothing in common with it. Set in a convent, the film unabashedly mixes demonic possessions, paranormal phenomena, black magic rituals and murders.Goblin's soundtrack consists of various tracks and outtakes from \"Buio Omega\", \"Patrick\" and \"Il Fantastico Viaggio del Bagarozzo Mark\" that have been accurately put together for this special and unique release; that's also the main reason why \"The Other Hell\" is a cult movie especially among American and Japanese horror fans.For the first time ever, Cinevox is releasing this score in a deluxe vinyl edition that will delight collectors and fans alike. Welcome to the (other) hell!Record Store Day 2025 exclusive clear fuchsia vinyl pressing with triple gatefold cover.Artwork by Fernando Proietti in cooperation with the Scuola Romana del Fumetto. Insert with liner notes written by Fabio Capuzzo. Audio mastered in cooperation with Fabio Capuzzo.","og_url":"https:\/\/wpguerssen-test.odoo.rgbconsulting.com\/es\/producto\/laltro-inferno-the-other-hell-clear-fuchsia\/","og_site_name":"Guerssen records","article_modified_time":"2025-04-23T15:40:24+00:00","og_image":[{"width":600,"height":600,"url":"https:\/\/wpguerssen-test.odoo.rgbconsulting.com\/wp-content\/uploads\/2025\/02\/49803.jpg","type":"image\/jpeg"}],"twitter_card":"summary_large_image","twitter_title":"GOBLIN - L'Altro Inferno \/ The Other Hell (Clear Fuchsia) -  (LP) | Guerssen","twitter_misc":{"Tiempo de lectura":"1 minuto"},"schema":{"@context":"https:\/\/schema.org","@graph":[{"@type":"WebPage","@id":"https:\/\/wpguerssen-test.odoo.rgbconsulting.com\/es\/producto\/laltro-inferno-the-other-hell-clear-fuchsia\/","url":"https:\/\/wpguerssen-test.odoo.rgbconsulting.com\/es\/producto\/laltro-inferno-the-other-hell-clear-fuchsia\/","name":"GOBLIN - L'Altro Inferno \/ The Other Hell (Clear Fuchsia) - (LP) | Guerssen","isPartOf":{"@id":"https:\/\/wpguerssen-test.odoo.rgbconsulting.com\/es\/#website"},"primaryImageOfPage":{"@id":"https:\/\/wpguerssen-test.odoo.rgbconsulting.com\/es\/producto\/laltro-inferno-the-other-hell-clear-fuchsia\/#primaryimage"},"image":{"@id":"https:\/\/wpguerssen-test.odoo.rgbconsulting.com\/es\/producto\/laltro-inferno-the-other-hell-clear-fuchsia\/#primaryimage"},"thumbnailUrl":"https:\/\/wpguerssen-test.odoo.rgbconsulting.com\/wp-content\/uploads\/2025\/02\/49803.jpg","datePublished":"2025-03-17T23:00:00+00:00","dateModified":"2025-04-23T15:40:24+00:00","description":"UNRELEASED GOBLIN SOUNDTRACK FOR A 80S CULT HORROR B-MOVIE\"The Other Hell\" (L'Altro Inferno) is a 1981 horror movie that was explicitly filmed to exploit the success of Dario Argento's \"Inferno\", even if it has little to nothing in common with it. Set in a convent, the film unabashedly mixes demonic possessions, paranormal phenomena, black magic rituals and murders.Goblin's soundtrack consists of various tracks and outtakes from \"Buio Omega\", \"Patrick\" and \"Il Fantastico Viaggio del Bagarozzo Mark\" that have been accurately put together for this special and unique release; that's also the main reason why \"The Other Hell\" is a cult movie especially among American and Japanese horror fans.For the first time ever, Cinevox is releasing this score in a deluxe vinyl edition that will delight collectors and fans alike. Welcome to the (other) hell!Record Store Day 2025 exclusive clear fuchsia vinyl pressing with triple gatefold cover.Artwork by Fernando Proietti in cooperation with the Scuola Romana del Fumetto. Insert with liner notes written by Fabio Capuzzo. Audio mastered in cooperation with Fabio Capuzzo.","breadcrumb":{"@id":"https:\/\/wpguerssen-test.odoo.rgbconsulting.com\/es\/producto\/laltro-inferno-the-other-hell-clear-fuchsia\/#breadcrumb"},"inLanguage":"es","potentialAction":[{"@type":"ReadAction","target":["https:\/\/wpguerssen-test.odoo.rgbconsulting.com\/es\/producto\/laltro-inferno-the-other-hell-clear-fuchsia\/"]}]},{"@type":"ImageObject","inLanguage":"es","@id":"https:\/\/wpguerssen-test.odoo.rgbconsulting.com\/es\/producto\/laltro-inferno-the-other-hell-clear-fuchsia\/#primaryimage","url":"https:\/\/wpguerssen-test.odoo.rgbconsulting.com\/wp-content\/uploads\/2025\/02\/49803.jpg","contentUrl":"https:\/\/wpguerssen-test.odoo.rgbconsulting.com\/wp-content\/uploads\/2025\/02\/49803.jpg","width":600,"height":600},{"@type":"BreadcrumbList","@id":"https:\/\/wpguerssen-test.odoo.rgbconsulting.com\/es\/producto\/laltro-inferno-the-other-hell-clear-fuchsia\/#breadcrumb","itemListElement":[{"@type":"ListItem","position":1,"name":"Inicio","item":"https:\/\/wpguerssen-test.odoo.rgbconsulting.com\/es\/"},{"@type":"ListItem","position":2,"name":"Shop","item":"https:\/\/wpguerssen-test.odoo.rgbconsulting.com\/shop\/"},{"@type":"ListItem","position":3,"name":"L&#8217;Altro Inferno \/ The Other Hell (Clear Fuchsia)"}]},{"@type":"WebSite","@id":"https:\/\/wpguerssen-test.odoo.rgbconsulting.com\/es\/#website","url":"https:\/\/wpguerssen-test.odoo.rgbconsulting.com\/es\/","name":"Guerssen records","description":"psychedelia - progressive - folk - garage ","publisher":{"@id":"https:\/\/wpguerssen-test.odoo.rgbconsulting.com\/es\/#organization"},"potentialAction":[{"@type":"SearchAction","target":{"@type":"EntryPoint","urlTemplate":"https:\/\/wpguerssen-test.odoo.rgbconsulting.com\/es\/?s={search_term_string}"},"query-input":{"@type":"PropertyValueSpecification","valueRequired":true,"valueName":"search_term_string"}}],"inLanguage":"es"},{"@type":"Organization","@id":"https:\/\/wpguerssen-test.odoo.rgbconsulting.com\/es\/#organization","name":"Guerssen records","url":"https:\/\/wpguerssen-test.odoo.rgbconsulting.com\/es\/","logo":{"@type":"ImageObject","inLanguage":"es","@id":"https:\/\/wpguerssen-test.odoo.rgbconsulting.com\/es\/#\/schema\/logo\/image\/","url":"https:\/\/wpguerssen-test.odoo.rgbconsulting.com\/wp-content\/uploads\/2022\/04\/Logo_Guerssen_trans_100.png","contentUrl":"https:\/\/wpguerssen-test.odoo.rgbconsulting.com\/wp-content\/uploads\/2022\/04\/Logo_Guerssen_trans_100.png","width":122,"height":100,"caption":"Guerssen records"},"image":{"@id":"https:\/\/wpguerssen-test.odoo.rgbconsulting.com\/es\/#\/schema\/logo\/image\/"}}]}},"_links":{"self":[{"href":"https:\/\/wpguerssen-test.odoo.rgbconsulting.com\/es\/wp-json\/wp\/v2\/product\/283243","targetHints":{"allow":["GET"]}}],"collection":[{"href":"https:\/\/wpguerssen-test.odoo.rgbconsulting.com\/es\/wp-json\/wp\/v2\/product"}],"about":[{"href":"https:\/\/wpguerssen-test.odoo.rgbconsulting.com\/es\/wp-json\/wp\/v2\/types\/product"}],"wp:featuredmedia":[{"embeddable":true,"href":"https:\/\/wpguerssen-test.odoo.rgbconsulting.com\/es\/wp-json\/wp\/v2\/media\/283175"}],"wp:attachment":[{"href":"https:\/\/wpguerssen-test.odoo.rgbconsulting.com\/es\/wp-json\/wp\/v2\/media?parent=283243"}],"wp:term":[{"taxonomy":"product_brand","embeddable":true,"href":"https:\/\/wpguerssen-test.odoo.rgbconsulting.com\/es\/wp-json\/wp\/v2\/product_brand?post=283243"},{"taxonomy":"product_cat","embeddable":true,"href":"https:\/\/wpguerssen-test.odoo.rgbconsulting.com\/es\/wp-json\/wp\/v2\/product_cat?post=283243"},{"taxonomy":"product_tag","embeddable":true,"href":"https:\/\/wpguerssen-test.odoo.rgbconsulting.com\/es\/wp-json\/wp\/v2\/product_tag?post=283243"}],"curies":[{"name":"wp","href":"https:\/\/api.w.org\/{rel}","templated":true}]}}