{"id":283244,"date":"2025-03-18T00:00:00","date_gmt":"2025-03-17T23:00:00","guid":{"rendered":"https:\/\/wpguerssen-test.odoo.rgbconsulting.com\/product\/arcana-clear-red-rsd25\/"},"modified":"2025-04-23T17:40:36","modified_gmt":"2025-04-23T15:40:36","slug":"arcana-clear-red-rsd25","status":"publish","type":"product","link":"https:\/\/wpguerssen-test.odoo.rgbconsulting.com\/es\/producto\/arcana-clear-red-rsd25\/","title":{"rendered":"Arcana (Clear Red) RSD25"},"content":{"rendered":"<p>* * * \u00a1\u00a1\u00a1PRIMERA REEDICI\u00d3N EN VINILO!!! * * *<br \/>\u00abArcana\u00bb es una pel\u00edcula de terror\/dram\u00e1tica dirigida por Giulio Questi y protagonizada, entre otros, por Lucia Bos\u00e9, Maurizio Degli Esposti y Tina Aumont. Su banda sonora, compuesta por Romolo Grano, se reedita aqu\u00ed por primera vez en vinilo.<br \/>Para \u00abArcana\u00bb, Romolo Grano compuso una banda sonora que se desarrolla de una manera verdaderamente original, casi como en un ballet animado, caracterizada por cuerdas de sabor cl\u00e1sico con acompa\u00f1amiento de m\u00fasica pop, la voz de Edda Dell&#8217;Orso y el \u00f3rgano Hammond en la canci\u00f3n principal. \u00abIntroversione\u00bb presenta cuerdas llenas de tensi\u00f3n, guitarras el\u00e9ctricas distorsionadas y una marimba. \u00abTaranta\u00bb es b\u00e1sicamente m\u00fasica folk con viol\u00edn y percusi\u00f3n para acompa\u00f1ar algunas secuencias de la pel\u00edcula. \u00abL&#8217;uomo con s\u00e9 stesso\u00bb es una pieza extremadamente delicada para guitarra solista, luego rom\u00e1nticamente retomada en \u00abL&#8217;uomo con s\u00e9 stesso (Pt. 2)\u00bb en una versi\u00f3n orquestal con la voz y ritmos pop de Edda Dell&#8217;Orso. \u00abSacro e profano\u00bb contiene una parte de los dos temas anteriores, pero con una misteriosa interpretaci\u00f3n de viol\u00edn, guitarras el\u00e9ctricas distorsionadas y capas de cuerdas disonantes. En \u00abPercezioni extra sensoriali\u00bb el clavec\u00edn, los tr\u00e9molos de cuerda, la flauta, la marimba, el vibr\u00e1fono y las voces femeninas crean una atm\u00f3sfera de angustia que suena sobrenatural. Esta banda sonora fue arreglada y dirigida por Berto Pisano.<br \/>En ese momento, RCA produjo una peque\u00f1a tirada de un raro LP promocional que se reedita aqu\u00ed en vinilo por primera vez utilizando el master est\u00e9reo ensamblado por el propio compositor, con una duraci\u00f3n total de alrededor de 31 minutos.<br \/>Primera reedici\u00f3n de LP, exclusiva del Record Store Day 2025, en vinilo rojo transparente con inserto de 30&#215;30 cm. Notas y audio remasterizados por Claudio Fuiano.<\/p>\n","protected":false},"excerpt":{"rendered":"<p>* * * \u00a1\u00a1\u00a1PRIMERA REEDICI\u00d3N EN VINILO!!! * * *<br \/>\u00abArcana\u00bb es una pel\u00edcula de terror\/dram\u00e1tica dirigida por Giulio Questi y protagonizada, entre otros, por<a class=\"read\" href=\"https:\/\/wpguerssen-test.odoo.rgbconsulting.com\/es\/producto\/arcana-clear-red-rsd25\/\"> (...)<\/a>","protected":false},"featured_media":283178,"template":"","meta":{"_acf_changed":false},"product_brand":[],"product_cat":[21641],"product_tag":[29140,24189],"class_list":{"0":"post-283244","1":"product","2":"type-product","3":"status-publish","4":"has-post-thumbnail","6":"product_cat-soundtracks-es","7":"product_tag-color-vinyl-es","8":"product_tag-recien-llegadas","9":"pa_artist-grano-romolo","10":"pa_format-lp-es","11":"pa_gender-soundtracks","12":"pa_label-btf","13":"pa_location-europe-es","14":"pa_other-filters-vinyl-only-es","16":"first","17":"instock","18":"taxable","19":"shipping-taxable","20":"purchasable","21":"product-type-simple"},"acf":[],"yoast_head":"<!-- This site is optimized with the Yoast SEO plugin v24.9 - https:\/\/yoast.com\/wordpress\/plugins\/seo\/ -->\n<title>GRANO, Romolo - Arcana (Clear Red) RSD25 -  (LP) | Guerssen<\/title>\n<meta name=\"description\" content=\"* * * FIRST EVER VINYL REISSUE!!! * * *&quot;Arcana&quot; is a horror\/dramatic movie directed by Giulio Questi and starring, among others, Lucia Bos\u00e9, Maurizio Degli Esposti e Tina Aumont. Its soundtrack, composed by Romolo Grano, is here reissued for the first time ever on vinyl.For &quot;Arcana&quot; Romolo Grano composed a soundtrack that develops in a truly original way, almost like in a lively ballet, characterized by classical flavoured strings with a pop music accompaniment, Edda Dell&#039;Orso&#039;s voice, and the Hammond organ in the title-track (A1). &quot;Introversione&quot; (A2) features strings full of tension, distorted electric guitars and a marimba. &quot;Taranta&quot; (A3) is basically folk music with violin and percussion to accompany some sequences of the film. &quot;L&#039;uomo con s\u00e9 stesso&quot; (A4) is an extremely delicate piece for solo guitar, then romantically reprised in &quot;L&#039;uomo con s\u00e9 stesso (Pt. 2)&quot; (B1) in an orchestral version with Edda Dell&#039;Orso&#039;s voice and pop rhythms. &quot;Sacro e profano&quot; (B2) contains a part of the two previous themes, but with a mysterious violin performance, distorted electric guitars and dissonant strings layers. In &quot;Percezioni extra sensoriali&quot; (B3) harpsichord, string tremolos, flute, marimba, vibraphone and female vocals create an atmosphere of supernatural-sounding anguish. This soundtrack was arranged and conducted by Berto Pisano.At the time, RCA produced a small run of a rare promotional LP that is here reissued on vinyl for the first time ever using the stereo master assembled by the composer himself, with a total running time of around 31 minutes.First ever LP reissue, Record Store Day 2025 exclusive on clear red vinyl with 30x30cm insert. Liner notes and audio remastered by Claudio Fuiano.\" \/>\n<meta name=\"robots\" content=\"index, follow, max-snippet:-1, max-image-preview:large, max-video-preview:-1\" \/>\n<link rel=\"canonical\" href=\"https:\/\/wpguerssen-test.odoo.rgbconsulting.com\/es\/producto\/arcana-clear-red-rsd25\/\" \/>\n<meta property=\"og:locale\" content=\"es_ES\" \/>\n<meta property=\"og:type\" content=\"article\" \/>\n<meta property=\"og:title\" content=\"GRANO, Romolo - Arcana (Clear Red) RSD25 -  (LP) | Guerssen\" \/>\n<meta property=\"og:description\" content=\"* * * FIRST EVER VINYL REISSUE!!! * * *&quot;Arcana&quot; is a horror\/dramatic movie directed by Giulio Questi and starring, among others, Lucia Bos\u00e9, Maurizio Degli Esposti e Tina Aumont. Its soundtrack, composed by Romolo Grano, is here reissued for the first time ever on vinyl.For &quot;Arcana&quot; Romolo Grano composed a soundtrack that develops in a truly original way, almost like in a lively ballet, characterized by classical flavoured strings with a pop music accompaniment, Edda Dell&#039;Orso&#039;s voice, and the Hammond organ in the title-track (A1). &quot;Introversione&quot; (A2) features strings full of tension, distorted electric guitars and a marimba. &quot;Taranta&quot; (A3) is basically folk music with violin and percussion to accompany some sequences of the film. &quot;L&#039;uomo con s\u00e9 stesso&quot; (A4) is an extremely delicate piece for solo guitar, then romantically reprised in &quot;L&#039;uomo con s\u00e9 stesso (Pt. 2)&quot; (B1) in an orchestral version with Edda Dell&#039;Orso&#039;s voice and pop rhythms. &quot;Sacro e profano&quot; (B2) contains a part of the two previous themes, but with a mysterious violin performance, distorted electric guitars and dissonant strings layers. In &quot;Percezioni extra sensoriali&quot; (B3) harpsichord, string tremolos, flute, marimba, vibraphone and female vocals create an atmosphere of supernatural-sounding anguish. This soundtrack was arranged and conducted by Berto Pisano.At the time, RCA produced a small run of a rare promotional LP that is here reissued on vinyl for the first time ever using the stereo master assembled by the composer himself, with a total running time of around 31 minutes.First ever LP reissue, Record Store Day 2025 exclusive on clear red vinyl with 30x30cm insert. Liner notes and audio remastered by Claudio Fuiano.\" \/>\n<meta property=\"og:url\" content=\"https:\/\/wpguerssen-test.odoo.rgbconsulting.com\/es\/producto\/arcana-clear-red-rsd25\/\" \/>\n<meta property=\"og:site_name\" content=\"Guerssen records\" \/>\n<meta property=\"article:modified_time\" content=\"2025-04-23T15:40:36+00:00\" \/>\n<meta property=\"og:image\" content=\"https:\/\/wpguerssen-test.odoo.rgbconsulting.com\/wp-content\/uploads\/2025\/02\/49804.jpg\" \/>\n\t<meta property=\"og:image:width\" content=\"1500\" \/>\n\t<meta property=\"og:image:height\" content=\"1500\" \/>\n\t<meta property=\"og:image:type\" content=\"image\/jpeg\" \/>\n<meta name=\"twitter:card\" content=\"summary_large_image\" \/>\n<meta name=\"twitter:title\" content=\"GRANO, Romolo - Arcana (Clear Red) RSD25 -  (LP) | Guerssen\" \/>\n<meta name=\"twitter:label1\" content=\"Tiempo de lectura\" \/>\n\t<meta name=\"twitter:data1\" content=\"2 minutos\" \/>\n<script type=\"application\/ld+json\" class=\"yoast-schema-graph\">{\"@context\":\"https:\/\/schema.org\",\"@graph\":[{\"@type\":\"WebPage\",\"@id\":\"https:\/\/wpguerssen-test.odoo.rgbconsulting.com\/es\/producto\/arcana-clear-red-rsd25\/\",\"url\":\"https:\/\/wpguerssen-test.odoo.rgbconsulting.com\/es\/producto\/arcana-clear-red-rsd25\/\",\"name\":\"GRANO, Romolo - Arcana (Clear Red) RSD25 - (LP) | Guerssen\",\"isPartOf\":{\"@id\":\"https:\/\/wpguerssen-test.odoo.rgbconsulting.com\/es\/#website\"},\"primaryImageOfPage\":{\"@id\":\"https:\/\/wpguerssen-test.odoo.rgbconsulting.com\/es\/producto\/arcana-clear-red-rsd25\/#primaryimage\"},\"image\":{\"@id\":\"https:\/\/wpguerssen-test.odoo.rgbconsulting.com\/es\/producto\/arcana-clear-red-rsd25\/#primaryimage\"},\"thumbnailUrl\":\"https:\/\/wpguerssen-test.odoo.rgbconsulting.com\/wp-content\/uploads\/2025\/02\/49804.jpg\",\"datePublished\":\"2025-03-17T23:00:00+00:00\",\"dateModified\":\"2025-04-23T15:40:36+00:00\",\"description\":\"* * * FIRST EVER VINYL REISSUE!!! * * *\\\"Arcana\\\" is a horror\/dramatic movie directed by Giulio Questi and starring, among others, Lucia Bos\u00e9, Maurizio Degli Esposti e Tina Aumont. Its soundtrack, composed by Romolo Grano, is here reissued for the first time ever on vinyl.For \\\"Arcana\\\" Romolo Grano composed a soundtrack that develops in a truly original way, almost like in a lively ballet, characterized by classical flavoured strings with a pop music accompaniment, Edda Dell'Orso's voice, and the Hammond organ in the title-track (A1). \\\"Introversione\\\" (A2) features strings full of tension, distorted electric guitars and a marimba. \\\"Taranta\\\" (A3) is basically folk music with violin and percussion to accompany some sequences of the film. \\\"L'uomo con s\u00e9 stesso\\\" (A4) is an extremely delicate piece for solo guitar, then romantically reprised in \\\"L'uomo con s\u00e9 stesso (Pt. 2)\\\" (B1) in an orchestral version with Edda Dell'Orso's voice and pop rhythms. \\\"Sacro e profano\\\" (B2) contains a part of the two previous themes, but with a mysterious violin performance, distorted electric guitars and dissonant strings layers. In \\\"Percezioni extra sensoriali\\\" (B3) harpsichord, string tremolos, flute, marimba, vibraphone and female vocals create an atmosphere of supernatural-sounding anguish. This soundtrack was arranged and conducted by Berto Pisano.At the time, RCA produced a small run of a rare promotional LP that is here reissued on vinyl for the first time ever using the stereo master assembled by the composer himself, with a total running time of around 31 minutes.First ever LP reissue, Record Store Day 2025 exclusive on clear red vinyl with 30x30cm insert. Liner notes and audio remastered by Claudio Fuiano.\",\"breadcrumb\":{\"@id\":\"https:\/\/wpguerssen-test.odoo.rgbconsulting.com\/es\/producto\/arcana-clear-red-rsd25\/#breadcrumb\"},\"inLanguage\":\"es\",\"potentialAction\":[{\"@type\":\"ReadAction\",\"target\":[\"https:\/\/wpguerssen-test.odoo.rgbconsulting.com\/es\/producto\/arcana-clear-red-rsd25\/\"]}]},{\"@type\":\"ImageObject\",\"inLanguage\":\"es\",\"@id\":\"https:\/\/wpguerssen-test.odoo.rgbconsulting.com\/es\/producto\/arcana-clear-red-rsd25\/#primaryimage\",\"url\":\"https:\/\/wpguerssen-test.odoo.rgbconsulting.com\/wp-content\/uploads\/2025\/02\/49804.jpg\",\"contentUrl\":\"https:\/\/wpguerssen-test.odoo.rgbconsulting.com\/wp-content\/uploads\/2025\/02\/49804.jpg\",\"width\":1500,\"height\":1500,\"caption\":\"Romolo - Arcana (Clear Red) RSD25 - BTF (LP) | Guerssen\"},{\"@type\":\"BreadcrumbList\",\"@id\":\"https:\/\/wpguerssen-test.odoo.rgbconsulting.com\/es\/producto\/arcana-clear-red-rsd25\/#breadcrumb\",\"itemListElement\":[{\"@type\":\"ListItem\",\"position\":1,\"name\":\"Inicio\",\"item\":\"https:\/\/wpguerssen-test.odoo.rgbconsulting.com\/es\/\"},{\"@type\":\"ListItem\",\"position\":2,\"name\":\"Shop\",\"item\":\"https:\/\/wpguerssen-test.odoo.rgbconsulting.com\/shop\/\"},{\"@type\":\"ListItem\",\"position\":3,\"name\":\"Arcana (Clear Red) RSD25\"}]},{\"@type\":\"WebSite\",\"@id\":\"https:\/\/wpguerssen-test.odoo.rgbconsulting.com\/es\/#website\",\"url\":\"https:\/\/wpguerssen-test.odoo.rgbconsulting.com\/es\/\",\"name\":\"Guerssen records\",\"description\":\"psychedelia - progressive - folk - garage \",\"publisher\":{\"@id\":\"https:\/\/wpguerssen-test.odoo.rgbconsulting.com\/es\/#organization\"},\"potentialAction\":[{\"@type\":\"SearchAction\",\"target\":{\"@type\":\"EntryPoint\",\"urlTemplate\":\"https:\/\/wpguerssen-test.odoo.rgbconsulting.com\/es\/?s={search_term_string}\"},\"query-input\":{\"@type\":\"PropertyValueSpecification\",\"valueRequired\":true,\"valueName\":\"search_term_string\"}}],\"inLanguage\":\"es\"},{\"@type\":\"Organization\",\"@id\":\"https:\/\/wpguerssen-test.odoo.rgbconsulting.com\/es\/#organization\",\"name\":\"Guerssen records\",\"url\":\"https:\/\/wpguerssen-test.odoo.rgbconsulting.com\/es\/\",\"logo\":{\"@type\":\"ImageObject\",\"inLanguage\":\"es\",\"@id\":\"https:\/\/wpguerssen-test.odoo.rgbconsulting.com\/es\/#\/schema\/logo\/image\/\",\"url\":\"https:\/\/wpguerssen-test.odoo.rgbconsulting.com\/wp-content\/uploads\/2022\/04\/Logo_Guerssen_trans_100.png\",\"contentUrl\":\"https:\/\/wpguerssen-test.odoo.rgbconsulting.com\/wp-content\/uploads\/2022\/04\/Logo_Guerssen_trans_100.png\",\"width\":122,\"height\":100,\"caption\":\"Guerssen records\"},\"image\":{\"@id\":\"https:\/\/wpguerssen-test.odoo.rgbconsulting.com\/es\/#\/schema\/logo\/image\/\"}}]}<\/script>\n<!-- \/ Yoast SEO plugin. -->","yoast_head_json":{"title":"GRANO, Romolo - Arcana (Clear Red) RSD25 -  (LP) | Guerssen","description":"* * * FIRST EVER VINYL REISSUE!!! * * *\"Arcana\" is a horror\/dramatic movie directed by Giulio Questi and starring, among others, Lucia Bos\u00e9, Maurizio Degli Esposti e Tina Aumont. Its soundtrack, composed by Romolo Grano, is here reissued for the first time ever on vinyl.For \"Arcana\" Romolo Grano composed a soundtrack that develops in a truly original way, almost like in a lively ballet, characterized by classical flavoured strings with a pop music accompaniment, Edda Dell'Orso's voice, and the Hammond organ in the title-track (A1). \"Introversione\" (A2) features strings full of tension, distorted electric guitars and a marimba. \"Taranta\" (A3) is basically folk music with violin and percussion to accompany some sequences of the film. \"L'uomo con s\u00e9 stesso\" (A4) is an extremely delicate piece for solo guitar, then romantically reprised in \"L'uomo con s\u00e9 stesso (Pt. 2)\" (B1) in an orchestral version with Edda Dell'Orso's voice and pop rhythms. \"Sacro e profano\" (B2) contains a part of the two previous themes, but with a mysterious violin performance, distorted electric guitars and dissonant strings layers. In \"Percezioni extra sensoriali\" (B3) harpsichord, string tremolos, flute, marimba, vibraphone and female vocals create an atmosphere of supernatural-sounding anguish. This soundtrack was arranged and conducted by Berto Pisano.At the time, RCA produced a small run of a rare promotional LP that is here reissued on vinyl for the first time ever using the stereo master assembled by the composer himself, with a total running time of around 31 minutes.First ever LP reissue, Record Store Day 2025 exclusive on clear red vinyl with 30x30cm insert. Liner notes and audio remastered by Claudio Fuiano.","robots":{"index":"index","follow":"follow","max-snippet":"max-snippet:-1","max-image-preview":"max-image-preview:large","max-video-preview":"max-video-preview:-1"},"canonical":"https:\/\/wpguerssen-test.odoo.rgbconsulting.com\/es\/producto\/arcana-clear-red-rsd25\/","og_locale":"es_ES","og_type":"article","og_title":"GRANO, Romolo - Arcana (Clear Red) RSD25 -  (LP) | Guerssen","og_description":"* * * FIRST EVER VINYL REISSUE!!! * * *\"Arcana\" is a horror\/dramatic movie directed by Giulio Questi and starring, among others, Lucia Bos\u00e9, Maurizio Degli Esposti e Tina Aumont. Its soundtrack, composed by Romolo Grano, is here reissued for the first time ever on vinyl.For \"Arcana\" Romolo Grano composed a soundtrack that develops in a truly original way, almost like in a lively ballet, characterized by classical flavoured strings with a pop music accompaniment, Edda Dell'Orso's voice, and the Hammond organ in the title-track (A1). \"Introversione\" (A2) features strings full of tension, distorted electric guitars and a marimba. \"Taranta\" (A3) is basically folk music with violin and percussion to accompany some sequences of the film. \"L'uomo con s\u00e9 stesso\" (A4) is an extremely delicate piece for solo guitar, then romantically reprised in \"L'uomo con s\u00e9 stesso (Pt. 2)\" (B1) in an orchestral version with Edda Dell'Orso's voice and pop rhythms. \"Sacro e profano\" (B2) contains a part of the two previous themes, but with a mysterious violin performance, distorted electric guitars and dissonant strings layers. In \"Percezioni extra sensoriali\" (B3) harpsichord, string tremolos, flute, marimba, vibraphone and female vocals create an atmosphere of supernatural-sounding anguish. This soundtrack was arranged and conducted by Berto Pisano.At the time, RCA produced a small run of a rare promotional LP that is here reissued on vinyl for the first time ever using the stereo master assembled by the composer himself, with a total running time of around 31 minutes.First ever LP reissue, Record Store Day 2025 exclusive on clear red vinyl with 30x30cm insert. Liner notes and audio remastered by Claudio Fuiano.","og_url":"https:\/\/wpguerssen-test.odoo.rgbconsulting.com\/es\/producto\/arcana-clear-red-rsd25\/","og_site_name":"Guerssen records","article_modified_time":"2025-04-23T15:40:36+00:00","og_image":[{"width":1500,"height":1500,"url":"https:\/\/wpguerssen-test.odoo.rgbconsulting.com\/wp-content\/uploads\/2025\/02\/49804.jpg","type":"image\/jpeg"}],"twitter_card":"summary_large_image","twitter_title":"GRANO, Romolo - Arcana (Clear Red) RSD25 -  (LP) | Guerssen","twitter_misc":{"Tiempo de lectura":"2 minutos"},"schema":{"@context":"https:\/\/schema.org","@graph":[{"@type":"WebPage","@id":"https:\/\/wpguerssen-test.odoo.rgbconsulting.com\/es\/producto\/arcana-clear-red-rsd25\/","url":"https:\/\/wpguerssen-test.odoo.rgbconsulting.com\/es\/producto\/arcana-clear-red-rsd25\/","name":"GRANO, Romolo - Arcana (Clear Red) RSD25 - (LP) | Guerssen","isPartOf":{"@id":"https:\/\/wpguerssen-test.odoo.rgbconsulting.com\/es\/#website"},"primaryImageOfPage":{"@id":"https:\/\/wpguerssen-test.odoo.rgbconsulting.com\/es\/producto\/arcana-clear-red-rsd25\/#primaryimage"},"image":{"@id":"https:\/\/wpguerssen-test.odoo.rgbconsulting.com\/es\/producto\/arcana-clear-red-rsd25\/#primaryimage"},"thumbnailUrl":"https:\/\/wpguerssen-test.odoo.rgbconsulting.com\/wp-content\/uploads\/2025\/02\/49804.jpg","datePublished":"2025-03-17T23:00:00+00:00","dateModified":"2025-04-23T15:40:36+00:00","description":"* * * FIRST EVER VINYL REISSUE!!! * * *\"Arcana\" is a horror\/dramatic movie directed by Giulio Questi and starring, among others, Lucia Bos\u00e9, Maurizio Degli Esposti e Tina Aumont. Its soundtrack, composed by Romolo Grano, is here reissued for the first time ever on vinyl.For \"Arcana\" Romolo Grano composed a soundtrack that develops in a truly original way, almost like in a lively ballet, characterized by classical flavoured strings with a pop music accompaniment, Edda Dell'Orso's voice, and the Hammond organ in the title-track (A1). \"Introversione\" (A2) features strings full of tension, distorted electric guitars and a marimba. \"Taranta\" (A3) is basically folk music with violin and percussion to accompany some sequences of the film. \"L'uomo con s\u00e9 stesso\" (A4) is an extremely delicate piece for solo guitar, then romantically reprised in \"L'uomo con s\u00e9 stesso (Pt. 2)\" (B1) in an orchestral version with Edda Dell'Orso's voice and pop rhythms. \"Sacro e profano\" (B2) contains a part of the two previous themes, but with a mysterious violin performance, distorted electric guitars and dissonant strings layers. In \"Percezioni extra sensoriali\" (B3) harpsichord, string tremolos, flute, marimba, vibraphone and female vocals create an atmosphere of supernatural-sounding anguish. This soundtrack was arranged and conducted by Berto Pisano.At the time, RCA produced a small run of a rare promotional LP that is here reissued on vinyl for the first time ever using the stereo master assembled by the composer himself, with a total running time of around 31 minutes.First ever LP reissue, Record Store Day 2025 exclusive on clear red vinyl with 30x30cm insert. Liner notes and audio remastered by Claudio Fuiano.","breadcrumb":{"@id":"https:\/\/wpguerssen-test.odoo.rgbconsulting.com\/es\/producto\/arcana-clear-red-rsd25\/#breadcrumb"},"inLanguage":"es","potentialAction":[{"@type":"ReadAction","target":["https:\/\/wpguerssen-test.odoo.rgbconsulting.com\/es\/producto\/arcana-clear-red-rsd25\/"]}]},{"@type":"ImageObject","inLanguage":"es","@id":"https:\/\/wpguerssen-test.odoo.rgbconsulting.com\/es\/producto\/arcana-clear-red-rsd25\/#primaryimage","url":"https:\/\/wpguerssen-test.odoo.rgbconsulting.com\/wp-content\/uploads\/2025\/02\/49804.jpg","contentUrl":"https:\/\/wpguerssen-test.odoo.rgbconsulting.com\/wp-content\/uploads\/2025\/02\/49804.jpg","width":1500,"height":1500,"caption":"Romolo - Arcana (Clear Red) RSD25 - BTF (LP) | Guerssen"},{"@type":"BreadcrumbList","@id":"https:\/\/wpguerssen-test.odoo.rgbconsulting.com\/es\/producto\/arcana-clear-red-rsd25\/#breadcrumb","itemListElement":[{"@type":"ListItem","position":1,"name":"Inicio","item":"https:\/\/wpguerssen-test.odoo.rgbconsulting.com\/es\/"},{"@type":"ListItem","position":2,"name":"Shop","item":"https:\/\/wpguerssen-test.odoo.rgbconsulting.com\/shop\/"},{"@type":"ListItem","position":3,"name":"Arcana (Clear Red) RSD25"}]},{"@type":"WebSite","@id":"https:\/\/wpguerssen-test.odoo.rgbconsulting.com\/es\/#website","url":"https:\/\/wpguerssen-test.odoo.rgbconsulting.com\/es\/","name":"Guerssen records","description":"psychedelia - progressive - folk - garage ","publisher":{"@id":"https:\/\/wpguerssen-test.odoo.rgbconsulting.com\/es\/#organization"},"potentialAction":[{"@type":"SearchAction","target":{"@type":"EntryPoint","urlTemplate":"https:\/\/wpguerssen-test.odoo.rgbconsulting.com\/es\/?s={search_term_string}"},"query-input":{"@type":"PropertyValueSpecification","valueRequired":true,"valueName":"search_term_string"}}],"inLanguage":"es"},{"@type":"Organization","@id":"https:\/\/wpguerssen-test.odoo.rgbconsulting.com\/es\/#organization","name":"Guerssen records","url":"https:\/\/wpguerssen-test.odoo.rgbconsulting.com\/es\/","logo":{"@type":"ImageObject","inLanguage":"es","@id":"https:\/\/wpguerssen-test.odoo.rgbconsulting.com\/es\/#\/schema\/logo\/image\/","url":"https:\/\/wpguerssen-test.odoo.rgbconsulting.com\/wp-content\/uploads\/2022\/04\/Logo_Guerssen_trans_100.png","contentUrl":"https:\/\/wpguerssen-test.odoo.rgbconsulting.com\/wp-content\/uploads\/2022\/04\/Logo_Guerssen_trans_100.png","width":122,"height":100,"caption":"Guerssen records"},"image":{"@id":"https:\/\/wpguerssen-test.odoo.rgbconsulting.com\/es\/#\/schema\/logo\/image\/"}}]}},"_links":{"self":[{"href":"https:\/\/wpguerssen-test.odoo.rgbconsulting.com\/es\/wp-json\/wp\/v2\/product\/283244","targetHints":{"allow":["GET"]}}],"collection":[{"href":"https:\/\/wpguerssen-test.odoo.rgbconsulting.com\/es\/wp-json\/wp\/v2\/product"}],"about":[{"href":"https:\/\/wpguerssen-test.odoo.rgbconsulting.com\/es\/wp-json\/wp\/v2\/types\/product"}],"wp:featuredmedia":[{"embeddable":true,"href":"https:\/\/wpguerssen-test.odoo.rgbconsulting.com\/es\/wp-json\/wp\/v2\/media\/283178"}],"wp:attachment":[{"href":"https:\/\/wpguerssen-test.odoo.rgbconsulting.com\/es\/wp-json\/wp\/v2\/media?parent=283244"}],"wp:term":[{"taxonomy":"product_brand","embeddable":true,"href":"https:\/\/wpguerssen-test.odoo.rgbconsulting.com\/es\/wp-json\/wp\/v2\/product_brand?post=283244"},{"taxonomy":"product_cat","embeddable":true,"href":"https:\/\/wpguerssen-test.odoo.rgbconsulting.com\/es\/wp-json\/wp\/v2\/product_cat?post=283244"},{"taxonomy":"product_tag","embeddable":true,"href":"https:\/\/wpguerssen-test.odoo.rgbconsulting.com\/es\/wp-json\/wp\/v2\/product_tag?post=283244"}],"curies":[{"name":"wp","href":"https:\/\/api.w.org\/{rel}","templated":true}]}}