{"id":283247,"date":"2025-03-18T00:00:00","date_gmt":"2025-03-17T23:00:00","guid":{"rendered":"https:\/\/wpguerssen-test.odoo.rgbconsulting.com\/product\/a-come-andromeda-clear-acid-green-rsd25\/"},"modified":"2025-04-23T17:40:48","modified_gmt":"2025-04-23T15:40:48","slug":"a-come-andromeda-clear-acid-green-rsd25","status":"publish","type":"product","link":"https:\/\/wpguerssen-test.odoo.rgbconsulting.com\/es\/producto\/a-come-andromeda-clear-acid-green-rsd25\/","title":{"rendered":"A Come Andromeda (Clear Acid Green) RSD25"},"content":{"rendered":"<p>* * * \u00a1\u00a1\u00a1PRIMERA EDICI\u00d3N EN VINILO!!! * * *<br \/>\u00abA come Andromeda\u00bb es una miniserie de televisi\u00f3n de ciencia ficci\u00f3n dirigida por Vittorio Cottafavi, basada en la novela hom\u00f3nima (A de Andr\u00f3meda) escrita por Fred Hoyle y John Elliot, transmitida en Italia por la RAI en 1972. Su banda sonora, compuesta y dirigida por Mario Migliardi, finalmente se edita en vinilo por primera vez.<br \/>Al escuchar este \u00e1lbum, uno se sumerge en una Dimensi\u00f3n de ciencia ficci\u00f3n de sonidos experimentales que a veces son alucinatorios, a veces tranquilos y tonales. Los Cantori Moderni de Alessandroni participan en esto, mezcl\u00e1ndose en un magma de sonidos en constante equilibrio entre el cielo y el infierno. \u00abTema di Andromeda\u00bb, el tema principal con la voz cristalina de Edda Dell&#8217;Orso, con su sabor barroco y arreglo moderno con guitarras el\u00e9ctricas y ritmos distorsionados, fue un gran \u00e9xito radiof\u00f3nico y discogr\u00e1fico a ra\u00edz de la gran popularidad de la serie de televisi\u00f3n. \u00abLe spiagge di Durness\u00bb es una pieza de cuerda rom\u00e1ntica y r\u00edtmica, casi un ballet t\u00edpico de los grandes programas de televisi\u00f3n italianos antiguos. La sesi\u00f3n original es en mono, salvo el single y las pistas disonantes  que fueron mezcladas en est\u00e9reo. Fascinantes paisajes sonoros caracterizan esta partitura, alternando partes orquestales y m\u00fasica electr\u00f3nica. Tambi\u00e9n hay pasajes lounge como una bossa de flauta.<br \/>Primera edici\u00f3n en LP exclusiva para el Record Store Day 2025 en vinilo verde \u00e1cido transparente con inserto de 30&#215;30 cm. Notas y audio remasterizados por Claudio Fuiano.<\/p>\n","protected":false},"excerpt":{"rendered":"<p>* * * \u00a1\u00a1\u00a1PRIMERA EDICI\u00d3N EN VINILO!!! * * *<br \/>\u00abA come Andromeda\u00bb es una miniserie de televisi\u00f3n de ciencia ficci\u00f3n dirigida por Vittorio Cottafavi, basada<a class=\"read\" href=\"https:\/\/wpguerssen-test.odoo.rgbconsulting.com\/es\/producto\/a-come-andromeda-clear-acid-green-rsd25\/\"> (...)<\/a>","protected":false},"featured_media":283187,"template":"","meta":{"_acf_changed":false},"product_brand":[],"product_cat":[21641],"product_tag":[29140,24189],"class_list":{"0":"post-283247","1":"product","2":"type-product","3":"status-publish","4":"has-post-thumbnail","6":"product_cat-soundtracks-es","7":"product_tag-color-vinyl-es","8":"product_tag-recien-llegadas","9":"pa_artist-migliardi-mario","10":"pa_format-lp-es","11":"pa_gender-soundtracks","12":"pa_label-btf","13":"pa_location-europe-es","14":"pa_other-filters-vinyl-only-es","16":"first","17":"instock","18":"taxable","19":"shipping-taxable","20":"purchasable","21":"product-type-simple"},"acf":[],"yoast_head":"<!-- This site is optimized with the Yoast SEO plugin v24.9 - https:\/\/yoast.com\/wordpress\/plugins\/seo\/ -->\n<title>MIGLIARDI, Mario - A Come Andromeda (Clear Acid Green) RSD25 -  (LP) | Guerssen<\/title>\n<meta name=\"description\" content=\"* * * FIRST EVER VINYL EDITION!!! * * *&quot;A come Andromeda&quot; is a TV sci-fi mini-series directed by Vittorio Cottafavi, based on the eponymous novel (A for Andromeda) written by Fred Hoyle and John Elliot, aired in Italy by RAI in 1972. Its soundtrack, composed and conducted by Mario Migliardi, is finally released on vinyl for the first time ever.While listening to this album, one is plunged into a sci-fi dimension of experimental sounds that are sometimes hallucinatory, sometimes calm and tonal. Alessandroni&#039;s Cantori Moderni take part in this, blending into a magma of sounds constantly balanced between Heaven and Hell. &quot;Tema di Andromeda&quot; (A1), the main theme with Edda Dell&#039;Orso&#039;s crystal voice, with its baroque flavour and modern arrangement with distorted electric guitars and rhythms, was a huge radio and discographic success in the wake of the great popularity of the TV series. &quot;Le spiagge di Durness&quot; (A2) is a romantic and rhythmic string piece, almost a ballet like those typical of the great old Italian TV shows. The original session is in mono, apart from the single and the dissonant tracks (A3, A4) that were mixed in stereo. Fascinating soundscapes characterise this score (A5, A6, B1, B2, B3, B4), alternating between orchestral parts and electronic music. There are also lounge passages such as a flute bossa (A6) and an energetic shake (B5).First ever LP edition exclusive for Record Store Day 2025 on clear acid green vinyl with 30x30cm insert. Liner notes and audio remastered by Claudio Fuiano.\" \/>\n<meta name=\"robots\" content=\"index, follow, max-snippet:-1, max-image-preview:large, max-video-preview:-1\" \/>\n<link rel=\"canonical\" href=\"https:\/\/wpguerssen-test.odoo.rgbconsulting.com\/es\/producto\/a-come-andromeda-clear-acid-green-rsd25\/\" \/>\n<meta property=\"og:locale\" content=\"es_ES\" \/>\n<meta property=\"og:type\" content=\"article\" \/>\n<meta property=\"og:title\" content=\"MIGLIARDI, Mario - A Come Andromeda (Clear Acid Green) RSD25 -  (LP) | Guerssen\" \/>\n<meta property=\"og:description\" content=\"* * * FIRST EVER VINYL EDITION!!! * * *&quot;A come Andromeda&quot; is a TV sci-fi mini-series directed by Vittorio Cottafavi, based on the eponymous novel (A for Andromeda) written by Fred Hoyle and John Elliot, aired in Italy by RAI in 1972. Its soundtrack, composed and conducted by Mario Migliardi, is finally released on vinyl for the first time ever.While listening to this album, one is plunged into a sci-fi dimension of experimental sounds that are sometimes hallucinatory, sometimes calm and tonal. Alessandroni&#039;s Cantori Moderni take part in this, blending into a magma of sounds constantly balanced between Heaven and Hell. &quot;Tema di Andromeda&quot; (A1), the main theme with Edda Dell&#039;Orso&#039;s crystal voice, with its baroque flavour and modern arrangement with distorted electric guitars and rhythms, was a huge radio and discographic success in the wake of the great popularity of the TV series. &quot;Le spiagge di Durness&quot; (A2) is a romantic and rhythmic string piece, almost a ballet like those typical of the great old Italian TV shows. The original session is in mono, apart from the single and the dissonant tracks (A3, A4) that were mixed in stereo. Fascinating soundscapes characterise this score (A5, A6, B1, B2, B3, B4), alternating between orchestral parts and electronic music. There are also lounge passages such as a flute bossa (A6) and an energetic shake (B5).First ever LP edition exclusive for Record Store Day 2025 on clear acid green vinyl with 30x30cm insert. Liner notes and audio remastered by Claudio Fuiano.\" \/>\n<meta property=\"og:url\" content=\"https:\/\/wpguerssen-test.odoo.rgbconsulting.com\/es\/producto\/a-come-andromeda-clear-acid-green-rsd25\/\" \/>\n<meta property=\"og:site_name\" content=\"Guerssen records\" \/>\n<meta property=\"article:modified_time\" content=\"2025-04-23T15:40:48+00:00\" \/>\n<meta property=\"og:image\" content=\"https:\/\/wpguerssen-test.odoo.rgbconsulting.com\/wp-content\/uploads\/2025\/02\/49807.jpg\" \/>\n\t<meta property=\"og:image:width\" content=\"1500\" \/>\n\t<meta property=\"og:image:height\" content=\"1500\" \/>\n\t<meta property=\"og:image:type\" content=\"image\/jpeg\" \/>\n<meta name=\"twitter:card\" content=\"summary_large_image\" \/>\n<meta name=\"twitter:title\" content=\"MIGLIARDI, Mario - A Come Andromeda (Clear Acid Green) RSD25 -  (LP) | Guerssen\" \/>\n<meta name=\"twitter:label1\" content=\"Tiempo de lectura\" \/>\n\t<meta name=\"twitter:data1\" content=\"1 minuto\" \/>\n<script type=\"application\/ld+json\" class=\"yoast-schema-graph\">{\"@context\":\"https:\/\/schema.org\",\"@graph\":[{\"@type\":\"WebPage\",\"@id\":\"https:\/\/wpguerssen-test.odoo.rgbconsulting.com\/es\/producto\/a-come-andromeda-clear-acid-green-rsd25\/\",\"url\":\"https:\/\/wpguerssen-test.odoo.rgbconsulting.com\/es\/producto\/a-come-andromeda-clear-acid-green-rsd25\/\",\"name\":\"MIGLIARDI, Mario - A Come Andromeda (Clear Acid Green) RSD25 - (LP) | Guerssen\",\"isPartOf\":{\"@id\":\"https:\/\/wpguerssen-test.odoo.rgbconsulting.com\/es\/#website\"},\"primaryImageOfPage\":{\"@id\":\"https:\/\/wpguerssen-test.odoo.rgbconsulting.com\/es\/producto\/a-come-andromeda-clear-acid-green-rsd25\/#primaryimage\"},\"image\":{\"@id\":\"https:\/\/wpguerssen-test.odoo.rgbconsulting.com\/es\/producto\/a-come-andromeda-clear-acid-green-rsd25\/#primaryimage\"},\"thumbnailUrl\":\"https:\/\/wpguerssen-test.odoo.rgbconsulting.com\/wp-content\/uploads\/2025\/02\/49807.jpg\",\"datePublished\":\"2025-03-17T23:00:00+00:00\",\"dateModified\":\"2025-04-23T15:40:48+00:00\",\"description\":\"* * * FIRST EVER VINYL EDITION!!! * * *\\\"A come Andromeda\\\" is a TV sci-fi mini-series directed by Vittorio Cottafavi, based on the eponymous novel (A for Andromeda) written by Fred Hoyle and John Elliot, aired in Italy by RAI in 1972. Its soundtrack, composed and conducted by Mario Migliardi, is finally released on vinyl for the first time ever.While listening to this album, one is plunged into a sci-fi dimension of experimental sounds that are sometimes hallucinatory, sometimes calm and tonal. Alessandroni's Cantori Moderni take part in this, blending into a magma of sounds constantly balanced between Heaven and Hell. \\\"Tema di Andromeda\\\" (A1), the main theme with Edda Dell'Orso's crystal voice, with its baroque flavour and modern arrangement with distorted electric guitars and rhythms, was a huge radio and discographic success in the wake of the great popularity of the TV series. \\\"Le spiagge di Durness\\\" (A2) is a romantic and rhythmic string piece, almost a ballet like those typical of the great old Italian TV shows. The original session is in mono, apart from the single and the dissonant tracks (A3, A4) that were mixed in stereo. Fascinating soundscapes characterise this score (A5, A6, B1, B2, B3, B4), alternating between orchestral parts and electronic music. There are also lounge passages such as a flute bossa (A6) and an energetic shake (B5).First ever LP edition exclusive for Record Store Day 2025 on clear acid green vinyl with 30x30cm insert. Liner notes and audio remastered by Claudio Fuiano.\",\"breadcrumb\":{\"@id\":\"https:\/\/wpguerssen-test.odoo.rgbconsulting.com\/es\/producto\/a-come-andromeda-clear-acid-green-rsd25\/#breadcrumb\"},\"inLanguage\":\"es\",\"potentialAction\":[{\"@type\":\"ReadAction\",\"target\":[\"https:\/\/wpguerssen-test.odoo.rgbconsulting.com\/es\/producto\/a-come-andromeda-clear-acid-green-rsd25\/\"]}]},{\"@type\":\"ImageObject\",\"inLanguage\":\"es\",\"@id\":\"https:\/\/wpguerssen-test.odoo.rgbconsulting.com\/es\/producto\/a-come-andromeda-clear-acid-green-rsd25\/#primaryimage\",\"url\":\"https:\/\/wpguerssen-test.odoo.rgbconsulting.com\/wp-content\/uploads\/2025\/02\/49807.jpg\",\"contentUrl\":\"https:\/\/wpguerssen-test.odoo.rgbconsulting.com\/wp-content\/uploads\/2025\/02\/49807.jpg\",\"width\":1500,\"height\":1500,\"caption\":\"Mario - A Come Andromeda (Clear Acid Green) RSD25 - BTF (LP) | Guerssen\"},{\"@type\":\"BreadcrumbList\",\"@id\":\"https:\/\/wpguerssen-test.odoo.rgbconsulting.com\/es\/producto\/a-come-andromeda-clear-acid-green-rsd25\/#breadcrumb\",\"itemListElement\":[{\"@type\":\"ListItem\",\"position\":1,\"name\":\"Inicio\",\"item\":\"https:\/\/wpguerssen-test.odoo.rgbconsulting.com\/es\/\"},{\"@type\":\"ListItem\",\"position\":2,\"name\":\"Shop\",\"item\":\"https:\/\/wpguerssen-test.odoo.rgbconsulting.com\/shop\/\"},{\"@type\":\"ListItem\",\"position\":3,\"name\":\"A Come Andromeda (Clear Acid Green) RSD25\"}]},{\"@type\":\"WebSite\",\"@id\":\"https:\/\/wpguerssen-test.odoo.rgbconsulting.com\/es\/#website\",\"url\":\"https:\/\/wpguerssen-test.odoo.rgbconsulting.com\/es\/\",\"name\":\"Guerssen records\",\"description\":\"psychedelia - progressive - folk - garage \",\"publisher\":{\"@id\":\"https:\/\/wpguerssen-test.odoo.rgbconsulting.com\/es\/#organization\"},\"potentialAction\":[{\"@type\":\"SearchAction\",\"target\":{\"@type\":\"EntryPoint\",\"urlTemplate\":\"https:\/\/wpguerssen-test.odoo.rgbconsulting.com\/es\/?s={search_term_string}\"},\"query-input\":{\"@type\":\"PropertyValueSpecification\",\"valueRequired\":true,\"valueName\":\"search_term_string\"}}],\"inLanguage\":\"es\"},{\"@type\":\"Organization\",\"@id\":\"https:\/\/wpguerssen-test.odoo.rgbconsulting.com\/es\/#organization\",\"name\":\"Guerssen records\",\"url\":\"https:\/\/wpguerssen-test.odoo.rgbconsulting.com\/es\/\",\"logo\":{\"@type\":\"ImageObject\",\"inLanguage\":\"es\",\"@id\":\"https:\/\/wpguerssen-test.odoo.rgbconsulting.com\/es\/#\/schema\/logo\/image\/\",\"url\":\"https:\/\/wpguerssen-test.odoo.rgbconsulting.com\/wp-content\/uploads\/2022\/04\/Logo_Guerssen_trans_100.png\",\"contentUrl\":\"https:\/\/wpguerssen-test.odoo.rgbconsulting.com\/wp-content\/uploads\/2022\/04\/Logo_Guerssen_trans_100.png\",\"width\":122,\"height\":100,\"caption\":\"Guerssen records\"},\"image\":{\"@id\":\"https:\/\/wpguerssen-test.odoo.rgbconsulting.com\/es\/#\/schema\/logo\/image\/\"}}]}<\/script>\n<!-- \/ Yoast SEO plugin. -->","yoast_head_json":{"title":"MIGLIARDI, Mario - A Come Andromeda (Clear Acid Green) RSD25 -  (LP) | Guerssen","description":"* * * FIRST EVER VINYL EDITION!!! * * *\"A come Andromeda\" is a TV sci-fi mini-series directed by Vittorio Cottafavi, based on the eponymous novel (A for Andromeda) written by Fred Hoyle and John Elliot, aired in Italy by RAI in 1972. Its soundtrack, composed and conducted by Mario Migliardi, is finally released on vinyl for the first time ever.While listening to this album, one is plunged into a sci-fi dimension of experimental sounds that are sometimes hallucinatory, sometimes calm and tonal. Alessandroni's Cantori Moderni take part in this, blending into a magma of sounds constantly balanced between Heaven and Hell. \"Tema di Andromeda\" (A1), the main theme with Edda Dell'Orso's crystal voice, with its baroque flavour and modern arrangement with distorted electric guitars and rhythms, was a huge radio and discographic success in the wake of the great popularity of the TV series. \"Le spiagge di Durness\" (A2) is a romantic and rhythmic string piece, almost a ballet like those typical of the great old Italian TV shows. The original session is in mono, apart from the single and the dissonant tracks (A3, A4) that were mixed in stereo. Fascinating soundscapes characterise this score (A5, A6, B1, B2, B3, B4), alternating between orchestral parts and electronic music. There are also lounge passages such as a flute bossa (A6) and an energetic shake (B5).First ever LP edition exclusive for Record Store Day 2025 on clear acid green vinyl with 30x30cm insert. Liner notes and audio remastered by Claudio Fuiano.","robots":{"index":"index","follow":"follow","max-snippet":"max-snippet:-1","max-image-preview":"max-image-preview:large","max-video-preview":"max-video-preview:-1"},"canonical":"https:\/\/wpguerssen-test.odoo.rgbconsulting.com\/es\/producto\/a-come-andromeda-clear-acid-green-rsd25\/","og_locale":"es_ES","og_type":"article","og_title":"MIGLIARDI, Mario - A Come Andromeda (Clear Acid Green) RSD25 -  (LP) | Guerssen","og_description":"* * * FIRST EVER VINYL EDITION!!! * * *\"A come Andromeda\" is a TV sci-fi mini-series directed by Vittorio Cottafavi, based on the eponymous novel (A for Andromeda) written by Fred Hoyle and John Elliot, aired in Italy by RAI in 1972. Its soundtrack, composed and conducted by Mario Migliardi, is finally released on vinyl for the first time ever.While listening to this album, one is plunged into a sci-fi dimension of experimental sounds that are sometimes hallucinatory, sometimes calm and tonal. Alessandroni's Cantori Moderni take part in this, blending into a magma of sounds constantly balanced between Heaven and Hell. \"Tema di Andromeda\" (A1), the main theme with Edda Dell'Orso's crystal voice, with its baroque flavour and modern arrangement with distorted electric guitars and rhythms, was a huge radio and discographic success in the wake of the great popularity of the TV series. \"Le spiagge di Durness\" (A2) is a romantic and rhythmic string piece, almost a ballet like those typical of the great old Italian TV shows. The original session is in mono, apart from the single and the dissonant tracks (A3, A4) that were mixed in stereo. Fascinating soundscapes characterise this score (A5, A6, B1, B2, B3, B4), alternating between orchestral parts and electronic music. There are also lounge passages such as a flute bossa (A6) and an energetic shake (B5).First ever LP edition exclusive for Record Store Day 2025 on clear acid green vinyl with 30x30cm insert. Liner notes and audio remastered by Claudio Fuiano.","og_url":"https:\/\/wpguerssen-test.odoo.rgbconsulting.com\/es\/producto\/a-come-andromeda-clear-acid-green-rsd25\/","og_site_name":"Guerssen records","article_modified_time":"2025-04-23T15:40:48+00:00","og_image":[{"width":1500,"height":1500,"url":"https:\/\/wpguerssen-test.odoo.rgbconsulting.com\/wp-content\/uploads\/2025\/02\/49807.jpg","type":"image\/jpeg"}],"twitter_card":"summary_large_image","twitter_title":"MIGLIARDI, Mario - A Come Andromeda (Clear Acid Green) RSD25 -  (LP) | Guerssen","twitter_misc":{"Tiempo de lectura":"1 minuto"},"schema":{"@context":"https:\/\/schema.org","@graph":[{"@type":"WebPage","@id":"https:\/\/wpguerssen-test.odoo.rgbconsulting.com\/es\/producto\/a-come-andromeda-clear-acid-green-rsd25\/","url":"https:\/\/wpguerssen-test.odoo.rgbconsulting.com\/es\/producto\/a-come-andromeda-clear-acid-green-rsd25\/","name":"MIGLIARDI, Mario - A Come Andromeda (Clear Acid Green) RSD25 - (LP) | Guerssen","isPartOf":{"@id":"https:\/\/wpguerssen-test.odoo.rgbconsulting.com\/es\/#website"},"primaryImageOfPage":{"@id":"https:\/\/wpguerssen-test.odoo.rgbconsulting.com\/es\/producto\/a-come-andromeda-clear-acid-green-rsd25\/#primaryimage"},"image":{"@id":"https:\/\/wpguerssen-test.odoo.rgbconsulting.com\/es\/producto\/a-come-andromeda-clear-acid-green-rsd25\/#primaryimage"},"thumbnailUrl":"https:\/\/wpguerssen-test.odoo.rgbconsulting.com\/wp-content\/uploads\/2025\/02\/49807.jpg","datePublished":"2025-03-17T23:00:00+00:00","dateModified":"2025-04-23T15:40:48+00:00","description":"* * * FIRST EVER VINYL EDITION!!! * * *\"A come Andromeda\" is a TV sci-fi mini-series directed by Vittorio Cottafavi, based on the eponymous novel (A for Andromeda) written by Fred Hoyle and John Elliot, aired in Italy by RAI in 1972. Its soundtrack, composed and conducted by Mario Migliardi, is finally released on vinyl for the first time ever.While listening to this album, one is plunged into a sci-fi dimension of experimental sounds that are sometimes hallucinatory, sometimes calm and tonal. Alessandroni's Cantori Moderni take part in this, blending into a magma of sounds constantly balanced between Heaven and Hell. \"Tema di Andromeda\" (A1), the main theme with Edda Dell'Orso's crystal voice, with its baroque flavour and modern arrangement with distorted electric guitars and rhythms, was a huge radio and discographic success in the wake of the great popularity of the TV series. \"Le spiagge di Durness\" (A2) is a romantic and rhythmic string piece, almost a ballet like those typical of the great old Italian TV shows. The original session is in mono, apart from the single and the dissonant tracks (A3, A4) that were mixed in stereo. Fascinating soundscapes characterise this score (A5, A6, B1, B2, B3, B4), alternating between orchestral parts and electronic music. There are also lounge passages such as a flute bossa (A6) and an energetic shake (B5).First ever LP edition exclusive for Record Store Day 2025 on clear acid green vinyl with 30x30cm insert. Liner notes and audio remastered by Claudio Fuiano.","breadcrumb":{"@id":"https:\/\/wpguerssen-test.odoo.rgbconsulting.com\/es\/producto\/a-come-andromeda-clear-acid-green-rsd25\/#breadcrumb"},"inLanguage":"es","potentialAction":[{"@type":"ReadAction","target":["https:\/\/wpguerssen-test.odoo.rgbconsulting.com\/es\/producto\/a-come-andromeda-clear-acid-green-rsd25\/"]}]},{"@type":"ImageObject","inLanguage":"es","@id":"https:\/\/wpguerssen-test.odoo.rgbconsulting.com\/es\/producto\/a-come-andromeda-clear-acid-green-rsd25\/#primaryimage","url":"https:\/\/wpguerssen-test.odoo.rgbconsulting.com\/wp-content\/uploads\/2025\/02\/49807.jpg","contentUrl":"https:\/\/wpguerssen-test.odoo.rgbconsulting.com\/wp-content\/uploads\/2025\/02\/49807.jpg","width":1500,"height":1500,"caption":"Mario - A Come Andromeda (Clear Acid Green) RSD25 - BTF (LP) | Guerssen"},{"@type":"BreadcrumbList","@id":"https:\/\/wpguerssen-test.odoo.rgbconsulting.com\/es\/producto\/a-come-andromeda-clear-acid-green-rsd25\/#breadcrumb","itemListElement":[{"@type":"ListItem","position":1,"name":"Inicio","item":"https:\/\/wpguerssen-test.odoo.rgbconsulting.com\/es\/"},{"@type":"ListItem","position":2,"name":"Shop","item":"https:\/\/wpguerssen-test.odoo.rgbconsulting.com\/shop\/"},{"@type":"ListItem","position":3,"name":"A Come Andromeda (Clear Acid Green) RSD25"}]},{"@type":"WebSite","@id":"https:\/\/wpguerssen-test.odoo.rgbconsulting.com\/es\/#website","url":"https:\/\/wpguerssen-test.odoo.rgbconsulting.com\/es\/","name":"Guerssen records","description":"psychedelia - progressive - folk - garage ","publisher":{"@id":"https:\/\/wpguerssen-test.odoo.rgbconsulting.com\/es\/#organization"},"potentialAction":[{"@type":"SearchAction","target":{"@type":"EntryPoint","urlTemplate":"https:\/\/wpguerssen-test.odoo.rgbconsulting.com\/es\/?s={search_term_string}"},"query-input":{"@type":"PropertyValueSpecification","valueRequired":true,"valueName":"search_term_string"}}],"inLanguage":"es"},{"@type":"Organization","@id":"https:\/\/wpguerssen-test.odoo.rgbconsulting.com\/es\/#organization","name":"Guerssen records","url":"https:\/\/wpguerssen-test.odoo.rgbconsulting.com\/es\/","logo":{"@type":"ImageObject","inLanguage":"es","@id":"https:\/\/wpguerssen-test.odoo.rgbconsulting.com\/es\/#\/schema\/logo\/image\/","url":"https:\/\/wpguerssen-test.odoo.rgbconsulting.com\/wp-content\/uploads\/2022\/04\/Logo_Guerssen_trans_100.png","contentUrl":"https:\/\/wpguerssen-test.odoo.rgbconsulting.com\/wp-content\/uploads\/2022\/04\/Logo_Guerssen_trans_100.png","width":122,"height":100,"caption":"Guerssen records"},"image":{"@id":"https:\/\/wpguerssen-test.odoo.rgbconsulting.com\/es\/#\/schema\/logo\/image\/"}}]}},"_links":{"self":[{"href":"https:\/\/wpguerssen-test.odoo.rgbconsulting.com\/es\/wp-json\/wp\/v2\/product\/283247","targetHints":{"allow":["GET"]}}],"collection":[{"href":"https:\/\/wpguerssen-test.odoo.rgbconsulting.com\/es\/wp-json\/wp\/v2\/product"}],"about":[{"href":"https:\/\/wpguerssen-test.odoo.rgbconsulting.com\/es\/wp-json\/wp\/v2\/types\/product"}],"wp:featuredmedia":[{"embeddable":true,"href":"https:\/\/wpguerssen-test.odoo.rgbconsulting.com\/es\/wp-json\/wp\/v2\/media\/283187"}],"wp:attachment":[{"href":"https:\/\/wpguerssen-test.odoo.rgbconsulting.com\/es\/wp-json\/wp\/v2\/media?parent=283247"}],"wp:term":[{"taxonomy":"product_brand","embeddable":true,"href":"https:\/\/wpguerssen-test.odoo.rgbconsulting.com\/es\/wp-json\/wp\/v2\/product_brand?post=283247"},{"taxonomy":"product_cat","embeddable":true,"href":"https:\/\/wpguerssen-test.odoo.rgbconsulting.com\/es\/wp-json\/wp\/v2\/product_cat?post=283247"},{"taxonomy":"product_tag","embeddable":true,"href":"https:\/\/wpguerssen-test.odoo.rgbconsulting.com\/es\/wp-json\/wp\/v2\/product_tag?post=283247"}],"curies":[{"name":"wp","href":"https:\/\/api.w.org\/{rel}","templated":true}]}}