{"id":283249,"date":"2025-03-18T00:00:00","date_gmt":"2025-03-17T23:00:00","guid":{"rendered":"https:\/\/wpguerssen-test.odoo.rgbconsulting.com\/product\/dietro-il-processo-white\/"},"modified":"2025-04-23T17:41:00","modified_gmt":"2025-04-23T15:41:00","slug":"dietro-il-processo-white","status":"publish","type":"product","link":"https:\/\/wpguerssen-test.odoo.rgbconsulting.com\/es\/producto\/dietro-il-processo-white\/","title":{"rendered":"Dietro Il Processo (White)"},"content":{"rendered":"<p>* * * \u00a1\u00a1\u00a1PRIMERA EDICI\u00d3N EN VINILO!!! * * *<br \/>\u00abDietro il Processo\u00bb es un conjunto de episodios de investigaci\u00f3n dirigidos por Franco Biancacci y transmitidos en Italia por la RAI de 1978 a 1980, como parte de la serie \u00abStorie allo Specchio\u00bb. Ennio Morricone escribi\u00f3 el tema principal de \u00abDietro il Processo\u00bb y compuso la m\u00fasica de los tres episodios \u00abL&#8217;urlo\u00bb, \u00abL&#8217;ultima notte di Pier Paolo Pasolini\u00bb e \u00abIl caso Montesi\u00bb. Ninguno de los temas de Morricone se public\u00f3 inicialmente y reci\u00e9n en 2009 esta banda sonora apareci\u00f3 en CD.<br \/>Para \u00abDietro il Processo\u00bb, Ennio Morricone escribi\u00f3 un tema principal oscuro y misterioso, perfecto para describir la realidad urbana, en el que intervienen el oboe, la trompeta con sordina y el ya mencionado fliscorno interpretado por Oscar Valdambrini. Para esta edici\u00f3n se han utilizado los masters est\u00e9reo de la sesi\u00f3n original.<br \/>Primera edici\u00f3n en LP, exclusiva del Record Store Day 2025 en vinilo blanco con inserto de 30x30cm. Notas y audio remasterizados por Claudio Fuiano.<\/p>\n","protected":false},"excerpt":{"rendered":"<p>* * * \u00a1\u00a1\u00a1PRIMERA EDICI\u00d3N EN VINILO!!! * * *<br \/>\u00abDietro il Processo\u00bb es un conjunto de episodios de investigaci\u00f3n dirigidos por Franco Biancacci y transmitidos<a class=\"read\" href=\"https:\/\/wpguerssen-test.odoo.rgbconsulting.com\/es\/producto\/dietro-il-processo-white\/\"> (...)<\/a>","protected":false},"featured_media":283193,"template":"","meta":{"_acf_changed":false},"product_brand":[],"product_cat":[21641],"product_tag":[29140,24189],"class_list":{"0":"post-283249","1":"product","2":"type-product","3":"status-publish","4":"has-post-thumbnail","6":"product_cat-soundtracks-es","7":"product_tag-color-vinyl-es","8":"product_tag-recien-llegadas","9":"pa_artist-morricone-ennio-es","10":"pa_format-lp-es","11":"pa_gender-soundtracks","12":"pa_label-btf","13":"pa_location-europe-es","14":"pa_other-filters-vinyl-only-es","16":"first","17":"instock","18":"taxable","19":"shipping-taxable","20":"purchasable","21":"product-type-simple"},"acf":[],"yoast_head":"<!-- This site is optimized with the Yoast SEO plugin v24.9 - https:\/\/yoast.com\/wordpress\/plugins\/seo\/ -->\n<title>MORRICONE, Ennio - Dietro Il Processo (White) -  (LP) | Guerssen<\/title>\n<meta name=\"description\" content=\"* * * FIRST EVER VINYL EDITION!!! * * *&quot;Dietro il Processo&quot; is a set of TV investigation episodes directed by Franco Biancacci and broadcast in Italy by RAI from 1978 to 1980, as part of the &quot;Storie allo Specchio&quot; series. Ennio Morricone wrote the main theme for &quot;Dietro il Processo&quot; and scored the three episodes &quot;L&#039;urlo&quot;, &quot;L&#039;ultima notte di Pier Paolo Pasolini&quot; and &quot;Il caso Montesi&quot;. None of Morricone&#039;s tracks were initially released and only in 2009 this soundtrack appeared on CD.For &quot;Dietro il Processo&quot; Ennio Morricone wrote a dark, mysterious main theme, perfect for describing urban reality, in which the oboe, the trumpet with mute and the already mentioned flugelhorn played by Oscar Valdambrini intervene (A1, A4, A7, B7). &quot;Confuso notturno&quot; is a soft and extremely romantic piece for harpsichord and strings (A2), reprised in a pop key for saxophone and strings (A5), slower and more magical with keyboard and strings (B1) and in a version for trumpet and strings (B4). &quot;Chiedere aiuto&quot; is another motif of suspense and mystery, where the piano is accompanied by strings (A3), then reprised including Valdambrini&#039;s flugelhorn (B3), while &quot;Dietro la facciata&quot; (A6) is an apparently smooth theme for flugelhorn and strings that creates a suspended and hallucinatory atmosphere, reprised with sax (B2) and piano (B5). For this edition the original session stereo masters have been used.First ever LP edition, Record Store Day 2025 exclusive on white vinyl with 30x30cm insert. Liner notes and audio remastered by Claudio Fuiano.\" \/>\n<meta name=\"robots\" content=\"index, follow, max-snippet:-1, max-image-preview:large, max-video-preview:-1\" \/>\n<link rel=\"canonical\" href=\"https:\/\/wpguerssen-test.odoo.rgbconsulting.com\/es\/producto\/dietro-il-processo-white\/\" \/>\n<meta property=\"og:locale\" content=\"es_ES\" \/>\n<meta property=\"og:type\" content=\"article\" \/>\n<meta property=\"og:title\" content=\"MORRICONE, Ennio - Dietro Il Processo (White) -  (LP) | Guerssen\" \/>\n<meta property=\"og:description\" content=\"* * * FIRST EVER VINYL EDITION!!! * * *&quot;Dietro il Processo&quot; is a set of TV investigation episodes directed by Franco Biancacci and broadcast in Italy by RAI from 1978 to 1980, as part of the &quot;Storie allo Specchio&quot; series. Ennio Morricone wrote the main theme for &quot;Dietro il Processo&quot; and scored the three episodes &quot;L&#039;urlo&quot;, &quot;L&#039;ultima notte di Pier Paolo Pasolini&quot; and &quot;Il caso Montesi&quot;. None of Morricone&#039;s tracks were initially released and only in 2009 this soundtrack appeared on CD.For &quot;Dietro il Processo&quot; Ennio Morricone wrote a dark, mysterious main theme, perfect for describing urban reality, in which the oboe, the trumpet with mute and the already mentioned flugelhorn played by Oscar Valdambrini intervene (A1, A4, A7, B7). &quot;Confuso notturno&quot; is a soft and extremely romantic piece for harpsichord and strings (A2), reprised in a pop key for saxophone and strings (A5), slower and more magical with keyboard and strings (B1) and in a version for trumpet and strings (B4). &quot;Chiedere aiuto&quot; is another motif of suspense and mystery, where the piano is accompanied by strings (A3), then reprised including Valdambrini&#039;s flugelhorn (B3), while &quot;Dietro la facciata&quot; (A6) is an apparently smooth theme for flugelhorn and strings that creates a suspended and hallucinatory atmosphere, reprised with sax (B2) and piano (B5). For this edition the original session stereo masters have been used.First ever LP edition, Record Store Day 2025 exclusive on white vinyl with 30x30cm insert. Liner notes and audio remastered by Claudio Fuiano.\" \/>\n<meta property=\"og:url\" content=\"https:\/\/wpguerssen-test.odoo.rgbconsulting.com\/es\/producto\/dietro-il-processo-white\/\" \/>\n<meta property=\"og:site_name\" content=\"Guerssen records\" \/>\n<meta property=\"article:modified_time\" content=\"2025-04-23T15:41:00+00:00\" \/>\n<meta property=\"og:image\" content=\"https:\/\/wpguerssen-test.odoo.rgbconsulting.com\/wp-content\/uploads\/2025\/02\/49809.jpg\" \/>\n\t<meta property=\"og:image:width\" content=\"1500\" \/>\n\t<meta property=\"og:image:height\" content=\"1500\" \/>\n\t<meta property=\"og:image:type\" content=\"image\/jpeg\" \/>\n<meta name=\"twitter:card\" content=\"summary_large_image\" \/>\n<meta name=\"twitter:title\" content=\"MORRICONE, Ennio - Dietro Il Processo (White) -  (LP) | Guerssen\" \/>\n<meta name=\"twitter:label1\" content=\"Tiempo de lectura\" \/>\n\t<meta name=\"twitter:data1\" content=\"1 minuto\" \/>\n<script type=\"application\/ld+json\" class=\"yoast-schema-graph\">{\"@context\":\"https:\/\/schema.org\",\"@graph\":[{\"@type\":\"WebPage\",\"@id\":\"https:\/\/wpguerssen-test.odoo.rgbconsulting.com\/es\/producto\/dietro-il-processo-white\/\",\"url\":\"https:\/\/wpguerssen-test.odoo.rgbconsulting.com\/es\/producto\/dietro-il-processo-white\/\",\"name\":\"MORRICONE, Ennio - Dietro Il Processo (White) - (LP) | Guerssen\",\"isPartOf\":{\"@id\":\"https:\/\/wpguerssen-test.odoo.rgbconsulting.com\/es\/#website\"},\"primaryImageOfPage\":{\"@id\":\"https:\/\/wpguerssen-test.odoo.rgbconsulting.com\/es\/producto\/dietro-il-processo-white\/#primaryimage\"},\"image\":{\"@id\":\"https:\/\/wpguerssen-test.odoo.rgbconsulting.com\/es\/producto\/dietro-il-processo-white\/#primaryimage\"},\"thumbnailUrl\":\"https:\/\/wpguerssen-test.odoo.rgbconsulting.com\/wp-content\/uploads\/2025\/02\/49809.jpg\",\"datePublished\":\"2025-03-17T23:00:00+00:00\",\"dateModified\":\"2025-04-23T15:41:00+00:00\",\"description\":\"* * * FIRST EVER VINYL EDITION!!! * * *\\\"Dietro il Processo\\\" is a set of TV investigation episodes directed by Franco Biancacci and broadcast in Italy by RAI from 1978 to 1980, as part of the \\\"Storie allo Specchio\\\" series. Ennio Morricone wrote the main theme for \\\"Dietro il Processo\\\" and scored the three episodes \\\"L'urlo\\\", \\\"L'ultima notte di Pier Paolo Pasolini\\\" and \\\"Il caso Montesi\\\". None of Morricone's tracks were initially released and only in 2009 this soundtrack appeared on CD.For \\\"Dietro il Processo\\\" Ennio Morricone wrote a dark, mysterious main theme, perfect for describing urban reality, in which the oboe, the trumpet with mute and the already mentioned flugelhorn played by Oscar Valdambrini intervene (A1, A4, A7, B7). \\\"Confuso notturno\\\" is a soft and extremely romantic piece for harpsichord and strings (A2), reprised in a pop key for saxophone and strings (A5), slower and more magical with keyboard and strings (B1) and in a version for trumpet and strings (B4). \\\"Chiedere aiuto\\\" is another motif of suspense and mystery, where the piano is accompanied by strings (A3), then reprised including Valdambrini's flugelhorn (B3), while \\\"Dietro la facciata\\\" (A6) is an apparently smooth theme for flugelhorn and strings that creates a suspended and hallucinatory atmosphere, reprised with sax (B2) and piano (B5). For this edition the original session stereo masters have been used.First ever LP edition, Record Store Day 2025 exclusive on white vinyl with 30x30cm insert. Liner notes and audio remastered by Claudio Fuiano.\",\"breadcrumb\":{\"@id\":\"https:\/\/wpguerssen-test.odoo.rgbconsulting.com\/es\/producto\/dietro-il-processo-white\/#breadcrumb\"},\"inLanguage\":\"es\",\"potentialAction\":[{\"@type\":\"ReadAction\",\"target\":[\"https:\/\/wpguerssen-test.odoo.rgbconsulting.com\/es\/producto\/dietro-il-processo-white\/\"]}]},{\"@type\":\"ImageObject\",\"inLanguage\":\"es\",\"@id\":\"https:\/\/wpguerssen-test.odoo.rgbconsulting.com\/es\/producto\/dietro-il-processo-white\/#primaryimage\",\"url\":\"https:\/\/wpguerssen-test.odoo.rgbconsulting.com\/wp-content\/uploads\/2025\/02\/49809.jpg\",\"contentUrl\":\"https:\/\/wpguerssen-test.odoo.rgbconsulting.com\/wp-content\/uploads\/2025\/02\/49809.jpg\",\"width\":1500,\"height\":1500,\"caption\":\"Ennio - Dietro Il Processo (White) - BTF (LP) | Guerssen\"},{\"@type\":\"BreadcrumbList\",\"@id\":\"https:\/\/wpguerssen-test.odoo.rgbconsulting.com\/es\/producto\/dietro-il-processo-white\/#breadcrumb\",\"itemListElement\":[{\"@type\":\"ListItem\",\"position\":1,\"name\":\"Inicio\",\"item\":\"https:\/\/wpguerssen-test.odoo.rgbconsulting.com\/es\/\"},{\"@type\":\"ListItem\",\"position\":2,\"name\":\"Shop\",\"item\":\"https:\/\/wpguerssen-test.odoo.rgbconsulting.com\/shop\/\"},{\"@type\":\"ListItem\",\"position\":3,\"name\":\"Dietro Il Processo (White)\"}]},{\"@type\":\"WebSite\",\"@id\":\"https:\/\/wpguerssen-test.odoo.rgbconsulting.com\/es\/#website\",\"url\":\"https:\/\/wpguerssen-test.odoo.rgbconsulting.com\/es\/\",\"name\":\"Guerssen records\",\"description\":\"psychedelia - progressive - folk - garage \",\"publisher\":{\"@id\":\"https:\/\/wpguerssen-test.odoo.rgbconsulting.com\/es\/#organization\"},\"potentialAction\":[{\"@type\":\"SearchAction\",\"target\":{\"@type\":\"EntryPoint\",\"urlTemplate\":\"https:\/\/wpguerssen-test.odoo.rgbconsulting.com\/es\/?s={search_term_string}\"},\"query-input\":{\"@type\":\"PropertyValueSpecification\",\"valueRequired\":true,\"valueName\":\"search_term_string\"}}],\"inLanguage\":\"es\"},{\"@type\":\"Organization\",\"@id\":\"https:\/\/wpguerssen-test.odoo.rgbconsulting.com\/es\/#organization\",\"name\":\"Guerssen records\",\"url\":\"https:\/\/wpguerssen-test.odoo.rgbconsulting.com\/es\/\",\"logo\":{\"@type\":\"ImageObject\",\"inLanguage\":\"es\",\"@id\":\"https:\/\/wpguerssen-test.odoo.rgbconsulting.com\/es\/#\/schema\/logo\/image\/\",\"url\":\"https:\/\/wpguerssen-test.odoo.rgbconsulting.com\/wp-content\/uploads\/2022\/04\/Logo_Guerssen_trans_100.png\",\"contentUrl\":\"https:\/\/wpguerssen-test.odoo.rgbconsulting.com\/wp-content\/uploads\/2022\/04\/Logo_Guerssen_trans_100.png\",\"width\":122,\"height\":100,\"caption\":\"Guerssen records\"},\"image\":{\"@id\":\"https:\/\/wpguerssen-test.odoo.rgbconsulting.com\/es\/#\/schema\/logo\/image\/\"}}]}<\/script>\n<!-- \/ Yoast SEO plugin. -->","yoast_head_json":{"title":"MORRICONE, Ennio - Dietro Il Processo (White) -  (LP) | Guerssen","description":"* * * FIRST EVER VINYL EDITION!!! * * *\"Dietro il Processo\" is a set of TV investigation episodes directed by Franco Biancacci and broadcast in Italy by RAI from 1978 to 1980, as part of the \"Storie allo Specchio\" series. Ennio Morricone wrote the main theme for \"Dietro il Processo\" and scored the three episodes \"L'urlo\", \"L'ultima notte di Pier Paolo Pasolini\" and \"Il caso Montesi\". None of Morricone's tracks were initially released and only in 2009 this soundtrack appeared on CD.For \"Dietro il Processo\" Ennio Morricone wrote a dark, mysterious main theme, perfect for describing urban reality, in which the oboe, the trumpet with mute and the already mentioned flugelhorn played by Oscar Valdambrini intervene (A1, A4, A7, B7). \"Confuso notturno\" is a soft and extremely romantic piece for harpsichord and strings (A2), reprised in a pop key for saxophone and strings (A5), slower and more magical with keyboard and strings (B1) and in a version for trumpet and strings (B4). \"Chiedere aiuto\" is another motif of suspense and mystery, where the piano is accompanied by strings (A3), then reprised including Valdambrini's flugelhorn (B3), while \"Dietro la facciata\" (A6) is an apparently smooth theme for flugelhorn and strings that creates a suspended and hallucinatory atmosphere, reprised with sax (B2) and piano (B5). For this edition the original session stereo masters have been used.First ever LP edition, Record Store Day 2025 exclusive on white vinyl with 30x30cm insert. Liner notes and audio remastered by Claudio Fuiano.","robots":{"index":"index","follow":"follow","max-snippet":"max-snippet:-1","max-image-preview":"max-image-preview:large","max-video-preview":"max-video-preview:-1"},"canonical":"https:\/\/wpguerssen-test.odoo.rgbconsulting.com\/es\/producto\/dietro-il-processo-white\/","og_locale":"es_ES","og_type":"article","og_title":"MORRICONE, Ennio - Dietro Il Processo (White) -  (LP) | Guerssen","og_description":"* * * FIRST EVER VINYL EDITION!!! * * *\"Dietro il Processo\" is a set of TV investigation episodes directed by Franco Biancacci and broadcast in Italy by RAI from 1978 to 1980, as part of the \"Storie allo Specchio\" series. Ennio Morricone wrote the main theme for \"Dietro il Processo\" and scored the three episodes \"L'urlo\", \"L'ultima notte di Pier Paolo Pasolini\" and \"Il caso Montesi\". None of Morricone's tracks were initially released and only in 2009 this soundtrack appeared on CD.For \"Dietro il Processo\" Ennio Morricone wrote a dark, mysterious main theme, perfect for describing urban reality, in which the oboe, the trumpet with mute and the already mentioned flugelhorn played by Oscar Valdambrini intervene (A1, A4, A7, B7). \"Confuso notturno\" is a soft and extremely romantic piece for harpsichord and strings (A2), reprised in a pop key for saxophone and strings (A5), slower and more magical with keyboard and strings (B1) and in a version for trumpet and strings (B4). \"Chiedere aiuto\" is another motif of suspense and mystery, where the piano is accompanied by strings (A3), then reprised including Valdambrini's flugelhorn (B3), while \"Dietro la facciata\" (A6) is an apparently smooth theme for flugelhorn and strings that creates a suspended and hallucinatory atmosphere, reprised with sax (B2) and piano (B5). For this edition the original session stereo masters have been used.First ever LP edition, Record Store Day 2025 exclusive on white vinyl with 30x30cm insert. Liner notes and audio remastered by Claudio Fuiano.","og_url":"https:\/\/wpguerssen-test.odoo.rgbconsulting.com\/es\/producto\/dietro-il-processo-white\/","og_site_name":"Guerssen records","article_modified_time":"2025-04-23T15:41:00+00:00","og_image":[{"width":1500,"height":1500,"url":"https:\/\/wpguerssen-test.odoo.rgbconsulting.com\/wp-content\/uploads\/2025\/02\/49809.jpg","type":"image\/jpeg"}],"twitter_card":"summary_large_image","twitter_title":"MORRICONE, Ennio - Dietro Il Processo (White) -  (LP) | Guerssen","twitter_misc":{"Tiempo de lectura":"1 minuto"},"schema":{"@context":"https:\/\/schema.org","@graph":[{"@type":"WebPage","@id":"https:\/\/wpguerssen-test.odoo.rgbconsulting.com\/es\/producto\/dietro-il-processo-white\/","url":"https:\/\/wpguerssen-test.odoo.rgbconsulting.com\/es\/producto\/dietro-il-processo-white\/","name":"MORRICONE, Ennio - Dietro Il Processo (White) - (LP) | Guerssen","isPartOf":{"@id":"https:\/\/wpguerssen-test.odoo.rgbconsulting.com\/es\/#website"},"primaryImageOfPage":{"@id":"https:\/\/wpguerssen-test.odoo.rgbconsulting.com\/es\/producto\/dietro-il-processo-white\/#primaryimage"},"image":{"@id":"https:\/\/wpguerssen-test.odoo.rgbconsulting.com\/es\/producto\/dietro-il-processo-white\/#primaryimage"},"thumbnailUrl":"https:\/\/wpguerssen-test.odoo.rgbconsulting.com\/wp-content\/uploads\/2025\/02\/49809.jpg","datePublished":"2025-03-17T23:00:00+00:00","dateModified":"2025-04-23T15:41:00+00:00","description":"* * * FIRST EVER VINYL EDITION!!! * * *\"Dietro il Processo\" is a set of TV investigation episodes directed by Franco Biancacci and broadcast in Italy by RAI from 1978 to 1980, as part of the \"Storie allo Specchio\" series. Ennio Morricone wrote the main theme for \"Dietro il Processo\" and scored the three episodes \"L'urlo\", \"L'ultima notte di Pier Paolo Pasolini\" and \"Il caso Montesi\". None of Morricone's tracks were initially released and only in 2009 this soundtrack appeared on CD.For \"Dietro il Processo\" Ennio Morricone wrote a dark, mysterious main theme, perfect for describing urban reality, in which the oboe, the trumpet with mute and the already mentioned flugelhorn played by Oscar Valdambrini intervene (A1, A4, A7, B7). \"Confuso notturno\" is a soft and extremely romantic piece for harpsichord and strings (A2), reprised in a pop key for saxophone and strings (A5), slower and more magical with keyboard and strings (B1) and in a version for trumpet and strings (B4). \"Chiedere aiuto\" is another motif of suspense and mystery, where the piano is accompanied by strings (A3), then reprised including Valdambrini's flugelhorn (B3), while \"Dietro la facciata\" (A6) is an apparently smooth theme for flugelhorn and strings that creates a suspended and hallucinatory atmosphere, reprised with sax (B2) and piano (B5). For this edition the original session stereo masters have been used.First ever LP edition, Record Store Day 2025 exclusive on white vinyl with 30x30cm insert. Liner notes and audio remastered by Claudio Fuiano.","breadcrumb":{"@id":"https:\/\/wpguerssen-test.odoo.rgbconsulting.com\/es\/producto\/dietro-il-processo-white\/#breadcrumb"},"inLanguage":"es","potentialAction":[{"@type":"ReadAction","target":["https:\/\/wpguerssen-test.odoo.rgbconsulting.com\/es\/producto\/dietro-il-processo-white\/"]}]},{"@type":"ImageObject","inLanguage":"es","@id":"https:\/\/wpguerssen-test.odoo.rgbconsulting.com\/es\/producto\/dietro-il-processo-white\/#primaryimage","url":"https:\/\/wpguerssen-test.odoo.rgbconsulting.com\/wp-content\/uploads\/2025\/02\/49809.jpg","contentUrl":"https:\/\/wpguerssen-test.odoo.rgbconsulting.com\/wp-content\/uploads\/2025\/02\/49809.jpg","width":1500,"height":1500,"caption":"Ennio - Dietro Il Processo (White) - BTF (LP) | Guerssen"},{"@type":"BreadcrumbList","@id":"https:\/\/wpguerssen-test.odoo.rgbconsulting.com\/es\/producto\/dietro-il-processo-white\/#breadcrumb","itemListElement":[{"@type":"ListItem","position":1,"name":"Inicio","item":"https:\/\/wpguerssen-test.odoo.rgbconsulting.com\/es\/"},{"@type":"ListItem","position":2,"name":"Shop","item":"https:\/\/wpguerssen-test.odoo.rgbconsulting.com\/shop\/"},{"@type":"ListItem","position":3,"name":"Dietro Il Processo (White)"}]},{"@type":"WebSite","@id":"https:\/\/wpguerssen-test.odoo.rgbconsulting.com\/es\/#website","url":"https:\/\/wpguerssen-test.odoo.rgbconsulting.com\/es\/","name":"Guerssen records","description":"psychedelia - progressive - folk - garage ","publisher":{"@id":"https:\/\/wpguerssen-test.odoo.rgbconsulting.com\/es\/#organization"},"potentialAction":[{"@type":"SearchAction","target":{"@type":"EntryPoint","urlTemplate":"https:\/\/wpguerssen-test.odoo.rgbconsulting.com\/es\/?s={search_term_string}"},"query-input":{"@type":"PropertyValueSpecification","valueRequired":true,"valueName":"search_term_string"}}],"inLanguage":"es"},{"@type":"Organization","@id":"https:\/\/wpguerssen-test.odoo.rgbconsulting.com\/es\/#organization","name":"Guerssen records","url":"https:\/\/wpguerssen-test.odoo.rgbconsulting.com\/es\/","logo":{"@type":"ImageObject","inLanguage":"es","@id":"https:\/\/wpguerssen-test.odoo.rgbconsulting.com\/es\/#\/schema\/logo\/image\/","url":"https:\/\/wpguerssen-test.odoo.rgbconsulting.com\/wp-content\/uploads\/2022\/04\/Logo_Guerssen_trans_100.png","contentUrl":"https:\/\/wpguerssen-test.odoo.rgbconsulting.com\/wp-content\/uploads\/2022\/04\/Logo_Guerssen_trans_100.png","width":122,"height":100,"caption":"Guerssen records"},"image":{"@id":"https:\/\/wpguerssen-test.odoo.rgbconsulting.com\/es\/#\/schema\/logo\/image\/"}}]}},"_links":{"self":[{"href":"https:\/\/wpguerssen-test.odoo.rgbconsulting.com\/es\/wp-json\/wp\/v2\/product\/283249","targetHints":{"allow":["GET"]}}],"collection":[{"href":"https:\/\/wpguerssen-test.odoo.rgbconsulting.com\/es\/wp-json\/wp\/v2\/product"}],"about":[{"href":"https:\/\/wpguerssen-test.odoo.rgbconsulting.com\/es\/wp-json\/wp\/v2\/types\/product"}],"wp:featuredmedia":[{"embeddable":true,"href":"https:\/\/wpguerssen-test.odoo.rgbconsulting.com\/es\/wp-json\/wp\/v2\/media\/283193"}],"wp:attachment":[{"href":"https:\/\/wpguerssen-test.odoo.rgbconsulting.com\/es\/wp-json\/wp\/v2\/media?parent=283249"}],"wp:term":[{"taxonomy":"product_brand","embeddable":true,"href":"https:\/\/wpguerssen-test.odoo.rgbconsulting.com\/es\/wp-json\/wp\/v2\/product_brand?post=283249"},{"taxonomy":"product_cat","embeddable":true,"href":"https:\/\/wpguerssen-test.odoo.rgbconsulting.com\/es\/wp-json\/wp\/v2\/product_cat?post=283249"},{"taxonomy":"product_tag","embeddable":true,"href":"https:\/\/wpguerssen-test.odoo.rgbconsulting.com\/es\/wp-json\/wp\/v2\/product_tag?post=283249"}],"curies":[{"name":"wp","href":"https:\/\/api.w.org\/{rel}","templated":true}]}}