{"id":283251,"date":"2025-03-18T00:00:00","date_gmt":"2025-03-17T23:00:00","guid":{"rendered":"https:\/\/wpguerssen-test.odoo.rgbconsulting.com\/product\/kiss-kiss-bang-bang-clear-yellow-rsd25\/"},"modified":"2025-04-29T13:38:15","modified_gmt":"2025-04-29T11:38:15","slug":"kiss-kiss-bang-bang-clear-yellow-rsd25","status":"publish","type":"product","link":"https:\/\/wpguerssen-test.odoo.rgbconsulting.com\/es\/producto\/kiss-kiss-bang-bang-clear-yellow-rsd25\/","title":{"rendered":"Kiss Kiss&#8230; Bang Bang (Clear Yellow) RSD25"},"content":{"rendered":"<p>* * * \u00a1\u00a1\u00a1PRIMER LANZAMIENTO EN VINILO!!! * * *<br \/>\u00abKiss Kiss&#8230; Bang Bang\u00bb es una pel\u00edcula de esp\u00edas de 1966 dirigida por Duccio Tessari, protagonizada por Giuliano Gemma, Daniele Vargas y George Martin, entre otros. Ese mismo a\u00f1o solo se lanz\u00f3 un disco de 45 rpm, que inclu\u00eda los temas \u00abLove Love Bang Bang\u00bb cantado por Nancy Cuomo, acompa\u00f1ada por Cantori Moderni de Alessandro Alessandroni, y \u00abKiss-me-Warren-please\u00bb. Por lo tanto, esta es la primera edici\u00f3n en vinilo de esta banda sonora, que incluye diecis\u00e9is pistas tomadas de la sesi\u00f3n mono master original, con una duraci\u00f3n total de aproximadamente 38 minutos.<br \/>Primera edici\u00f3n en LP, exclusiva del Record Store Day 2025 en vinilo amarillo claro con inserto de 30&#215;30 cm. Notas y audio remasterizados por Claudio Fuiano.<\/p>\n","protected":false},"excerpt":{"rendered":"<p>* * * \u00a1\u00a1\u00a1PRIMER LANZAMIENTO EN VINILO!!! * * *<br \/>\u00abKiss Kiss&#8230; Bang Bang\u00bb es una pel\u00edcula de esp\u00edas de 1966 dirigida por Duccio Tessari, protagonizada<a class=\"read\" href=\"https:\/\/wpguerssen-test.odoo.rgbconsulting.com\/es\/producto\/kiss-kiss-bang-bang-clear-yellow-rsd25\/\"> (...)<\/a>","protected":false},"featured_media":283199,"template":"","meta":{"_acf_changed":false},"product_brand":[],"product_cat":[24508,21641],"product_tag":[29140,24189],"class_list":{"0":"post-283251","1":"product","2":"type-product","3":"status-publish","4":"has-post-thumbnail","6":"product_cat-uncategorized","7":"product_cat-soundtracks-es","8":"product_tag-color-vinyl-es","9":"product_tag-recien-llegadas","10":"pa_artist-nicolai-bruno-es-2","11":"pa_format-lp-es","12":"pa_gender-soundtracks","13":"pa_label-btf","14":"pa_location-europe-es","15":"pa_other-filters-vinyl-only-es","17":"first","18":"instock","19":"taxable","20":"shipping-taxable","21":"purchasable","22":"product-type-simple"},"acf":[],"yoast_head":"<!-- This site is optimized with the Yoast SEO plugin v24.9 - https:\/\/yoast.com\/wordpress\/plugins\/seo\/ -->\n<title>NICOLAI, Bruno - Kiss Kiss... Bang Bang (Clear Yellow) RSD25 -  (LP) | Guerssen<\/title>\n<meta name=\"description\" content=\"* * * FIRST EVER VINYL RELEASE!!! * * *&quot;Kiss Kiss... Bang Bang&quot; is a 1966 spy movie directed by Duccio Tessari, starring Giuliano Gemma, Daniele Vargas and George Martin among others. That same year only a 45rpm was released, including the tracks &quot;Love Love Bang Bang&quot; sung by Nancy Cuomo, accompanied by Alessandro Alessandroni&#039;s Cantori Moderni, and &quot;Kiss-me-Warren-please&quot;. Therefore, this is the first ever vinyl edition of this soundtrack, including sixteen tracks taken from the original session mono master, for a total length of about 38 minutes.Bruno Nicolai composed a soundtrack based on different versions of the two main themes. &quot;Love Love Bang Bang&quot;, the song from the opening credits (A1), is featured with different arrangements: dreamy for sax and piano (A4), baroque classical (A5), march (B1), as a tender lullaby for strings and celesta (B4) and even with a James Bond-style intro (B8). &quot;Kiss-Me-Warren-Please&quot;, the main character&#039;s love theme, is instead present as a jazz motif with solo sax (A2), trumpet (A6) and clarinet (B2). Bruno Nicolai has also composed evocative suspenseful atmospheres with organ and rhythmic effects to describe the spy side of the plot (A3, A7, B6) and tracks that would perfectly fit in a nightclub context (A8, B5, B7).First ever LP edition, Record Store Day 2025 exclusive on clear yellow vinyl with 30x30cm insert. Liner notes and audio remastered by Claudio Fuiano.\" \/>\n<meta name=\"robots\" content=\"index, follow, max-snippet:-1, max-image-preview:large, max-video-preview:-1\" \/>\n<link rel=\"canonical\" href=\"https:\/\/wpguerssen-test.odoo.rgbconsulting.com\/es\/producto\/kiss-kiss-bang-bang-clear-yellow-rsd25\/\" \/>\n<meta property=\"og:locale\" content=\"es_ES\" \/>\n<meta property=\"og:type\" content=\"article\" \/>\n<meta property=\"og:title\" content=\"NICOLAI, Bruno - Kiss Kiss... Bang Bang (Clear Yellow) RSD25 -  (LP) | Guerssen\" \/>\n<meta property=\"og:description\" content=\"* * * FIRST EVER VINYL RELEASE!!! * * *&quot;Kiss Kiss... Bang Bang&quot; is a 1966 spy movie directed by Duccio Tessari, starring Giuliano Gemma, Daniele Vargas and George Martin among others. That same year only a 45rpm was released, including the tracks &quot;Love Love Bang Bang&quot; sung by Nancy Cuomo, accompanied by Alessandro Alessandroni&#039;s Cantori Moderni, and &quot;Kiss-me-Warren-please&quot;. Therefore, this is the first ever vinyl edition of this soundtrack, including sixteen tracks taken from the original session mono master, for a total length of about 38 minutes.Bruno Nicolai composed a soundtrack based on different versions of the two main themes. &quot;Love Love Bang Bang&quot;, the song from the opening credits (A1), is featured with different arrangements: dreamy for sax and piano (A4), baroque classical (A5), march (B1), as a tender lullaby for strings and celesta (B4) and even with a James Bond-style intro (B8). &quot;Kiss-Me-Warren-Please&quot;, the main character&#039;s love theme, is instead present as a jazz motif with solo sax (A2), trumpet (A6) and clarinet (B2). Bruno Nicolai has also composed evocative suspenseful atmospheres with organ and rhythmic effects to describe the spy side of the plot (A3, A7, B6) and tracks that would perfectly fit in a nightclub context (A8, B5, B7).First ever LP edition, Record Store Day 2025 exclusive on clear yellow vinyl with 30x30cm insert. Liner notes and audio remastered by Claudio Fuiano.\" \/>\n<meta property=\"og:url\" content=\"https:\/\/wpguerssen-test.odoo.rgbconsulting.com\/es\/producto\/kiss-kiss-bang-bang-clear-yellow-rsd25\/\" \/>\n<meta property=\"og:site_name\" content=\"Guerssen records\" \/>\n<meta property=\"article:modified_time\" content=\"2025-04-29T11:38:15+00:00\" \/>\n<meta property=\"og:image\" content=\"https:\/\/wpguerssen-test.odoo.rgbconsulting.com\/wp-content\/uploads\/2025\/02\/49811.jpg\" \/>\n\t<meta property=\"og:image:width\" content=\"1500\" \/>\n\t<meta property=\"og:image:height\" content=\"1500\" \/>\n\t<meta property=\"og:image:type\" content=\"image\/jpeg\" \/>\n<meta name=\"twitter:card\" content=\"summary_large_image\" \/>\n<meta name=\"twitter:title\" content=\"NICOLAI, Bruno - Kiss Kiss... Bang Bang (Clear Yellow) RSD25 -  (LP) | Guerssen\" \/>\n<meta name=\"twitter:label1\" content=\"Tiempo de lectura\" \/>\n\t<meta name=\"twitter:data1\" content=\"1 minuto\" \/>\n<script type=\"application\/ld+json\" class=\"yoast-schema-graph\">{\"@context\":\"https:\/\/schema.org\",\"@graph\":[{\"@type\":\"WebPage\",\"@id\":\"https:\/\/wpguerssen-test.odoo.rgbconsulting.com\/es\/producto\/kiss-kiss-bang-bang-clear-yellow-rsd25\/\",\"url\":\"https:\/\/wpguerssen-test.odoo.rgbconsulting.com\/es\/producto\/kiss-kiss-bang-bang-clear-yellow-rsd25\/\",\"name\":\"NICOLAI, Bruno - Kiss Kiss... Bang Bang (Clear Yellow) RSD25 - (LP) | Guerssen\",\"isPartOf\":{\"@id\":\"https:\/\/wpguerssen-test.odoo.rgbconsulting.com\/es\/#website\"},\"primaryImageOfPage\":{\"@id\":\"https:\/\/wpguerssen-test.odoo.rgbconsulting.com\/es\/producto\/kiss-kiss-bang-bang-clear-yellow-rsd25\/#primaryimage\"},\"image\":{\"@id\":\"https:\/\/wpguerssen-test.odoo.rgbconsulting.com\/es\/producto\/kiss-kiss-bang-bang-clear-yellow-rsd25\/#primaryimage\"},\"thumbnailUrl\":\"https:\/\/wpguerssen-test.odoo.rgbconsulting.com\/wp-content\/uploads\/2025\/02\/49811.jpg\",\"datePublished\":\"2025-03-17T23:00:00+00:00\",\"dateModified\":\"2025-04-29T11:38:15+00:00\",\"description\":\"* * * FIRST EVER VINYL RELEASE!!! * * *\\\"Kiss Kiss... Bang Bang\\\" is a 1966 spy movie directed by Duccio Tessari, starring Giuliano Gemma, Daniele Vargas and George Martin among others. That same year only a 45rpm was released, including the tracks \\\"Love Love Bang Bang\\\" sung by Nancy Cuomo, accompanied by Alessandro Alessandroni's Cantori Moderni, and \\\"Kiss-me-Warren-please\\\". Therefore, this is the first ever vinyl edition of this soundtrack, including sixteen tracks taken from the original session mono master, for a total length of about 38 minutes.Bruno Nicolai composed a soundtrack based on different versions of the two main themes. \\\"Love Love Bang Bang\\\", the song from the opening credits (A1), is featured with different arrangements: dreamy for sax and piano (A4), baroque classical (A5), march (B1), as a tender lullaby for strings and celesta (B4) and even with a James Bond-style intro (B8). \\\"Kiss-Me-Warren-Please\\\", the main character's love theme, is instead present as a jazz motif with solo sax (A2), trumpet (A6) and clarinet (B2). Bruno Nicolai has also composed evocative suspenseful atmospheres with organ and rhythmic effects to describe the spy side of the plot (A3, A7, B6) and tracks that would perfectly fit in a nightclub context (A8, B5, B7).First ever LP edition, Record Store Day 2025 exclusive on clear yellow vinyl with 30x30cm insert. Liner notes and audio remastered by Claudio Fuiano.\",\"breadcrumb\":{\"@id\":\"https:\/\/wpguerssen-test.odoo.rgbconsulting.com\/es\/producto\/kiss-kiss-bang-bang-clear-yellow-rsd25\/#breadcrumb\"},\"inLanguage\":\"es\",\"potentialAction\":[{\"@type\":\"ReadAction\",\"target\":[\"https:\/\/wpguerssen-test.odoo.rgbconsulting.com\/es\/producto\/kiss-kiss-bang-bang-clear-yellow-rsd25\/\"]}]},{\"@type\":\"ImageObject\",\"inLanguage\":\"es\",\"@id\":\"https:\/\/wpguerssen-test.odoo.rgbconsulting.com\/es\/producto\/kiss-kiss-bang-bang-clear-yellow-rsd25\/#primaryimage\",\"url\":\"https:\/\/wpguerssen-test.odoo.rgbconsulting.com\/wp-content\/uploads\/2025\/02\/49811.jpg\",\"contentUrl\":\"https:\/\/wpguerssen-test.odoo.rgbconsulting.com\/wp-content\/uploads\/2025\/02\/49811.jpg\",\"width\":1500,\"height\":1500,\"caption\":\"Bruno - Kiss Kiss... Bang Bang (Clear Yellow) RSD25 - BTF (LP) | Guerssen\"},{\"@type\":\"BreadcrumbList\",\"@id\":\"https:\/\/wpguerssen-test.odoo.rgbconsulting.com\/es\/producto\/kiss-kiss-bang-bang-clear-yellow-rsd25\/#breadcrumb\",\"itemListElement\":[{\"@type\":\"ListItem\",\"position\":1,\"name\":\"Inicio\",\"item\":\"https:\/\/wpguerssen-test.odoo.rgbconsulting.com\/es\/\"},{\"@type\":\"ListItem\",\"position\":2,\"name\":\"Shop\",\"item\":\"https:\/\/wpguerssen-test.odoo.rgbconsulting.com\/shop\/\"},{\"@type\":\"ListItem\",\"position\":3,\"name\":\"Kiss Kiss&#8230; Bang Bang (Clear Yellow) RSD25\"}]},{\"@type\":\"WebSite\",\"@id\":\"https:\/\/wpguerssen-test.odoo.rgbconsulting.com\/es\/#website\",\"url\":\"https:\/\/wpguerssen-test.odoo.rgbconsulting.com\/es\/\",\"name\":\"Guerssen records\",\"description\":\"psychedelia - progressive - folk - garage \",\"publisher\":{\"@id\":\"https:\/\/wpguerssen-test.odoo.rgbconsulting.com\/es\/#organization\"},\"potentialAction\":[{\"@type\":\"SearchAction\",\"target\":{\"@type\":\"EntryPoint\",\"urlTemplate\":\"https:\/\/wpguerssen-test.odoo.rgbconsulting.com\/es\/?s={search_term_string}\"},\"query-input\":{\"@type\":\"PropertyValueSpecification\",\"valueRequired\":true,\"valueName\":\"search_term_string\"}}],\"inLanguage\":\"es\"},{\"@type\":\"Organization\",\"@id\":\"https:\/\/wpguerssen-test.odoo.rgbconsulting.com\/es\/#organization\",\"name\":\"Guerssen records\",\"url\":\"https:\/\/wpguerssen-test.odoo.rgbconsulting.com\/es\/\",\"logo\":{\"@type\":\"ImageObject\",\"inLanguage\":\"es\",\"@id\":\"https:\/\/wpguerssen-test.odoo.rgbconsulting.com\/es\/#\/schema\/logo\/image\/\",\"url\":\"https:\/\/wpguerssen-test.odoo.rgbconsulting.com\/wp-content\/uploads\/2022\/04\/Logo_Guerssen_trans_100.png\",\"contentUrl\":\"https:\/\/wpguerssen-test.odoo.rgbconsulting.com\/wp-content\/uploads\/2022\/04\/Logo_Guerssen_trans_100.png\",\"width\":122,\"height\":100,\"caption\":\"Guerssen records\"},\"image\":{\"@id\":\"https:\/\/wpguerssen-test.odoo.rgbconsulting.com\/es\/#\/schema\/logo\/image\/\"}}]}<\/script>\n<!-- \/ Yoast SEO plugin. -->","yoast_head_json":{"title":"NICOLAI, Bruno - Kiss Kiss... Bang Bang (Clear Yellow) RSD25 -  (LP) | Guerssen","description":"* * * FIRST EVER VINYL RELEASE!!! * * *\"Kiss Kiss... Bang Bang\" is a 1966 spy movie directed by Duccio Tessari, starring Giuliano Gemma, Daniele Vargas and George Martin among others. That same year only a 45rpm was released, including the tracks \"Love Love Bang Bang\" sung by Nancy Cuomo, accompanied by Alessandro Alessandroni's Cantori Moderni, and \"Kiss-me-Warren-please\". Therefore, this is the first ever vinyl edition of this soundtrack, including sixteen tracks taken from the original session mono master, for a total length of about 38 minutes.Bruno Nicolai composed a soundtrack based on different versions of the two main themes. \"Love Love Bang Bang\", the song from the opening credits (A1), is featured with different arrangements: dreamy for sax and piano (A4), baroque classical (A5), march (B1), as a tender lullaby for strings and celesta (B4) and even with a James Bond-style intro (B8). \"Kiss-Me-Warren-Please\", the main character's love theme, is instead present as a jazz motif with solo sax (A2), trumpet (A6) and clarinet (B2). Bruno Nicolai has also composed evocative suspenseful atmospheres with organ and rhythmic effects to describe the spy side of the plot (A3, A7, B6) and tracks that would perfectly fit in a nightclub context (A8, B5, B7).First ever LP edition, Record Store Day 2025 exclusive on clear yellow vinyl with 30x30cm insert. Liner notes and audio remastered by Claudio Fuiano.","robots":{"index":"index","follow":"follow","max-snippet":"max-snippet:-1","max-image-preview":"max-image-preview:large","max-video-preview":"max-video-preview:-1"},"canonical":"https:\/\/wpguerssen-test.odoo.rgbconsulting.com\/es\/producto\/kiss-kiss-bang-bang-clear-yellow-rsd25\/","og_locale":"es_ES","og_type":"article","og_title":"NICOLAI, Bruno - Kiss Kiss... Bang Bang (Clear Yellow) RSD25 -  (LP) | Guerssen","og_description":"* * * FIRST EVER VINYL RELEASE!!! * * *\"Kiss Kiss... Bang Bang\" is a 1966 spy movie directed by Duccio Tessari, starring Giuliano Gemma, Daniele Vargas and George Martin among others. That same year only a 45rpm was released, including the tracks \"Love Love Bang Bang\" sung by Nancy Cuomo, accompanied by Alessandro Alessandroni's Cantori Moderni, and \"Kiss-me-Warren-please\". Therefore, this is the first ever vinyl edition of this soundtrack, including sixteen tracks taken from the original session mono master, for a total length of about 38 minutes.Bruno Nicolai composed a soundtrack based on different versions of the two main themes. \"Love Love Bang Bang\", the song from the opening credits (A1), is featured with different arrangements: dreamy for sax and piano (A4), baroque classical (A5), march (B1), as a tender lullaby for strings and celesta (B4) and even with a James Bond-style intro (B8). \"Kiss-Me-Warren-Please\", the main character's love theme, is instead present as a jazz motif with solo sax (A2), trumpet (A6) and clarinet (B2). Bruno Nicolai has also composed evocative suspenseful atmospheres with organ and rhythmic effects to describe the spy side of the plot (A3, A7, B6) and tracks that would perfectly fit in a nightclub context (A8, B5, B7).First ever LP edition, Record Store Day 2025 exclusive on clear yellow vinyl with 30x30cm insert. Liner notes and audio remastered by Claudio Fuiano.","og_url":"https:\/\/wpguerssen-test.odoo.rgbconsulting.com\/es\/producto\/kiss-kiss-bang-bang-clear-yellow-rsd25\/","og_site_name":"Guerssen records","article_modified_time":"2025-04-29T11:38:15+00:00","og_image":[{"width":1500,"height":1500,"url":"https:\/\/wpguerssen-test.odoo.rgbconsulting.com\/wp-content\/uploads\/2025\/02\/49811.jpg","type":"image\/jpeg"}],"twitter_card":"summary_large_image","twitter_title":"NICOLAI, Bruno - Kiss Kiss... Bang Bang (Clear Yellow) RSD25 -  (LP) | Guerssen","twitter_misc":{"Tiempo de lectura":"1 minuto"},"schema":{"@context":"https:\/\/schema.org","@graph":[{"@type":"WebPage","@id":"https:\/\/wpguerssen-test.odoo.rgbconsulting.com\/es\/producto\/kiss-kiss-bang-bang-clear-yellow-rsd25\/","url":"https:\/\/wpguerssen-test.odoo.rgbconsulting.com\/es\/producto\/kiss-kiss-bang-bang-clear-yellow-rsd25\/","name":"NICOLAI, Bruno - Kiss Kiss... Bang Bang (Clear Yellow) RSD25 - (LP) | Guerssen","isPartOf":{"@id":"https:\/\/wpguerssen-test.odoo.rgbconsulting.com\/es\/#website"},"primaryImageOfPage":{"@id":"https:\/\/wpguerssen-test.odoo.rgbconsulting.com\/es\/producto\/kiss-kiss-bang-bang-clear-yellow-rsd25\/#primaryimage"},"image":{"@id":"https:\/\/wpguerssen-test.odoo.rgbconsulting.com\/es\/producto\/kiss-kiss-bang-bang-clear-yellow-rsd25\/#primaryimage"},"thumbnailUrl":"https:\/\/wpguerssen-test.odoo.rgbconsulting.com\/wp-content\/uploads\/2025\/02\/49811.jpg","datePublished":"2025-03-17T23:00:00+00:00","dateModified":"2025-04-29T11:38:15+00:00","description":"* * * FIRST EVER VINYL RELEASE!!! * * *\"Kiss Kiss... Bang Bang\" is a 1966 spy movie directed by Duccio Tessari, starring Giuliano Gemma, Daniele Vargas and George Martin among others. That same year only a 45rpm was released, including the tracks \"Love Love Bang Bang\" sung by Nancy Cuomo, accompanied by Alessandro Alessandroni's Cantori Moderni, and \"Kiss-me-Warren-please\". Therefore, this is the first ever vinyl edition of this soundtrack, including sixteen tracks taken from the original session mono master, for a total length of about 38 minutes.Bruno Nicolai composed a soundtrack based on different versions of the two main themes. \"Love Love Bang Bang\", the song from the opening credits (A1), is featured with different arrangements: dreamy for sax and piano (A4), baroque classical (A5), march (B1), as a tender lullaby for strings and celesta (B4) and even with a James Bond-style intro (B8). \"Kiss-Me-Warren-Please\", the main character's love theme, is instead present as a jazz motif with solo sax (A2), trumpet (A6) and clarinet (B2). Bruno Nicolai has also composed evocative suspenseful atmospheres with organ and rhythmic effects to describe the spy side of the plot (A3, A7, B6) and tracks that would perfectly fit in a nightclub context (A8, B5, B7).First ever LP edition, Record Store Day 2025 exclusive on clear yellow vinyl with 30x30cm insert. Liner notes and audio remastered by Claudio Fuiano.","breadcrumb":{"@id":"https:\/\/wpguerssen-test.odoo.rgbconsulting.com\/es\/producto\/kiss-kiss-bang-bang-clear-yellow-rsd25\/#breadcrumb"},"inLanguage":"es","potentialAction":[{"@type":"ReadAction","target":["https:\/\/wpguerssen-test.odoo.rgbconsulting.com\/es\/producto\/kiss-kiss-bang-bang-clear-yellow-rsd25\/"]}]},{"@type":"ImageObject","inLanguage":"es","@id":"https:\/\/wpguerssen-test.odoo.rgbconsulting.com\/es\/producto\/kiss-kiss-bang-bang-clear-yellow-rsd25\/#primaryimage","url":"https:\/\/wpguerssen-test.odoo.rgbconsulting.com\/wp-content\/uploads\/2025\/02\/49811.jpg","contentUrl":"https:\/\/wpguerssen-test.odoo.rgbconsulting.com\/wp-content\/uploads\/2025\/02\/49811.jpg","width":1500,"height":1500,"caption":"Bruno - Kiss Kiss... Bang Bang (Clear Yellow) RSD25 - BTF (LP) | Guerssen"},{"@type":"BreadcrumbList","@id":"https:\/\/wpguerssen-test.odoo.rgbconsulting.com\/es\/producto\/kiss-kiss-bang-bang-clear-yellow-rsd25\/#breadcrumb","itemListElement":[{"@type":"ListItem","position":1,"name":"Inicio","item":"https:\/\/wpguerssen-test.odoo.rgbconsulting.com\/es\/"},{"@type":"ListItem","position":2,"name":"Shop","item":"https:\/\/wpguerssen-test.odoo.rgbconsulting.com\/shop\/"},{"@type":"ListItem","position":3,"name":"Kiss Kiss&#8230; Bang Bang (Clear Yellow) RSD25"}]},{"@type":"WebSite","@id":"https:\/\/wpguerssen-test.odoo.rgbconsulting.com\/es\/#website","url":"https:\/\/wpguerssen-test.odoo.rgbconsulting.com\/es\/","name":"Guerssen records","description":"psychedelia - progressive - folk - garage ","publisher":{"@id":"https:\/\/wpguerssen-test.odoo.rgbconsulting.com\/es\/#organization"},"potentialAction":[{"@type":"SearchAction","target":{"@type":"EntryPoint","urlTemplate":"https:\/\/wpguerssen-test.odoo.rgbconsulting.com\/es\/?s={search_term_string}"},"query-input":{"@type":"PropertyValueSpecification","valueRequired":true,"valueName":"search_term_string"}}],"inLanguage":"es"},{"@type":"Organization","@id":"https:\/\/wpguerssen-test.odoo.rgbconsulting.com\/es\/#organization","name":"Guerssen records","url":"https:\/\/wpguerssen-test.odoo.rgbconsulting.com\/es\/","logo":{"@type":"ImageObject","inLanguage":"es","@id":"https:\/\/wpguerssen-test.odoo.rgbconsulting.com\/es\/#\/schema\/logo\/image\/","url":"https:\/\/wpguerssen-test.odoo.rgbconsulting.com\/wp-content\/uploads\/2022\/04\/Logo_Guerssen_trans_100.png","contentUrl":"https:\/\/wpguerssen-test.odoo.rgbconsulting.com\/wp-content\/uploads\/2022\/04\/Logo_Guerssen_trans_100.png","width":122,"height":100,"caption":"Guerssen records"},"image":{"@id":"https:\/\/wpguerssen-test.odoo.rgbconsulting.com\/es\/#\/schema\/logo\/image\/"}}]}},"_links":{"self":[{"href":"https:\/\/wpguerssen-test.odoo.rgbconsulting.com\/es\/wp-json\/wp\/v2\/product\/283251","targetHints":{"allow":["GET"]}}],"collection":[{"href":"https:\/\/wpguerssen-test.odoo.rgbconsulting.com\/es\/wp-json\/wp\/v2\/product"}],"about":[{"href":"https:\/\/wpguerssen-test.odoo.rgbconsulting.com\/es\/wp-json\/wp\/v2\/types\/product"}],"wp:featuredmedia":[{"embeddable":true,"href":"https:\/\/wpguerssen-test.odoo.rgbconsulting.com\/es\/wp-json\/wp\/v2\/media\/283199"}],"wp:attachment":[{"href":"https:\/\/wpguerssen-test.odoo.rgbconsulting.com\/es\/wp-json\/wp\/v2\/media?parent=283251"}],"wp:term":[{"taxonomy":"product_brand","embeddable":true,"href":"https:\/\/wpguerssen-test.odoo.rgbconsulting.com\/es\/wp-json\/wp\/v2\/product_brand?post=283251"},{"taxonomy":"product_cat","embeddable":true,"href":"https:\/\/wpguerssen-test.odoo.rgbconsulting.com\/es\/wp-json\/wp\/v2\/product_cat?post=283251"},{"taxonomy":"product_tag","embeddable":true,"href":"https:\/\/wpguerssen-test.odoo.rgbconsulting.com\/es\/wp-json\/wp\/v2\/product_tag?post=283251"}],"curies":[{"name":"wp","href":"https:\/\/api.w.org\/{rel}","templated":true}]}}