{"id":283253,"date":"2025-03-18T00:00:00","date_gmt":"2025-03-17T23:00:00","guid":{"rendered":"https:\/\/wpguerssen-test.odoo.rgbconsulting.com\/product\/get-ready-rsd25\/"},"modified":"2025-04-23T17:41:21","modified_gmt":"2025-04-23T15:41:21","slug":"get-ready-rsd25","status":"publish","type":"product","link":"https:\/\/wpguerssen-test.odoo.rgbconsulting.com\/es\/producto\/get-ready-rsd25\/","title":{"rendered":"Get ready RSD25"},"content":{"rendered":"<p>\u00a1LP DE ROCK PROGRESIVO ITALIANO EXTREMADAMENTE RARO, REEDITADO POR PRIMERA VEZ EN UNA EDICI\u00d3N FIEL AL LANZAMIENTO ORIGINAL DE 1972!<br \/>\u00abGet Ready\u00bb de Richard Last Group es uno de los LP m\u00e1s raros de la edad de oro del rock progresivo italiano, lanzado originalmente en 1972 y que ha sido revolucionario para el g\u00e9nero musical, tanto en Italia como a nivel internacional. Fundada en Mil\u00e1n en 1969 como Duu Duu, la banda se convirti\u00f3 en Richard Last Group dos a\u00f1os m\u00e1s tarde, cuando el cantante Maurizio Cal\u00f2 se uni\u00f3 a la formaci\u00f3n, pasando a llamarse Richard Coley. m\u00e1s tarde, hacia finales de los a\u00f1os 90. Adem\u00e1s de varios covers de artistas como Jethro Tull, Donovan, Dave Mason (Traffic) y James Taylor, \u00abGet Ready\u00bb contiene tres composiciones originales de Maurizio Cal\u00f2, quien luego continu\u00f3 su actividad musical como solista. El \u00e1lbum tambi\u00e9n cuenta con la presencia de Walter Calloni, que entonces ten\u00eda 16 a\u00f1os, un baterista y percusionista que colabor\u00f3 \u00bf\u00bfcon muchos nombres importantes de la escena pop\/rock italiana, adem\u00e1s de haber formado parte de la formaci\u00f3n oficial de PFM en los a\u00f1os 1980.<br \/>Edici\u00f3n en vinilo negro fiel a la primera edici\u00f3n de 1972, que incluye inserto de 30&#215;30 cm.<\/p>\n","protected":false},"excerpt":{"rendered":"<p>\u00a1LP DE ROCK PROGRESIVO ITALIANO EXTREMADAMENTE RARO, REEDITADO POR PRIMERA VEZ EN UNA EDICI\u00d3N FIEL AL LANZAMIENTO ORIGINAL DE 1972!<br \/>\u00abGet Ready\u00bb de Richard<a class=\"read\" href=\"https:\/\/wpguerssen-test.odoo.rgbconsulting.com\/es\/producto\/get-ready-rsd25\/\"> (...)<\/a>","protected":false},"featured_media":283205,"template":"","meta":{"_acf_changed":false},"product_brand":[],"product_cat":[23215],"product_tag":[24189],"class_list":{"0":"post-283253","1":"product","2":"type-product","3":"status-publish","4":"has-post-thumbnail","6":"product_cat-progressive60s-70s-es","7":"product_tag-recien-llegadas","8":"pa_artist-richard-last-group","9":"pa_format-lp-es","10":"pa_gender-progressive60s-70s","11":"pa_label-ams","12":"pa_location-europe-es","13":"pa_other-filters-vinyl-only-es","15":"first","16":"instock","17":"taxable","18":"shipping-taxable","19":"purchasable","20":"product-type-simple"},"acf":[],"yoast_head":"<!-- This site is optimized with the Yoast SEO plugin v24.9 - https:\/\/yoast.com\/wordpress\/plugins\/seo\/ -->\n<title>RICHARD LAST GROUP - Get ready RSD25 -  (LP) | Guerssen<\/title>\n<meta name=\"description\" content=\"EXTREMELY RARE ITALIAN PROG-ROCK LP, REISSUED FOR THE VERY FIRST TIME IN AN EDITION FAITHFUL TO THE ORIGINAL 1972 RELEASE!Richard Last Group&#039;s &quot;Get Ready&quot; is one of the rarest LPs from the golden age of Italian progressive rock, originally released in a 1972 that&#039;s been revolutionary for the music genre, both in Italy and internationally. Founded in Milan in 1969 as Duu Duu, the band became Richard Last Group two years later, when singer Maurizio Cal\u00f2 joined the line-up, later calling himself Richard Coley.&quot;Get Ready&quot; is the only album released by Richard Last Group who, due to numerous line-up changes that also occurred during the recording sessions, had practically already dissolved in the Autumn of 1972, and is one of those little hidden gems that hardly anyone talked about at the time, only resurfacing much later, towards the end of the 90s. In addition to several cover songs from artists such as Jethro Tull, Donovan, Dave Mason (Traffic) and James Taylor, &quot;Get Ready&quot; contains three original compositions by Maurizio Cal\u00f2, who then continued his musical activity as a solo artist. The album also features the presence of a then 16-year-old Walter Calloni, a drummer and percussionist who collaborated with many important names on the Italian pop\/rock scene, as well as having been part of PFM&#039;s official line-up in the 1980s.Black vinyl edition faithful to the 1972 first pressing, including 30x30cm insert.\" \/>\n<meta name=\"robots\" content=\"index, follow, max-snippet:-1, max-image-preview:large, max-video-preview:-1\" \/>\n<link rel=\"canonical\" href=\"https:\/\/wpguerssen-test.odoo.rgbconsulting.com\/es\/producto\/get-ready-rsd25\/\" \/>\n<meta property=\"og:locale\" content=\"es_ES\" \/>\n<meta property=\"og:type\" content=\"article\" \/>\n<meta property=\"og:title\" content=\"RICHARD LAST GROUP - Get ready RSD25 -  (LP) | Guerssen\" \/>\n<meta property=\"og:description\" content=\"EXTREMELY RARE ITALIAN PROG-ROCK LP, REISSUED FOR THE VERY FIRST TIME IN AN EDITION FAITHFUL TO THE ORIGINAL 1972 RELEASE!Richard Last Group&#039;s &quot;Get Ready&quot; is one of the rarest LPs from the golden age of Italian progressive rock, originally released in a 1972 that&#039;s been revolutionary for the music genre, both in Italy and internationally. Founded in Milan in 1969 as Duu Duu, the band became Richard Last Group two years later, when singer Maurizio Cal\u00f2 joined the line-up, later calling himself Richard Coley.&quot;Get Ready&quot; is the only album released by Richard Last Group who, due to numerous line-up changes that also occurred during the recording sessions, had practically already dissolved in the Autumn of 1972, and is one of those little hidden gems that hardly anyone talked about at the time, only resurfacing much later, towards the end of the 90s. In addition to several cover songs from artists such as Jethro Tull, Donovan, Dave Mason (Traffic) and James Taylor, &quot;Get Ready&quot; contains three original compositions by Maurizio Cal\u00f2, who then continued his musical activity as a solo artist. The album also features the presence of a then 16-year-old Walter Calloni, a drummer and percussionist who collaborated with many important names on the Italian pop\/rock scene, as well as having been part of PFM&#039;s official line-up in the 1980s.Black vinyl edition faithful to the 1972 first pressing, including 30x30cm insert.\" \/>\n<meta property=\"og:url\" content=\"https:\/\/wpguerssen-test.odoo.rgbconsulting.com\/es\/producto\/get-ready-rsd25\/\" \/>\n<meta property=\"og:site_name\" content=\"Guerssen records\" \/>\n<meta property=\"article:modified_time\" content=\"2025-04-23T15:41:21+00:00\" \/>\n<meta property=\"og:image\" content=\"https:\/\/wpguerssen-test.odoo.rgbconsulting.com\/wp-content\/uploads\/2025\/02\/49813.jpg\" \/>\n\t<meta property=\"og:image:width\" content=\"1500\" \/>\n\t<meta property=\"og:image:height\" content=\"1500\" \/>\n\t<meta property=\"og:image:type\" content=\"image\/jpeg\" \/>\n<meta name=\"twitter:card\" content=\"summary_large_image\" \/>\n<meta name=\"twitter:title\" content=\"RICHARD LAST GROUP - Get ready RSD25 -  (LP) | Guerssen\" \/>\n<meta name=\"twitter:label1\" content=\"Tiempo de lectura\" \/>\n\t<meta name=\"twitter:data1\" content=\"1 minuto\" \/>\n<script type=\"application\/ld+json\" class=\"yoast-schema-graph\">{\"@context\":\"https:\/\/schema.org\",\"@graph\":[{\"@type\":\"WebPage\",\"@id\":\"https:\/\/wpguerssen-test.odoo.rgbconsulting.com\/es\/producto\/get-ready-rsd25\/\",\"url\":\"https:\/\/wpguerssen-test.odoo.rgbconsulting.com\/es\/producto\/get-ready-rsd25\/\",\"name\":\"RICHARD LAST GROUP - Get ready RSD25 - (LP) | Guerssen\",\"isPartOf\":{\"@id\":\"https:\/\/wpguerssen-test.odoo.rgbconsulting.com\/es\/#website\"},\"primaryImageOfPage\":{\"@id\":\"https:\/\/wpguerssen-test.odoo.rgbconsulting.com\/es\/producto\/get-ready-rsd25\/#primaryimage\"},\"image\":{\"@id\":\"https:\/\/wpguerssen-test.odoo.rgbconsulting.com\/es\/producto\/get-ready-rsd25\/#primaryimage\"},\"thumbnailUrl\":\"https:\/\/wpguerssen-test.odoo.rgbconsulting.com\/wp-content\/uploads\/2025\/02\/49813.jpg\",\"datePublished\":\"2025-03-17T23:00:00+00:00\",\"dateModified\":\"2025-04-23T15:41:21+00:00\",\"description\":\"EXTREMELY RARE ITALIAN PROG-ROCK LP, REISSUED FOR THE VERY FIRST TIME IN AN EDITION FAITHFUL TO THE ORIGINAL 1972 RELEASE!Richard Last Group's \\\"Get Ready\\\" is one of the rarest LPs from the golden age of Italian progressive rock, originally released in a 1972 that's been revolutionary for the music genre, both in Italy and internationally. Founded in Milan in 1969 as Duu Duu, the band became Richard Last Group two years later, when singer Maurizio Cal\u00f2 joined the line-up, later calling himself Richard Coley.\\\"Get Ready\\\" is the only album released by Richard Last Group who, due to numerous line-up changes that also occurred during the recording sessions, had practically already dissolved in the Autumn of 1972, and is one of those little hidden gems that hardly anyone talked about at the time, only resurfacing much later, towards the end of the 90s. In addition to several cover songs from artists such as Jethro Tull, Donovan, Dave Mason (Traffic) and James Taylor, \\\"Get Ready\\\" contains three original compositions by Maurizio Cal\u00f2, who then continued his musical activity as a solo artist. The album also features the presence of a then 16-year-old Walter Calloni, a drummer and percussionist who collaborated with many important names on the Italian pop\/rock scene, as well as having been part of PFM's official line-up in the 1980s.Black vinyl edition faithful to the 1972 first pressing, including 30x30cm insert.\",\"breadcrumb\":{\"@id\":\"https:\/\/wpguerssen-test.odoo.rgbconsulting.com\/es\/producto\/get-ready-rsd25\/#breadcrumb\"},\"inLanguage\":\"es\",\"potentialAction\":[{\"@type\":\"ReadAction\",\"target\":[\"https:\/\/wpguerssen-test.odoo.rgbconsulting.com\/es\/producto\/get-ready-rsd25\/\"]}]},{\"@type\":\"ImageObject\",\"inLanguage\":\"es\",\"@id\":\"https:\/\/wpguerssen-test.odoo.rgbconsulting.com\/es\/producto\/get-ready-rsd25\/#primaryimage\",\"url\":\"https:\/\/wpguerssen-test.odoo.rgbconsulting.com\/wp-content\/uploads\/2025\/02\/49813.jpg\",\"contentUrl\":\"https:\/\/wpguerssen-test.odoo.rgbconsulting.com\/wp-content\/uploads\/2025\/02\/49813.jpg\",\"width\":1500,\"height\":1500},{\"@type\":\"BreadcrumbList\",\"@id\":\"https:\/\/wpguerssen-test.odoo.rgbconsulting.com\/es\/producto\/get-ready-rsd25\/#breadcrumb\",\"itemListElement\":[{\"@type\":\"ListItem\",\"position\":1,\"name\":\"Inicio\",\"item\":\"https:\/\/wpguerssen-test.odoo.rgbconsulting.com\/es\/\"},{\"@type\":\"ListItem\",\"position\":2,\"name\":\"Shop\",\"item\":\"https:\/\/wpguerssen-test.odoo.rgbconsulting.com\/shop\/\"},{\"@type\":\"ListItem\",\"position\":3,\"name\":\"Get ready RSD25\"}]},{\"@type\":\"WebSite\",\"@id\":\"https:\/\/wpguerssen-test.odoo.rgbconsulting.com\/es\/#website\",\"url\":\"https:\/\/wpguerssen-test.odoo.rgbconsulting.com\/es\/\",\"name\":\"Guerssen records\",\"description\":\"psychedelia - progressive - folk - garage \",\"publisher\":{\"@id\":\"https:\/\/wpguerssen-test.odoo.rgbconsulting.com\/es\/#organization\"},\"potentialAction\":[{\"@type\":\"SearchAction\",\"target\":{\"@type\":\"EntryPoint\",\"urlTemplate\":\"https:\/\/wpguerssen-test.odoo.rgbconsulting.com\/es\/?s={search_term_string}\"},\"query-input\":{\"@type\":\"PropertyValueSpecification\",\"valueRequired\":true,\"valueName\":\"search_term_string\"}}],\"inLanguage\":\"es\"},{\"@type\":\"Organization\",\"@id\":\"https:\/\/wpguerssen-test.odoo.rgbconsulting.com\/es\/#organization\",\"name\":\"Guerssen records\",\"url\":\"https:\/\/wpguerssen-test.odoo.rgbconsulting.com\/es\/\",\"logo\":{\"@type\":\"ImageObject\",\"inLanguage\":\"es\",\"@id\":\"https:\/\/wpguerssen-test.odoo.rgbconsulting.com\/es\/#\/schema\/logo\/image\/\",\"url\":\"https:\/\/wpguerssen-test.odoo.rgbconsulting.com\/wp-content\/uploads\/2022\/04\/Logo_Guerssen_trans_100.png\",\"contentUrl\":\"https:\/\/wpguerssen-test.odoo.rgbconsulting.com\/wp-content\/uploads\/2022\/04\/Logo_Guerssen_trans_100.png\",\"width\":122,\"height\":100,\"caption\":\"Guerssen records\"},\"image\":{\"@id\":\"https:\/\/wpguerssen-test.odoo.rgbconsulting.com\/es\/#\/schema\/logo\/image\/\"}}]}<\/script>\n<!-- \/ Yoast SEO plugin. -->","yoast_head_json":{"title":"RICHARD LAST GROUP - Get ready RSD25 -  (LP) | Guerssen","description":"EXTREMELY RARE ITALIAN PROG-ROCK LP, REISSUED FOR THE VERY FIRST TIME IN AN EDITION FAITHFUL TO THE ORIGINAL 1972 RELEASE!Richard Last Group's \"Get Ready\" is one of the rarest LPs from the golden age of Italian progressive rock, originally released in a 1972 that's been revolutionary for the music genre, both in Italy and internationally. Founded in Milan in 1969 as Duu Duu, the band became Richard Last Group two years later, when singer Maurizio Cal\u00f2 joined the line-up, later calling himself Richard Coley.\"Get Ready\" is the only album released by Richard Last Group who, due to numerous line-up changes that also occurred during the recording sessions, had practically already dissolved in the Autumn of 1972, and is one of those little hidden gems that hardly anyone talked about at the time, only resurfacing much later, towards the end of the 90s. In addition to several cover songs from artists such as Jethro Tull, Donovan, Dave Mason (Traffic) and James Taylor, \"Get Ready\" contains three original compositions by Maurizio Cal\u00f2, who then continued his musical activity as a solo artist. The album also features the presence of a then 16-year-old Walter Calloni, a drummer and percussionist who collaborated with many important names on the Italian pop\/rock scene, as well as having been part of PFM's official line-up in the 1980s.Black vinyl edition faithful to the 1972 first pressing, including 30x30cm insert.","robots":{"index":"index","follow":"follow","max-snippet":"max-snippet:-1","max-image-preview":"max-image-preview:large","max-video-preview":"max-video-preview:-1"},"canonical":"https:\/\/wpguerssen-test.odoo.rgbconsulting.com\/es\/producto\/get-ready-rsd25\/","og_locale":"es_ES","og_type":"article","og_title":"RICHARD LAST GROUP - Get ready RSD25 -  (LP) | Guerssen","og_description":"EXTREMELY RARE ITALIAN PROG-ROCK LP, REISSUED FOR THE VERY FIRST TIME IN AN EDITION FAITHFUL TO THE ORIGINAL 1972 RELEASE!Richard Last Group's \"Get Ready\" is one of the rarest LPs from the golden age of Italian progressive rock, originally released in a 1972 that's been revolutionary for the music genre, both in Italy and internationally. Founded in Milan in 1969 as Duu Duu, the band became Richard Last Group two years later, when singer Maurizio Cal\u00f2 joined the line-up, later calling himself Richard Coley.\"Get Ready\" is the only album released by Richard Last Group who, due to numerous line-up changes that also occurred during the recording sessions, had practically already dissolved in the Autumn of 1972, and is one of those little hidden gems that hardly anyone talked about at the time, only resurfacing much later, towards the end of the 90s. In addition to several cover songs from artists such as Jethro Tull, Donovan, Dave Mason (Traffic) and James Taylor, \"Get Ready\" contains three original compositions by Maurizio Cal\u00f2, who then continued his musical activity as a solo artist. The album also features the presence of a then 16-year-old Walter Calloni, a drummer and percussionist who collaborated with many important names on the Italian pop\/rock scene, as well as having been part of PFM's official line-up in the 1980s.Black vinyl edition faithful to the 1972 first pressing, including 30x30cm insert.","og_url":"https:\/\/wpguerssen-test.odoo.rgbconsulting.com\/es\/producto\/get-ready-rsd25\/","og_site_name":"Guerssen records","article_modified_time":"2025-04-23T15:41:21+00:00","og_image":[{"width":1500,"height":1500,"url":"https:\/\/wpguerssen-test.odoo.rgbconsulting.com\/wp-content\/uploads\/2025\/02\/49813.jpg","type":"image\/jpeg"}],"twitter_card":"summary_large_image","twitter_title":"RICHARD LAST GROUP - Get ready RSD25 -  (LP) | Guerssen","twitter_misc":{"Tiempo de lectura":"1 minuto"},"schema":{"@context":"https:\/\/schema.org","@graph":[{"@type":"WebPage","@id":"https:\/\/wpguerssen-test.odoo.rgbconsulting.com\/es\/producto\/get-ready-rsd25\/","url":"https:\/\/wpguerssen-test.odoo.rgbconsulting.com\/es\/producto\/get-ready-rsd25\/","name":"RICHARD LAST GROUP - Get ready RSD25 - (LP) | Guerssen","isPartOf":{"@id":"https:\/\/wpguerssen-test.odoo.rgbconsulting.com\/es\/#website"},"primaryImageOfPage":{"@id":"https:\/\/wpguerssen-test.odoo.rgbconsulting.com\/es\/producto\/get-ready-rsd25\/#primaryimage"},"image":{"@id":"https:\/\/wpguerssen-test.odoo.rgbconsulting.com\/es\/producto\/get-ready-rsd25\/#primaryimage"},"thumbnailUrl":"https:\/\/wpguerssen-test.odoo.rgbconsulting.com\/wp-content\/uploads\/2025\/02\/49813.jpg","datePublished":"2025-03-17T23:00:00+00:00","dateModified":"2025-04-23T15:41:21+00:00","description":"EXTREMELY RARE ITALIAN PROG-ROCK LP, REISSUED FOR THE VERY FIRST TIME IN AN EDITION FAITHFUL TO THE ORIGINAL 1972 RELEASE!Richard Last Group's \"Get Ready\" is one of the rarest LPs from the golden age of Italian progressive rock, originally released in a 1972 that's been revolutionary for the music genre, both in Italy and internationally. Founded in Milan in 1969 as Duu Duu, the band became Richard Last Group two years later, when singer Maurizio Cal\u00f2 joined the line-up, later calling himself Richard Coley.\"Get Ready\" is the only album released by Richard Last Group who, due to numerous line-up changes that also occurred during the recording sessions, had practically already dissolved in the Autumn of 1972, and is one of those little hidden gems that hardly anyone talked about at the time, only resurfacing much later, towards the end of the 90s. In addition to several cover songs from artists such as Jethro Tull, Donovan, Dave Mason (Traffic) and James Taylor, \"Get Ready\" contains three original compositions by Maurizio Cal\u00f2, who then continued his musical activity as a solo artist. The album also features the presence of a then 16-year-old Walter Calloni, a drummer and percussionist who collaborated with many important names on the Italian pop\/rock scene, as well as having been part of PFM's official line-up in the 1980s.Black vinyl edition faithful to the 1972 first pressing, including 30x30cm insert.","breadcrumb":{"@id":"https:\/\/wpguerssen-test.odoo.rgbconsulting.com\/es\/producto\/get-ready-rsd25\/#breadcrumb"},"inLanguage":"es","potentialAction":[{"@type":"ReadAction","target":["https:\/\/wpguerssen-test.odoo.rgbconsulting.com\/es\/producto\/get-ready-rsd25\/"]}]},{"@type":"ImageObject","inLanguage":"es","@id":"https:\/\/wpguerssen-test.odoo.rgbconsulting.com\/es\/producto\/get-ready-rsd25\/#primaryimage","url":"https:\/\/wpguerssen-test.odoo.rgbconsulting.com\/wp-content\/uploads\/2025\/02\/49813.jpg","contentUrl":"https:\/\/wpguerssen-test.odoo.rgbconsulting.com\/wp-content\/uploads\/2025\/02\/49813.jpg","width":1500,"height":1500},{"@type":"BreadcrumbList","@id":"https:\/\/wpguerssen-test.odoo.rgbconsulting.com\/es\/producto\/get-ready-rsd25\/#breadcrumb","itemListElement":[{"@type":"ListItem","position":1,"name":"Inicio","item":"https:\/\/wpguerssen-test.odoo.rgbconsulting.com\/es\/"},{"@type":"ListItem","position":2,"name":"Shop","item":"https:\/\/wpguerssen-test.odoo.rgbconsulting.com\/shop\/"},{"@type":"ListItem","position":3,"name":"Get ready RSD25"}]},{"@type":"WebSite","@id":"https:\/\/wpguerssen-test.odoo.rgbconsulting.com\/es\/#website","url":"https:\/\/wpguerssen-test.odoo.rgbconsulting.com\/es\/","name":"Guerssen records","description":"psychedelia - progressive - folk - garage ","publisher":{"@id":"https:\/\/wpguerssen-test.odoo.rgbconsulting.com\/es\/#organization"},"potentialAction":[{"@type":"SearchAction","target":{"@type":"EntryPoint","urlTemplate":"https:\/\/wpguerssen-test.odoo.rgbconsulting.com\/es\/?s={search_term_string}"},"query-input":{"@type":"PropertyValueSpecification","valueRequired":true,"valueName":"search_term_string"}}],"inLanguage":"es"},{"@type":"Organization","@id":"https:\/\/wpguerssen-test.odoo.rgbconsulting.com\/es\/#organization","name":"Guerssen records","url":"https:\/\/wpguerssen-test.odoo.rgbconsulting.com\/es\/","logo":{"@type":"ImageObject","inLanguage":"es","@id":"https:\/\/wpguerssen-test.odoo.rgbconsulting.com\/es\/#\/schema\/logo\/image\/","url":"https:\/\/wpguerssen-test.odoo.rgbconsulting.com\/wp-content\/uploads\/2022\/04\/Logo_Guerssen_trans_100.png","contentUrl":"https:\/\/wpguerssen-test.odoo.rgbconsulting.com\/wp-content\/uploads\/2022\/04\/Logo_Guerssen_trans_100.png","width":122,"height":100,"caption":"Guerssen records"},"image":{"@id":"https:\/\/wpguerssen-test.odoo.rgbconsulting.com\/es\/#\/schema\/logo\/image\/"}}]}},"_links":{"self":[{"href":"https:\/\/wpguerssen-test.odoo.rgbconsulting.com\/es\/wp-json\/wp\/v2\/product\/283253","targetHints":{"allow":["GET"]}}],"collection":[{"href":"https:\/\/wpguerssen-test.odoo.rgbconsulting.com\/es\/wp-json\/wp\/v2\/product"}],"about":[{"href":"https:\/\/wpguerssen-test.odoo.rgbconsulting.com\/es\/wp-json\/wp\/v2\/types\/product"}],"wp:featuredmedia":[{"embeddable":true,"href":"https:\/\/wpguerssen-test.odoo.rgbconsulting.com\/es\/wp-json\/wp\/v2\/media\/283205"}],"wp:attachment":[{"href":"https:\/\/wpguerssen-test.odoo.rgbconsulting.com\/es\/wp-json\/wp\/v2\/media?parent=283253"}],"wp:term":[{"taxonomy":"product_brand","embeddable":true,"href":"https:\/\/wpguerssen-test.odoo.rgbconsulting.com\/es\/wp-json\/wp\/v2\/product_brand?post=283253"},{"taxonomy":"product_cat","embeddable":true,"href":"https:\/\/wpguerssen-test.odoo.rgbconsulting.com\/es\/wp-json\/wp\/v2\/product_cat?post=283253"},{"taxonomy":"product_tag","embeddable":true,"href":"https:\/\/wpguerssen-test.odoo.rgbconsulting.com\/es\/wp-json\/wp\/v2\/product_tag?post=283253"}],"curies":[{"name":"wp","href":"https:\/\/api.w.org\/{rel}","templated":true}]}}