{"id":283260,"date":"2025-02-11T00:00:00","date_gmt":"2025-02-10T23:00:00","guid":{"rendered":"https:\/\/wpguerssen-test.odoo.rgbconsulting.com\/product\/see-emily-play-clear-green\/"},"modified":"2025-04-16T18:31:56","modified_gmt":"2025-04-16T16:31:56","slug":"knock-on-wood-white","status":"publish","type":"product","link":"https:\/\/wpguerssen-test.odoo.rgbconsulting.com\/es\/producto\/knock-on-wood-white\/","title":{"rendered":"Knock on Wood (White)"},"content":{"rendered":"<p>Tenemos un LP de 12 pistas de rarezas de lo que se habr\u00eda convertido en uno de los grupos m\u00e1s importantes de todos los tiempos. Desde su debut en solitario antes de Queen hasta la fama, estos temas fundamentales demuestran el talento de cuatro personas y sus bandas al comienzo de sus carreras. Seleccionado a partir de acetatos, cintas raras y ediciones de prueba, una de las encarnaciones m\u00e1s famosas fue sin duda el grupo \u00abSmile\u00bb liderado por Brian May y Roger Taylor, representado aqu\u00ed en esta compilaci\u00f3n con 3 temas raros, as\u00ed como la banda de Freddy Mercury, Ibex, que versiona en vivo dos temas buscados de los Beatles y Elvis y la imposible encontrar a la siguiente banda de Freddy llamada Wreckage con una demo oscura. El resto del \u00e1lbum est\u00e1 por descubrir con las sorprendentes melod\u00edas de los primeros ensayos del grupo de Brian May, Roger Taylor y John Deacon que nunca antes aparecieron en vinilo.<\/p>\n","protected":false},"excerpt":{"rendered":"<p>Tenemos un LP de 12 pistas de rarezas de lo que se habr\u00eda convertido en uno de los grupos m\u00e1s importantes de todos los tiempos. Desde su debut en solitario antes<a class=\"read\" href=\"https:\/\/wpguerssen-test.odoo.rgbconsulting.com\/es\/producto\/knock-on-wood-white\/\"> (...)<\/a>","protected":false},"featured_media":283227,"template":"","meta":{"_acf_changed":false},"product_brand":[],"product_cat":[23234],"product_tag":[29140,24189],"class_list":{"0":"post-283260","1":"product","2":"type-product","3":"status-publish","4":"has-post-thumbnail","6":"product_cat-pop-rock-es","7":"product_tag-color-vinyl-es","8":"product_tag-recien-llegadas","9":"pa_artist-queen-es","10":"pa_format-lp-es","11":"pa_gender-pop-rock","12":"pa_label-tmoq","13":"pa_location-uk-ireland-es","14":"pa_other-filters-vinyl-only-es","16":"first","17":"instock","18":"taxable","19":"shipping-taxable","20":"purchasable","21":"product-type-simple"},"acf":[],"yoast_head":"<!-- This site is optimized with the Yoast SEO plugin v24.9 - https:\/\/yoast.com\/wordpress\/plugins\/seo\/ -->\n<title>QUEEN - Knock on Wood (White) -  (LP) | Guerssen<\/title>\n<meta name=\"description\" content=\"Here we have a 12 tracks LP of rarities from what would have become one of the biggest acts ever! From solo pre-Queen debut to fame, these seminal tracks demonstrate the talent of four individuals and their bands at the beginning of their carreers. Culled from acetates, rare tapes and test pressings - one of the most famous incarnations was without a doubt the group &quot;Smile&quot; leaded by Brian May and Roger Taylor, represented here in this Compilation with 3 rare tracks, as well as Freddy Mercury band Ibex covering live two sought-after Beatles&#039; and Elvis&#039; tracks and the impossible to find Freddy follow-up band called Wreckage with an obscure demo. The remainder of the album is all to be discovered with surprising Brian May, Roger Taylor and John Deacon early group rehearsal tunes which never appeared before on vinyl!\" \/>\n<meta name=\"robots\" content=\"index, follow, max-snippet:-1, max-image-preview:large, max-video-preview:-1\" \/>\n<link rel=\"canonical\" href=\"https:\/\/wpguerssen-test.odoo.rgbconsulting.com\/es\/producto\/knock-on-wood-white\/\" \/>\n<meta property=\"og:locale\" content=\"es_ES\" \/>\n<meta property=\"og:type\" content=\"article\" \/>\n<meta property=\"og:title\" content=\"QUEEN - Knock on Wood (White) -  (LP) | Guerssen\" \/>\n<meta property=\"og:description\" content=\"Here we have a 12 tracks LP of rarities from what would have become one of the biggest acts ever! From solo pre-Queen debut to fame, these seminal tracks demonstrate the talent of four individuals and their bands at the beginning of their carreers. Culled from acetates, rare tapes and test pressings - one of the most famous incarnations was without a doubt the group &quot;Smile&quot; leaded by Brian May and Roger Taylor, represented here in this Compilation with 3 rare tracks, as well as Freddy Mercury band Ibex covering live two sought-after Beatles&#039; and Elvis&#039; tracks and the impossible to find Freddy follow-up band called Wreckage with an obscure demo. The remainder of the album is all to be discovered with surprising Brian May, Roger Taylor and John Deacon early group rehearsal tunes which never appeared before on vinyl!\" \/>\n<meta property=\"og:url\" content=\"https:\/\/wpguerssen-test.odoo.rgbconsulting.com\/es\/producto\/knock-on-wood-white\/\" \/>\n<meta property=\"og:site_name\" content=\"Guerssen records\" \/>\n<meta property=\"article:modified_time\" content=\"2025-04-16T16:31:56+00:00\" \/>\n<meta property=\"og:image\" content=\"https:\/\/wpguerssen-test.odoo.rgbconsulting.com\/wp-content\/uploads\/2025\/02\/49821.jpg\" \/>\n\t<meta property=\"og:image:width\" content=\"1400\" \/>\n\t<meta property=\"og:image:height\" content=\"1400\" \/>\n\t<meta property=\"og:image:type\" content=\"image\/jpeg\" \/>\n<meta name=\"twitter:card\" content=\"summary_large_image\" \/>\n<meta name=\"twitter:title\" content=\"QUEEN - Knock on Wood (White) -  (LP) | Guerssen\" \/>\n<meta name=\"twitter:label1\" content=\"Tiempo de lectura\" \/>\n\t<meta name=\"twitter:data1\" content=\"1 minuto\" \/>\n<script type=\"application\/ld+json\" class=\"yoast-schema-graph\">{\"@context\":\"https:\/\/schema.org\",\"@graph\":[{\"@type\":\"WebPage\",\"@id\":\"https:\/\/wpguerssen-test.odoo.rgbconsulting.com\/es\/producto\/knock-on-wood-white\/\",\"url\":\"https:\/\/wpguerssen-test.odoo.rgbconsulting.com\/es\/producto\/knock-on-wood-white\/\",\"name\":\"QUEEN - Knock on Wood (White) - (LP) | Guerssen\",\"isPartOf\":{\"@id\":\"https:\/\/wpguerssen-test.odoo.rgbconsulting.com\/es\/#website\"},\"primaryImageOfPage\":{\"@id\":\"https:\/\/wpguerssen-test.odoo.rgbconsulting.com\/es\/producto\/knock-on-wood-white\/#primaryimage\"},\"image\":{\"@id\":\"https:\/\/wpguerssen-test.odoo.rgbconsulting.com\/es\/producto\/knock-on-wood-white\/#primaryimage\"},\"thumbnailUrl\":\"https:\/\/wpguerssen-test.odoo.rgbconsulting.com\/wp-content\/uploads\/2025\/02\/49821.jpg\",\"datePublished\":\"2025-02-10T23:00:00+00:00\",\"dateModified\":\"2025-04-16T16:31:56+00:00\",\"description\":\"Here we have a 12 tracks LP of rarities from what would have become one of the biggest acts ever! From solo pre-Queen debut to fame, these seminal tracks demonstrate the talent of four individuals and their bands at the beginning of their carreers. Culled from acetates, rare tapes and test pressings - one of the most famous incarnations was without a doubt the group \\\"Smile\\\" leaded by Brian May and Roger Taylor, represented here in this Compilation with 3 rare tracks, as well as Freddy Mercury band Ibex covering live two sought-after Beatles' and Elvis' tracks and the impossible to find Freddy follow-up band called Wreckage with an obscure demo. The remainder of the album is all to be discovered with surprising Brian May, Roger Taylor and John Deacon early group rehearsal tunes which never appeared before on vinyl!\",\"breadcrumb\":{\"@id\":\"https:\/\/wpguerssen-test.odoo.rgbconsulting.com\/es\/producto\/knock-on-wood-white\/#breadcrumb\"},\"inLanguage\":\"es\",\"potentialAction\":[{\"@type\":\"ReadAction\",\"target\":[\"https:\/\/wpguerssen-test.odoo.rgbconsulting.com\/es\/producto\/knock-on-wood-white\/\"]}]},{\"@type\":\"ImageObject\",\"inLanguage\":\"es\",\"@id\":\"https:\/\/wpguerssen-test.odoo.rgbconsulting.com\/es\/producto\/knock-on-wood-white\/#primaryimage\",\"url\":\"https:\/\/wpguerssen-test.odoo.rgbconsulting.com\/wp-content\/uploads\/2025\/02\/49821.jpg\",\"contentUrl\":\"https:\/\/wpguerssen-test.odoo.rgbconsulting.com\/wp-content\/uploads\/2025\/02\/49821.jpg\",\"width\":1400,\"height\":1400},{\"@type\":\"BreadcrumbList\",\"@id\":\"https:\/\/wpguerssen-test.odoo.rgbconsulting.com\/es\/producto\/knock-on-wood-white\/#breadcrumb\",\"itemListElement\":[{\"@type\":\"ListItem\",\"position\":1,\"name\":\"Inicio\",\"item\":\"https:\/\/wpguerssen-test.odoo.rgbconsulting.com\/es\/\"},{\"@type\":\"ListItem\",\"position\":2,\"name\":\"Shop\",\"item\":\"https:\/\/wpguerssen-test.odoo.rgbconsulting.com\/shop\/\"},{\"@type\":\"ListItem\",\"position\":3,\"name\":\"Knock on Wood (White)\"}]},{\"@type\":\"WebSite\",\"@id\":\"https:\/\/wpguerssen-test.odoo.rgbconsulting.com\/es\/#website\",\"url\":\"https:\/\/wpguerssen-test.odoo.rgbconsulting.com\/es\/\",\"name\":\"Guerssen records\",\"description\":\"psychedelia - progressive - folk - garage \",\"publisher\":{\"@id\":\"https:\/\/wpguerssen-test.odoo.rgbconsulting.com\/es\/#organization\"},\"potentialAction\":[{\"@type\":\"SearchAction\",\"target\":{\"@type\":\"EntryPoint\",\"urlTemplate\":\"https:\/\/wpguerssen-test.odoo.rgbconsulting.com\/es\/?s={search_term_string}\"},\"query-input\":{\"@type\":\"PropertyValueSpecification\",\"valueRequired\":true,\"valueName\":\"search_term_string\"}}],\"inLanguage\":\"es\"},{\"@type\":\"Organization\",\"@id\":\"https:\/\/wpguerssen-test.odoo.rgbconsulting.com\/es\/#organization\",\"name\":\"Guerssen records\",\"url\":\"https:\/\/wpguerssen-test.odoo.rgbconsulting.com\/es\/\",\"logo\":{\"@type\":\"ImageObject\",\"inLanguage\":\"es\",\"@id\":\"https:\/\/wpguerssen-test.odoo.rgbconsulting.com\/es\/#\/schema\/logo\/image\/\",\"url\":\"https:\/\/wpguerssen-test.odoo.rgbconsulting.com\/wp-content\/uploads\/2022\/04\/Logo_Guerssen_trans_100.png\",\"contentUrl\":\"https:\/\/wpguerssen-test.odoo.rgbconsulting.com\/wp-content\/uploads\/2022\/04\/Logo_Guerssen_trans_100.png\",\"width\":122,\"height\":100,\"caption\":\"Guerssen records\"},\"image\":{\"@id\":\"https:\/\/wpguerssen-test.odoo.rgbconsulting.com\/es\/#\/schema\/logo\/image\/\"}}]}<\/script>\n<!-- \/ Yoast SEO plugin. -->","yoast_head_json":{"title":"QUEEN - Knock on Wood (White) -  (LP) | Guerssen","description":"Here we have a 12 tracks LP of rarities from what would have become one of the biggest acts ever! From solo pre-Queen debut to fame, these seminal tracks demonstrate the talent of four individuals and their bands at the beginning of their carreers. Culled from acetates, rare tapes and test pressings - one of the most famous incarnations was without a doubt the group \"Smile\" leaded by Brian May and Roger Taylor, represented here in this Compilation with 3 rare tracks, as well as Freddy Mercury band Ibex covering live two sought-after Beatles' and Elvis' tracks and the impossible to find Freddy follow-up band called Wreckage with an obscure demo. The remainder of the album is all to be discovered with surprising Brian May, Roger Taylor and John Deacon early group rehearsal tunes which never appeared before on vinyl!","robots":{"index":"index","follow":"follow","max-snippet":"max-snippet:-1","max-image-preview":"max-image-preview:large","max-video-preview":"max-video-preview:-1"},"canonical":"https:\/\/wpguerssen-test.odoo.rgbconsulting.com\/es\/producto\/knock-on-wood-white\/","og_locale":"es_ES","og_type":"article","og_title":"QUEEN - Knock on Wood (White) -  (LP) | Guerssen","og_description":"Here we have a 12 tracks LP of rarities from what would have become one of the biggest acts ever! From solo pre-Queen debut to fame, these seminal tracks demonstrate the talent of four individuals and their bands at the beginning of their carreers. Culled from acetates, rare tapes and test pressings - one of the most famous incarnations was without a doubt the group \"Smile\" leaded by Brian May and Roger Taylor, represented here in this Compilation with 3 rare tracks, as well as Freddy Mercury band Ibex covering live two sought-after Beatles' and Elvis' tracks and the impossible to find Freddy follow-up band called Wreckage with an obscure demo. The remainder of the album is all to be discovered with surprising Brian May, Roger Taylor and John Deacon early group rehearsal tunes which never appeared before on vinyl!","og_url":"https:\/\/wpguerssen-test.odoo.rgbconsulting.com\/es\/producto\/knock-on-wood-white\/","og_site_name":"Guerssen records","article_modified_time":"2025-04-16T16:31:56+00:00","og_image":[{"width":1400,"height":1400,"url":"https:\/\/wpguerssen-test.odoo.rgbconsulting.com\/wp-content\/uploads\/2025\/02\/49821.jpg","type":"image\/jpeg"}],"twitter_card":"summary_large_image","twitter_title":"QUEEN - Knock on Wood (White) -  (LP) | Guerssen","twitter_misc":{"Tiempo de lectura":"1 minuto"},"schema":{"@context":"https:\/\/schema.org","@graph":[{"@type":"WebPage","@id":"https:\/\/wpguerssen-test.odoo.rgbconsulting.com\/es\/producto\/knock-on-wood-white\/","url":"https:\/\/wpguerssen-test.odoo.rgbconsulting.com\/es\/producto\/knock-on-wood-white\/","name":"QUEEN - Knock on Wood (White) - (LP) | Guerssen","isPartOf":{"@id":"https:\/\/wpguerssen-test.odoo.rgbconsulting.com\/es\/#website"},"primaryImageOfPage":{"@id":"https:\/\/wpguerssen-test.odoo.rgbconsulting.com\/es\/producto\/knock-on-wood-white\/#primaryimage"},"image":{"@id":"https:\/\/wpguerssen-test.odoo.rgbconsulting.com\/es\/producto\/knock-on-wood-white\/#primaryimage"},"thumbnailUrl":"https:\/\/wpguerssen-test.odoo.rgbconsulting.com\/wp-content\/uploads\/2025\/02\/49821.jpg","datePublished":"2025-02-10T23:00:00+00:00","dateModified":"2025-04-16T16:31:56+00:00","description":"Here we have a 12 tracks LP of rarities from what would have become one of the biggest acts ever! From solo pre-Queen debut to fame, these seminal tracks demonstrate the talent of four individuals and their bands at the beginning of their carreers. Culled from acetates, rare tapes and test pressings - one of the most famous incarnations was without a doubt the group \"Smile\" leaded by Brian May and Roger Taylor, represented here in this Compilation with 3 rare tracks, as well as Freddy Mercury band Ibex covering live two sought-after Beatles' and Elvis' tracks and the impossible to find Freddy follow-up band called Wreckage with an obscure demo. The remainder of the album is all to be discovered with surprising Brian May, Roger Taylor and John Deacon early group rehearsal tunes which never appeared before on vinyl!","breadcrumb":{"@id":"https:\/\/wpguerssen-test.odoo.rgbconsulting.com\/es\/producto\/knock-on-wood-white\/#breadcrumb"},"inLanguage":"es","potentialAction":[{"@type":"ReadAction","target":["https:\/\/wpguerssen-test.odoo.rgbconsulting.com\/es\/producto\/knock-on-wood-white\/"]}]},{"@type":"ImageObject","inLanguage":"es","@id":"https:\/\/wpguerssen-test.odoo.rgbconsulting.com\/es\/producto\/knock-on-wood-white\/#primaryimage","url":"https:\/\/wpguerssen-test.odoo.rgbconsulting.com\/wp-content\/uploads\/2025\/02\/49821.jpg","contentUrl":"https:\/\/wpguerssen-test.odoo.rgbconsulting.com\/wp-content\/uploads\/2025\/02\/49821.jpg","width":1400,"height":1400},{"@type":"BreadcrumbList","@id":"https:\/\/wpguerssen-test.odoo.rgbconsulting.com\/es\/producto\/knock-on-wood-white\/#breadcrumb","itemListElement":[{"@type":"ListItem","position":1,"name":"Inicio","item":"https:\/\/wpguerssen-test.odoo.rgbconsulting.com\/es\/"},{"@type":"ListItem","position":2,"name":"Shop","item":"https:\/\/wpguerssen-test.odoo.rgbconsulting.com\/shop\/"},{"@type":"ListItem","position":3,"name":"Knock on Wood (White)"}]},{"@type":"WebSite","@id":"https:\/\/wpguerssen-test.odoo.rgbconsulting.com\/es\/#website","url":"https:\/\/wpguerssen-test.odoo.rgbconsulting.com\/es\/","name":"Guerssen records","description":"psychedelia - progressive - folk - garage ","publisher":{"@id":"https:\/\/wpguerssen-test.odoo.rgbconsulting.com\/es\/#organization"},"potentialAction":[{"@type":"SearchAction","target":{"@type":"EntryPoint","urlTemplate":"https:\/\/wpguerssen-test.odoo.rgbconsulting.com\/es\/?s={search_term_string}"},"query-input":{"@type":"PropertyValueSpecification","valueRequired":true,"valueName":"search_term_string"}}],"inLanguage":"es"},{"@type":"Organization","@id":"https:\/\/wpguerssen-test.odoo.rgbconsulting.com\/es\/#organization","name":"Guerssen records","url":"https:\/\/wpguerssen-test.odoo.rgbconsulting.com\/es\/","logo":{"@type":"ImageObject","inLanguage":"es","@id":"https:\/\/wpguerssen-test.odoo.rgbconsulting.com\/es\/#\/schema\/logo\/image\/","url":"https:\/\/wpguerssen-test.odoo.rgbconsulting.com\/wp-content\/uploads\/2022\/04\/Logo_Guerssen_trans_100.png","contentUrl":"https:\/\/wpguerssen-test.odoo.rgbconsulting.com\/wp-content\/uploads\/2022\/04\/Logo_Guerssen_trans_100.png","width":122,"height":100,"caption":"Guerssen records"},"image":{"@id":"https:\/\/wpguerssen-test.odoo.rgbconsulting.com\/es\/#\/schema\/logo\/image\/"}}]}},"_links":{"self":[{"href":"https:\/\/wpguerssen-test.odoo.rgbconsulting.com\/es\/wp-json\/wp\/v2\/product\/283260","targetHints":{"allow":["GET"]}}],"collection":[{"href":"https:\/\/wpguerssen-test.odoo.rgbconsulting.com\/es\/wp-json\/wp\/v2\/product"}],"about":[{"href":"https:\/\/wpguerssen-test.odoo.rgbconsulting.com\/es\/wp-json\/wp\/v2\/types\/product"}],"wp:featuredmedia":[{"embeddable":true,"href":"https:\/\/wpguerssen-test.odoo.rgbconsulting.com\/es\/wp-json\/wp\/v2\/media\/283227"}],"wp:attachment":[{"href":"https:\/\/wpguerssen-test.odoo.rgbconsulting.com\/es\/wp-json\/wp\/v2\/media?parent=283260"}],"wp:term":[{"taxonomy":"product_brand","embeddable":true,"href":"https:\/\/wpguerssen-test.odoo.rgbconsulting.com\/es\/wp-json\/wp\/v2\/product_brand?post=283260"},{"taxonomy":"product_cat","embeddable":true,"href":"https:\/\/wpguerssen-test.odoo.rgbconsulting.com\/es\/wp-json\/wp\/v2\/product_cat?post=283260"},{"taxonomy":"product_tag","embeddable":true,"href":"https:\/\/wpguerssen-test.odoo.rgbconsulting.com\/es\/wp-json\/wp\/v2\/product_tag?post=283260"}],"curies":[{"name":"wp","href":"https:\/\/api.w.org\/{rel}","templated":true}]}}