{"id":283326,"date":"2025-03-24T00:00:00","date_gmt":"2025-03-23T23:00:00","guid":{"rendered":"https:\/\/wpguerssen-test.odoo.rgbconsulting.com\/product\/bbc-sessions-1981-1985\/"},"modified":"2025-04-16T18:32:07","modified_gmt":"2025-04-16T16:32:07","slug":"bbc-sessions-1981-1985","status":"publish","type":"product","link":"https:\/\/wpguerssen-test.odoo.rgbconsulting.com\/es\/producto\/bbc-sessions-1981-1985\/","title":{"rendered":"BBC Sessions 1981-1985"},"content":{"rendered":"<p>Una recopilaci\u00f3n de nueve sesiones de radio grabadas por The Cure para la BBC entre 1981 y 1985, que recoge muchos de los aspectos m\u00e1s destacados de sus primeros \u00e1lbumes.<br \/>Tracklist:<br \/>Side A<br \/>1 The Figurehead 07:15 2 Just One Kiss 04:01 3 Piggy In The Mirror 03:46 4 Bananafishbones 02:59 5 Give Me It 02:48 6 The Empty World 03:14 7 Screw 02:17<br \/>Side B<br \/>1 The Exploding Boy 02:55 2 Six Different Ways 03:25 3 In Between Days 2:49 4 Close To Me 03:34 5 Kyoto Song 04:33 6 The Baby Scream 03:44 7 Sinking 04:57<\/p>\n","protected":false},"excerpt":{"rendered":"<p>Una recopilaci\u00f3n de nueve sesiones de radio grabadas por The Cure para la BBC entre 1981 y 1985, que recoge muchos de los aspectos m\u00e1s destacados de sus primeros<a class=\"read\" href=\"https:\/\/wpguerssen-test.odoo.rgbconsulting.com\/es\/producto\/bbc-sessions-1981-1985\/\"> (...)<\/a>","protected":false},"featured_media":283309,"template":"","meta":{"_acf_changed":false},"product_brand":[],"product_cat":[23235,23222],"product_tag":[24189],"class_list":{"0":"post-283326","1":"product","2":"type-product","3":"status-publish","4":"has-post-thumbnail","6":"product_cat-post-punk-es","7":"product_cat-goth-darkwave-minima-es","8":"product_tag-recien-llegadas","9":"pa_artist-cure-the-es","10":"pa_format-lp-es","11":"pa_gender-goth-darkwave-minima-post-punk","12":"pa_label-dbqp","13":"pa_location-uk-ireland-es","14":"pa_other-filters-vinyl-only-es","16":"first","17":"instock","18":"taxable","19":"shipping-taxable","20":"purchasable","21":"product-type-simple"},"acf":[],"yoast_head":"<!-- This site is optimized with the Yoast SEO plugin v24.9 - https:\/\/yoast.com\/wordpress\/plugins\/seo\/ -->\n<title>CURE, The - BBC Sessions 1981-1985 -  (LP) | Guerssen<\/title>\n<meta name=\"description\" content=\"A compilation of nine radio sessions recorded by The Cure for the BBC between 1981 and 1985, taking in many of the highlights from their early albums.Tracklist:Side A1 The Figurehead 07:15 2 Just One Kiss 04:01 3 Piggy In The Mirror 03:46 4 Bananafishbones 02:59 5 Give Me It 02:48 6 The Empty World 03:14 7 Screw 02:17Side B1 The Exploding Boy 02:55 2 Six Different Ways 03:25 3 In Between Days 2:49 4 Close To Me 03:34 5 Kyoto Song 04:33 6 The Baby Scream 03:44 7 Sinking 04:57\" \/>\n<meta name=\"robots\" content=\"index, follow, max-snippet:-1, max-image-preview:large, max-video-preview:-1\" \/>\n<link rel=\"canonical\" href=\"https:\/\/wpguerssen-test.odoo.rgbconsulting.com\/es\/producto\/bbc-sessions-1981-1985\/\" \/>\n<meta property=\"og:locale\" content=\"es_ES\" \/>\n<meta property=\"og:type\" content=\"article\" \/>\n<meta property=\"og:title\" content=\"CURE, The - BBC Sessions 1981-1985 -  (LP) | Guerssen\" \/>\n<meta property=\"og:description\" content=\"A compilation of nine radio sessions recorded by The Cure for the BBC between 1981 and 1985, taking in many of the highlights from their early albums.Tracklist:Side A1 The Figurehead 07:15 2 Just One Kiss 04:01 3 Piggy In The Mirror 03:46 4 Bananafishbones 02:59 5 Give Me It 02:48 6 The Empty World 03:14 7 Screw 02:17Side B1 The Exploding Boy 02:55 2 Six Different Ways 03:25 3 In Between Days 2:49 4 Close To Me 03:34 5 Kyoto Song 04:33 6 The Baby Scream 03:44 7 Sinking 04:57\" \/>\n<meta property=\"og:url\" content=\"https:\/\/wpguerssen-test.odoo.rgbconsulting.com\/es\/producto\/bbc-sessions-1981-1985\/\" \/>\n<meta property=\"og:site_name\" content=\"Guerssen records\" \/>\n<meta property=\"article:modified_time\" content=\"2025-04-16T16:32:07+00:00\" \/>\n<meta property=\"og:image\" content=\"https:\/\/wpguerssen-test.odoo.rgbconsulting.com\/wp-content\/uploads\/2025\/02\/49829.jpg\" \/>\n\t<meta property=\"og:image:width\" content=\"945\" \/>\n\t<meta property=\"og:image:height\" content=\"945\" \/>\n\t<meta property=\"og:image:type\" content=\"image\/jpeg\" \/>\n<meta name=\"twitter:card\" content=\"summary_large_image\" \/>\n<meta name=\"twitter:title\" content=\"CURE, The - BBC Sessions 1981-1985 -  (LP) | Guerssen\" \/>\n<script type=\"application\/ld+json\" class=\"yoast-schema-graph\">{\"@context\":\"https:\/\/schema.org\",\"@graph\":[{\"@type\":\"WebPage\",\"@id\":\"https:\/\/wpguerssen-test.odoo.rgbconsulting.com\/es\/producto\/bbc-sessions-1981-1985\/\",\"url\":\"https:\/\/wpguerssen-test.odoo.rgbconsulting.com\/es\/producto\/bbc-sessions-1981-1985\/\",\"name\":\"CURE, The - BBC Sessions 1981-1985 - (LP) | Guerssen\",\"isPartOf\":{\"@id\":\"https:\/\/wpguerssen-test.odoo.rgbconsulting.com\/es\/#website\"},\"primaryImageOfPage\":{\"@id\":\"https:\/\/wpguerssen-test.odoo.rgbconsulting.com\/es\/producto\/bbc-sessions-1981-1985\/#primaryimage\"},\"image\":{\"@id\":\"https:\/\/wpguerssen-test.odoo.rgbconsulting.com\/es\/producto\/bbc-sessions-1981-1985\/#primaryimage\"},\"thumbnailUrl\":\"https:\/\/wpguerssen-test.odoo.rgbconsulting.com\/wp-content\/uploads\/2025\/02\/49829.jpg\",\"datePublished\":\"2025-03-23T23:00:00+00:00\",\"dateModified\":\"2025-04-16T16:32:07+00:00\",\"description\":\"A compilation of nine radio sessions recorded by The Cure for the BBC between 1981 and 1985, taking in many of the highlights from their early albums.Tracklist:Side A1 The Figurehead 07:15 2 Just One Kiss 04:01 3 Piggy In The Mirror 03:46 4 Bananafishbones 02:59 5 Give Me It 02:48 6 The Empty World 03:14 7 Screw 02:17Side B1 The Exploding Boy 02:55 2 Six Different Ways 03:25 3 In Between Days 2:49 4 Close To Me 03:34 5 Kyoto Song 04:33 6 The Baby Scream 03:44 7 Sinking 04:57\",\"breadcrumb\":{\"@id\":\"https:\/\/wpguerssen-test.odoo.rgbconsulting.com\/es\/producto\/bbc-sessions-1981-1985\/#breadcrumb\"},\"inLanguage\":\"es\",\"potentialAction\":[{\"@type\":\"ReadAction\",\"target\":[\"https:\/\/wpguerssen-test.odoo.rgbconsulting.com\/es\/producto\/bbc-sessions-1981-1985\/\"]}]},{\"@type\":\"ImageObject\",\"inLanguage\":\"es\",\"@id\":\"https:\/\/wpguerssen-test.odoo.rgbconsulting.com\/es\/producto\/bbc-sessions-1981-1985\/#primaryimage\",\"url\":\"https:\/\/wpguerssen-test.odoo.rgbconsulting.com\/wp-content\/uploads\/2025\/02\/49829.jpg\",\"contentUrl\":\"https:\/\/wpguerssen-test.odoo.rgbconsulting.com\/wp-content\/uploads\/2025\/02\/49829.jpg\",\"width\":945,\"height\":945,\"caption\":\"The - BBC Sessions 1981-1985 - DBQP (LP) | Guerssen\"},{\"@type\":\"BreadcrumbList\",\"@id\":\"https:\/\/wpguerssen-test.odoo.rgbconsulting.com\/es\/producto\/bbc-sessions-1981-1985\/#breadcrumb\",\"itemListElement\":[{\"@type\":\"ListItem\",\"position\":1,\"name\":\"Inicio\",\"item\":\"https:\/\/wpguerssen-test.odoo.rgbconsulting.com\/es\/\"},{\"@type\":\"ListItem\",\"position\":2,\"name\":\"Shop\",\"item\":\"https:\/\/wpguerssen-test.odoo.rgbconsulting.com\/shop\/\"},{\"@type\":\"ListItem\",\"position\":3,\"name\":\"BBC Sessions 1981-1985\"}]},{\"@type\":\"WebSite\",\"@id\":\"https:\/\/wpguerssen-test.odoo.rgbconsulting.com\/es\/#website\",\"url\":\"https:\/\/wpguerssen-test.odoo.rgbconsulting.com\/es\/\",\"name\":\"Guerssen records\",\"description\":\"psychedelia - progressive - folk - garage \",\"publisher\":{\"@id\":\"https:\/\/wpguerssen-test.odoo.rgbconsulting.com\/es\/#organization\"},\"potentialAction\":[{\"@type\":\"SearchAction\",\"target\":{\"@type\":\"EntryPoint\",\"urlTemplate\":\"https:\/\/wpguerssen-test.odoo.rgbconsulting.com\/es\/?s={search_term_string}\"},\"query-input\":{\"@type\":\"PropertyValueSpecification\",\"valueRequired\":true,\"valueName\":\"search_term_string\"}}],\"inLanguage\":\"es\"},{\"@type\":\"Organization\",\"@id\":\"https:\/\/wpguerssen-test.odoo.rgbconsulting.com\/es\/#organization\",\"name\":\"Guerssen records\",\"url\":\"https:\/\/wpguerssen-test.odoo.rgbconsulting.com\/es\/\",\"logo\":{\"@type\":\"ImageObject\",\"inLanguage\":\"es\",\"@id\":\"https:\/\/wpguerssen-test.odoo.rgbconsulting.com\/es\/#\/schema\/logo\/image\/\",\"url\":\"https:\/\/wpguerssen-test.odoo.rgbconsulting.com\/wp-content\/uploads\/2022\/04\/Logo_Guerssen_trans_100.png\",\"contentUrl\":\"https:\/\/wpguerssen-test.odoo.rgbconsulting.com\/wp-content\/uploads\/2022\/04\/Logo_Guerssen_trans_100.png\",\"width\":122,\"height\":100,\"caption\":\"Guerssen records\"},\"image\":{\"@id\":\"https:\/\/wpguerssen-test.odoo.rgbconsulting.com\/es\/#\/schema\/logo\/image\/\"}}]}<\/script>\n<!-- \/ Yoast SEO plugin. -->","yoast_head_json":{"title":"CURE, The - BBC Sessions 1981-1985 -  (LP) | Guerssen","description":"A compilation of nine radio sessions recorded by The Cure for the BBC between 1981 and 1985, taking in many of the highlights from their early albums.Tracklist:Side A1 The Figurehead 07:15 2 Just One Kiss 04:01 3 Piggy In The Mirror 03:46 4 Bananafishbones 02:59 5 Give Me It 02:48 6 The Empty World 03:14 7 Screw 02:17Side B1 The Exploding Boy 02:55 2 Six Different Ways 03:25 3 In Between Days 2:49 4 Close To Me 03:34 5 Kyoto Song 04:33 6 The Baby Scream 03:44 7 Sinking 04:57","robots":{"index":"index","follow":"follow","max-snippet":"max-snippet:-1","max-image-preview":"max-image-preview:large","max-video-preview":"max-video-preview:-1"},"canonical":"https:\/\/wpguerssen-test.odoo.rgbconsulting.com\/es\/producto\/bbc-sessions-1981-1985\/","og_locale":"es_ES","og_type":"article","og_title":"CURE, The - BBC Sessions 1981-1985 -  (LP) | Guerssen","og_description":"A compilation of nine radio sessions recorded by The Cure for the BBC between 1981 and 1985, taking in many of the highlights from their early albums.Tracklist:Side A1 The Figurehead 07:15 2 Just One Kiss 04:01 3 Piggy In The Mirror 03:46 4 Bananafishbones 02:59 5 Give Me It 02:48 6 The Empty World 03:14 7 Screw 02:17Side B1 The Exploding Boy 02:55 2 Six Different Ways 03:25 3 In Between Days 2:49 4 Close To Me 03:34 5 Kyoto Song 04:33 6 The Baby Scream 03:44 7 Sinking 04:57","og_url":"https:\/\/wpguerssen-test.odoo.rgbconsulting.com\/es\/producto\/bbc-sessions-1981-1985\/","og_site_name":"Guerssen records","article_modified_time":"2025-04-16T16:32:07+00:00","og_image":[{"width":945,"height":945,"url":"https:\/\/wpguerssen-test.odoo.rgbconsulting.com\/wp-content\/uploads\/2025\/02\/49829.jpg","type":"image\/jpeg"}],"twitter_card":"summary_large_image","twitter_title":"CURE, The - BBC Sessions 1981-1985 -  (LP) | Guerssen","schema":{"@context":"https:\/\/schema.org","@graph":[{"@type":"WebPage","@id":"https:\/\/wpguerssen-test.odoo.rgbconsulting.com\/es\/producto\/bbc-sessions-1981-1985\/","url":"https:\/\/wpguerssen-test.odoo.rgbconsulting.com\/es\/producto\/bbc-sessions-1981-1985\/","name":"CURE, The - BBC Sessions 1981-1985 - (LP) | Guerssen","isPartOf":{"@id":"https:\/\/wpguerssen-test.odoo.rgbconsulting.com\/es\/#website"},"primaryImageOfPage":{"@id":"https:\/\/wpguerssen-test.odoo.rgbconsulting.com\/es\/producto\/bbc-sessions-1981-1985\/#primaryimage"},"image":{"@id":"https:\/\/wpguerssen-test.odoo.rgbconsulting.com\/es\/producto\/bbc-sessions-1981-1985\/#primaryimage"},"thumbnailUrl":"https:\/\/wpguerssen-test.odoo.rgbconsulting.com\/wp-content\/uploads\/2025\/02\/49829.jpg","datePublished":"2025-03-23T23:00:00+00:00","dateModified":"2025-04-16T16:32:07+00:00","description":"A compilation of nine radio sessions recorded by The Cure for the BBC between 1981 and 1985, taking in many of the highlights from their early albums.Tracklist:Side A1 The Figurehead 07:15 2 Just One Kiss 04:01 3 Piggy In The Mirror 03:46 4 Bananafishbones 02:59 5 Give Me It 02:48 6 The Empty World 03:14 7 Screw 02:17Side B1 The Exploding Boy 02:55 2 Six Different Ways 03:25 3 In Between Days 2:49 4 Close To Me 03:34 5 Kyoto Song 04:33 6 The Baby Scream 03:44 7 Sinking 04:57","breadcrumb":{"@id":"https:\/\/wpguerssen-test.odoo.rgbconsulting.com\/es\/producto\/bbc-sessions-1981-1985\/#breadcrumb"},"inLanguage":"es","potentialAction":[{"@type":"ReadAction","target":["https:\/\/wpguerssen-test.odoo.rgbconsulting.com\/es\/producto\/bbc-sessions-1981-1985\/"]}]},{"@type":"ImageObject","inLanguage":"es","@id":"https:\/\/wpguerssen-test.odoo.rgbconsulting.com\/es\/producto\/bbc-sessions-1981-1985\/#primaryimage","url":"https:\/\/wpguerssen-test.odoo.rgbconsulting.com\/wp-content\/uploads\/2025\/02\/49829.jpg","contentUrl":"https:\/\/wpguerssen-test.odoo.rgbconsulting.com\/wp-content\/uploads\/2025\/02\/49829.jpg","width":945,"height":945,"caption":"The - BBC Sessions 1981-1985 - DBQP (LP) | Guerssen"},{"@type":"BreadcrumbList","@id":"https:\/\/wpguerssen-test.odoo.rgbconsulting.com\/es\/producto\/bbc-sessions-1981-1985\/#breadcrumb","itemListElement":[{"@type":"ListItem","position":1,"name":"Inicio","item":"https:\/\/wpguerssen-test.odoo.rgbconsulting.com\/es\/"},{"@type":"ListItem","position":2,"name":"Shop","item":"https:\/\/wpguerssen-test.odoo.rgbconsulting.com\/shop\/"},{"@type":"ListItem","position":3,"name":"BBC Sessions 1981-1985"}]},{"@type":"WebSite","@id":"https:\/\/wpguerssen-test.odoo.rgbconsulting.com\/es\/#website","url":"https:\/\/wpguerssen-test.odoo.rgbconsulting.com\/es\/","name":"Guerssen records","description":"psychedelia - progressive - folk - garage ","publisher":{"@id":"https:\/\/wpguerssen-test.odoo.rgbconsulting.com\/es\/#organization"},"potentialAction":[{"@type":"SearchAction","target":{"@type":"EntryPoint","urlTemplate":"https:\/\/wpguerssen-test.odoo.rgbconsulting.com\/es\/?s={search_term_string}"},"query-input":{"@type":"PropertyValueSpecification","valueRequired":true,"valueName":"search_term_string"}}],"inLanguage":"es"},{"@type":"Organization","@id":"https:\/\/wpguerssen-test.odoo.rgbconsulting.com\/es\/#organization","name":"Guerssen records","url":"https:\/\/wpguerssen-test.odoo.rgbconsulting.com\/es\/","logo":{"@type":"ImageObject","inLanguage":"es","@id":"https:\/\/wpguerssen-test.odoo.rgbconsulting.com\/es\/#\/schema\/logo\/image\/","url":"https:\/\/wpguerssen-test.odoo.rgbconsulting.com\/wp-content\/uploads\/2022\/04\/Logo_Guerssen_trans_100.png","contentUrl":"https:\/\/wpguerssen-test.odoo.rgbconsulting.com\/wp-content\/uploads\/2022\/04\/Logo_Guerssen_trans_100.png","width":122,"height":100,"caption":"Guerssen records"},"image":{"@id":"https:\/\/wpguerssen-test.odoo.rgbconsulting.com\/es\/#\/schema\/logo\/image\/"}}]}},"_links":{"self":[{"href":"https:\/\/wpguerssen-test.odoo.rgbconsulting.com\/es\/wp-json\/wp\/v2\/product\/283326","targetHints":{"allow":["GET"]}}],"collection":[{"href":"https:\/\/wpguerssen-test.odoo.rgbconsulting.com\/es\/wp-json\/wp\/v2\/product"}],"about":[{"href":"https:\/\/wpguerssen-test.odoo.rgbconsulting.com\/es\/wp-json\/wp\/v2\/types\/product"}],"wp:featuredmedia":[{"embeddable":true,"href":"https:\/\/wpguerssen-test.odoo.rgbconsulting.com\/es\/wp-json\/wp\/v2\/media\/283309"}],"wp:attachment":[{"href":"https:\/\/wpguerssen-test.odoo.rgbconsulting.com\/es\/wp-json\/wp\/v2\/media?parent=283326"}],"wp:term":[{"taxonomy":"product_brand","embeddable":true,"href":"https:\/\/wpguerssen-test.odoo.rgbconsulting.com\/es\/wp-json\/wp\/v2\/product_brand?post=283326"},{"taxonomy":"product_cat","embeddable":true,"href":"https:\/\/wpguerssen-test.odoo.rgbconsulting.com\/es\/wp-json\/wp\/v2\/product_cat?post=283326"},{"taxonomy":"product_tag","embeddable":true,"href":"https:\/\/wpguerssen-test.odoo.rgbconsulting.com\/es\/wp-json\/wp\/v2\/product_tag?post=283326"}],"curies":[{"name":"wp","href":"https:\/\/api.w.org\/{rel}","templated":true}]}}