{"id":283328,"date":"2025-04-11T00:00:00","date_gmt":"2025-04-10T22:00:00","guid":{"rendered":"https:\/\/wpguerssen-test.odoo.rgbconsulting.com\/product\/live-at-the-rainbow-theatre-in-london-20-10-73\/"},"modified":"2025-04-29T13:38:19","modified_gmt":"2025-04-29T11:38:19","slug":"live-at-the-rainbow-theatre-in-london-20-10-73","status":"publish","type":"product","link":"https:\/\/wpguerssen-test.odoo.rgbconsulting.com\/es\/producto\/live-at-the-rainbow-theatre-in-london-20-10-73\/","title":{"rendered":"Live At The Rainbow Theatre In London 20\/10\/73"},"content":{"rendered":"<p>Una grabaci\u00f3n real en vivo de la mejor \u00e9poca de G\u00e9nesis. Tomado de una excelente grabaci\u00f3n de la mesa, sin sobregrabaciones. La calidad del sonido es excepcional y las actuaciones de esta cl\u00e1sica gira \u00abSelling England By The Pound\u00bb son a\u00fan mejores. Adem\u00e1s, como beneficio adicional, obtienes la versi\u00f3n faltante \u00abSupper&#8217;s Ready\u00bb tomada de Genesis Live. Imprescindible para cualquier fan ac\u00e9rrimo de G\u00e9nesis.<br \/>Tracklist:<br \/>Side A<br \/>1 Watcher Of The Skies 07:52 2 Dancing With The Moonlight Knight 08:28<br \/>Side B<br \/>1 The Cinema Show 11:02 2 I Know What I Like 05:16 3 Firth Of Fifth 08:30<br \/>Side C<br \/>1 The Musical Box 10:20 2 More Fool Of Me 03:12 3 The Battle Of Epping Forest 12:25<br \/>Side D<br \/>1 Supper&#8217;s Ready 23:42<\/p>\n","protected":false},"excerpt":{"rendered":"<p>Una grabaci\u00f3n real en vivo de la mejor \u00e9poca de G\u00e9nesis. Tomado de una excelente grabaci\u00f3n de la mesa, sin sobregrabaciones. La calidad del sonido es excepcional<a class=\"read\" href=\"https:\/\/wpguerssen-test.odoo.rgbconsulting.com\/es\/producto\/live-at-the-rainbow-theatre-in-london-20-10-73\/\"> (...)<\/a>","protected":false},"featured_media":283315,"template":"","meta":{"_acf_changed":false},"product_brand":[],"product_cat":[24508,23215],"product_tag":[24189],"class_list":{"0":"post-283328","1":"product","2":"type-product","3":"status-publish","4":"has-post-thumbnail","6":"product_cat-uncategorized","7":"product_cat-progressive60s-70s-es","8":"product_tag-recien-llegadas","9":"pa_artist-genesis","10":"pa_format-2lp-es","11":"pa_gender-progressive60s-70s","12":"pa_label-dbqp","13":"pa_location-uk-ireland-es","14":"pa_other-filters-vinyl-only-es","16":"first","17":"instock","18":"taxable","19":"shipping-taxable","20":"purchasable","21":"product-type-simple"},"acf":[],"yoast_head":"<!-- This site is optimized with the Yoast SEO plugin v24.9 - https:\/\/yoast.com\/wordpress\/plugins\/seo\/ -->\n<title>GENESIS - Live At The Rainbow Theatre In London 20\/10\/73 -  (2LP) | Guerssen<\/title>\n<meta name=\"description\" content=\"A real live recording from Genesis&#039;s best era. Taken from an excellent sourced soundboard recording, no overdubs, and more importantly only taken from one show. The sound quality is exceptional and the performances from this classic &quot;Selling England By The Pound&quot; Tour are even better. Also as a bonus you also get the missing &quot;Supper&#039;s Ready&quot; version taken from Genesis Live, where it was commercially omitted to make Genesis Live a budget release. A must have for any die hard Genesis fan.Tracklist:Side A1 Watcher Of The Skies 07:52 2 Dancing With The Moonlight Knight 08:28Side B1 The Cinema Show 11:02 2 I Know What I Like 05:16 3 Firth Of Fifth 08:30Side C1 The Musical Box 10:20 2 More Fool Of Me 03:12 3 The Battle Of Epping Forest 12:25Side D1 Supper&#039;s Ready 23:42\" \/>\n<meta name=\"robots\" content=\"index, follow, max-snippet:-1, max-image-preview:large, max-video-preview:-1\" \/>\n<link rel=\"canonical\" href=\"https:\/\/wpguerssen-test.odoo.rgbconsulting.com\/es\/producto\/live-at-the-rainbow-theatre-in-london-20-10-73\/\" \/>\n<meta property=\"og:locale\" content=\"es_ES\" \/>\n<meta property=\"og:type\" content=\"article\" \/>\n<meta property=\"og:title\" content=\"GENESIS - Live At The Rainbow Theatre In London 20\/10\/73 -  (2LP) | Guerssen\" \/>\n<meta property=\"og:description\" content=\"A real live recording from Genesis&#039;s best era. Taken from an excellent sourced soundboard recording, no overdubs, and more importantly only taken from one show. The sound quality is exceptional and the performances from this classic &quot;Selling England By The Pound&quot; Tour are even better. Also as a bonus you also get the missing &quot;Supper&#039;s Ready&quot; version taken from Genesis Live, where it was commercially omitted to make Genesis Live a budget release. A must have for any die hard Genesis fan.Tracklist:Side A1 Watcher Of The Skies 07:52 2 Dancing With The Moonlight Knight 08:28Side B1 The Cinema Show 11:02 2 I Know What I Like 05:16 3 Firth Of Fifth 08:30Side C1 The Musical Box 10:20 2 More Fool Of Me 03:12 3 The Battle Of Epping Forest 12:25Side D1 Supper&#039;s Ready 23:42\" \/>\n<meta property=\"og:url\" content=\"https:\/\/wpguerssen-test.odoo.rgbconsulting.com\/es\/producto\/live-at-the-rainbow-theatre-in-london-20-10-73\/\" \/>\n<meta property=\"og:site_name\" content=\"Guerssen records\" \/>\n<meta property=\"article:modified_time\" content=\"2025-04-29T11:38:19+00:00\" \/>\n<meta property=\"og:image\" content=\"https:\/\/wpguerssen-test.odoo.rgbconsulting.com\/wp-content\/uploads\/2025\/02\/49831.jpg\" \/>\n\t<meta property=\"og:image:width\" content=\"944\" \/>\n\t<meta property=\"og:image:height\" content=\"945\" \/>\n\t<meta property=\"og:image:type\" content=\"image\/jpeg\" \/>\n<meta name=\"twitter:card\" content=\"summary_large_image\" \/>\n<meta name=\"twitter:title\" content=\"GENESIS - Live At The Rainbow Theatre In London 20\/10\/73 -  (2LP) | Guerssen\" \/>\n<meta name=\"twitter:label1\" content=\"Tiempo de lectura\" \/>\n\t<meta name=\"twitter:data1\" content=\"1 minuto\" \/>\n<script type=\"application\/ld+json\" class=\"yoast-schema-graph\">{\"@context\":\"https:\/\/schema.org\",\"@graph\":[{\"@type\":\"WebPage\",\"@id\":\"https:\/\/wpguerssen-test.odoo.rgbconsulting.com\/es\/producto\/live-at-the-rainbow-theatre-in-london-20-10-73\/\",\"url\":\"https:\/\/wpguerssen-test.odoo.rgbconsulting.com\/es\/producto\/live-at-the-rainbow-theatre-in-london-20-10-73\/\",\"name\":\"GENESIS - Live At The Rainbow Theatre In London 20\/10\/73 - (2LP) | Guerssen\",\"isPartOf\":{\"@id\":\"https:\/\/wpguerssen-test.odoo.rgbconsulting.com\/es\/#website\"},\"primaryImageOfPage\":{\"@id\":\"https:\/\/wpguerssen-test.odoo.rgbconsulting.com\/es\/producto\/live-at-the-rainbow-theatre-in-london-20-10-73\/#primaryimage\"},\"image\":{\"@id\":\"https:\/\/wpguerssen-test.odoo.rgbconsulting.com\/es\/producto\/live-at-the-rainbow-theatre-in-london-20-10-73\/#primaryimage\"},\"thumbnailUrl\":\"https:\/\/wpguerssen-test.odoo.rgbconsulting.com\/wp-content\/uploads\/2025\/02\/49831.jpg\",\"datePublished\":\"2025-04-10T22:00:00+00:00\",\"dateModified\":\"2025-04-29T11:38:19+00:00\",\"description\":\"A real live recording from Genesis's best era. Taken from an excellent sourced soundboard recording, no overdubs, and more importantly only taken from one show. The sound quality is exceptional and the performances from this classic \\\"Selling England By The Pound\\\" Tour are even better. Also as a bonus you also get the missing \\\"Supper's Ready\\\" version taken from Genesis Live, where it was commercially omitted to make Genesis Live a budget release. A must have for any die hard Genesis fan.Tracklist:Side A1 Watcher Of The Skies 07:52 2 Dancing With The Moonlight Knight 08:28Side B1 The Cinema Show 11:02 2 I Know What I Like 05:16 3 Firth Of Fifth 08:30Side C1 The Musical Box 10:20 2 More Fool Of Me 03:12 3 The Battle Of Epping Forest 12:25Side D1 Supper's Ready 23:42\",\"breadcrumb\":{\"@id\":\"https:\/\/wpguerssen-test.odoo.rgbconsulting.com\/es\/producto\/live-at-the-rainbow-theatre-in-london-20-10-73\/#breadcrumb\"},\"inLanguage\":\"es\",\"potentialAction\":[{\"@type\":\"ReadAction\",\"target\":[\"https:\/\/wpguerssen-test.odoo.rgbconsulting.com\/es\/producto\/live-at-the-rainbow-theatre-in-london-20-10-73\/\"]}]},{\"@type\":\"ImageObject\",\"inLanguage\":\"es\",\"@id\":\"https:\/\/wpguerssen-test.odoo.rgbconsulting.com\/es\/producto\/live-at-the-rainbow-theatre-in-london-20-10-73\/#primaryimage\",\"url\":\"https:\/\/wpguerssen-test.odoo.rgbconsulting.com\/wp-content\/uploads\/2025\/02\/49831.jpg\",\"contentUrl\":\"https:\/\/wpguerssen-test.odoo.rgbconsulting.com\/wp-content\/uploads\/2025\/02\/49831.jpg\",\"width\":944,\"height\":945},{\"@type\":\"BreadcrumbList\",\"@id\":\"https:\/\/wpguerssen-test.odoo.rgbconsulting.com\/es\/producto\/live-at-the-rainbow-theatre-in-london-20-10-73\/#breadcrumb\",\"itemListElement\":[{\"@type\":\"ListItem\",\"position\":1,\"name\":\"Inicio\",\"item\":\"https:\/\/wpguerssen-test.odoo.rgbconsulting.com\/es\/\"},{\"@type\":\"ListItem\",\"position\":2,\"name\":\"Shop\",\"item\":\"https:\/\/wpguerssen-test.odoo.rgbconsulting.com\/shop\/\"},{\"@type\":\"ListItem\",\"position\":3,\"name\":\"Live At The Rainbow Theatre In London 20\/10\/73\"}]},{\"@type\":\"WebSite\",\"@id\":\"https:\/\/wpguerssen-test.odoo.rgbconsulting.com\/es\/#website\",\"url\":\"https:\/\/wpguerssen-test.odoo.rgbconsulting.com\/es\/\",\"name\":\"Guerssen records\",\"description\":\"psychedelia - progressive - folk - garage \",\"publisher\":{\"@id\":\"https:\/\/wpguerssen-test.odoo.rgbconsulting.com\/es\/#organization\"},\"potentialAction\":[{\"@type\":\"SearchAction\",\"target\":{\"@type\":\"EntryPoint\",\"urlTemplate\":\"https:\/\/wpguerssen-test.odoo.rgbconsulting.com\/es\/?s={search_term_string}\"},\"query-input\":{\"@type\":\"PropertyValueSpecification\",\"valueRequired\":true,\"valueName\":\"search_term_string\"}}],\"inLanguage\":\"es\"},{\"@type\":\"Organization\",\"@id\":\"https:\/\/wpguerssen-test.odoo.rgbconsulting.com\/es\/#organization\",\"name\":\"Guerssen records\",\"url\":\"https:\/\/wpguerssen-test.odoo.rgbconsulting.com\/es\/\",\"logo\":{\"@type\":\"ImageObject\",\"inLanguage\":\"es\",\"@id\":\"https:\/\/wpguerssen-test.odoo.rgbconsulting.com\/es\/#\/schema\/logo\/image\/\",\"url\":\"https:\/\/wpguerssen-test.odoo.rgbconsulting.com\/wp-content\/uploads\/2022\/04\/Logo_Guerssen_trans_100.png\",\"contentUrl\":\"https:\/\/wpguerssen-test.odoo.rgbconsulting.com\/wp-content\/uploads\/2022\/04\/Logo_Guerssen_trans_100.png\",\"width\":122,\"height\":100,\"caption\":\"Guerssen records\"},\"image\":{\"@id\":\"https:\/\/wpguerssen-test.odoo.rgbconsulting.com\/es\/#\/schema\/logo\/image\/\"}}]}<\/script>\n<!-- \/ Yoast SEO plugin. -->","yoast_head_json":{"title":"GENESIS - Live At The Rainbow Theatre In London 20\/10\/73 -  (2LP) | Guerssen","description":"A real live recording from Genesis's best era. Taken from an excellent sourced soundboard recording, no overdubs, and more importantly only taken from one show. The sound quality is exceptional and the performances from this classic \"Selling England By The Pound\" Tour are even better. Also as a bonus you also get the missing \"Supper's Ready\" version taken from Genesis Live, where it was commercially omitted to make Genesis Live a budget release. A must have for any die hard Genesis fan.Tracklist:Side A1 Watcher Of The Skies 07:52 2 Dancing With The Moonlight Knight 08:28Side B1 The Cinema Show 11:02 2 I Know What I Like 05:16 3 Firth Of Fifth 08:30Side C1 The Musical Box 10:20 2 More Fool Of Me 03:12 3 The Battle Of Epping Forest 12:25Side D1 Supper's Ready 23:42","robots":{"index":"index","follow":"follow","max-snippet":"max-snippet:-1","max-image-preview":"max-image-preview:large","max-video-preview":"max-video-preview:-1"},"canonical":"https:\/\/wpguerssen-test.odoo.rgbconsulting.com\/es\/producto\/live-at-the-rainbow-theatre-in-london-20-10-73\/","og_locale":"es_ES","og_type":"article","og_title":"GENESIS - Live At The Rainbow Theatre In London 20\/10\/73 -  (2LP) | Guerssen","og_description":"A real live recording from Genesis's best era. Taken from an excellent sourced soundboard recording, no overdubs, and more importantly only taken from one show. The sound quality is exceptional and the performances from this classic \"Selling England By The Pound\" Tour are even better. Also as a bonus you also get the missing \"Supper's Ready\" version taken from Genesis Live, where it was commercially omitted to make Genesis Live a budget release. A must have for any die hard Genesis fan.Tracklist:Side A1 Watcher Of The Skies 07:52 2 Dancing With The Moonlight Knight 08:28Side B1 The Cinema Show 11:02 2 I Know What I Like 05:16 3 Firth Of Fifth 08:30Side C1 The Musical Box 10:20 2 More Fool Of Me 03:12 3 The Battle Of Epping Forest 12:25Side D1 Supper's Ready 23:42","og_url":"https:\/\/wpguerssen-test.odoo.rgbconsulting.com\/es\/producto\/live-at-the-rainbow-theatre-in-london-20-10-73\/","og_site_name":"Guerssen records","article_modified_time":"2025-04-29T11:38:19+00:00","og_image":[{"width":944,"height":945,"url":"https:\/\/wpguerssen-test.odoo.rgbconsulting.com\/wp-content\/uploads\/2025\/02\/49831.jpg","type":"image\/jpeg"}],"twitter_card":"summary_large_image","twitter_title":"GENESIS - Live At The Rainbow Theatre In London 20\/10\/73 -  (2LP) | Guerssen","twitter_misc":{"Tiempo de lectura":"1 minuto"},"schema":{"@context":"https:\/\/schema.org","@graph":[{"@type":"WebPage","@id":"https:\/\/wpguerssen-test.odoo.rgbconsulting.com\/es\/producto\/live-at-the-rainbow-theatre-in-london-20-10-73\/","url":"https:\/\/wpguerssen-test.odoo.rgbconsulting.com\/es\/producto\/live-at-the-rainbow-theatre-in-london-20-10-73\/","name":"GENESIS - Live At The Rainbow Theatre In London 20\/10\/73 - (2LP) | Guerssen","isPartOf":{"@id":"https:\/\/wpguerssen-test.odoo.rgbconsulting.com\/es\/#website"},"primaryImageOfPage":{"@id":"https:\/\/wpguerssen-test.odoo.rgbconsulting.com\/es\/producto\/live-at-the-rainbow-theatre-in-london-20-10-73\/#primaryimage"},"image":{"@id":"https:\/\/wpguerssen-test.odoo.rgbconsulting.com\/es\/producto\/live-at-the-rainbow-theatre-in-london-20-10-73\/#primaryimage"},"thumbnailUrl":"https:\/\/wpguerssen-test.odoo.rgbconsulting.com\/wp-content\/uploads\/2025\/02\/49831.jpg","datePublished":"2025-04-10T22:00:00+00:00","dateModified":"2025-04-29T11:38:19+00:00","description":"A real live recording from Genesis's best era. Taken from an excellent sourced soundboard recording, no overdubs, and more importantly only taken from one show. The sound quality is exceptional and the performances from this classic \"Selling England By The Pound\" Tour are even better. Also as a bonus you also get the missing \"Supper's Ready\" version taken from Genesis Live, where it was commercially omitted to make Genesis Live a budget release. A must have for any die hard Genesis fan.Tracklist:Side A1 Watcher Of The Skies 07:52 2 Dancing With The Moonlight Knight 08:28Side B1 The Cinema Show 11:02 2 I Know What I Like 05:16 3 Firth Of Fifth 08:30Side C1 The Musical Box 10:20 2 More Fool Of Me 03:12 3 The Battle Of Epping Forest 12:25Side D1 Supper's Ready 23:42","breadcrumb":{"@id":"https:\/\/wpguerssen-test.odoo.rgbconsulting.com\/es\/producto\/live-at-the-rainbow-theatre-in-london-20-10-73\/#breadcrumb"},"inLanguage":"es","potentialAction":[{"@type":"ReadAction","target":["https:\/\/wpguerssen-test.odoo.rgbconsulting.com\/es\/producto\/live-at-the-rainbow-theatre-in-london-20-10-73\/"]}]},{"@type":"ImageObject","inLanguage":"es","@id":"https:\/\/wpguerssen-test.odoo.rgbconsulting.com\/es\/producto\/live-at-the-rainbow-theatre-in-london-20-10-73\/#primaryimage","url":"https:\/\/wpguerssen-test.odoo.rgbconsulting.com\/wp-content\/uploads\/2025\/02\/49831.jpg","contentUrl":"https:\/\/wpguerssen-test.odoo.rgbconsulting.com\/wp-content\/uploads\/2025\/02\/49831.jpg","width":944,"height":945},{"@type":"BreadcrumbList","@id":"https:\/\/wpguerssen-test.odoo.rgbconsulting.com\/es\/producto\/live-at-the-rainbow-theatre-in-london-20-10-73\/#breadcrumb","itemListElement":[{"@type":"ListItem","position":1,"name":"Inicio","item":"https:\/\/wpguerssen-test.odoo.rgbconsulting.com\/es\/"},{"@type":"ListItem","position":2,"name":"Shop","item":"https:\/\/wpguerssen-test.odoo.rgbconsulting.com\/shop\/"},{"@type":"ListItem","position":3,"name":"Live At The Rainbow Theatre In London 20\/10\/73"}]},{"@type":"WebSite","@id":"https:\/\/wpguerssen-test.odoo.rgbconsulting.com\/es\/#website","url":"https:\/\/wpguerssen-test.odoo.rgbconsulting.com\/es\/","name":"Guerssen records","description":"psychedelia - progressive - folk - garage ","publisher":{"@id":"https:\/\/wpguerssen-test.odoo.rgbconsulting.com\/es\/#organization"},"potentialAction":[{"@type":"SearchAction","target":{"@type":"EntryPoint","urlTemplate":"https:\/\/wpguerssen-test.odoo.rgbconsulting.com\/es\/?s={search_term_string}"},"query-input":{"@type":"PropertyValueSpecification","valueRequired":true,"valueName":"search_term_string"}}],"inLanguage":"es"},{"@type":"Organization","@id":"https:\/\/wpguerssen-test.odoo.rgbconsulting.com\/es\/#organization","name":"Guerssen records","url":"https:\/\/wpguerssen-test.odoo.rgbconsulting.com\/es\/","logo":{"@type":"ImageObject","inLanguage":"es","@id":"https:\/\/wpguerssen-test.odoo.rgbconsulting.com\/es\/#\/schema\/logo\/image\/","url":"https:\/\/wpguerssen-test.odoo.rgbconsulting.com\/wp-content\/uploads\/2022\/04\/Logo_Guerssen_trans_100.png","contentUrl":"https:\/\/wpguerssen-test.odoo.rgbconsulting.com\/wp-content\/uploads\/2022\/04\/Logo_Guerssen_trans_100.png","width":122,"height":100,"caption":"Guerssen records"},"image":{"@id":"https:\/\/wpguerssen-test.odoo.rgbconsulting.com\/es\/#\/schema\/logo\/image\/"}}]}},"_links":{"self":[{"href":"https:\/\/wpguerssen-test.odoo.rgbconsulting.com\/es\/wp-json\/wp\/v2\/product\/283328","targetHints":{"allow":["GET"]}}],"collection":[{"href":"https:\/\/wpguerssen-test.odoo.rgbconsulting.com\/es\/wp-json\/wp\/v2\/product"}],"about":[{"href":"https:\/\/wpguerssen-test.odoo.rgbconsulting.com\/es\/wp-json\/wp\/v2\/types\/product"}],"wp:featuredmedia":[{"embeddable":true,"href":"https:\/\/wpguerssen-test.odoo.rgbconsulting.com\/es\/wp-json\/wp\/v2\/media\/283315"}],"wp:attachment":[{"href":"https:\/\/wpguerssen-test.odoo.rgbconsulting.com\/es\/wp-json\/wp\/v2\/media?parent=283328"}],"wp:term":[{"taxonomy":"product_brand","embeddable":true,"href":"https:\/\/wpguerssen-test.odoo.rgbconsulting.com\/es\/wp-json\/wp\/v2\/product_brand?post=283328"},{"taxonomy":"product_cat","embeddable":true,"href":"https:\/\/wpguerssen-test.odoo.rgbconsulting.com\/es\/wp-json\/wp\/v2\/product_cat?post=283328"},{"taxonomy":"product_tag","embeddable":true,"href":"https:\/\/wpguerssen-test.odoo.rgbconsulting.com\/es\/wp-json\/wp\/v2\/product_tag?post=283328"}],"curies":[{"name":"wp","href":"https:\/\/api.w.org\/{rel}","templated":true}]}}