{"id":283544,"date":"2025-03-25T00:00:00","date_gmt":"2025-03-24T23:00:00","guid":{"rendered":"https:\/\/wpguerssen-test.odoo.rgbconsulting.com\/product\/ralf-florian\/"},"modified":"2025-05-05T11:12:06","modified_gmt":"2025-05-05T09:12:06","slug":"ralf-florian","status":"publish","type":"product","link":"https:\/\/wpguerssen-test.odoo.rgbconsulting.com\/es\/producto\/ralf-florian\/","title":{"rendered":"Ralf &#038; Florian"},"content":{"rendered":"<p>Ralf and Florian (t\u00edtulo original en alem\u00e1n: Ralf und Florian) es el tercer \u00e1lbum de estudio de la banda electr\u00f3nica alemana Kraftwerk. Fue lanzado en octubre de 1973 y vio al grupo avanzar hacia su sonido electr\u00f3nico caracter\u00edstico. Este trabajo introduce una mayor limpieza en los sonidos e intensifica el uso de instrumentaci\u00f3n electr\u00f3nica, en concreto sintetizadores (Mini Moog, EMS AKS y Farfisa), cajas de ritmos y, por primera vez, un prototipo de vocoder. La formaci\u00f3n se acerca as\u00ed al c\u00f3digo estil\u00edstico de las obras m\u00e1s conocidas, empezando por Autobahn, esta \u00faltima considerada el verdadero debut de Kraftwerk. En 2008, Fact lo nombr\u00f3 entre los 20 mejores \u00e1lbumes ambientales jam\u00e1s realizados.<\/p>\n<p>\n","protected":false},"excerpt":{"rendered":"<p>Ralf and Florian (t\u00edtulo original en alem\u00e1n: Ralf und Florian) es el tercer \u00e1lbum de estudio de la banda electr\u00f3nica alemana Kraftwerk. Fue lanzado en octubre<a class=\"read\" href=\"https:\/\/wpguerssen-test.odoo.rgbconsulting.com\/es\/producto\/ralf-florian\/\"> (...)<\/a>","protected":false},"featured_media":283462,"template":"","meta":{"_acf_changed":false},"product_brand":[],"product_cat":[24508,23266],"product_tag":[],"class_list":{"0":"post-283544","1":"product","2":"type-product","3":"status-publish","4":"has-post-thumbnail","6":"product_cat-uncategorized","7":"product_cat-electronic-es","8":"pa_artist-kraftwerk-es","9":"pa_format-lp-es","10":"pa_gender-electronic","11":"pa_label-endless-happiness","12":"pa_location-europe-es","14":"first","15":"instock","16":"taxable","17":"shipping-taxable","18":"purchasable","19":"product-type-simple"},"acf":[],"yoast_head":"<!-- This site is optimized with the Yoast SEO plugin v24.9 - https:\/\/yoast.com\/wordpress\/plugins\/seo\/ -->\n<title>KRAFTWERK - Ralf &amp; Florian -  (LP) | Guerssen<\/title>\n<meta name=\"description\" content=\"Ralf and Florian (original German title: Ralf und Florian) is the third studio album by the German electronic band Kraftwerk. It was released in October 1973 and it saw the group moving toward their signature electronic sound. This work introduces greater cleanliness in the sounds and intensifies the use of electronic instrumentation, namely synths (Mini Moog, the EMS AKS and Farfisa), drum machines and, for the first time, a prototype vocoder. The formation thus approaches the stylistic code of the best-known works, starting from Autobahn, the latter considered to be the true debut of Kraftwerk. In 2008, Fact named it among the 20 greatest ambient albums ever made.\" \/>\n<meta name=\"robots\" content=\"index, follow, max-snippet:-1, max-image-preview:large, max-video-preview:-1\" \/>\n<link rel=\"canonical\" href=\"https:\/\/wpguerssen-test.odoo.rgbconsulting.com\/es\/producto\/ralf-florian\/\" \/>\n<meta property=\"og:locale\" content=\"es_ES\" \/>\n<meta property=\"og:type\" content=\"article\" \/>\n<meta property=\"og:title\" content=\"KRAFTWERK - Ralf &amp; Florian -  (LP) | Guerssen\" \/>\n<meta property=\"og:description\" content=\"Ralf and Florian (original German title: Ralf und Florian) is the third studio album by the German electronic band Kraftwerk. It was released in October 1973 and it saw the group moving toward their signature electronic sound. This work introduces greater cleanliness in the sounds and intensifies the use of electronic instrumentation, namely synths (Mini Moog, the EMS AKS and Farfisa), drum machines and, for the first time, a prototype vocoder. The formation thus approaches the stylistic code of the best-known works, starting from Autobahn, the latter considered to be the true debut of Kraftwerk. In 2008, Fact named it among the 20 greatest ambient albums ever made.\" \/>\n<meta property=\"og:url\" content=\"https:\/\/wpguerssen-test.odoo.rgbconsulting.com\/es\/producto\/ralf-florian\/\" \/>\n<meta property=\"og:site_name\" content=\"Guerssen records\" \/>\n<meta property=\"article:modified_time\" content=\"2025-05-05T09:12:06+00:00\" \/>\n<meta property=\"og:image\" content=\"https:\/\/wpguerssen-test.odoo.rgbconsulting.com\/wp-content\/uploads\/2025\/02\/49833.jpg\" \/>\n\t<meta property=\"og:image:width\" content=\"945\" \/>\n\t<meta property=\"og:image:height\" content=\"945\" \/>\n\t<meta property=\"og:image:type\" content=\"image\/jpeg\" \/>\n<meta name=\"twitter:card\" content=\"summary_large_image\" \/>\n<meta name=\"twitter:title\" content=\"KRAFTWERK - Ralf &amp; Florian -  (LP) | Guerssen\" \/>\n<meta name=\"twitter:label1\" content=\"Tiempo de lectura\" \/>\n\t<meta name=\"twitter:data1\" content=\"1 minuto\" \/>\n<script type=\"application\/ld+json\" class=\"yoast-schema-graph\">{\"@context\":\"https:\/\/schema.org\",\"@graph\":[{\"@type\":\"WebPage\",\"@id\":\"https:\/\/wpguerssen-test.odoo.rgbconsulting.com\/es\/producto\/ralf-florian\/\",\"url\":\"https:\/\/wpguerssen-test.odoo.rgbconsulting.com\/es\/producto\/ralf-florian\/\",\"name\":\"KRAFTWERK - Ralf & Florian - (LP) | Guerssen\",\"isPartOf\":{\"@id\":\"https:\/\/wpguerssen-test.odoo.rgbconsulting.com\/es\/#website\"},\"primaryImageOfPage\":{\"@id\":\"https:\/\/wpguerssen-test.odoo.rgbconsulting.com\/es\/producto\/ralf-florian\/#primaryimage\"},\"image\":{\"@id\":\"https:\/\/wpguerssen-test.odoo.rgbconsulting.com\/es\/producto\/ralf-florian\/#primaryimage\"},\"thumbnailUrl\":\"https:\/\/wpguerssen-test.odoo.rgbconsulting.com\/wp-content\/uploads\/2025\/02\/49833.jpg\",\"datePublished\":\"2025-03-24T23:00:00+00:00\",\"dateModified\":\"2025-05-05T09:12:06+00:00\",\"description\":\"Ralf and Florian (original German title: Ralf und Florian) is the third studio album by the German electronic band Kraftwerk. It was released in October 1973 and it saw the group moving toward their signature electronic sound. This work introduces greater cleanliness in the sounds and intensifies the use of electronic instrumentation, namely synths (Mini Moog, the EMS AKS and Farfisa), drum machines and, for the first time, a prototype vocoder. The formation thus approaches the stylistic code of the best-known works, starting from Autobahn, the latter considered to be the true debut of Kraftwerk. In 2008, Fact named it among the 20 greatest ambient albums ever made.\",\"breadcrumb\":{\"@id\":\"https:\/\/wpguerssen-test.odoo.rgbconsulting.com\/es\/producto\/ralf-florian\/#breadcrumb\"},\"inLanguage\":\"es\",\"potentialAction\":[{\"@type\":\"ReadAction\",\"target\":[\"https:\/\/wpguerssen-test.odoo.rgbconsulting.com\/es\/producto\/ralf-florian\/\"]}]},{\"@type\":\"ImageObject\",\"inLanguage\":\"es\",\"@id\":\"https:\/\/wpguerssen-test.odoo.rgbconsulting.com\/es\/producto\/ralf-florian\/#primaryimage\",\"url\":\"https:\/\/wpguerssen-test.odoo.rgbconsulting.com\/wp-content\/uploads\/2025\/02\/49833.jpg\",\"contentUrl\":\"https:\/\/wpguerssen-test.odoo.rgbconsulting.com\/wp-content\/uploads\/2025\/02\/49833.jpg\",\"width\":945,\"height\":945},{\"@type\":\"BreadcrumbList\",\"@id\":\"https:\/\/wpguerssen-test.odoo.rgbconsulting.com\/es\/producto\/ralf-florian\/#breadcrumb\",\"itemListElement\":[{\"@type\":\"ListItem\",\"position\":1,\"name\":\"Inicio\",\"item\":\"https:\/\/wpguerssen-test.odoo.rgbconsulting.com\/es\/\"},{\"@type\":\"ListItem\",\"position\":2,\"name\":\"Shop\",\"item\":\"https:\/\/wpguerssen-test.odoo.rgbconsulting.com\/shop\/\"},{\"@type\":\"ListItem\",\"position\":3,\"name\":\"Ralf &#038; Florian\"}]},{\"@type\":\"WebSite\",\"@id\":\"https:\/\/wpguerssen-test.odoo.rgbconsulting.com\/es\/#website\",\"url\":\"https:\/\/wpguerssen-test.odoo.rgbconsulting.com\/es\/\",\"name\":\"Guerssen records\",\"description\":\"psychedelia - progressive - folk - garage \",\"publisher\":{\"@id\":\"https:\/\/wpguerssen-test.odoo.rgbconsulting.com\/es\/#organization\"},\"potentialAction\":[{\"@type\":\"SearchAction\",\"target\":{\"@type\":\"EntryPoint\",\"urlTemplate\":\"https:\/\/wpguerssen-test.odoo.rgbconsulting.com\/es\/?s={search_term_string}\"},\"query-input\":{\"@type\":\"PropertyValueSpecification\",\"valueRequired\":true,\"valueName\":\"search_term_string\"}}],\"inLanguage\":\"es\"},{\"@type\":\"Organization\",\"@id\":\"https:\/\/wpguerssen-test.odoo.rgbconsulting.com\/es\/#organization\",\"name\":\"Guerssen records\",\"url\":\"https:\/\/wpguerssen-test.odoo.rgbconsulting.com\/es\/\",\"logo\":{\"@type\":\"ImageObject\",\"inLanguage\":\"es\",\"@id\":\"https:\/\/wpguerssen-test.odoo.rgbconsulting.com\/es\/#\/schema\/logo\/image\/\",\"url\":\"https:\/\/wpguerssen-test.odoo.rgbconsulting.com\/wp-content\/uploads\/2022\/04\/Logo_Guerssen_trans_100.png\",\"contentUrl\":\"https:\/\/wpguerssen-test.odoo.rgbconsulting.com\/wp-content\/uploads\/2022\/04\/Logo_Guerssen_trans_100.png\",\"width\":122,\"height\":100,\"caption\":\"Guerssen records\"},\"image\":{\"@id\":\"https:\/\/wpguerssen-test.odoo.rgbconsulting.com\/es\/#\/schema\/logo\/image\/\"}}]}<\/script>\n<!-- \/ Yoast SEO plugin. -->","yoast_head_json":{"title":"KRAFTWERK - Ralf & Florian -  (LP) | Guerssen","description":"Ralf and Florian (original German title: Ralf und Florian) is the third studio album by the German electronic band Kraftwerk. It was released in October 1973 and it saw the group moving toward their signature electronic sound. This work introduces greater cleanliness in the sounds and intensifies the use of electronic instrumentation, namely synths (Mini Moog, the EMS AKS and Farfisa), drum machines and, for the first time, a prototype vocoder. The formation thus approaches the stylistic code of the best-known works, starting from Autobahn, the latter considered to be the true debut of Kraftwerk. In 2008, Fact named it among the 20 greatest ambient albums ever made.","robots":{"index":"index","follow":"follow","max-snippet":"max-snippet:-1","max-image-preview":"max-image-preview:large","max-video-preview":"max-video-preview:-1"},"canonical":"https:\/\/wpguerssen-test.odoo.rgbconsulting.com\/es\/producto\/ralf-florian\/","og_locale":"es_ES","og_type":"article","og_title":"KRAFTWERK - Ralf & Florian -  (LP) | Guerssen","og_description":"Ralf and Florian (original German title: Ralf und Florian) is the third studio album by the German electronic band Kraftwerk. It was released in October 1973 and it saw the group moving toward their signature electronic sound. This work introduces greater cleanliness in the sounds and intensifies the use of electronic instrumentation, namely synths (Mini Moog, the EMS AKS and Farfisa), drum machines and, for the first time, a prototype vocoder. The formation thus approaches the stylistic code of the best-known works, starting from Autobahn, the latter considered to be the true debut of Kraftwerk. In 2008, Fact named it among the 20 greatest ambient albums ever made.","og_url":"https:\/\/wpguerssen-test.odoo.rgbconsulting.com\/es\/producto\/ralf-florian\/","og_site_name":"Guerssen records","article_modified_time":"2025-05-05T09:12:06+00:00","og_image":[{"width":945,"height":945,"url":"https:\/\/wpguerssen-test.odoo.rgbconsulting.com\/wp-content\/uploads\/2025\/02\/49833.jpg","type":"image\/jpeg"}],"twitter_card":"summary_large_image","twitter_title":"KRAFTWERK - Ralf & Florian -  (LP) | Guerssen","twitter_misc":{"Tiempo de lectura":"1 minuto"},"schema":{"@context":"https:\/\/schema.org","@graph":[{"@type":"WebPage","@id":"https:\/\/wpguerssen-test.odoo.rgbconsulting.com\/es\/producto\/ralf-florian\/","url":"https:\/\/wpguerssen-test.odoo.rgbconsulting.com\/es\/producto\/ralf-florian\/","name":"KRAFTWERK - Ralf & Florian - (LP) | Guerssen","isPartOf":{"@id":"https:\/\/wpguerssen-test.odoo.rgbconsulting.com\/es\/#website"},"primaryImageOfPage":{"@id":"https:\/\/wpguerssen-test.odoo.rgbconsulting.com\/es\/producto\/ralf-florian\/#primaryimage"},"image":{"@id":"https:\/\/wpguerssen-test.odoo.rgbconsulting.com\/es\/producto\/ralf-florian\/#primaryimage"},"thumbnailUrl":"https:\/\/wpguerssen-test.odoo.rgbconsulting.com\/wp-content\/uploads\/2025\/02\/49833.jpg","datePublished":"2025-03-24T23:00:00+00:00","dateModified":"2025-05-05T09:12:06+00:00","description":"Ralf and Florian (original German title: Ralf und Florian) is the third studio album by the German electronic band Kraftwerk. It was released in October 1973 and it saw the group moving toward their signature electronic sound. This work introduces greater cleanliness in the sounds and intensifies the use of electronic instrumentation, namely synths (Mini Moog, the EMS AKS and Farfisa), drum machines and, for the first time, a prototype vocoder. The formation thus approaches the stylistic code of the best-known works, starting from Autobahn, the latter considered to be the true debut of Kraftwerk. In 2008, Fact named it among the 20 greatest ambient albums ever made.","breadcrumb":{"@id":"https:\/\/wpguerssen-test.odoo.rgbconsulting.com\/es\/producto\/ralf-florian\/#breadcrumb"},"inLanguage":"es","potentialAction":[{"@type":"ReadAction","target":["https:\/\/wpguerssen-test.odoo.rgbconsulting.com\/es\/producto\/ralf-florian\/"]}]},{"@type":"ImageObject","inLanguage":"es","@id":"https:\/\/wpguerssen-test.odoo.rgbconsulting.com\/es\/producto\/ralf-florian\/#primaryimage","url":"https:\/\/wpguerssen-test.odoo.rgbconsulting.com\/wp-content\/uploads\/2025\/02\/49833.jpg","contentUrl":"https:\/\/wpguerssen-test.odoo.rgbconsulting.com\/wp-content\/uploads\/2025\/02\/49833.jpg","width":945,"height":945},{"@type":"BreadcrumbList","@id":"https:\/\/wpguerssen-test.odoo.rgbconsulting.com\/es\/producto\/ralf-florian\/#breadcrumb","itemListElement":[{"@type":"ListItem","position":1,"name":"Inicio","item":"https:\/\/wpguerssen-test.odoo.rgbconsulting.com\/es\/"},{"@type":"ListItem","position":2,"name":"Shop","item":"https:\/\/wpguerssen-test.odoo.rgbconsulting.com\/shop\/"},{"@type":"ListItem","position":3,"name":"Ralf &#038; Florian"}]},{"@type":"WebSite","@id":"https:\/\/wpguerssen-test.odoo.rgbconsulting.com\/es\/#website","url":"https:\/\/wpguerssen-test.odoo.rgbconsulting.com\/es\/","name":"Guerssen records","description":"psychedelia - progressive - folk - garage ","publisher":{"@id":"https:\/\/wpguerssen-test.odoo.rgbconsulting.com\/es\/#organization"},"potentialAction":[{"@type":"SearchAction","target":{"@type":"EntryPoint","urlTemplate":"https:\/\/wpguerssen-test.odoo.rgbconsulting.com\/es\/?s={search_term_string}"},"query-input":{"@type":"PropertyValueSpecification","valueRequired":true,"valueName":"search_term_string"}}],"inLanguage":"es"},{"@type":"Organization","@id":"https:\/\/wpguerssen-test.odoo.rgbconsulting.com\/es\/#organization","name":"Guerssen records","url":"https:\/\/wpguerssen-test.odoo.rgbconsulting.com\/es\/","logo":{"@type":"ImageObject","inLanguage":"es","@id":"https:\/\/wpguerssen-test.odoo.rgbconsulting.com\/es\/#\/schema\/logo\/image\/","url":"https:\/\/wpguerssen-test.odoo.rgbconsulting.com\/wp-content\/uploads\/2022\/04\/Logo_Guerssen_trans_100.png","contentUrl":"https:\/\/wpguerssen-test.odoo.rgbconsulting.com\/wp-content\/uploads\/2022\/04\/Logo_Guerssen_trans_100.png","width":122,"height":100,"caption":"Guerssen records"},"image":{"@id":"https:\/\/wpguerssen-test.odoo.rgbconsulting.com\/es\/#\/schema\/logo\/image\/"}}]}},"_links":{"self":[{"href":"https:\/\/wpguerssen-test.odoo.rgbconsulting.com\/es\/wp-json\/wp\/v2\/product\/283544","targetHints":{"allow":["GET"]}}],"collection":[{"href":"https:\/\/wpguerssen-test.odoo.rgbconsulting.com\/es\/wp-json\/wp\/v2\/product"}],"about":[{"href":"https:\/\/wpguerssen-test.odoo.rgbconsulting.com\/es\/wp-json\/wp\/v2\/types\/product"}],"wp:featuredmedia":[{"embeddable":true,"href":"https:\/\/wpguerssen-test.odoo.rgbconsulting.com\/es\/wp-json\/wp\/v2\/media\/283462"}],"wp:attachment":[{"href":"https:\/\/wpguerssen-test.odoo.rgbconsulting.com\/es\/wp-json\/wp\/v2\/media?parent=283544"}],"wp:term":[{"taxonomy":"product_brand","embeddable":true,"href":"https:\/\/wpguerssen-test.odoo.rgbconsulting.com\/es\/wp-json\/wp\/v2\/product_brand?post=283544"},{"taxonomy":"product_cat","embeddable":true,"href":"https:\/\/wpguerssen-test.odoo.rgbconsulting.com\/es\/wp-json\/wp\/v2\/product_cat?post=283544"},{"taxonomy":"product_tag","embeddable":true,"href":"https:\/\/wpguerssen-test.odoo.rgbconsulting.com\/es\/wp-json\/wp\/v2\/product_tag?post=283544"}],"curies":[{"name":"wp","href":"https:\/\/api.w.org\/{rel}","templated":true}]}}